{"id":13309,"date":"2023-04-24T06:05:57","date_gmt":"2023-04-24T10:05:57","guid":{"rendered":"https:\/\/www.lpi.org\/berechtigung-fuer-das-mitgliedschaftsprogramm\/"},"modified":"2025-08-28T11:36:51","modified_gmt":"2025-08-28T15:36:51","slug":"program","status":"publish","type":"page","link":"https:\/\/www.lpi.org\/de\/program\/","title":{"rendered":"Berechtigung f\u00fcr das Mitgliedschaftsprogramm"},"content":{"rendered":"<h2>Zulassungskriterien f\u00fcr Mitglieder<\/h2>\n<p class=\"rtecenter\">Version 3: 18. Juli 2019<\/p>\n<p>&nbsp;<\/p>\n<h2>Einf\u00fchrung<\/h2>\n<p>Um als gemeinschaftsorientierte Organisation zu dienen, die den Open-Source-Praktikern gegen\u00fcber rechenschaftspflichtig ist, die dem Linux Professional Institute (&#8222;LPI&#8220;) anvertraut haben, ihre F\u00e4higkeiten zu \u00fcberpr\u00fcfen und ihren Beruf zu unterst\u00fctzen, fordert und definiert die\u00a0<a href=\"https:\/\/www.lpi.org\/de\/bylaws\/#2\" target=\"_blank\" rel=\"noopener\">Satzung<\/a>\u00a0des LPI (Abschnitt 2) Mitglieder, die neben anderen Vorteilen berechtigt sind, den gesamten\u00a0<a href=\"https:\/\/www.lpi.org\/de\/about-lpi\/meet-our-board-of-directors\/\" target=\"_blank\" rel=\"noopener\">Vorstand<\/a>\u00a0zu w\u00e4hlen.<\/p>\n<h2>Mitgliedschaftsarten<\/h2>\n<p>Gegenw\u00e4rtig gibt es nur eine Kategorie von Mitgliedern, die Einzelperson. Es gibt keine Firmenmitgliedschaften, Studentenmitgliedschaften oder assoziierte Mitgliedschaften. [2.1(a)] Das LPI beabsichtigt zwar, Programme f\u00fcr Studenten und Unterst\u00fctzer des LPI einzurichten, die die unten genannten Voraussetzungen nicht erf\u00fcllen, aber diese Personen sind nicht berechtigt, f\u00fcr den\u00a0<a href=\"https:\/\/www.lpi.org\/de\/about-lpi\/meet-our-board-of-directors\/\" target=\"_blank\" rel=\"noopener\">Vorstand<\/a>\u00a0zu w\u00e4hlen oder andere Vorteile zu nutzen, die ausschlie\u00dflich Mitgliedern vorbehalten sind.<\/p>\n<h2>Berechtigungskriterien f\u00fcr Mitglieder<\/h2>\n<p>Hier finden Sie eine \u00dcbersicht \u00fcber die Voraussetzungen f\u00fcr die Mitgliedschaft. Die Punkte in eckigen Klammern beziehen sich auf\u00a0<a href=\"https:\/\/www.lpi.org\/de\/bylaws\/\" target=\"_blank\" rel=\"noopener\">gesetzliche<\/a>\u00a0Abschnitte.<\/p>\n<h3>1: Muss genaue Kontaktinformationen angeben<\/h3>\n<p>Im Rahmen unserer Bem\u00fchungen um Transparenz und Rechenschaftspflicht gegen\u00fcber unseren Mitgliedern [3.4, 3.5] m\u00fcssen wir in der Lage sein, Sie f\u00fcr Sitzungsank\u00fcndigungen, Wahlen und andere wichtige Mitteilungen zu erreichen. Wir werden keine Werbe- oder Partnermaterialien an Mitglieder ohne deren Zustimmung versenden. Alle Mitteilungen werden mit unserer\u00a0<a href=\"http:\/\/www.lpi.org\/policies\" target=\"_blank\" rel=\"noopener\">Datenschutzrichtlinie<\/a>\u00a0und den\u00a0<a href=\"https:\/\/crtc.gc.ca\/eng\/internet\/anti.htm\" target=\"_blank\" rel=\"noopener\">Anti-Spam-Gesetzen Kanadas<\/a>\u00a0\u00fcbereinstimmen.<\/p>\n<h3>2: Muss vom Linux Professional Institute zertifiziert sein<\/h3>\n<p>Das LPI wird von seinen zertifizierten Fachleuten geleitet. Wenn Sie jemals eine Zertifizierung in einem der\u00a0<a href=\"https:\/\/www.lpi.org\/our-certifications\/summary-of-certifications#certificate-section-488\" target=\"_blank\" rel=\"noopener\">Linux Professional<\/a>\u00a0(aka LPIC) oder\u00a0<a href=\"https:\/\/www.lpi.org\/our-certifications\/summary-of-certifications#certificate-section-494\" target=\"_blank\" rel=\"noopener\">Open Technology<\/a>\u00a0Titel (wie z.B. den\u00a0<a href=\"https:\/\/www.lpi.org\/de\/our-certifications\/devops-overview\/\" target=\"_blank\" rel=\"noopener\">DevOps Tools Engineer<\/a>\u00a0oder den\u00a0<a href=\"https:\/\/www.lpi.org\/de\/our-certifications\/bsd-overview\/\" target=\"_blank\" rel=\"noopener\">BSD Specialist<\/a>) erlangt haben, sind Sie berechtigt.<\/p>\n<p>Ausbildungszertifikatsprogramme wie &#8222;<a href=\"https:\/\/www.lpi.org\/de\/our-certifications\/linux-essentials-overview\/\" target=\"_blank\" rel=\"noopener\">Linux Essentials<\/a>&#8220; sind nicht teilnahmeberechtigt.<\/p>\n<h4><strong>F\u00fcr Inhaber aktiver Zertifizierungen des Linux Professional Institute<\/strong><\/h4>\n<p>Die Mitgliedschaft ist auf Personen beschr\u00e4nkt, die eine aktive LPI Professional Level Zertifizierung besitzen.<br \/>\nObwohl wir eine Option f\u00fcr inaktive Zertifizierungsinhaber haben (siehe unten), sind Sie f\u00fcr eine Mitgliedschaft berechtigt, wenn Ihre Zertifizierung derzeit aktiv ist und die \u00fcbrigen Kriterien ebenfalls erf\u00fcllt sind.<\/p>\n<h4 id=\"inactive\"><strong>F\u00fcr Inhaber inaktiver Linux Professional Institute-Zertifizierungen<\/strong><\/h4>\n<p>Inhaber inaktiver Zertifizierungen k\u00f6nnen sich jederzeit bewerben. Die volle Mitgliedschaftsberechtigung wird jedoch so lange verweigert, bis \u2153 der f\u00fcr einen 3-Jahres-Zyklus erforderlichen\u00a0<a href=\"https:\/\/www.lpi.org\/de\/pdu-procedures-and-policies\/\">Professional Development Units (PDUs)<\/a>\u00a0beantragt und akzeptiert wurden (20 PDUs). \u00a0Keine der beantragten Aktivit\u00e4ten darf \u00e4lter als 12 Monate sein. \u00a0Nach erfolgreicher Einreichung der PDU-Antr\u00e4ge und Erf\u00fcllung der \u00fcbrigen Kriterien wird die Vollmitgliedschaft gew\u00e4hrt und die Zertifizierungen, f\u00fcr die PDUs beantragt wurden, werden wieder in den aktiven Status versetzt.<\/p>\n<h3>3: Muss unserem Verhaltenskodex zustimmen<\/h3>\n<p>In der heutigen Gesch\u00e4ftswelt reichen technische F\u00e4higkeiten allein nicht mehr aus.<br \/>\nDeshalb verlangt das LPI von seinen Mitgliedern, dass sie sich an einen\u00a0<a href=\"https:\/\/www.lpi.org\/de\/conduct\/\" target=\"_blank\" rel=\"noopener\">Kodex f\u00fcr ethisches und professionelles Verhalten<\/a>\u00a0halten. Abgeleitet von \u00e4hnlichen Kodizes, die f\u00fcr Berufsverb\u00e4nde und Open-Source-Projekte entwickelt wurden, behandelt der Verhaltenskodex ethische Fragen in Bezug auf:<\/p>\n<ul>\n<li>Schutz des \u00f6ffentlichen Interesses<\/li>\n<li>Demonstration der pers\u00f6nlichen Integrit\u00e4t<\/li>\n<li>Wahrung der Vertraulichkeit und der Privatsph\u00e4re<\/li>\n<li>R\u00fccksichtnahme auf Kollegen und Mitarbeiter<\/li>\n<\/ul>\n<h3>4: Muss die Mitgliedschaftsvereinbarung akzeptieren<\/h3>\n<p>Bitte lesen Sie die\u00a0<a href=\"https:\/\/www.lpi.org\/membership-agreement\" target=\"_blank\" rel=\"noopener\">Mitgliedschaftsvereinbarung<\/a>, bevor Sie sich entscheiden, uns beizutreten. \u00a0Als Teil des Beitrittsprozesses als Mitglied ist die Annahme der Mitgliedschaftsvereinbarung ein wichtiger Schritt.<\/p>\n<h3>5: Sie m\u00fcssen der Zahlung des Mitgliedsbeitrags zustimmen<\/h3>\n<p>Der Mitgliedsbeitrag wird vom\u00a0<a href=\"https:\/\/www.lpi.org\/de\/about-lpi\/meet-our-board-of-directors\/\" target=\"_blank\" rel=\"noopener\">Vorstand<\/a>\u00a0festgelegt.<br \/>\nDer zu zahlende Beitrag ist so gestaltet, dass er die Kosten f\u00fcr die Zertifizierung zum LPIC-1 oder LPIC-2 durch eine einfache Wiederholung der Pr\u00fcfungen alle f\u00fcnf Jahre nicht \u00fcbersteigt. Dies erm\u00f6glicht es dem LPI, die Mitgliedschaft als einen einfacheren und kosteng\u00fcnstigeren Weg zur Aufrechterhaltung des aktiven Zertifizierungsstatus anzubieten.<\/p>\n<p>Au\u00dferdem erkennen wir die Notwendigkeit an, die Preise f\u00fcr Mitgliedsbeitr\u00e4ge in verschiedenen L\u00e4ndern anzupassen, um die Erschwinglichkeit unserer Programme und Mitgliedschaft vor Ort zu unterst\u00fctzen. \u00c4hnlich wie die Preise f\u00fcr Zertifizierungspr\u00fcfungen basieren die Mitgliedsbeitr\u00e4ge auf einer abgestuften Skala, die sich am\u00a0<a href=\"http:\/\/hdr.undp.org\/en\/composite\/HDI\" target=\"_blank\" rel=\"noopener\">Human Development Index<\/a>\u00a0orientiert, wie er vom Entwicklungsprogramm der Vereinten Nationen ver\u00f6ffentlicht wird.<\/p>\n<p>Mehr zum UN HDI finden Sie hier:<\/p>\n<p>&nbsp;<\/p>\n<p class=\"rtecenter\"><a href=\"http:\/\/hdr.undp.org\/en\/content\/human-development-index-hdi\" target=\"_blank\" rel=\"noopener\">http:\/\/hdr.undp.org\/en\/content\/human-development-index-hdi<\/a><\/p>\n<p>Aus der Kombination dieser beiden Faktoren ergibt sich ein Mitgliedsbeitrag von:<\/p>\n<p><strong>1 Jahr<\/strong><\/p>\n<ul>\n<li>75\/65\/45 USD<\/li>\n<li>65 Euro\/55 Euro (sehr hoher HDI\/hoher HDI)<\/li>\n<li>7500 Yen<\/li>\n<\/ul>\n<p><strong>3 Jahre<\/strong><\/p>\n<ul>\n<li>180\/156\/108 USD<\/li>\n<li>155 Euro\/130 Euro<\/li>\n<li>18000 Yen<\/li>\n<\/ul>\n<p>Die Beitr\u00e4ge verstehen sich zuz\u00fcglich der lokalen Mehrwertsteuer und\u00a0Beitragsr\u00fcckst\u00e4nde von drei Monaten f\u00fchren zur Beendigung der Mitgliedschaft [2.5(a)(i)] und die Person muss einen neuen Antrag stellen.<\/p>\n<div class=\"btn-wrap\">\n<div><a id=\"Zur Mitglieder\u00fcbersicht\" class=\"button2\" href=\"https:\/\/www.lpi.org\/member\/\" target=\"_self\" rel=\"noopener\">Zur Mitglieder\u00fcbersicht<\/a><\/div>\n<div><\/div>\n<div><a id=\"Beitrittserkl\u00e4rung lesen\" class=\"button2\" href=\"https:\/\/www.lpi.org\/de\/agreement\/\" target=\"_self\" rel=\"noopener\">Beitrittserkl\u00e4rung lesen<\/a><\/div>\n<div><\/div>\n<div><a id=\"Mitglied werden\" class=\"button2\" href=\"https:\/\/www.lpi.org\/member\/join\/\" target=\"_self\" rel=\"noopener\">Mitglied werden<\/a><\/div>\n<\/div>\n","protected":false},"excerpt":{"rendered":"<p>Zulassungskriterien f\u00fcr Mitglieder Version 3: 18. Juli 2019 &nbsp; Einf\u00fchrung Um als gemeinschaftsorientierte Organisation zu dienen, die den Open-Source-Praktikern gegen\u00fcber rechenschaftspflichtig ist, die dem Linux Professional Institute (&#8222;LPI&#8220;) anvertraut haben, ihre F\u00e4higkeiten zu \u00fcberpr\u00fcfen und ihren Beruf zu unterst\u00fctzen, fordert &#8230; <a href=\"https:\/\/www.lpi.org\/de\/program\/\" class=\"button-link\">Weiterlesen<\/a><\/p>\n","protected":false},"author":1,"featured_media":0,"parent":0,"menu_order":0,"comment_status":"closed","ping_status":"closed","template":"","meta":{"_acf_changed":false,"footnotes":""},"class_list":["post-13309","page","type-page","status-publish","hentry"],"acf":[],"yoast_head":"<!-- This site is optimized with the Yoast SEO Premium plugin v27.2 (Yoast SEO v27.4) - https:\/\/yoast.com\/product\/yoast-seo-premium-wordpress\/ -->\n<title>Berechtigung f\u00fcr das Mitgliedschaftsprogramm - Linux Professional Institute (LPI)<\/title>\n<meta name=\"robots\" content=\"index, follow, max-snippet:-1, max-image-preview:large, max-video-preview:-1\" \/>\n<link rel=\"canonical\" href=\"https:\/\/www.lpi.org\/de\/program\/\" \/>\n<meta property=\"og:locale\" content=\"de_DE\" \/>\n<meta property=\"og:type\" content=\"article\" \/>\n<meta property=\"og:title\" content=\"Berechtigung f\u00fcr das Mitgliedschaftsprogramm\" \/>\n<meta property=\"og:description\" content=\"Zulassungskriterien f\u00fcr Mitglieder Version 3: 18. Juli 2019 &nbsp; Einf\u00fchrung Um als gemeinschaftsorientierte Organisation zu dienen, die den Open-Source-Praktikern gegen\u00fcber rechenschaftspflichtig ist, die dem Linux Professional Institute (&#8222;LPI&#8220;) anvertraut haben, ihre F\u00e4higkeiten zu \u00fcberpr\u00fcfen und ihren Beruf zu unterst\u00fctzen, fordert ... Weiterlesen\" \/>\n<meta property=\"og:url\" content=\"https:\/\/www.lpi.org\/de\/program\/\" \/>\n<meta property=\"og:site_name\" content=\"Linux Professional Institute (LPI)\" \/>\n<meta property=\"article:publisher\" content=\"https:\/\/www.facebook.com\/LPIConnect\" \/>\n<meta property=\"article:modified_time\" content=\"2025-08-28T15:36:51+00:00\" \/>\n<meta name=\"twitter:card\" content=\"summary_large_image\" \/>\n<meta name=\"twitter:site\" content=\"@lpiconnect\" \/>\n<meta name=\"twitter:label1\" content=\"Gesch\u00e4tzte Lesezeit\" \/>\n\t<meta name=\"twitter:data1\" content=\"3\u00a0Minuten\" \/>\n<script type=\"application\/ld+json\" class=\"yoast-schema-graph\">{\"@context\":\"https:\\\/\\\/schema.org\",\"@graph\":[{\"@type\":\"WebPage\",\"@id\":\"https:\\\/\\\/www.lpi.org\\\/de\\\/program\\\/\",\"url\":\"https:\\\/\\\/www.lpi.org\\\/de\\\/program\\\/\",\"name\":\"Berechtigung f\u00fcr das Mitgliedschaftsprogramm - Linux Professional Institute (LPI)\",\"isPartOf\":{\"@id\":\"https:\\\/\\\/www.lpi.org\\\/de\\\/#website\"},\"datePublished\":\"2023-04-24T10:05:57+00:00\",\"dateModified\":\"2025-08-28T15:36:51+00:00\",\"breadcrumb\":{\"@id\":\"https:\\\/\\\/www.lpi.org\\\/de\\\/program\\\/#breadcrumb\"},\"inLanguage\":\"de\",\"potentialAction\":[{\"@type\":\"ReadAction\",\"target\":[\"https:\\\/\\\/www.lpi.org\\\/de\\\/program\\\/\"]}]},{\"@type\":\"BreadcrumbList\",\"@id\":\"https:\\\/\\\/www.lpi.org\\\/de\\\/program\\\/#breadcrumb\",\"itemListElement\":[{\"@type\":\"ListItem\",\"position\":1,\"name\":\"Home\",\"item\":\"https:\\\/\\\/www.lpi.org\\\/de\\\/\"},{\"@type\":\"ListItem\",\"position\":2,\"name\":\"Berechtigung f\u00fcr das Mitgliedschaftsprogramm\"}]},{\"@type\":\"WebSite\",\"@id\":\"https:\\\/\\\/www.lpi.org\\\/de\\\/#website\",\"url\":\"https:\\\/\\\/www.lpi.org\\\/de\\\/\",\"name\":\"Linux Professional Institute (LPI)\",\"description\":\"\",\"publisher\":{\"@id\":\"https:\\\/\\\/www.lpi.org\\\/de\\\/#organization\"},\"potentialAction\":[{\"@type\":\"SearchAction\",\"target\":{\"@type\":\"EntryPoint\",\"urlTemplate\":\"https:\\\/\\\/www.lpi.org\\\/de\\\/?s={search_term_string}\"},\"query-input\":{\"@type\":\"PropertyValueSpecification\",\"valueRequired\":true,\"valueName\":\"search_term_string\"}}],\"inLanguage\":\"de\"},{\"@type\":\"Organization\",\"@id\":\"https:\\\/\\\/www.lpi.org\\\/de\\\/#organization\",\"name\":\"Linux Professional Institute (LPI)\",\"url\":\"https:\\\/\\\/www.lpi.org\\\/de\\\/\",\"logo\":{\"@type\":\"ImageObject\",\"inLanguage\":\"de\",\"@id\":\"https:\\\/\\\/www.lpi.org\\\/de\\\/#\\\/schema\\\/logo\\\/image\\\/\",\"url\":\"https:\\\/\\\/www.lpi.org\\\/wp-content\\\/uploads\\\/2023\\\/04\\\/logo.png\",\"contentUrl\":\"https:\\\/\\\/www.lpi.org\\\/wp-content\\\/uploads\\\/2023\\\/04\\\/logo.png\",\"width\":496,\"height\":175,\"caption\":\"Linux Professional Institute (LPI)\"},\"image\":{\"@id\":\"https:\\\/\\\/www.lpi.org\\\/de\\\/#\\\/schema\\\/logo\\\/image\\\/\"},\"sameAs\":[\"https:\\\/\\\/www.facebook.com\\\/LPIConnect\",\"https:\\\/\\\/x.com\\\/lpiconnect\",\"https:\\\/\\\/www.linkedin.com\\\/company\\\/35136\",\"https:\\\/\\\/www.instagram.com\\\/lpi_org\\\/\",\"https:\\\/\\\/fosstodon.org\\\/@LPI\"]}]}<\/script>\n<!-- \/ Yoast SEO Premium plugin. -->","yoast_head_json":{"title":"Berechtigung f\u00fcr das Mitgliedschaftsprogramm - Linux Professional Institute (LPI)","robots":{"index":"index","follow":"follow","max-snippet":"max-snippet:-1","max-image-preview":"max-image-preview:large","max-video-preview":"max-video-preview:-1"},"canonical":"https:\/\/www.lpi.org\/de\/program\/","og_locale":"de_DE","og_type":"article","og_title":"Berechtigung f\u00fcr das Mitgliedschaftsprogramm","og_description":"Zulassungskriterien f\u00fcr Mitglieder Version 3: 18. Juli 2019 &nbsp; Einf\u00fchrung Um als gemeinschaftsorientierte Organisation zu dienen, die den Open-Source-Praktikern gegen\u00fcber rechenschaftspflichtig ist, die dem Linux Professional Institute (&#8222;LPI&#8220;) anvertraut haben, ihre F\u00e4higkeiten zu \u00fcberpr\u00fcfen und ihren Beruf zu unterst\u00fctzen, fordert ... Weiterlesen","og_url":"https:\/\/www.lpi.org\/de\/program\/","og_site_name":"Linux Professional Institute (LPI)","article_publisher":"https:\/\/www.facebook.com\/LPIConnect","article_modified_time":"2025-08-28T15:36:51+00:00","twitter_card":"summary_large_image","twitter_site":"@lpiconnect","twitter_misc":{"Gesch\u00e4tzte Lesezeit":"3\u00a0Minuten"},"schema":{"@context":"https:\/\/schema.org","@graph":[{"@type":"WebPage","@id":"https:\/\/www.lpi.org\/de\/program\/","url":"https:\/\/www.lpi.org\/de\/program\/","name":"Berechtigung f\u00fcr das Mitgliedschaftsprogramm - Linux Professional Institute (LPI)","isPartOf":{"@id":"https:\/\/www.lpi.org\/de\/#website"},"datePublished":"2023-04-24T10:05:57+00:00","dateModified":"2025-08-28T15:36:51+00:00","breadcrumb":{"@id":"https:\/\/www.lpi.org\/de\/program\/#breadcrumb"},"inLanguage":"de","potentialAction":[{"@type":"ReadAction","target":["https:\/\/www.lpi.org\/de\/program\/"]}]},{"@type":"BreadcrumbList","@id":"https:\/\/www.lpi.org\/de\/program\/#breadcrumb","itemListElement":[{"@type":"ListItem","position":1,"name":"Home","item":"https:\/\/www.lpi.org\/de\/"},{"@type":"ListItem","position":2,"name":"Berechtigung f\u00fcr das Mitgliedschaftsprogramm"}]},{"@type":"WebSite","@id":"https:\/\/www.lpi.org\/de\/#website","url":"https:\/\/www.lpi.org\/de\/","name":"Linux Professional Institute (LPI)","description":"","publisher":{"@id":"https:\/\/www.lpi.org\/de\/#organization"},"potentialAction":[{"@type":"SearchAction","target":{"@type":"EntryPoint","urlTemplate":"https:\/\/www.lpi.org\/de\/?s={search_term_string}"},"query-input":{"@type":"PropertyValueSpecification","valueRequired":true,"valueName":"search_term_string"}}],"inLanguage":"de"},{"@type":"Organization","@id":"https:\/\/www.lpi.org\/de\/#organization","name":"Linux Professional Institute (LPI)","url":"https:\/\/www.lpi.org\/de\/","logo":{"@type":"ImageObject","inLanguage":"de","@id":"https:\/\/www.lpi.org\/de\/#\/schema\/logo\/image\/","url":"https:\/\/www.lpi.org\/wp-content\/uploads\/2023\/04\/logo.png","contentUrl":"https:\/\/www.lpi.org\/wp-content\/uploads\/2023\/04\/logo.png","width":496,"height":175,"caption":"Linux Professional Institute (LPI)"},"image":{"@id":"https:\/\/www.lpi.org\/de\/#\/schema\/logo\/image\/"},"sameAs":["https:\/\/www.facebook.com\/LPIConnect","https:\/\/x.com\/lpiconnect","https:\/\/www.linkedin.com\/company\/35136","https:\/\/www.instagram.com\/lpi_org\/","https:\/\/fosstodon.org\/@LPI"]}]}},"_links":{"self":[{"href":"https:\/\/www.lpi.org\/de\/wp-json\/wp\/v2\/pages\/13309","targetHints":{"allow":["GET"]}}],"collection":[{"href":"https:\/\/www.lpi.org\/de\/wp-json\/wp\/v2\/pages"}],"about":[{"href":"https:\/\/www.lpi.org\/de\/wp-json\/wp\/v2\/types\/page"}],"author":[{"embeddable":true,"href":"https:\/\/www.lpi.org\/de\/wp-json\/wp\/v2\/users\/1"}],"replies":[{"embeddable":true,"href":"https:\/\/www.lpi.org\/de\/wp-json\/wp\/v2\/comments?post=13309"}],"version-history":[{"count":1,"href":"https:\/\/www.lpi.org\/de\/wp-json\/wp\/v2\/pages\/13309\/revisions"}],"predecessor-version":[{"id":30909,"href":"https:\/\/www.lpi.org\/de\/wp-json\/wp\/v2\/pages\/13309\/revisions\/30909"}],"wp:attachment":[{"href":"https:\/\/www.lpi.org\/de\/wp-json\/wp\/v2\/media?parent=13309"}],"curies":[{"name":"wp","href":"https:\/\/api.w.org\/{rel}","templated":true}]}}