{"id":13351,"date":"2023-04-21T09:11:27","date_gmt":"2023-04-21T13:11:27","guid":{"rendered":"https:\/\/www.lpi.org\/lpi-logos\/"},"modified":"2023-04-21T09:11:27","modified_gmt":"2023-04-21T13:11:27","slug":"logos","status":"publish","type":"page","link":"https:\/\/www.lpi.org\/de\/logos\/","title":{"rendered":"LPI Logos"},"content":{"rendered":"<h3>Wir bitten darum, dass die Logos des Linux Professional Institute (LPI)\u00a0in \u00dcbereinstimmung mit dem Folgenden verwendet werden:<\/h3>\n<ul>\n<li>Das LPI-Logo und der Schriftzug &#8222;Linux Professional Institute&#8220; sind Marken des Linux Professional Institute Inc.<\/li>\n<li>F\u00fcr die Verwendung von LPI-Logos in Verbindung mit einem kommerziellen Angebot, kontaktieren Sie bitte LPI Marketing f\u00fcr die Erlaubnis.<\/li>\n<li>Die Verwendung von LPI-Zertifikaten oder Zertifizierungslogos durch Personen, die nicht aktiv den Zertifizierungsstatus besitzen, ist strengstens untersagt.<\/li>\n<li>Bitte richten Sie alle Anfragen zu Logos und Dateien an\u00a0<a href=\"mailto:marketing@lpi.org\">LPI Marketing<\/a>.<\/li>\n<\/ul>\n<h3><\/h3>\n<h3>F\u00fcr Inhaber einer Zertifizierung<\/h3>\n<h4>Inhaber aktiver Zertifizierungen d\u00fcrfen das Logo f\u00fcr die von ihnen erworbenen Zertifizierungen f\u00fcr pers\u00f6nliche und berufliche Zwecke verwenden, z. B. auf Visitenkarten, Online- oder Offline-Lebensl\u00e4ufen. Daf\u00fcr sind die\u00a0<a href=\"https:\/\/www.lpi.org\/de\/programs\/\" target=\"_self\" rel=\"noopener\">Partnerprogramme<\/a>\u00a0gedacht.<\/h4>\n<p>&nbsp;<\/p>\n<h3>LPI-Logos<\/h3>\n<ul>\n<li><a href=\"https:\/\/nc.lpi.org\/nextcloud\/index.php\/s\/x9LcMJHCbZb2Spt\" target=\"_blank\" rel=\"noopener\">Linux Grundlagen<\/a><\/li>\n<li><a href=\"https:\/\/nc.lpi.org\/nextcloud\/index.php\/s\/t6kJT9KZ3ppwECF\" target=\"_blank\" rel=\"noopener\">Web-Entwicklung Grundlagen<\/a><\/li>\n<li><a href=\"https:\/\/nc.lpi.org\/nextcloud\/index.php\/s\/CFwLqnLBfrPESjS\" target=\"_blank\" rel=\"noopener\">LPIC-1<\/a><\/li>\n<li><a href=\"https:\/\/nc.lpi.org\/nextcloud\/index.php\/s\/3TGmdAJcawY5kgz\" target=\"_blank\" rel=\"noopener\">LPIC-2<\/a><\/li>\n<li><a href=\"https:\/\/nc.lpi.org\/nextcloud\/index.php\/s\/4rrxYqaNYBoT2am\" target=\"_blank\" rel=\"noopener\">LPIC-3 Gemischte Umgebungen<\/a><\/li>\n<li><a href=\"https:\/\/nc.lpi.org\/nextcloud\/index.php\/s\/szEnzDkEjcEr2xZ\" target=\"_blank\" rel=\"noopener\">LPIC-3 Sicherheit<\/a><\/li>\n<li><a href=\"https:\/\/nc.lpi.org\/nextcloud\/index.php\/s\/84B3qbpLrmdM4RN\" target=\"_blank\" rel=\"noopener\">LPIC-3 Virtualisierung und Containerisierung<\/a><\/li>\n<li><a href=\"https:\/\/nc.lpi.org\/nextcloud\/index.php\/s\/enk5zcd7MK52cMy\" target=\"_blank\" rel=\"noopener\">LPIC-3 Hochverf\u00fcgbarkeit und Speichercluster<\/a><\/li>\n<li><a href=\"https:\/\/nc.lpi.org\/nextcloud\/index.php\/s\/MsaSH6SGzniFygq\" target=\"_blank\" rel=\"noopener\">BSD Spezialist<\/a><\/li>\n<li><a href=\"https:\/\/nc.lpi.org\/nextcloud\/index.php\/s\/kx8Lz9MMkkTQMjK\" target=\"_blank\" rel=\"noopener\">DevOps Tools Engineer<\/a><\/li>\n<\/ul>\n<h3><\/h3>\n<h3>LinkedIn Abzeichen<\/h3>\n<h4>LinkedIn verlangt, dass Nutzer Zertifizierungen manuell zu ihren Profilen hinzuf\u00fcgen. Wir empfehlen, die folgenden Schritte zu befolgen, um Ihre LPI-Zertifizierung zu Ihrem LinkedIn-Profil hinzuzuf\u00fcgen.<\/h4>\n<ol>\n<li style=\"list-style-type: none;\">\n<ol>\n<li>Klicken Sie auf die folgende Schaltfl\u00e4che und geben Sie dann die folgenden Informationen in das LinkedIn-Pop-up-Feld ein\u00a0\u00a0\u00a0<a href=\"https:\/\/www.linkedin.com\/profile\/add?startTask=Linux_Professional_Institute\" target=\"_blank\" rel=\"nofollow noopener\"><img decoding=\"async\" src=\"https:\/\/download.linkedin.com\/desktop\/add2profile\/buttons\/en_US.png\" alt=\"LinkedIn Schaltfl\u00e4che zum Profil hinzuf\u00fcgen\" \/><\/a><\/li>\n<\/ol>\n<\/li>\n<\/ol>\n<p>&nbsp;<\/p>\n<ol>\n<li style=\"list-style-type: none;\">\n<ol>\n<li><b>Name der Zertifizierung<\/b>: Geben Sie die entsprechende Zertifizierung aus der folgenden Liste ein:\n<ul>\n<li style=\"list-style-type: none;\">\n<ul>\n<li>Linux Professional Institute Linux Essentials<\/li>\n<\/ul>\n<\/li>\n<\/ul>\n<p>&nbsp;<\/p>\n<ul>\n<li style=\"list-style-type: none;\">\n<ul>\n<li>Linux Professional Institute BSD Spezialist<\/li>\n<\/ul>\n<\/li>\n<\/ul>\n<p>&nbsp;<\/p>\n<ul>\n<li style=\"list-style-type: none;\">\n<ul>\n<li>Linux Professional Institute DevOps Tools Ingenieur<\/li>\n<\/ul>\n<\/li>\n<\/ul>\n<p>&nbsp;<\/p>\n<ul>\n<li style=\"list-style-type: none;\">\n<ul>\n<li>Linux Professional Institute LPIC-1<\/li>\n<\/ul>\n<\/li>\n<\/ul>\n<p>&nbsp;<\/p>\n<ul>\n<li style=\"list-style-type: none;\">\n<ul>\n<li>Linux Professional Institute LPIC-2<\/li>\n<\/ul>\n<\/li>\n<\/ul>\n<p>&nbsp;<\/p>\n<ul>\n<li style=\"list-style-type: none;\">\n<ul>\n<li>Linux Professional Institute LPIC-3 Gemischte Umgebungen<\/li>\n<\/ul>\n<\/li>\n<\/ul>\n<p>&nbsp;<\/p>\n<ul>\n<li style=\"list-style-type: none;\">\n<ul>\n<li>Linux Professional Institute LPIC-3 Sicherheit<\/li>\n<\/ul>\n<\/li>\n<\/ul>\n<p>&nbsp;<\/p>\n<ul>\n<li style=\"list-style-type: none;\">\n<ul>\n<li>Linux Professional Institute LPIC-3 Virtualisierung und Containerisierung<\/li>\n<\/ul>\n<\/li>\n<\/ul>\n<p>&nbsp;<\/p>\n<ul>\n<li>Linux Professional Institute LPIC-3 Hochverf\u00fcgbarkeit und Speichercluster&nbsp;<\/li>\n<\/ul>\n<\/li>\n<li><b>Zertifizierungsstelle<\/b>: Linux Professional Institute<\/li>\n<\/ol>\n<\/li>\n<\/ol>\n<p>&nbsp;<\/p>\n<ol>\n<li style=\"list-style-type: none;\">\n<ol>\n<li><b>Lizenznummer<\/b>: Der Verifizierungscode Ihrer Zertifizierung, zu finden in Ihrem\u00a0<a href=\"http:\/\/www.lpi.org\/\">www.lpi.org<\/a>\u00a0Konto<\/li>\n<\/ol>\n<\/li>\n<\/ol>\n<p>&nbsp;<\/p>\n<ol>\n<li style=\"list-style-type: none;\">\n<ol>\n<li><b>Von\/Bis<\/b>: Ihr Zertifizierungsdatum und das Datum der Inaktivit\u00e4t Ihres Zertifikats<\/li>\n<\/ol>\n<\/li>\n<\/ol>\n<p>&nbsp;<\/p>\n<ol>\n<li><b>Zertifizierungs-URL<\/b>: Die Verifizierungs-URL Ihrer Zertifizierung; diese URL befindet sich auf Ihrem gedruckten Zertifikat und enth\u00e4lt sowohl Ihre LPI-ID als auch Ihren Verifizierungscode<\/li>\n<\/ol>\n<p>&nbsp;<\/p>\n<h3>LPI-Farbpalette<\/h3>\n<p>&nbsp;<\/p>\n<p><img fetchpriority=\"high\" decoding=\"async\" src=\"https:\/\/www.lpi.org\/sites\/default\/files\/LPI-PrimaryColour.png\" alt=\"\" width=\"751\" height=\"618\" \/><\/p>\n<p>&nbsp;<\/p>\n<p><img decoding=\"async\" src=\"https:\/\/www.lpi.org\/sites\/default\/files\/LPI-SecondaryColour.png\" alt=\"\" width=\"751\" height=\"618\" \/><\/p>\n<p>&nbsp;<\/p>\n<div id=\"awebChromeHelper\"><\/div>\n","protected":false},"excerpt":{"rendered":"<p>Wir bitten darum, dass die Logos des Linux Professional Institute (LPI)\u00a0in \u00dcbereinstimmung mit dem Folgenden verwendet werden: Das LPI-Logo und der Schriftzug &#8222;Linux Professional Institute&#8220; sind Marken des Linux Professional Institute Inc. F\u00fcr die Verwendung von LPI-Logos in Verbindung mit &#8230; <a href=\"https:\/\/www.lpi.org\/de\/logos\/\" class=\"button-link\">Weiterlesen<\/a><\/p>\n","protected":false},"author":1,"featured_media":0,"parent":0,"menu_order":0,"comment_status":"closed","ping_status":"closed","template":"","meta":{"_acf_changed":false,"footnotes":""},"class_list":["post-13351","page","type-page","status-publish","hentry"],"acf":[],"yoast_head":"<!-- This site is optimized with the Yoast SEO Premium plugin v27.2 (Yoast SEO v27.4) - https:\/\/yoast.com\/product\/yoast-seo-premium-wordpress\/ -->\n<title>LPI Logos - Linux Professional Institute (LPI)<\/title>\n<meta name=\"robots\" content=\"index, follow, max-snippet:-1, max-image-preview:large, max-video-preview:-1\" \/>\n<link rel=\"canonical\" href=\"https:\/\/www.lpi.org\/de\/logos\/\" \/>\n<meta property=\"og:locale\" content=\"de_DE\" \/>\n<meta property=\"og:type\" content=\"article\" \/>\n<meta property=\"og:title\" content=\"LPI Logos\" \/>\n<meta property=\"og:description\" content=\"Wir bitten darum, dass die Logos des Linux Professional Institute (LPI)\u00a0in \u00dcbereinstimmung mit dem Folgenden verwendet werden: Das LPI-Logo und der Schriftzug &#8222;Linux Professional Institute&#8220; sind Marken des Linux Professional Institute Inc. F\u00fcr die Verwendung von LPI-Logos in Verbindung mit ... Weiterlesen\" \/>\n<meta property=\"og:url\" content=\"https:\/\/www.lpi.org\/de\/logos\/\" \/>\n<meta property=\"og:site_name\" content=\"Linux Professional Institute (LPI)\" \/>\n<meta property=\"article:publisher\" content=\"https:\/\/www.facebook.com\/LPIConnect\" \/>\n<meta property=\"og:image\" content=\"https:\/\/download.linkedin.com\/desktop\/add2profile\/buttons\/en_US.png\" \/>\n<meta name=\"twitter:card\" content=\"summary_large_image\" \/>\n<meta name=\"twitter:site\" content=\"@lpiconnect\" \/>\n<meta name=\"twitter:label1\" content=\"Gesch\u00e4tzte Lesezeit\" \/>\n\t<meta name=\"twitter:data1\" content=\"2\u00a0Minuten\" \/>\n<script type=\"application\/ld+json\" class=\"yoast-schema-graph\">{\"@context\":\"https:\\\/\\\/schema.org\",\"@graph\":[{\"@type\":\"WebPage\",\"@id\":\"https:\\\/\\\/www.lpi.org\\\/de\\\/logos\\\/\",\"url\":\"https:\\\/\\\/www.lpi.org\\\/de\\\/logos\\\/\",\"name\":\"LPI Logos - Linux Professional Institute (LPI)\",\"isPartOf\":{\"@id\":\"https:\\\/\\\/www.lpi.org\\\/de\\\/#website\"},\"primaryImageOfPage\":{\"@id\":\"https:\\\/\\\/www.lpi.org\\\/de\\\/logos\\\/#primaryimage\"},\"image\":{\"@id\":\"https:\\\/\\\/www.lpi.org\\\/de\\\/logos\\\/#primaryimage\"},\"thumbnailUrl\":\"https:\\\/\\\/download.linkedin.com\\\/desktop\\\/add2profile\\\/buttons\\\/en_US.png\",\"datePublished\":\"2023-04-21T13:11:27+00:00\",\"breadcrumb\":{\"@id\":\"https:\\\/\\\/www.lpi.org\\\/de\\\/logos\\\/#breadcrumb\"},\"inLanguage\":\"de\",\"potentialAction\":[{\"@type\":\"ReadAction\",\"target\":[\"https:\\\/\\\/www.lpi.org\\\/de\\\/logos\\\/\"]}]},{\"@type\":\"ImageObject\",\"inLanguage\":\"de\",\"@id\":\"https:\\\/\\\/www.lpi.org\\\/de\\\/logos\\\/#primaryimage\",\"url\":\"https:\\\/\\\/download.linkedin.com\\\/desktop\\\/add2profile\\\/buttons\\\/en_US.png\",\"contentUrl\":\"https:\\\/\\\/download.linkedin.com\\\/desktop\\\/add2profile\\\/buttons\\\/en_US.png\"},{\"@type\":\"BreadcrumbList\",\"@id\":\"https:\\\/\\\/www.lpi.org\\\/de\\\/logos\\\/#breadcrumb\",\"itemListElement\":[{\"@type\":\"ListItem\",\"position\":1,\"name\":\"Home\",\"item\":\"https:\\\/\\\/www.lpi.org\\\/de\\\/\"},{\"@type\":\"ListItem\",\"position\":2,\"name\":\"LPI Logos\"}]},{\"@type\":\"WebSite\",\"@id\":\"https:\\\/\\\/www.lpi.org\\\/de\\\/#website\",\"url\":\"https:\\\/\\\/www.lpi.org\\\/de\\\/\",\"name\":\"Linux Professional Institute (LPI)\",\"description\":\"\",\"publisher\":{\"@id\":\"https:\\\/\\\/www.lpi.org\\\/de\\\/#organization\"},\"potentialAction\":[{\"@type\":\"SearchAction\",\"target\":{\"@type\":\"EntryPoint\",\"urlTemplate\":\"https:\\\/\\\/www.lpi.org\\\/de\\\/?s={search_term_string}\"},\"query-input\":{\"@type\":\"PropertyValueSpecification\",\"valueRequired\":true,\"valueName\":\"search_term_string\"}}],\"inLanguage\":\"de\"},{\"@type\":\"Organization\",\"@id\":\"https:\\\/\\\/www.lpi.org\\\/de\\\/#organization\",\"name\":\"Linux Professional Institute (LPI)\",\"url\":\"https:\\\/\\\/www.lpi.org\\\/de\\\/\",\"logo\":{\"@type\":\"ImageObject\",\"inLanguage\":\"de\",\"@id\":\"https:\\\/\\\/www.lpi.org\\\/de\\\/#\\\/schema\\\/logo\\\/image\\\/\",\"url\":\"https:\\\/\\\/www.lpi.org\\\/wp-content\\\/uploads\\\/2023\\\/04\\\/logo.png\",\"contentUrl\":\"https:\\\/\\\/www.lpi.org\\\/wp-content\\\/uploads\\\/2023\\\/04\\\/logo.png\",\"width\":496,\"height\":175,\"caption\":\"Linux Professional Institute (LPI)\"},\"image\":{\"@id\":\"https:\\\/\\\/www.lpi.org\\\/de\\\/#\\\/schema\\\/logo\\\/image\\\/\"},\"sameAs\":[\"https:\\\/\\\/www.facebook.com\\\/LPIConnect\",\"https:\\\/\\\/x.com\\\/lpiconnect\",\"https:\\\/\\\/www.linkedin.com\\\/company\\\/35136\",\"https:\\\/\\\/www.instagram.com\\\/lpi_org\\\/\",\"https:\\\/\\\/fosstodon.org\\\/@LPI\"]}]}<\/script>\n<!-- \/ Yoast SEO Premium plugin. -->","yoast_head_json":{"title":"LPI Logos - Linux Professional Institute (LPI)","robots":{"index":"index","follow":"follow","max-snippet":"max-snippet:-1","max-image-preview":"max-image-preview:large","max-video-preview":"max-video-preview:-1"},"canonical":"https:\/\/www.lpi.org\/de\/logos\/","og_locale":"de_DE","og_type":"article","og_title":"LPI Logos","og_description":"Wir bitten darum, dass die Logos des Linux Professional Institute (LPI)\u00a0in \u00dcbereinstimmung mit dem Folgenden verwendet werden: Das LPI-Logo und der Schriftzug &#8222;Linux Professional Institute&#8220; sind Marken des Linux Professional Institute Inc. F\u00fcr die Verwendung von LPI-Logos in Verbindung mit ... Weiterlesen","og_url":"https:\/\/www.lpi.org\/de\/logos\/","og_site_name":"Linux Professional Institute (LPI)","article_publisher":"https:\/\/www.facebook.com\/LPIConnect","og_image":[{"url":"https:\/\/download.linkedin.com\/desktop\/add2profile\/buttons\/en_US.png","type":"","width":"","height":""}],"twitter_card":"summary_large_image","twitter_site":"@lpiconnect","twitter_misc":{"Gesch\u00e4tzte Lesezeit":"2\u00a0Minuten"},"schema":{"@context":"https:\/\/schema.org","@graph":[{"@type":"WebPage","@id":"https:\/\/www.lpi.org\/de\/logos\/","url":"https:\/\/www.lpi.org\/de\/logos\/","name":"LPI Logos - Linux Professional Institute (LPI)","isPartOf":{"@id":"https:\/\/www.lpi.org\/de\/#website"},"primaryImageOfPage":{"@id":"https:\/\/www.lpi.org\/de\/logos\/#primaryimage"},"image":{"@id":"https:\/\/www.lpi.org\/de\/logos\/#primaryimage"},"thumbnailUrl":"https:\/\/download.linkedin.com\/desktop\/add2profile\/buttons\/en_US.png","datePublished":"2023-04-21T13:11:27+00:00","breadcrumb":{"@id":"https:\/\/www.lpi.org\/de\/logos\/#breadcrumb"},"inLanguage":"de","potentialAction":[{"@type":"ReadAction","target":["https:\/\/www.lpi.org\/de\/logos\/"]}]},{"@type":"ImageObject","inLanguage":"de","@id":"https:\/\/www.lpi.org\/de\/logos\/#primaryimage","url":"https:\/\/download.linkedin.com\/desktop\/add2profile\/buttons\/en_US.png","contentUrl":"https:\/\/download.linkedin.com\/desktop\/add2profile\/buttons\/en_US.png"},{"@type":"BreadcrumbList","@id":"https:\/\/www.lpi.org\/de\/logos\/#breadcrumb","itemListElement":[{"@type":"ListItem","position":1,"name":"Home","item":"https:\/\/www.lpi.org\/de\/"},{"@type":"ListItem","position":2,"name":"LPI Logos"}]},{"@type":"WebSite","@id":"https:\/\/www.lpi.org\/de\/#website","url":"https:\/\/www.lpi.org\/de\/","name":"Linux Professional Institute (LPI)","description":"","publisher":{"@id":"https:\/\/www.lpi.org\/de\/#organization"},"potentialAction":[{"@type":"SearchAction","target":{"@type":"EntryPoint","urlTemplate":"https:\/\/www.lpi.org\/de\/?s={search_term_string}"},"query-input":{"@type":"PropertyValueSpecification","valueRequired":true,"valueName":"search_term_string"}}],"inLanguage":"de"},{"@type":"Organization","@id":"https:\/\/www.lpi.org\/de\/#organization","name":"Linux Professional Institute (LPI)","url":"https:\/\/www.lpi.org\/de\/","logo":{"@type":"ImageObject","inLanguage":"de","@id":"https:\/\/www.lpi.org\/de\/#\/schema\/logo\/image\/","url":"https:\/\/www.lpi.org\/wp-content\/uploads\/2023\/04\/logo.png","contentUrl":"https:\/\/www.lpi.org\/wp-content\/uploads\/2023\/04\/logo.png","width":496,"height":175,"caption":"Linux Professional Institute (LPI)"},"image":{"@id":"https:\/\/www.lpi.org\/de\/#\/schema\/logo\/image\/"},"sameAs":["https:\/\/www.facebook.com\/LPIConnect","https:\/\/x.com\/lpiconnect","https:\/\/www.linkedin.com\/company\/35136","https:\/\/www.instagram.com\/lpi_org\/","https:\/\/fosstodon.org\/@LPI"]}]}},"_links":{"self":[{"href":"https:\/\/www.lpi.org\/de\/wp-json\/wp\/v2\/pages\/13351","targetHints":{"allow":["GET"]}}],"collection":[{"href":"https:\/\/www.lpi.org\/de\/wp-json\/wp\/v2\/pages"}],"about":[{"href":"https:\/\/www.lpi.org\/de\/wp-json\/wp\/v2\/types\/page"}],"author":[{"embeddable":true,"href":"https:\/\/www.lpi.org\/de\/wp-json\/wp\/v2\/users\/1"}],"replies":[{"embeddable":true,"href":"https:\/\/www.lpi.org\/de\/wp-json\/wp\/v2\/comments?post=13351"}],"version-history":[{"count":0,"href":"https:\/\/www.lpi.org\/de\/wp-json\/wp\/v2\/pages\/13351\/revisions"}],"wp:attachment":[{"href":"https:\/\/www.lpi.org\/de\/wp-json\/wp\/v2\/media?parent=13351"}],"curies":[{"name":"wp","href":"https:\/\/api.w.org\/{rel}","templated":true}]}}