{"id":13394,"date":"2023-04-24T06:08:37","date_gmt":"2023-04-24T10:08:37","guid":{"rendered":"https:\/\/www.lpi.org\/mitgliedsvereinbarung\/"},"modified":"2023-04-24T06:08:37","modified_gmt":"2023-04-24T10:08:37","slug":"agreement","status":"publish","type":"page","link":"https:\/\/www.lpi.org\/de\/agreement\/","title":{"rendered":"Mitgliedsvereinbarung"},"content":{"rendered":"<p>Linux Professional Institute Mitgliedsereinbarung (die &#8222;Vereinbarung&#8220;)<\/p>\n<p>Version 1.0<\/p>\n<p>Nachfolgend finden Sie die Bedingungen f\u00fcr Ihre Mitgliedschaft im Linux Professional Institute (&#8222;LPI&#8220;). Mit Ihrer Anmeldung und der Annahme durch das LPI erkennen Sie f\u00fcr die Dauer Ihrer Mitgliedschaft an, dass:<\/p>\n<ol>\n<li>Sie alle\u00a0<a href=\"https:\/\/www.lpi.org\/de\/policies\/\" target=\"_blank\" rel=\"noopener\">Richtlinien<\/a>,\u00a0<a href=\"https:\/\/www.lpi.org\/de\/bylaws\/\" target=\"_blank\" rel=\"noopener\">Satzungen<\/a>,\u00a0<a href=\"https:\/\/www.lpi.org\/de\/conduct\/\" target=\"_blank\" rel=\"noopener\">Verhaltenskodex<\/a>\u00a0und Verfahren des LPI in der jeweils g\u00fcltigen und gegebenenfalls ge\u00e4nderten Fassung einhalten werden.<\/li>\n<li>Sie akzeptieren, dass der Vorstand des LPI oder ein von ihm benanntes Vertretungsorgan nach eigenem Ermessen entscheiden kann, ob Ihre Mitgliedschaft in \u00dcbereinstimmung mit der\u00a0<a href=\"https:\/\/www.lpi.org\/de\/bylaws\/\" target=\"_blank\" rel=\"noopener\">bylaws<\/a>,\u00a0<a href=\"https:\/\/www.lpi.org\/de\/policies\/\" target=\"_blank\" rel=\"noopener\">policies<\/a>,\u00a0<a href=\"https:\/\/www.lpi.org\/de\/conduct\/\" target=\"_blank\" rel=\"noopener\">code of conduct<\/a>,\u00a0und Verfahren.<\/li>\n<li>Die Mitgliedschaft geh\u00f6rt Ihnen allein und kann nicht \u00fcbertragen, verkauft oder anderweitig weitergegeben werden. Die Dauer der Mitgliedschaft betr\u00e4gt ein oder drei Jahre und richtet sich nach dem Datum der Aufnahme als Mitglied und der Zahlung des Mitgliedsbeitrags.<\/li>\n<li>Um den Status als aktives LPI-Mitglied und Zertifikatsinhaber zu behalten, m\u00fcssen Sie entweder:\n<ol>\n<li>Eine berechtigte LPI-Zertifizierung gem\u00e4\u00df dem Erneuerungsintervall des Programms erlangen; oder<\/li>\n<li>eine ausreichende Anzahl von Professional Development Units (&#8222;PDUs&#8220;) pro Drei-(3)-Jahres-Zyklus\u00a0in \u00dcbereinstimmung mit der\u00a0<a href=\"https:\/\/www.lpi.org\/de\/pdu-procedures-and-policies\/\" target=\"_blank\" rel=\"noopener\">LPI PDU-Richtlinie<\/a>, die von Zeit zu Zeit ge\u00e4ndert werden kann, erreichen. Das LPI bestimmt nach eigenem Ermessen die Art der Aktivit\u00e4ten, die f\u00fcr PDUs in Frage kommen, und die Anzahl der PDUs, die f\u00fcr die Aufrechterhaltung des Status als aktives LPI-Mitglied erforderlich sind.<\/li>\n<\/ol>\n<\/li>\n<li>Wenn Sie Ihren Mitgliedsstatus durch PDUs aufrechterhalten, werden Sie Ihre Leistungen, die sich f\u00fcr PDUs qualifizieren, sowie alle geeigneten Nachweise gem\u00e4\u00df der\u00a0<a href=\"https:\/\/www.lpi.org\/de\/pdu-procedures-and-policies\/\" target=\"_blank\" rel=\"noopener\">LPI PDU Richtlinie<\/a>\u00a0einreichen. Sie verpflichten sich, dass Ihre PDU-Einreichungen genau und wahrheitsgem\u00e4\u00df die von Ihnen allein durchgef\u00fchrten Aktivit\u00e4ten beschreiben. Falls vom LPI gefordert, f\u00fcgen Sie einen angemessenen Nachweis \u00fcber die PDU-Aktivit\u00e4t bei. Alle PDU-Einreichungen k\u00f6nnen vom LPI \u00fcberpr\u00fcft werden, was Sie dazu veranlassen kann, zus\u00e4tzliche Nachweise zu erbringen.<\/li>\n<li>Sie k\u00f6nnen auch Aktivit\u00e4ten einreichen, die nicht in der LPI-PDU-Richtlinie aufgef\u00fchrt sind, um ber\u00fccksichtigt zu werden. Die Anerkennung und Zuteilung von PDUs f\u00fcr solche Aktivit\u00e4ten wird von Fall zu Fall im alleinigen Ermessen des LPI gehandhabt.<\/li>\n<li>Sie haben den\u00a0<a href=\"https:\/\/www.lpi.org\/de\/conduct\/\" target=\"_blank\" rel=\"noopener\">LPI Code of Ethics and Professional Conduct<\/a>\u00a0(&#8222;LPI Code&#8220;) zur Kenntnis genommen und verpflichten sich, dessen Bestimmungen in der jeweils g\u00fcltigen Fassung einzuhalten. Sie erkl\u00e4ren sich damit einverstanden, dass der LPI-Vorstand nach eigenem Ermessen Verst\u00f6\u00dfe gegen den LPI-Kodex feststellen und disziplinarische Ma\u00dfnahmen gegen Sie verh\u00e4ngen kann, die bis zur sofortigen Beendigung der Mitgliedschaft reichen k\u00f6nnen.<\/li>\n<li>Sie zahlen die entsprechenden Mitgliedsbeitr\u00e4ge gem\u00e4\u00df den vom LPI festgelegten S\u00e4tzen und Verl\u00e4ngerungsdaten. Sie werden mindestens einen Monat vor dem Verl\u00e4ngerungsdatum schriftlich \u00fcber alle f\u00e4lligen Beitr\u00e4ge informiert. Wenn Sie die Beitr\u00e4ge nicht innerhalb von drei Kalendermonaten nach dem Verl\u00e4ngerungsdatum zahlen, kann das LPI die Mitgliedschaft sofort beenden.\u00a0;<\/li>\n<li>F\u00fcr die Dauer Ihrer Mitgliedschaft erhalten Sie eine eingeschr\u00e4nkte Lizenz, ohne Garantie, den markenrechtlich gesch\u00fctzten LPI-Namen, Abzeichen und Logos, die der Mitgliedschaft und den Zertifizierungen entsprechen (&#8222;LPI-Marken&#8220;), ausschlie\u00dflich zum Zwecke der Identifizierung Ihrer Mitgliedschaft im LPI zu verwenden. Sie erkennen an, dass LPI der alleinige Inhaber aller geistigen Eigentumsrechte an den LPI-Marken ist. Sie sind nicht berechtigt, die LPI-Marken zu ver\u00e4ndern oder f\u00fcr andere Zwecke als zur Kennzeichnung Ihrer Mitgliedschaft zu verwenden. Wenn Sie die LPI-Marken missbr\u00e4uchlich verwenden, wird dies als Versto\u00df gegen den LPI-Kodex angesehen und kann zur sofortigen Beendigung Ihrer Mitgliedschaft f\u00fchren. Bei Beendigung, K\u00fcndigung oder Aussetzung Ihrer Mitgliedschaft endet diese Erlaubnis und Sie m\u00fcssen die Verwendung der LPI-Marken sofort einstellen. Sie d\u00fcrfen die LPI-Marken in keiner Weise so verwenden, dass sie unsere Bef\u00fcrwortung oder Zustimmung zu einem von Ihnen angebotenen Produkt oder einer Dienstleistung darstellen. Sie erkennen an, dass LPI das uneingeschr\u00e4nkte Recht hat, die Ihnen in diesem Abschnitt gew\u00e4hrte Lizenz jederzeit zu beenden, zu k\u00fcndigen, auszusetzen oder zu entziehen.<\/li>\n<li>Die LPI-Webseite und die dazugeh\u00f6rige Software (&#8222;das Portal&#8220;) wird Ihnen zur Verf\u00fcgung gestellt, um Ihnen zu helfen, Ihren Mitgliedsstatus zu \u00fcberpr\u00fcfen, Ihre PDUs zu verwalten und andere Funktionen, die entwickelt werden k\u00f6nnen. Diese Dienste werden ohne jegliche Garantie zur Verf\u00fcgung gestellt. Das Portal und seine Daten sind urheberrechtlich gesch\u00fctzt und d\u00fcrfen ohne vorherige schriftliche Genehmigung des LPI nicht vervielf\u00e4ltigt werden, es sei denn, sie dienen zu Ihrer pers\u00f6nlichen Information oder sind ausdr\u00fccklich als solche gekennzeichnet.<\/li>\n<li>Sie werden keine Komponenten der LPI-Website, einschlie\u00dflich des Portals, durch eigene Handlungen oder durch den Einsatz von Ger\u00e4ten oder Hardware st\u00f6ren oder besch\u00e4digen. Sie sind f\u00fcr die Sicherheit Ihrer Passw\u00f6rter verantwortlich und werden Ihre(n) Account(s) auf dem Portal nicht an Dritte weitergeben. Alle auf dem Portal gespeicherten Daten unterliegen der\u00a0<a href=\"https:\/\/www.lpi.org\/de\/policies\/#Privacy_Statement\" target=\"_blank\" rel=\"noopener\">LPI-Datenschutzrichtlinie<\/a>.<\/li>\n<li>In keinem Fall haften LPI, seine Direktoren, leitenden Angestellten, Mitarbeiter, Auftragnehmer oder Partner Ihnen oder Dritten gegen\u00fcber f\u00fcr Sch\u00e4den oder Verluste im Zusammenhang mit diesem Vertrag oder Ihrer Mitgliedschaft bei LPI, unabh\u00e4ngig von der Ursache solcher Sch\u00e4den oder Verluste, auch dann nicht, wenn die Ursache die eigene Fahrl\u00e4ssigkeit von LPI ist und selbst dann nicht, wenn LPI auf die M\u00f6glichkeit solcher Sch\u00e4den hingewiesen wurde. Sie werden LPI und alle seine Direktoren, leitenden Angestellten, Mitarbeiter, Auftragnehmer oder Partner von allen Anspr\u00fcchen oder rechtlichen Schritten, die sich aus Ihrer Mitgliedschaft ergeben, unabh\u00e4ngig von der Ursache, freistellen, verteidigen und schadlos halten.<\/li>\n<li>Alle Mitteilungen, die von LPI in Bezug auf die Mitgliedschaft gemacht werden m\u00fcssen, einschlie\u00dflich der Mitteilungen \u00fcber Mitgliederversammlungen und Wahlen, erfolgen per E-Mail an die in Ihrem Profil im Portal angegebene Adresse.<br \/>\nEine Mitteilung gilt vierundzwanzig (24) Stunden nach dem Absenden der Nachricht als zugestellt, es sei denn, der Absender wird dar\u00fcber informiert, dass die E-Mail-Adresse ung\u00fcltig ist. Sie sind daf\u00fcr verantwortlich, eine g\u00fcltige und zug\u00e4ngliche Adresse in Ihrem Mitgliedsprofil zu f\u00fchren.<\/li>\n<li>Dieser Vertrag wird in \u00dcbereinstimmung mit den Gesetzen von Ontario, Kanada, ausgelegt und durchgesetzt. Sollte ein Teil dieser Vereinbarung f\u00fcr ung\u00fcltig oder rechtswidrig erkl\u00e4rt werden, bleibt der Rest dieser Vereinbarung g\u00fcltig.<\/li>\n<\/ol>\n<p>&nbsp;<\/p>\n<div class=\"btn-wrap\">\n<div><a id=\"Zur Mitglieder\u00fcbersicht\" class=\"button2\" href=\"https:\/\/www.lpi.org\/membership\" target=\"_blank\" rel=\"noopener\">Zur Mitglieder\u00fcbersicht<\/a><\/div>\n<div><a id=\"Mitgliedschaftsvereinbarung lesen\" class=\"button2\" href=\"https:\/\/www.lpi.org\/de\/program\/\" target=\"_blank\" rel=\"noopener\">\u00dcberpr\u00fcfen Sie, ob Sie berechtigt sind<\/a><\/div>\n<div><a id=\"Mitglied werden\" class=\"button2\" href=\"https:\/\/www.lpi.org\/member\/join\/\" target=\"_blank\" rel=\"noopener\">Mitglied werden<\/a><\/div>\n<\/div>\n<div id=\"awebChromeHelper\"><\/div>\n","protected":false},"excerpt":{"rendered":"<p>Linux Professional Institute Mitgliedsereinbarung (die &#8222;Vereinbarung&#8220;) Version 1.0 Nachfolgend finden Sie die Bedingungen f\u00fcr Ihre Mitgliedschaft im Linux Professional Institute (&#8222;LPI&#8220;). Mit Ihrer Anmeldung und der Annahme durch das LPI erkennen Sie f\u00fcr die Dauer Ihrer Mitgliedschaft an, dass: Sie &#8230; <a href=\"https:\/\/www.lpi.org\/de\/agreement\/\" class=\"button-link\">Weiterlesen<\/a><\/p>\n","protected":false},"author":1,"featured_media":0,"parent":0,"menu_order":0,"comment_status":"closed","ping_status":"closed","template":"","meta":{"_acf_changed":false,"footnotes":""},"class_list":["post-13394","page","type-page","status-publish","hentry"],"acf":[],"yoast_head":"<!-- This site is optimized with the Yoast SEO Premium plugin v27.2 (Yoast SEO v27.3) - https:\/\/yoast.com\/product\/yoast-seo-premium-wordpress\/ -->\n<title>Mitgliedsvereinbarung - Linux Professional Institute (LPI)<\/title>\n<meta name=\"robots\" content=\"index, follow, max-snippet:-1, max-image-preview:large, max-video-preview:-1\" \/>\n<link rel=\"canonical\" href=\"https:\/\/www.lpi.org\/de\/agreement\/\" \/>\n<meta property=\"og:locale\" content=\"de_DE\" \/>\n<meta property=\"og:type\" content=\"article\" \/>\n<meta property=\"og:title\" content=\"Mitgliedsvereinbarung\" \/>\n<meta property=\"og:description\" content=\"Linux Professional Institute Mitgliedsereinbarung (die &#8222;Vereinbarung&#8220;) Version 1.0 Nachfolgend finden Sie die Bedingungen f\u00fcr Ihre Mitgliedschaft im Linux Professional Institute (&#8222;LPI&#8220;). Mit Ihrer Anmeldung und der Annahme durch das LPI erkennen Sie f\u00fcr die Dauer Ihrer Mitgliedschaft an, dass: Sie ... Weiterlesen\" \/>\n<meta property=\"og:url\" content=\"https:\/\/www.lpi.org\/de\/agreement\/\" \/>\n<meta property=\"og:site_name\" content=\"Linux Professional Institute (LPI)\" \/>\n<meta property=\"article:publisher\" content=\"https:\/\/www.facebook.com\/LPIConnect\" \/>\n<meta name=\"twitter:card\" content=\"summary_large_image\" \/>\n<meta name=\"twitter:site\" content=\"@lpiconnect\" \/>\n<meta name=\"twitter:label1\" content=\"Gesch\u00e4tzte Lesezeit\" \/>\n\t<meta name=\"twitter:data1\" content=\"5\u00a0Minuten\" \/>\n<script type=\"application\/ld+json\" class=\"yoast-schema-graph\">{\"@context\":\"https:\\\/\\\/schema.org\",\"@graph\":[{\"@type\":\"WebPage\",\"@id\":\"https:\\\/\\\/www.lpi.org\\\/de\\\/agreement\\\/\",\"url\":\"https:\\\/\\\/www.lpi.org\\\/de\\\/agreement\\\/\",\"name\":\"Mitgliedsvereinbarung - Linux Professional Institute (LPI)\",\"isPartOf\":{\"@id\":\"https:\\\/\\\/www.lpi.org\\\/de\\\/#website\"},\"datePublished\":\"2023-04-24T10:08:37+00:00\",\"breadcrumb\":{\"@id\":\"https:\\\/\\\/www.lpi.org\\\/de\\\/agreement\\\/#breadcrumb\"},\"inLanguage\":\"de\",\"potentialAction\":[{\"@type\":\"ReadAction\",\"target\":[\"https:\\\/\\\/www.lpi.org\\\/de\\\/agreement\\\/\"]}]},{\"@type\":\"BreadcrumbList\",\"@id\":\"https:\\\/\\\/www.lpi.org\\\/de\\\/agreement\\\/#breadcrumb\",\"itemListElement\":[{\"@type\":\"ListItem\",\"position\":1,\"name\":\"Home\",\"item\":\"https:\\\/\\\/www.lpi.org\\\/de\\\/\"},{\"@type\":\"ListItem\",\"position\":2,\"name\":\"Mitgliedsvereinbarung\"}]},{\"@type\":\"WebSite\",\"@id\":\"https:\\\/\\\/www.lpi.org\\\/de\\\/#website\",\"url\":\"https:\\\/\\\/www.lpi.org\\\/de\\\/\",\"name\":\"Linux Professional Institute (LPI)\",\"description\":\"\",\"publisher\":{\"@id\":\"https:\\\/\\\/www.lpi.org\\\/de\\\/#organization\"},\"potentialAction\":[{\"@type\":\"SearchAction\",\"target\":{\"@type\":\"EntryPoint\",\"urlTemplate\":\"https:\\\/\\\/www.lpi.org\\\/de\\\/?s={search_term_string}\"},\"query-input\":{\"@type\":\"PropertyValueSpecification\",\"valueRequired\":true,\"valueName\":\"search_term_string\"}}],\"inLanguage\":\"de\"},{\"@type\":\"Organization\",\"@id\":\"https:\\\/\\\/www.lpi.org\\\/de\\\/#organization\",\"name\":\"Linux Professional Institute (LPI)\",\"url\":\"https:\\\/\\\/www.lpi.org\\\/de\\\/\",\"logo\":{\"@type\":\"ImageObject\",\"inLanguage\":\"de\",\"@id\":\"https:\\\/\\\/www.lpi.org\\\/de\\\/#\\\/schema\\\/logo\\\/image\\\/\",\"url\":\"https:\\\/\\\/www.lpi.org\\\/wp-content\\\/uploads\\\/2023\\\/04\\\/logo.png\",\"contentUrl\":\"https:\\\/\\\/www.lpi.org\\\/wp-content\\\/uploads\\\/2023\\\/04\\\/logo.png\",\"width\":496,\"height\":175,\"caption\":\"Linux Professional Institute (LPI)\"},\"image\":{\"@id\":\"https:\\\/\\\/www.lpi.org\\\/de\\\/#\\\/schema\\\/logo\\\/image\\\/\"},\"sameAs\":[\"https:\\\/\\\/www.facebook.com\\\/LPIConnect\",\"https:\\\/\\\/x.com\\\/lpiconnect\",\"https:\\\/\\\/www.linkedin.com\\\/company\\\/35136\",\"https:\\\/\\\/www.instagram.com\\\/lpi_org\\\/\",\"https:\\\/\\\/fosstodon.org\\\/@LPI\"]}]}<\/script>\n<!-- \/ Yoast SEO Premium plugin. -->","yoast_head_json":{"title":"Mitgliedsvereinbarung - Linux Professional Institute (LPI)","robots":{"index":"index","follow":"follow","max-snippet":"max-snippet:-1","max-image-preview":"max-image-preview:large","max-video-preview":"max-video-preview:-1"},"canonical":"https:\/\/www.lpi.org\/de\/agreement\/","og_locale":"de_DE","og_type":"article","og_title":"Mitgliedsvereinbarung","og_description":"Linux Professional Institute Mitgliedsereinbarung (die &#8222;Vereinbarung&#8220;) Version 1.0 Nachfolgend finden Sie die Bedingungen f\u00fcr Ihre Mitgliedschaft im Linux Professional Institute (&#8222;LPI&#8220;). Mit Ihrer Anmeldung und der Annahme durch das LPI erkennen Sie f\u00fcr die Dauer Ihrer Mitgliedschaft an, dass: Sie ... Weiterlesen","og_url":"https:\/\/www.lpi.org\/de\/agreement\/","og_site_name":"Linux Professional Institute (LPI)","article_publisher":"https:\/\/www.facebook.com\/LPIConnect","twitter_card":"summary_large_image","twitter_site":"@lpiconnect","twitter_misc":{"Gesch\u00e4tzte Lesezeit":"5\u00a0Minuten"},"schema":{"@context":"https:\/\/schema.org","@graph":[{"@type":"WebPage","@id":"https:\/\/www.lpi.org\/de\/agreement\/","url":"https:\/\/www.lpi.org\/de\/agreement\/","name":"Mitgliedsvereinbarung - Linux Professional Institute (LPI)","isPartOf":{"@id":"https:\/\/www.lpi.org\/de\/#website"},"datePublished":"2023-04-24T10:08:37+00:00","breadcrumb":{"@id":"https:\/\/www.lpi.org\/de\/agreement\/#breadcrumb"},"inLanguage":"de","potentialAction":[{"@type":"ReadAction","target":["https:\/\/www.lpi.org\/de\/agreement\/"]}]},{"@type":"BreadcrumbList","@id":"https:\/\/www.lpi.org\/de\/agreement\/#breadcrumb","itemListElement":[{"@type":"ListItem","position":1,"name":"Home","item":"https:\/\/www.lpi.org\/de\/"},{"@type":"ListItem","position":2,"name":"Mitgliedsvereinbarung"}]},{"@type":"WebSite","@id":"https:\/\/www.lpi.org\/de\/#website","url":"https:\/\/www.lpi.org\/de\/","name":"Linux Professional Institute (LPI)","description":"","publisher":{"@id":"https:\/\/www.lpi.org\/de\/#organization"},"potentialAction":[{"@type":"SearchAction","target":{"@type":"EntryPoint","urlTemplate":"https:\/\/www.lpi.org\/de\/?s={search_term_string}"},"query-input":{"@type":"PropertyValueSpecification","valueRequired":true,"valueName":"search_term_string"}}],"inLanguage":"de"},{"@type":"Organization","@id":"https:\/\/www.lpi.org\/de\/#organization","name":"Linux Professional Institute (LPI)","url":"https:\/\/www.lpi.org\/de\/","logo":{"@type":"ImageObject","inLanguage":"de","@id":"https:\/\/www.lpi.org\/de\/#\/schema\/logo\/image\/","url":"https:\/\/www.lpi.org\/wp-content\/uploads\/2023\/04\/logo.png","contentUrl":"https:\/\/www.lpi.org\/wp-content\/uploads\/2023\/04\/logo.png","width":496,"height":175,"caption":"Linux Professional Institute (LPI)"},"image":{"@id":"https:\/\/www.lpi.org\/de\/#\/schema\/logo\/image\/"},"sameAs":["https:\/\/www.facebook.com\/LPIConnect","https:\/\/x.com\/lpiconnect","https:\/\/www.linkedin.com\/company\/35136","https:\/\/www.instagram.com\/lpi_org\/","https:\/\/fosstodon.org\/@LPI"]}]}},"_links":{"self":[{"href":"https:\/\/www.lpi.org\/de\/wp-json\/wp\/v2\/pages\/13394","targetHints":{"allow":["GET"]}}],"collection":[{"href":"https:\/\/www.lpi.org\/de\/wp-json\/wp\/v2\/pages"}],"about":[{"href":"https:\/\/www.lpi.org\/de\/wp-json\/wp\/v2\/types\/page"}],"author":[{"embeddable":true,"href":"https:\/\/www.lpi.org\/de\/wp-json\/wp\/v2\/users\/1"}],"replies":[{"embeddable":true,"href":"https:\/\/www.lpi.org\/de\/wp-json\/wp\/v2\/comments?post=13394"}],"version-history":[{"count":0,"href":"https:\/\/www.lpi.org\/de\/wp-json\/wp\/v2\/pages\/13394\/revisions"}],"wp:attachment":[{"href":"https:\/\/www.lpi.org\/de\/wp-json\/wp\/v2\/media?parent=13394"}],"curies":[{"name":"wp","href":"https:\/\/api.w.org\/{rel}","templated":true}]}}