{"id":13407,"date":"2023-04-06T09:24:01","date_gmt":"2023-04-06T13:24:01","guid":{"rendered":"https:\/\/www.lpi.org\/ethikkodex-und-professionelles-verhalten-der-gemeinschaft\/"},"modified":"2023-04-06T09:24:01","modified_gmt":"2023-04-06T13:24:01","slug":"conduct","status":"publish","type":"page","link":"https:\/\/www.lpi.org\/de\/conduct\/","title":{"rendered":"Ethikkodex und professionelles Verhalten der Gemeinschaft"},"content":{"rendered":"<p>Version 3, 10. August 2018<\/p>\n<p><strong>Pr\u00e4ambel<\/strong><\/p>\n<p>Das Linux Professional Institute wurde mit dem Ziel gegr\u00fcndet, den professionellen Einsatz, die Entwicklung und den Unterricht von Open Source Software und Technologie auf der ganzen Welt zu f\u00f6rdern.<\/p>\n<p>Zu diesem Zweck hat das LPI eine F\u00fchrungsstruktur geschaffen, durch die Fachleute Mitglied des LPI werden k\u00f6nnen, indem sie technische Kompetenz und die Einhaltung eines ethischen Kodex nachweisen. Dieses Dokument dient der Definition dieses Verhaltenskodex mit dem Ziel, Integrit\u00e4t und Vertrauensw\u00fcrdigkeit zu wahren:<\/p>\n<ul>\n<li>Schutz des \u00f6ffentlichen Interesses<\/li>\n<li>Demonstration der pers\u00f6nlichen Integrit\u00e4t<\/li>\n<li>Wahrung der Vertraulichkeit und des Datenschutzes<\/li>\n<li>Respekt vor Kollegen und Mitarbeitern<\/li>\n<\/ul>\n<p>Die LPI-Community ist ein offener, sicherer und integrativer Raum, der das Teilen und die Zusammenarbeit f\u00f6rdert, unabh\u00e4ngig von Alter, Behinderung, ethnischer Zugeh\u00f6rigkeit, Geschlechtsidentit\u00e4t und -ausdruck, Erfahrung, Nationalit\u00e4t, pers\u00f6nlichem Aussehen, Rasse, Religion oder sexueller Orientierung. Obwohl Meinungsverschiedenheiten normal sind, erwarten wir von unseren Mitgliedern, dass sie nicht nur im Umgang mit LPI, sondern auch mit Gesch\u00e4ftsbeziehungen, Kollegen und der \u00d6ffentlichkeit angemessen handeln. Wir erwarten von den Teilnehmern eines Projekts oder einer Gruppe, dass sie Meinungsverschiedenheiten konstruktiv l\u00f6sen. Wenn dies nicht m\u00f6glich ist, sollten die Angelegenheiten innerhalb etablierter Strukturen zur L\u00f6sung eskaliert werden.<\/p>\n<p>Unehrliches oder fragw\u00fcrdiges Verhalten, einschlie\u00dflich Verhaltensweisen, die dem \u00f6ffentlichen Interesse zuwiderlaufen k\u00f6nnen oder denen es an Integrit\u00e4t mangelt, wirkt sich negativ auf das Mitglied, das LPI und den Open-Source-Praktikerberuf aus. Wenn das Verhalten so ist, dass es das Vertrauen in die Professionalit\u00e4t des Mitglieds beeintr\u00e4chtigt, dann ist das LPI berechtigt, disziplinarische Ma\u00dfnahmen zu ergreifen.<\/p>\n<p>Mitgliedern, die gegen Teile dieses Kodex versto\u00dfen, weil sie glauben, dass die Einhaltung eine eindeutig nachgewiesene Gefahr f\u00fcr die \u00d6ffentlichkeit darstellen w\u00fcrde (z.B. &#8222;Whistleblowing&#8220;), wird nicht unbedingt ein Versto\u00df gegen die Vorschriften zur Disziplinarverfolgung vorgeworfen. Die Mitglieder werden ermutigt, in solchen Situationen Rechtsberatung einzuholen.<\/p>\n<p>Die Feststellung von Verst\u00f6\u00dfen gegen diesen Kodex und geeignete Disziplinarma\u00dfnahmen werden von Fall zu Fall durchgef\u00fchrt.<\/p>\n<p>Dieser Verhaltenskodex gilt als Voraussetzung f\u00fcr die Mitgliedschaft, aber wir erwarten, dass alle in unserer Gemeinschaft ihn befolgen. F\u00fcr weitere Informationen oder um eine Verletzung zu melden, wenden Sie sich bitte an\u00a0<a href=\"mailto:ethics@lpi.org\">ethics@lpi.org<\/a>.<\/p>\n<p><strong>Schutz des \u00f6ffentlichen Interesses<\/strong><\/p>\n<p>Von den Mitgliedern wird erwartet, dass sie:<\/p>\n<ol>\n<li>ihre Arbeit unter geb\u00fchrender Ber\u00fccksichtigung der \u00f6ffentlichen Gesundheit, der \u00f6ffentlichen Sicherheit, der Menschenrechte und der Umwelt verrichten;<\/li>\n<li>die Integrit\u00e4t und das \u00f6ffentliche Vertrauen in das LPI und den Open-Source-Praktikerberuf zu unterst\u00fctzen;<\/li>\n<li>Open-Source-Software und Open-Access-Publishing verwenden oder empfehlen;<\/li>\n<li>gegen\u00fcber relevanten Parteien alle Interessenkonflikte, die von einem unabh\u00e4ngigen Beobachter bestehen oder gesehen werden k\u00f6nnten, vollst\u00e4ndig offenlegen.<\/li>\n<\/ol>\n<p><strong>Nachweis der pers\u00f6nlichen Integrit\u00e4t<\/strong><\/p>\n<p>Von den Mitgliedern wird erwartet, dass sie:<\/p>\n<ol>\n<li>mit gutem Glauben und Ehrlichkeit in ihren beruflichen und gemeinschaftlichen Interaktionen handeln;<\/li>\n<li>andere \u00fcber alle Situationen informieren, die ihr berufliches Urteilsverm\u00f6gen beeintr\u00e4chtigen k\u00f6nnten;<\/li>\n<li>\u00fcber ausreichende technische Kenntnisse sowie \u00fcber die Kenntnis der einschl\u00e4gigen Normen, Vorschriften und Gesetze verf\u00fcgen, um ihre beruflichen Aufgaben zu erf\u00fcllen;<\/li>\n<li>die kreativen Rechte anderer respektieren und Patente, Urheberrechte und Marken achten.<\/li>\n<\/ol>\n<p><strong>Wahrung der Vertraulichkeit und des Datenschutzes<\/strong><\/p>\n<p>Von den Mitgliedern wird erwartet, dass sie:<\/p>\n<ol>\n<li>die Vertraulichkeit in Gesch\u00e4ftsbeziehungen wahren, sofern nicht ausdr\u00fccklich darauf verzichtet wird;<\/li>\n<li>keine Ger\u00fcchte \u00fcber Einzelpersonen oder Organisationen verbreiten, mit denen das Mitglied Gesch\u00e4ftsbeziehungen unterh\u00e4lt, unabh\u00e4ngig von der Quelle;<\/li>\n<li>Gesch\u00e4ftsgeheimnisse, Datenschutz und Lizenzbedingungen oder andere anwendbare Vereinbarungen respektieren und<\/li>\n<li>Arbeit ablehnen, wenn diese die Offenlegung vertraulicher Aktivit\u00e4ten an anderer Stelle erfordern k\u00f6nnte.<\/li>\n<\/ol>\n<p><strong>Respekt vor Kollegen und Mitarbeitern<\/strong><\/p>\n<p>Von den Mitgliedern wird erwartet, dass sie:<\/p>\n<ol>\n<li>die Community des LPI und andere kooperative Arbeitsumgebungen als offen, sicher und integrativ durch H\u00f6flichkeit und gegenseitigen Respekt einbeziehen;<\/li>\n<li>in der Wortwahl r\u00fccksichtsvoll und freundlich zu anderen sind und andere nicht beleidigen, angreifen, bel\u00e4stigen, verleumden oder diskriminieren;<\/li>\n<li>klare und pr\u00e4zise Wege finden, um Ideen auszudr\u00fccken, die unter Ber\u00fccksichtigung der sprachlichen und kulturellen Barrieren teilen m\u00f6chten, die angesichts der globalen Reichweite des LPI immer vorhanden sind;<\/li>\n<li>aktiv danach streben, Neuank\u00f6mmlinge willkommen zu hei\u00dfen und diejenigen zu betreuen, zu f\u00f6rdern, zu beraten und zu unterst\u00fctzen, die das Potenzial haben, in ihren Communities und als Teil unserer globalen Community etwas zu bewirken.<\/li>\n<\/ol>\n","protected":false},"excerpt":{"rendered":"<p>Version 3, 10. August 2018 Pr\u00e4ambel Das Linux Professional Institute wurde mit dem Ziel gegr\u00fcndet, den professionellen Einsatz, die Entwicklung und den Unterricht von Open Source Software und Technologie auf der ganzen Welt zu f\u00f6rdern. Zu diesem Zweck hat das &#8230; <a href=\"https:\/\/www.lpi.org\/de\/conduct\/\" class=\"button-link\">Weiterlesen<\/a><\/p>\n","protected":false},"author":1,"featured_media":0,"parent":0,"menu_order":0,"comment_status":"closed","ping_status":"closed","template":"","meta":{"_acf_changed":false,"footnotes":""},"class_list":["post-13407","page","type-page","status-publish","hentry"],"acf":[],"yoast_head":"<!-- This site is optimized with the Yoast SEO Premium plugin v27.2 (Yoast SEO v27.4) - https:\/\/yoast.com\/product\/yoast-seo-premium-wordpress\/ -->\n<title>Ethikkodex und professionelles Verhalten der Gemeinschaft - Linux Professional Institute (LPI)<\/title>\n<meta name=\"robots\" content=\"index, follow, max-snippet:-1, max-image-preview:large, max-video-preview:-1\" \/>\n<link rel=\"canonical\" href=\"https:\/\/www.lpi.org\/de\/conduct\/\" \/>\n<meta property=\"og:locale\" content=\"de_DE\" \/>\n<meta property=\"og:type\" content=\"article\" \/>\n<meta property=\"og:title\" content=\"Ethikkodex und professionelles Verhalten der Gemeinschaft\" \/>\n<meta property=\"og:description\" content=\"Version 3, 10. August 2018 Pr\u00e4ambel Das Linux Professional Institute wurde mit dem Ziel gegr\u00fcndet, den professionellen Einsatz, die Entwicklung und den Unterricht von Open Source Software und Technologie auf der ganzen Welt zu f\u00f6rdern. Zu diesem Zweck hat das ... Weiterlesen\" \/>\n<meta property=\"og:url\" content=\"https:\/\/www.lpi.org\/de\/conduct\/\" \/>\n<meta property=\"og:site_name\" content=\"Linux Professional Institute (LPI)\" \/>\n<meta property=\"article:publisher\" content=\"https:\/\/www.facebook.com\/LPIConnect\" \/>\n<meta name=\"twitter:card\" content=\"summary_large_image\" \/>\n<meta name=\"twitter:site\" content=\"@lpiconnect\" \/>\n<meta name=\"twitter:label1\" content=\"Gesch\u00e4tzte Lesezeit\" \/>\n\t<meta name=\"twitter:data1\" content=\"4\u00a0Minuten\" \/>\n<script type=\"application\/ld+json\" class=\"yoast-schema-graph\">{\"@context\":\"https:\\\/\\\/schema.org\",\"@graph\":[{\"@type\":\"WebPage\",\"@id\":\"https:\\\/\\\/www.lpi.org\\\/de\\\/conduct\\\/\",\"url\":\"https:\\\/\\\/www.lpi.org\\\/de\\\/conduct\\\/\",\"name\":\"Ethikkodex und professionelles Verhalten der Gemeinschaft - Linux Professional Institute (LPI)\",\"isPartOf\":{\"@id\":\"https:\\\/\\\/www.lpi.org\\\/de\\\/#website\"},\"datePublished\":\"2023-04-06T13:24:01+00:00\",\"breadcrumb\":{\"@id\":\"https:\\\/\\\/www.lpi.org\\\/de\\\/conduct\\\/#breadcrumb\"},\"inLanguage\":\"de\",\"potentialAction\":[{\"@type\":\"ReadAction\",\"target\":[\"https:\\\/\\\/www.lpi.org\\\/de\\\/conduct\\\/\"]}]},{\"@type\":\"BreadcrumbList\",\"@id\":\"https:\\\/\\\/www.lpi.org\\\/de\\\/conduct\\\/#breadcrumb\",\"itemListElement\":[{\"@type\":\"ListItem\",\"position\":1,\"name\":\"Home\",\"item\":\"https:\\\/\\\/www.lpi.org\\\/de\\\/\"},{\"@type\":\"ListItem\",\"position\":2,\"name\":\"Ethikkodex und professionelles Verhalten der Gemeinschaft\"}]},{\"@type\":\"WebSite\",\"@id\":\"https:\\\/\\\/www.lpi.org\\\/de\\\/#website\",\"url\":\"https:\\\/\\\/www.lpi.org\\\/de\\\/\",\"name\":\"Linux Professional Institute (LPI)\",\"description\":\"\",\"publisher\":{\"@id\":\"https:\\\/\\\/www.lpi.org\\\/de\\\/#organization\"},\"potentialAction\":[{\"@type\":\"SearchAction\",\"target\":{\"@type\":\"EntryPoint\",\"urlTemplate\":\"https:\\\/\\\/www.lpi.org\\\/de\\\/?s={search_term_string}\"},\"query-input\":{\"@type\":\"PropertyValueSpecification\",\"valueRequired\":true,\"valueName\":\"search_term_string\"}}],\"inLanguage\":\"de\"},{\"@type\":\"Organization\",\"@id\":\"https:\\\/\\\/www.lpi.org\\\/de\\\/#organization\",\"name\":\"Linux Professional Institute (LPI)\",\"url\":\"https:\\\/\\\/www.lpi.org\\\/de\\\/\",\"logo\":{\"@type\":\"ImageObject\",\"inLanguage\":\"de\",\"@id\":\"https:\\\/\\\/www.lpi.org\\\/de\\\/#\\\/schema\\\/logo\\\/image\\\/\",\"url\":\"https:\\\/\\\/www.lpi.org\\\/wp-content\\\/uploads\\\/2023\\\/04\\\/logo.png\",\"contentUrl\":\"https:\\\/\\\/www.lpi.org\\\/wp-content\\\/uploads\\\/2023\\\/04\\\/logo.png\",\"width\":496,\"height\":175,\"caption\":\"Linux Professional Institute (LPI)\"},\"image\":{\"@id\":\"https:\\\/\\\/www.lpi.org\\\/de\\\/#\\\/schema\\\/logo\\\/image\\\/\"},\"sameAs\":[\"https:\\\/\\\/www.facebook.com\\\/LPIConnect\",\"https:\\\/\\\/x.com\\\/lpiconnect\",\"https:\\\/\\\/www.linkedin.com\\\/company\\\/35136\",\"https:\\\/\\\/www.instagram.com\\\/lpi_org\\\/\",\"https:\\\/\\\/fosstodon.org\\\/@LPI\"]}]}<\/script>\n<!-- \/ Yoast SEO Premium plugin. -->","yoast_head_json":{"title":"Ethikkodex und professionelles Verhalten der Gemeinschaft - Linux Professional Institute (LPI)","robots":{"index":"index","follow":"follow","max-snippet":"max-snippet:-1","max-image-preview":"max-image-preview:large","max-video-preview":"max-video-preview:-1"},"canonical":"https:\/\/www.lpi.org\/de\/conduct\/","og_locale":"de_DE","og_type":"article","og_title":"Ethikkodex und professionelles Verhalten der Gemeinschaft","og_description":"Version 3, 10. August 2018 Pr\u00e4ambel Das Linux Professional Institute wurde mit dem Ziel gegr\u00fcndet, den professionellen Einsatz, die Entwicklung und den Unterricht von Open Source Software und Technologie auf der ganzen Welt zu f\u00f6rdern. Zu diesem Zweck hat das ... Weiterlesen","og_url":"https:\/\/www.lpi.org\/de\/conduct\/","og_site_name":"Linux Professional Institute (LPI)","article_publisher":"https:\/\/www.facebook.com\/LPIConnect","twitter_card":"summary_large_image","twitter_site":"@lpiconnect","twitter_misc":{"Gesch\u00e4tzte Lesezeit":"4\u00a0Minuten"},"schema":{"@context":"https:\/\/schema.org","@graph":[{"@type":"WebPage","@id":"https:\/\/www.lpi.org\/de\/conduct\/","url":"https:\/\/www.lpi.org\/de\/conduct\/","name":"Ethikkodex und professionelles Verhalten der Gemeinschaft - Linux Professional Institute (LPI)","isPartOf":{"@id":"https:\/\/www.lpi.org\/de\/#website"},"datePublished":"2023-04-06T13:24:01+00:00","breadcrumb":{"@id":"https:\/\/www.lpi.org\/de\/conduct\/#breadcrumb"},"inLanguage":"de","potentialAction":[{"@type":"ReadAction","target":["https:\/\/www.lpi.org\/de\/conduct\/"]}]},{"@type":"BreadcrumbList","@id":"https:\/\/www.lpi.org\/de\/conduct\/#breadcrumb","itemListElement":[{"@type":"ListItem","position":1,"name":"Home","item":"https:\/\/www.lpi.org\/de\/"},{"@type":"ListItem","position":2,"name":"Ethikkodex und professionelles Verhalten der Gemeinschaft"}]},{"@type":"WebSite","@id":"https:\/\/www.lpi.org\/de\/#website","url":"https:\/\/www.lpi.org\/de\/","name":"Linux Professional Institute (LPI)","description":"","publisher":{"@id":"https:\/\/www.lpi.org\/de\/#organization"},"potentialAction":[{"@type":"SearchAction","target":{"@type":"EntryPoint","urlTemplate":"https:\/\/www.lpi.org\/de\/?s={search_term_string}"},"query-input":{"@type":"PropertyValueSpecification","valueRequired":true,"valueName":"search_term_string"}}],"inLanguage":"de"},{"@type":"Organization","@id":"https:\/\/www.lpi.org\/de\/#organization","name":"Linux Professional Institute (LPI)","url":"https:\/\/www.lpi.org\/de\/","logo":{"@type":"ImageObject","inLanguage":"de","@id":"https:\/\/www.lpi.org\/de\/#\/schema\/logo\/image\/","url":"https:\/\/www.lpi.org\/wp-content\/uploads\/2023\/04\/logo.png","contentUrl":"https:\/\/www.lpi.org\/wp-content\/uploads\/2023\/04\/logo.png","width":496,"height":175,"caption":"Linux Professional Institute (LPI)"},"image":{"@id":"https:\/\/www.lpi.org\/de\/#\/schema\/logo\/image\/"},"sameAs":["https:\/\/www.facebook.com\/LPIConnect","https:\/\/x.com\/lpiconnect","https:\/\/www.linkedin.com\/company\/35136","https:\/\/www.instagram.com\/lpi_org\/","https:\/\/fosstodon.org\/@LPI"]}]}},"_links":{"self":[{"href":"https:\/\/www.lpi.org\/de\/wp-json\/wp\/v2\/pages\/13407","targetHints":{"allow":["GET"]}}],"collection":[{"href":"https:\/\/www.lpi.org\/de\/wp-json\/wp\/v2\/pages"}],"about":[{"href":"https:\/\/www.lpi.org\/de\/wp-json\/wp\/v2\/types\/page"}],"author":[{"embeddable":true,"href":"https:\/\/www.lpi.org\/de\/wp-json\/wp\/v2\/users\/1"}],"replies":[{"embeddable":true,"href":"https:\/\/www.lpi.org\/de\/wp-json\/wp\/v2\/comments?post=13407"}],"version-history":[{"count":0,"href":"https:\/\/www.lpi.org\/de\/wp-json\/wp\/v2\/pages\/13407\/revisions"}],"wp:attachment":[{"href":"https:\/\/www.lpi.org\/de\/wp-json\/wp\/v2\/media?parent=13407"}],"curies":[{"name":"wp","href":"https:\/\/api.w.org\/{rel}","templated":true}]}}