{"id":13416,"date":"2023-04-06T06:31:49","date_gmt":"2023-04-06T10:31:49","guid":{"rendered":"https:\/\/www.lpi.org\/online-tests-des-linux-professional-institute\/"},"modified":"2023-04-06T06:31:49","modified_gmt":"2023-04-06T10:31:49","slug":"online-testing","status":"publish","type":"page","link":"https:\/\/www.lpi.org\/de\/online-testing\/","title":{"rendered":"Online-Tests des Linux Professional Institute"},"content":{"rendered":"<p>Das Linux Professional Institute (LPI) bietet die Pr\u00fcfungen Linux Essentials, LPIC-1 (101 und 102) und LPIC-2 (201 und 202) \u00fcber das an\u00a0<a href=\"https:\/\/home.pearsonvue.com\/lpi\" target=\"_blank\" rel=\"noopener\">Pearson VUE OnVUE Testsystem<\/a>. Weitere Sprachen werden so schnell wie m\u00f6glich zur Verf\u00fcgung gestellt.<\/p>\n<p>&nbsp;<\/p>\n<h2>Ein Service f\u00fcr Sie<\/h2>\n<p>LPI-Pr\u00fcfungen werden traditionell physisch vor Ort abgehalten und h\u00e4ngen daher von externen Faktoren und der Reisef\u00e4higkeit der Kandidaten ab. Mit Online Proctoring k\u00f6nnen Kandidaten ihre Pr\u00fcfungen zu Hause oder im B\u00fcro schreiben, um sich zertifizieren zu lassen. Dies spart ihnen Zeit und Reisekosten und reduziert die Gesundheitsrisiken erheblich.<\/p>\n<p>&nbsp;<\/p>\n<h2>Alles ist sicher<\/h2>\n<p>Die Online-\u00dcberwachung ist sehr \u00e4hnlich zu dem, was in der gemacht wird\u00a0<a href=\"http:\/\/www.vue.com\/lpi\/locate\" target=\"_blank\" rel=\"noopener\">Pearson VUE Testzentren<\/a>. Sie legen Ihre Pr\u00fcfung ab, w\u00e4hrend Sie von einem verifizierten Pearson VUE Proctor auf Ihrer Webcam \u00fcberwacht werden.<\/p>\n<p>&nbsp;<\/p>\n<h2>Welche LPI-Pr\u00fcfungen kann ich online ablegen?<\/h2>\n<p><a href=\"https:\/\/www.lpi.org\/de\/our-certifications\/linux-essentials-overview\">Linux Professional Institute Linux-Essentials<\/a><br \/>\n<a href=\"https:\/\/www.lpi.org\/our-certifications\/web-development-essentials-overview\">Linux Professional Institute Web Development Essentials<\/a><br \/>\n<a href=\"https:\/\/www.lpi.org\/de\/our-certifications\/lpic-1-overview\">Linux Professional Institute LPIC-1<\/a><br \/>\n<a href=\"https:\/\/www.lpi.org\/de\/our-certifications\/lpic-2-overview\">Linux Professional Institute LPIC-2<\/a><\/p>\n<p>&nbsp;<\/p>\n<h2>In welchen Sprachen sind die Online-Pr\u00fcfungen verf\u00fcgbar?<\/h2>\n<p>Linux Professional Institute Linux Essentials: Englisch und Japanisch<br \/>\nLinux Professional Institute LPIC-1: Englisch und Japanisch<br \/>\nLinux Professional Institute LPIC-2: Englisch<\/p>\n<p>&nbsp;<\/p>\n<h2>Was Kandidaten wissen sollten<\/h2>\n<p>Die Online-\u00dcberwachungsplattform OnVUE ist nur in englischer Sprache verf\u00fcgbar. Von den Kandidaten wird ein ruhiger, privater Standort, ein zuverl\u00e4ssiger Computer mit Kamera und eine stabile Internetverbindung erwartet. Derzeit werden nur die Betriebssysteme Windows und MacOS unterst\u00fctzt. Als Linux-Zertifizierungsstelle wissen wir, dass viele unserer Bewerber den Test lieber auf dem System durchf\u00fchren, mit dem sie studiert haben und arbeiten. Aus diesem Grund diskutieren wir mit Pearson VUE, um Pr\u00fcfungen auf Linux-Computern verf\u00fcgbar zu machen.<\/p>\n<p>Eine vollst\u00e4ndige Liste der Systemanforderungen, Richtlinien und Verfahren finden Sie unter\u00a0<a href=\"https:\/\/home.pearsonvue.com\/lpi\/onvue\" target=\"_blank\" rel=\"noopener\">https:\/\/home.pearsonvue.com\/lpi\/onvue<\/a>. Die Pr\u00fcfungspreise und -l\u00e4ngen von LPI bleiben auf der OnVUE-Plattform dieselben wie in den Testzentren.<\/p>\n<p>Wir folgen st\u00e4ndig den Bed\u00fcrfnissen unserer Community und passen unsere Reaktionen und Ma\u00dfnahmen an die Bed\u00fcrfnisse so vieler potenzieller Kandidaten wie m\u00f6glich an. F\u00fcr weitere Fragen oder um Hilfe oder besondere Unterk\u00fcnfte anzufordern, besuchen Sie bitte unsere\u00a0<a href=\"https:\/\/www.lpi.org\/de\/about-lpi\/frequently-asked-questions\">FAQ<\/a>\u00a0Seite oder kontaktieren Sie LPI unter\u00a0<a href=\"mailto:info@lpi.org?subject=I%20have%20a%20question%20about%20online%20exams\">info@lpi.org<\/a>.<\/p>\n<p>&nbsp;<\/p>\n<p><a class=\"button2\" href=\"https:\/\/www.lpi.org\/coronavirus\">Unsere Antwort auf COVID-19 (Coronavirus)<\/a><\/p>\n<p><a class=\"button2\" href=\"https:\/\/www.lpi.org\/blog\/2020\/03\/17\/learn-and-volunteer-your-extra-time-home\">Lerne und melde dich freiwillig zu Hause<\/a><\/p>\n<div id=\"awebChromeHelper\"><\/div>\n","protected":false},"excerpt":{"rendered":"<p>Das Linux Professional Institute (LPI) bietet die Pr\u00fcfungen Linux Essentials, LPIC-1 (101 und 102) und LPIC-2 (201 und 202) \u00fcber das an\u00a0Pearson VUE OnVUE Testsystem. Weitere Sprachen werden so schnell wie m\u00f6glich zur Verf\u00fcgung gestellt. &nbsp; Ein Service f\u00fcr Sie &#8230; <a href=\"https:\/\/www.lpi.org\/de\/online-testing\/\" class=\"button-link\">Weiterlesen<\/a><\/p>\n","protected":false},"author":1,"featured_media":7628,"parent":0,"menu_order":0,"comment_status":"closed","ping_status":"closed","template":"","meta":{"_acf_changed":false,"footnotes":""},"class_list":["post-13416","page","type-page","status-publish","has-post-thumbnail","hentry"],"acf":[],"yoast_head":"<!-- This site is optimized with the Yoast SEO Premium plugin v27.2 (Yoast SEO v27.3) - https:\/\/yoast.com\/product\/yoast-seo-premium-wordpress\/ -->\n<title>Online-Tests des Linux Professional Institute - Linux Professional Institute (LPI)<\/title>\n<meta name=\"robots\" content=\"index, follow, max-snippet:-1, max-image-preview:large, max-video-preview:-1\" \/>\n<link rel=\"canonical\" href=\"https:\/\/www.lpi.org\/de\/online-testing\/\" \/>\n<meta property=\"og:locale\" content=\"de_DE\" \/>\n<meta property=\"og:type\" content=\"article\" \/>\n<meta property=\"og:title\" content=\"Online-Tests des Linux Professional Institute\" \/>\n<meta property=\"og:description\" content=\"Das Linux Professional Institute (LPI) bietet die Pr\u00fcfungen Linux Essentials, LPIC-1 (101 und 102) und LPIC-2 (201 und 202) \u00fcber das an\u00a0Pearson VUE OnVUE Testsystem. Weitere Sprachen werden so schnell wie m\u00f6glich zur Verf\u00fcgung gestellt. &nbsp; Ein Service f\u00fcr Sie ... Weiterlesen\" \/>\n<meta property=\"og:url\" content=\"https:\/\/www.lpi.org\/de\/online-testing\/\" \/>\n<meta property=\"og:site_name\" content=\"Linux Professional Institute (LPI)\" \/>\n<meta property=\"article:publisher\" content=\"https:\/\/www.facebook.com\/LPIConnect\" \/>\n<meta property=\"og:image\" content=\"https:\/\/www.lpi.org\/wp-content\/uploads\/2023\/05\/article-onVUE-Remote-Proctoring02.jpg\" \/>\n\t<meta property=\"og:image:width\" content=\"1440\" \/>\n\t<meta property=\"og:image:height\" content=\"994\" \/>\n\t<meta property=\"og:image:type\" content=\"image\/jpeg\" \/>\n<meta name=\"twitter:card\" content=\"summary_large_image\" \/>\n<meta name=\"twitter:site\" content=\"@lpiconnect\" \/>\n<meta name=\"twitter:label1\" content=\"Gesch\u00e4tzte Lesezeit\" \/>\n\t<meta name=\"twitter:data1\" content=\"2\u00a0Minuten\" \/>\n<script type=\"application\/ld+json\" class=\"yoast-schema-graph\">{\"@context\":\"https:\\\/\\\/schema.org\",\"@graph\":[{\"@type\":\"WebPage\",\"@id\":\"https:\\\/\\\/www.lpi.org\\\/de\\\/online-testing\\\/\",\"url\":\"https:\\\/\\\/www.lpi.org\\\/de\\\/online-testing\\\/\",\"name\":\"Online-Tests des Linux Professional Institute - Linux Professional Institute (LPI)\",\"isPartOf\":{\"@id\":\"https:\\\/\\\/www.lpi.org\\\/de\\\/#website\"},\"primaryImageOfPage\":{\"@id\":\"https:\\\/\\\/www.lpi.org\\\/de\\\/online-testing\\\/#primaryimage\"},\"image\":{\"@id\":\"https:\\\/\\\/www.lpi.org\\\/de\\\/online-testing\\\/#primaryimage\"},\"thumbnailUrl\":\"https:\\\/\\\/www.lpi.org\\\/wp-content\\\/uploads\\\/2023\\\/05\\\/article-onVUE-Remote-Proctoring02.jpg\",\"datePublished\":\"2023-04-06T10:31:49+00:00\",\"breadcrumb\":{\"@id\":\"https:\\\/\\\/www.lpi.org\\\/de\\\/online-testing\\\/#breadcrumb\"},\"inLanguage\":\"de\",\"potentialAction\":[{\"@type\":\"ReadAction\",\"target\":[\"https:\\\/\\\/www.lpi.org\\\/de\\\/online-testing\\\/\"]}]},{\"@type\":\"ImageObject\",\"inLanguage\":\"de\",\"@id\":\"https:\\\/\\\/www.lpi.org\\\/de\\\/online-testing\\\/#primaryimage\",\"url\":\"https:\\\/\\\/www.lpi.org\\\/wp-content\\\/uploads\\\/2023\\\/05\\\/article-onVUE-Remote-Proctoring02.jpg\",\"contentUrl\":\"https:\\\/\\\/www.lpi.org\\\/wp-content\\\/uploads\\\/2023\\\/05\\\/article-onVUE-Remote-Proctoring02.jpg\",\"width\":1440,\"height\":994,\"caption\":\"Linux Professional Institute (LPI) online testing\"},{\"@type\":\"BreadcrumbList\",\"@id\":\"https:\\\/\\\/www.lpi.org\\\/de\\\/online-testing\\\/#breadcrumb\",\"itemListElement\":[{\"@type\":\"ListItem\",\"position\":1,\"name\":\"Home\",\"item\":\"https:\\\/\\\/www.lpi.org\\\/de\\\/\"},{\"@type\":\"ListItem\",\"position\":2,\"name\":\"Online-Tests des Linux Professional Institute\"}]},{\"@type\":\"WebSite\",\"@id\":\"https:\\\/\\\/www.lpi.org\\\/de\\\/#website\",\"url\":\"https:\\\/\\\/www.lpi.org\\\/de\\\/\",\"name\":\"Linux Professional Institute (LPI)\",\"description\":\"\",\"publisher\":{\"@id\":\"https:\\\/\\\/www.lpi.org\\\/de\\\/#organization\"},\"potentialAction\":[{\"@type\":\"SearchAction\",\"target\":{\"@type\":\"EntryPoint\",\"urlTemplate\":\"https:\\\/\\\/www.lpi.org\\\/de\\\/?s={search_term_string}\"},\"query-input\":{\"@type\":\"PropertyValueSpecification\",\"valueRequired\":true,\"valueName\":\"search_term_string\"}}],\"inLanguage\":\"de\"},{\"@type\":\"Organization\",\"@id\":\"https:\\\/\\\/www.lpi.org\\\/de\\\/#organization\",\"name\":\"Linux Professional Institute (LPI)\",\"url\":\"https:\\\/\\\/www.lpi.org\\\/de\\\/\",\"logo\":{\"@type\":\"ImageObject\",\"inLanguage\":\"de\",\"@id\":\"https:\\\/\\\/www.lpi.org\\\/de\\\/#\\\/schema\\\/logo\\\/image\\\/\",\"url\":\"https:\\\/\\\/www.lpi.org\\\/wp-content\\\/uploads\\\/2023\\\/04\\\/logo.png\",\"contentUrl\":\"https:\\\/\\\/www.lpi.org\\\/wp-content\\\/uploads\\\/2023\\\/04\\\/logo.png\",\"width\":496,\"height\":175,\"caption\":\"Linux Professional Institute (LPI)\"},\"image\":{\"@id\":\"https:\\\/\\\/www.lpi.org\\\/de\\\/#\\\/schema\\\/logo\\\/image\\\/\"},\"sameAs\":[\"https:\\\/\\\/www.facebook.com\\\/LPIConnect\",\"https:\\\/\\\/x.com\\\/lpiconnect\",\"https:\\\/\\\/www.linkedin.com\\\/company\\\/35136\",\"https:\\\/\\\/www.instagram.com\\\/lpi_org\\\/\",\"https:\\\/\\\/fosstodon.org\\\/@LPI\"]}]}<\/script>\n<!-- \/ Yoast SEO Premium plugin. -->","yoast_head_json":{"title":"Online-Tests des Linux Professional Institute - Linux Professional Institute (LPI)","robots":{"index":"index","follow":"follow","max-snippet":"max-snippet:-1","max-image-preview":"max-image-preview:large","max-video-preview":"max-video-preview:-1"},"canonical":"https:\/\/www.lpi.org\/de\/online-testing\/","og_locale":"de_DE","og_type":"article","og_title":"Online-Tests des Linux Professional Institute","og_description":"Das Linux Professional Institute (LPI) bietet die Pr\u00fcfungen Linux Essentials, LPIC-1 (101 und 102) und LPIC-2 (201 und 202) \u00fcber das an\u00a0Pearson VUE OnVUE Testsystem. Weitere Sprachen werden so schnell wie m\u00f6glich zur Verf\u00fcgung gestellt. &nbsp; Ein Service f\u00fcr Sie ... Weiterlesen","og_url":"https:\/\/www.lpi.org\/de\/online-testing\/","og_site_name":"Linux Professional Institute (LPI)","article_publisher":"https:\/\/www.facebook.com\/LPIConnect","og_image":[{"width":1440,"height":994,"url":"https:\/\/www.lpi.org\/wp-content\/uploads\/2023\/05\/article-onVUE-Remote-Proctoring02.jpg","type":"image\/jpeg"}],"twitter_card":"summary_large_image","twitter_site":"@lpiconnect","twitter_misc":{"Gesch\u00e4tzte Lesezeit":"2\u00a0Minuten"},"schema":{"@context":"https:\/\/schema.org","@graph":[{"@type":"WebPage","@id":"https:\/\/www.lpi.org\/de\/online-testing\/","url":"https:\/\/www.lpi.org\/de\/online-testing\/","name":"Online-Tests des Linux Professional Institute - Linux Professional Institute (LPI)","isPartOf":{"@id":"https:\/\/www.lpi.org\/de\/#website"},"primaryImageOfPage":{"@id":"https:\/\/www.lpi.org\/de\/online-testing\/#primaryimage"},"image":{"@id":"https:\/\/www.lpi.org\/de\/online-testing\/#primaryimage"},"thumbnailUrl":"https:\/\/www.lpi.org\/wp-content\/uploads\/2023\/05\/article-onVUE-Remote-Proctoring02.jpg","datePublished":"2023-04-06T10:31:49+00:00","breadcrumb":{"@id":"https:\/\/www.lpi.org\/de\/online-testing\/#breadcrumb"},"inLanguage":"de","potentialAction":[{"@type":"ReadAction","target":["https:\/\/www.lpi.org\/de\/online-testing\/"]}]},{"@type":"ImageObject","inLanguage":"de","@id":"https:\/\/www.lpi.org\/de\/online-testing\/#primaryimage","url":"https:\/\/www.lpi.org\/wp-content\/uploads\/2023\/05\/article-onVUE-Remote-Proctoring02.jpg","contentUrl":"https:\/\/www.lpi.org\/wp-content\/uploads\/2023\/05\/article-onVUE-Remote-Proctoring02.jpg","width":1440,"height":994,"caption":"Linux Professional Institute (LPI) online testing"},{"@type":"BreadcrumbList","@id":"https:\/\/www.lpi.org\/de\/online-testing\/#breadcrumb","itemListElement":[{"@type":"ListItem","position":1,"name":"Home","item":"https:\/\/www.lpi.org\/de\/"},{"@type":"ListItem","position":2,"name":"Online-Tests des Linux Professional Institute"}]},{"@type":"WebSite","@id":"https:\/\/www.lpi.org\/de\/#website","url":"https:\/\/www.lpi.org\/de\/","name":"Linux Professional Institute (LPI)","description":"","publisher":{"@id":"https:\/\/www.lpi.org\/de\/#organization"},"potentialAction":[{"@type":"SearchAction","target":{"@type":"EntryPoint","urlTemplate":"https:\/\/www.lpi.org\/de\/?s={search_term_string}"},"query-input":{"@type":"PropertyValueSpecification","valueRequired":true,"valueName":"search_term_string"}}],"inLanguage":"de"},{"@type":"Organization","@id":"https:\/\/www.lpi.org\/de\/#organization","name":"Linux Professional Institute (LPI)","url":"https:\/\/www.lpi.org\/de\/","logo":{"@type":"ImageObject","inLanguage":"de","@id":"https:\/\/www.lpi.org\/de\/#\/schema\/logo\/image\/","url":"https:\/\/www.lpi.org\/wp-content\/uploads\/2023\/04\/logo.png","contentUrl":"https:\/\/www.lpi.org\/wp-content\/uploads\/2023\/04\/logo.png","width":496,"height":175,"caption":"Linux Professional Institute (LPI)"},"image":{"@id":"https:\/\/www.lpi.org\/de\/#\/schema\/logo\/image\/"},"sameAs":["https:\/\/www.facebook.com\/LPIConnect","https:\/\/x.com\/lpiconnect","https:\/\/www.linkedin.com\/company\/35136","https:\/\/www.instagram.com\/lpi_org\/","https:\/\/fosstodon.org\/@LPI"]}]}},"_links":{"self":[{"href":"https:\/\/www.lpi.org\/de\/wp-json\/wp\/v2\/pages\/13416","targetHints":{"allow":["GET"]}}],"collection":[{"href":"https:\/\/www.lpi.org\/de\/wp-json\/wp\/v2\/pages"}],"about":[{"href":"https:\/\/www.lpi.org\/de\/wp-json\/wp\/v2\/types\/page"}],"author":[{"embeddable":true,"href":"https:\/\/www.lpi.org\/de\/wp-json\/wp\/v2\/users\/1"}],"replies":[{"embeddable":true,"href":"https:\/\/www.lpi.org\/de\/wp-json\/wp\/v2\/comments?post=13416"}],"version-history":[{"count":0,"href":"https:\/\/www.lpi.org\/de\/wp-json\/wp\/v2\/pages\/13416\/revisions"}],"wp:featuredmedia":[{"embeddable":true,"href":"https:\/\/www.lpi.org\/de\/wp-json\/wp\/v2\/media\/7628"}],"wp:attachment":[{"href":"https:\/\/www.lpi.org\/de\/wp-json\/wp\/v2\/media?parent=13416"}],"curies":[{"name":"wp","href":"https:\/\/api.w.org\/{rel}","templated":true}]}}