{"id":13419,"date":"2023-06-19T04:08:16","date_gmt":"2023-06-19T08:08:16","guid":{"rendered":"https:\/\/www.lpi.org\/contests\/regeln-fuer-wettbewerbe\/"},"modified":"2023-06-19T04:08:16","modified_gmt":"2023-06-19T08:08:16","slug":"rules","status":"publish","type":"page","link":"https:\/\/www.lpi.org\/de\/contests\/rules\/","title":{"rendered":"Regeln f\u00fcr Wettbewerbe"},"content":{"rendered":"<h2>OFFIZIELLE WETTBEWERBSREGELN<br \/>\nLINUX PROFESSIONAL INSTITUTE<\/h2>\n<p>Das Linux Professional Institute (LPI, der &#8222;Sponsor&#8220;) veranstaltet Wettbewerbe f\u00fcr verschiedene Zwecke. Dieses Dokument erkl\u00e4rt die Regeln und Vorschriften f\u00fcr diese Wettbewerbe.<\/p>\n<h2>Ank\u00fcndigung<\/h2>\n<p>F\u00fcr jedes einzelne Gewinnspiel ist eine Ank\u00fcndigung in Form eines \u00f6ffentlich zug\u00e4nglichen Dokuments oder einer Webseite erforderlich, die w\u00e4hrend des Gewinnspielzeitraums zug\u00e4nglich ist. In der Ank\u00fcndigung wird mindestens Folgendes beschrieben:<\/p>\n<ul>\n<li>Der Name des Gewinnspiels<\/li>\n<li>Der Preis\/die Preise, die angeboten werden<\/li>\n<li>Der Beginn und das Ende des Wettbewerbszeitraums<\/li>\n<li>Die Art der Teilnahme<\/li>\n<\/ul>\n<h2>Teilnahmeberechtigung<\/h2>\n<p>Teilnahmeberechtigt sind Personen mit Wohnsitz in Kanada und anderen L\u00e4ndern, mit Ausnahme von L\u00e4ndern, in denen derartige Wettbewerbe gesetzlich verboten oder eingeschr\u00e4nkt sind, und die bei Ablauf des Wettbewerbszeitraums in dem Land, in dem sie ihren Wohnsitz haben, vollj\u00e4hrig sind. Mitarbeiter des Sponsors und der angeschlossenen Unternehmen, Vertreter und Agenten sowie unmittelbare Familienangeh\u00f6rige und im selben Haushalt lebende Personen der oben genannten Personen sind nicht teilnahmeberechtigt. Pro Person ist nur eine (1) Teilnahme pro Wettbewerb und ein (1) Preis pro Person m\u00f6glich. F\u00fcr den Fall, dass der Sponsor mehr als eine (1) Einsendung desselben Teilnehmers f\u00fcr ein Gewinnspiel erh\u00e4lt, wird der Sponsor die doppelten Einsendungen f\u00fcr ung\u00fcltig erkl\u00e4ren. Im Falle eines Streits \u00fcber die Identit\u00e4t eines Teilnehmers gilt der autorisierte Kontoinhaber der E-Mail-Adresse als Teilnehmer.<\/p>\n<p>Einwohner der folgenden L\u00e4nder und anderer L\u00e4nder, in denen eine lokale Registrierung von Wettbewerben erforderlich ist, sind nicht teilnahmeberechtigt:<\/p>\n<ul>\n<li>Iran<\/li>\n<li>Nordkorea<\/li>\n<li>Russland<\/li>\n<li>Serbien<\/li>\n<li>Quebec, Kanada<\/li>\n<li>Florida, USA<\/li>\n<li>New York, USA<\/li>\n<li>Rhode Island, USA<\/li>\n<li>Region Krim, Ukraine<\/li>\n<\/ul>\n<h2>Wettbewerbszeitraum<\/h2>\n<p>Die Wettbewerbszeitr\u00e4ume h\u00e4ngen von den jeweiligen Wettbewerben ab und werden in der Bekanntmachung ausdr\u00fccklich angegeben.<\/p>\n<h2>Kein Kauf erforderlich<\/h2>\n<p>Um an einem Gewinnspiel teilzunehmen oder es zu gewinnen, ist kein Kauf oder eine Zahlung jeglicher Art erforderlich. K\u00e4ufe verbessern die Gewinnchancen nicht.<\/p>\n<h2>Methode der Teilnahme<\/h2>\n<p>Die Teilnahmemethode h\u00e4ngt von den einzelnen Wettbewerben ab und wird in der jeweiligen Ank\u00fcndigung beschrieben.<\/p>\n<p>Eingesandte Beitr\u00e4ge werden nicht bewertet, jedoch beh\u00e4lt sich der Sponsor das Recht vor, unangemessene, unvollst\u00e4ndige oder irrelevante Beitr\u00e4ge nach eigenem Ermessen zu l\u00f6schen und\/oder auszuschlie\u00dfen.<\/p>\n<h2>Preise und Gewinnchancen<\/h2>\n<p>Die Anzahl und der Wert der Preise, die angeboten werden, werden in der Gewinnspielank\u00fcndigung explizit aufgef\u00fchrt.<\/p>\n<p>Es werden nicht mehr als die in der Ank\u00fcndigung des Gewinnspiels angegebene Anzahl von Preisen vergeben. Die Preise sind nicht \u00fcbertragbar, abtretbar, verkaufbar oder gegen Bargeld oder andere Ersatzleistungen einl\u00f6sbar. F\u00fcr die Preise k\u00f6nnen weitere Bedingungen gelten, wie z. B. zeitliche Beschr\u00e4nkungen, die gegebenenfalls in der Ank\u00fcndigung aufgef\u00fchrt werden. Alle Preise werden ohne M\u00e4ngelgew\u00e4hr und ohne ausdr\u00fcckliche oder stillschweigende Garantie vergeben. Der Sponsor beh\u00e4lt sich das Recht vor, nach eigenem Ermessen ein oder mehrere Elemente eines Preises durch einen Preis von gleichem oder h\u00f6herem Wert zu ersetzen. Der Sponsor bestimmt die geeignete Methode f\u00fcr den Versand der Preise.<\/p>\n<p>Die Gewinnchancen h\u00e4ngen von der Anzahl der berechtigten Einsendungen ab, die w\u00e4hrend des Teilnahmezeitraums eingehen.<\/p>\n<h2>Gewinnerauswahl<\/h2>\n<p>Der Sponsor f\u00fchrt innerhalb von zehn (10) Werktagen nach Ende des Wettbewerbszeitraums eine Zufallsziehung unter allen w\u00e4hrend des Wettbewerbszeitraums eingegangenen teilnahmeberechtigten Einsendungen durch. Der Sponsor wird die ausgew\u00e4hlten Teilnehmer per E-Mail benachrichtigen und dabei dieselbe E-Mail-Adresse verwenden, die die ausgew\u00e4hlten Teilnehmer zur Teilnahme am Wettbewerb verwendet haben. Die ausgew\u00e4hlten Teilnehmer sind daf\u00fcr verantwortlich, dem Sponsor eine korrekte E-Mail-Adresse mitzuteilen.<\/p>\n<p>Um zum Gewinner erkl\u00e4rt zu werden, m\u00fcssen die ausgew\u00e4hlten Teilnehmer eine zeitlich begrenzte mathematische Geschicklichkeitsfrage richtig beantworten, und zwar ohne jegliche Hilfe, ob mechanisch oder anderweitig, die per E-Mail gestellt wird.<\/p>\n<h2>Erkl\u00e4rungs- und Freigabeformular<\/h2>\n<p>Mit der Teilnahme an diesem Gewinnspiel erkl\u00e4ren sich die Teilnehmer damit einverstanden, diese offiziellen Regeln zu befolgen und an sie gebunden zu sein. Ausgew\u00e4hlte Teilnehmer erkl\u00e4ren sich damit einverstanden, den Sponsor und seine jeweiligen leitenden Angestellten, Direktoren, Mitarbeiter und Vertreter (die &#8222;freigestellten Parteien&#8220;) von jeglicher Haftung im Zusammenhang mit dem Wettbewerb (Teilnahme, Durchf\u00fchrung, Werbung, Regeln usw.) oder der Annahme oder Verwendung eines Preises freizustellen, schadlos zu halten, zu entsch\u00e4digen und zu verteidigen. Die Teilnehmer erkl\u00e4ren sich damit einverstanden, alle Urheberrechte abzutreten und auf alle Urheberpers\u00f6nlichkeitsrechte f\u00fcr einen Teil oder den gesamten Inhalt ihres Wettbewerbsbeitrags an den Sponsor zu verzichten. Mit der Annahme eines Preises gew\u00e4hren die Gewinner dem Sponsor das Recht, ihren Namen, ihren Standort, ihre Berufsbezeichnung und den gesamten Inhalt ihres Wettbewerbsbeitrags f\u00fcr jeden rechtm\u00e4\u00dfigen Zweck (einschlie\u00dflich, aber nicht beschr\u00e4nkt auf Werbung und Verkaufsf\u00f6rderung) auf Dauer und in allen bekannten oder k\u00fcnftig entwickelten Medien ohne weitere Genehmigung oder Verg\u00fctung zu verwenden.<\/p>\n<p>Ausgew\u00e4hlte Teilnehmer k\u00f6nnen aufgefordert werden, eine Erkl\u00e4rung und ein Freigabeformular zu unterzeichnen, in dem sie die Einhaltung dieser offiziellen Regeln best\u00e4tigen und eine Haftungsfreistellung zugunsten der freigestellten Parteien unterzeichnen, bevor sie die Preise erhalten. Wird die Haftungsfreistellung verweigert oder nicht innerhalb von zwei (2) Monaten nach der Benachrichtigung in ausgef\u00fcllter Form zur\u00fcckgeschickt, verf\u00e4llt der Preis.<\/p>\n<h2>Haftungsbeschr\u00e4nkung<\/h2>\n<p>Im gr\u00f6\u00dftm\u00f6glichen gesetzlich zul\u00e4ssigen Umfang \u00fcbernehmen die freigestellten Parteien keine Verantwortung oder Haftung f\u00fcr (a) falsche oder ungenaue Registrierungs- oder Teilnahmeinformationen oder f\u00fcr fehlerhafte, fehlgeschlagene, verst\u00fcmmelte oder durcheinander geratene elektronische Daten\u00fcbertragungen; (b) unbefugten Zugriff auf oder Diebstahl, Zerst\u00f6rung oder Ver\u00e4nderung von Beitr\u00e4gen zu irgendeinem Zeitpunkt w\u00e4hrend der Durchf\u00fchrung dieses Gewinnspiels; (c) versp\u00e4tete, verlorene, unzustellbare oder gestohlene Einsendungen; (d) Druck-, Schreib-, technische, Computer-, Netzwerk-, Versand- \u00a0oder menschliche Fehler, die bei der Verwaltung des Wettbewerbs, bei der Bekanntgabe der Preise oder in den Materialien zum Wettbewerb auftreten k\u00f6nnen; (e) technische St\u00f6rungen, Ausf\u00e4lle, Fehler, Auslassungen, Unterbrechungen, L\u00f6schungen, Defekte, Betriebsverz\u00f6gerungen oder Ausf\u00e4lle von Kommunikationsleitungen, unabh\u00e4ngig von der Ursache, in Bezug auf Ger\u00e4te, Systeme, Netzwerke, Leitungen, Satelliten, Server, Computer oder Anbieter, die bei der Durchf\u00fchrung des Wettbewerbs eingesetzt werden; (f) Nichterreichbarkeit oder Nichtverf\u00fcgbarkeit des Internets; oder (g) Verletzungen oder Sch\u00e4den am Computer des Teilnehmers oder einer anderen Person, die mit der Teilnahme am Wettbewerb zusammenh\u00e4ngen oder daraus resultieren.<\/p>\n<h2>Allgemeines<\/h2>\n<p>Das Gewinnspiel unterliegt den vorliegenden offiziellen Regeln und allen geltenden Gesetzen von Ontario, Kanada. Wettbewerbe sind in jeder Gerichtsbarkeit ung\u00fcltig, in der sie gesetzlich verboten oder eingeschr\u00e4nkt sind.<\/p>\n<h2>Datenschutz<\/h2>\n<p>Die von Ihnen erfassten Informationen unterliegen den Datenschutzrichtlinien des Sponsors, die unter\u00a0<a href=\"http:\/\/www.lpi.org\/policies\">http:\/\/www.lpi.org\/policies<\/a>\u00a0unter &#8222;Datenschutzrichtlinien&#8220; verf\u00fcgbar sind. Ungeachtet des Vorstehenden erkl\u00e4ren sich die Teilnehmer mit der Teilnahme am Wettbewerb mit der Erfassung, Verwendung und Offenlegung ihrer pers\u00f6nlichen Daten f\u00fcr Zwecke im Zusammenhang mit der Verwaltung dieses Wettbewerbs und f\u00fcr alle anderen Kommunikationszwecke einverstanden, f\u00fcr die eine g\u00fcltige Zustimmung eingeholt wird.<\/p>\n","protected":false},"excerpt":{"rendered":"<p>OFFIZIELLE WETTBEWERBSREGELN LINUX PROFESSIONAL INSTITUTE Das Linux Professional Institute (LPI, der &#8222;Sponsor&#8220;) veranstaltet Wettbewerbe f\u00fcr verschiedene Zwecke. Dieses Dokument erkl\u00e4rt die Regeln und Vorschriften f\u00fcr diese Wettbewerbe. Ank\u00fcndigung F\u00fcr jedes einzelne Gewinnspiel ist eine Ank\u00fcndigung in Form eines \u00f6ffentlich zug\u00e4nglichen &#8230; <a href=\"https:\/\/www.lpi.org\/de\/contests\/rules\/\" class=\"button-link\">Weiterlesen<\/a><\/p>\n","protected":false},"author":1,"featured_media":0,"parent":13414,"menu_order":0,"comment_status":"closed","ping_status":"closed","template":"","meta":{"_acf_changed":false,"footnotes":""},"class_list":["post-13419","page","type-page","status-publish","hentry"],"acf":[],"yoast_head":"<!-- This site is optimized with the Yoast SEO Premium plugin v27.2 (Yoast SEO v27.4) - https:\/\/yoast.com\/product\/yoast-seo-premium-wordpress\/ -->\n<title>Regeln f\u00fcr Wettbewerbe - Linux Professional Institute (LPI)<\/title>\n<meta name=\"robots\" content=\"index, follow, max-snippet:-1, max-image-preview:large, max-video-preview:-1\" \/>\n<link rel=\"canonical\" href=\"https:\/\/www.lpi.org\/de\/contests\/rules\/\" \/>\n<meta property=\"og:locale\" content=\"de_DE\" \/>\n<meta property=\"og:type\" content=\"article\" \/>\n<meta property=\"og:title\" content=\"Regeln f\u00fcr Wettbewerbe\" \/>\n<meta property=\"og:description\" content=\"OFFIZIELLE WETTBEWERBSREGELN LINUX PROFESSIONAL INSTITUTE Das Linux Professional Institute (LPI, der &#8222;Sponsor&#8220;) veranstaltet Wettbewerbe f\u00fcr verschiedene Zwecke. Dieses Dokument erkl\u00e4rt die Regeln und Vorschriften f\u00fcr diese Wettbewerbe. Ank\u00fcndigung F\u00fcr jedes einzelne Gewinnspiel ist eine Ank\u00fcndigung in Form eines \u00f6ffentlich zug\u00e4nglichen ... Weiterlesen\" \/>\n<meta property=\"og:url\" content=\"https:\/\/www.lpi.org\/de\/contests\/rules\/\" \/>\n<meta property=\"og:site_name\" content=\"Linux Professional Institute (LPI)\" \/>\n<meta property=\"article:publisher\" content=\"https:\/\/www.facebook.com\/LPIConnect\" \/>\n<meta name=\"twitter:card\" content=\"summary_large_image\" \/>\n<meta name=\"twitter:site\" content=\"@lpiconnect\" \/>\n<meta name=\"twitter:label1\" content=\"Gesch\u00e4tzte Lesezeit\" \/>\n\t<meta name=\"twitter:data1\" content=\"6\u00a0Minuten\" \/>\n<script type=\"application\/ld+json\" class=\"yoast-schema-graph\">{\"@context\":\"https:\\\/\\\/schema.org\",\"@graph\":[{\"@type\":\"WebPage\",\"@id\":\"https:\\\/\\\/www.lpi.org\\\/de\\\/contests\\\/rules\\\/\",\"url\":\"https:\\\/\\\/www.lpi.org\\\/de\\\/contests\\\/rules\\\/\",\"name\":\"Regeln f\u00fcr Wettbewerbe - Linux Professional Institute (LPI)\",\"isPartOf\":{\"@id\":\"https:\\\/\\\/www.lpi.org\\\/de\\\/#website\"},\"datePublished\":\"2023-06-19T08:08:16+00:00\",\"breadcrumb\":{\"@id\":\"https:\\\/\\\/www.lpi.org\\\/de\\\/contests\\\/rules\\\/#breadcrumb\"},\"inLanguage\":\"de\",\"potentialAction\":[{\"@type\":\"ReadAction\",\"target\":[\"https:\\\/\\\/www.lpi.org\\\/de\\\/contests\\\/rules\\\/\"]}]},{\"@type\":\"BreadcrumbList\",\"@id\":\"https:\\\/\\\/www.lpi.org\\\/de\\\/contests\\\/rules\\\/#breadcrumb\",\"itemListElement\":[{\"@type\":\"ListItem\",\"position\":1,\"name\":\"Home\",\"item\":\"https:\\\/\\\/www.lpi.org\\\/de\\\/\"},{\"@type\":\"ListItem\",\"position\":2,\"name\":\"Wettbewerbe!\",\"item\":\"https:\\\/\\\/www.lpi.org\\\/de\\\/contests\\\/\"},{\"@type\":\"ListItem\",\"position\":3,\"name\":\"Regeln f\u00fcr Wettbewerbe\"}]},{\"@type\":\"WebSite\",\"@id\":\"https:\\\/\\\/www.lpi.org\\\/de\\\/#website\",\"url\":\"https:\\\/\\\/www.lpi.org\\\/de\\\/\",\"name\":\"Linux Professional Institute (LPI)\",\"description\":\"\",\"publisher\":{\"@id\":\"https:\\\/\\\/www.lpi.org\\\/de\\\/#organization\"},\"potentialAction\":[{\"@type\":\"SearchAction\",\"target\":{\"@type\":\"EntryPoint\",\"urlTemplate\":\"https:\\\/\\\/www.lpi.org\\\/de\\\/?s={search_term_string}\"},\"query-input\":{\"@type\":\"PropertyValueSpecification\",\"valueRequired\":true,\"valueName\":\"search_term_string\"}}],\"inLanguage\":\"de\"},{\"@type\":\"Organization\",\"@id\":\"https:\\\/\\\/www.lpi.org\\\/de\\\/#organization\",\"name\":\"Linux Professional Institute (LPI)\",\"url\":\"https:\\\/\\\/www.lpi.org\\\/de\\\/\",\"logo\":{\"@type\":\"ImageObject\",\"inLanguage\":\"de\",\"@id\":\"https:\\\/\\\/www.lpi.org\\\/de\\\/#\\\/schema\\\/logo\\\/image\\\/\",\"url\":\"https:\\\/\\\/www.lpi.org\\\/wp-content\\\/uploads\\\/2023\\\/04\\\/logo.png\",\"contentUrl\":\"https:\\\/\\\/www.lpi.org\\\/wp-content\\\/uploads\\\/2023\\\/04\\\/logo.png\",\"width\":496,\"height\":175,\"caption\":\"Linux Professional Institute (LPI)\"},\"image\":{\"@id\":\"https:\\\/\\\/www.lpi.org\\\/de\\\/#\\\/schema\\\/logo\\\/image\\\/\"},\"sameAs\":[\"https:\\\/\\\/www.facebook.com\\\/LPIConnect\",\"https:\\\/\\\/x.com\\\/lpiconnect\",\"https:\\\/\\\/www.linkedin.com\\\/company\\\/35136\",\"https:\\\/\\\/www.instagram.com\\\/lpi_org\\\/\",\"https:\\\/\\\/fosstodon.org\\\/@LPI\"]}]}<\/script>\n<!-- \/ Yoast SEO Premium plugin. -->","yoast_head_json":{"title":"Regeln f\u00fcr Wettbewerbe - Linux Professional Institute (LPI)","robots":{"index":"index","follow":"follow","max-snippet":"max-snippet:-1","max-image-preview":"max-image-preview:large","max-video-preview":"max-video-preview:-1"},"canonical":"https:\/\/www.lpi.org\/de\/contests\/rules\/","og_locale":"de_DE","og_type":"article","og_title":"Regeln f\u00fcr Wettbewerbe","og_description":"OFFIZIELLE WETTBEWERBSREGELN LINUX PROFESSIONAL INSTITUTE Das Linux Professional Institute (LPI, der &#8222;Sponsor&#8220;) veranstaltet Wettbewerbe f\u00fcr verschiedene Zwecke. Dieses Dokument erkl\u00e4rt die Regeln und Vorschriften f\u00fcr diese Wettbewerbe. Ank\u00fcndigung F\u00fcr jedes einzelne Gewinnspiel ist eine Ank\u00fcndigung in Form eines \u00f6ffentlich zug\u00e4nglichen ... Weiterlesen","og_url":"https:\/\/www.lpi.org\/de\/contests\/rules\/","og_site_name":"Linux Professional Institute (LPI)","article_publisher":"https:\/\/www.facebook.com\/LPIConnect","twitter_card":"summary_large_image","twitter_site":"@lpiconnect","twitter_misc":{"Gesch\u00e4tzte Lesezeit":"6\u00a0Minuten"},"schema":{"@context":"https:\/\/schema.org","@graph":[{"@type":"WebPage","@id":"https:\/\/www.lpi.org\/de\/contests\/rules\/","url":"https:\/\/www.lpi.org\/de\/contests\/rules\/","name":"Regeln f\u00fcr Wettbewerbe - Linux Professional Institute (LPI)","isPartOf":{"@id":"https:\/\/www.lpi.org\/de\/#website"},"datePublished":"2023-06-19T08:08:16+00:00","breadcrumb":{"@id":"https:\/\/www.lpi.org\/de\/contests\/rules\/#breadcrumb"},"inLanguage":"de","potentialAction":[{"@type":"ReadAction","target":["https:\/\/www.lpi.org\/de\/contests\/rules\/"]}]},{"@type":"BreadcrumbList","@id":"https:\/\/www.lpi.org\/de\/contests\/rules\/#breadcrumb","itemListElement":[{"@type":"ListItem","position":1,"name":"Home","item":"https:\/\/www.lpi.org\/de\/"},{"@type":"ListItem","position":2,"name":"Wettbewerbe!","item":"https:\/\/www.lpi.org\/de\/contests\/"},{"@type":"ListItem","position":3,"name":"Regeln f\u00fcr Wettbewerbe"}]},{"@type":"WebSite","@id":"https:\/\/www.lpi.org\/de\/#website","url":"https:\/\/www.lpi.org\/de\/","name":"Linux Professional Institute (LPI)","description":"","publisher":{"@id":"https:\/\/www.lpi.org\/de\/#organization"},"potentialAction":[{"@type":"SearchAction","target":{"@type":"EntryPoint","urlTemplate":"https:\/\/www.lpi.org\/de\/?s={search_term_string}"},"query-input":{"@type":"PropertyValueSpecification","valueRequired":true,"valueName":"search_term_string"}}],"inLanguage":"de"},{"@type":"Organization","@id":"https:\/\/www.lpi.org\/de\/#organization","name":"Linux Professional Institute (LPI)","url":"https:\/\/www.lpi.org\/de\/","logo":{"@type":"ImageObject","inLanguage":"de","@id":"https:\/\/www.lpi.org\/de\/#\/schema\/logo\/image\/","url":"https:\/\/www.lpi.org\/wp-content\/uploads\/2023\/04\/logo.png","contentUrl":"https:\/\/www.lpi.org\/wp-content\/uploads\/2023\/04\/logo.png","width":496,"height":175,"caption":"Linux Professional Institute (LPI)"},"image":{"@id":"https:\/\/www.lpi.org\/de\/#\/schema\/logo\/image\/"},"sameAs":["https:\/\/www.facebook.com\/LPIConnect","https:\/\/x.com\/lpiconnect","https:\/\/www.linkedin.com\/company\/35136","https:\/\/www.instagram.com\/lpi_org\/","https:\/\/fosstodon.org\/@LPI"]}]}},"_links":{"self":[{"href":"https:\/\/www.lpi.org\/de\/wp-json\/wp\/v2\/pages\/13419","targetHints":{"allow":["GET"]}}],"collection":[{"href":"https:\/\/www.lpi.org\/de\/wp-json\/wp\/v2\/pages"}],"about":[{"href":"https:\/\/www.lpi.org\/de\/wp-json\/wp\/v2\/types\/page"}],"author":[{"embeddable":true,"href":"https:\/\/www.lpi.org\/de\/wp-json\/wp\/v2\/users\/1"}],"replies":[{"embeddable":true,"href":"https:\/\/www.lpi.org\/de\/wp-json\/wp\/v2\/comments?post=13419"}],"version-history":[{"count":0,"href":"https:\/\/www.lpi.org\/de\/wp-json\/wp\/v2\/pages\/13419\/revisions"}],"up":[{"embeddable":true,"href":"https:\/\/www.lpi.org\/de\/wp-json\/wp\/v2\/pages\/13414"}],"wp:attachment":[{"href":"https:\/\/www.lpi.org\/de\/wp-json\/wp\/v2\/media?parent=13419"}],"curies":[{"name":"wp","href":"https:\/\/api.w.org\/{rel}","templated":true}]}}