{"id":13422,"date":"2023-04-10T07:46:54","date_gmt":"2023-04-10T11:46:54","guid":{"rendered":"https:\/\/www.lpi.org\/unsere-antwort-auf-covid-19-coronavirus\/"},"modified":"2023-04-10T07:46:54","modified_gmt":"2023-04-10T11:46:54","slug":"coronavirus","status":"publish","type":"page","link":"https:\/\/www.lpi.org\/de\/coronavirus\/","title":{"rendered":"Unsere Antwort auf COVID-19 (Coronavirus)"},"content":{"rendered":"<p><strong>Letzte \u00c4nderung am 12. August 2022<\/strong><\/p>\n<p>Um die Ausbreitung von COVID-19 (Coronavirus) einzud\u00e4mmen, wurden weltweit Ma\u00dfnahmen ergriffen, die Ihre M\u00f6glichkeit beeintr\u00e4chtigen k\u00f6nnen, Pr\u00fcfungen des Linux Professional Institute (LPI) abzulegen oder Ihren Zertifizierungsstatus zu erneuern. Da Ihre Gesundheit und Sicherheit am wichtigsten sind, haben wir einige vor\u00fcbergehende \u00c4nderungen an unseren Richtlinien vorgenommen, um die Auswirkungen auf unsere Gemeinschaft zu verringern:<\/p>\n<ul>\n<li>Alle Zertifizierungen, die im Jahr 2021 in den inaktiven Status wechseln sollten, wurden bis zum 31. Dezember 2021 verl\u00e4ngert.<\/li>\n<li>Eine Reihe von LPI-Pr\u00fcfungen wurden abgesagt, in einigen F\u00e4llen, weil auch die zugeh\u00f6rige Veranstaltung abgesagt wurde. Angemeldete Pr\u00fcfungsteilnehmer erhalten Ersatzgutscheine, und wenn m\u00f6glich werden die Pr\u00fcfungen neu angesetzt.<\/li>\n<li>LPI bietet die Pr\u00fcfungen Linux Essentials, LPIC-1 (101 und 102), LPIC-2 (201 und 202) und LPIC-3 (300, 303, 305 und 306)\u00a0\u00fcber das\u00a0<a href=\"https:\/\/home.pearsonvue.com\/lpi\" target=\"_blank\" rel=\"noopener\">Pearson VUE OnVUE Testsystem<\/a>\u00a0an. Die Kandidaten k\u00f6nnen die Pr\u00fcfungen von zu Hause aus schreiben und sich zertifizieren lassen. Weitere Sprachen werden so bald wie m\u00f6glich zur Verf\u00fcgung gestellt. Weitere Informationen finden Sie auf unserer\u00a0<a href=\"https:\/\/www.lpi.org\/linux-professional-institute-online-testing\">Online-Pr\u00fcfungsseite<\/a>.<\/li>\n<\/ul>\n<p>Unser Partner, Pearson VUE, unterh\u00e4lt auch eine\u00a0<a href=\"https:\/\/home.pearsonvue.com\/Standalone-pages\/Coronavirus-update.aspx\" target=\"_blank\" rel=\"noopener\">COVID-19-Webseite, die l\u00e4nderspezifische Informationen<\/a>\u00a0\u00fcber den Status seiner Testzentren und die M\u00f6glichkeit, dort LPI-Pr\u00fcfungen abzulegen, enth\u00e4lt. Beachten Sie, dass an einigen Orten Pearson Professional Centers (PPCs) geschlossen werden, aber unabh\u00e4ngig gef\u00fchrte VUE-Testzentren noch in Betrieb sein k\u00f6nnen. Bitte treffen Sie entsprechende Vorsichtsma\u00dfnahmen, wenn Sie zu dieser Zeit eine Pr\u00fcfung ablegen.<\/p>\n<p>Wenn COVID-19 in Ihrer Region Schwierigkeiten verursacht, die oben nicht angesprochen wurden, kontaktieren Sie uns bitte per E-Mail unter\u00a0<a href=\"mailto:info@lpi.org\">info@lpi.org<\/a>.<\/p>\n<p>Bitte besuchen Sie diese Seite regelm\u00e4\u00dfig, um \u00fcber weitere Aktualisierungen informiert zu bleiben.<\/p>\n<p>Wir vom LPI hoffen, dass Sie in diesen schwierigen Zeiten sicher und gesund bleiben. Um sich dar\u00fcber zu informieren, was Sie tun k\u00f6nnen, um sich und Ihre Mitmenschen zu sch\u00fctzen, wenden Sie sich an Ihre \u00f6rtlichen Beh\u00f6rden oder an die\u00a0<a href=\"https:\/\/www.who.int\/emergencies\/diseases\/novel-coronavirus-2019\" target=\"_blank\" rel=\"noopener\">Website der Weltgesundheitsorganisation<\/a>.<\/p>\n","protected":false},"excerpt":{"rendered":"<p>Letzte \u00c4nderung am 12. August 2022 Um die Ausbreitung von COVID-19 (Coronavirus) einzud\u00e4mmen, wurden weltweit Ma\u00dfnahmen ergriffen, die Ihre M\u00f6glichkeit beeintr\u00e4chtigen k\u00f6nnen, Pr\u00fcfungen des Linux Professional Institute (LPI) abzulegen oder Ihren Zertifizierungsstatus zu erneuern. Da Ihre Gesundheit und Sicherheit am &#8230; <a href=\"https:\/\/www.lpi.org\/de\/coronavirus\/\" class=\"button-link\">Weiterlesen<\/a><\/p>\n","protected":false},"author":1,"featured_media":0,"parent":0,"menu_order":0,"comment_status":"closed","ping_status":"closed","template":"","meta":{"_acf_changed":false,"footnotes":""},"class_list":["post-13422","page","type-page","status-publish","hentry"],"acf":[],"yoast_head":"<!-- This site is optimized with the Yoast SEO Premium plugin v27.2 (Yoast SEO v27.3) - https:\/\/yoast.com\/product\/yoast-seo-premium-wordpress\/ -->\n<title>Unsere Antwort auf COVID-19 (Coronavirus) - Linux Professional Institute (LPI)<\/title>\n<meta name=\"robots\" content=\"index, follow, max-snippet:-1, max-image-preview:large, max-video-preview:-1\" \/>\n<link rel=\"canonical\" href=\"https:\/\/www.lpi.org\/de\/coronavirus\/\" \/>\n<meta property=\"og:locale\" content=\"de_DE\" \/>\n<meta property=\"og:type\" content=\"article\" \/>\n<meta property=\"og:title\" content=\"Unsere Antwort auf COVID-19 (Coronavirus)\" \/>\n<meta property=\"og:description\" content=\"Letzte \u00c4nderung am 12. August 2022 Um die Ausbreitung von COVID-19 (Coronavirus) einzud\u00e4mmen, wurden weltweit Ma\u00dfnahmen ergriffen, die Ihre M\u00f6glichkeit beeintr\u00e4chtigen k\u00f6nnen, Pr\u00fcfungen des Linux Professional Institute (LPI) abzulegen oder Ihren Zertifizierungsstatus zu erneuern. Da Ihre Gesundheit und Sicherheit am ... Weiterlesen\" \/>\n<meta property=\"og:url\" content=\"https:\/\/www.lpi.org\/de\/coronavirus\/\" \/>\n<meta property=\"og:site_name\" content=\"Linux Professional Institute (LPI)\" \/>\n<meta property=\"article:publisher\" content=\"https:\/\/www.facebook.com\/LPIConnect\" \/>\n<meta name=\"twitter:card\" content=\"summary_large_image\" \/>\n<meta name=\"twitter:site\" content=\"@lpiconnect\" \/>\n<meta name=\"twitter:label1\" content=\"Gesch\u00e4tzte Lesezeit\" \/>\n\t<meta name=\"twitter:data1\" content=\"2\u00a0Minuten\" \/>\n<script type=\"application\/ld+json\" class=\"yoast-schema-graph\">{\"@context\":\"https:\\\/\\\/schema.org\",\"@graph\":[{\"@type\":\"WebPage\",\"@id\":\"https:\\\/\\\/www.lpi.org\\\/de\\\/coronavirus\\\/\",\"url\":\"https:\\\/\\\/www.lpi.org\\\/de\\\/coronavirus\\\/\",\"name\":\"Unsere Antwort auf COVID-19 (Coronavirus) - Linux Professional Institute (LPI)\",\"isPartOf\":{\"@id\":\"https:\\\/\\\/www.lpi.org\\\/de\\\/#website\"},\"datePublished\":\"2023-04-10T11:46:54+00:00\",\"breadcrumb\":{\"@id\":\"https:\\\/\\\/www.lpi.org\\\/de\\\/coronavirus\\\/#breadcrumb\"},\"inLanguage\":\"de\",\"potentialAction\":[{\"@type\":\"ReadAction\",\"target\":[\"https:\\\/\\\/www.lpi.org\\\/de\\\/coronavirus\\\/\"]}]},{\"@type\":\"BreadcrumbList\",\"@id\":\"https:\\\/\\\/www.lpi.org\\\/de\\\/coronavirus\\\/#breadcrumb\",\"itemListElement\":[{\"@type\":\"ListItem\",\"position\":1,\"name\":\"Home\",\"item\":\"https:\\\/\\\/www.lpi.org\\\/de\\\/\"},{\"@type\":\"ListItem\",\"position\":2,\"name\":\"Unsere Antwort auf COVID-19 (Coronavirus)\"}]},{\"@type\":\"WebSite\",\"@id\":\"https:\\\/\\\/www.lpi.org\\\/de\\\/#website\",\"url\":\"https:\\\/\\\/www.lpi.org\\\/de\\\/\",\"name\":\"Linux Professional Institute (LPI)\",\"description\":\"\",\"publisher\":{\"@id\":\"https:\\\/\\\/www.lpi.org\\\/de\\\/#organization\"},\"potentialAction\":[{\"@type\":\"SearchAction\",\"target\":{\"@type\":\"EntryPoint\",\"urlTemplate\":\"https:\\\/\\\/www.lpi.org\\\/de\\\/?s={search_term_string}\"},\"query-input\":{\"@type\":\"PropertyValueSpecification\",\"valueRequired\":true,\"valueName\":\"search_term_string\"}}],\"inLanguage\":\"de\"},{\"@type\":\"Organization\",\"@id\":\"https:\\\/\\\/www.lpi.org\\\/de\\\/#organization\",\"name\":\"Linux Professional Institute (LPI)\",\"url\":\"https:\\\/\\\/www.lpi.org\\\/de\\\/\",\"logo\":{\"@type\":\"ImageObject\",\"inLanguage\":\"de\",\"@id\":\"https:\\\/\\\/www.lpi.org\\\/de\\\/#\\\/schema\\\/logo\\\/image\\\/\",\"url\":\"https:\\\/\\\/www.lpi.org\\\/wp-content\\\/uploads\\\/2023\\\/04\\\/logo.png\",\"contentUrl\":\"https:\\\/\\\/www.lpi.org\\\/wp-content\\\/uploads\\\/2023\\\/04\\\/logo.png\",\"width\":496,\"height\":175,\"caption\":\"Linux Professional Institute (LPI)\"},\"image\":{\"@id\":\"https:\\\/\\\/www.lpi.org\\\/de\\\/#\\\/schema\\\/logo\\\/image\\\/\"},\"sameAs\":[\"https:\\\/\\\/www.facebook.com\\\/LPIConnect\",\"https:\\\/\\\/x.com\\\/lpiconnect\",\"https:\\\/\\\/www.linkedin.com\\\/company\\\/35136\",\"https:\\\/\\\/www.instagram.com\\\/lpi_org\\\/\",\"https:\\\/\\\/fosstodon.org\\\/@LPI\"]}]}<\/script>\n<!-- \/ Yoast SEO Premium plugin. -->","yoast_head_json":{"title":"Unsere Antwort auf COVID-19 (Coronavirus) - Linux Professional Institute (LPI)","robots":{"index":"index","follow":"follow","max-snippet":"max-snippet:-1","max-image-preview":"max-image-preview:large","max-video-preview":"max-video-preview:-1"},"canonical":"https:\/\/www.lpi.org\/de\/coronavirus\/","og_locale":"de_DE","og_type":"article","og_title":"Unsere Antwort auf COVID-19 (Coronavirus)","og_description":"Letzte \u00c4nderung am 12. August 2022 Um die Ausbreitung von COVID-19 (Coronavirus) einzud\u00e4mmen, wurden weltweit Ma\u00dfnahmen ergriffen, die Ihre M\u00f6glichkeit beeintr\u00e4chtigen k\u00f6nnen, Pr\u00fcfungen des Linux Professional Institute (LPI) abzulegen oder Ihren Zertifizierungsstatus zu erneuern. Da Ihre Gesundheit und Sicherheit am ... Weiterlesen","og_url":"https:\/\/www.lpi.org\/de\/coronavirus\/","og_site_name":"Linux Professional Institute (LPI)","article_publisher":"https:\/\/www.facebook.com\/LPIConnect","twitter_card":"summary_large_image","twitter_site":"@lpiconnect","twitter_misc":{"Gesch\u00e4tzte Lesezeit":"2\u00a0Minuten"},"schema":{"@context":"https:\/\/schema.org","@graph":[{"@type":"WebPage","@id":"https:\/\/www.lpi.org\/de\/coronavirus\/","url":"https:\/\/www.lpi.org\/de\/coronavirus\/","name":"Unsere Antwort auf COVID-19 (Coronavirus) - Linux Professional Institute (LPI)","isPartOf":{"@id":"https:\/\/www.lpi.org\/de\/#website"},"datePublished":"2023-04-10T11:46:54+00:00","breadcrumb":{"@id":"https:\/\/www.lpi.org\/de\/coronavirus\/#breadcrumb"},"inLanguage":"de","potentialAction":[{"@type":"ReadAction","target":["https:\/\/www.lpi.org\/de\/coronavirus\/"]}]},{"@type":"BreadcrumbList","@id":"https:\/\/www.lpi.org\/de\/coronavirus\/#breadcrumb","itemListElement":[{"@type":"ListItem","position":1,"name":"Home","item":"https:\/\/www.lpi.org\/de\/"},{"@type":"ListItem","position":2,"name":"Unsere Antwort auf COVID-19 (Coronavirus)"}]},{"@type":"WebSite","@id":"https:\/\/www.lpi.org\/de\/#website","url":"https:\/\/www.lpi.org\/de\/","name":"Linux Professional Institute (LPI)","description":"","publisher":{"@id":"https:\/\/www.lpi.org\/de\/#organization"},"potentialAction":[{"@type":"SearchAction","target":{"@type":"EntryPoint","urlTemplate":"https:\/\/www.lpi.org\/de\/?s={search_term_string}"},"query-input":{"@type":"PropertyValueSpecification","valueRequired":true,"valueName":"search_term_string"}}],"inLanguage":"de"},{"@type":"Organization","@id":"https:\/\/www.lpi.org\/de\/#organization","name":"Linux Professional Institute (LPI)","url":"https:\/\/www.lpi.org\/de\/","logo":{"@type":"ImageObject","inLanguage":"de","@id":"https:\/\/www.lpi.org\/de\/#\/schema\/logo\/image\/","url":"https:\/\/www.lpi.org\/wp-content\/uploads\/2023\/04\/logo.png","contentUrl":"https:\/\/www.lpi.org\/wp-content\/uploads\/2023\/04\/logo.png","width":496,"height":175,"caption":"Linux Professional Institute (LPI)"},"image":{"@id":"https:\/\/www.lpi.org\/de\/#\/schema\/logo\/image\/"},"sameAs":["https:\/\/www.facebook.com\/LPIConnect","https:\/\/x.com\/lpiconnect","https:\/\/www.linkedin.com\/company\/35136","https:\/\/www.instagram.com\/lpi_org\/","https:\/\/fosstodon.org\/@LPI"]}]}},"_links":{"self":[{"href":"https:\/\/www.lpi.org\/de\/wp-json\/wp\/v2\/pages\/13422","targetHints":{"allow":["GET"]}}],"collection":[{"href":"https:\/\/www.lpi.org\/de\/wp-json\/wp\/v2\/pages"}],"about":[{"href":"https:\/\/www.lpi.org\/de\/wp-json\/wp\/v2\/types\/page"}],"author":[{"embeddable":true,"href":"https:\/\/www.lpi.org\/de\/wp-json\/wp\/v2\/users\/1"}],"replies":[{"embeddable":true,"href":"https:\/\/www.lpi.org\/de\/wp-json\/wp\/v2\/comments?post=13422"}],"version-history":[{"count":0,"href":"https:\/\/www.lpi.org\/de\/wp-json\/wp\/v2\/pages\/13422\/revisions"}],"wp:attachment":[{"href":"https:\/\/www.lpi.org\/de\/wp-json\/wp\/v2\/media?parent=13422"}],"curies":[{"name":"wp","href":"https:\/\/api.w.org\/{rel}","templated":true}]}}