{"id":13616,"date":"2023-04-21T09:10:22","date_gmt":"2023-04-21T13:10:22","guid":{"rendered":"https:\/\/www.lpi.org\/materialien-fuer-partner\/"},"modified":"2023-04-21T09:10:22","modified_gmt":"2023-04-21T13:10:22","slug":"partner-resources","status":"publish","type":"page","link":"https:\/\/www.lpi.org\/de\/partner-resources\/","title":{"rendered":"Materialien f\u00fcr Partner"},"content":{"rendered":"<h2>Willkommen auf der Seite der Materialien f\u00fcr Partner\u00a0des Linux Professional Institute<\/h2>\n<p>Hier finden LPI-Partner Links zu Materialien, die sie f\u00fcr Branding, Marketing, Pr\u00fcfungsvorbereitung, Veranstaltungsmanagement und Administration ben\u00f6tigen. Wenn Sie etwas suchen, das nicht dabei ist, lassen Sie es uns bitte wissen:\u00a0<a href=\"mailto:marketing@lpi.org\">marketing@lpi.org<\/a>.<\/p>\n<p><strong>Linux Professional Institute<\/strong><\/p>\n<p>Das LPI arbeitet mit Organisationen auf der ganzen Welt zusammen, um das Wachstum und die Verbreitung von Linux, Open Source und Freier Software sicherzustellen. Diese Arbeit beinhaltet eine Strategie der Unterst\u00fctzung und Zusammenarbeit mit bestehenden Organisationen, die \u00e4hnliche Interessen teilen.<\/p>\n<p>Es geht um das Ideal, wirtschaftliche und kreative M\u00f6glichkeiten f\u00fcr jeden durch die \u00dcbernahme von Open Source, Wissen und die \u00dcberpr\u00fcfung von F\u00e4higkeiten zu erm\u00f6glichen. Und wir freuen uns, Ihnen einige Materialien zur Verf\u00fcgung stellen zu k\u00f6nnen, die Ihnen dabei helfen.<\/p>\n<p><strong>Links<\/strong><\/p>\n<p><u><em>LOGOS<\/em><\/u><\/p>\n<ul>\n<li><a href=\"https:\/\/www.lpi.org\/logos\">LPI Logos<\/a><\/li>\n<\/ul>\n<p><em><u>MARKETING-MATERIAL<\/u><\/em><\/p>\n<ul>\n<li><a href=\"https:\/\/www.lpi.org\/sites\/default\/files\/partner-downloads\/Rack%20Cards.zip\">Rack Card<\/a><\/li>\n<li><a href=\"https:\/\/www.lpi.org\/sites\/default\/files\/partner-downloads\/Digital%20Certification%20Brochures.zip\">Zertifizierungsbrosch\u00fcren<\/a><\/li>\n<li><a href=\"https:\/\/www.lpi.org\/sites\/default\/files\/partner-downloads\/Blog%20Fragebogen%20f%C3%BCr%20Partner.pdf\">Blog-Fragebogen<\/a><\/li>\n<li><a href=\"https:\/\/www.lpi.org\/sites\/default\/files\/partner-downloads\/LPI%20Markenrichtlinien%20Guidelines.zip\">LPI-Markenrichtlinien<\/a><\/li>\n<\/ul>\n<p><em><u>EXAMS<\/u><\/em><\/p>\n<ul>\n<li><a href=\"https:\/\/www.lpi.org\/sites\/default\/files\/partner-downloads\/Zertifizierung%20Path.zip\">Zertifizierungspfad<\/a><\/li>\n<li><a href=\"http:\/\/www.lpi.org\/otct-voucher\/\">Trainer-Gutscheine<\/a><\/li>\n<li><a href=\"https:\/\/www.lpi.org\/order-voucher\">Gutschein-Bestellformular<\/a><\/li>\n<li><a href=\"http:\/\/www.lpi.org\/sites\/default\/files\/partner-downloads\/Proctor_NDA_Agreement.pdf\">NDA-Formular f\u00fcr Ausbilder<\/a><\/li>\n<\/ul>\n<p><em><u>TEMPLATES<\/u><\/em><\/p>\n<ul>\n<li><a href=\"https:\/\/www.lpi.org\/sites\/default\/files\/partner-downloads\/LPI%20Branded%20Presentation%20Template.zip\">LPI Branded Presentation Template<\/a><\/li>\n<li><a href=\"https:\/\/www.lpi.org\/sites\/default\/files\/partner-downloads\/Marketing%20Funds%20Request%20Form.zip\">Marketing Funds Request Form<\/a><\/li>\n<li><a href=\"https:\/\/goo.gl\/forms\/lHLnwvaeo2QgWP6M2\">Post Event Evaluation<\/a><\/li>\n<\/ul>\n<p><em><u>ADMINISTRATION<\/u><\/em><\/p>\n<ul>\n<li><a href=\"https:\/\/www.lpi.org\/sites\/default\/files\/LPI_Social-Media-Guide.pdf\" target=\"_blank\" rel=\"noopener\">Social Media Guide<\/a><\/li>\n<li><a href=\"https:\/\/www.lpi.org\/sites\/default\/files\/partner-downloads\/Photo%20consent%20form.zip\">Foto-Zustimmungsformular<\/a><\/li>\n<\/ul>\n<p>Wir bitten darum, dass die Logos des Linux Professional Institute wie folgt verwendet werden:<br \/>\nDas LPI-Logo und der Schriftzug &#8222;Linux Professional Institute&#8220; sind Warenzeichen des Linux Professional Institute, Inc.<\/p>\n<ul>\n<li>F\u00fcr die Verwendung von LPI-Logos in Verbindung mit einem kommerziellen Angebot, kontaktieren Sie bitte LPI Marketing f\u00fcr eine Genehmigung<\/li>\n<li>Die Verwendung von LPI-Zertifikaten oder Zertifizierungslogos durch Personen, die nicht aktiv den Zertifizierungsstatus besitzen, ist strengstens untersagt<\/li>\n<li>Bitte richten Sie alle Anfragen zu Logos und Dateien an LPI Marketing\u00a0<a href=\"mailto:marketing@lpi.org\">marketing@lpi.org<\/a><\/li>\n<\/ul>\n","protected":false},"excerpt":{"rendered":"<p>Willkommen auf der Seite der Materialien f\u00fcr Partner\u00a0des Linux Professional Institute Hier finden LPI-Partner Links zu Materialien, die sie f\u00fcr Branding, Marketing, Pr\u00fcfungsvorbereitung, Veranstaltungsmanagement und Administration ben\u00f6tigen. Wenn Sie etwas suchen, das nicht dabei ist, lassen Sie es uns bitte &#8230; <a href=\"https:\/\/www.lpi.org\/de\/partner-resources\/\" class=\"button-link\">Weiterlesen<\/a><\/p>\n","protected":false},"author":1,"featured_media":0,"parent":0,"menu_order":0,"comment_status":"closed","ping_status":"closed","template":"","meta":{"_acf_changed":false,"footnotes":""},"class_list":["post-13616","page","type-page","status-publish","hentry"],"acf":[],"yoast_head":"<!-- This site is optimized with the Yoast SEO Premium plugin v27.2 (Yoast SEO v27.3) - https:\/\/yoast.com\/product\/yoast-seo-premium-wordpress\/ -->\n<title>Materialien f\u00fcr Partner - Linux Professional Institute (LPI)<\/title>\n<meta name=\"robots\" content=\"index, follow, max-snippet:-1, max-image-preview:large, max-video-preview:-1\" \/>\n<link rel=\"canonical\" href=\"https:\/\/www.lpi.org\/de\/partner-resources\/\" \/>\n<meta property=\"og:locale\" content=\"de_DE\" \/>\n<meta property=\"og:type\" content=\"article\" \/>\n<meta property=\"og:title\" content=\"Materialien f\u00fcr Partner\" \/>\n<meta property=\"og:description\" content=\"Willkommen auf der Seite der Materialien f\u00fcr Partner\u00a0des Linux Professional Institute Hier finden LPI-Partner Links zu Materialien, die sie f\u00fcr Branding, Marketing, Pr\u00fcfungsvorbereitung, Veranstaltungsmanagement und Administration ben\u00f6tigen. Wenn Sie etwas suchen, das nicht dabei ist, lassen Sie es uns bitte ... Weiterlesen\" \/>\n<meta property=\"og:url\" content=\"https:\/\/www.lpi.org\/de\/partner-resources\/\" \/>\n<meta property=\"og:site_name\" content=\"Linux Professional Institute (LPI)\" \/>\n<meta property=\"article:publisher\" content=\"https:\/\/www.facebook.com\/LPIConnect\" \/>\n<meta name=\"twitter:card\" content=\"summary_large_image\" \/>\n<meta name=\"twitter:site\" content=\"@lpiconnect\" \/>\n<meta name=\"twitter:label1\" content=\"Gesch\u00e4tzte Lesezeit\" \/>\n\t<meta name=\"twitter:data1\" content=\"1\u00a0Minute\" \/>\n<script type=\"application\/ld+json\" class=\"yoast-schema-graph\">{\"@context\":\"https:\\\/\\\/schema.org\",\"@graph\":[{\"@type\":\"WebPage\",\"@id\":\"https:\\\/\\\/www.lpi.org\\\/de\\\/partner-resources\\\/\",\"url\":\"https:\\\/\\\/www.lpi.org\\\/de\\\/partner-resources\\\/\",\"name\":\"Materialien f\u00fcr Partner - Linux Professional Institute (LPI)\",\"isPartOf\":{\"@id\":\"https:\\\/\\\/www.lpi.org\\\/de\\\/#website\"},\"datePublished\":\"2023-04-21T13:10:22+00:00\",\"breadcrumb\":{\"@id\":\"https:\\\/\\\/www.lpi.org\\\/de\\\/partner-resources\\\/#breadcrumb\"},\"inLanguage\":\"de\",\"potentialAction\":[{\"@type\":\"ReadAction\",\"target\":[\"https:\\\/\\\/www.lpi.org\\\/de\\\/partner-resources\\\/\"]}]},{\"@type\":\"BreadcrumbList\",\"@id\":\"https:\\\/\\\/www.lpi.org\\\/de\\\/partner-resources\\\/#breadcrumb\",\"itemListElement\":[{\"@type\":\"ListItem\",\"position\":1,\"name\":\"Home\",\"item\":\"https:\\\/\\\/www.lpi.org\\\/de\\\/\"},{\"@type\":\"ListItem\",\"position\":2,\"name\":\"Materialien f\u00fcr Partner\"}]},{\"@type\":\"WebSite\",\"@id\":\"https:\\\/\\\/www.lpi.org\\\/de\\\/#website\",\"url\":\"https:\\\/\\\/www.lpi.org\\\/de\\\/\",\"name\":\"Linux Professional Institute (LPI)\",\"description\":\"\",\"publisher\":{\"@id\":\"https:\\\/\\\/www.lpi.org\\\/de\\\/#organization\"},\"potentialAction\":[{\"@type\":\"SearchAction\",\"target\":{\"@type\":\"EntryPoint\",\"urlTemplate\":\"https:\\\/\\\/www.lpi.org\\\/de\\\/?s={search_term_string}\"},\"query-input\":{\"@type\":\"PropertyValueSpecification\",\"valueRequired\":true,\"valueName\":\"search_term_string\"}}],\"inLanguage\":\"de\"},{\"@type\":\"Organization\",\"@id\":\"https:\\\/\\\/www.lpi.org\\\/de\\\/#organization\",\"name\":\"Linux Professional Institute (LPI)\",\"url\":\"https:\\\/\\\/www.lpi.org\\\/de\\\/\",\"logo\":{\"@type\":\"ImageObject\",\"inLanguage\":\"de\",\"@id\":\"https:\\\/\\\/www.lpi.org\\\/de\\\/#\\\/schema\\\/logo\\\/image\\\/\",\"url\":\"https:\\\/\\\/www.lpi.org\\\/wp-content\\\/uploads\\\/2023\\\/04\\\/logo.png\",\"contentUrl\":\"https:\\\/\\\/www.lpi.org\\\/wp-content\\\/uploads\\\/2023\\\/04\\\/logo.png\",\"width\":496,\"height\":175,\"caption\":\"Linux Professional Institute (LPI)\"},\"image\":{\"@id\":\"https:\\\/\\\/www.lpi.org\\\/de\\\/#\\\/schema\\\/logo\\\/image\\\/\"},\"sameAs\":[\"https:\\\/\\\/www.facebook.com\\\/LPIConnect\",\"https:\\\/\\\/x.com\\\/lpiconnect\",\"https:\\\/\\\/www.linkedin.com\\\/company\\\/35136\",\"https:\\\/\\\/www.instagram.com\\\/lpi_org\\\/\",\"https:\\\/\\\/fosstodon.org\\\/@LPI\"]}]}<\/script>\n<!-- \/ Yoast SEO Premium plugin. -->","yoast_head_json":{"title":"Materialien f\u00fcr Partner - Linux Professional Institute (LPI)","robots":{"index":"index","follow":"follow","max-snippet":"max-snippet:-1","max-image-preview":"max-image-preview:large","max-video-preview":"max-video-preview:-1"},"canonical":"https:\/\/www.lpi.org\/de\/partner-resources\/","og_locale":"de_DE","og_type":"article","og_title":"Materialien f\u00fcr Partner","og_description":"Willkommen auf der Seite der Materialien f\u00fcr Partner\u00a0des Linux Professional Institute Hier finden LPI-Partner Links zu Materialien, die sie f\u00fcr Branding, Marketing, Pr\u00fcfungsvorbereitung, Veranstaltungsmanagement und Administration ben\u00f6tigen. Wenn Sie etwas suchen, das nicht dabei ist, lassen Sie es uns bitte ... Weiterlesen","og_url":"https:\/\/www.lpi.org\/de\/partner-resources\/","og_site_name":"Linux Professional Institute (LPI)","article_publisher":"https:\/\/www.facebook.com\/LPIConnect","twitter_card":"summary_large_image","twitter_site":"@lpiconnect","twitter_misc":{"Gesch\u00e4tzte Lesezeit":"1\u00a0Minute"},"schema":{"@context":"https:\/\/schema.org","@graph":[{"@type":"WebPage","@id":"https:\/\/www.lpi.org\/de\/partner-resources\/","url":"https:\/\/www.lpi.org\/de\/partner-resources\/","name":"Materialien f\u00fcr Partner - Linux Professional Institute (LPI)","isPartOf":{"@id":"https:\/\/www.lpi.org\/de\/#website"},"datePublished":"2023-04-21T13:10:22+00:00","breadcrumb":{"@id":"https:\/\/www.lpi.org\/de\/partner-resources\/#breadcrumb"},"inLanguage":"de","potentialAction":[{"@type":"ReadAction","target":["https:\/\/www.lpi.org\/de\/partner-resources\/"]}]},{"@type":"BreadcrumbList","@id":"https:\/\/www.lpi.org\/de\/partner-resources\/#breadcrumb","itemListElement":[{"@type":"ListItem","position":1,"name":"Home","item":"https:\/\/www.lpi.org\/de\/"},{"@type":"ListItem","position":2,"name":"Materialien f\u00fcr Partner"}]},{"@type":"WebSite","@id":"https:\/\/www.lpi.org\/de\/#website","url":"https:\/\/www.lpi.org\/de\/","name":"Linux Professional Institute (LPI)","description":"","publisher":{"@id":"https:\/\/www.lpi.org\/de\/#organization"},"potentialAction":[{"@type":"SearchAction","target":{"@type":"EntryPoint","urlTemplate":"https:\/\/www.lpi.org\/de\/?s={search_term_string}"},"query-input":{"@type":"PropertyValueSpecification","valueRequired":true,"valueName":"search_term_string"}}],"inLanguage":"de"},{"@type":"Organization","@id":"https:\/\/www.lpi.org\/de\/#organization","name":"Linux Professional Institute (LPI)","url":"https:\/\/www.lpi.org\/de\/","logo":{"@type":"ImageObject","inLanguage":"de","@id":"https:\/\/www.lpi.org\/de\/#\/schema\/logo\/image\/","url":"https:\/\/www.lpi.org\/wp-content\/uploads\/2023\/04\/logo.png","contentUrl":"https:\/\/www.lpi.org\/wp-content\/uploads\/2023\/04\/logo.png","width":496,"height":175,"caption":"Linux Professional Institute (LPI)"},"image":{"@id":"https:\/\/www.lpi.org\/de\/#\/schema\/logo\/image\/"},"sameAs":["https:\/\/www.facebook.com\/LPIConnect","https:\/\/x.com\/lpiconnect","https:\/\/www.linkedin.com\/company\/35136","https:\/\/www.instagram.com\/lpi_org\/","https:\/\/fosstodon.org\/@LPI"]}]}},"_links":{"self":[{"href":"https:\/\/www.lpi.org\/de\/wp-json\/wp\/v2\/pages\/13616","targetHints":{"allow":["GET"]}}],"collection":[{"href":"https:\/\/www.lpi.org\/de\/wp-json\/wp\/v2\/pages"}],"about":[{"href":"https:\/\/www.lpi.org\/de\/wp-json\/wp\/v2\/types\/page"}],"author":[{"embeddable":true,"href":"https:\/\/www.lpi.org\/de\/wp-json\/wp\/v2\/users\/1"}],"replies":[{"embeddable":true,"href":"https:\/\/www.lpi.org\/de\/wp-json\/wp\/v2\/comments?post=13616"}],"version-history":[{"count":0,"href":"https:\/\/www.lpi.org\/de\/wp-json\/wp\/v2\/pages\/13616\/revisions"}],"wp:attachment":[{"href":"https:\/\/www.lpi.org\/de\/wp-json\/wp\/v2\/media?parent=13616"}],"curies":[{"name":"wp","href":"https:\/\/api.w.org\/{rel}","templated":true}]}}