{"id":24318,"date":"2024-07-17T02:13:22","date_gmt":"2024-07-17T06:13:22","guid":{"rendered":"https:\/\/www.lpi.org\/about-lpi\/lernen-sie-unseren-vortand-kennen\/"},"modified":"2025-07-22T10:50:17","modified_gmt":"2025-07-22T14:50:17","slug":"meet-our-board-of-directors","status":"publish","type":"page","link":"https:\/\/www.lpi.org\/de\/about-lpi\/meet-our-board-of-directors\/","title":{"rendered":"Lernen Sie unseren Vortand kennen"},"content":{"rendered":"","protected":false},"excerpt":{"rendered":"","protected":false},"author":63,"featured_media":0,"parent":13260,"menu_order":0,"comment_status":"closed","ping_status":"closed","template":"template-sections.php","meta":{"_acf_changed":false,"footnotes":""},"class_list":["post-24318","page","type-page","status-publish","hentry"],"acf":[],"yoast_head":"<!-- This site is optimized with the Yoast SEO Premium plugin v27.2 (Yoast SEO v27.4) - https:\/\/yoast.com\/product\/yoast-seo-premium-wordpress\/ -->\n<title>Lernen Sie unseren Vortand kennen - Linux Professional Institute (LPI)<\/title>\n<meta name=\"description\" content=\"Linux Professional Institute (LPI) l\u00e4dt Sie ein, seinen Vorstand kennenzulernen. Gew\u00e4hlte Spezialisten f\u00fchren unsere Organisation auf ehrenamtlicher Basis.\" \/>\n<meta name=\"robots\" content=\"index, follow, max-snippet:-1, max-image-preview:large, max-video-preview:-1\" \/>\n<link rel=\"canonical\" href=\"https:\/\/www.lpi.org\/de\/about-lpi\/meet-our-board-of-directors\/\" \/>\n<meta property=\"og:locale\" content=\"de_DE\" \/>\n<meta property=\"og:type\" content=\"article\" \/>\n<meta property=\"og:title\" content=\"Lernen Sie unseren Vortand kennen\" \/>\n<meta property=\"og:description\" content=\"Linux Professional Institute (LPI) l\u00e4dt Sie ein, seinen Vorstand kennenzulernen. Gew\u00e4hlte Spezialisten f\u00fchren unsere Organisation auf ehrenamtlicher Basis.\" \/>\n<meta property=\"og:url\" content=\"https:\/\/www.lpi.org\/de\/about-lpi\/meet-our-board-of-directors\/\" \/>\n<meta property=\"og:site_name\" content=\"Linux Professional Institute (LPI)\" \/>\n<meta property=\"article:publisher\" content=\"https:\/\/www.facebook.com\/LPIConnect\" \/>\n<meta property=\"article:modified_time\" content=\"2025-07-22T14:50:17+00:00\" \/>\n<meta name=\"twitter:card\" content=\"summary_large_image\" \/>\n<meta name=\"twitter:site\" content=\"@lpiconnect\" \/>\n<meta name=\"twitter:label1\" content=\"Gesch\u00e4tzte Lesezeit\" \/>\n\t<meta name=\"twitter:data1\" content=\"13\u00a0Minuten\" \/>\n<script type=\"application\/ld+json\" class=\"yoast-schema-graph\">{\"@context\":\"https:\\\/\\\/schema.org\",\"@graph\":[{\"@type\":\"WebPage\",\"@id\":\"https:\\\/\\\/www.lpi.org\\\/de\\\/about-lpi\\\/meet-our-board-of-directors\\\/\",\"url\":\"https:\\\/\\\/www.lpi.org\\\/de\\\/about-lpi\\\/meet-our-board-of-directors\\\/\",\"name\":\"Lernen Sie unseren Vortand kennen - Linux Professional Institute (LPI)\",\"isPartOf\":{\"@id\":\"https:\\\/\\\/www.lpi.org\\\/de\\\/#website\"},\"datePublished\":\"2024-07-17T06:13:22+00:00\",\"dateModified\":\"2025-07-22T14:50:17+00:00\",\"description\":\"Linux Professional Institute (LPI) l\u00e4dt Sie ein, seinen Vorstand kennenzulernen. Gew\u00e4hlte Spezialisten f\u00fchren unsere Organisation auf ehrenamtlicher Basis.\",\"breadcrumb\":{\"@id\":\"https:\\\/\\\/www.lpi.org\\\/de\\\/about-lpi\\\/meet-our-board-of-directors\\\/#breadcrumb\"},\"inLanguage\":\"de\",\"potentialAction\":[{\"@type\":\"ReadAction\",\"target\":[\"https:\\\/\\\/www.lpi.org\\\/de\\\/about-lpi\\\/meet-our-board-of-directors\\\/\"]}]},{\"@type\":\"BreadcrumbList\",\"@id\":\"https:\\\/\\\/www.lpi.org\\\/de\\\/about-lpi\\\/meet-our-board-of-directors\\\/#breadcrumb\",\"itemListElement\":[{\"@type\":\"ListItem\",\"position\":1,\"name\":\"Home\",\"item\":\"https:\\\/\\\/www.lpi.org\\\/de\\\/\"},{\"@type\":\"ListItem\",\"position\":2,\"name\":\"About LPI\",\"item\":\"https:\\\/\\\/www.lpi.org\\\/de\\\/about-lpi\\\/\"},{\"@type\":\"ListItem\",\"position\":3,\"name\":\"Lernen Sie unseren Vortand kennen\"}]},{\"@type\":\"WebSite\",\"@id\":\"https:\\\/\\\/www.lpi.org\\\/de\\\/#website\",\"url\":\"https:\\\/\\\/www.lpi.org\\\/de\\\/\",\"name\":\"Linux Professional Institute (LPI)\",\"description\":\"\",\"publisher\":{\"@id\":\"https:\\\/\\\/www.lpi.org\\\/de\\\/#organization\"},\"potentialAction\":[{\"@type\":\"SearchAction\",\"target\":{\"@type\":\"EntryPoint\",\"urlTemplate\":\"https:\\\/\\\/www.lpi.org\\\/de\\\/?s={search_term_string}\"},\"query-input\":{\"@type\":\"PropertyValueSpecification\",\"valueRequired\":true,\"valueName\":\"search_term_string\"}}],\"inLanguage\":\"de\"},{\"@type\":\"Organization\",\"@id\":\"https:\\\/\\\/www.lpi.org\\\/de\\\/#organization\",\"name\":\"Linux Professional Institute (LPI)\",\"url\":\"https:\\\/\\\/www.lpi.org\\\/de\\\/\",\"logo\":{\"@type\":\"ImageObject\",\"inLanguage\":\"de\",\"@id\":\"https:\\\/\\\/www.lpi.org\\\/de\\\/#\\\/schema\\\/logo\\\/image\\\/\",\"url\":\"https:\\\/\\\/www.lpi.org\\\/wp-content\\\/uploads\\\/2023\\\/04\\\/logo.png\",\"contentUrl\":\"https:\\\/\\\/www.lpi.org\\\/wp-content\\\/uploads\\\/2023\\\/04\\\/logo.png\",\"width\":496,\"height\":175,\"caption\":\"Linux Professional Institute (LPI)\"},\"image\":{\"@id\":\"https:\\\/\\\/www.lpi.org\\\/de\\\/#\\\/schema\\\/logo\\\/image\\\/\"},\"sameAs\":[\"https:\\\/\\\/www.facebook.com\\\/LPIConnect\",\"https:\\\/\\\/x.com\\\/lpiconnect\",\"https:\\\/\\\/www.linkedin.com\\\/company\\\/35136\",\"https:\\\/\\\/www.instagram.com\\\/lpi_org\\\/\",\"https:\\\/\\\/fosstodon.org\\\/@LPI\"]}]}<\/script>\n<!-- \/ Yoast SEO Premium plugin. -->","yoast_head_json":{"title":"Lernen Sie unseren Vortand kennen - Linux Professional Institute (LPI)","description":"Linux Professional Institute (LPI) l\u00e4dt Sie ein, seinen Vorstand kennenzulernen. Gew\u00e4hlte Spezialisten f\u00fchren unsere Organisation auf ehrenamtlicher Basis.","robots":{"index":"index","follow":"follow","max-snippet":"max-snippet:-1","max-image-preview":"max-image-preview:large","max-video-preview":"max-video-preview:-1"},"canonical":"https:\/\/www.lpi.org\/de\/about-lpi\/meet-our-board-of-directors\/","og_locale":"de_DE","og_type":"article","og_title":"Lernen Sie unseren Vortand kennen","og_description":"Linux Professional Institute (LPI) l\u00e4dt Sie ein, seinen Vorstand kennenzulernen. Gew\u00e4hlte Spezialisten f\u00fchren unsere Organisation auf ehrenamtlicher Basis.","og_url":"https:\/\/www.lpi.org\/de\/about-lpi\/meet-our-board-of-directors\/","og_site_name":"Linux Professional Institute (LPI)","article_publisher":"https:\/\/www.facebook.com\/LPIConnect","article_modified_time":"2025-07-22T14:50:17+00:00","twitter_card":"summary_large_image","twitter_site":"@lpiconnect","twitter_misc":{"Gesch\u00e4tzte Lesezeit":"13\u00a0Minuten"},"schema":{"@context":"https:\/\/schema.org","@graph":[{"@type":"WebPage","@id":"https:\/\/www.lpi.org\/de\/about-lpi\/meet-our-board-of-directors\/","url":"https:\/\/www.lpi.org\/de\/about-lpi\/meet-our-board-of-directors\/","name":"Lernen Sie unseren Vortand kennen - Linux Professional Institute (LPI)","isPartOf":{"@id":"https:\/\/www.lpi.org\/de\/#website"},"datePublished":"2024-07-17T06:13:22+00:00","dateModified":"2025-07-22T14:50:17+00:00","description":"Linux Professional Institute (LPI) l\u00e4dt Sie ein, seinen Vorstand kennenzulernen. Gew\u00e4hlte Spezialisten f\u00fchren unsere Organisation auf ehrenamtlicher Basis.","breadcrumb":{"@id":"https:\/\/www.lpi.org\/de\/about-lpi\/meet-our-board-of-directors\/#breadcrumb"},"inLanguage":"de","potentialAction":[{"@type":"ReadAction","target":["https:\/\/www.lpi.org\/de\/about-lpi\/meet-our-board-of-directors\/"]}]},{"@type":"BreadcrumbList","@id":"https:\/\/www.lpi.org\/de\/about-lpi\/meet-our-board-of-directors\/#breadcrumb","itemListElement":[{"@type":"ListItem","position":1,"name":"Home","item":"https:\/\/www.lpi.org\/de\/"},{"@type":"ListItem","position":2,"name":"About LPI","item":"https:\/\/www.lpi.org\/de\/about-lpi\/"},{"@type":"ListItem","position":3,"name":"Lernen Sie unseren Vortand kennen"}]},{"@type":"WebSite","@id":"https:\/\/www.lpi.org\/de\/#website","url":"https:\/\/www.lpi.org\/de\/","name":"Linux Professional Institute (LPI)","description":"","publisher":{"@id":"https:\/\/www.lpi.org\/de\/#organization"},"potentialAction":[{"@type":"SearchAction","target":{"@type":"EntryPoint","urlTemplate":"https:\/\/www.lpi.org\/de\/?s={search_term_string}"},"query-input":{"@type":"PropertyValueSpecification","valueRequired":true,"valueName":"search_term_string"}}],"inLanguage":"de"},{"@type":"Organization","@id":"https:\/\/www.lpi.org\/de\/#organization","name":"Linux Professional Institute (LPI)","url":"https:\/\/www.lpi.org\/de\/","logo":{"@type":"ImageObject","inLanguage":"de","@id":"https:\/\/www.lpi.org\/de\/#\/schema\/logo\/image\/","url":"https:\/\/www.lpi.org\/wp-content\/uploads\/2023\/04\/logo.png","contentUrl":"https:\/\/www.lpi.org\/wp-content\/uploads\/2023\/04\/logo.png","width":496,"height":175,"caption":"Linux Professional Institute (LPI)"},"image":{"@id":"https:\/\/www.lpi.org\/de\/#\/schema\/logo\/image\/"},"sameAs":["https:\/\/www.facebook.com\/LPIConnect","https:\/\/x.com\/lpiconnect","https:\/\/www.linkedin.com\/company\/35136","https:\/\/www.instagram.com\/lpi_org\/","https:\/\/fosstodon.org\/@LPI"]}]}},"_links":{"self":[{"href":"https:\/\/www.lpi.org\/de\/wp-json\/wp\/v2\/pages\/24318","targetHints":{"allow":["GET"]}}],"collection":[{"href":"https:\/\/www.lpi.org\/de\/wp-json\/wp\/v2\/pages"}],"about":[{"href":"https:\/\/www.lpi.org\/de\/wp-json\/wp\/v2\/types\/page"}],"author":[{"embeddable":true,"href":"https:\/\/www.lpi.org\/de\/wp-json\/wp\/v2\/users\/63"}],"replies":[{"embeddable":true,"href":"https:\/\/www.lpi.org\/de\/wp-json\/wp\/v2\/comments?post=24318"}],"version-history":[{"count":4,"href":"https:\/\/www.lpi.org\/de\/wp-json\/wp\/v2\/pages\/24318\/revisions"}],"predecessor-version":[{"id":30567,"href":"https:\/\/www.lpi.org\/de\/wp-json\/wp\/v2\/pages\/24318\/revisions\/30567"}],"up":[{"embeddable":true,"href":"https:\/\/www.lpi.org\/de\/wp-json\/wp\/v2\/pages\/13260"}],"wp:attachment":[{"href":"https:\/\/www.lpi.org\/de\/wp-json\/wp\/v2\/media?parent=24318"}],"curies":[{"name":"wp","href":"https:\/\/api.w.org\/{rel}","templated":true}]}}