{"id":25210,"date":"2024-08-13T11:06:54","date_gmt":"2024-08-13T15:06:54","guid":{"rendered":"https:\/\/www.lpi.org\/lpi25\/"},"modified":"2025-12-09T09:30:03","modified_gmt":"2025-12-09T14:30:03","slug":"lpi25","status":"publish","type":"page","link":"https:\/\/www.lpi.org\/de\/lpi25\/","title":{"rendered":"Feier von 25 Jahren F\u00f6rderung der Professionalit\u00e4t im Open Source"},"content":{"rendered":"<p>Feiern Sie das 25-j\u00e4hrige Jubil\u00e4um von LPI mit kostenlosen Pr\u00fcfungsgutscheinen! Linux Professional Institute (LPI) feiert 2024 sein 25-j\u00e4hriges Bestehen. Zur Feier dieses Meilensteins bieten wir etwas Besonderes an: Von Oktober bis Dezember 2024 erh\u00e4lt jeder 25. Kandidat, der eine unserer Pr\u00fcfungen ablegt, einen kostenlosen Gutschein f\u00fcr seine n\u00e4chste Pr\u00fcfung. Vielen Dank f\u00fcr Ihre Unterst\u00fctzung von LPI! Feiern Sie mit uns 25 Jahre F\u00f6rderung von Linux- und Open-Source-Kompetenz und bringen Sie Ihre IT-Karriere voran!<\/p>\n","protected":false},"excerpt":{"rendered":"<p>Feiern Sie das 25-j\u00e4hrige Jubil\u00e4um von LPI mit kostenlosen Pr\u00fcfungsgutscheinen! Linux Professional Institute (LPI) feiert 2024 sein 25-j\u00e4hriges Bestehen. Zur Feier dieses Meilensteins bieten wir etwas Besonderes an: Von Oktober bis Dezember 2024 erh\u00e4lt jeder 25. Kandidat, der eine unserer &#8230; <a href=\"https:\/\/www.lpi.org\/de\/lpi25\/\" class=\"button-link\">Weiterlesen<\/a><\/p>\n","protected":false},"author":97,"featured_media":0,"parent":0,"menu_order":0,"comment_status":"closed","ping_status":"closed","template":"template-sections.php","meta":{"_acf_changed":false,"footnotes":""},"class_list":["post-25210","page","type-page","status-publish","hentry"],"acf":[],"yoast_head":"<!-- This site is optimized with the Yoast SEO Premium plugin v27.2 (Yoast SEO v27.4) - https:\/\/yoast.com\/product\/yoast-seo-premium-wordpress\/ -->\n<title>Feier von 25 Jahren F\u00f6rderung der Professionalit\u00e4t im Open Source - Linux Professional Institute (LPI)<\/title>\n<meta name=\"description\" content=\"LPI feiert 25 Jahre Unterst\u00fctzung von Open-Source-Karrieren und bietet kostenlose Pr\u00fcfungsgutscheine f\u00fcr jeden 25. Kandidaten von Oktober bis Dezember 2024 an.\" \/>\n<meta name=\"robots\" content=\"index, follow, max-snippet:-1, max-image-preview:large, max-video-preview:-1\" \/>\n<link rel=\"canonical\" href=\"https:\/\/www.lpi.org\/de\/lpi25\/\" \/>\n<meta property=\"og:locale\" content=\"de_DE\" \/>\n<meta property=\"og:type\" content=\"article\" \/>\n<meta property=\"og:title\" content=\"Feier von 25 Jahren F\u00f6rderung der Professionalit\u00e4t im Open Source\" \/>\n<meta property=\"og:description\" content=\"LPI feiert 25 Jahre Unterst\u00fctzung von Open-Source-Karrieren und bietet kostenlose Pr\u00fcfungsgutscheine f\u00fcr jeden 25. Kandidaten von Oktober bis Dezember 2024 an.\" \/>\n<meta property=\"og:url\" content=\"https:\/\/www.lpi.org\/de\/lpi25\/\" \/>\n<meta property=\"og:site_name\" content=\"Linux Professional Institute (LPI)\" \/>\n<meta property=\"article:publisher\" content=\"https:\/\/www.facebook.com\/LPIConnect\" \/>\n<meta property=\"article:modified_time\" content=\"2025-12-09T14:30:03+00:00\" \/>\n<meta name=\"twitter:card\" content=\"summary_large_image\" \/>\n<meta name=\"twitter:site\" content=\"@lpiconnect\" \/>\n<meta name=\"twitter:label1\" content=\"Gesch\u00e4tzte Lesezeit\" \/>\n\t<meta name=\"twitter:data1\" content=\"3\u00a0Minuten\" \/>\n<script type=\"application\/ld+json\" class=\"yoast-schema-graph\">{\"@context\":\"https:\\\/\\\/schema.org\",\"@graph\":[{\"@type\":\"WebPage\",\"@id\":\"https:\\\/\\\/www.lpi.org\\\/de\\\/lpi25\\\/\",\"url\":\"https:\\\/\\\/www.lpi.org\\\/de\\\/lpi25\\\/\",\"name\":\"Feier von 25 Jahren F\u00f6rderung der Professionalit\u00e4t im Open Source - Linux Professional Institute (LPI)\",\"isPartOf\":{\"@id\":\"https:\\\/\\\/www.lpi.org\\\/de\\\/#website\"},\"datePublished\":\"2024-08-13T15:06:54+00:00\",\"dateModified\":\"2025-12-09T14:30:03+00:00\",\"description\":\"LPI feiert 25 Jahre Unterst\u00fctzung von Open-Source-Karrieren und bietet kostenlose Pr\u00fcfungsgutscheine f\u00fcr jeden 25. Kandidaten von Oktober bis Dezember 2024 an.\",\"breadcrumb\":{\"@id\":\"https:\\\/\\\/www.lpi.org\\\/de\\\/lpi25\\\/#breadcrumb\"},\"inLanguage\":\"de\",\"potentialAction\":[{\"@type\":\"ReadAction\",\"target\":[\"https:\\\/\\\/www.lpi.org\\\/de\\\/lpi25\\\/\"]}]},{\"@type\":\"BreadcrumbList\",\"@id\":\"https:\\\/\\\/www.lpi.org\\\/de\\\/lpi25\\\/#breadcrumb\",\"itemListElement\":[{\"@type\":\"ListItem\",\"position\":1,\"name\":\"Home\",\"item\":\"https:\\\/\\\/www.lpi.org\\\/de\\\/\"},{\"@type\":\"ListItem\",\"position\":2,\"name\":\"Feier von 25 Jahren F\u00f6rderung der Professionalit\u00e4t im Open Source\"}]},{\"@type\":\"WebSite\",\"@id\":\"https:\\\/\\\/www.lpi.org\\\/de\\\/#website\",\"url\":\"https:\\\/\\\/www.lpi.org\\\/de\\\/\",\"name\":\"Linux Professional Institute (LPI)\",\"description\":\"\",\"publisher\":{\"@id\":\"https:\\\/\\\/www.lpi.org\\\/de\\\/#organization\"},\"potentialAction\":[{\"@type\":\"SearchAction\",\"target\":{\"@type\":\"EntryPoint\",\"urlTemplate\":\"https:\\\/\\\/www.lpi.org\\\/de\\\/?s={search_term_string}\"},\"query-input\":{\"@type\":\"PropertyValueSpecification\",\"valueRequired\":true,\"valueName\":\"search_term_string\"}}],\"inLanguage\":\"de\"},{\"@type\":\"Organization\",\"@id\":\"https:\\\/\\\/www.lpi.org\\\/de\\\/#organization\",\"name\":\"Linux Professional Institute (LPI)\",\"url\":\"https:\\\/\\\/www.lpi.org\\\/de\\\/\",\"logo\":{\"@type\":\"ImageObject\",\"inLanguage\":\"de\",\"@id\":\"https:\\\/\\\/www.lpi.org\\\/de\\\/#\\\/schema\\\/logo\\\/image\\\/\",\"url\":\"https:\\\/\\\/www.lpi.org\\\/wp-content\\\/uploads\\\/2023\\\/04\\\/logo.png\",\"contentUrl\":\"https:\\\/\\\/www.lpi.org\\\/wp-content\\\/uploads\\\/2023\\\/04\\\/logo.png\",\"width\":496,\"height\":175,\"caption\":\"Linux Professional Institute (LPI)\"},\"image\":{\"@id\":\"https:\\\/\\\/www.lpi.org\\\/de\\\/#\\\/schema\\\/logo\\\/image\\\/\"},\"sameAs\":[\"https:\\\/\\\/www.facebook.com\\\/LPIConnect\",\"https:\\\/\\\/x.com\\\/lpiconnect\",\"https:\\\/\\\/www.linkedin.com\\\/company\\\/35136\",\"https:\\\/\\\/www.instagram.com\\\/lpi_org\\\/\",\"https:\\\/\\\/fosstodon.org\\\/@LPI\"]}]}<\/script>\n<!-- \/ Yoast SEO Premium plugin. -->","yoast_head_json":{"title":"Feier von 25 Jahren F\u00f6rderung der Professionalit\u00e4t im Open Source - Linux Professional Institute (LPI)","description":"LPI feiert 25 Jahre Unterst\u00fctzung von Open-Source-Karrieren und bietet kostenlose Pr\u00fcfungsgutscheine f\u00fcr jeden 25. Kandidaten von Oktober bis Dezember 2024 an.","robots":{"index":"index","follow":"follow","max-snippet":"max-snippet:-1","max-image-preview":"max-image-preview:large","max-video-preview":"max-video-preview:-1"},"canonical":"https:\/\/www.lpi.org\/de\/lpi25\/","og_locale":"de_DE","og_type":"article","og_title":"Feier von 25 Jahren F\u00f6rderung der Professionalit\u00e4t im Open Source","og_description":"LPI feiert 25 Jahre Unterst\u00fctzung von Open-Source-Karrieren und bietet kostenlose Pr\u00fcfungsgutscheine f\u00fcr jeden 25. Kandidaten von Oktober bis Dezember 2024 an.","og_url":"https:\/\/www.lpi.org\/de\/lpi25\/","og_site_name":"Linux Professional Institute (LPI)","article_publisher":"https:\/\/www.facebook.com\/LPIConnect","article_modified_time":"2025-12-09T14:30:03+00:00","twitter_card":"summary_large_image","twitter_site":"@lpiconnect","twitter_misc":{"Gesch\u00e4tzte Lesezeit":"3\u00a0Minuten"},"schema":{"@context":"https:\/\/schema.org","@graph":[{"@type":"WebPage","@id":"https:\/\/www.lpi.org\/de\/lpi25\/","url":"https:\/\/www.lpi.org\/de\/lpi25\/","name":"Feier von 25 Jahren F\u00f6rderung der Professionalit\u00e4t im Open Source - Linux Professional Institute (LPI)","isPartOf":{"@id":"https:\/\/www.lpi.org\/de\/#website"},"datePublished":"2024-08-13T15:06:54+00:00","dateModified":"2025-12-09T14:30:03+00:00","description":"LPI feiert 25 Jahre Unterst\u00fctzung von Open-Source-Karrieren und bietet kostenlose Pr\u00fcfungsgutscheine f\u00fcr jeden 25. Kandidaten von Oktober bis Dezember 2024 an.","breadcrumb":{"@id":"https:\/\/www.lpi.org\/de\/lpi25\/#breadcrumb"},"inLanguage":"de","potentialAction":[{"@type":"ReadAction","target":["https:\/\/www.lpi.org\/de\/lpi25\/"]}]},{"@type":"BreadcrumbList","@id":"https:\/\/www.lpi.org\/de\/lpi25\/#breadcrumb","itemListElement":[{"@type":"ListItem","position":1,"name":"Home","item":"https:\/\/www.lpi.org\/de\/"},{"@type":"ListItem","position":2,"name":"Feier von 25 Jahren F\u00f6rderung der Professionalit\u00e4t im Open Source"}]},{"@type":"WebSite","@id":"https:\/\/www.lpi.org\/de\/#website","url":"https:\/\/www.lpi.org\/de\/","name":"Linux Professional Institute (LPI)","description":"","publisher":{"@id":"https:\/\/www.lpi.org\/de\/#organization"},"potentialAction":[{"@type":"SearchAction","target":{"@type":"EntryPoint","urlTemplate":"https:\/\/www.lpi.org\/de\/?s={search_term_string}"},"query-input":{"@type":"PropertyValueSpecification","valueRequired":true,"valueName":"search_term_string"}}],"inLanguage":"de"},{"@type":"Organization","@id":"https:\/\/www.lpi.org\/de\/#organization","name":"Linux Professional Institute (LPI)","url":"https:\/\/www.lpi.org\/de\/","logo":{"@type":"ImageObject","inLanguage":"de","@id":"https:\/\/www.lpi.org\/de\/#\/schema\/logo\/image\/","url":"https:\/\/www.lpi.org\/wp-content\/uploads\/2023\/04\/logo.png","contentUrl":"https:\/\/www.lpi.org\/wp-content\/uploads\/2023\/04\/logo.png","width":496,"height":175,"caption":"Linux Professional Institute (LPI)"},"image":{"@id":"https:\/\/www.lpi.org\/de\/#\/schema\/logo\/image\/"},"sameAs":["https:\/\/www.facebook.com\/LPIConnect","https:\/\/x.com\/lpiconnect","https:\/\/www.linkedin.com\/company\/35136","https:\/\/www.instagram.com\/lpi_org\/","https:\/\/fosstodon.org\/@LPI"]}]}},"_links":{"self":[{"href":"https:\/\/www.lpi.org\/de\/wp-json\/wp\/v2\/pages\/25210","targetHints":{"allow":["GET"]}}],"collection":[{"href":"https:\/\/www.lpi.org\/de\/wp-json\/wp\/v2\/pages"}],"about":[{"href":"https:\/\/www.lpi.org\/de\/wp-json\/wp\/v2\/types\/page"}],"author":[{"embeddable":true,"href":"https:\/\/www.lpi.org\/de\/wp-json\/wp\/v2\/users\/97"}],"replies":[{"embeddable":true,"href":"https:\/\/www.lpi.org\/de\/wp-json\/wp\/v2\/comments?post=25210"}],"version-history":[{"count":21,"href":"https:\/\/www.lpi.org\/de\/wp-json\/wp\/v2\/pages\/25210\/revisions"}],"predecessor-version":[{"id":33331,"href":"https:\/\/www.lpi.org\/de\/wp-json\/wp\/v2\/pages\/25210\/revisions\/33331"}],"wp:attachment":[{"href":"https:\/\/www.lpi.org\/de\/wp-json\/wp\/v2\/media?parent=25210"}],"curies":[{"name":"wp","href":"https:\/\/api.w.org\/{rel}","templated":true}]}}