{"id":32511,"date":"2023-04-06T08:10:43","date_gmt":"2023-04-06T12:10:43","guid":{"rendered":"https:\/\/www.lpi.org\/impressum\/"},"modified":"2023-04-06T08:10:43","modified_gmt":"2023-04-06T12:10:43","slug":"impressum","status":"publish","type":"page","link":"https:\/\/www.lpi.org\/de\/impressum\/","title":{"rendered":"Impressum"},"content":{"rendered":"<h1>Impressum<\/h1>\n<h3>Angaben gem\u00e4\u00df \u00a7 5 TMG<\/h3>\n<p>Linux Professional Institute<\/p>\n<div>44 Chipman Hill, Suite 1000<\/div>\n<div>Saint John, NB<\/div>\n<div>E2L 2A9<br \/>\nKanada<\/div>\n<p><strong>Vertreten durch:<\/strong><br \/>\nG. Matthew Rice<br \/>\nExecutive Director<\/p>\n<h3>Kontakt<\/h3>\n<p>Telefon: +1 905-885-5522<br \/>\nE-Mail: info@lpi.org<\/p>\n<h3>Business Number (BN):<\/h3>\n<p>876037722<\/p>\n<h3>Verantwortlich f\u00fcr den Inhalt nach \u00a7 55 Abs. 2 RStV<\/h3>\n<p>Linux Professional Institute Inc.<br \/>\nG. Matthew Rice<br \/>\n44 Chipman Hill, Suite 1000<br \/>\nSaint John, NB<br \/>\nE2L 2A9<br \/>\nKanada<\/p>\n<h3>Streitschlichtung<\/h3>\n<p>Die Europ\u00e4ische Kommission stellt eine Plattform zur Online-Streitbeilegung (OS) bereit: <a href=\"https:\/\/ec.europa.eu\/consumers\/odr\" target=\"_blank\" rel=\"noopener noreferrer\" data-cke-saved-href=\"https:\/\/ec.europa.eu\/consumers\/odr\">https:\/\/ec.europa.eu\/consumers\/odr<\/a>.<br \/>\nUnsere E-Mail-Adresse finden Sie oben im Impressum.<\/p>\n<p>Wir sind nicht verpflichtet, an Streitbeilegungsverfahren vor einer Verbraucherschlichtungsstelle teilzunehmen.<\/p>\n<p>Haftung f\u00fcr Inhalte<\/p>\n<p>Als Diensteanbieter sind wir gem\u00e4\u00df \u00a7 7 Abs.1 TMG f\u00fcr eigene Inhalte auf diesen Seiten nach den allgemeinen Gesetzen verantwortlich. Nach \u00a7\u00a7 8 bis 10 TMG sind wir als Diensteanbieter jedoch nicht verpflichtet, \u00fcbermittelte oder gespeicherte fremde Informationen zu \u00fcberwachen oder nach Umst\u00e4nden zu forschen, die auf eine rechtswidrige T\u00e4tigkeit hinweisen.<\/p>\n<p>Verpflichtungen zur Entfernung oder Sperrung der Nutzung von Informationen nach den allgemeinen Gesetzen bleiben hiervon unber\u00fchrt. Eine diesbez\u00fcgliche Haftung ist jedoch erst ab dem Zeitpunkt der Kenntnis einer konkreten Rechtsverletzung m\u00f6glich. Bei Bekanntwerden von entsprechenden Rechtsverletzungen werden wir diese Inhalte umgehend entfernen.<\/p>\n<h3>Haftung f\u00fcr Links<\/h3>\n<p>Unser Angebot enth\u00e4lt Links zu externen Websites Dritter, auf deren Inhalte wir keinen Einfluss haben. Deshalb k\u00f6nnen wir f\u00fcr diese fremden Inhalte auch keine Gew\u00e4hr \u00fcbernehmen. F\u00fcr die Inhalte der verlinkten Seiten ist stets der jeweilige Anbieter oder Betreiber der Seiten verantwortlich. Die verlinkten Seiten wurden zum Zeitpunkt der Verlinkung auf m\u00f6gliche Rechtsverst\u00f6\u00dfe \u00fcberpr\u00fcft. Rechtswidrige Inhalte waren zum Zeitpunkt der Verlinkung nicht erkennbar.<\/p>\n<p>Eine permanente inhaltliche Kontrolle der verlinkten Seiten ist jedoch ohne konkrete Anhaltspunkte einer Rechtsverletzung nicht zumutbar. Bei Bekanntwerden von Rechtsverletzungen werden wir derartige Links umgehend entfernen.<\/p>\n<h3>Urheberrecht<\/h3>\n<p>Die durch die Seitenbetreiber erstellten Inhalte und Werke auf diesen Seiten unterliegen dem deutschen Urheberrecht. Die Vervielf\u00e4ltigung, Bearbeitung, Verbreitung und jede Art der Verwertung au\u00dferhalb der Grenzen des Urheberrechtes bed\u00fcrfen der schriftlichen Zustimmung des jeweiligen Autors bzw. Erstellers. Downloads und Kopien dieser Seite sind nur f\u00fcr den privaten, nicht kommerziellen Gebrauch gestattet.<\/p>\n<p>Soweit die Inhalte auf dieser Seite nicht vom Betreiber erstellt wurden, werden die Urheberrechte Dritter beachtet. Insbesondere werden Inhalte Dritter als solche gekennzeichnet. Sollten Sie trotzdem auf eine Urheberrechtsverletzung aufmerksam werden, bitten wir um einen entsprechenden Hinweis. Bei Bekanntwerden von Rechtsverletzungen werden wir derartige Inhalte umgehend entfernen.<\/p>\n","protected":false},"excerpt":{"rendered":"<p>Impressum Angaben gem\u00e4\u00df \u00a7 5 TMG Linux Professional Institute 44 Chipman Hill, Suite 1000 Saint John, NB E2L 2A9 Kanada Vertreten durch: G. Matthew Rice Executive Director Kontakt Telefon: +1 905-885-5522 E-Mail: info@lpi.org Business Number (BN): 876037722 Verantwortlich f\u00fcr den &#8230; <a href=\"https:\/\/www.lpi.org\/de\/impressum\/\" class=\"button-link\">Weiterlesen<\/a><\/p>\n","protected":false},"author":1,"featured_media":0,"parent":0,"menu_order":0,"comment_status":"closed","ping_status":"closed","template":"","meta":{"_acf_changed":false,"footnotes":""},"class_list":["post-32511","page","type-page","status-publish","hentry"],"acf":[],"yoast_head":"<!-- This site is optimized with the Yoast SEO Premium plugin v27.2 (Yoast SEO v27.4) - https:\/\/yoast.com\/product\/yoast-seo-premium-wordpress\/ -->\n<title>Impressum - Linux Professional Institute (LPI)<\/title>\n<meta name=\"robots\" content=\"index, follow, max-snippet:-1, max-image-preview:large, max-video-preview:-1\" \/>\n<link rel=\"canonical\" href=\"https:\/\/www.lpi.org\/de\/impressum\/\" \/>\n<meta property=\"og:locale\" content=\"de_DE\" \/>\n<meta property=\"og:type\" content=\"article\" \/>\n<meta property=\"og:title\" content=\"Impressum\" \/>\n<meta property=\"og:description\" content=\"Impressum Angaben gem\u00e4\u00df \u00a7 5 TMG Linux Professional Institute 44 Chipman Hill, Suite 1000 Saint John, NB E2L 2A9 Kanada Vertreten durch: G. Matthew Rice Executive Director Kontakt Telefon: +1 905-885-5522 E-Mail: info@lpi.org Business Number (BN): 876037722 Verantwortlich f\u00fcr den ... Weiterlesen\" \/>\n<meta property=\"og:url\" content=\"https:\/\/www.lpi.org\/de\/impressum\/\" \/>\n<meta property=\"og:site_name\" content=\"Linux Professional Institute (LPI)\" \/>\n<meta property=\"article:publisher\" content=\"https:\/\/www.facebook.com\/LPIConnect\" \/>\n<meta name=\"twitter:card\" content=\"summary_large_image\" \/>\n<meta name=\"twitter:site\" content=\"@lpiconnect\" \/>\n<meta name=\"twitter:label1\" content=\"Gesch\u00e4tzte Lesezeit\" \/>\n\t<meta name=\"twitter:data1\" content=\"2\u00a0Minuten\" \/>\n<script type=\"application\/ld+json\" class=\"yoast-schema-graph\">{\"@context\":\"https:\\\/\\\/schema.org\",\"@graph\":[{\"@type\":\"WebPage\",\"@id\":\"https:\\\/\\\/www.lpi.org\\\/de\\\/impressum\\\/\",\"url\":\"https:\\\/\\\/www.lpi.org\\\/de\\\/impressum\\\/\",\"name\":\"Impressum - Linux Professional Institute (LPI)\",\"isPartOf\":{\"@id\":\"https:\\\/\\\/www.lpi.org\\\/de\\\/#website\"},\"datePublished\":\"2023-04-06T12:10:43+00:00\",\"breadcrumb\":{\"@id\":\"https:\\\/\\\/www.lpi.org\\\/de\\\/impressum\\\/#breadcrumb\"},\"inLanguage\":\"de\",\"potentialAction\":[{\"@type\":\"ReadAction\",\"target\":[\"https:\\\/\\\/www.lpi.org\\\/de\\\/impressum\\\/\"]}]},{\"@type\":\"BreadcrumbList\",\"@id\":\"https:\\\/\\\/www.lpi.org\\\/de\\\/impressum\\\/#breadcrumb\",\"itemListElement\":[{\"@type\":\"ListItem\",\"position\":1,\"name\":\"Home\",\"item\":\"https:\\\/\\\/www.lpi.org\\\/de\\\/\"},{\"@type\":\"ListItem\",\"position\":2,\"name\":\"Impressum\"}]},{\"@type\":\"WebSite\",\"@id\":\"https:\\\/\\\/www.lpi.org\\\/de\\\/#website\",\"url\":\"https:\\\/\\\/www.lpi.org\\\/de\\\/\",\"name\":\"Linux Professional Institute (LPI)\",\"description\":\"\",\"publisher\":{\"@id\":\"https:\\\/\\\/www.lpi.org\\\/de\\\/#organization\"},\"potentialAction\":[{\"@type\":\"SearchAction\",\"target\":{\"@type\":\"EntryPoint\",\"urlTemplate\":\"https:\\\/\\\/www.lpi.org\\\/de\\\/?s={search_term_string}\"},\"query-input\":{\"@type\":\"PropertyValueSpecification\",\"valueRequired\":true,\"valueName\":\"search_term_string\"}}],\"inLanguage\":\"de\"},{\"@type\":\"Organization\",\"@id\":\"https:\\\/\\\/www.lpi.org\\\/de\\\/#organization\",\"name\":\"Linux Professional Institute (LPI)\",\"url\":\"https:\\\/\\\/www.lpi.org\\\/de\\\/\",\"logo\":{\"@type\":\"ImageObject\",\"inLanguage\":\"de\",\"@id\":\"https:\\\/\\\/www.lpi.org\\\/de\\\/#\\\/schema\\\/logo\\\/image\\\/\",\"url\":\"https:\\\/\\\/www.lpi.org\\\/wp-content\\\/uploads\\\/2023\\\/04\\\/logo.png\",\"contentUrl\":\"https:\\\/\\\/www.lpi.org\\\/wp-content\\\/uploads\\\/2023\\\/04\\\/logo.png\",\"width\":496,\"height\":175,\"caption\":\"Linux Professional Institute (LPI)\"},\"image\":{\"@id\":\"https:\\\/\\\/www.lpi.org\\\/de\\\/#\\\/schema\\\/logo\\\/image\\\/\"},\"sameAs\":[\"https:\\\/\\\/www.facebook.com\\\/LPIConnect\",\"https:\\\/\\\/x.com\\\/lpiconnect\",\"https:\\\/\\\/www.linkedin.com\\\/company\\\/35136\",\"https:\\\/\\\/www.instagram.com\\\/lpi_org\\\/\",\"https:\\\/\\\/fosstodon.org\\\/@LPI\"]}]}<\/script>\n<!-- \/ Yoast SEO Premium plugin. -->","yoast_head_json":{"title":"Impressum - Linux Professional Institute (LPI)","robots":{"index":"index","follow":"follow","max-snippet":"max-snippet:-1","max-image-preview":"max-image-preview:large","max-video-preview":"max-video-preview:-1"},"canonical":"https:\/\/www.lpi.org\/de\/impressum\/","og_locale":"de_DE","og_type":"article","og_title":"Impressum","og_description":"Impressum Angaben gem\u00e4\u00df \u00a7 5 TMG Linux Professional Institute 44 Chipman Hill, Suite 1000 Saint John, NB E2L 2A9 Kanada Vertreten durch: G. Matthew Rice Executive Director Kontakt Telefon: +1 905-885-5522 E-Mail: info@lpi.org Business Number (BN): 876037722 Verantwortlich f\u00fcr den ... Weiterlesen","og_url":"https:\/\/www.lpi.org\/de\/impressum\/","og_site_name":"Linux Professional Institute (LPI)","article_publisher":"https:\/\/www.facebook.com\/LPIConnect","twitter_card":"summary_large_image","twitter_site":"@lpiconnect","twitter_misc":{"Gesch\u00e4tzte Lesezeit":"2\u00a0Minuten"},"schema":{"@context":"https:\/\/schema.org","@graph":[{"@type":"WebPage","@id":"https:\/\/www.lpi.org\/de\/impressum\/","url":"https:\/\/www.lpi.org\/de\/impressum\/","name":"Impressum - Linux Professional Institute (LPI)","isPartOf":{"@id":"https:\/\/www.lpi.org\/de\/#website"},"datePublished":"2023-04-06T12:10:43+00:00","breadcrumb":{"@id":"https:\/\/www.lpi.org\/de\/impressum\/#breadcrumb"},"inLanguage":"de","potentialAction":[{"@type":"ReadAction","target":["https:\/\/www.lpi.org\/de\/impressum\/"]}]},{"@type":"BreadcrumbList","@id":"https:\/\/www.lpi.org\/de\/impressum\/#breadcrumb","itemListElement":[{"@type":"ListItem","position":1,"name":"Home","item":"https:\/\/www.lpi.org\/de\/"},{"@type":"ListItem","position":2,"name":"Impressum"}]},{"@type":"WebSite","@id":"https:\/\/www.lpi.org\/de\/#website","url":"https:\/\/www.lpi.org\/de\/","name":"Linux Professional Institute (LPI)","description":"","publisher":{"@id":"https:\/\/www.lpi.org\/de\/#organization"},"potentialAction":[{"@type":"SearchAction","target":{"@type":"EntryPoint","urlTemplate":"https:\/\/www.lpi.org\/de\/?s={search_term_string}"},"query-input":{"@type":"PropertyValueSpecification","valueRequired":true,"valueName":"search_term_string"}}],"inLanguage":"de"},{"@type":"Organization","@id":"https:\/\/www.lpi.org\/de\/#organization","name":"Linux Professional Institute (LPI)","url":"https:\/\/www.lpi.org\/de\/","logo":{"@type":"ImageObject","inLanguage":"de","@id":"https:\/\/www.lpi.org\/de\/#\/schema\/logo\/image\/","url":"https:\/\/www.lpi.org\/wp-content\/uploads\/2023\/04\/logo.png","contentUrl":"https:\/\/www.lpi.org\/wp-content\/uploads\/2023\/04\/logo.png","width":496,"height":175,"caption":"Linux Professional Institute (LPI)"},"image":{"@id":"https:\/\/www.lpi.org\/de\/#\/schema\/logo\/image\/"},"sameAs":["https:\/\/www.facebook.com\/LPIConnect","https:\/\/x.com\/lpiconnect","https:\/\/www.linkedin.com\/company\/35136","https:\/\/www.instagram.com\/lpi_org\/","https:\/\/fosstodon.org\/@LPI"]}]}},"_links":{"self":[{"href":"https:\/\/www.lpi.org\/de\/wp-json\/wp\/v2\/pages\/32511","targetHints":{"allow":["GET"]}}],"collection":[{"href":"https:\/\/www.lpi.org\/de\/wp-json\/wp\/v2\/pages"}],"about":[{"href":"https:\/\/www.lpi.org\/de\/wp-json\/wp\/v2\/types\/page"}],"author":[{"embeddable":true,"href":"https:\/\/www.lpi.org\/de\/wp-json\/wp\/v2\/users\/1"}],"replies":[{"embeddable":true,"href":"https:\/\/www.lpi.org\/de\/wp-json\/wp\/v2\/comments?post=32511"}],"version-history":[{"count":0,"href":"https:\/\/www.lpi.org\/de\/wp-json\/wp\/v2\/pages\/32511\/revisions"}],"wp:attachment":[{"href":"https:\/\/www.lpi.org\/de\/wp-json\/wp\/v2\/media?parent=32511"}],"curies":[{"name":"wp","href":"https:\/\/api.w.org\/{rel}","templated":true}]}}