{"id":13410,"date":"2023-04-06T09:24:01","date_gmt":"2023-04-06T13:24:01","guid":{"rendered":"https:\/\/www.lpi.org\/codigo-comunitario-de-etica-y-conducta-profesional\/"},"modified":"2023-04-06T09:24:01","modified_gmt":"2023-04-06T13:24:01","slug":"conduct","status":"publish","type":"page","link":"https:\/\/www.lpi.org\/es\/conduct\/","title":{"rendered":"C\u00f3digo comunitario de \u00e9tica y conducta profesional"},"content":{"rendered":"<p>Versi\u00f3n 3, agosto 10 2018<\/p>\n<p><strong>Pre\u00e1mbulo<\/strong><\/p>\n<p>El Linux Professional Institute se cre\u00f3 con la misi\u00f3n de promover el uso profesional, el desarrollo y la ense\u00f1anza de software y tecnolog\u00eda de c\u00f3digo abierto en todo el mundo.<\/p>\n<p>Con ese fin, LPI ha creado una estructura de gobierno a trav\u00e9s de la cual los profesionales pueden convertirse en miembros de LPI demostrando competencia t\u00e9cnica y adhesi\u00f3n a un c\u00f3digo \u00e9tico. Este documento sirve para definir este c\u00f3digo de \u00e9tica, con los objetivos de mantener la integridad y la confiabilidad a trav\u00e9s de:<\/p>\n<ul>\n<li>Protecci\u00f3n del inter\u00e9s p\u00fablico<\/li>\n<li>Demostraci\u00f3n de integridad personal<\/li>\n<li>Mantenimiento de la confidencialidad y la privacidad<\/li>\n<li>Mostrando respeto por colegas y colaboradores<\/li>\n<\/ul>\n<p>La comunidad LPI es un espacio abierto, seguro e inclusivo que fomenta el intercambio y la colaboraci\u00f3n independientemente de la edad, discapacidad, etnia, identidad y expresi\u00f3n de g\u00e9nero, nivel de experiencia, nacionalidad, apariencia personal, raza, religi\u00f3n u orientaci\u00f3n sexual. Si bien los desacuerdos son normales, esperamos que nuestros Miembros act\u00faen de manera apropiada no solo en sus tratos con LPI sino tambi\u00e9n con las relaciones comerciales, los colegas y el p\u00fablico en general. Esperamos que los participantes en cualquier proyecto o grupo resuelvan los desacuerdos de manera constructiva. Cuando no puedan, los asuntos deben escalar dentro de las estructuras establecidas para su resoluci\u00f3n.<\/p>\n<p>La conducta deshonrosa o cuestionable, incluida la conducta que puede ser adversa al inter\u00e9s p\u00fablico o que carece de integridad, se reflejar\u00e1 negativamente en el miembro, LPI y la profesi\u00f3n de profesional de c\u00f3digo abierto. Si la conducta es tal que el conocimiento de la misma podr\u00eda afectar la confianza del miembro como profesional, entonces LPI estar\u00e1 justificado para tomar medidas disciplinarias.<\/p>\n<p>Los miembros que contravengan partes de este c\u00f3digo porque creen que la adherencia causar\u00eda un peligro claramente demostrado para el p\u00fablico (por ejemplo, \u00abdenuncia de irregularidades\u00bb) no se considerar\u00e1n necesariamente en infracci\u00f3n a los fines de una acci\u00f3n disciplinaria. Se alienta a los miembros a obtener asesoramiento legal en tales situaciones.<\/p>\n<p>La determinaci\u00f3n de infracciones de este c\u00f3digo y las medidas disciplinarias apropiadas se tomar\u00e1n caso por caso.<\/p>\n<p>Este C\u00f3digo de conducta se aplica como condici\u00f3n de membres\u00eda, pero esperamos que todos en nuestra comunidad lo sigan. Para obtener m\u00e1s informaci\u00f3n o para informar una infracci\u00f3n, cont\u00e1ctese\u00a0<a href=\"mailto:ethics@lpi.org\">ethics@lpi.org<\/a>.<\/p>\n<p><strong>Protecci\u00f3n del inter\u00e9s p\u00fablico<\/strong><\/p>\n<p>Se espera que los miembros:<\/p>\n<ol>\n<li>llevar a cabo su trabajo teniendo debidamente en cuenta la salud p\u00fablica, la seguridad p\u00fablica, los derechos humanos y el medio ambiente;<\/li>\n<li>apoyar la integridad y la confianza p\u00fablica en LPI y la profesi\u00f3n de profesional de c\u00f3digo abierto;<\/li>\n<li>utilizar o recomendar software de c\u00f3digo abierto y publicaci\u00f3n de acceso abierto seg\u00fan corresponda;<\/li>\n<li>divulgar completamente, a las partes pertinentes, cualquier conflicto de intereses que exista o pueda verse que existe por un observador independiente.<\/li>\n<\/ol>\n<p><strong>Demostraci\u00f3n de integridad personal<\/strong><\/p>\n<p>Se espera que los miembros:<\/p>\n<ol>\n<li>actuar con buena fe y honestidad en sus interacciones profesionales y de colaboraci\u00f3n;<\/li>\n<li>informar a los dem\u00e1s de cualquier situaci\u00f3n que pueda afectar su juicio profesional;<\/li>\n<li>poseer suficiente conocimiento t\u00e9cnico, as\u00ed como conocimiento de los est\u00e1ndares, regulaciones y legislaci\u00f3n relevantes, para realizar sus tareas profesionales;<\/li>\n<li>respetar los derechos creativos de los dem\u00e1s y respetar las patentes, los derechos de autor y las marcas comerciales.<\/li>\n<\/ol>\n<p><strong>Mantenimiento de Confidencialidad y Privacidad<\/strong><\/p>\n<p>Se espera que los miembros:<\/p>\n<ol>\n<li>mantener la confidencialidad en las relaciones profesionales, a menos que se renuncie expl\u00edcitamente;<\/li>\n<li>abstenerse de chismes sobre personas u organizaciones con las que el miembro tenga relaciones profesionales, independientemente de la fuente;<\/li>\n<li>respetar los secretos comerciales, la privacidad y los t\u00e9rminos de la licencia u otros acuerdos aplicables; y<\/li>\n<li>declinar el trabajo para cualquier instancia que pueda exigir la divulgaci\u00f3n de actividad confidencial realizada en otro lugar.<\/li>\n<\/ol>\n<p><strong>Mostrando respeto por colegas y colaboradores<\/strong><\/p>\n<p>Se espera que los miembros:<\/p>\n<ol>\n<li>involucrar a la comunidad LPI y otros entornos de trabajo colaborativos como abiertos, seguros e inclusivos a trav\u00e9s de la cortes\u00eda y el respeto mutuo;<\/li>\n<li>ser considerado al elegir las palabras, ser amable con los dem\u00e1s y no insultar, atacar, hostigar, denigrar o discriminar a los dem\u00e1s;<\/li>\n<li>usar formas claras y precisas para expresar las ideas que est\u00e1n tratando de compartir, teniendo en cuenta el idioma y las barreras culturales siempre presentes dado el alcance global de LPI;<\/li>\n<li>buscar activamente dar la bienvenida a los reci\u00e9n llegados y servir de mentor, promotor, asesor y promotor de aquellos con potencial para tener impacto en sus comunidades y como parte de nuestra comunidad global.<\/li>\n<\/ol>\n","protected":false},"excerpt":{"rendered":"<p>Versi\u00f3n 3, agosto 10 2018 Pre\u00e1mbulo El Linux Professional Institute se cre\u00f3 con la misi\u00f3n de promover el uso profesional, el desarrollo y la ense\u00f1anza de software y tecnolog\u00eda de c\u00f3digo abierto en todo el mundo. Con ese fin, LPI &#8230; <a href=\"https:\/\/www.lpi.org\/es\/conduct\/\" class=\"button-link\">Leer m\u00e1s<\/a><\/p>\n","protected":false},"author":1,"featured_media":0,"parent":0,"menu_order":0,"comment_status":"closed","ping_status":"closed","template":"","meta":{"_acf_changed":false,"footnotes":""},"class_list":["post-13410","page","type-page","status-publish","hentry"],"acf":[],"yoast_head":"<!-- This site is optimized with the Yoast SEO Premium plugin v27.2 (Yoast SEO v27.4) - https:\/\/yoast.com\/product\/yoast-seo-premium-wordpress\/ -->\n<title>C\u00f3digo comunitario de \u00e9tica y conducta profesional - Linux Professional Institute (LPI)<\/title>\n<meta name=\"robots\" content=\"index, follow, max-snippet:-1, max-image-preview:large, max-video-preview:-1\" \/>\n<link rel=\"canonical\" href=\"https:\/\/www.lpi.org\/es\/conduct\/\" \/>\n<meta property=\"og:locale\" content=\"es_ES\" \/>\n<meta property=\"og:type\" content=\"article\" \/>\n<meta property=\"og:title\" content=\"C\u00f3digo comunitario de \u00e9tica y conducta profesional\" \/>\n<meta property=\"og:description\" content=\"Versi\u00f3n 3, agosto 10 2018 Pre\u00e1mbulo El Linux Professional Institute se cre\u00f3 con la misi\u00f3n de promover el uso profesional, el desarrollo y la ense\u00f1anza de software y tecnolog\u00eda de c\u00f3digo abierto en todo el mundo. Con ese fin, LPI ... Leer m\u00e1s\" \/>\n<meta property=\"og:url\" content=\"https:\/\/www.lpi.org\/es\/conduct\/\" \/>\n<meta property=\"og:site_name\" content=\"Linux Professional Institute (LPI)\" \/>\n<meta property=\"article:publisher\" content=\"https:\/\/www.facebook.com\/LPIConnect\" \/>\n<meta name=\"twitter:card\" content=\"summary_large_image\" \/>\n<meta name=\"twitter:site\" content=\"@lpiconnect\" \/>\n<meta name=\"twitter:label1\" content=\"Tiempo de lectura\" \/>\n\t<meta name=\"twitter:data1\" content=\"4 minutos\" \/>\n<script type=\"application\/ld+json\" class=\"yoast-schema-graph\">{\"@context\":\"https:\\\/\\\/schema.org\",\"@graph\":[{\"@type\":\"WebPage\",\"@id\":\"https:\\\/\\\/www.lpi.org\\\/es\\\/conduct\\\/\",\"url\":\"https:\\\/\\\/www.lpi.org\\\/es\\\/conduct\\\/\",\"name\":\"C\u00f3digo comunitario de \u00e9tica y conducta profesional - Linux Professional Institute (LPI)\",\"isPartOf\":{\"@id\":\"https:\\\/\\\/www.lpi.org\\\/es\\\/#website\"},\"datePublished\":\"2023-04-06T13:24:01+00:00\",\"breadcrumb\":{\"@id\":\"https:\\\/\\\/www.lpi.org\\\/es\\\/conduct\\\/#breadcrumb\"},\"inLanguage\":\"es\",\"potentialAction\":[{\"@type\":\"ReadAction\",\"target\":[\"https:\\\/\\\/www.lpi.org\\\/es\\\/conduct\\\/\"]}]},{\"@type\":\"BreadcrumbList\",\"@id\":\"https:\\\/\\\/www.lpi.org\\\/es\\\/conduct\\\/#breadcrumb\",\"itemListElement\":[{\"@type\":\"ListItem\",\"position\":1,\"name\":\"Home\",\"item\":\"https:\\\/\\\/www.lpi.org\\\/es\\\/\"},{\"@type\":\"ListItem\",\"position\":2,\"name\":\"C\u00f3digo comunitario de \u00e9tica y conducta profesional\"}]},{\"@type\":\"WebSite\",\"@id\":\"https:\\\/\\\/www.lpi.org\\\/es\\\/#website\",\"url\":\"https:\\\/\\\/www.lpi.org\\\/es\\\/\",\"name\":\"Linux Professional Institute (LPI)\",\"description\":\"\",\"publisher\":{\"@id\":\"https:\\\/\\\/www.lpi.org\\\/es\\\/#organization\"},\"potentialAction\":[{\"@type\":\"SearchAction\",\"target\":{\"@type\":\"EntryPoint\",\"urlTemplate\":\"https:\\\/\\\/www.lpi.org\\\/es\\\/?s={search_term_string}\"},\"query-input\":{\"@type\":\"PropertyValueSpecification\",\"valueRequired\":true,\"valueName\":\"search_term_string\"}}],\"inLanguage\":\"es\"},{\"@type\":\"Organization\",\"@id\":\"https:\\\/\\\/www.lpi.org\\\/es\\\/#organization\",\"name\":\"Linux Professional Institute (LPI)\",\"url\":\"https:\\\/\\\/www.lpi.org\\\/es\\\/\",\"logo\":{\"@type\":\"ImageObject\",\"inLanguage\":\"es\",\"@id\":\"https:\\\/\\\/www.lpi.org\\\/es\\\/#\\\/schema\\\/logo\\\/image\\\/\",\"url\":\"https:\\\/\\\/www.lpi.org\\\/wp-content\\\/uploads\\\/2023\\\/04\\\/logo.png\",\"contentUrl\":\"https:\\\/\\\/www.lpi.org\\\/wp-content\\\/uploads\\\/2023\\\/04\\\/logo.png\",\"width\":496,\"height\":175,\"caption\":\"Linux Professional Institute (LPI)\"},\"image\":{\"@id\":\"https:\\\/\\\/www.lpi.org\\\/es\\\/#\\\/schema\\\/logo\\\/image\\\/\"},\"sameAs\":[\"https:\\\/\\\/www.facebook.com\\\/LPIConnect\",\"https:\\\/\\\/x.com\\\/lpiconnect\",\"https:\\\/\\\/www.linkedin.com\\\/company\\\/35136\",\"https:\\\/\\\/www.instagram.com\\\/lpi_org\\\/\",\"https:\\\/\\\/fosstodon.org\\\/@LPI\"]}]}<\/script>\n<!-- \/ Yoast SEO Premium plugin. -->","yoast_head_json":{"title":"C\u00f3digo comunitario de \u00e9tica y conducta profesional - Linux Professional Institute (LPI)","robots":{"index":"index","follow":"follow","max-snippet":"max-snippet:-1","max-image-preview":"max-image-preview:large","max-video-preview":"max-video-preview:-1"},"canonical":"https:\/\/www.lpi.org\/es\/conduct\/","og_locale":"es_ES","og_type":"article","og_title":"C\u00f3digo comunitario de \u00e9tica y conducta profesional","og_description":"Versi\u00f3n 3, agosto 10 2018 Pre\u00e1mbulo El Linux Professional Institute se cre\u00f3 con la misi\u00f3n de promover el uso profesional, el desarrollo y la ense\u00f1anza de software y tecnolog\u00eda de c\u00f3digo abierto en todo el mundo. Con ese fin, LPI ... Leer m\u00e1s","og_url":"https:\/\/www.lpi.org\/es\/conduct\/","og_site_name":"Linux Professional Institute (LPI)","article_publisher":"https:\/\/www.facebook.com\/LPIConnect","twitter_card":"summary_large_image","twitter_site":"@lpiconnect","twitter_misc":{"Tiempo de lectura":"4 minutos"},"schema":{"@context":"https:\/\/schema.org","@graph":[{"@type":"WebPage","@id":"https:\/\/www.lpi.org\/es\/conduct\/","url":"https:\/\/www.lpi.org\/es\/conduct\/","name":"C\u00f3digo comunitario de \u00e9tica y conducta profesional - Linux Professional Institute (LPI)","isPartOf":{"@id":"https:\/\/www.lpi.org\/es\/#website"},"datePublished":"2023-04-06T13:24:01+00:00","breadcrumb":{"@id":"https:\/\/www.lpi.org\/es\/conduct\/#breadcrumb"},"inLanguage":"es","potentialAction":[{"@type":"ReadAction","target":["https:\/\/www.lpi.org\/es\/conduct\/"]}]},{"@type":"BreadcrumbList","@id":"https:\/\/www.lpi.org\/es\/conduct\/#breadcrumb","itemListElement":[{"@type":"ListItem","position":1,"name":"Home","item":"https:\/\/www.lpi.org\/es\/"},{"@type":"ListItem","position":2,"name":"C\u00f3digo comunitario de \u00e9tica y conducta profesional"}]},{"@type":"WebSite","@id":"https:\/\/www.lpi.org\/es\/#website","url":"https:\/\/www.lpi.org\/es\/","name":"Linux Professional Institute (LPI)","description":"","publisher":{"@id":"https:\/\/www.lpi.org\/es\/#organization"},"potentialAction":[{"@type":"SearchAction","target":{"@type":"EntryPoint","urlTemplate":"https:\/\/www.lpi.org\/es\/?s={search_term_string}"},"query-input":{"@type":"PropertyValueSpecification","valueRequired":true,"valueName":"search_term_string"}}],"inLanguage":"es"},{"@type":"Organization","@id":"https:\/\/www.lpi.org\/es\/#organization","name":"Linux Professional Institute (LPI)","url":"https:\/\/www.lpi.org\/es\/","logo":{"@type":"ImageObject","inLanguage":"es","@id":"https:\/\/www.lpi.org\/es\/#\/schema\/logo\/image\/","url":"https:\/\/www.lpi.org\/wp-content\/uploads\/2023\/04\/logo.png","contentUrl":"https:\/\/www.lpi.org\/wp-content\/uploads\/2023\/04\/logo.png","width":496,"height":175,"caption":"Linux Professional Institute (LPI)"},"image":{"@id":"https:\/\/www.lpi.org\/es\/#\/schema\/logo\/image\/"},"sameAs":["https:\/\/www.facebook.com\/LPIConnect","https:\/\/x.com\/lpiconnect","https:\/\/www.linkedin.com\/company\/35136","https:\/\/www.instagram.com\/lpi_org\/","https:\/\/fosstodon.org\/@LPI"]}]}},"_links":{"self":[{"href":"https:\/\/www.lpi.org\/es\/wp-json\/wp\/v2\/pages\/13410","targetHints":{"allow":["GET"]}}],"collection":[{"href":"https:\/\/www.lpi.org\/es\/wp-json\/wp\/v2\/pages"}],"about":[{"href":"https:\/\/www.lpi.org\/es\/wp-json\/wp\/v2\/types\/page"}],"author":[{"embeddable":true,"href":"https:\/\/www.lpi.org\/es\/wp-json\/wp\/v2\/users\/1"}],"replies":[{"embeddable":true,"href":"https:\/\/www.lpi.org\/es\/wp-json\/wp\/v2\/comments?post=13410"}],"version-history":[{"count":0,"href":"https:\/\/www.lpi.org\/es\/wp-json\/wp\/v2\/pages\/13410\/revisions"}],"wp:attachment":[{"href":"https:\/\/www.lpi.org\/es\/wp-json\/wp\/v2\/media?parent=13410"}],"curies":[{"name":"wp","href":"https:\/\/api.w.org\/{rel}","templated":true}]}}