{"id":13421,"date":"2023-04-06T06:31:49","date_gmt":"2023-04-06T10:31:49","guid":{"rendered":"https:\/\/www.lpi.org\/pruebas-en-linea-de-linux-professional-institute\/"},"modified":"2023-04-06T06:31:49","modified_gmt":"2023-04-06T10:31:49","slug":"online-testing","status":"publish","type":"page","link":"https:\/\/www.lpi.org\/es\/online-testing\/","title":{"rendered":"Pruebas en l\u00ednea de Linux Professional Institute"},"content":{"rendered":"<p>Linux Professional Institute (LPI) ofrece los ex\u00e1menes Linux Essentials, LPIC-1 (101 y 102) y LPIC-2 (201 y 202) a trav\u00e9s del\u00a0<a href=\"https:\/\/home.pearsonvue.com\/lpi\" target=\"_blank\" rel=\"noopener\">Sistema de prueba Pearson VUE OnVUE<\/a>. Los idiomas adicionales estar\u00e1n disponibles lo antes posible.<\/p>\n<p>&nbsp;<\/p>\n<h2>Un servicio para ti<\/h2>\n<p>Los ex\u00e1menes LPI se han realizado tradicionalmente f\u00edsicamente en el lugar y, por lo tanto, dependen de factores externos y de la capacidad de los candidatos para viajar. Con la supervisi\u00f3n en l\u00ednea, los candidatos pueden redactar sus ex\u00e1menes en casa o en la oficina para obtener la certificaci\u00f3n. Esto les ahorra tiempo y gastos de viaje y reduce significativamente los riesgos para la salud.<\/p>\n<p>&nbsp;<\/p>\n<h2>Todo esta seguro<\/h2>\n<p>La supervisi\u00f3n en l\u00ednea es muy similar a lo que se hace en\u00a0<a href=\"http:\/\/www.vue.com\/lpi\/locate\" target=\"_blank\" rel=\"noopener\">Centros de pruebas de Pearson VUE<\/a>. Realiza el examen mientras un supervisor de Pearson VUE verificado lo supervisa en su c\u00e1mara web.<\/p>\n<p>&nbsp;<\/p>\n<h2>\u00bfQu\u00e9 ex\u00e1menes de LPI puedo realizar en l\u00ednea?<\/h2>\n<p><a href=\"https:\/\/www.lpi.org\/our-certifications\/linux-essentials-overview\">Linux Professional Institute Linux Essentials<\/a><br \/>\n<a href=\"https:\/\/www.lpi.org\/our-certifications\/web-development-essentials-overview\">Linux Professional Institute Web Development Essentials<\/a><br \/>\n<a href=\"https:\/\/www.lpi.org\/lpic-1-linux-certified-administrator\">Linux Professional Institute\u00a0LPIC-1<\/a><br \/>\n<a href=\"https:\/\/www.lpi.org\/lpic-2-linux-certified-engineer\">Linux Professional Institute LPIC-2<\/a><\/p>\n<p>&nbsp;<\/p>\n<h2>\u00bfEn qu\u00e9 idiomas est\u00e1n disponibles los ex\u00e1menes en l\u00ednea?<\/h2>\n<p>Linux Professional Institute Linux Essentials: ingl\u00e9s, japon\u00e9s, portugu\u00e9s (brasile\u00f1o), alem\u00e1n, holand\u00e9s<br \/>\nLinux Professional Institute LPIC-1: ingl\u00e9s, japon\u00e9s, portugu\u00e9s (brasile\u00f1o), espa\u00f1ol<br \/>\nLinux Professional Institute LPIC-2: ingl\u00e9s<\/p>\n<p>&nbsp;<\/p>\n<h2>Lo que los candidatos deben saber<\/h2>\n<p>La plataforma de supervisi\u00f3n en l\u00ednea de OnVUE solo est\u00e1 disponible en ingl\u00e9s. Se espera que los candidatos tengan un lugar tranquilo y privado, una computadora confiable con una c\u00e1mara y una conexi\u00f3n estable a Internet. Actualmente, solo se admiten los sistemas operativos Windows y MacOS. Como organismo de certificaci\u00f3n de Linux, sabemos que muchos de nuestros solicitantes prefieren realizar la prueba en el sistema con el que han estado estudiando y trabajando. Es por eso que estamos en conversaciones con Pearson VUE para que los ex\u00e1menes est\u00e9n disponibles en computadoras Linux.<\/p>\n<p>Puede encontrar una lista completa de los requisitos, pol\u00edticas y procedimientos del sistema en\u00a0<a href=\"https:\/\/home.pearsonvue.com\/lpi\/onvue\">https:\/\/home.pearsonvue.com\/lpi\/onvue<\/a>. Los precios y la duraci\u00f3n de los ex\u00e1menes de LPI siguen siendo los mismos en la plataforma OnVUE que en los centros de pruebas.<\/p>\n<p>Seguimos constantemente las necesidades de nuestra comunidad y adaptamos nuestra respuesta y medidas para satisfacer las necesidades de tantos candidatos potenciales como podamos. Si tiene m\u00e1s preguntas, o para solicitar asistencia o adaptaciones especiales, visite nuestro\u00a0<a href=\"https:\/\/www.lpi.org\/about-lpi\/frequently-asked-questions\">Preguntas Frecuentes<\/a>\u00a0p\u00e1gina o p\u00f3ngase en contacto con LPI en\u00a0<a href=\"mailto:info@lpi.org?subject=I%20have%20a%20question%20about%20online%20exams\">info@lpi.org<\/a>.<\/p>\n<p>&nbsp;<\/p>\n<p><a class=\"button2\" href=\"https:\/\/www.lpi.org\/coronavirus\">Nuestra respuesta a COVID-19 (Coronavirus)<\/a><\/p>\n<p><a class=\"button2\" href=\"https:\/\/www.lpi.org\/blog\/2020\/03\/17\/learn-and-volunteer-your-extra-time-home\">Aprenda y sea voluntario en casa<\/a><\/p>\n<div id=\"awebChromeHelper\"><\/div>\n","protected":false},"excerpt":{"rendered":"<p>Linux Professional Institute (LPI) ofrece los ex\u00e1menes Linux Essentials, LPIC-1 (101 y 102) y LPIC-2 (201 y 202) a trav\u00e9s del\u00a0Sistema de prueba Pearson VUE OnVUE. Los idiomas adicionales estar\u00e1n disponibles lo antes posible. &nbsp; Un servicio para ti Los &#8230; <a href=\"https:\/\/www.lpi.org\/es\/online-testing\/\" class=\"button-link\">Leer m\u00e1s<\/a><\/p>\n","protected":false},"author":1,"featured_media":7635,"parent":0,"menu_order":0,"comment_status":"closed","ping_status":"closed","template":"","meta":{"_acf_changed":false,"footnotes":""},"class_list":["post-13421","page","type-page","status-publish","has-post-thumbnail","hentry"],"acf":[],"yoast_head":"<!-- This site is optimized with the Yoast SEO Premium plugin v27.2 (Yoast SEO v27.4) - https:\/\/yoast.com\/product\/yoast-seo-premium-wordpress\/ -->\n<title>Pruebas en l\u00ednea de Linux Professional Institute - Linux Professional Institute (LPI)<\/title>\n<meta name=\"robots\" content=\"index, follow, max-snippet:-1, max-image-preview:large, max-video-preview:-1\" \/>\n<link rel=\"canonical\" href=\"https:\/\/www.lpi.org\/es\/online-testing\/\" \/>\n<meta property=\"og:locale\" content=\"es_ES\" \/>\n<meta property=\"og:type\" content=\"article\" \/>\n<meta property=\"og:title\" content=\"Pruebas en l\u00ednea de Linux Professional Institute\" \/>\n<meta property=\"og:description\" content=\"Linux Professional Institute (LPI) ofrece los ex\u00e1menes Linux Essentials, LPIC-1 (101 y 102) y LPIC-2 (201 y 202) a trav\u00e9s del\u00a0Sistema de prueba Pearson VUE OnVUE. Los idiomas adicionales estar\u00e1n disponibles lo antes posible. &nbsp; Un servicio para ti Los ... Leer m\u00e1s\" \/>\n<meta property=\"og:url\" content=\"https:\/\/www.lpi.org\/es\/online-testing\/\" \/>\n<meta property=\"og:site_name\" content=\"Linux Professional Institute (LPI)\" \/>\n<meta property=\"article:publisher\" content=\"https:\/\/www.facebook.com\/LPIConnect\" \/>\n<meta property=\"og:image\" content=\"https:\/\/www.lpi.org\/wp-content\/uploads\/2023\/05\/article-onVUE-Remote-Proctoring02.jpg\" \/>\n\t<meta property=\"og:image:width\" content=\"1440\" \/>\n\t<meta property=\"og:image:height\" content=\"994\" \/>\n\t<meta property=\"og:image:type\" content=\"image\/jpeg\" \/>\n<meta name=\"twitter:card\" content=\"summary_large_image\" \/>\n<meta name=\"twitter:site\" content=\"@lpiconnect\" \/>\n<meta name=\"twitter:label1\" content=\"Tiempo de lectura\" \/>\n\t<meta name=\"twitter:data1\" content=\"2 minutos\" \/>\n<script type=\"application\/ld+json\" class=\"yoast-schema-graph\">{\"@context\":\"https:\\\/\\\/schema.org\",\"@graph\":[{\"@type\":\"WebPage\",\"@id\":\"https:\\\/\\\/www.lpi.org\\\/es\\\/online-testing\\\/\",\"url\":\"https:\\\/\\\/www.lpi.org\\\/es\\\/online-testing\\\/\",\"name\":\"Pruebas en l\u00ednea de Linux Professional Institute - Linux Professional Institute (LPI)\",\"isPartOf\":{\"@id\":\"https:\\\/\\\/www.lpi.org\\\/es\\\/#website\"},\"primaryImageOfPage\":{\"@id\":\"https:\\\/\\\/www.lpi.org\\\/es\\\/online-testing\\\/#primaryimage\"},\"image\":{\"@id\":\"https:\\\/\\\/www.lpi.org\\\/es\\\/online-testing\\\/#primaryimage\"},\"thumbnailUrl\":\"https:\\\/\\\/www.lpi.org\\\/wp-content\\\/uploads\\\/2023\\\/05\\\/article-onVUE-Remote-Proctoring02.jpg\",\"datePublished\":\"2023-04-06T10:31:49+00:00\",\"breadcrumb\":{\"@id\":\"https:\\\/\\\/www.lpi.org\\\/es\\\/online-testing\\\/#breadcrumb\"},\"inLanguage\":\"es\",\"potentialAction\":[{\"@type\":\"ReadAction\",\"target\":[\"https:\\\/\\\/www.lpi.org\\\/es\\\/online-testing\\\/\"]}]},{\"@type\":\"ImageObject\",\"inLanguage\":\"es\",\"@id\":\"https:\\\/\\\/www.lpi.org\\\/es\\\/online-testing\\\/#primaryimage\",\"url\":\"https:\\\/\\\/www.lpi.org\\\/wp-content\\\/uploads\\\/2023\\\/05\\\/article-onVUE-Remote-Proctoring02.jpg\",\"contentUrl\":\"https:\\\/\\\/www.lpi.org\\\/wp-content\\\/uploads\\\/2023\\\/05\\\/article-onVUE-Remote-Proctoring02.jpg\",\"width\":1440,\"height\":994,\"caption\":\"Linux Professional Institute (LPI) online testing\"},{\"@type\":\"BreadcrumbList\",\"@id\":\"https:\\\/\\\/www.lpi.org\\\/es\\\/online-testing\\\/#breadcrumb\",\"itemListElement\":[{\"@type\":\"ListItem\",\"position\":1,\"name\":\"Home\",\"item\":\"https:\\\/\\\/www.lpi.org\\\/es\\\/\"},{\"@type\":\"ListItem\",\"position\":2,\"name\":\"Pruebas en l\u00ednea de Linux Professional Institute\"}]},{\"@type\":\"WebSite\",\"@id\":\"https:\\\/\\\/www.lpi.org\\\/es\\\/#website\",\"url\":\"https:\\\/\\\/www.lpi.org\\\/es\\\/\",\"name\":\"Linux Professional Institute (LPI)\",\"description\":\"\",\"publisher\":{\"@id\":\"https:\\\/\\\/www.lpi.org\\\/es\\\/#organization\"},\"potentialAction\":[{\"@type\":\"SearchAction\",\"target\":{\"@type\":\"EntryPoint\",\"urlTemplate\":\"https:\\\/\\\/www.lpi.org\\\/es\\\/?s={search_term_string}\"},\"query-input\":{\"@type\":\"PropertyValueSpecification\",\"valueRequired\":true,\"valueName\":\"search_term_string\"}}],\"inLanguage\":\"es\"},{\"@type\":\"Organization\",\"@id\":\"https:\\\/\\\/www.lpi.org\\\/es\\\/#organization\",\"name\":\"Linux Professional Institute (LPI)\",\"url\":\"https:\\\/\\\/www.lpi.org\\\/es\\\/\",\"logo\":{\"@type\":\"ImageObject\",\"inLanguage\":\"es\",\"@id\":\"https:\\\/\\\/www.lpi.org\\\/es\\\/#\\\/schema\\\/logo\\\/image\\\/\",\"url\":\"https:\\\/\\\/www.lpi.org\\\/wp-content\\\/uploads\\\/2023\\\/04\\\/logo.png\",\"contentUrl\":\"https:\\\/\\\/www.lpi.org\\\/wp-content\\\/uploads\\\/2023\\\/04\\\/logo.png\",\"width\":496,\"height\":175,\"caption\":\"Linux Professional Institute (LPI)\"},\"image\":{\"@id\":\"https:\\\/\\\/www.lpi.org\\\/es\\\/#\\\/schema\\\/logo\\\/image\\\/\"},\"sameAs\":[\"https:\\\/\\\/www.facebook.com\\\/LPIConnect\",\"https:\\\/\\\/x.com\\\/lpiconnect\",\"https:\\\/\\\/www.linkedin.com\\\/company\\\/35136\",\"https:\\\/\\\/www.instagram.com\\\/lpi_org\\\/\",\"https:\\\/\\\/fosstodon.org\\\/@LPI\"]}]}<\/script>\n<!-- \/ Yoast SEO Premium plugin. -->","yoast_head_json":{"title":"Pruebas en l\u00ednea de Linux Professional Institute - Linux Professional Institute (LPI)","robots":{"index":"index","follow":"follow","max-snippet":"max-snippet:-1","max-image-preview":"max-image-preview:large","max-video-preview":"max-video-preview:-1"},"canonical":"https:\/\/www.lpi.org\/es\/online-testing\/","og_locale":"es_ES","og_type":"article","og_title":"Pruebas en l\u00ednea de Linux Professional Institute","og_description":"Linux Professional Institute (LPI) ofrece los ex\u00e1menes Linux Essentials, LPIC-1 (101 y 102) y LPIC-2 (201 y 202) a trav\u00e9s del\u00a0Sistema de prueba Pearson VUE OnVUE. Los idiomas adicionales estar\u00e1n disponibles lo antes posible. &nbsp; Un servicio para ti Los ... Leer m\u00e1s","og_url":"https:\/\/www.lpi.org\/es\/online-testing\/","og_site_name":"Linux Professional Institute (LPI)","article_publisher":"https:\/\/www.facebook.com\/LPIConnect","og_image":[{"width":1440,"height":994,"url":"https:\/\/www.lpi.org\/wp-content\/uploads\/2023\/05\/article-onVUE-Remote-Proctoring02.jpg","type":"image\/jpeg"}],"twitter_card":"summary_large_image","twitter_site":"@lpiconnect","twitter_misc":{"Tiempo de lectura":"2 minutos"},"schema":{"@context":"https:\/\/schema.org","@graph":[{"@type":"WebPage","@id":"https:\/\/www.lpi.org\/es\/online-testing\/","url":"https:\/\/www.lpi.org\/es\/online-testing\/","name":"Pruebas en l\u00ednea de Linux Professional Institute - Linux Professional Institute (LPI)","isPartOf":{"@id":"https:\/\/www.lpi.org\/es\/#website"},"primaryImageOfPage":{"@id":"https:\/\/www.lpi.org\/es\/online-testing\/#primaryimage"},"image":{"@id":"https:\/\/www.lpi.org\/es\/online-testing\/#primaryimage"},"thumbnailUrl":"https:\/\/www.lpi.org\/wp-content\/uploads\/2023\/05\/article-onVUE-Remote-Proctoring02.jpg","datePublished":"2023-04-06T10:31:49+00:00","breadcrumb":{"@id":"https:\/\/www.lpi.org\/es\/online-testing\/#breadcrumb"},"inLanguage":"es","potentialAction":[{"@type":"ReadAction","target":["https:\/\/www.lpi.org\/es\/online-testing\/"]}]},{"@type":"ImageObject","inLanguage":"es","@id":"https:\/\/www.lpi.org\/es\/online-testing\/#primaryimage","url":"https:\/\/www.lpi.org\/wp-content\/uploads\/2023\/05\/article-onVUE-Remote-Proctoring02.jpg","contentUrl":"https:\/\/www.lpi.org\/wp-content\/uploads\/2023\/05\/article-onVUE-Remote-Proctoring02.jpg","width":1440,"height":994,"caption":"Linux Professional Institute (LPI) online testing"},{"@type":"BreadcrumbList","@id":"https:\/\/www.lpi.org\/es\/online-testing\/#breadcrumb","itemListElement":[{"@type":"ListItem","position":1,"name":"Home","item":"https:\/\/www.lpi.org\/es\/"},{"@type":"ListItem","position":2,"name":"Pruebas en l\u00ednea de Linux Professional Institute"}]},{"@type":"WebSite","@id":"https:\/\/www.lpi.org\/es\/#website","url":"https:\/\/www.lpi.org\/es\/","name":"Linux Professional Institute (LPI)","description":"","publisher":{"@id":"https:\/\/www.lpi.org\/es\/#organization"},"potentialAction":[{"@type":"SearchAction","target":{"@type":"EntryPoint","urlTemplate":"https:\/\/www.lpi.org\/es\/?s={search_term_string}"},"query-input":{"@type":"PropertyValueSpecification","valueRequired":true,"valueName":"search_term_string"}}],"inLanguage":"es"},{"@type":"Organization","@id":"https:\/\/www.lpi.org\/es\/#organization","name":"Linux Professional Institute (LPI)","url":"https:\/\/www.lpi.org\/es\/","logo":{"@type":"ImageObject","inLanguage":"es","@id":"https:\/\/www.lpi.org\/es\/#\/schema\/logo\/image\/","url":"https:\/\/www.lpi.org\/wp-content\/uploads\/2023\/04\/logo.png","contentUrl":"https:\/\/www.lpi.org\/wp-content\/uploads\/2023\/04\/logo.png","width":496,"height":175,"caption":"Linux Professional Institute (LPI)"},"image":{"@id":"https:\/\/www.lpi.org\/es\/#\/schema\/logo\/image\/"},"sameAs":["https:\/\/www.facebook.com\/LPIConnect","https:\/\/x.com\/lpiconnect","https:\/\/www.linkedin.com\/company\/35136","https:\/\/www.instagram.com\/lpi_org\/","https:\/\/fosstodon.org\/@LPI"]}]}},"_links":{"self":[{"href":"https:\/\/www.lpi.org\/es\/wp-json\/wp\/v2\/pages\/13421","targetHints":{"allow":["GET"]}}],"collection":[{"href":"https:\/\/www.lpi.org\/es\/wp-json\/wp\/v2\/pages"}],"about":[{"href":"https:\/\/www.lpi.org\/es\/wp-json\/wp\/v2\/types\/page"}],"author":[{"embeddable":true,"href":"https:\/\/www.lpi.org\/es\/wp-json\/wp\/v2\/users\/1"}],"replies":[{"embeddable":true,"href":"https:\/\/www.lpi.org\/es\/wp-json\/wp\/v2\/comments?post=13421"}],"version-history":[{"count":0,"href":"https:\/\/www.lpi.org\/es\/wp-json\/wp\/v2\/pages\/13421\/revisions"}],"wp:featuredmedia":[{"embeddable":true,"href":"https:\/\/www.lpi.org\/es\/wp-json\/wp\/v2\/media\/7635"}],"wp:attachment":[{"href":"https:\/\/www.lpi.org\/es\/wp-json\/wp\/v2\/media?parent=13421"}],"curies":[{"name":"wp","href":"https:\/\/api.w.org\/{rel}","templated":true}]}}