{"id":30637,"date":"2025-02-27T09:36:21","date_gmt":"2025-02-27T14:36:21","guid":{"rendered":"https:\/\/www.lpi.org\/partner-programs\/conviertase-en-socio-academico-de-lpi\/"},"modified":"2025-09-18T15:43:39","modified_gmt":"2025-09-18T19:43:39","slug":"academic-partner","status":"publish","type":"page","link":"https:\/\/www.lpi.org\/es\/partner-programs\/academic-partner\/","title":{"rendered":"Convi\u00e9rtase en socio acad\u00e9mico de LPI"},"content":{"rendered":"","protected":false},"excerpt":{"rendered":"","protected":false},"author":68,"featured_media":0,"parent":23969,"menu_order":0,"comment_status":"closed","ping_status":"closed","template":"template-sections.php","meta":{"_acf_changed":false,"footnotes":""},"class_list":["post-30637","page","type-page","status-publish","hentry"],"acf":[],"yoast_head":"<!-- This site is optimized with the Yoast SEO Premium plugin v27.2 (Yoast SEO v27.4) - https:\/\/yoast.com\/product\/yoast-seo-premium-wordpress\/ -->\n<title>Convi\u00e9rtase en socio acad\u00e9mico de LPI - Linux Professional Institute (LPI)<\/title>\n<meta name=\"description\" content=\"Convi\u00e9rtase en socio acad\u00e9mico de LPI: integre la certificaci\u00f3n Linux y de c\u00f3digo abierto, impulse el \u00e9xito de los estudiantes y el reconocimiento institucional.\" \/>\n<meta name=\"robots\" content=\"index, follow, max-snippet:-1, max-image-preview:large, max-video-preview:-1\" \/>\n<link rel=\"canonical\" href=\"https:\/\/www.lpi.org\/es\/partner-programs\/academic-partner\/\" \/>\n<meta property=\"og:locale\" content=\"es_ES\" \/>\n<meta property=\"og:type\" content=\"article\" \/>\n<meta property=\"og:title\" content=\"Convi\u00e9rtase en socio acad\u00e9mico de LPI\" \/>\n<meta property=\"og:description\" content=\"Convi\u00e9rtase en socio acad\u00e9mico de LPI: integre la certificaci\u00f3n Linux y de c\u00f3digo abierto, impulse el \u00e9xito de los estudiantes y el reconocimiento institucional.\" \/>\n<meta property=\"og:url\" content=\"https:\/\/www.lpi.org\/es\/partner-programs\/academic-partner\/\" \/>\n<meta property=\"og:site_name\" content=\"Linux Professional Institute (LPI)\" \/>\n<meta property=\"article:publisher\" content=\"https:\/\/www.facebook.com\/LPIConnect\" \/>\n<meta property=\"article:modified_time\" content=\"2025-09-18T19:43:39+00:00\" \/>\n<meta name=\"twitter:card\" content=\"summary_large_image\" \/>\n<meta name=\"twitter:site\" content=\"@lpiconnect\" \/>\n<meta name=\"twitter:label1\" content=\"Tiempo de lectura\" \/>\n\t<meta name=\"twitter:data1\" content=\"5 minutos\" \/>\n<script type=\"application\/ld+json\" class=\"yoast-schema-graph\">{\"@context\":\"https:\\\/\\\/schema.org\",\"@graph\":[{\"@type\":\"WebPage\",\"@id\":\"https:\\\/\\\/www.lpi.org\\\/es\\\/partner-programs\\\/academic-partner\\\/\",\"url\":\"https:\\\/\\\/www.lpi.org\\\/es\\\/partner-programs\\\/academic-partner\\\/\",\"name\":\"Convi\u00e9rtase en socio acad\u00e9mico de LPI - Linux Professional Institute (LPI)\",\"isPartOf\":{\"@id\":\"https:\\\/\\\/www.lpi.org\\\/es\\\/#website\"},\"datePublished\":\"2025-02-27T14:36:21+00:00\",\"dateModified\":\"2025-09-18T19:43:39+00:00\",\"description\":\"Convi\u00e9rtase en socio acad\u00e9mico de LPI: integre la certificaci\u00f3n Linux y de c\u00f3digo abierto, impulse el \u00e9xito de los estudiantes y el reconocimiento institucional.\",\"breadcrumb\":{\"@id\":\"https:\\\/\\\/www.lpi.org\\\/es\\\/partner-programs\\\/academic-partner\\\/#breadcrumb\"},\"inLanguage\":\"es\",\"potentialAction\":[{\"@type\":\"ReadAction\",\"target\":[\"https:\\\/\\\/www.lpi.org\\\/es\\\/partner-programs\\\/academic-partner\\\/\"]}]},{\"@type\":\"BreadcrumbList\",\"@id\":\"https:\\\/\\\/www.lpi.org\\\/es\\\/partner-programs\\\/academic-partner\\\/#breadcrumb\",\"itemListElement\":[{\"@type\":\"ListItem\",\"position\":1,\"name\":\"Home\",\"item\":\"https:\\\/\\\/www.lpi.org\\\/es\\\/\"},{\"@type\":\"ListItem\",\"position\":2,\"name\":\"Convi\u00e9rtete en socio\",\"item\":\"https:\\\/\\\/www.lpi.org\\\/es\\\/partner-programs\\\/\"},{\"@type\":\"ListItem\",\"position\":3,\"name\":\"Convi\u00e9rtase en socio acad\u00e9mico de LPI\"}]},{\"@type\":\"WebSite\",\"@id\":\"https:\\\/\\\/www.lpi.org\\\/es\\\/#website\",\"url\":\"https:\\\/\\\/www.lpi.org\\\/es\\\/\",\"name\":\"Linux Professional Institute (LPI)\",\"description\":\"\",\"publisher\":{\"@id\":\"https:\\\/\\\/www.lpi.org\\\/es\\\/#organization\"},\"potentialAction\":[{\"@type\":\"SearchAction\",\"target\":{\"@type\":\"EntryPoint\",\"urlTemplate\":\"https:\\\/\\\/www.lpi.org\\\/es\\\/?s={search_term_string}\"},\"query-input\":{\"@type\":\"PropertyValueSpecification\",\"valueRequired\":true,\"valueName\":\"search_term_string\"}}],\"inLanguage\":\"es\"},{\"@type\":\"Organization\",\"@id\":\"https:\\\/\\\/www.lpi.org\\\/es\\\/#organization\",\"name\":\"Linux Professional Institute (LPI)\",\"url\":\"https:\\\/\\\/www.lpi.org\\\/es\\\/\",\"logo\":{\"@type\":\"ImageObject\",\"inLanguage\":\"es\",\"@id\":\"https:\\\/\\\/www.lpi.org\\\/es\\\/#\\\/schema\\\/logo\\\/image\\\/\",\"url\":\"https:\\\/\\\/www.lpi.org\\\/wp-content\\\/uploads\\\/2023\\\/04\\\/logo.png\",\"contentUrl\":\"https:\\\/\\\/www.lpi.org\\\/wp-content\\\/uploads\\\/2023\\\/04\\\/logo.png\",\"width\":496,\"height\":175,\"caption\":\"Linux Professional Institute (LPI)\"},\"image\":{\"@id\":\"https:\\\/\\\/www.lpi.org\\\/es\\\/#\\\/schema\\\/logo\\\/image\\\/\"},\"sameAs\":[\"https:\\\/\\\/www.facebook.com\\\/LPIConnect\",\"https:\\\/\\\/x.com\\\/lpiconnect\",\"https:\\\/\\\/www.linkedin.com\\\/company\\\/35136\",\"https:\\\/\\\/www.instagram.com\\\/lpi_org\\\/\",\"https:\\\/\\\/fosstodon.org\\\/@LPI\"]}]}<\/script>\n<!-- \/ Yoast SEO Premium plugin. -->","yoast_head_json":{"title":"Convi\u00e9rtase en socio acad\u00e9mico de LPI - Linux Professional Institute (LPI)","description":"Convi\u00e9rtase en socio acad\u00e9mico de LPI: integre la certificaci\u00f3n Linux y de c\u00f3digo abierto, impulse el \u00e9xito de los estudiantes y el reconocimiento institucional.","robots":{"index":"index","follow":"follow","max-snippet":"max-snippet:-1","max-image-preview":"max-image-preview:large","max-video-preview":"max-video-preview:-1"},"canonical":"https:\/\/www.lpi.org\/es\/partner-programs\/academic-partner\/","og_locale":"es_ES","og_type":"article","og_title":"Convi\u00e9rtase en socio acad\u00e9mico de LPI","og_description":"Convi\u00e9rtase en socio acad\u00e9mico de LPI: integre la certificaci\u00f3n Linux y de c\u00f3digo abierto, impulse el \u00e9xito de los estudiantes y el reconocimiento institucional.","og_url":"https:\/\/www.lpi.org\/es\/partner-programs\/academic-partner\/","og_site_name":"Linux Professional Institute (LPI)","article_publisher":"https:\/\/www.facebook.com\/LPIConnect","article_modified_time":"2025-09-18T19:43:39+00:00","twitter_card":"summary_large_image","twitter_site":"@lpiconnect","twitter_misc":{"Tiempo de lectura":"5 minutos"},"schema":{"@context":"https:\/\/schema.org","@graph":[{"@type":"WebPage","@id":"https:\/\/www.lpi.org\/es\/partner-programs\/academic-partner\/","url":"https:\/\/www.lpi.org\/es\/partner-programs\/academic-partner\/","name":"Convi\u00e9rtase en socio acad\u00e9mico de LPI - Linux Professional Institute (LPI)","isPartOf":{"@id":"https:\/\/www.lpi.org\/es\/#website"},"datePublished":"2025-02-27T14:36:21+00:00","dateModified":"2025-09-18T19:43:39+00:00","description":"Convi\u00e9rtase en socio acad\u00e9mico de LPI: integre la certificaci\u00f3n Linux y de c\u00f3digo abierto, impulse el \u00e9xito de los estudiantes y el reconocimiento institucional.","breadcrumb":{"@id":"https:\/\/www.lpi.org\/es\/partner-programs\/academic-partner\/#breadcrumb"},"inLanguage":"es","potentialAction":[{"@type":"ReadAction","target":["https:\/\/www.lpi.org\/es\/partner-programs\/academic-partner\/"]}]},{"@type":"BreadcrumbList","@id":"https:\/\/www.lpi.org\/es\/partner-programs\/academic-partner\/#breadcrumb","itemListElement":[{"@type":"ListItem","position":1,"name":"Home","item":"https:\/\/www.lpi.org\/es\/"},{"@type":"ListItem","position":2,"name":"Convi\u00e9rtete en socio","item":"https:\/\/www.lpi.org\/es\/partner-programs\/"},{"@type":"ListItem","position":3,"name":"Convi\u00e9rtase en socio acad\u00e9mico de LPI"}]},{"@type":"WebSite","@id":"https:\/\/www.lpi.org\/es\/#website","url":"https:\/\/www.lpi.org\/es\/","name":"Linux Professional Institute (LPI)","description":"","publisher":{"@id":"https:\/\/www.lpi.org\/es\/#organization"},"potentialAction":[{"@type":"SearchAction","target":{"@type":"EntryPoint","urlTemplate":"https:\/\/www.lpi.org\/es\/?s={search_term_string}"},"query-input":{"@type":"PropertyValueSpecification","valueRequired":true,"valueName":"search_term_string"}}],"inLanguage":"es"},{"@type":"Organization","@id":"https:\/\/www.lpi.org\/es\/#organization","name":"Linux Professional Institute (LPI)","url":"https:\/\/www.lpi.org\/es\/","logo":{"@type":"ImageObject","inLanguage":"es","@id":"https:\/\/www.lpi.org\/es\/#\/schema\/logo\/image\/","url":"https:\/\/www.lpi.org\/wp-content\/uploads\/2023\/04\/logo.png","contentUrl":"https:\/\/www.lpi.org\/wp-content\/uploads\/2023\/04\/logo.png","width":496,"height":175,"caption":"Linux Professional Institute (LPI)"},"image":{"@id":"https:\/\/www.lpi.org\/es\/#\/schema\/logo\/image\/"},"sameAs":["https:\/\/www.facebook.com\/LPIConnect","https:\/\/x.com\/lpiconnect","https:\/\/www.linkedin.com\/company\/35136","https:\/\/www.instagram.com\/lpi_org\/","https:\/\/fosstodon.org\/@LPI"]}]}},"_links":{"self":[{"href":"https:\/\/www.lpi.org\/es\/wp-json\/wp\/v2\/pages\/30637","targetHints":{"allow":["GET"]}}],"collection":[{"href":"https:\/\/www.lpi.org\/es\/wp-json\/wp\/v2\/pages"}],"about":[{"href":"https:\/\/www.lpi.org\/es\/wp-json\/wp\/v2\/types\/page"}],"author":[{"embeddable":true,"href":"https:\/\/www.lpi.org\/es\/wp-json\/wp\/v2\/users\/68"}],"replies":[{"embeddable":true,"href":"https:\/\/www.lpi.org\/es\/wp-json\/wp\/v2\/comments?post=30637"}],"version-history":[{"count":1,"href":"https:\/\/www.lpi.org\/es\/wp-json\/wp\/v2\/pages\/30637\/revisions"}],"predecessor-version":[{"id":31211,"href":"https:\/\/www.lpi.org\/es\/wp-json\/wp\/v2\/pages\/30637\/revisions\/31211"}],"up":[{"embeddable":true,"href":"https:\/\/www.lpi.org\/es\/wp-json\/wp\/v2\/pages\/23969"}],"wp:attachment":[{"href":"https:\/\/www.lpi.org\/es\/wp-json\/wp\/v2\/media?parent=30637"}],"curies":[{"name":"wp","href":"https:\/\/api.w.org\/{rel}","templated":true}]}}