{"id":13374,"date":"2023-04-06T09:35:46","date_gmt":"2023-04-06T13:35:46","guid":{"rendered":"https:\/\/www.lpi.org\/comite-de-developpement-de-la-certification\/"},"modified":"2023-06-20T10:02:11","modified_gmt":"2023-06-20T14:02:11","slug":"certification-development-committee","status":"publish","type":"page","link":"https:\/\/www.lpi.org\/fr\/committees\/certification-development-committee\/","title":{"rendered":"Comit\u00e9 de d\u00e9veloppement de la certification"},"content":{"rendered":"","protected":false},"excerpt":{"rendered":"<p>Un groupe ouvert d&rsquo;individus int\u00e9ress\u00e9s par le d\u00e9veloppement et la cr\u00e9ation de sujets de certification.<\/p>\n","protected":false},"author":1,"featured_media":1269,"parent":13417,"menu_order":0,"comment_status":"closed","ping_status":"closed","template":"template-sections.php","meta":{"_acf_changed":false,"footnotes":""},"class_list":["post-13374","page","type-page","status-publish","has-post-thumbnail","hentry"],"acf":[],"yoast_head":"<!-- This site is optimized with the Yoast SEO Premium plugin v27.2 (Yoast SEO v27.3) - https:\/\/yoast.com\/product\/yoast-seo-premium-wordpress\/ -->\n<title>Comit\u00e9 de d\u00e9veloppement de la certification - Linux Professional Institute (LPI)<\/title>\n<meta name=\"robots\" content=\"index, follow, max-snippet:-1, max-image-preview:large, max-video-preview:-1\" \/>\n<link rel=\"canonical\" href=\"https:\/\/www.lpi.org\/fr\/committees\/certification-development-committee\/\" \/>\n<meta property=\"og:locale\" content=\"fr_FR\" \/>\n<meta property=\"og:type\" content=\"article\" \/>\n<meta property=\"og:title\" content=\"Comit\u00e9 de d\u00e9veloppement de la certification\" \/>\n<meta property=\"og:description\" content=\"Un groupe ouvert d&#039;individus int\u00e9ress\u00e9s par le d\u00e9veloppement et la cr\u00e9ation de sujets de certification.\" \/>\n<meta property=\"og:url\" content=\"https:\/\/www.lpi.org\/fr\/committees\/certification-development-committee\/\" \/>\n<meta property=\"og:site_name\" content=\"Linux Professional Institute (LPI)\" \/>\n<meta property=\"article:publisher\" content=\"https:\/\/www.facebook.com\/LPIConnect\" \/>\n<meta property=\"article:modified_time\" content=\"2023-06-20T14:02:11+00:00\" \/>\n<meta property=\"og:image\" content=\"https:\/\/www.lpi.org\/wp-content\/uploads\/2023\/04\/committee-page-icon-04_1.png\" \/>\n\t<meta property=\"og:image:width\" content=\"155\" \/>\n\t<meta property=\"og:image:height\" content=\"155\" \/>\n\t<meta property=\"og:image:type\" content=\"image\/png\" \/>\n<meta name=\"twitter:card\" content=\"summary_large_image\" \/>\n<meta name=\"twitter:site\" content=\"@lpiconnect\" \/>\n<script type=\"application\/ld+json\" class=\"yoast-schema-graph\">{\"@context\":\"https:\\\/\\\/schema.org\",\"@graph\":[{\"@type\":\"WebPage\",\"@id\":\"https:\\\/\\\/www.lpi.org\\\/fr\\\/committees\\\/certification-development-committee\\\/\",\"url\":\"https:\\\/\\\/www.lpi.org\\\/fr\\\/committees\\\/certification-development-committee\\\/\",\"name\":\"Comit\u00e9 de d\u00e9veloppement de la certification - Linux Professional Institute (LPI)\",\"isPartOf\":{\"@id\":\"https:\\\/\\\/www.lpi.org\\\/fr\\\/#website\"},\"primaryImageOfPage\":{\"@id\":\"https:\\\/\\\/www.lpi.org\\\/fr\\\/committees\\\/certification-development-committee\\\/#primaryimage\"},\"image\":{\"@id\":\"https:\\\/\\\/www.lpi.org\\\/fr\\\/committees\\\/certification-development-committee\\\/#primaryimage\"},\"thumbnailUrl\":\"https:\\\/\\\/www.lpi.org\\\/wp-content\\\/uploads\\\/2023\\\/04\\\/committee-page-icon-04_1.png\",\"datePublished\":\"2023-04-06T13:35:46+00:00\",\"dateModified\":\"2023-06-20T14:02:11+00:00\",\"breadcrumb\":{\"@id\":\"https:\\\/\\\/www.lpi.org\\\/fr\\\/committees\\\/certification-development-committee\\\/#breadcrumb\"},\"inLanguage\":\"fr-FR\",\"potentialAction\":[{\"@type\":\"ReadAction\",\"target\":[\"https:\\\/\\\/www.lpi.org\\\/fr\\\/committees\\\/certification-development-committee\\\/\"]}]},{\"@type\":\"ImageObject\",\"inLanguage\":\"fr-FR\",\"@id\":\"https:\\\/\\\/www.lpi.org\\\/fr\\\/committees\\\/certification-development-committee\\\/#primaryimage\",\"url\":\"https:\\\/\\\/www.lpi.org\\\/wp-content\\\/uploads\\\/2023\\\/04\\\/committee-page-icon-04_1.png\",\"contentUrl\":\"https:\\\/\\\/www.lpi.org\\\/wp-content\\\/uploads\\\/2023\\\/04\\\/committee-page-icon-04_1.png\",\"width\":155,\"height\":155},{\"@type\":\"BreadcrumbList\",\"@id\":\"https:\\\/\\\/www.lpi.org\\\/fr\\\/committees\\\/certification-development-committee\\\/#breadcrumb\",\"itemListElement\":[{\"@type\":\"ListItem\",\"position\":1,\"name\":\"Home\",\"item\":\"https:\\\/\\\/www.lpi.org\\\/fr\\\/\"},{\"@type\":\"ListItem\",\"position\":2,\"name\":\"Comit\u00e9s\",\"item\":\"https:\\\/\\\/www.lpi.org\\\/fr\\\/committees\\\/\"},{\"@type\":\"ListItem\",\"position\":3,\"name\":\"Comit\u00e9 de d\u00e9veloppement de la certification\"}]},{\"@type\":\"WebSite\",\"@id\":\"https:\\\/\\\/www.lpi.org\\\/fr\\\/#website\",\"url\":\"https:\\\/\\\/www.lpi.org\\\/fr\\\/\",\"name\":\"Linux Professional Institute (LPI)\",\"description\":\"\",\"publisher\":{\"@id\":\"https:\\\/\\\/www.lpi.org\\\/fr\\\/#organization\"},\"potentialAction\":[{\"@type\":\"SearchAction\",\"target\":{\"@type\":\"EntryPoint\",\"urlTemplate\":\"https:\\\/\\\/www.lpi.org\\\/fr\\\/?s={search_term_string}\"},\"query-input\":{\"@type\":\"PropertyValueSpecification\",\"valueRequired\":true,\"valueName\":\"search_term_string\"}}],\"inLanguage\":\"fr-FR\"},{\"@type\":\"Organization\",\"@id\":\"https:\\\/\\\/www.lpi.org\\\/fr\\\/#organization\",\"name\":\"Linux Professional Institute (LPI)\",\"url\":\"https:\\\/\\\/www.lpi.org\\\/fr\\\/\",\"logo\":{\"@type\":\"ImageObject\",\"inLanguage\":\"fr-FR\",\"@id\":\"https:\\\/\\\/www.lpi.org\\\/fr\\\/#\\\/schema\\\/logo\\\/image\\\/\",\"url\":\"https:\\\/\\\/www.lpi.org\\\/wp-content\\\/uploads\\\/2023\\\/04\\\/logo.png\",\"contentUrl\":\"https:\\\/\\\/www.lpi.org\\\/wp-content\\\/uploads\\\/2023\\\/04\\\/logo.png\",\"width\":496,\"height\":175,\"caption\":\"Linux Professional Institute (LPI)\"},\"image\":{\"@id\":\"https:\\\/\\\/www.lpi.org\\\/fr\\\/#\\\/schema\\\/logo\\\/image\\\/\"},\"sameAs\":[\"https:\\\/\\\/www.facebook.com\\\/LPIConnect\",\"https:\\\/\\\/x.com\\\/lpiconnect\",\"https:\\\/\\\/www.linkedin.com\\\/company\\\/35136\",\"https:\\\/\\\/www.instagram.com\\\/lpi_org\\\/\",\"https:\\\/\\\/fosstodon.org\\\/@LPI\"]}]}<\/script>\n<!-- \/ Yoast SEO Premium plugin. -->","yoast_head_json":{"title":"Comit\u00e9 de d\u00e9veloppement de la certification - Linux Professional Institute (LPI)","robots":{"index":"index","follow":"follow","max-snippet":"max-snippet:-1","max-image-preview":"max-image-preview:large","max-video-preview":"max-video-preview:-1"},"canonical":"https:\/\/www.lpi.org\/fr\/committees\/certification-development-committee\/","og_locale":"fr_FR","og_type":"article","og_title":"Comit\u00e9 de d\u00e9veloppement de la certification","og_description":"Un groupe ouvert d'individus int\u00e9ress\u00e9s par le d\u00e9veloppement et la cr\u00e9ation de sujets de certification.","og_url":"https:\/\/www.lpi.org\/fr\/committees\/certification-development-committee\/","og_site_name":"Linux Professional Institute (LPI)","article_publisher":"https:\/\/www.facebook.com\/LPIConnect","article_modified_time":"2023-06-20T14:02:11+00:00","og_image":[{"width":155,"height":155,"url":"https:\/\/www.lpi.org\/wp-content\/uploads\/2023\/04\/committee-page-icon-04_1.png","type":"image\/png"}],"twitter_card":"summary_large_image","twitter_site":"@lpiconnect","schema":{"@context":"https:\/\/schema.org","@graph":[{"@type":"WebPage","@id":"https:\/\/www.lpi.org\/fr\/committees\/certification-development-committee\/","url":"https:\/\/www.lpi.org\/fr\/committees\/certification-development-committee\/","name":"Comit\u00e9 de d\u00e9veloppement de la certification - Linux Professional Institute (LPI)","isPartOf":{"@id":"https:\/\/www.lpi.org\/fr\/#website"},"primaryImageOfPage":{"@id":"https:\/\/www.lpi.org\/fr\/committees\/certification-development-committee\/#primaryimage"},"image":{"@id":"https:\/\/www.lpi.org\/fr\/committees\/certification-development-committee\/#primaryimage"},"thumbnailUrl":"https:\/\/www.lpi.org\/wp-content\/uploads\/2023\/04\/committee-page-icon-04_1.png","datePublished":"2023-04-06T13:35:46+00:00","dateModified":"2023-06-20T14:02:11+00:00","breadcrumb":{"@id":"https:\/\/www.lpi.org\/fr\/committees\/certification-development-committee\/#breadcrumb"},"inLanguage":"fr-FR","potentialAction":[{"@type":"ReadAction","target":["https:\/\/www.lpi.org\/fr\/committees\/certification-development-committee\/"]}]},{"@type":"ImageObject","inLanguage":"fr-FR","@id":"https:\/\/www.lpi.org\/fr\/committees\/certification-development-committee\/#primaryimage","url":"https:\/\/www.lpi.org\/wp-content\/uploads\/2023\/04\/committee-page-icon-04_1.png","contentUrl":"https:\/\/www.lpi.org\/wp-content\/uploads\/2023\/04\/committee-page-icon-04_1.png","width":155,"height":155},{"@type":"BreadcrumbList","@id":"https:\/\/www.lpi.org\/fr\/committees\/certification-development-committee\/#breadcrumb","itemListElement":[{"@type":"ListItem","position":1,"name":"Home","item":"https:\/\/www.lpi.org\/fr\/"},{"@type":"ListItem","position":2,"name":"Comit\u00e9s","item":"https:\/\/www.lpi.org\/fr\/committees\/"},{"@type":"ListItem","position":3,"name":"Comit\u00e9 de d\u00e9veloppement de la certification"}]},{"@type":"WebSite","@id":"https:\/\/www.lpi.org\/fr\/#website","url":"https:\/\/www.lpi.org\/fr\/","name":"Linux Professional Institute (LPI)","description":"","publisher":{"@id":"https:\/\/www.lpi.org\/fr\/#organization"},"potentialAction":[{"@type":"SearchAction","target":{"@type":"EntryPoint","urlTemplate":"https:\/\/www.lpi.org\/fr\/?s={search_term_string}"},"query-input":{"@type":"PropertyValueSpecification","valueRequired":true,"valueName":"search_term_string"}}],"inLanguage":"fr-FR"},{"@type":"Organization","@id":"https:\/\/www.lpi.org\/fr\/#organization","name":"Linux Professional Institute (LPI)","url":"https:\/\/www.lpi.org\/fr\/","logo":{"@type":"ImageObject","inLanguage":"fr-FR","@id":"https:\/\/www.lpi.org\/fr\/#\/schema\/logo\/image\/","url":"https:\/\/www.lpi.org\/wp-content\/uploads\/2023\/04\/logo.png","contentUrl":"https:\/\/www.lpi.org\/wp-content\/uploads\/2023\/04\/logo.png","width":496,"height":175,"caption":"Linux Professional Institute (LPI)"},"image":{"@id":"https:\/\/www.lpi.org\/fr\/#\/schema\/logo\/image\/"},"sameAs":["https:\/\/www.facebook.com\/LPIConnect","https:\/\/x.com\/lpiconnect","https:\/\/www.linkedin.com\/company\/35136","https:\/\/www.instagram.com\/lpi_org\/","https:\/\/fosstodon.org\/@LPI"]}]}},"_links":{"self":[{"href":"https:\/\/www.lpi.org\/fr\/wp-json\/wp\/v2\/pages\/13374","targetHints":{"allow":["GET"]}}],"collection":[{"href":"https:\/\/www.lpi.org\/fr\/wp-json\/wp\/v2\/pages"}],"about":[{"href":"https:\/\/www.lpi.org\/fr\/wp-json\/wp\/v2\/types\/page"}],"author":[{"embeddable":true,"href":"https:\/\/www.lpi.org\/fr\/wp-json\/wp\/v2\/users\/1"}],"replies":[{"embeddable":true,"href":"https:\/\/www.lpi.org\/fr\/wp-json\/wp\/v2\/comments?post=13374"}],"version-history":[{"count":1,"href":"https:\/\/www.lpi.org\/fr\/wp-json\/wp\/v2\/pages\/13374\/revisions"}],"predecessor-version":[{"id":13377,"href":"https:\/\/www.lpi.org\/fr\/wp-json\/wp\/v2\/pages\/13374\/revisions\/13377"}],"up":[{"embeddable":true,"href":"https:\/\/www.lpi.org\/fr\/wp-json\/wp\/v2\/pages\/13417"}],"wp:featuredmedia":[{"embeddable":true,"href":"https:\/\/www.lpi.org\/fr\/wp-json\/wp\/v2\/media\/1269"}],"wp:attachment":[{"href":"https:\/\/www.lpi.org\/fr\/wp-json\/wp\/v2\/media?parent=13374"}],"curies":[{"name":"wp","href":"https:\/\/api.w.org\/{rel}","templated":true}]}}