{"id":13415,"date":"2023-04-06T06:31:49","date_gmt":"2023-04-06T10:31:49","guid":{"rendered":"https:\/\/www.lpi.org\/tests-en-ligne-du-linux-professional-institute\/"},"modified":"2023-04-06T06:31:49","modified_gmt":"2023-04-06T10:31:49","slug":"online-testing","status":"publish","type":"page","link":"https:\/\/www.lpi.org\/fr\/online-testing\/","title":{"rendered":"Tests en ligne du Linux Professional Institute"},"content":{"rendered":"<p>Linux Professional Institute (LPI) propose les examens Linux Essentials, LPIC-1 (101 et 102) et LPIC-2 (201 et 202) via le\u00a0<a href=\"https:\/\/home.pearsonvue.com\/lpi\" target=\"_blank\" rel=\"noopener\">Syst\u00e8me de test Pearson VUE OnVUE<\/a>. Des langues suppl\u00e9mentaires seront disponibles d\u00e8s que possible.<\/p>\n<p>&nbsp;<\/p>\n<h2>Un service pour vous<\/h2>\n<p>Les examens LPI ont traditionnellement eu lieu physiquement sur place et d\u00e9pendent donc de facteurs externes et de la capacit\u00e9 des candidats \u00e0 voyager. Avec la surveillance en ligne, les candidats peuvent passer leurs examens \u00e0 la maison ou au bureau pour obtenir leur certification. Cela leur fait gagner du temps et des frais de d\u00e9placement et r\u00e9duit consid\u00e9rablement les risques pour la sant\u00e9.<\/p>\n<p>&nbsp;<\/p>\n<h2>Tout est s\u00e9curis\u00e9<\/h2>\n<p>La surveillance en ligne est tr\u00e8s similaire \u00e0 ce qui se fait dans le\u00a0<a href=\"http:\/\/www.vue.com\/lpi\/locate\" target=\"_blank\" rel=\"noopener\">Centres de test Pearson VUE<\/a>. Vous passez votre examen pendant que vous \u00eates surveill\u00e9 sur votre webcam par un Proctor Pearson VUE v\u00e9rifi\u00e9.<\/p>\n<p>&nbsp;<\/p>\n<h2>Quels examens LPI puis-je passer en ligne?<\/h2>\n<p><a href=\"https:\/\/www.lpi.org\/fr\/our-certifications\/linux-essentials-overview\">Linux Professional Institute Linux Essentials<\/a><br \/>\n<a href=\"https:\/\/www.lpi.org\/our-certifications\/web-development-essentials-overview\">Linux Professional Institute Web Development Essentials<\/a><br \/>\n<a href=\"https:\/\/www.lpi.org\/fr\/lpic-1-linux-certified-administrator\">Institut professionnel Linux LPIC-1<\/a><br \/>\n<a href=\"https:\/\/www.lpi.org\/fr\/lpic-2-linux-certified-engineer\">Institut professionnel Linux LPIC-2<\/a><\/p>\n<p>&nbsp;<\/p>\n<h2>Dans quelles langues les examens en ligne sont-ils disponibles?<\/h2>\n<p>Linux Professional Institute Linux Essentials: anglais, japonais, portugais (br\u00e9silien), allemand, n\u00e9erlandais<br \/>\nLinux Professional Institute LPIC-1: anglais, japonais, portugais (br\u00e9silien), espagnol<br \/>\nLinux Professional Institute LPIC-2: anglais<\/p>\n<p>&nbsp;<\/p>\n<h2>Ce que les candidats doivent savoir<\/h2>\n<p>La plateforme de surveillance en ligne OnVUE est disponible en anglais uniquement. Les candidats doivent disposer d&rsquo;un emplacement calme et priv\u00e9, d&rsquo;un ordinateur fiable avec une cam\u00e9ra et d&rsquo;une connexion Internet stable. Actuellement, seuls les syst\u00e8mes d&rsquo;exploitation Windows et MacOS sont pris en charge. En tant qu&rsquo;organisme de certification Linux, nous savons que beaucoup de nos candidats pr\u00e9f\u00e8rent faire le test sur le syst\u00e8me avec lequel ils ont \u00e9tudi\u00e9 et travaill\u00e9. C&rsquo;est pourquoi nous sommes en discussion avec Pearson VUE pour rendre les examens disponibles sur les ordinateurs Linux.<\/p>\n<p>Une liste compl\u00e8te des exigences du syst\u00e8me, des politiques et des proc\u00e9dures est disponible sur\u00a0<a href=\"https:\/\/home.pearsonvue.com\/lpi\/onvue\" target=\"_blank\" rel=\"noopener\">https:\/\/home.pearsonvue.com\/lpi\/onvue<\/a>. Les prix et les dur\u00e9es des examens de LPI restent les m\u00eames sur la plateforme OnVUE que dans les centres de test.<\/p>\n<p>Nous suivons constamment les besoins de notre communaut\u00e9 et adaptons notre r\u00e9ponse et nos mesures pour r\u00e9pondre aux besoins du plus grand nombre de candidats potentiels. Pour d&rsquo;autres questions, ou pour demander de l&rsquo;aide ou des am\u00e9nagements sp\u00e9ciaux, veuillez visiter notre\u00a0<a href=\"https:\/\/www.lpi.org\/fr\/about-lpi\/frequently-asked-questions\">QFP<\/a>\u00a0ou contactez LPI \u00e0\u00a0<a href=\"mailto:info@lpi.org?subject=I%20have%20a%20question%20about%20online%20exams\">info@lpi.org<\/a>.<\/p>\n<p><a class=\"button2\" href=\"https:\/\/www.lpi.org\/fr\/coronavirus\">Notre r\u00e9ponse \u00e0 COVID-19 (Coronavirus)<\/a><\/p>\n<p><a class=\"button2\" href=\"https:\/\/www.lpi.org\/fr\/blog\/2020\/03\/17\/learn-and-volunteer-your-extra-time-home\">Apprenez et faites du b\u00e9n\u00e9volat \u00e0 la maison<\/a><\/p>\n<div id=\"awebChromeHelper\"><\/div>\n","protected":false},"excerpt":{"rendered":"<p>Linux Professional Institute (LPI) propose les examens Linux Essentials, LPIC-1 (101 et 102) et LPIC-2 (201 et 202) via le\u00a0Syst\u00e8me de test Pearson VUE OnVUE. Des langues suppl\u00e9mentaires seront disponibles d\u00e8s que possible. &nbsp; Un service pour vous Les examens &#8230; <a href=\"https:\/\/www.lpi.org\/fr\/online-testing\/\" class=\"button-link\">En savoir plus<\/a><\/p>\n","protected":false},"author":1,"featured_media":7627,"parent":0,"menu_order":0,"comment_status":"closed","ping_status":"closed","template":"","meta":{"_acf_changed":false,"footnotes":""},"class_list":["post-13415","page","type-page","status-publish","has-post-thumbnail","hentry"],"acf":[],"yoast_head":"<!-- This site is optimized with the Yoast SEO Premium plugin v27.2 (Yoast SEO v27.3) - https:\/\/yoast.com\/product\/yoast-seo-premium-wordpress\/ -->\n<title>Tests en ligne du Linux Professional Institute - Linux Professional Institute (LPI)<\/title>\n<meta name=\"robots\" content=\"index, follow, max-snippet:-1, max-image-preview:large, max-video-preview:-1\" \/>\n<link rel=\"canonical\" href=\"https:\/\/www.lpi.org\/fr\/online-testing\/\" \/>\n<meta property=\"og:locale\" content=\"fr_FR\" \/>\n<meta property=\"og:type\" content=\"article\" \/>\n<meta property=\"og:title\" content=\"Tests en ligne du Linux Professional Institute\" \/>\n<meta property=\"og:description\" content=\"Linux Professional Institute (LPI) propose les examens Linux Essentials, LPIC-1 (101 et 102) et LPIC-2 (201 et 202) via le\u00a0Syst\u00e8me de test Pearson VUE OnVUE. Des langues suppl\u00e9mentaires seront disponibles d\u00e8s que possible. &nbsp; Un service pour vous Les examens ... En savoir plus\" \/>\n<meta property=\"og:url\" content=\"https:\/\/www.lpi.org\/fr\/online-testing\/\" \/>\n<meta property=\"og:site_name\" content=\"Linux Professional Institute (LPI)\" \/>\n<meta property=\"article:publisher\" content=\"https:\/\/www.facebook.com\/LPIConnect\" \/>\n<meta property=\"og:image\" content=\"https:\/\/www.lpi.org\/wp-content\/uploads\/2023\/05\/article-onVUE-Remote-Proctoring02.jpg\" \/>\n\t<meta property=\"og:image:width\" content=\"1440\" \/>\n\t<meta property=\"og:image:height\" content=\"994\" \/>\n\t<meta property=\"og:image:type\" content=\"image\/jpeg\" \/>\n<meta name=\"twitter:card\" content=\"summary_large_image\" \/>\n<meta name=\"twitter:site\" content=\"@lpiconnect\" \/>\n<meta name=\"twitter:label1\" content=\"Dur\u00e9e de lecture estim\u00e9e\" \/>\n\t<meta name=\"twitter:data1\" content=\"2 minutes\" \/>\n<script type=\"application\/ld+json\" class=\"yoast-schema-graph\">{\"@context\":\"https:\\\/\\\/schema.org\",\"@graph\":[{\"@type\":\"WebPage\",\"@id\":\"https:\\\/\\\/www.lpi.org\\\/fr\\\/online-testing\\\/\",\"url\":\"https:\\\/\\\/www.lpi.org\\\/fr\\\/online-testing\\\/\",\"name\":\"Tests en ligne du Linux Professional Institute - Linux Professional Institute (LPI)\",\"isPartOf\":{\"@id\":\"https:\\\/\\\/www.lpi.org\\\/fr\\\/#website\"},\"primaryImageOfPage\":{\"@id\":\"https:\\\/\\\/www.lpi.org\\\/fr\\\/online-testing\\\/#primaryimage\"},\"image\":{\"@id\":\"https:\\\/\\\/www.lpi.org\\\/fr\\\/online-testing\\\/#primaryimage\"},\"thumbnailUrl\":\"https:\\\/\\\/www.lpi.org\\\/wp-content\\\/uploads\\\/2023\\\/05\\\/article-onVUE-Remote-Proctoring02.jpg\",\"datePublished\":\"2023-04-06T10:31:49+00:00\",\"breadcrumb\":{\"@id\":\"https:\\\/\\\/www.lpi.org\\\/fr\\\/online-testing\\\/#breadcrumb\"},\"inLanguage\":\"fr-FR\",\"potentialAction\":[{\"@type\":\"ReadAction\",\"target\":[\"https:\\\/\\\/www.lpi.org\\\/fr\\\/online-testing\\\/\"]}]},{\"@type\":\"ImageObject\",\"inLanguage\":\"fr-FR\",\"@id\":\"https:\\\/\\\/www.lpi.org\\\/fr\\\/online-testing\\\/#primaryimage\",\"url\":\"https:\\\/\\\/www.lpi.org\\\/wp-content\\\/uploads\\\/2023\\\/05\\\/article-onVUE-Remote-Proctoring02.jpg\",\"contentUrl\":\"https:\\\/\\\/www.lpi.org\\\/wp-content\\\/uploads\\\/2023\\\/05\\\/article-onVUE-Remote-Proctoring02.jpg\",\"width\":1440,\"height\":994,\"caption\":\"Linux Professional Institute (LPI) online testing\"},{\"@type\":\"BreadcrumbList\",\"@id\":\"https:\\\/\\\/www.lpi.org\\\/fr\\\/online-testing\\\/#breadcrumb\",\"itemListElement\":[{\"@type\":\"ListItem\",\"position\":1,\"name\":\"Home\",\"item\":\"https:\\\/\\\/www.lpi.org\\\/fr\\\/\"},{\"@type\":\"ListItem\",\"position\":2,\"name\":\"Tests en ligne du Linux Professional Institute\"}]},{\"@type\":\"WebSite\",\"@id\":\"https:\\\/\\\/www.lpi.org\\\/fr\\\/#website\",\"url\":\"https:\\\/\\\/www.lpi.org\\\/fr\\\/\",\"name\":\"Linux Professional Institute (LPI)\",\"description\":\"\",\"publisher\":{\"@id\":\"https:\\\/\\\/www.lpi.org\\\/fr\\\/#organization\"},\"potentialAction\":[{\"@type\":\"SearchAction\",\"target\":{\"@type\":\"EntryPoint\",\"urlTemplate\":\"https:\\\/\\\/www.lpi.org\\\/fr\\\/?s={search_term_string}\"},\"query-input\":{\"@type\":\"PropertyValueSpecification\",\"valueRequired\":true,\"valueName\":\"search_term_string\"}}],\"inLanguage\":\"fr-FR\"},{\"@type\":\"Organization\",\"@id\":\"https:\\\/\\\/www.lpi.org\\\/fr\\\/#organization\",\"name\":\"Linux Professional Institute (LPI)\",\"url\":\"https:\\\/\\\/www.lpi.org\\\/fr\\\/\",\"logo\":{\"@type\":\"ImageObject\",\"inLanguage\":\"fr-FR\",\"@id\":\"https:\\\/\\\/www.lpi.org\\\/fr\\\/#\\\/schema\\\/logo\\\/image\\\/\",\"url\":\"https:\\\/\\\/www.lpi.org\\\/wp-content\\\/uploads\\\/2023\\\/04\\\/logo.png\",\"contentUrl\":\"https:\\\/\\\/www.lpi.org\\\/wp-content\\\/uploads\\\/2023\\\/04\\\/logo.png\",\"width\":496,\"height\":175,\"caption\":\"Linux Professional Institute (LPI)\"},\"image\":{\"@id\":\"https:\\\/\\\/www.lpi.org\\\/fr\\\/#\\\/schema\\\/logo\\\/image\\\/\"},\"sameAs\":[\"https:\\\/\\\/www.facebook.com\\\/LPIConnect\",\"https:\\\/\\\/x.com\\\/lpiconnect\",\"https:\\\/\\\/www.linkedin.com\\\/company\\\/35136\",\"https:\\\/\\\/www.instagram.com\\\/lpi_org\\\/\",\"https:\\\/\\\/fosstodon.org\\\/@LPI\"]}]}<\/script>\n<!-- \/ Yoast SEO Premium plugin. -->","yoast_head_json":{"title":"Tests en ligne du Linux Professional Institute - Linux Professional Institute (LPI)","robots":{"index":"index","follow":"follow","max-snippet":"max-snippet:-1","max-image-preview":"max-image-preview:large","max-video-preview":"max-video-preview:-1"},"canonical":"https:\/\/www.lpi.org\/fr\/online-testing\/","og_locale":"fr_FR","og_type":"article","og_title":"Tests en ligne du Linux Professional Institute","og_description":"Linux Professional Institute (LPI) propose les examens Linux Essentials, LPIC-1 (101 et 102) et LPIC-2 (201 et 202) via le\u00a0Syst\u00e8me de test Pearson VUE OnVUE. Des langues suppl\u00e9mentaires seront disponibles d\u00e8s que possible. &nbsp; Un service pour vous Les examens ... En savoir plus","og_url":"https:\/\/www.lpi.org\/fr\/online-testing\/","og_site_name":"Linux Professional Institute (LPI)","article_publisher":"https:\/\/www.facebook.com\/LPIConnect","og_image":[{"width":1440,"height":994,"url":"https:\/\/www.lpi.org\/wp-content\/uploads\/2023\/05\/article-onVUE-Remote-Proctoring02.jpg","type":"image\/jpeg"}],"twitter_card":"summary_large_image","twitter_site":"@lpiconnect","twitter_misc":{"Dur\u00e9e de lecture estim\u00e9e":"2 minutes"},"schema":{"@context":"https:\/\/schema.org","@graph":[{"@type":"WebPage","@id":"https:\/\/www.lpi.org\/fr\/online-testing\/","url":"https:\/\/www.lpi.org\/fr\/online-testing\/","name":"Tests en ligne du Linux Professional Institute - Linux Professional Institute (LPI)","isPartOf":{"@id":"https:\/\/www.lpi.org\/fr\/#website"},"primaryImageOfPage":{"@id":"https:\/\/www.lpi.org\/fr\/online-testing\/#primaryimage"},"image":{"@id":"https:\/\/www.lpi.org\/fr\/online-testing\/#primaryimage"},"thumbnailUrl":"https:\/\/www.lpi.org\/wp-content\/uploads\/2023\/05\/article-onVUE-Remote-Proctoring02.jpg","datePublished":"2023-04-06T10:31:49+00:00","breadcrumb":{"@id":"https:\/\/www.lpi.org\/fr\/online-testing\/#breadcrumb"},"inLanguage":"fr-FR","potentialAction":[{"@type":"ReadAction","target":["https:\/\/www.lpi.org\/fr\/online-testing\/"]}]},{"@type":"ImageObject","inLanguage":"fr-FR","@id":"https:\/\/www.lpi.org\/fr\/online-testing\/#primaryimage","url":"https:\/\/www.lpi.org\/wp-content\/uploads\/2023\/05\/article-onVUE-Remote-Proctoring02.jpg","contentUrl":"https:\/\/www.lpi.org\/wp-content\/uploads\/2023\/05\/article-onVUE-Remote-Proctoring02.jpg","width":1440,"height":994,"caption":"Linux Professional Institute (LPI) online testing"},{"@type":"BreadcrumbList","@id":"https:\/\/www.lpi.org\/fr\/online-testing\/#breadcrumb","itemListElement":[{"@type":"ListItem","position":1,"name":"Home","item":"https:\/\/www.lpi.org\/fr\/"},{"@type":"ListItem","position":2,"name":"Tests en ligne du Linux Professional Institute"}]},{"@type":"WebSite","@id":"https:\/\/www.lpi.org\/fr\/#website","url":"https:\/\/www.lpi.org\/fr\/","name":"Linux Professional Institute (LPI)","description":"","publisher":{"@id":"https:\/\/www.lpi.org\/fr\/#organization"},"potentialAction":[{"@type":"SearchAction","target":{"@type":"EntryPoint","urlTemplate":"https:\/\/www.lpi.org\/fr\/?s={search_term_string}"},"query-input":{"@type":"PropertyValueSpecification","valueRequired":true,"valueName":"search_term_string"}}],"inLanguage":"fr-FR"},{"@type":"Organization","@id":"https:\/\/www.lpi.org\/fr\/#organization","name":"Linux Professional Institute (LPI)","url":"https:\/\/www.lpi.org\/fr\/","logo":{"@type":"ImageObject","inLanguage":"fr-FR","@id":"https:\/\/www.lpi.org\/fr\/#\/schema\/logo\/image\/","url":"https:\/\/www.lpi.org\/wp-content\/uploads\/2023\/04\/logo.png","contentUrl":"https:\/\/www.lpi.org\/wp-content\/uploads\/2023\/04\/logo.png","width":496,"height":175,"caption":"Linux Professional Institute (LPI)"},"image":{"@id":"https:\/\/www.lpi.org\/fr\/#\/schema\/logo\/image\/"},"sameAs":["https:\/\/www.facebook.com\/LPIConnect","https:\/\/x.com\/lpiconnect","https:\/\/www.linkedin.com\/company\/35136","https:\/\/www.instagram.com\/lpi_org\/","https:\/\/fosstodon.org\/@LPI"]}]}},"_links":{"self":[{"href":"https:\/\/www.lpi.org\/fr\/wp-json\/wp\/v2\/pages\/13415","targetHints":{"allow":["GET"]}}],"collection":[{"href":"https:\/\/www.lpi.org\/fr\/wp-json\/wp\/v2\/pages"}],"about":[{"href":"https:\/\/www.lpi.org\/fr\/wp-json\/wp\/v2\/types\/page"}],"author":[{"embeddable":true,"href":"https:\/\/www.lpi.org\/fr\/wp-json\/wp\/v2\/users\/1"}],"replies":[{"embeddable":true,"href":"https:\/\/www.lpi.org\/fr\/wp-json\/wp\/v2\/comments?post=13415"}],"version-history":[{"count":0,"href":"https:\/\/www.lpi.org\/fr\/wp-json\/wp\/v2\/pages\/13415\/revisions"}],"wp:featuredmedia":[{"embeddable":true,"href":"https:\/\/www.lpi.org\/fr\/wp-json\/wp\/v2\/media\/7627"}],"wp:attachment":[{"href":"https:\/\/www.lpi.org\/fr\/wp-json\/wp\/v2\/media?parent=13415"}],"curies":[{"name":"wp","href":"https:\/\/api.w.org\/{rel}","templated":true}]}}