{"id":27218,"date":"2024-12-09T10:12:16","date_gmt":"2024-12-09T15:12:16","guid":{"rendered":"https:\/\/www.lpi.org\/badges-numeriques\/"},"modified":"2025-01-22T23:39:18","modified_gmt":"2025-01-23T04:39:18","slug":"digital-badges","status":"publish","type":"page","link":"https:\/\/www.lpi.org\/fr\/digital-badges\/","title":{"rendered":"Badges num\u00e9riques"},"content":{"rendered":"","protected":false},"excerpt":{"rendered":"","protected":false},"author":68,"featured_media":0,"parent":0,"menu_order":0,"comment_status":"closed","ping_status":"closed","template":"template-sections.php","meta":{"_acf_changed":false,"footnotes":""},"class_list":["post-27218","page","type-page","status-publish","hentry"],"acf":[],"yoast_head":"<!-- This site is optimized with the Yoast SEO Premium plugin v27.2 (Yoast SEO v27.3) - https:\/\/yoast.com\/product\/yoast-seo-premium-wordpress\/ -->\n<title>Badges num\u00e9riques - Linux Professional Institute (LPI)<\/title>\n<meta name=\"description\" content=\"Mettez en avant votre expertise Linux avec les badges num\u00e9riques de LPI ! V\u00e9rifiez vos comp\u00e9tences en ligne et d\u00e9marquez-vous. En savoir plus d\u00e8s aujourd&#039;hui !\" \/>\n<meta name=\"robots\" content=\"index, follow, max-snippet:-1, max-image-preview:large, max-video-preview:-1\" \/>\n<link rel=\"canonical\" href=\"https:\/\/www.lpi.org\/fr\/digital-badges\/\" \/>\n<meta property=\"og:locale\" content=\"fr_FR\" \/>\n<meta property=\"og:type\" content=\"article\" \/>\n<meta property=\"og:title\" content=\"Badges num\u00e9riques\" \/>\n<meta property=\"og:description\" content=\"Mettez en avant votre expertise Linux avec les badges num\u00e9riques de LPI ! V\u00e9rifiez vos comp\u00e9tences en ligne et d\u00e9marquez-vous. En savoir plus d\u00e8s aujourd&#039;hui !\" \/>\n<meta property=\"og:url\" content=\"https:\/\/www.lpi.org\/fr\/digital-badges\/\" \/>\n<meta property=\"og:site_name\" content=\"Linux Professional Institute (LPI)\" \/>\n<meta property=\"article:publisher\" content=\"https:\/\/www.facebook.com\/LPIConnect\" \/>\n<meta property=\"article:modified_time\" content=\"2025-01-23T04:39:18+00:00\" \/>\n<meta name=\"twitter:card\" content=\"summary_large_image\" \/>\n<meta name=\"twitter:site\" content=\"@lpiconnect\" \/>\n<script type=\"application\/ld+json\" class=\"yoast-schema-graph\">{\"@context\":\"https:\\\/\\\/schema.org\",\"@graph\":[{\"@type\":\"WebPage\",\"@id\":\"https:\\\/\\\/www.lpi.org\\\/fr\\\/digital-badges\\\/\",\"url\":\"https:\\\/\\\/www.lpi.org\\\/fr\\\/digital-badges\\\/\",\"name\":\"Badges num\u00e9riques - Linux Professional Institute (LPI)\",\"isPartOf\":{\"@id\":\"https:\\\/\\\/www.lpi.org\\\/fr\\\/#website\"},\"datePublished\":\"2024-12-09T15:12:16+00:00\",\"dateModified\":\"2025-01-23T04:39:18+00:00\",\"description\":\"Mettez en avant votre expertise Linux avec les badges num\u00e9riques de LPI ! V\u00e9rifiez vos comp\u00e9tences en ligne et d\u00e9marquez-vous. En savoir plus d\u00e8s aujourd'hui !\",\"breadcrumb\":{\"@id\":\"https:\\\/\\\/www.lpi.org\\\/fr\\\/digital-badges\\\/#breadcrumb\"},\"inLanguage\":\"fr-FR\",\"potentialAction\":[{\"@type\":\"ReadAction\",\"target\":[\"https:\\\/\\\/www.lpi.org\\\/fr\\\/digital-badges\\\/\"]}]},{\"@type\":\"BreadcrumbList\",\"@id\":\"https:\\\/\\\/www.lpi.org\\\/fr\\\/digital-badges\\\/#breadcrumb\",\"itemListElement\":[{\"@type\":\"ListItem\",\"position\":1,\"name\":\"Home\",\"item\":\"https:\\\/\\\/www.lpi.org\\\/fr\\\/\"},{\"@type\":\"ListItem\",\"position\":2,\"name\":\"Badges num\u00e9riques\"}]},{\"@type\":\"WebSite\",\"@id\":\"https:\\\/\\\/www.lpi.org\\\/fr\\\/#website\",\"url\":\"https:\\\/\\\/www.lpi.org\\\/fr\\\/\",\"name\":\"Linux Professional Institute (LPI)\",\"description\":\"\",\"publisher\":{\"@id\":\"https:\\\/\\\/www.lpi.org\\\/fr\\\/#organization\"},\"potentialAction\":[{\"@type\":\"SearchAction\",\"target\":{\"@type\":\"EntryPoint\",\"urlTemplate\":\"https:\\\/\\\/www.lpi.org\\\/fr\\\/?s={search_term_string}\"},\"query-input\":{\"@type\":\"PropertyValueSpecification\",\"valueRequired\":true,\"valueName\":\"search_term_string\"}}],\"inLanguage\":\"fr-FR\"},{\"@type\":\"Organization\",\"@id\":\"https:\\\/\\\/www.lpi.org\\\/fr\\\/#organization\",\"name\":\"Linux Professional Institute (LPI)\",\"url\":\"https:\\\/\\\/www.lpi.org\\\/fr\\\/\",\"logo\":{\"@type\":\"ImageObject\",\"inLanguage\":\"fr-FR\",\"@id\":\"https:\\\/\\\/www.lpi.org\\\/fr\\\/#\\\/schema\\\/logo\\\/image\\\/\",\"url\":\"https:\\\/\\\/www.lpi.org\\\/wp-content\\\/uploads\\\/2023\\\/04\\\/logo.png\",\"contentUrl\":\"https:\\\/\\\/www.lpi.org\\\/wp-content\\\/uploads\\\/2023\\\/04\\\/logo.png\",\"width\":496,\"height\":175,\"caption\":\"Linux Professional Institute (LPI)\"},\"image\":{\"@id\":\"https:\\\/\\\/www.lpi.org\\\/fr\\\/#\\\/schema\\\/logo\\\/image\\\/\"},\"sameAs\":[\"https:\\\/\\\/www.facebook.com\\\/LPIConnect\",\"https:\\\/\\\/x.com\\\/lpiconnect\",\"https:\\\/\\\/www.linkedin.com\\\/company\\\/35136\",\"https:\\\/\\\/www.instagram.com\\\/lpi_org\\\/\",\"https:\\\/\\\/fosstodon.org\\\/@LPI\"]}]}<\/script>\n<!-- \/ Yoast SEO Premium plugin. -->","yoast_head_json":{"title":"Badges num\u00e9riques - Linux Professional Institute (LPI)","description":"Mettez en avant votre expertise Linux avec les badges num\u00e9riques de LPI ! V\u00e9rifiez vos comp\u00e9tences en ligne et d\u00e9marquez-vous. En savoir plus d\u00e8s aujourd'hui !","robots":{"index":"index","follow":"follow","max-snippet":"max-snippet:-1","max-image-preview":"max-image-preview:large","max-video-preview":"max-video-preview:-1"},"canonical":"https:\/\/www.lpi.org\/fr\/digital-badges\/","og_locale":"fr_FR","og_type":"article","og_title":"Badges num\u00e9riques","og_description":"Mettez en avant votre expertise Linux avec les badges num\u00e9riques de LPI ! V\u00e9rifiez vos comp\u00e9tences en ligne et d\u00e9marquez-vous. En savoir plus d\u00e8s aujourd'hui !","og_url":"https:\/\/www.lpi.org\/fr\/digital-badges\/","og_site_name":"Linux Professional Institute (LPI)","article_publisher":"https:\/\/www.facebook.com\/LPIConnect","article_modified_time":"2025-01-23T04:39:18+00:00","twitter_card":"summary_large_image","twitter_site":"@lpiconnect","schema":{"@context":"https:\/\/schema.org","@graph":[{"@type":"WebPage","@id":"https:\/\/www.lpi.org\/fr\/digital-badges\/","url":"https:\/\/www.lpi.org\/fr\/digital-badges\/","name":"Badges num\u00e9riques - Linux Professional Institute (LPI)","isPartOf":{"@id":"https:\/\/www.lpi.org\/fr\/#website"},"datePublished":"2024-12-09T15:12:16+00:00","dateModified":"2025-01-23T04:39:18+00:00","description":"Mettez en avant votre expertise Linux avec les badges num\u00e9riques de LPI ! V\u00e9rifiez vos comp\u00e9tences en ligne et d\u00e9marquez-vous. En savoir plus d\u00e8s aujourd'hui !","breadcrumb":{"@id":"https:\/\/www.lpi.org\/fr\/digital-badges\/#breadcrumb"},"inLanguage":"fr-FR","potentialAction":[{"@type":"ReadAction","target":["https:\/\/www.lpi.org\/fr\/digital-badges\/"]}]},{"@type":"BreadcrumbList","@id":"https:\/\/www.lpi.org\/fr\/digital-badges\/#breadcrumb","itemListElement":[{"@type":"ListItem","position":1,"name":"Home","item":"https:\/\/www.lpi.org\/fr\/"},{"@type":"ListItem","position":2,"name":"Badges num\u00e9riques"}]},{"@type":"WebSite","@id":"https:\/\/www.lpi.org\/fr\/#website","url":"https:\/\/www.lpi.org\/fr\/","name":"Linux Professional Institute (LPI)","description":"","publisher":{"@id":"https:\/\/www.lpi.org\/fr\/#organization"},"potentialAction":[{"@type":"SearchAction","target":{"@type":"EntryPoint","urlTemplate":"https:\/\/www.lpi.org\/fr\/?s={search_term_string}"},"query-input":{"@type":"PropertyValueSpecification","valueRequired":true,"valueName":"search_term_string"}}],"inLanguage":"fr-FR"},{"@type":"Organization","@id":"https:\/\/www.lpi.org\/fr\/#organization","name":"Linux Professional Institute (LPI)","url":"https:\/\/www.lpi.org\/fr\/","logo":{"@type":"ImageObject","inLanguage":"fr-FR","@id":"https:\/\/www.lpi.org\/fr\/#\/schema\/logo\/image\/","url":"https:\/\/www.lpi.org\/wp-content\/uploads\/2023\/04\/logo.png","contentUrl":"https:\/\/www.lpi.org\/wp-content\/uploads\/2023\/04\/logo.png","width":496,"height":175,"caption":"Linux Professional Institute (LPI)"},"image":{"@id":"https:\/\/www.lpi.org\/fr\/#\/schema\/logo\/image\/"},"sameAs":["https:\/\/www.facebook.com\/LPIConnect","https:\/\/x.com\/lpiconnect","https:\/\/www.linkedin.com\/company\/35136","https:\/\/www.instagram.com\/lpi_org\/","https:\/\/fosstodon.org\/@LPI"]}]}},"_links":{"self":[{"href":"https:\/\/www.lpi.org\/fr\/wp-json\/wp\/v2\/pages\/27218","targetHints":{"allow":["GET"]}}],"collection":[{"href":"https:\/\/www.lpi.org\/fr\/wp-json\/wp\/v2\/pages"}],"about":[{"href":"https:\/\/www.lpi.org\/fr\/wp-json\/wp\/v2\/types\/page"}],"author":[{"embeddable":true,"href":"https:\/\/www.lpi.org\/fr\/wp-json\/wp\/v2\/users\/68"}],"replies":[{"embeddable":true,"href":"https:\/\/www.lpi.org\/fr\/wp-json\/wp\/v2\/comments?post=27218"}],"version-history":[{"count":1,"href":"https:\/\/www.lpi.org\/fr\/wp-json\/wp\/v2\/pages\/27218\/revisions"}],"predecessor-version":[{"id":27219,"href":"https:\/\/www.lpi.org\/fr\/wp-json\/wp\/v2\/pages\/27218\/revisions\/27219"}],"wp:attachment":[{"href":"https:\/\/www.lpi.org\/fr\/wp-json\/wp\/v2\/media?parent=27218"}],"curies":[{"name":"wp","href":"https:\/\/api.w.org\/{rel}","templated":true}]}}