{"id":33320,"date":"2025-03-24T11:32:35","date_gmt":"2025-03-24T15:32:35","guid":{"rendered":"https:\/\/www.lpi.org\/community\/formateur-agree\/"},"modified":"2025-12-08T12:40:45","modified_gmt":"2025-12-08T17:40:45","slug":"approved-trainer","status":"publish","type":"page","link":"https:\/\/www.lpi.org\/fr\/community\/approved-trainer\/","title":{"rendered":"Formateur Agr\u00e9\u00e9"},"content":{"rendered":"","protected":false},"excerpt":{"rendered":"","protected":false},"author":68,"featured_media":0,"parent":13464,"menu_order":0,"comment_status":"closed","ping_status":"closed","template":"template-sections.php","meta":{"_acf_changed":false,"footnotes":""},"class_list":["post-33320","page","type-page","status-publish","hentry"],"acf":[],"yoast_head":"<!-- This site is optimized with the Yoast SEO Premium plugin v27.2 (Yoast SEO v27.3) - https:\/\/yoast.com\/product\/yoast-seo-premium-wordpress\/ -->\n<title>Devenez un Formateur Agr\u00e9\u00e9<\/title>\n<meta name=\"description\" content=\"Devenez formateur agr\u00e9\u00e9 par le Linux Professional Institute (LPI) et montrez votre engagement en faveur d&#039;une formation de haute qualit\u00e9 dans le domaine des technologies et des logiciels libres.\" \/>\n<meta name=\"robots\" content=\"index, follow, max-snippet:-1, max-image-preview:large, max-video-preview:-1\" \/>\n<link rel=\"canonical\" href=\"https:\/\/www.lpi.org\/fr\/community\/approved-trainer\/\" \/>\n<meta property=\"og:locale\" content=\"fr_FR\" \/>\n<meta property=\"og:type\" content=\"article\" \/>\n<meta property=\"og:title\" content=\"Formateur Agr\u00e9\u00e9\" \/>\n<meta property=\"og:description\" content=\"Devenez formateur agr\u00e9\u00e9 par le Linux Professional Institute (LPI) et montrez votre engagement en faveur d&#039;une formation de haute qualit\u00e9 dans le domaine des technologies et des logiciels libres.\" \/>\n<meta property=\"og:url\" content=\"https:\/\/www.lpi.org\/fr\/community\/approved-trainer\/\" \/>\n<meta property=\"og:site_name\" content=\"Linux Professional Institute (LPI)\" \/>\n<meta property=\"article:publisher\" content=\"https:\/\/www.facebook.com\/LPIConnect\" \/>\n<meta property=\"article:modified_time\" content=\"2025-12-08T17:40:45+00:00\" \/>\n<meta name=\"twitter:card\" content=\"summary_large_image\" \/>\n<meta name=\"twitter:site\" content=\"@lpiconnect\" \/>\n<script type=\"application\/ld+json\" class=\"yoast-schema-graph\">{\"@context\":\"https:\\\/\\\/schema.org\",\"@graph\":[{\"@type\":\"WebPage\",\"@id\":\"https:\\\/\\\/www.lpi.org\\\/fr\\\/community\\\/approved-trainer\\\/\",\"url\":\"https:\\\/\\\/www.lpi.org\\\/fr\\\/community\\\/approved-trainer\\\/\",\"name\":\"Devenez un Formateur Agr\u00e9\u00e9\",\"isPartOf\":{\"@id\":\"https:\\\/\\\/www.lpi.org\\\/fr\\\/#website\"},\"datePublished\":\"2025-03-24T15:32:35+00:00\",\"dateModified\":\"2025-12-08T17:40:45+00:00\",\"description\":\"Devenez formateur agr\u00e9\u00e9 par le Linux Professional Institute (LPI) et montrez votre engagement en faveur d'une formation de haute qualit\u00e9 dans le domaine des technologies et des logiciels libres.\",\"breadcrumb\":{\"@id\":\"https:\\\/\\\/www.lpi.org\\\/fr\\\/community\\\/approved-trainer\\\/#breadcrumb\"},\"inLanguage\":\"fr-FR\",\"potentialAction\":[{\"@type\":\"ReadAction\",\"target\":[\"https:\\\/\\\/www.lpi.org\\\/fr\\\/community\\\/approved-trainer\\\/\"]}]},{\"@type\":\"BreadcrumbList\",\"@id\":\"https:\\\/\\\/www.lpi.org\\\/fr\\\/community\\\/approved-trainer\\\/#breadcrumb\",\"itemListElement\":[{\"@type\":\"ListItem\",\"position\":1,\"name\":\"Home\",\"item\":\"https:\\\/\\\/www.lpi.org\\\/fr\\\/\"},{\"@type\":\"ListItem\",\"position\":2,\"name\":\"Programmes communautaires\",\"item\":\"https:\\\/\\\/www.lpi.org\\\/fr\\\/community-programs\\\/\"},{\"@type\":\"ListItem\",\"position\":3,\"name\":\"Formateur Agr\u00e9\u00e9\"}]},{\"@type\":\"WebSite\",\"@id\":\"https:\\\/\\\/www.lpi.org\\\/fr\\\/#website\",\"url\":\"https:\\\/\\\/www.lpi.org\\\/fr\\\/\",\"name\":\"Linux Professional Institute (LPI)\",\"description\":\"\",\"publisher\":{\"@id\":\"https:\\\/\\\/www.lpi.org\\\/fr\\\/#organization\"},\"potentialAction\":[{\"@type\":\"SearchAction\",\"target\":{\"@type\":\"EntryPoint\",\"urlTemplate\":\"https:\\\/\\\/www.lpi.org\\\/fr\\\/?s={search_term_string}\"},\"query-input\":{\"@type\":\"PropertyValueSpecification\",\"valueRequired\":true,\"valueName\":\"search_term_string\"}}],\"inLanguage\":\"fr-FR\"},{\"@type\":\"Organization\",\"@id\":\"https:\\\/\\\/www.lpi.org\\\/fr\\\/#organization\",\"name\":\"Linux Professional Institute (LPI)\",\"url\":\"https:\\\/\\\/www.lpi.org\\\/fr\\\/\",\"logo\":{\"@type\":\"ImageObject\",\"inLanguage\":\"fr-FR\",\"@id\":\"https:\\\/\\\/www.lpi.org\\\/fr\\\/#\\\/schema\\\/logo\\\/image\\\/\",\"url\":\"https:\\\/\\\/www.lpi.org\\\/wp-content\\\/uploads\\\/2023\\\/04\\\/logo.png\",\"contentUrl\":\"https:\\\/\\\/www.lpi.org\\\/wp-content\\\/uploads\\\/2023\\\/04\\\/logo.png\",\"width\":496,\"height\":175,\"caption\":\"Linux Professional Institute (LPI)\"},\"image\":{\"@id\":\"https:\\\/\\\/www.lpi.org\\\/fr\\\/#\\\/schema\\\/logo\\\/image\\\/\"},\"sameAs\":[\"https:\\\/\\\/www.facebook.com\\\/LPIConnect\",\"https:\\\/\\\/x.com\\\/lpiconnect\",\"https:\\\/\\\/www.linkedin.com\\\/company\\\/35136\",\"https:\\\/\\\/www.instagram.com\\\/lpi_org\\\/\",\"https:\\\/\\\/fosstodon.org\\\/@LPI\"]}]}<\/script>\n<!-- \/ Yoast SEO Premium plugin. -->","yoast_head_json":{"title":"Devenez un Formateur Agr\u00e9\u00e9","description":"Devenez formateur agr\u00e9\u00e9 par le Linux Professional Institute (LPI) et montrez votre engagement en faveur d'une formation de haute qualit\u00e9 dans le domaine des technologies et des logiciels libres.","robots":{"index":"index","follow":"follow","max-snippet":"max-snippet:-1","max-image-preview":"max-image-preview:large","max-video-preview":"max-video-preview:-1"},"canonical":"https:\/\/www.lpi.org\/fr\/community\/approved-trainer\/","og_locale":"fr_FR","og_type":"article","og_title":"Formateur Agr\u00e9\u00e9","og_description":"Devenez formateur agr\u00e9\u00e9 par le Linux Professional Institute (LPI) et montrez votre engagement en faveur d'une formation de haute qualit\u00e9 dans le domaine des technologies et des logiciels libres.","og_url":"https:\/\/www.lpi.org\/fr\/community\/approved-trainer\/","og_site_name":"Linux Professional Institute (LPI)","article_publisher":"https:\/\/www.facebook.com\/LPIConnect","article_modified_time":"2025-12-08T17:40:45+00:00","twitter_card":"summary_large_image","twitter_site":"@lpiconnect","schema":{"@context":"https:\/\/schema.org","@graph":[{"@type":"WebPage","@id":"https:\/\/www.lpi.org\/fr\/community\/approved-trainer\/","url":"https:\/\/www.lpi.org\/fr\/community\/approved-trainer\/","name":"Devenez un Formateur Agr\u00e9\u00e9","isPartOf":{"@id":"https:\/\/www.lpi.org\/fr\/#website"},"datePublished":"2025-03-24T15:32:35+00:00","dateModified":"2025-12-08T17:40:45+00:00","description":"Devenez formateur agr\u00e9\u00e9 par le Linux Professional Institute (LPI) et montrez votre engagement en faveur d'une formation de haute qualit\u00e9 dans le domaine des technologies et des logiciels libres.","breadcrumb":{"@id":"https:\/\/www.lpi.org\/fr\/community\/approved-trainer\/#breadcrumb"},"inLanguage":"fr-FR","potentialAction":[{"@type":"ReadAction","target":["https:\/\/www.lpi.org\/fr\/community\/approved-trainer\/"]}]},{"@type":"BreadcrumbList","@id":"https:\/\/www.lpi.org\/fr\/community\/approved-trainer\/#breadcrumb","itemListElement":[{"@type":"ListItem","position":1,"name":"Home","item":"https:\/\/www.lpi.org\/fr\/"},{"@type":"ListItem","position":2,"name":"Programmes communautaires","item":"https:\/\/www.lpi.org\/fr\/community-programs\/"},{"@type":"ListItem","position":3,"name":"Formateur Agr\u00e9\u00e9"}]},{"@type":"WebSite","@id":"https:\/\/www.lpi.org\/fr\/#website","url":"https:\/\/www.lpi.org\/fr\/","name":"Linux Professional Institute (LPI)","description":"","publisher":{"@id":"https:\/\/www.lpi.org\/fr\/#organization"},"potentialAction":[{"@type":"SearchAction","target":{"@type":"EntryPoint","urlTemplate":"https:\/\/www.lpi.org\/fr\/?s={search_term_string}"},"query-input":{"@type":"PropertyValueSpecification","valueRequired":true,"valueName":"search_term_string"}}],"inLanguage":"fr-FR"},{"@type":"Organization","@id":"https:\/\/www.lpi.org\/fr\/#organization","name":"Linux Professional Institute (LPI)","url":"https:\/\/www.lpi.org\/fr\/","logo":{"@type":"ImageObject","inLanguage":"fr-FR","@id":"https:\/\/www.lpi.org\/fr\/#\/schema\/logo\/image\/","url":"https:\/\/www.lpi.org\/wp-content\/uploads\/2023\/04\/logo.png","contentUrl":"https:\/\/www.lpi.org\/wp-content\/uploads\/2023\/04\/logo.png","width":496,"height":175,"caption":"Linux Professional Institute (LPI)"},"image":{"@id":"https:\/\/www.lpi.org\/fr\/#\/schema\/logo\/image\/"},"sameAs":["https:\/\/www.facebook.com\/LPIConnect","https:\/\/x.com\/lpiconnect","https:\/\/www.linkedin.com\/company\/35136","https:\/\/www.instagram.com\/lpi_org\/","https:\/\/fosstodon.org\/@LPI"]}]}},"_links":{"self":[{"href":"https:\/\/www.lpi.org\/fr\/wp-json\/wp\/v2\/pages\/33320","targetHints":{"allow":["GET"]}}],"collection":[{"href":"https:\/\/www.lpi.org\/fr\/wp-json\/wp\/v2\/pages"}],"about":[{"href":"https:\/\/www.lpi.org\/fr\/wp-json\/wp\/v2\/types\/page"}],"author":[{"embeddable":true,"href":"https:\/\/www.lpi.org\/fr\/wp-json\/wp\/v2\/users\/68"}],"replies":[{"embeddable":true,"href":"https:\/\/www.lpi.org\/fr\/wp-json\/wp\/v2\/comments?post=33320"}],"version-history":[{"count":1,"href":"https:\/\/www.lpi.org\/fr\/wp-json\/wp\/v2\/pages\/33320\/revisions"}],"predecessor-version":[{"id":33321,"href":"https:\/\/www.lpi.org\/fr\/wp-json\/wp\/v2\/pages\/33320\/revisions\/33321"}],"up":[{"embeddable":true,"href":"https:\/\/www.lpi.org\/fr\/wp-json\/wp\/v2\/pages\/13464"}],"wp:attachment":[{"href":"https:\/\/www.lpi.org\/fr\/wp-json\/wp\/v2\/media?parent=33320"}],"curies":[{"name":"wp","href":"https:\/\/api.w.org\/{rel}","templated":true}]}}