{"id":13409,"date":"2023-04-06T09:24:01","date_gmt":"2023-04-06T13:24:01","guid":{"rendered":"https:\/\/www.lpi.org\/codigo-comunitario-de-etica-e-conduta-profissional\/"},"modified":"2023-04-06T09:24:01","modified_gmt":"2023-04-06T13:24:01","slug":"conduct","status":"publish","type":"page","link":"https:\/\/www.lpi.org\/pt-br\/conduct\/","title":{"rendered":"C\u00f3digo Comunit\u00e1rio de \u00c9tica e Conduta Profissional"},"content":{"rendered":"<p>Vers\u00e3o 3.1 &#8211; 18 de maio de 2021<\/p>\n<p><strong>Pre\u00e2mbulo<\/strong><\/p>\n<p>O Linux Professional Institute foi criado com a miss\u00e3o de promover o uso profissional, desenvolvimento e ensino de software e tecnologia de c\u00f3digo aberto em todo o mundo.<\/p>\n<p>Para isso, a LPI criou uma estrutura de governan\u00e7a atrav\u00e9s da qual os profissionais podem se tornar membros da LPI, demonstrando compet\u00eancia t\u00e9cnica e ader\u00eancia a um c\u00f3digo \u00e9tico. Este documento serve para definir este c\u00f3digo de \u00e9tica, com os objetivos de manter a integridade e confiabilidade atrav\u00e9s de:<\/p>\n<ul>\n<li>Prote\u00e7\u00e3o do interesse p\u00fablico<\/li>\n<li>Demonstra\u00e7\u00e3o de integridade pessoal<\/li>\n<li>Manuten\u00e7\u00e3o de confidencialidade e privacidade<\/li>\n<li>Demonstra\u00e7\u00e3o de respeito pelos colegas e colaboradores<\/li>\n<\/ul>\n<p>A comunidade LPI \u00e9 um espa\u00e7o aberto, seguro e inclusivo que promove o compartilhamento e a colabora\u00e7\u00e3o independentemente de idade, defici\u00eancia, etnia, identidade e express\u00e3o de g\u00eanero, n\u00edvel de experi\u00eancia, nacionalidade, apar\u00eancia pessoal, ra\u00e7a, religi\u00e3o ou orienta\u00e7\u00e3o sexual. Embora desacordos sejam normais, esperamos que nossos membros ajam de forma apropriada n\u00e3o apenas com a LPI, mas tamb\u00e9m com relacionamentos de neg\u00f3cios, colegas e o p\u00fablico em geral. Esperamos que os participantes de qualquer projeto ou grupo resolvam diverg\u00eancias de forma construtiva. Quando n\u00e3o puderem, os assuntos devem ser escalados dentro das estruturas estabelecidas para resolu\u00e7\u00e3o.<\/p>\n<p>A conduta desonrosa ou question\u00e1vel, incluindo conduta que possa ser adversa ao interesse p\u00fablico ou que care\u00e7a de integridade, refletir\u00e1 negativamente na profiss\u00e3o de Membro, LPI e profissional de c\u00f3digo aberto. Se a conduta \u00e9 tal que o conhecimento dela poderia prejudicar a confian\u00e7a no membro como profissional, ent\u00e3o a LPI ter\u00e1 justificativa para tomar medidas disciplinares.<\/p>\n<p>Os membros que violarem partes deste c\u00f3digo porque acreditam que a ades\u00e3o causaria perigo claramente demonstrado ao p\u00fablico (por exemplo, \u201cden\u00fancia de irregularidades\u201d) n\u00e3o ser\u00e3o necessariamente considerados em desacordo com o prop\u00f3sito de a\u00e7\u00e3o disciplinar. Os membros s\u00e3o incentivados a obter aconselhamento jur\u00eddico em tais situa\u00e7\u00f5es.<\/p>\n<p>A determina\u00e7\u00e3o das viola\u00e7\u00f5es deste c\u00f3digo e as medidas disciplinares apropriadas ser\u00e3o feitas caso a caso.<\/p>\n<p>Este C\u00f3digo de Conduta se aplica como condi\u00e7\u00e3o de associa\u00e7\u00e3o, mas esperamos que todos em nossa comunidade o sigam. Para mais informa\u00e7\u00f5es ou para relatar uma viola\u00e7\u00e3o, entre em contato via\u00a0<a href=\"mailto:ethics@lpi.org\">ethics@lpi.org<\/a>.<\/p>\n<p><strong>Prote\u00e7\u00e3o do interesse p\u00fablico<\/strong><\/p>\n<p>Espera-se que os aderentes a este C\u00f3digo:<\/p>\n<ol>\n<li>realizar o seu trabalho com a devida considera\u00e7\u00e3o pela sa\u00fade p\u00fablica, seguran\u00e7a p\u00fablica, direitos humanos e meio ambiente;<\/li>\n<li>apoiar a integridade e a confian\u00e7a do p\u00fablico na LPI e na profiss\u00e3o de profissional de c\u00f3digo aberto;<\/li>\n<li>usar ou recomendar software de c\u00f3digo aberto e publica\u00e7\u00e3o de acesso aberto, conforme apropriado;<\/li>\n<li>Divulgar plenamente, para as partes relevantes, quaisquer conflitos de interesses que existam ou possam ser vistos por um observador independente.<\/li>\n<\/ol>\n<p><strong>Demonstra\u00e7\u00e3o da integridade pessoal<\/strong><\/p>\n<p>Espera-se que os aderentes a este C\u00f3digo:<\/p>\n<ol>\n<li>agir com boa f\u00e9 e honestidade em suas intera\u00e7\u00f5es profissionais e colaborativas;<\/li>\n<li>informar os outros sobre quaisquer situa\u00e7\u00f5es que possam prejudicar seu julgamento profissional;<\/li>\n<li>Possuir conhecimentos t\u00e9cnicos suficientes, bem como conhecimento de normas, regulamentos e legisla\u00e7\u00e3o relevantes, a fim de desempenhar as suas tarefas profissionais;<\/li>\n<li>respeitar os direitos criativos de outras pessoas e honrar patentes, direitos autorais e marcas registradas.<\/li>\n<\/ol>\n<p><strong>Manuten\u00e7\u00e3o de Confidencialidade e Privacidade<\/strong><\/p>\n<p>Espera-se que os aderentes a este C\u00f3digo:<\/p>\n<ol>\n<li>manter a confidencialidade nas rela\u00e7\u00f5es profissionais, a menos que explicitamente renunciado;<\/li>\n<li>abster-se de fofoca sobre indiv\u00edduos ou organiza\u00e7\u00f5es com os quais o Membro tenha rela\u00e7\u00f5es profissionais, independentemente da fonte;<\/li>\n<li>respeitar segredos comerciais, privacidade e termos de licen\u00e7a ou outros acordos aplic\u00e1veis; e<\/li>\n<li>recusar trabalho para qualquer inst\u00e2ncia que possa exigir divulga\u00e7\u00e3o de atividade confidencial feita em outro lugar.<\/li>\n<\/ol>\n<p><strong>Mostrando Respeito pelos Colegas e Colaboradores<\/strong><\/p>\n<p>Espera-se que os aderentes a este C\u00f3digo:<\/p>\n<ol>\n<li>envolver a comunidade de LPI e outros ambientes de trabalho colaborativo como abertos, seguros e inclusivos por meio de cortesia e respeito m\u00fatuo;<\/li>\n<li>ser pensativo na escolha de palavras, ser gentil com os outros e n\u00e3o insultar, atacar, assediar, denegrir ou discriminar os outros;<\/li>\n<li>usar formas claras e precisas de expressar as id\u00e9ias que eles est\u00e3o tentando compartilhar, considerando as barreiras lingu\u00edsticas e culturais sempre presentes no escopo global da LPI;<\/li>\n<li>Procuramos dar as boas vindas aos rec\u00e9m-chegados e orientar, promover, aconselhar e promover aqueles com potencial para causar impacto em suas comunidades e como parte de nossa comunidade global.<\/li>\n<\/ol>\n","protected":false},"excerpt":{"rendered":"<p>Vers\u00e3o 3.1 &#8211; 18 de maio de 2021 Pre\u00e2mbulo O Linux Professional Institute foi criado com a miss\u00e3o de promover o uso profissional, desenvolvimento e ensino de software e tecnologia de c\u00f3digo aberto em todo o mundo. Para isso, a &#8230; <a href=\"https:\/\/www.lpi.org\/pt-br\/conduct\/\" class=\"button-link\">Read more<\/a><\/p>\n","protected":false},"author":1,"featured_media":0,"parent":0,"menu_order":0,"comment_status":"closed","ping_status":"closed","template":"","meta":{"_acf_changed":false,"footnotes":""},"class_list":["post-13409","page","type-page","status-publish","hentry"],"acf":[],"yoast_head":"<!-- This site is optimized with the Yoast SEO Premium plugin v27.2 (Yoast SEO v27.4) - https:\/\/yoast.com\/product\/yoast-seo-premium-wordpress\/ -->\n<title>C\u00f3digo Comunit\u00e1rio de \u00c9tica e Conduta Profissional - Linux Professional Institute (LPI)<\/title>\n<meta name=\"robots\" content=\"index, follow, max-snippet:-1, max-image-preview:large, max-video-preview:-1\" \/>\n<link rel=\"canonical\" href=\"https:\/\/www.lpi.org\/pt-br\/conduct\/\" \/>\n<meta property=\"og:locale\" content=\"pt_BR\" \/>\n<meta property=\"og:type\" content=\"article\" \/>\n<meta property=\"og:title\" content=\"C\u00f3digo Comunit\u00e1rio de \u00c9tica e Conduta Profissional\" \/>\n<meta property=\"og:description\" content=\"Vers\u00e3o 3.1 &#8211; 18 de maio de 2021 Pre\u00e2mbulo O Linux Professional Institute foi criado com a miss\u00e3o de promover o uso profissional, desenvolvimento e ensino de software e tecnologia de c\u00f3digo aberto em todo o mundo. Para isso, a ... Read more\" \/>\n<meta property=\"og:url\" content=\"https:\/\/www.lpi.org\/pt-br\/conduct\/\" \/>\n<meta property=\"og:site_name\" content=\"Linux Professional Institute (LPI)\" \/>\n<meta property=\"article:publisher\" content=\"https:\/\/www.facebook.com\/LPIConnect\" \/>\n<meta name=\"twitter:card\" content=\"summary_large_image\" \/>\n<meta name=\"twitter:site\" content=\"@lpiconnect\" \/>\n<meta name=\"twitter:label1\" content=\"Est. tempo de leitura\" \/>\n\t<meta name=\"twitter:data1\" content=\"4 minutos\" \/>\n<script type=\"application\/ld+json\" class=\"yoast-schema-graph\">{\"@context\":\"https:\\\/\\\/schema.org\",\"@graph\":[{\"@type\":\"WebPage\",\"@id\":\"https:\\\/\\\/www.lpi.org\\\/pt-br\\\/conduct\\\/\",\"url\":\"https:\\\/\\\/www.lpi.org\\\/pt-br\\\/conduct\\\/\",\"name\":\"C\u00f3digo Comunit\u00e1rio de \u00c9tica e Conduta Profissional - Linux Professional Institute (LPI)\",\"isPartOf\":{\"@id\":\"https:\\\/\\\/www.lpi.org\\\/pt-br\\\/#website\"},\"datePublished\":\"2023-04-06T13:24:01+00:00\",\"breadcrumb\":{\"@id\":\"https:\\\/\\\/www.lpi.org\\\/pt-br\\\/conduct\\\/#breadcrumb\"},\"inLanguage\":\"pt-BR\",\"potentialAction\":[{\"@type\":\"ReadAction\",\"target\":[\"https:\\\/\\\/www.lpi.org\\\/pt-br\\\/conduct\\\/\"]}]},{\"@type\":\"BreadcrumbList\",\"@id\":\"https:\\\/\\\/www.lpi.org\\\/pt-br\\\/conduct\\\/#breadcrumb\",\"itemListElement\":[{\"@type\":\"ListItem\",\"position\":1,\"name\":\"Home\",\"item\":\"https:\\\/\\\/www.lpi.org\\\/pt-br\\\/\"},{\"@type\":\"ListItem\",\"position\":2,\"name\":\"C\u00f3digo Comunit\u00e1rio de \u00c9tica e Conduta Profissional\"}]},{\"@type\":\"WebSite\",\"@id\":\"https:\\\/\\\/www.lpi.org\\\/pt-br\\\/#website\",\"url\":\"https:\\\/\\\/www.lpi.org\\\/pt-br\\\/\",\"name\":\"Linux Professional Institute (LPI)\",\"description\":\"\",\"publisher\":{\"@id\":\"https:\\\/\\\/www.lpi.org\\\/pt-br\\\/#organization\"},\"potentialAction\":[{\"@type\":\"SearchAction\",\"target\":{\"@type\":\"EntryPoint\",\"urlTemplate\":\"https:\\\/\\\/www.lpi.org\\\/pt-br\\\/?s={search_term_string}\"},\"query-input\":{\"@type\":\"PropertyValueSpecification\",\"valueRequired\":true,\"valueName\":\"search_term_string\"}}],\"inLanguage\":\"pt-BR\"},{\"@type\":\"Organization\",\"@id\":\"https:\\\/\\\/www.lpi.org\\\/pt-br\\\/#organization\",\"name\":\"Linux Professional Institute (LPI)\",\"url\":\"https:\\\/\\\/www.lpi.org\\\/pt-br\\\/\",\"logo\":{\"@type\":\"ImageObject\",\"inLanguage\":\"pt-BR\",\"@id\":\"https:\\\/\\\/www.lpi.org\\\/pt-br\\\/#\\\/schema\\\/logo\\\/image\\\/\",\"url\":\"https:\\\/\\\/www.lpi.org\\\/wp-content\\\/uploads\\\/2023\\\/04\\\/logo.png\",\"contentUrl\":\"https:\\\/\\\/www.lpi.org\\\/wp-content\\\/uploads\\\/2023\\\/04\\\/logo.png\",\"width\":496,\"height\":175,\"caption\":\"Linux Professional Institute (LPI)\"},\"image\":{\"@id\":\"https:\\\/\\\/www.lpi.org\\\/pt-br\\\/#\\\/schema\\\/logo\\\/image\\\/\"},\"sameAs\":[\"https:\\\/\\\/www.facebook.com\\\/LPIConnect\",\"https:\\\/\\\/x.com\\\/lpiconnect\",\"https:\\\/\\\/www.linkedin.com\\\/company\\\/35136\",\"https:\\\/\\\/www.instagram.com\\\/lpi_org\\\/\",\"https:\\\/\\\/fosstodon.org\\\/@LPI\"]}]}<\/script>\n<!-- \/ Yoast SEO Premium plugin. -->","yoast_head_json":{"title":"C\u00f3digo Comunit\u00e1rio de \u00c9tica e Conduta Profissional - Linux Professional Institute (LPI)","robots":{"index":"index","follow":"follow","max-snippet":"max-snippet:-1","max-image-preview":"max-image-preview:large","max-video-preview":"max-video-preview:-1"},"canonical":"https:\/\/www.lpi.org\/pt-br\/conduct\/","og_locale":"pt_BR","og_type":"article","og_title":"C\u00f3digo Comunit\u00e1rio de \u00c9tica e Conduta Profissional","og_description":"Vers\u00e3o 3.1 &#8211; 18 de maio de 2021 Pre\u00e2mbulo O Linux Professional Institute foi criado com a miss\u00e3o de promover o uso profissional, desenvolvimento e ensino de software e tecnologia de c\u00f3digo aberto em todo o mundo. Para isso, a ... Read more","og_url":"https:\/\/www.lpi.org\/pt-br\/conduct\/","og_site_name":"Linux Professional Institute (LPI)","article_publisher":"https:\/\/www.facebook.com\/LPIConnect","twitter_card":"summary_large_image","twitter_site":"@lpiconnect","twitter_misc":{"Est. tempo de leitura":"4 minutos"},"schema":{"@context":"https:\/\/schema.org","@graph":[{"@type":"WebPage","@id":"https:\/\/www.lpi.org\/pt-br\/conduct\/","url":"https:\/\/www.lpi.org\/pt-br\/conduct\/","name":"C\u00f3digo Comunit\u00e1rio de \u00c9tica e Conduta Profissional - Linux Professional Institute (LPI)","isPartOf":{"@id":"https:\/\/www.lpi.org\/pt-br\/#website"},"datePublished":"2023-04-06T13:24:01+00:00","breadcrumb":{"@id":"https:\/\/www.lpi.org\/pt-br\/conduct\/#breadcrumb"},"inLanguage":"pt-BR","potentialAction":[{"@type":"ReadAction","target":["https:\/\/www.lpi.org\/pt-br\/conduct\/"]}]},{"@type":"BreadcrumbList","@id":"https:\/\/www.lpi.org\/pt-br\/conduct\/#breadcrumb","itemListElement":[{"@type":"ListItem","position":1,"name":"Home","item":"https:\/\/www.lpi.org\/pt-br\/"},{"@type":"ListItem","position":2,"name":"C\u00f3digo Comunit\u00e1rio de \u00c9tica e Conduta Profissional"}]},{"@type":"WebSite","@id":"https:\/\/www.lpi.org\/pt-br\/#website","url":"https:\/\/www.lpi.org\/pt-br\/","name":"Linux Professional Institute (LPI)","description":"","publisher":{"@id":"https:\/\/www.lpi.org\/pt-br\/#organization"},"potentialAction":[{"@type":"SearchAction","target":{"@type":"EntryPoint","urlTemplate":"https:\/\/www.lpi.org\/pt-br\/?s={search_term_string}"},"query-input":{"@type":"PropertyValueSpecification","valueRequired":true,"valueName":"search_term_string"}}],"inLanguage":"pt-BR"},{"@type":"Organization","@id":"https:\/\/www.lpi.org\/pt-br\/#organization","name":"Linux Professional Institute (LPI)","url":"https:\/\/www.lpi.org\/pt-br\/","logo":{"@type":"ImageObject","inLanguage":"pt-BR","@id":"https:\/\/www.lpi.org\/pt-br\/#\/schema\/logo\/image\/","url":"https:\/\/www.lpi.org\/wp-content\/uploads\/2023\/04\/logo.png","contentUrl":"https:\/\/www.lpi.org\/wp-content\/uploads\/2023\/04\/logo.png","width":496,"height":175,"caption":"Linux Professional Institute (LPI)"},"image":{"@id":"https:\/\/www.lpi.org\/pt-br\/#\/schema\/logo\/image\/"},"sameAs":["https:\/\/www.facebook.com\/LPIConnect","https:\/\/x.com\/lpiconnect","https:\/\/www.linkedin.com\/company\/35136","https:\/\/www.instagram.com\/lpi_org\/","https:\/\/fosstodon.org\/@LPI"]}]}},"_links":{"self":[{"href":"https:\/\/www.lpi.org\/pt-br\/wp-json\/wp\/v2\/pages\/13409","targetHints":{"allow":["GET"]}}],"collection":[{"href":"https:\/\/www.lpi.org\/pt-br\/wp-json\/wp\/v2\/pages"}],"about":[{"href":"https:\/\/www.lpi.org\/pt-br\/wp-json\/wp\/v2\/types\/page"}],"author":[{"embeddable":true,"href":"https:\/\/www.lpi.org\/pt-br\/wp-json\/wp\/v2\/users\/1"}],"replies":[{"embeddable":true,"href":"https:\/\/www.lpi.org\/pt-br\/wp-json\/wp\/v2\/comments?post=13409"}],"version-history":[{"count":0,"href":"https:\/\/www.lpi.org\/pt-br\/wp-json\/wp\/v2\/pages\/13409\/revisions"}],"wp:attachment":[{"href":"https:\/\/www.lpi.org\/pt-br\/wp-json\/wp\/v2\/media?parent=13409"}],"curies":[{"name":"wp","href":"https:\/\/api.w.org\/{rel}","templated":true}]}}