{"id":13420,"date":"2023-04-06T06:31:49","date_gmt":"2023-04-06T10:31:49","guid":{"rendered":"https:\/\/www.lpi.org\/teste-online-do-linux-professional-institute\/"},"modified":"2023-04-06T06:31:49","modified_gmt":"2023-04-06T10:31:49","slug":"online-testing","status":"publish","type":"page","link":"https:\/\/www.lpi.org\/pt-br\/online-testing\/","title":{"rendered":"Teste online do Linux Professional Institute"},"content":{"rendered":"<p>Linux Professional Institute (LPI) oferece os exames Linux Essentials, LPIC-1 (101 e 102) e LPIC-2 (201 e 202) por meio do\u00a0<a href=\"https:\/\/home.pearsonvue.com\/lpi\" target=\"_blank\" rel=\"noopener\">Sistema de teste Pearson VUE OnVUE<\/a>. Idiomas adicionais ser\u00e3o disponibilizados assim que poss\u00edvel.<\/p>\n<p>&nbsp;<\/p>\n<h2>Um servi\u00e7o para voc\u00ea<\/h2>\n<p>Os exames LPI tradicionalmente s\u00e3o realizados fisicamente no local e, portanto, dependem de fatores externos e da capacidade dos candidatos de viajar. Com o Online Proctoring, os candidatos podem fazer seus exames em casa ou no escrit\u00f3rio para obter a certifica\u00e7\u00e3o. Isso economiza tempo e despesas de viagem e reduz significativamente os riscos \u00e0 sa\u00fade.<\/p>\n<p>&nbsp;<\/p>\n<h2>Tudo esta seguro<\/h2>\n<p>A supervis\u00e3o online \u00e9 muito semelhante ao que \u00e9 feito nos\u00a0<a href=\"http:\/\/www.vue.com\/lpi\/locate\" target=\"_blank\" rel=\"noopener\">Centros de teste da Pearson VUE<\/a>. Voc\u00ea faz o exame enquanto \u00e9 monitorado em sua webcam por um Proctor Pearson VUE verificado.<\/p>\n<p>&nbsp;<\/p>\n<h2>Quais exames LPI posso fazer online?<\/h2>\n<p><a href=\"https:\/\/www.lpi.org\/our-certifications\/linux-essentials-overview\">Linux Professional Institute Linux Essentials<\/a><br \/>\n<a href=\"https:\/\/www.lpi.org\/pt-br\/our-certifications\/web-development-essentials-overview\">Linux Professional Institute Web Development Essentials<\/a><br \/>\n<a href=\"https:\/\/www.lpi.org\/lpic-1-linux-certified-administrator\">Linux Professional Institute LPIC-1<\/a><br \/>\n<a href=\"https:\/\/www.lpi.org\/lpic-2-linux-certified-engineer\">Linux Professional Institute LPIC-2<\/a><\/p>\n<p>&nbsp;<\/p>\n<h2>Em quais idiomas os exames online est\u00e3o dispon\u00edveis?<\/h2>\n<p>Linux Professional Institute Linux Essentials: ingl\u00eas, japon\u00eas, portugu\u00eas (brasileiro), alem\u00e3o, holand\u00eas<br \/>\nLinux Professional Institute LPIC-1: ingl\u00eas, japon\u00eas, portugu\u00eas (brasileiro), espanhol<br \/>\nLinux Professional Institute LPIC-2: ingl\u00eas<\/p>\n<p>&nbsp;<\/p>\n<h2>O que os candidatos devem saber<\/h2>\n<p>A plataforma de supervis\u00e3o online OnVUE est\u00e1 dispon\u00edvel apenas em ingl\u00eas. Os candidatos devem ter um local silencioso e privado, um computador confi\u00e1vel com c\u00e2mera e uma conex\u00e3o est\u00e1vel com a Internet. Atualmente, apenas os sistemas operacionais Windows e MacOS s\u00e3o suportados. Como um organismo de certifica\u00e7\u00e3o Linux, sabemos que muitos de nossos candidatos preferem fazer o teste no sistema que est\u00e3o estudando e trabalhando. \u00c9 por isso que estamos discutindo com a Pearson VUE para disponibilizar os exames em computadores Linux.<\/p>\n<p>Uma lista completa dos requisitos, pol\u00edticas e procedimentos do sistema pode ser encontrada em\u00a0<a href=\"https:\/\/home.pearsonvue.com\/lpi\/onvue\" target=\"_blank\" rel=\"noopener\">https:\/\/home.pearsonvue.com\/lpi\/onvue<\/a>. Os pre\u00e7os e dura\u00e7\u00f5es dos exames LPI permanecem os mesmos na plataforma OnVUE e nos centros de teste.<\/p>\n<p>Estamos constantemente acompanhando as necessidades de nossa comunidade e adaptando nossa resposta e medidas para atender \u00e0s necessidades de tantos candidatos potenciais quanto poss\u00edvel. Para mais perguntas, ou para solicitar assist\u00eancia ou acomoda\u00e7\u00f5es especiais, visite nossa p\u00e1gina de\u00a0<a href=\"https:\/\/www.lpi.org\/about-lpi\/frequently-asked-questions\">Perguntas Frequentes<\/a>\u00a0ou contate o LPI em\u00a0<a href=\"mailto:info@lpi.org?subject=I%20have%20a%20question%20about%20online%20exams\">info@lpi.org<\/a>.<\/p>\n<p><a class=\"button2\" href=\"https:\/\/www.lpi.org\/coronavirus\">Nossa resposta \u00e0 COVID-19 (Coronav\u00edrus)<\/a><\/p>\n<p><a class=\"button2\" href=\"https:\/\/www.lpi.org\/blog\/2020\/03\/17\/learn-and-volunteer-your-extra-time-home\">Aprenda e seja volunt\u00e1rio em casa<\/a><\/p>\n<div id=\"awebChromeHelper\"><\/div>\n","protected":false},"excerpt":{"rendered":"<p>Linux Professional Institute (LPI) oferece os exames Linux Essentials, LPIC-1 (101 e 102) e LPIC-2 (201 e 202) por meio do\u00a0Sistema de teste Pearson VUE OnVUE. Idiomas adicionais ser\u00e3o disponibilizados assim que poss\u00edvel. &nbsp; Um servi\u00e7o para voc\u00ea Os exames &#8230; <a href=\"https:\/\/www.lpi.org\/pt-br\/online-testing\/\" class=\"button-link\">Read more<\/a><\/p>\n","protected":false},"author":1,"featured_media":7634,"parent":0,"menu_order":0,"comment_status":"closed","ping_status":"closed","template":"","meta":{"_acf_changed":false,"footnotes":""},"class_list":["post-13420","page","type-page","status-publish","has-post-thumbnail","hentry"],"acf":[],"yoast_head":"<!-- This site is optimized with the Yoast SEO Premium plugin v27.2 (Yoast SEO v27.4) - https:\/\/yoast.com\/product\/yoast-seo-premium-wordpress\/ -->\n<title>Teste online do Linux Professional Institute - Linux Professional Institute (LPI)<\/title>\n<meta name=\"robots\" content=\"index, follow, max-snippet:-1, max-image-preview:large, max-video-preview:-1\" \/>\n<link rel=\"canonical\" href=\"https:\/\/www.lpi.org\/pt-br\/online-testing\/\" \/>\n<meta property=\"og:locale\" content=\"pt_BR\" \/>\n<meta property=\"og:type\" content=\"article\" \/>\n<meta property=\"og:title\" content=\"Teste online do Linux Professional Institute\" \/>\n<meta property=\"og:description\" content=\"Linux Professional Institute (LPI) oferece os exames Linux Essentials, LPIC-1 (101 e 102) e LPIC-2 (201 e 202) por meio do\u00a0Sistema de teste Pearson VUE OnVUE. Idiomas adicionais ser\u00e3o disponibilizados assim que poss\u00edvel. &nbsp; Um servi\u00e7o para voc\u00ea Os exames ... Read more\" \/>\n<meta property=\"og:url\" content=\"https:\/\/www.lpi.org\/pt-br\/online-testing\/\" \/>\n<meta property=\"og:site_name\" content=\"Linux Professional Institute (LPI)\" \/>\n<meta property=\"article:publisher\" content=\"https:\/\/www.facebook.com\/LPIConnect\" \/>\n<meta property=\"og:image\" content=\"https:\/\/www.lpi.org\/wp-content\/uploads\/2023\/05\/article-onVUE-Remote-Proctoring02.jpg\" \/>\n\t<meta property=\"og:image:width\" content=\"1440\" \/>\n\t<meta property=\"og:image:height\" content=\"994\" \/>\n\t<meta property=\"og:image:type\" content=\"image\/jpeg\" \/>\n<meta name=\"twitter:card\" content=\"summary_large_image\" \/>\n<meta name=\"twitter:site\" content=\"@lpiconnect\" \/>\n<meta name=\"twitter:label1\" content=\"Est. tempo de leitura\" \/>\n\t<meta name=\"twitter:data1\" content=\"2 minutos\" \/>\n<script type=\"application\/ld+json\" class=\"yoast-schema-graph\">{\"@context\":\"https:\\\/\\\/schema.org\",\"@graph\":[{\"@type\":\"WebPage\",\"@id\":\"https:\\\/\\\/www.lpi.org\\\/pt-br\\\/online-testing\\\/\",\"url\":\"https:\\\/\\\/www.lpi.org\\\/pt-br\\\/online-testing\\\/\",\"name\":\"Teste online do Linux Professional Institute - Linux Professional Institute (LPI)\",\"isPartOf\":{\"@id\":\"https:\\\/\\\/www.lpi.org\\\/pt-br\\\/#website\"},\"primaryImageOfPage\":{\"@id\":\"https:\\\/\\\/www.lpi.org\\\/pt-br\\\/online-testing\\\/#primaryimage\"},\"image\":{\"@id\":\"https:\\\/\\\/www.lpi.org\\\/pt-br\\\/online-testing\\\/#primaryimage\"},\"thumbnailUrl\":\"https:\\\/\\\/www.lpi.org\\\/wp-content\\\/uploads\\\/2023\\\/05\\\/article-onVUE-Remote-Proctoring02.jpg\",\"datePublished\":\"2023-04-06T10:31:49+00:00\",\"breadcrumb\":{\"@id\":\"https:\\\/\\\/www.lpi.org\\\/pt-br\\\/online-testing\\\/#breadcrumb\"},\"inLanguage\":\"pt-BR\",\"potentialAction\":[{\"@type\":\"ReadAction\",\"target\":[\"https:\\\/\\\/www.lpi.org\\\/pt-br\\\/online-testing\\\/\"]}]},{\"@type\":\"ImageObject\",\"inLanguage\":\"pt-BR\",\"@id\":\"https:\\\/\\\/www.lpi.org\\\/pt-br\\\/online-testing\\\/#primaryimage\",\"url\":\"https:\\\/\\\/www.lpi.org\\\/wp-content\\\/uploads\\\/2023\\\/05\\\/article-onVUE-Remote-Proctoring02.jpg\",\"contentUrl\":\"https:\\\/\\\/www.lpi.org\\\/wp-content\\\/uploads\\\/2023\\\/05\\\/article-onVUE-Remote-Proctoring02.jpg\",\"width\":1440,\"height\":994,\"caption\":\"Linux Professional Institute (LPI) online testing\"},{\"@type\":\"BreadcrumbList\",\"@id\":\"https:\\\/\\\/www.lpi.org\\\/pt-br\\\/online-testing\\\/#breadcrumb\",\"itemListElement\":[{\"@type\":\"ListItem\",\"position\":1,\"name\":\"Home\",\"item\":\"https:\\\/\\\/www.lpi.org\\\/pt-br\\\/\"},{\"@type\":\"ListItem\",\"position\":2,\"name\":\"Teste online do Linux Professional Institute\"}]},{\"@type\":\"WebSite\",\"@id\":\"https:\\\/\\\/www.lpi.org\\\/pt-br\\\/#website\",\"url\":\"https:\\\/\\\/www.lpi.org\\\/pt-br\\\/\",\"name\":\"Linux Professional Institute (LPI)\",\"description\":\"\",\"publisher\":{\"@id\":\"https:\\\/\\\/www.lpi.org\\\/pt-br\\\/#organization\"},\"potentialAction\":[{\"@type\":\"SearchAction\",\"target\":{\"@type\":\"EntryPoint\",\"urlTemplate\":\"https:\\\/\\\/www.lpi.org\\\/pt-br\\\/?s={search_term_string}\"},\"query-input\":{\"@type\":\"PropertyValueSpecification\",\"valueRequired\":true,\"valueName\":\"search_term_string\"}}],\"inLanguage\":\"pt-BR\"},{\"@type\":\"Organization\",\"@id\":\"https:\\\/\\\/www.lpi.org\\\/pt-br\\\/#organization\",\"name\":\"Linux Professional Institute (LPI)\",\"url\":\"https:\\\/\\\/www.lpi.org\\\/pt-br\\\/\",\"logo\":{\"@type\":\"ImageObject\",\"inLanguage\":\"pt-BR\",\"@id\":\"https:\\\/\\\/www.lpi.org\\\/pt-br\\\/#\\\/schema\\\/logo\\\/image\\\/\",\"url\":\"https:\\\/\\\/www.lpi.org\\\/wp-content\\\/uploads\\\/2023\\\/04\\\/logo.png\",\"contentUrl\":\"https:\\\/\\\/www.lpi.org\\\/wp-content\\\/uploads\\\/2023\\\/04\\\/logo.png\",\"width\":496,\"height\":175,\"caption\":\"Linux Professional Institute (LPI)\"},\"image\":{\"@id\":\"https:\\\/\\\/www.lpi.org\\\/pt-br\\\/#\\\/schema\\\/logo\\\/image\\\/\"},\"sameAs\":[\"https:\\\/\\\/www.facebook.com\\\/LPIConnect\",\"https:\\\/\\\/x.com\\\/lpiconnect\",\"https:\\\/\\\/www.linkedin.com\\\/company\\\/35136\",\"https:\\\/\\\/www.instagram.com\\\/lpi_org\\\/\",\"https:\\\/\\\/fosstodon.org\\\/@LPI\"]}]}<\/script>\n<!-- \/ Yoast SEO Premium plugin. -->","yoast_head_json":{"title":"Teste online do Linux Professional Institute - Linux Professional Institute (LPI)","robots":{"index":"index","follow":"follow","max-snippet":"max-snippet:-1","max-image-preview":"max-image-preview:large","max-video-preview":"max-video-preview:-1"},"canonical":"https:\/\/www.lpi.org\/pt-br\/online-testing\/","og_locale":"pt_BR","og_type":"article","og_title":"Teste online do Linux Professional Institute","og_description":"Linux Professional Institute (LPI) oferece os exames Linux Essentials, LPIC-1 (101 e 102) e LPIC-2 (201 e 202) por meio do\u00a0Sistema de teste Pearson VUE OnVUE. Idiomas adicionais ser\u00e3o disponibilizados assim que poss\u00edvel. &nbsp; Um servi\u00e7o para voc\u00ea Os exames ... Read more","og_url":"https:\/\/www.lpi.org\/pt-br\/online-testing\/","og_site_name":"Linux Professional Institute (LPI)","article_publisher":"https:\/\/www.facebook.com\/LPIConnect","og_image":[{"width":1440,"height":994,"url":"https:\/\/www.lpi.org\/wp-content\/uploads\/2023\/05\/article-onVUE-Remote-Proctoring02.jpg","type":"image\/jpeg"}],"twitter_card":"summary_large_image","twitter_site":"@lpiconnect","twitter_misc":{"Est. tempo de leitura":"2 minutos"},"schema":{"@context":"https:\/\/schema.org","@graph":[{"@type":"WebPage","@id":"https:\/\/www.lpi.org\/pt-br\/online-testing\/","url":"https:\/\/www.lpi.org\/pt-br\/online-testing\/","name":"Teste online do Linux Professional Institute - Linux Professional Institute (LPI)","isPartOf":{"@id":"https:\/\/www.lpi.org\/pt-br\/#website"},"primaryImageOfPage":{"@id":"https:\/\/www.lpi.org\/pt-br\/online-testing\/#primaryimage"},"image":{"@id":"https:\/\/www.lpi.org\/pt-br\/online-testing\/#primaryimage"},"thumbnailUrl":"https:\/\/www.lpi.org\/wp-content\/uploads\/2023\/05\/article-onVUE-Remote-Proctoring02.jpg","datePublished":"2023-04-06T10:31:49+00:00","breadcrumb":{"@id":"https:\/\/www.lpi.org\/pt-br\/online-testing\/#breadcrumb"},"inLanguage":"pt-BR","potentialAction":[{"@type":"ReadAction","target":["https:\/\/www.lpi.org\/pt-br\/online-testing\/"]}]},{"@type":"ImageObject","inLanguage":"pt-BR","@id":"https:\/\/www.lpi.org\/pt-br\/online-testing\/#primaryimage","url":"https:\/\/www.lpi.org\/wp-content\/uploads\/2023\/05\/article-onVUE-Remote-Proctoring02.jpg","contentUrl":"https:\/\/www.lpi.org\/wp-content\/uploads\/2023\/05\/article-onVUE-Remote-Proctoring02.jpg","width":1440,"height":994,"caption":"Linux Professional Institute (LPI) online testing"},{"@type":"BreadcrumbList","@id":"https:\/\/www.lpi.org\/pt-br\/online-testing\/#breadcrumb","itemListElement":[{"@type":"ListItem","position":1,"name":"Home","item":"https:\/\/www.lpi.org\/pt-br\/"},{"@type":"ListItem","position":2,"name":"Teste online do Linux Professional Institute"}]},{"@type":"WebSite","@id":"https:\/\/www.lpi.org\/pt-br\/#website","url":"https:\/\/www.lpi.org\/pt-br\/","name":"Linux Professional Institute (LPI)","description":"","publisher":{"@id":"https:\/\/www.lpi.org\/pt-br\/#organization"},"potentialAction":[{"@type":"SearchAction","target":{"@type":"EntryPoint","urlTemplate":"https:\/\/www.lpi.org\/pt-br\/?s={search_term_string}"},"query-input":{"@type":"PropertyValueSpecification","valueRequired":true,"valueName":"search_term_string"}}],"inLanguage":"pt-BR"},{"@type":"Organization","@id":"https:\/\/www.lpi.org\/pt-br\/#organization","name":"Linux Professional Institute (LPI)","url":"https:\/\/www.lpi.org\/pt-br\/","logo":{"@type":"ImageObject","inLanguage":"pt-BR","@id":"https:\/\/www.lpi.org\/pt-br\/#\/schema\/logo\/image\/","url":"https:\/\/www.lpi.org\/wp-content\/uploads\/2023\/04\/logo.png","contentUrl":"https:\/\/www.lpi.org\/wp-content\/uploads\/2023\/04\/logo.png","width":496,"height":175,"caption":"Linux Professional Institute (LPI)"},"image":{"@id":"https:\/\/www.lpi.org\/pt-br\/#\/schema\/logo\/image\/"},"sameAs":["https:\/\/www.facebook.com\/LPIConnect","https:\/\/x.com\/lpiconnect","https:\/\/www.linkedin.com\/company\/35136","https:\/\/www.instagram.com\/lpi_org\/","https:\/\/fosstodon.org\/@LPI"]}]}},"_links":{"self":[{"href":"https:\/\/www.lpi.org\/pt-br\/wp-json\/wp\/v2\/pages\/13420","targetHints":{"allow":["GET"]}}],"collection":[{"href":"https:\/\/www.lpi.org\/pt-br\/wp-json\/wp\/v2\/pages"}],"about":[{"href":"https:\/\/www.lpi.org\/pt-br\/wp-json\/wp\/v2\/types\/page"}],"author":[{"embeddable":true,"href":"https:\/\/www.lpi.org\/pt-br\/wp-json\/wp\/v2\/users\/1"}],"replies":[{"embeddable":true,"href":"https:\/\/www.lpi.org\/pt-br\/wp-json\/wp\/v2\/comments?post=13420"}],"version-history":[{"count":0,"href":"https:\/\/www.lpi.org\/pt-br\/wp-json\/wp\/v2\/pages\/13420\/revisions"}],"wp:featuredmedia":[{"embeddable":true,"href":"https:\/\/www.lpi.org\/pt-br\/wp-json\/wp\/v2\/media\/7634"}],"wp:attachment":[{"href":"https:\/\/www.lpi.org\/pt-br\/wp-json\/wp\/v2\/media?parent=13420"}],"curies":[{"name":"wp","href":"https:\/\/api.w.org\/{rel}","templated":true}]}}