{"id":16894,"date":"2023-04-21T09:11:27","date_gmt":"2023-04-21T13:11:27","guid":{"rendered":"https:\/\/www.lpi.org\/logo-cua-linux-professional-institute-lpi\/"},"modified":"2023-09-14T05:11:35","modified_gmt":"2023-09-14T09:11:35","slug":"logo-cua-linux-professional-institute-lpi","status":"publish","type":"page","link":"https:\/\/www.lpi.org\/vi\/logo-cua-linux-professional-institute-lpi\/","title":{"rendered":"Logo c\u1ee7a Linux Professional Institute (LPI)"},"content":{"rendered":"<h3>Ch\u00fang t\u00f4i \u0111\u1ec1 ngh\u1ecb c\u00e1c logo c\u1ee7a Linux Professional Institute (LPI) \u0111\u01b0\u1ee3c s\u1eed d\u1ee5ng nh\u01b0 sau:<\/h3>\n<ul>\n<li>Logo LPI v\u00e0 t\u1eeb \u201cLinux Professional Institute\u201d l\u00e0 th\u01b0\u01a1ng hi\u1ec7u c\u1ee7a nh\u00e0 s\u00e1ng l\u1eadp Linux Professional Institute.<\/li>\n<li>N\u1ebfu mu\u1ed1n s\u1eed d\u1ee5ng b\u1ea5t k\u1ef3 logo LPI n\u00e0o li\u00ean quan \u0111\u1ebfn m\u1ee5c \u0111\u00edch th\u01b0\u01a1ng m\u1ea1i, vui l\u00f2ng li\u00ean h\u1ec7 v\u1edbi LPI Marketing \u0111\u1ec3 \u0111\u01b0\u1ee3c cho ph\u00e9p.<\/li>\n<li>Vi\u1ec7c s\u1eed d\u1ee5ng ch\u1ee9ng nh\u1eadn LPI ho\u1eb7c logo ch\u1ee9ng ch\u1ec9 b\u1edfi m\u1ed9t ng\u01b0\u1eddi kh\u00f4ng c\u00f3 th\u1ea9m quy\u1ec1n, th\u00ec ch\u1ee9ng ch\u1ec9 s\u1ebd b\u1ecb c\u1ea5m s\u1eed d\u1ee5ng.<\/li>\n<li>Vui l\u00f2ng chuy\u1ec3n t\u1ea5t c\u1ea3 y\u00eau c\u1ea7u v\u1ec1 logo v\u00e0 t\u1ec7p \u0111\u1ebfn <a href=\"mailto:marketing@lpi.org\" data-cke-saved-href=\"mailto:marketing@lpi.org\">LPI Marketing<\/a>.<\/li>\n<\/ul>\n<p>&nbsp;<\/p>\n<h3>D\u00e0nh Cho Ch\u1ee7 S\u1edf H\u1eefu Ch\u1ee9ng Ch\u1ec9<\/h3>\n<h4>Ch\u1ee7 s\u1edf h\u1eefu ch\u1ee9ng ch\u1ec9 c\u00f3 hi\u1ec7u l\u1ef1c c\u00f3 th\u1ec3 s\u1eed d\u1ee5ng logo cho c\u00e1c ch\u1ee9ng ch\u1ec9 m\u00e0 h\u1ecd n\u1eafm gi\u1eef \u0111\u1ec3 s\u1eed d\u1ee5ng c\u00e1 nh\u00e2n v\u00e0 chuy\u00ean nghi\u1ec7p nh\u01b0 tr\u00ean danh thi\u1ebfp, s\u01a1 y\u1ebfu l\u00fd l\u1ecbch\/CV tr\u1ef1c tuy\u1ebfn ho\u1eb7c ngo\u1ea1i tuy\u1ebfn. N\u00f3 kh\u00f4ng th\u1ec3 s\u1eed d\u1ee5ng \u0111\u1ec3 qu\u1ea3ng b\u00e1 c\u00e1c d\u1ecbch v\u1ee5 ho\u1eb7c c\u00e1c s\u1ea3n ph\u1ea9m trong m\u00f4i tr\u01b0\u1eddng th\u01b0\u01a1ng m\u1ea1i. \u0110\u00f3 l\u00e0 m\u1ee5c \u0111\u00edch c\u1ee7a <a href=\"https:\/\/www.lpi.org\/programs\">c\u00e1c ch\u01b0\u01a1ng tr\u00ecnh \u0111\u1ed1i t\u00e1c<\/a>.<\/h4>\n<p>&nbsp;<\/p>\n<h3>Logo LPI<\/h3>\n<ul>\n<li><a href=\"https:\/\/nc.lpi.org\/nextcloud\/index.php\/s\/3ExAyGAryeLpwt6\" data-cke-saved-href=\"https:\/\/nc.lpi.org\/nextcloud\/index.php\/s\/3ExAyGAryeLpwt6\">Logo Linux Professional Institute<\/a><\/li>\n<li><a href=\"https:\/\/nc.lpi.org\/nextcloud\/index.php\/s\/esFkEz7dL3X23Rj\" data-cke-saved-href=\"https:\/\/nc.lpi.org\/nextcloud\/index.php\/s\/esFkEz7dL3X23Rj\">Bi\u1ec3u t\u01b0\u1ee3ng Linux Professional Institute<\/a><\/li>\n<\/ul>\n<p>&nbsp;<\/p>\n<h3>Logo Ch\u1ee9ng Nh\u1eadn V\u00e0 Ch\u1ee9ng Ch\u1ec9<\/h3>\n<ul>\n<li><a href=\"https:\/\/nc.lpi.org\/nextcloud\/index.php\/s\/x9LcMJHCbZb2Spt\" target=\"_blank\" rel=\"noopener\" data-cke-saved-href=\"https:\/\/nc.lpi.org\/nextcloud\/index.php\/s\/x9LcMJHCbZb2Spt\">Linux Essentials<\/a> (C\u00e1c y\u1ebfu t\u1ed1 C\u01a1 b\u1ea3n Linux)<\/li>\n<li><a href=\"https:\/\/nc.lpi.org\/nextcloud\/index.php\/s\/t6kJT9KZ3ppwECF\" target=\"_blank\" rel=\"noopener\" data-cke-saved-href=\"https:\/\/nc.lpi.org\/nextcloud\/index.php\/s\/t6kJT9KZ3ppwECF\">Web Development Essentials<\/a> (C\u00e1c y\u1ebfu t\u1ed1 c\u01a1 b\u1ea3n ph\u00e1t tri\u1ec3n web)<\/li>\n<li><a href=\"https:\/\/nc.lpi.org\/nextcloud\/index.php\/s\/CFwLqnLBfrPESjS\" target=\"_blank\" rel=\"noopener\" data-cke-saved-href=\"https:\/\/nc.lpi.org\/nextcloud\/index.php\/s\/CFwLqnLBfrPESjS\">LPIC-1<\/a><\/li>\n<li><a href=\"https:\/\/nc.lpi.org\/nextcloud\/index.php\/s\/3TGmdAJcawY5kgz\" target=\"_blank\" rel=\"noopener\" data-cke-saved-href=\"https:\/\/nc.lpi.org\/nextcloud\/index.php\/s\/3TGmdAJcawY5kgz\">LPIC-2<\/a><\/li>\n<li><a href=\"https:\/\/nc.lpi.org\/nextcloud\/index.php\/s\/4rrxYqaNYBoT2am\" target=\"_blank\" rel=\"noopener\" data-cke-saved-href=\"https:\/\/nc.lpi.org\/nextcloud\/index.php\/s\/4rrxYqaNYBoT2am\">LPIC-3 Mixed Environments<\/a> (M\u00f4i Tr\u01b0\u1eddng H\u1ed7n H\u1ee3p LPIC-3)<\/li>\n<li><a href=\"https:\/\/nc.lpi.org\/nextcloud\/index.php\/s\/szEnzDkEjcEr2xZ\" target=\"_blank\" rel=\"noopener\" data-cke-saved-href=\"https:\/\/nc.lpi.org\/nextcloud\/index.php\/s\/szEnzDkEjcEr2xZ\">LPIC-3 Security<\/a> (B\u1ea3o m\u1eadt LPIC-3)<\/li>\n<li><a href=\"https:\/\/nc.lpi.org\/nextcloud\/index.php\/s\/84B3qbpLrmdM4RN\" target=\"_blank\" rel=\"noopener\" data-cke-saved-href=\"https:\/\/nc.lpi.org\/nextcloud\/index.php\/s\/84B3qbpLrmdM4RN\">LPIC-3 Virtualization and Containerization<\/a> (\u1ea2o h\u00f3a v\u00e0 Container H\u00f3a LPIC-3)<\/li>\n<li><a href=\"https:\/\/nc.lpi.org\/nextcloud\/index.php\/s\/enk5zcd7MK52cMy\" target=\"_blank\" rel=\"noopener\" data-cke-saved-href=\"https:\/\/nc.lpi.org\/nextcloud\/index.php\/s\/enk5zcd7MK52cMy\">LPIC-3 High Availability and Storage Clusters<\/a> (T\u00ednh kh\u1ea3 d\u1ee5ng cao v\u00e0 V\u00f9ng l\u01b0u tr\u1eef Clusters LPIC-3)<\/li>\n<li><a href=\"https:\/\/nc.lpi.org\/nextcloud\/index.php\/s\/MsaSH6SGzniFygq\" target=\"_blank\" rel=\"noopener\" data-cke-saved-href=\"https:\/\/nc.lpi.org\/nextcloud\/index.php\/s\/MsaSH6SGzniFygq\">BSD Specialist<\/a> (Chuy\u00ean gia BSD)<\/li>\n<li><a href=\"https:\/\/nc.lpi.org\/nextcloud\/index.php\/s\/kx8Lz9MMkkTQMjK\" target=\"_blank\" rel=\"noopener\" data-cke-saved-href=\"https:\/\/nc.lpi.org\/nextcloud\/index.php\/s\/kx8Lz9MMkkTQMjK\">DevOps Tools Engineer<\/a> (K\u1ef9 s\u01b0 c\u00f4ng c\u1ee5 DevOps)<\/li>\n<\/ul>\n<p>&nbsp;<\/p>\n<h3>Huy Hi\u1ec7u LinkedIn<\/h3>\n<h4>LinkedIn y\u00eau c\u1ea7u ng\u01b0\u1eddi d\u00f9ng t\u1ef1 th\u00eam ch\u1ee9ng ch\u1ec9 v\u00e0o h\u1ed3 s\u01a1 c\u1ee7a h\u1ecd. Ch\u00fang t\u00f4i khuy\u00ean b\u1ea1n n\u00ean l\u00e0m theo c\u00e1c b\u01b0\u1edbc d\u01b0\u1edbi \u0111\u00e2y \u0111\u1ec3 th\u00eam ch\u1ee9ng ch\u1ec9 LPI v\u00e0o h\u1ed3 s\u01a1 LinkedIn c\u1ee7a m\u00ecnh.<\/h4>\n<ol>\n<li>Nh\u1ea5p v\u00e0o n\u00fat sau v\u00e0 sau \u0111\u00f3 nh\u1eadp th\u00f4ng tin b\u00ean d\u01b0\u1edbi v\u00e0o c\u1eeda s\u1ed5 t\u1ef1 m\u1edf LinkedIn.<\/li>\n<li><strong>T\u00ean ch\u1ee9ng ch\u1ec9:<\/strong> Nh\u1eadp ch\u1ee9ng ch\u1ec9 th\u00edch h\u1ee3p t\u1eeb danh s\u00e1ch d\u01b0\u1edbi \u0111\u00e2y:<\/li>\n<li style=\"list-style-type: none\">\n<ul>\n<li>Linux Professional Institute Linux Essentials (C\u00e1c y\u1ebfu t\u1ed1 C\u01a1 b\u1ea3n c\u1ee7a Linux)<\/li>\n<li>Linux Professional Institute BSD Specialist (Chuy\u00ean Gia BSD)<\/li>\n<li>Linux Professional Institute DevOps Tools Engineer (K\u1ef9 S\u01b0 C\u00f4ng C\u1ee5 DevOps)<\/li>\n<li>Linux Professional Institute LPIC-1<\/li>\n<li>Linux Professional Institute LPIC-2<\/li>\n<li>Linux Professional Institute LPIC-3 Mixed Environments (M\u00f4i Tr\u01b0\u1eddng H\u1ed7n H\u1ee3p)<\/li>\n<li>Linux Professional Institute LPIC-3 Security (B\u1ea3o M\u1eadt)<\/li>\n<li>Linux Professional Institute LPIC-3 Virtualization and Containerization (\u1ea2o h\u00f3a v\u00e0 Container H\u00f3a)<\/li>\n<li>Linux Professional Institute LPIC-3 High Availability and Storage Clusters (T\u00ednh Kh\u1ea3 D\u1ee5ng Cao v\u00e0 V\u00f9ng L\u01b0u Tr\u1eef Clusters)<\/li>\n<\/ul>\n<\/li>\n<li><strong>C\u01a1 quan ch\u1ee9ng ch\u1ec9:<\/strong> Linux Professional Institute<\/li>\n<li><strong>S\u1ed1 gi\u1ea5y ph\u00e9p:<\/strong> M\u00e3 x\u00e1c minh ch\u1ee9ng ch\u1ec9 c\u1ee7a b\u1ea1n, \u0111\u01b0\u1ee3c t\u00ecm th\u1ea5y tr\u00ean t\u00e0i kho\u1ea3n www.lpi.org c\u1ee7a b\u1ea1n<\/li>\n<li><strong>T\u1eeb\/ \u0110\u1ebfn:<\/strong> Th\u1eddi h\u1ea1n b\u1eaft \u0111\u1ea7u v\u00e0 h\u1ebft hi\u1ec7u l\u1ef1c c\u1ee7a ch\u1ee9ng ch\u1ec9<\/li>\n<li><strong>URL ch\u1ee9ng ch\u1ec9:<\/strong> URL x\u00e1c minh ch\u1ee9ng ch\u1ec9 c\u1ee7a b\u1ea1n; URL n\u00e0y c\u00f3 th\u1ec3 \u0111\u01b0\u1ee3c t\u00ecm th\u1ea5y tr\u00ean ch\u1ee9ng ch\u1ec9 in c\u1ee7a b\u1ea1n v\u00e0 s\u1ebd ch\u1ee9a c\u1ea3 ID LPI v\u00e0 m\u00e3 x\u00e1c minh c\u1ee7a b\u1ea1n<\/li>\n<\/ol>\n<p>&nbsp;<\/p>\n<h3>B\u1ea3ng M\u00e0u LPI<\/h3>\n<p><img fetchpriority=\"high\" decoding=\"async\" class=\"alignnone size-full wp-image-2941 img-fluid\" src=\"https:\/\/www.lpi.org\/wp-content\/uploads\/2023\/05\/LPI-PrimaryColour.png\" alt=\"\" width=\"751\" height=\"618\" srcset=\"https:\/\/www.lpi.org\/wp-content\/uploads\/2023\/05\/LPI-PrimaryColour.png 751w, https:\/\/www.lpi.org\/wp-content\/uploads\/2023\/05\/LPI-PrimaryColour-300x247.png 300w\" sizes=\"(max-width: 751px) 100vw, 751px\" \/><\/p>\n<p><img decoding=\"async\" class=\"alignnone size-large wp-image-2951 img-fluid\" src=\"https:\/\/www.lpi.org\/wp-content\/uploads\/2023\/05\/LPI-SecondaryColour.png\" alt=\"\" width=\"751\" height=\"618\" srcset=\"https:\/\/www.lpi.org\/wp-content\/uploads\/2023\/05\/LPI-SecondaryColour.png 751w, https:\/\/www.lpi.org\/wp-content\/uploads\/2023\/05\/LPI-SecondaryColour-300x247.png 300w\" sizes=\"(max-width: 751px) 100vw, 751px\" \/><\/p>\n","protected":false},"excerpt":{"rendered":"<p>Ch\u00fang t\u00f4i \u0111\u1ec1 ngh\u1ecb c\u00e1c logo c\u1ee7a Linux Professional Institute (LPI) \u0111\u01b0\u1ee3c s\u1eed d\u1ee5ng nh\u01b0 sau: Logo LPI v\u00e0 t\u1eeb \u201cLinux Professional Institute\u201d l\u00e0 th\u01b0\u01a1ng hi\u1ec7u c\u1ee7a nh\u00e0 s\u00e1ng l\u1eadp Linux Professional Institute. N\u1ebfu mu\u1ed1n s\u1eed d\u1ee5ng b\u1ea5t k\u1ef3 logo &#8230; <a href=\"https:\/\/www.lpi.org\/vi\/logo-cua-linux-professional-institute-lpi\/\" class=\"button-link\">Read more<\/a><\/p>\n","protected":false},"author":1,"featured_media":0,"parent":0,"menu_order":0,"comment_status":"closed","ping_status":"closed","template":"","meta":{"_acf_changed":false,"footnotes":""},"class_list":["post-16894","page","type-page","status-publish","hentry"],"acf":[],"yoast_head":"<!-- This site is optimized with the Yoast SEO Premium plugin v27.2 (Yoast SEO v27.4) - https:\/\/yoast.com\/product\/yoast-seo-premium-wordpress\/ -->\n<title>Logo c\u1ee7a Linux Professional Institute (LPI) - Linux Professional Institute (LPI)<\/title>\n<meta name=\"description\" content=\"LPI \u0111\u00e3 thi\u1ebft l\u1eadp c\u00e1c ti\u00eau chu\u1ea9n cho vi\u1ec7c s\u1eed d\u1ee5ng c\u00e1c logo c\u1ee7a m\u00ecnh \u0111\u01b0\u1ee3c s\u1eed d\u1ee5ng b\u1edfi nh\u1eefng ng\u01b0\u1eddi n\u1eafm gi\u1eef ch\u1ee9ng ch\u1ec9. T\u00ecm hi\u1ec3u th\u00eam v\u1ec1 c\u00e1ch s\u1eed d\u1ee5ng h\u1ee3p l\u00fd v\u00e0 t\u1ea3i ch\u00fang xu\u1ed1ng.\" \/>\n<meta name=\"robots\" content=\"index, follow, max-snippet:-1, max-image-preview:large, max-video-preview:-1\" \/>\n<link rel=\"canonical\" href=\"https:\/\/www.lpi.org\/vi\/logo-cua-linux-professional-institute-lpi\/\" \/>\n<meta property=\"og:locale\" content=\"vi_VN\" \/>\n<meta property=\"og:type\" content=\"article\" \/>\n<meta property=\"og:title\" content=\"Logo c\u1ee7a Linux Professional Institute (LPI)\" \/>\n<meta property=\"og:description\" content=\"LPI \u0111\u00e3 thi\u1ebft l\u1eadp c\u00e1c ti\u00eau chu\u1ea9n cho vi\u1ec7c s\u1eed d\u1ee5ng c\u00e1c logo c\u1ee7a m\u00ecnh \u0111\u01b0\u1ee3c s\u1eed d\u1ee5ng b\u1edfi nh\u1eefng ng\u01b0\u1eddi n\u1eafm gi\u1eef ch\u1ee9ng ch\u1ec9. T\u00ecm hi\u1ec3u th\u00eam v\u1ec1 c\u00e1ch s\u1eed d\u1ee5ng h\u1ee3p l\u00fd v\u00e0 t\u1ea3i ch\u00fang xu\u1ed1ng.\" \/>\n<meta property=\"og:url\" content=\"https:\/\/www.lpi.org\/vi\/logo-cua-linux-professional-institute-lpi\/\" \/>\n<meta property=\"og:site_name\" content=\"Linux Professional Institute (LPI)\" \/>\n<meta property=\"article:publisher\" content=\"https:\/\/www.facebook.com\/LPIConnect\" \/>\n<meta property=\"article:modified_time\" content=\"2023-09-14T09:11:35+00:00\" \/>\n<meta property=\"og:image\" content=\"https:\/\/www.lpi.org\/wp-content\/uploads\/2023\/05\/LPI-PrimaryColour.png\" \/>\n<meta name=\"twitter:card\" content=\"summary_large_image\" \/>\n<meta name=\"twitter:site\" content=\"@lpiconnect\" \/>\n<meta name=\"twitter:label1\" content=\"Est. reading time\" \/>\n\t<meta name=\"twitter:data1\" content=\"4 minutes\" \/>\n<script type=\"application\/ld+json\" class=\"yoast-schema-graph\">{\"@context\":\"https:\\\/\\\/schema.org\",\"@graph\":[{\"@type\":\"WebPage\",\"@id\":\"https:\\\/\\\/www.lpi.org\\\/vi\\\/logo-cua-linux-professional-institute-lpi\\\/\",\"url\":\"https:\\\/\\\/www.lpi.org\\\/vi\\\/logo-cua-linux-professional-institute-lpi\\\/\",\"name\":\"Logo c\u1ee7a Linux Professional Institute (LPI) - Linux Professional Institute (LPI)\",\"isPartOf\":{\"@id\":\"https:\\\/\\\/www.lpi.org\\\/vi\\\/#website\"},\"primaryImageOfPage\":{\"@id\":\"https:\\\/\\\/www.lpi.org\\\/vi\\\/logo-cua-linux-professional-institute-lpi\\\/#primaryimage\"},\"image\":{\"@id\":\"https:\\\/\\\/www.lpi.org\\\/vi\\\/logo-cua-linux-professional-institute-lpi\\\/#primaryimage\"},\"thumbnailUrl\":\"https:\\\/\\\/www.lpi.org\\\/wp-content\\\/uploads\\\/2023\\\/05\\\/LPI-PrimaryColour.png\",\"datePublished\":\"2023-04-21T13:11:27+00:00\",\"dateModified\":\"2023-09-14T09:11:35+00:00\",\"description\":\"LPI \u0111\u00e3 thi\u1ebft l\u1eadp c\u00e1c ti\u00eau chu\u1ea9n cho vi\u1ec7c s\u1eed d\u1ee5ng c\u00e1c logo c\u1ee7a m\u00ecnh \u0111\u01b0\u1ee3c s\u1eed d\u1ee5ng b\u1edfi nh\u1eefng ng\u01b0\u1eddi n\u1eafm gi\u1eef ch\u1ee9ng ch\u1ec9. T\u00ecm hi\u1ec3u th\u00eam v\u1ec1 c\u00e1ch s\u1eed d\u1ee5ng h\u1ee3p l\u00fd v\u00e0 t\u1ea3i ch\u00fang xu\u1ed1ng.\",\"breadcrumb\":{\"@id\":\"https:\\\/\\\/www.lpi.org\\\/vi\\\/logo-cua-linux-professional-institute-lpi\\\/#breadcrumb\"},\"inLanguage\":\"vi-VN\",\"potentialAction\":[{\"@type\":\"ReadAction\",\"target\":[\"https:\\\/\\\/www.lpi.org\\\/vi\\\/logo-cua-linux-professional-institute-lpi\\\/\"]}]},{\"@type\":\"ImageObject\",\"inLanguage\":\"vi-VN\",\"@id\":\"https:\\\/\\\/www.lpi.org\\\/vi\\\/logo-cua-linux-professional-institute-lpi\\\/#primaryimage\",\"url\":\"https:\\\/\\\/www.lpi.org\\\/wp-content\\\/uploads\\\/2023\\\/05\\\/LPI-PrimaryColour.png\",\"contentUrl\":\"https:\\\/\\\/www.lpi.org\\\/wp-content\\\/uploads\\\/2023\\\/05\\\/LPI-PrimaryColour.png\"},{\"@type\":\"BreadcrumbList\",\"@id\":\"https:\\\/\\\/www.lpi.org\\\/vi\\\/logo-cua-linux-professional-institute-lpi\\\/#breadcrumb\",\"itemListElement\":[{\"@type\":\"ListItem\",\"position\":1,\"name\":\"Home\",\"item\":\"https:\\\/\\\/www.lpi.org\\\/vi\\\/\"},{\"@type\":\"ListItem\",\"position\":2,\"name\":\"Logo c\u1ee7a Linux Professional Institute (LPI)\"}]},{\"@type\":\"WebSite\",\"@id\":\"https:\\\/\\\/www.lpi.org\\\/vi\\\/#website\",\"url\":\"https:\\\/\\\/www.lpi.org\\\/vi\\\/\",\"name\":\"Linux Professional Institute (LPI)\",\"description\":\"\",\"publisher\":{\"@id\":\"https:\\\/\\\/www.lpi.org\\\/vi\\\/#organization\"},\"potentialAction\":[{\"@type\":\"SearchAction\",\"target\":{\"@type\":\"EntryPoint\",\"urlTemplate\":\"https:\\\/\\\/www.lpi.org\\\/vi\\\/?s={search_term_string}\"},\"query-input\":{\"@type\":\"PropertyValueSpecification\",\"valueRequired\":true,\"valueName\":\"search_term_string\"}}],\"inLanguage\":\"vi-VN\"},{\"@type\":\"Organization\",\"@id\":\"https:\\\/\\\/www.lpi.org\\\/vi\\\/#organization\",\"name\":\"Linux Professional Institute (LPI)\",\"url\":\"https:\\\/\\\/www.lpi.org\\\/vi\\\/\",\"logo\":{\"@type\":\"ImageObject\",\"inLanguage\":\"vi-VN\",\"@id\":\"https:\\\/\\\/www.lpi.org\\\/vi\\\/#\\\/schema\\\/logo\\\/image\\\/\",\"url\":\"https:\\\/\\\/www.lpi.org\\\/wp-content\\\/uploads\\\/2023\\\/04\\\/logo.png\",\"contentUrl\":\"https:\\\/\\\/www.lpi.org\\\/wp-content\\\/uploads\\\/2023\\\/04\\\/logo.png\",\"width\":496,\"height\":175,\"caption\":\"Linux Professional Institute (LPI)\"},\"image\":{\"@id\":\"https:\\\/\\\/www.lpi.org\\\/vi\\\/#\\\/schema\\\/logo\\\/image\\\/\"},\"sameAs\":[\"https:\\\/\\\/www.facebook.com\\\/LPIConnect\",\"https:\\\/\\\/x.com\\\/lpiconnect\",\"https:\\\/\\\/www.linkedin.com\\\/company\\\/35136\",\"https:\\\/\\\/www.instagram.com\\\/lpi_org\\\/\",\"https:\\\/\\\/fosstodon.org\\\/@LPI\"]}]}<\/script>\n<!-- \/ Yoast SEO Premium plugin. -->","yoast_head_json":{"title":"Logo c\u1ee7a Linux Professional Institute (LPI) - Linux Professional Institute (LPI)","description":"LPI \u0111\u00e3 thi\u1ebft l\u1eadp c\u00e1c ti\u00eau chu\u1ea9n cho vi\u1ec7c s\u1eed d\u1ee5ng c\u00e1c logo c\u1ee7a m\u00ecnh \u0111\u01b0\u1ee3c s\u1eed d\u1ee5ng b\u1edfi nh\u1eefng ng\u01b0\u1eddi n\u1eafm gi\u1eef ch\u1ee9ng ch\u1ec9. T\u00ecm hi\u1ec3u th\u00eam v\u1ec1 c\u00e1ch s\u1eed d\u1ee5ng h\u1ee3p l\u00fd v\u00e0 t\u1ea3i ch\u00fang xu\u1ed1ng.","robots":{"index":"index","follow":"follow","max-snippet":"max-snippet:-1","max-image-preview":"max-image-preview:large","max-video-preview":"max-video-preview:-1"},"canonical":"https:\/\/www.lpi.org\/vi\/logo-cua-linux-professional-institute-lpi\/","og_locale":"vi_VN","og_type":"article","og_title":"Logo c\u1ee7a Linux Professional Institute (LPI)","og_description":"LPI \u0111\u00e3 thi\u1ebft l\u1eadp c\u00e1c ti\u00eau chu\u1ea9n cho vi\u1ec7c s\u1eed d\u1ee5ng c\u00e1c logo c\u1ee7a m\u00ecnh \u0111\u01b0\u1ee3c s\u1eed d\u1ee5ng b\u1edfi nh\u1eefng ng\u01b0\u1eddi n\u1eafm gi\u1eef ch\u1ee9ng ch\u1ec9. T\u00ecm hi\u1ec3u th\u00eam v\u1ec1 c\u00e1ch s\u1eed d\u1ee5ng h\u1ee3p l\u00fd v\u00e0 t\u1ea3i ch\u00fang xu\u1ed1ng.","og_url":"https:\/\/www.lpi.org\/vi\/logo-cua-linux-professional-institute-lpi\/","og_site_name":"Linux Professional Institute (LPI)","article_publisher":"https:\/\/www.facebook.com\/LPIConnect","article_modified_time":"2023-09-14T09:11:35+00:00","og_image":[{"url":"https:\/\/www.lpi.org\/wp-content\/uploads\/2023\/05\/LPI-PrimaryColour.png","type":"","width":"","height":""}],"twitter_card":"summary_large_image","twitter_site":"@lpiconnect","twitter_misc":{"Est. reading time":"4 minutes"},"schema":{"@context":"https:\/\/schema.org","@graph":[{"@type":"WebPage","@id":"https:\/\/www.lpi.org\/vi\/logo-cua-linux-professional-institute-lpi\/","url":"https:\/\/www.lpi.org\/vi\/logo-cua-linux-professional-institute-lpi\/","name":"Logo c\u1ee7a Linux Professional Institute (LPI) - Linux Professional Institute (LPI)","isPartOf":{"@id":"https:\/\/www.lpi.org\/vi\/#website"},"primaryImageOfPage":{"@id":"https:\/\/www.lpi.org\/vi\/logo-cua-linux-professional-institute-lpi\/#primaryimage"},"image":{"@id":"https:\/\/www.lpi.org\/vi\/logo-cua-linux-professional-institute-lpi\/#primaryimage"},"thumbnailUrl":"https:\/\/www.lpi.org\/wp-content\/uploads\/2023\/05\/LPI-PrimaryColour.png","datePublished":"2023-04-21T13:11:27+00:00","dateModified":"2023-09-14T09:11:35+00:00","description":"LPI \u0111\u00e3 thi\u1ebft l\u1eadp c\u00e1c ti\u00eau chu\u1ea9n cho vi\u1ec7c s\u1eed d\u1ee5ng c\u00e1c logo c\u1ee7a m\u00ecnh \u0111\u01b0\u1ee3c s\u1eed d\u1ee5ng b\u1edfi nh\u1eefng ng\u01b0\u1eddi n\u1eafm gi\u1eef ch\u1ee9ng ch\u1ec9. T\u00ecm hi\u1ec3u th\u00eam v\u1ec1 c\u00e1ch s\u1eed d\u1ee5ng h\u1ee3p l\u00fd v\u00e0 t\u1ea3i ch\u00fang xu\u1ed1ng.","breadcrumb":{"@id":"https:\/\/www.lpi.org\/vi\/logo-cua-linux-professional-institute-lpi\/#breadcrumb"},"inLanguage":"vi-VN","potentialAction":[{"@type":"ReadAction","target":["https:\/\/www.lpi.org\/vi\/logo-cua-linux-professional-institute-lpi\/"]}]},{"@type":"ImageObject","inLanguage":"vi-VN","@id":"https:\/\/www.lpi.org\/vi\/logo-cua-linux-professional-institute-lpi\/#primaryimage","url":"https:\/\/www.lpi.org\/wp-content\/uploads\/2023\/05\/LPI-PrimaryColour.png","contentUrl":"https:\/\/www.lpi.org\/wp-content\/uploads\/2023\/05\/LPI-PrimaryColour.png"},{"@type":"BreadcrumbList","@id":"https:\/\/www.lpi.org\/vi\/logo-cua-linux-professional-institute-lpi\/#breadcrumb","itemListElement":[{"@type":"ListItem","position":1,"name":"Home","item":"https:\/\/www.lpi.org\/vi\/"},{"@type":"ListItem","position":2,"name":"Logo c\u1ee7a Linux Professional Institute (LPI)"}]},{"@type":"WebSite","@id":"https:\/\/www.lpi.org\/vi\/#website","url":"https:\/\/www.lpi.org\/vi\/","name":"Linux Professional Institute (LPI)","description":"","publisher":{"@id":"https:\/\/www.lpi.org\/vi\/#organization"},"potentialAction":[{"@type":"SearchAction","target":{"@type":"EntryPoint","urlTemplate":"https:\/\/www.lpi.org\/vi\/?s={search_term_string}"},"query-input":{"@type":"PropertyValueSpecification","valueRequired":true,"valueName":"search_term_string"}}],"inLanguage":"vi-VN"},{"@type":"Organization","@id":"https:\/\/www.lpi.org\/vi\/#organization","name":"Linux Professional Institute (LPI)","url":"https:\/\/www.lpi.org\/vi\/","logo":{"@type":"ImageObject","inLanguage":"vi-VN","@id":"https:\/\/www.lpi.org\/vi\/#\/schema\/logo\/image\/","url":"https:\/\/www.lpi.org\/wp-content\/uploads\/2023\/04\/logo.png","contentUrl":"https:\/\/www.lpi.org\/wp-content\/uploads\/2023\/04\/logo.png","width":496,"height":175,"caption":"Linux Professional Institute (LPI)"},"image":{"@id":"https:\/\/www.lpi.org\/vi\/#\/schema\/logo\/image\/"},"sameAs":["https:\/\/www.facebook.com\/LPIConnect","https:\/\/x.com\/lpiconnect","https:\/\/www.linkedin.com\/company\/35136","https:\/\/www.instagram.com\/lpi_org\/","https:\/\/fosstodon.org\/@LPI"]}]}},"_links":{"self":[{"href":"https:\/\/www.lpi.org\/vi\/wp-json\/wp\/v2\/pages\/16894","targetHints":{"allow":["GET"]}}],"collection":[{"href":"https:\/\/www.lpi.org\/vi\/wp-json\/wp\/v2\/pages"}],"about":[{"href":"https:\/\/www.lpi.org\/vi\/wp-json\/wp\/v2\/types\/page"}],"author":[{"embeddable":true,"href":"https:\/\/www.lpi.org\/vi\/wp-json\/wp\/v2\/users\/1"}],"replies":[{"embeddable":true,"href":"https:\/\/www.lpi.org\/vi\/wp-json\/wp\/v2\/comments?post=16894"}],"version-history":[{"count":6,"href":"https:\/\/www.lpi.org\/vi\/wp-json\/wp\/v2\/pages\/16894\/revisions"}],"predecessor-version":[{"id":17817,"href":"https:\/\/www.lpi.org\/vi\/wp-json\/wp\/v2\/pages\/16894\/revisions\/17817"}],"wp:attachment":[{"href":"https:\/\/www.lpi.org\/vi\/wp-json\/wp\/v2\/media?parent=16894"}],"curies":[{"name":"wp","href":"https:\/\/api.w.org\/{rel}","templated":true}]}}