{"id":16938,"date":"2023-06-19T08:42:45","date_gmt":"2023-06-19T12:42:45","guid":{"rendered":"https:\/\/www.lpi.org\/cap-nhat-lpic-3-phien-ban-3-0-cac-yeu-to-quan-trong-nhat\/"},"modified":"2023-11-17T20:45:28","modified_gmt":"2023-11-18T01:45:28","slug":"cap-nhat-lpic-3-phien-ban-3-0-cac-yeu-to-quan-trong-nhat","status":"publish","type":"page","link":"https:\/\/www.lpi.org\/vi\/cap-nhat-lpic-3-phien-ban-3-0-cac-yeu-to-quan-trong-nhat\/","title":{"rendered":"C\u1eadp nh\u1eadt LPIC-3 phi\u00ean b\u1ea3n 3.0 &#8211; C\u00e1c s\u1ef1 ki\u1ec7n quan tr\u1ecdng nh\u1ea5t"},"content":{"rendered":"","protected":false},"excerpt":{"rendered":"","protected":false},"author":1,"featured_media":0,"parent":0,"menu_order":0,"comment_status":"closed","ping_status":"closed","template":"template-sections.php","meta":{"_acf_changed":false,"footnotes":""},"class_list":["post-16938","page","type-page","status-publish","hentry"],"acf":[],"yoast_head":"<!-- This site is optimized with the Yoast SEO Premium plugin v27.2 (Yoast SEO v27.3) - https:\/\/yoast.com\/product\/yoast-seo-premium-wordpress\/ -->\n<title>C\u1eadp nh\u1eadt LPIC-3 phi\u00ean b\u1ea3n 3.0 - C\u00e1c s\u1ef1 ki\u1ec7n quan tr\u1ecdng nh\u1ea5t - Linux Professional Institute (LPI)<\/title>\n<meta name=\"description\" content=\"Linux Professional Institute (LPI) \u0111\u00e3 ph\u00e1t h\u00e0nh LPIC-3 phi\u00ean b\u1ea3n 3.0. Ch\u00fang t\u00f4i \u0111\u00e3 t\u1eadp h\u1ee3p nh\u1eefng ch\u1ee7 \u0111\u1ec1 v\u00e0 m\u1ee5c ti\u00eau m\u1edbi cho b\u1ea1n.\" \/>\n<meta name=\"robots\" content=\"index, follow, max-snippet:-1, max-image-preview:large, max-video-preview:-1\" \/>\n<link rel=\"canonical\" href=\"https:\/\/www.lpi.org\/vi\/cap-nhat-lpic-3-phien-ban-3-0-cac-yeu-to-quan-trong-nhat\/\" \/>\n<meta property=\"og:locale\" content=\"vi_VN\" \/>\n<meta property=\"og:type\" content=\"article\" \/>\n<meta property=\"og:title\" content=\"C\u1eadp nh\u1eadt LPIC-3 phi\u00ean b\u1ea3n 3.0 - C\u00e1c s\u1ef1 ki\u1ec7n quan tr\u1ecdng nh\u1ea5t\" \/>\n<meta property=\"og:description\" content=\"Linux Professional Institute (LPI) \u0111\u00e3 ph\u00e1t h\u00e0nh LPIC-3 phi\u00ean b\u1ea3n 3.0. Ch\u00fang t\u00f4i \u0111\u00e3 t\u1eadp h\u1ee3p nh\u1eefng ch\u1ee7 \u0111\u1ec1 v\u00e0 m\u1ee5c ti\u00eau m\u1edbi cho b\u1ea1n.\" \/>\n<meta property=\"og:url\" content=\"https:\/\/www.lpi.org\/vi\/cap-nhat-lpic-3-phien-ban-3-0-cac-yeu-to-quan-trong-nhat\/\" \/>\n<meta property=\"og:site_name\" content=\"Linux Professional Institute (LPI)\" \/>\n<meta property=\"article:publisher\" content=\"https:\/\/www.facebook.com\/LPIConnect\" \/>\n<meta property=\"article:modified_time\" content=\"2023-11-18T01:45:28+00:00\" \/>\n<meta name=\"twitter:card\" content=\"summary_large_image\" \/>\n<meta name=\"twitter:site\" content=\"@lpiconnect\" \/>\n<script type=\"application\/ld+json\" class=\"yoast-schema-graph\">{\"@context\":\"https:\\\/\\\/schema.org\",\"@graph\":[{\"@type\":\"WebPage\",\"@id\":\"https:\\\/\\\/www.lpi.org\\\/vi\\\/cap-nhat-lpic-3-phien-ban-3-0-cac-yeu-to-quan-trong-nhat\\\/\",\"url\":\"https:\\\/\\\/www.lpi.org\\\/vi\\\/cap-nhat-lpic-3-phien-ban-3-0-cac-yeu-to-quan-trong-nhat\\\/\",\"name\":\"C\u1eadp nh\u1eadt LPIC-3 phi\u00ean b\u1ea3n 3.0 - C\u00e1c s\u1ef1 ki\u1ec7n quan tr\u1ecdng nh\u1ea5t - Linux Professional Institute (LPI)\",\"isPartOf\":{\"@id\":\"https:\\\/\\\/www.lpi.org\\\/vi\\\/#website\"},\"datePublished\":\"2023-06-19T12:42:45+00:00\",\"dateModified\":\"2023-11-18T01:45:28+00:00\",\"description\":\"Linux Professional Institute (LPI) \u0111\u00e3 ph\u00e1t h\u00e0nh LPIC-3 phi\u00ean b\u1ea3n 3.0. Ch\u00fang t\u00f4i \u0111\u00e3 t\u1eadp h\u1ee3p nh\u1eefng ch\u1ee7 \u0111\u1ec1 v\u00e0 m\u1ee5c ti\u00eau m\u1edbi cho b\u1ea1n.\",\"breadcrumb\":{\"@id\":\"https:\\\/\\\/www.lpi.org\\\/vi\\\/cap-nhat-lpic-3-phien-ban-3-0-cac-yeu-to-quan-trong-nhat\\\/#breadcrumb\"},\"inLanguage\":\"vi-VN\",\"potentialAction\":[{\"@type\":\"ReadAction\",\"target\":[\"https:\\\/\\\/www.lpi.org\\\/vi\\\/cap-nhat-lpic-3-phien-ban-3-0-cac-yeu-to-quan-trong-nhat\\\/\"]}]},{\"@type\":\"BreadcrumbList\",\"@id\":\"https:\\\/\\\/www.lpi.org\\\/vi\\\/cap-nhat-lpic-3-phien-ban-3-0-cac-yeu-to-quan-trong-nhat\\\/#breadcrumb\",\"itemListElement\":[{\"@type\":\"ListItem\",\"position\":1,\"name\":\"Home\",\"item\":\"https:\\\/\\\/www.lpi.org\\\/vi\\\/\"},{\"@type\":\"ListItem\",\"position\":2,\"name\":\"C\u1eadp nh\u1eadt LPIC-3 phi\u00ean b\u1ea3n 3.0 &#8211; C\u00e1c s\u1ef1 ki\u1ec7n quan tr\u1ecdng nh\u1ea5t\"}]},{\"@type\":\"WebSite\",\"@id\":\"https:\\\/\\\/www.lpi.org\\\/vi\\\/#website\",\"url\":\"https:\\\/\\\/www.lpi.org\\\/vi\\\/\",\"name\":\"Linux Professional Institute (LPI)\",\"description\":\"\",\"publisher\":{\"@id\":\"https:\\\/\\\/www.lpi.org\\\/vi\\\/#organization\"},\"potentialAction\":[{\"@type\":\"SearchAction\",\"target\":{\"@type\":\"EntryPoint\",\"urlTemplate\":\"https:\\\/\\\/www.lpi.org\\\/vi\\\/?s={search_term_string}\"},\"query-input\":{\"@type\":\"PropertyValueSpecification\",\"valueRequired\":true,\"valueName\":\"search_term_string\"}}],\"inLanguage\":\"vi-VN\"},{\"@type\":\"Organization\",\"@id\":\"https:\\\/\\\/www.lpi.org\\\/vi\\\/#organization\",\"name\":\"Linux Professional Institute (LPI)\",\"url\":\"https:\\\/\\\/www.lpi.org\\\/vi\\\/\",\"logo\":{\"@type\":\"ImageObject\",\"inLanguage\":\"vi-VN\",\"@id\":\"https:\\\/\\\/www.lpi.org\\\/vi\\\/#\\\/schema\\\/logo\\\/image\\\/\",\"url\":\"https:\\\/\\\/www.lpi.org\\\/wp-content\\\/uploads\\\/2023\\\/04\\\/logo.png\",\"contentUrl\":\"https:\\\/\\\/www.lpi.org\\\/wp-content\\\/uploads\\\/2023\\\/04\\\/logo.png\",\"width\":496,\"height\":175,\"caption\":\"Linux Professional Institute (LPI)\"},\"image\":{\"@id\":\"https:\\\/\\\/www.lpi.org\\\/vi\\\/#\\\/schema\\\/logo\\\/image\\\/\"},\"sameAs\":[\"https:\\\/\\\/www.facebook.com\\\/LPIConnect\",\"https:\\\/\\\/x.com\\\/lpiconnect\",\"https:\\\/\\\/www.linkedin.com\\\/company\\\/35136\",\"https:\\\/\\\/www.instagram.com\\\/lpi_org\\\/\",\"https:\\\/\\\/fosstodon.org\\\/@LPI\"]}]}<\/script>\n<!-- \/ Yoast SEO Premium plugin. -->","yoast_head_json":{"title":"C\u1eadp nh\u1eadt LPIC-3 phi\u00ean b\u1ea3n 3.0 - C\u00e1c s\u1ef1 ki\u1ec7n quan tr\u1ecdng nh\u1ea5t - Linux Professional Institute (LPI)","description":"Linux Professional Institute (LPI) \u0111\u00e3 ph\u00e1t h\u00e0nh LPIC-3 phi\u00ean b\u1ea3n 3.0. Ch\u00fang t\u00f4i \u0111\u00e3 t\u1eadp h\u1ee3p nh\u1eefng ch\u1ee7 \u0111\u1ec1 v\u00e0 m\u1ee5c ti\u00eau m\u1edbi cho b\u1ea1n.","robots":{"index":"index","follow":"follow","max-snippet":"max-snippet:-1","max-image-preview":"max-image-preview:large","max-video-preview":"max-video-preview:-1"},"canonical":"https:\/\/www.lpi.org\/vi\/cap-nhat-lpic-3-phien-ban-3-0-cac-yeu-to-quan-trong-nhat\/","og_locale":"vi_VN","og_type":"article","og_title":"C\u1eadp nh\u1eadt LPIC-3 phi\u00ean b\u1ea3n 3.0 - C\u00e1c s\u1ef1 ki\u1ec7n quan tr\u1ecdng nh\u1ea5t","og_description":"Linux Professional Institute (LPI) \u0111\u00e3 ph\u00e1t h\u00e0nh LPIC-3 phi\u00ean b\u1ea3n 3.0. Ch\u00fang t\u00f4i \u0111\u00e3 t\u1eadp h\u1ee3p nh\u1eefng ch\u1ee7 \u0111\u1ec1 v\u00e0 m\u1ee5c ti\u00eau m\u1edbi cho b\u1ea1n.","og_url":"https:\/\/www.lpi.org\/vi\/cap-nhat-lpic-3-phien-ban-3-0-cac-yeu-to-quan-trong-nhat\/","og_site_name":"Linux Professional Institute (LPI)","article_publisher":"https:\/\/www.facebook.com\/LPIConnect","article_modified_time":"2023-11-18T01:45:28+00:00","twitter_card":"summary_large_image","twitter_site":"@lpiconnect","schema":{"@context":"https:\/\/schema.org","@graph":[{"@type":"WebPage","@id":"https:\/\/www.lpi.org\/vi\/cap-nhat-lpic-3-phien-ban-3-0-cac-yeu-to-quan-trong-nhat\/","url":"https:\/\/www.lpi.org\/vi\/cap-nhat-lpic-3-phien-ban-3-0-cac-yeu-to-quan-trong-nhat\/","name":"C\u1eadp nh\u1eadt LPIC-3 phi\u00ean b\u1ea3n 3.0 - C\u00e1c s\u1ef1 ki\u1ec7n quan tr\u1ecdng nh\u1ea5t - Linux Professional Institute (LPI)","isPartOf":{"@id":"https:\/\/www.lpi.org\/vi\/#website"},"datePublished":"2023-06-19T12:42:45+00:00","dateModified":"2023-11-18T01:45:28+00:00","description":"Linux Professional Institute (LPI) \u0111\u00e3 ph\u00e1t h\u00e0nh LPIC-3 phi\u00ean b\u1ea3n 3.0. Ch\u00fang t\u00f4i \u0111\u00e3 t\u1eadp h\u1ee3p nh\u1eefng ch\u1ee7 \u0111\u1ec1 v\u00e0 m\u1ee5c ti\u00eau m\u1edbi cho b\u1ea1n.","breadcrumb":{"@id":"https:\/\/www.lpi.org\/vi\/cap-nhat-lpic-3-phien-ban-3-0-cac-yeu-to-quan-trong-nhat\/#breadcrumb"},"inLanguage":"vi-VN","potentialAction":[{"@type":"ReadAction","target":["https:\/\/www.lpi.org\/vi\/cap-nhat-lpic-3-phien-ban-3-0-cac-yeu-to-quan-trong-nhat\/"]}]},{"@type":"BreadcrumbList","@id":"https:\/\/www.lpi.org\/vi\/cap-nhat-lpic-3-phien-ban-3-0-cac-yeu-to-quan-trong-nhat\/#breadcrumb","itemListElement":[{"@type":"ListItem","position":1,"name":"Home","item":"https:\/\/www.lpi.org\/vi\/"},{"@type":"ListItem","position":2,"name":"C\u1eadp nh\u1eadt LPIC-3 phi\u00ean b\u1ea3n 3.0 &#8211; C\u00e1c s\u1ef1 ki\u1ec7n quan tr\u1ecdng nh\u1ea5t"}]},{"@type":"WebSite","@id":"https:\/\/www.lpi.org\/vi\/#website","url":"https:\/\/www.lpi.org\/vi\/","name":"Linux Professional Institute (LPI)","description":"","publisher":{"@id":"https:\/\/www.lpi.org\/vi\/#organization"},"potentialAction":[{"@type":"SearchAction","target":{"@type":"EntryPoint","urlTemplate":"https:\/\/www.lpi.org\/vi\/?s={search_term_string}"},"query-input":{"@type":"PropertyValueSpecification","valueRequired":true,"valueName":"search_term_string"}}],"inLanguage":"vi-VN"},{"@type":"Organization","@id":"https:\/\/www.lpi.org\/vi\/#organization","name":"Linux Professional Institute (LPI)","url":"https:\/\/www.lpi.org\/vi\/","logo":{"@type":"ImageObject","inLanguage":"vi-VN","@id":"https:\/\/www.lpi.org\/vi\/#\/schema\/logo\/image\/","url":"https:\/\/www.lpi.org\/wp-content\/uploads\/2023\/04\/logo.png","contentUrl":"https:\/\/www.lpi.org\/wp-content\/uploads\/2023\/04\/logo.png","width":496,"height":175,"caption":"Linux Professional Institute (LPI)"},"image":{"@id":"https:\/\/www.lpi.org\/vi\/#\/schema\/logo\/image\/"},"sameAs":["https:\/\/www.facebook.com\/LPIConnect","https:\/\/x.com\/lpiconnect","https:\/\/www.linkedin.com\/company\/35136","https:\/\/www.instagram.com\/lpi_org\/","https:\/\/fosstodon.org\/@LPI"]}]}},"_links":{"self":[{"href":"https:\/\/www.lpi.org\/vi\/wp-json\/wp\/v2\/pages\/16938","targetHints":{"allow":["GET"]}}],"collection":[{"href":"https:\/\/www.lpi.org\/vi\/wp-json\/wp\/v2\/pages"}],"about":[{"href":"https:\/\/www.lpi.org\/vi\/wp-json\/wp\/v2\/types\/page"}],"author":[{"embeddable":true,"href":"https:\/\/www.lpi.org\/vi\/wp-json\/wp\/v2\/users\/1"}],"replies":[{"embeddable":true,"href":"https:\/\/www.lpi.org\/vi\/wp-json\/wp\/v2\/comments?post=16938"}],"version-history":[{"count":2,"href":"https:\/\/www.lpi.org\/vi\/wp-json\/wp\/v2\/pages\/16938\/revisions"}],"predecessor-version":[{"id":17633,"href":"https:\/\/www.lpi.org\/vi\/wp-json\/wp\/v2\/pages\/16938\/revisions\/17633"}],"wp:attachment":[{"href":"https:\/\/www.lpi.org\/vi\/wp-json\/wp\/v2\/media?parent=16938"}],"curies":[{"name":"wp","href":"https:\/\/api.w.org\/{rel}","templated":true}]}}