{"id":16990,"date":"2023-04-24T06:13:38","date_gmt":"2023-04-24T10:13:38","guid":{"rendered":"https:\/\/www.lpi.org\/thanh-vien\/don-vi-phat-trien-chuyen-nghiep-quy-trinh-va-chinh-sach\/"},"modified":"2023-11-12T01:46:00","modified_gmt":"2023-11-12T06:46:00","slug":"don-vi-phat-trien-chuyen-nghiep-quy-trinh-va-chinh-sach","status":"publish","type":"page","link":"https:\/\/www.lpi.org\/vi\/thanh-vien\/don-vi-phat-trien-chuyen-nghiep-quy-trinh-va-chinh-sach\/","title":{"rendered":"\u0110\u01a1n V\u1ecb Ph\u00e1t Tri\u1ec3n Chuy\u00ean Nghi\u1ec7p &#8211; Quy Tr\u00ecnh v\u00e0 Ch\u00ednh S\u00e1ch"},"content":{"rendered":"","protected":false},"excerpt":{"rendered":"","protected":false},"author":1,"featured_media":0,"parent":16898,"menu_order":0,"comment_status":"closed","ping_status":"closed","template":"template-sections.php","meta":{"_acf_changed":false,"footnotes":""},"class_list":["post-16990","page","type-page","status-publish","hentry"],"acf":[],"yoast_head":"<!-- This site is optimized with the Yoast SEO Premium plugin v27.2 (Yoast SEO v27.4) - https:\/\/yoast.com\/product\/yoast-seo-premium-wordpress\/ -->\n<title>\u0110\u01a1n V\u1ecb Ph\u00e1t Tri\u1ec3n Chuy\u00ean Nghi\u1ec7p - Quy Tr\u00ecnh v\u00e0 Ch\u00ednh S\u00e1ch - Linux Professional Institute (LPI)<\/title>\n<meta name=\"description\" content=\"N\u1ebfu ch\u1ee9ng ch\u1ec9 LPI c\u1ee7a b\u1ea1n kh\u00f4ng c\u00f2n hi\u1ec7u l\u1ef1c sau 5 n\u0103m, b\u1ea1n c\u00f3 th\u1ec3 thi l\u1ea1i, \u0111\u1ea1t \u0111\u01b0\u1ee3c ch\u1ee9ng ch\u1ec9 cao c\u1ea5p h\u01a1n ho\u1eb7c tr\u1edf th\u00e0nh th\u00e0nh vi\u00ean v\u00e0 nh\u1eadn PDUs.\" \/>\n<meta name=\"robots\" content=\"index, follow, max-snippet:-1, max-image-preview:large, max-video-preview:-1\" \/>\n<link rel=\"canonical\" href=\"https:\/\/www.lpi.org\/vi\/thanh-vien\/don-vi-phat-trien-chuyen-nghiep-quy-trinh-va-chinh-sach\/\" \/>\n<meta property=\"og:locale\" content=\"vi_VN\" \/>\n<meta property=\"og:type\" content=\"article\" \/>\n<meta property=\"og:title\" content=\"\u0110\u01a1n V\u1ecb Ph\u00e1t Tri\u1ec3n Chuy\u00ean Nghi\u1ec7p - Quy Tr\u00ecnh v\u00e0 Ch\u00ednh S\u00e1ch\" \/>\n<meta property=\"og:description\" content=\"N\u1ebfu ch\u1ee9ng ch\u1ec9 LPI c\u1ee7a b\u1ea1n kh\u00f4ng c\u00f2n hi\u1ec7u l\u1ef1c sau 5 n\u0103m, b\u1ea1n c\u00f3 th\u1ec3 thi l\u1ea1i, \u0111\u1ea1t \u0111\u01b0\u1ee3c ch\u1ee9ng ch\u1ec9 cao c\u1ea5p h\u01a1n ho\u1eb7c tr\u1edf th\u00e0nh th\u00e0nh vi\u00ean v\u00e0 nh\u1eadn PDUs.\" \/>\n<meta property=\"og:url\" content=\"https:\/\/www.lpi.org\/vi\/thanh-vien\/don-vi-phat-trien-chuyen-nghiep-quy-trinh-va-chinh-sach\/\" \/>\n<meta property=\"og:site_name\" content=\"Linux Professional Institute (LPI)\" \/>\n<meta property=\"article:publisher\" content=\"https:\/\/www.facebook.com\/LPIConnect\" \/>\n<meta property=\"article:modified_time\" content=\"2023-11-12T06:46:00+00:00\" \/>\n<meta name=\"twitter:card\" content=\"summary_large_image\" \/>\n<meta name=\"twitter:site\" content=\"@lpiconnect\" \/>\n<script type=\"application\/ld+json\" class=\"yoast-schema-graph\">{\"@context\":\"https:\\\/\\\/schema.org\",\"@graph\":[{\"@type\":\"WebPage\",\"@id\":\"https:\\\/\\\/www.lpi.org\\\/vi\\\/thanh-vien\\\/don-vi-phat-trien-chuyen-nghiep-quy-trinh-va-chinh-sach\\\/\",\"url\":\"https:\\\/\\\/www.lpi.org\\\/vi\\\/thanh-vien\\\/don-vi-phat-trien-chuyen-nghiep-quy-trinh-va-chinh-sach\\\/\",\"name\":\"\u0110\u01a1n V\u1ecb Ph\u00e1t Tri\u1ec3n Chuy\u00ean Nghi\u1ec7p - Quy Tr\u00ecnh v\u00e0 Ch\u00ednh S\u00e1ch - Linux Professional Institute (LPI)\",\"isPartOf\":{\"@id\":\"https:\\\/\\\/www.lpi.org\\\/vi\\\/#website\"},\"datePublished\":\"2023-04-24T10:13:38+00:00\",\"dateModified\":\"2023-11-12T06:46:00+00:00\",\"description\":\"N\u1ebfu ch\u1ee9ng ch\u1ec9 LPI c\u1ee7a b\u1ea1n kh\u00f4ng c\u00f2n hi\u1ec7u l\u1ef1c sau 5 n\u0103m, b\u1ea1n c\u00f3 th\u1ec3 thi l\u1ea1i, \u0111\u1ea1t \u0111\u01b0\u1ee3c ch\u1ee9ng ch\u1ec9 cao c\u1ea5p h\u01a1n ho\u1eb7c tr\u1edf th\u00e0nh th\u00e0nh vi\u00ean v\u00e0 nh\u1eadn PDUs.\",\"breadcrumb\":{\"@id\":\"https:\\\/\\\/www.lpi.org\\\/vi\\\/thanh-vien\\\/don-vi-phat-trien-chuyen-nghiep-quy-trinh-va-chinh-sach\\\/#breadcrumb\"},\"inLanguage\":\"vi-VN\",\"potentialAction\":[{\"@type\":\"ReadAction\",\"target\":[\"https:\\\/\\\/www.lpi.org\\\/vi\\\/thanh-vien\\\/don-vi-phat-trien-chuyen-nghiep-quy-trinh-va-chinh-sach\\\/\"]}]},{\"@type\":\"BreadcrumbList\",\"@id\":\"https:\\\/\\\/www.lpi.org\\\/vi\\\/thanh-vien\\\/don-vi-phat-trien-chuyen-nghiep-quy-trinh-va-chinh-sach\\\/#breadcrumb\",\"itemListElement\":[{\"@type\":\"ListItem\",\"position\":1,\"name\":\"Home\",\"item\":\"https:\\\/\\\/www.lpi.org\\\/vi\\\/\"},{\"@type\":\"ListItem\",\"position\":2,\"name\":\"Th\u00e0nh vi\u00ean\",\"item\":\"https:\\\/\\\/www.lpi.org\\\/vi\\\/thanh-vien\\\/\"},{\"@type\":\"ListItem\",\"position\":3,\"name\":\"\u0110\u01a1n V\u1ecb Ph\u00e1t Tri\u1ec3n Chuy\u00ean Nghi\u1ec7p &#8211; Quy Tr\u00ecnh v\u00e0 Ch\u00ednh S\u00e1ch\"}]},{\"@type\":\"WebSite\",\"@id\":\"https:\\\/\\\/www.lpi.org\\\/vi\\\/#website\",\"url\":\"https:\\\/\\\/www.lpi.org\\\/vi\\\/\",\"name\":\"Linux Professional Institute (LPI)\",\"description\":\"\",\"publisher\":{\"@id\":\"https:\\\/\\\/www.lpi.org\\\/vi\\\/#organization\"},\"potentialAction\":[{\"@type\":\"SearchAction\",\"target\":{\"@type\":\"EntryPoint\",\"urlTemplate\":\"https:\\\/\\\/www.lpi.org\\\/vi\\\/?s={search_term_string}\"},\"query-input\":{\"@type\":\"PropertyValueSpecification\",\"valueRequired\":true,\"valueName\":\"search_term_string\"}}],\"inLanguage\":\"vi-VN\"},{\"@type\":\"Organization\",\"@id\":\"https:\\\/\\\/www.lpi.org\\\/vi\\\/#organization\",\"name\":\"Linux Professional Institute (LPI)\",\"url\":\"https:\\\/\\\/www.lpi.org\\\/vi\\\/\",\"logo\":{\"@type\":\"ImageObject\",\"inLanguage\":\"vi-VN\",\"@id\":\"https:\\\/\\\/www.lpi.org\\\/vi\\\/#\\\/schema\\\/logo\\\/image\\\/\",\"url\":\"https:\\\/\\\/www.lpi.org\\\/wp-content\\\/uploads\\\/2023\\\/04\\\/logo.png\",\"contentUrl\":\"https:\\\/\\\/www.lpi.org\\\/wp-content\\\/uploads\\\/2023\\\/04\\\/logo.png\",\"width\":496,\"height\":175,\"caption\":\"Linux Professional Institute (LPI)\"},\"image\":{\"@id\":\"https:\\\/\\\/www.lpi.org\\\/vi\\\/#\\\/schema\\\/logo\\\/image\\\/\"},\"sameAs\":[\"https:\\\/\\\/www.facebook.com\\\/LPIConnect\",\"https:\\\/\\\/x.com\\\/lpiconnect\",\"https:\\\/\\\/www.linkedin.com\\\/company\\\/35136\",\"https:\\\/\\\/www.instagram.com\\\/lpi_org\\\/\",\"https:\\\/\\\/fosstodon.org\\\/@LPI\"]}]}<\/script>\n<!-- \/ Yoast SEO Premium plugin. -->","yoast_head_json":{"title":"\u0110\u01a1n V\u1ecb Ph\u00e1t Tri\u1ec3n Chuy\u00ean Nghi\u1ec7p - Quy Tr\u00ecnh v\u00e0 Ch\u00ednh S\u00e1ch - Linux Professional Institute (LPI)","description":"N\u1ebfu ch\u1ee9ng ch\u1ec9 LPI c\u1ee7a b\u1ea1n kh\u00f4ng c\u00f2n hi\u1ec7u l\u1ef1c sau 5 n\u0103m, b\u1ea1n c\u00f3 th\u1ec3 thi l\u1ea1i, \u0111\u1ea1t \u0111\u01b0\u1ee3c ch\u1ee9ng ch\u1ec9 cao c\u1ea5p h\u01a1n ho\u1eb7c tr\u1edf th\u00e0nh th\u00e0nh vi\u00ean v\u00e0 nh\u1eadn PDUs.","robots":{"index":"index","follow":"follow","max-snippet":"max-snippet:-1","max-image-preview":"max-image-preview:large","max-video-preview":"max-video-preview:-1"},"canonical":"https:\/\/www.lpi.org\/vi\/thanh-vien\/don-vi-phat-trien-chuyen-nghiep-quy-trinh-va-chinh-sach\/","og_locale":"vi_VN","og_type":"article","og_title":"\u0110\u01a1n V\u1ecb Ph\u00e1t Tri\u1ec3n Chuy\u00ean Nghi\u1ec7p - Quy Tr\u00ecnh v\u00e0 Ch\u00ednh S\u00e1ch","og_description":"N\u1ebfu ch\u1ee9ng ch\u1ec9 LPI c\u1ee7a b\u1ea1n kh\u00f4ng c\u00f2n hi\u1ec7u l\u1ef1c sau 5 n\u0103m, b\u1ea1n c\u00f3 th\u1ec3 thi l\u1ea1i, \u0111\u1ea1t \u0111\u01b0\u1ee3c ch\u1ee9ng ch\u1ec9 cao c\u1ea5p h\u01a1n ho\u1eb7c tr\u1edf th\u00e0nh th\u00e0nh vi\u00ean v\u00e0 nh\u1eadn PDUs.","og_url":"https:\/\/www.lpi.org\/vi\/thanh-vien\/don-vi-phat-trien-chuyen-nghiep-quy-trinh-va-chinh-sach\/","og_site_name":"Linux Professional Institute (LPI)","article_publisher":"https:\/\/www.facebook.com\/LPIConnect","article_modified_time":"2023-11-12T06:46:00+00:00","twitter_card":"summary_large_image","twitter_site":"@lpiconnect","schema":{"@context":"https:\/\/schema.org","@graph":[{"@type":"WebPage","@id":"https:\/\/www.lpi.org\/vi\/thanh-vien\/don-vi-phat-trien-chuyen-nghiep-quy-trinh-va-chinh-sach\/","url":"https:\/\/www.lpi.org\/vi\/thanh-vien\/don-vi-phat-trien-chuyen-nghiep-quy-trinh-va-chinh-sach\/","name":"\u0110\u01a1n V\u1ecb Ph\u00e1t Tri\u1ec3n Chuy\u00ean Nghi\u1ec7p - Quy Tr\u00ecnh v\u00e0 Ch\u00ednh S\u00e1ch - Linux Professional Institute (LPI)","isPartOf":{"@id":"https:\/\/www.lpi.org\/vi\/#website"},"datePublished":"2023-04-24T10:13:38+00:00","dateModified":"2023-11-12T06:46:00+00:00","description":"N\u1ebfu ch\u1ee9ng ch\u1ec9 LPI c\u1ee7a b\u1ea1n kh\u00f4ng c\u00f2n hi\u1ec7u l\u1ef1c sau 5 n\u0103m, b\u1ea1n c\u00f3 th\u1ec3 thi l\u1ea1i, \u0111\u1ea1t \u0111\u01b0\u1ee3c ch\u1ee9ng ch\u1ec9 cao c\u1ea5p h\u01a1n ho\u1eb7c tr\u1edf th\u00e0nh th\u00e0nh vi\u00ean v\u00e0 nh\u1eadn PDUs.","breadcrumb":{"@id":"https:\/\/www.lpi.org\/vi\/thanh-vien\/don-vi-phat-trien-chuyen-nghiep-quy-trinh-va-chinh-sach\/#breadcrumb"},"inLanguage":"vi-VN","potentialAction":[{"@type":"ReadAction","target":["https:\/\/www.lpi.org\/vi\/thanh-vien\/don-vi-phat-trien-chuyen-nghiep-quy-trinh-va-chinh-sach\/"]}]},{"@type":"BreadcrumbList","@id":"https:\/\/www.lpi.org\/vi\/thanh-vien\/don-vi-phat-trien-chuyen-nghiep-quy-trinh-va-chinh-sach\/#breadcrumb","itemListElement":[{"@type":"ListItem","position":1,"name":"Home","item":"https:\/\/www.lpi.org\/vi\/"},{"@type":"ListItem","position":2,"name":"Th\u00e0nh vi\u00ean","item":"https:\/\/www.lpi.org\/vi\/thanh-vien\/"},{"@type":"ListItem","position":3,"name":"\u0110\u01a1n V\u1ecb Ph\u00e1t Tri\u1ec3n Chuy\u00ean Nghi\u1ec7p &#8211; Quy Tr\u00ecnh v\u00e0 Ch\u00ednh S\u00e1ch"}]},{"@type":"WebSite","@id":"https:\/\/www.lpi.org\/vi\/#website","url":"https:\/\/www.lpi.org\/vi\/","name":"Linux Professional Institute (LPI)","description":"","publisher":{"@id":"https:\/\/www.lpi.org\/vi\/#organization"},"potentialAction":[{"@type":"SearchAction","target":{"@type":"EntryPoint","urlTemplate":"https:\/\/www.lpi.org\/vi\/?s={search_term_string}"},"query-input":{"@type":"PropertyValueSpecification","valueRequired":true,"valueName":"search_term_string"}}],"inLanguage":"vi-VN"},{"@type":"Organization","@id":"https:\/\/www.lpi.org\/vi\/#organization","name":"Linux Professional Institute (LPI)","url":"https:\/\/www.lpi.org\/vi\/","logo":{"@type":"ImageObject","inLanguage":"vi-VN","@id":"https:\/\/www.lpi.org\/vi\/#\/schema\/logo\/image\/","url":"https:\/\/www.lpi.org\/wp-content\/uploads\/2023\/04\/logo.png","contentUrl":"https:\/\/www.lpi.org\/wp-content\/uploads\/2023\/04\/logo.png","width":496,"height":175,"caption":"Linux Professional Institute (LPI)"},"image":{"@id":"https:\/\/www.lpi.org\/vi\/#\/schema\/logo\/image\/"},"sameAs":["https:\/\/www.facebook.com\/LPIConnect","https:\/\/x.com\/lpiconnect","https:\/\/www.linkedin.com\/company\/35136","https:\/\/www.instagram.com\/lpi_org\/","https:\/\/fosstodon.org\/@LPI"]}]}},"_links":{"self":[{"href":"https:\/\/www.lpi.org\/vi\/wp-json\/wp\/v2\/pages\/16990","targetHints":{"allow":["GET"]}}],"collection":[{"href":"https:\/\/www.lpi.org\/vi\/wp-json\/wp\/v2\/pages"}],"about":[{"href":"https:\/\/www.lpi.org\/vi\/wp-json\/wp\/v2\/types\/page"}],"author":[{"embeddable":true,"href":"https:\/\/www.lpi.org\/vi\/wp-json\/wp\/v2\/users\/1"}],"replies":[{"embeddable":true,"href":"https:\/\/www.lpi.org\/vi\/wp-json\/wp\/v2\/comments?post=16990"}],"version-history":[{"count":1,"href":"https:\/\/www.lpi.org\/vi\/wp-json\/wp\/v2\/pages\/16990\/revisions"}],"predecessor-version":[{"id":17626,"href":"https:\/\/www.lpi.org\/vi\/wp-json\/wp\/v2\/pages\/16990\/revisions\/17626"}],"up":[{"embeddable":true,"href":"https:\/\/www.lpi.org\/vi\/wp-json\/wp\/v2\/pages\/16898"}],"wp:attachment":[{"href":"https:\/\/www.lpi.org\/vi\/wp-json\/wp\/v2\/media?parent=16990"}],"curies":[{"name":"wp","href":"https:\/\/api.w.org\/{rel}","templated":true}]}}