{"id":16998,"date":"2023-04-06T09:41:05","date_gmt":"2023-04-06T13:41:05","guid":{"rendered":"https:\/\/www.lpi.org\/ket-noi-voi-chung-toi\/"},"modified":"2023-11-12T01:57:10","modified_gmt":"2023-11-12T06:57:10","slug":"ket-noi-voi-chung-toi","status":"publish","type":"page","link":"https:\/\/www.lpi.org\/vi\/ket-noi-voi-chung-toi\/","title":{"rendered":"K\u1ebft n\u1ed1i V\u1edbi Ch\u00fang t\u00f4i"},"content":{"rendered":"","protected":false},"excerpt":{"rendered":"","protected":false},"author":1,"featured_media":0,"parent":0,"menu_order":0,"comment_status":"closed","ping_status":"closed","template":"template-sections.php","meta":{"_acf_changed":false,"footnotes":""},"class_list":["post-16998","page","type-page","status-publish","hentry"],"acf":[],"yoast_head":"<!-- This site is optimized with the Yoast SEO Premium plugin v27.2 (Yoast SEO v27.3) - https:\/\/yoast.com\/product\/yoast-seo-premium-wordpress\/ -->\n<title>K\u1ebft n\u1ed1i V\u1edbi Ch\u00fang t\u00f4i - Linux Professional Institute (LPI)<\/title>\n<meta name=\"description\" content=\"Lu\u00f4n k\u1ebft n\u1ed1i v\u1edbi LPI v\u00e0 nh\u1eadn th\u00f4ng tin tin t\u1ee9c, th\u1ee7 thu\u1eadt, c\u00e1c c\u1eadp nh\u1eadt ch\u1ee9ng ch\u1ec9, s\u1ef1 ki\u1ec7n m\u1edbi nh\u1ea5t, c\u0169ng nh\u01b0 c\u00e1c \u01b0u \u0111\u00e3i v\u00e0 kh\u1ea3o s\u00e1t c\u1ed9ng \u0111\u1ed3ng \u0111\u1eb7c bi\u1ec7t.\" \/>\n<meta name=\"robots\" content=\"index, follow, max-snippet:-1, max-image-preview:large, max-video-preview:-1\" \/>\n<link rel=\"canonical\" href=\"https:\/\/www.lpi.org\/vi\/ket-noi-voi-chung-toi\/\" \/>\n<meta property=\"og:locale\" content=\"vi_VN\" \/>\n<meta property=\"og:type\" content=\"article\" \/>\n<meta property=\"og:title\" content=\"K\u1ebft n\u1ed1i V\u1edbi Ch\u00fang t\u00f4i\" \/>\n<meta property=\"og:description\" content=\"Lu\u00f4n k\u1ebft n\u1ed1i v\u1edbi LPI v\u00e0 nh\u1eadn th\u00f4ng tin tin t\u1ee9c, th\u1ee7 thu\u1eadt, c\u00e1c c\u1eadp nh\u1eadt ch\u1ee9ng ch\u1ec9, s\u1ef1 ki\u1ec7n m\u1edbi nh\u1ea5t, c\u0169ng nh\u01b0 c\u00e1c \u01b0u \u0111\u00e3i v\u00e0 kh\u1ea3o s\u00e1t c\u1ed9ng \u0111\u1ed3ng \u0111\u1eb7c bi\u1ec7t.\" \/>\n<meta property=\"og:url\" content=\"https:\/\/www.lpi.org\/vi\/ket-noi-voi-chung-toi\/\" \/>\n<meta property=\"og:site_name\" content=\"Linux Professional Institute (LPI)\" \/>\n<meta property=\"article:publisher\" content=\"https:\/\/www.facebook.com\/LPIConnect\" \/>\n<meta property=\"article:modified_time\" content=\"2023-11-12T06:57:10+00:00\" \/>\n<meta name=\"twitter:card\" content=\"summary_large_image\" \/>\n<meta name=\"twitter:site\" content=\"@lpiconnect\" \/>\n<script type=\"application\/ld+json\" class=\"yoast-schema-graph\">{\"@context\":\"https:\\\/\\\/schema.org\",\"@graph\":[{\"@type\":\"WebPage\",\"@id\":\"https:\\\/\\\/www.lpi.org\\\/vi\\\/ket-noi-voi-chung-toi\\\/\",\"url\":\"https:\\\/\\\/www.lpi.org\\\/vi\\\/ket-noi-voi-chung-toi\\\/\",\"name\":\"K\u1ebft n\u1ed1i V\u1edbi Ch\u00fang t\u00f4i - Linux Professional Institute (LPI)\",\"isPartOf\":{\"@id\":\"https:\\\/\\\/www.lpi.org\\\/vi\\\/#website\"},\"datePublished\":\"2023-04-06T13:41:05+00:00\",\"dateModified\":\"2023-11-12T06:57:10+00:00\",\"description\":\"Lu\u00f4n k\u1ebft n\u1ed1i v\u1edbi LPI v\u00e0 nh\u1eadn th\u00f4ng tin tin t\u1ee9c, th\u1ee7 thu\u1eadt, c\u00e1c c\u1eadp nh\u1eadt ch\u1ee9ng ch\u1ec9, s\u1ef1 ki\u1ec7n m\u1edbi nh\u1ea5t, c\u0169ng nh\u01b0 c\u00e1c \u01b0u \u0111\u00e3i v\u00e0 kh\u1ea3o s\u00e1t c\u1ed9ng \u0111\u1ed3ng \u0111\u1eb7c bi\u1ec7t.\",\"breadcrumb\":{\"@id\":\"https:\\\/\\\/www.lpi.org\\\/vi\\\/ket-noi-voi-chung-toi\\\/#breadcrumb\"},\"inLanguage\":\"vi-VN\",\"potentialAction\":[{\"@type\":\"ReadAction\",\"target\":[\"https:\\\/\\\/www.lpi.org\\\/vi\\\/ket-noi-voi-chung-toi\\\/\"]}]},{\"@type\":\"BreadcrumbList\",\"@id\":\"https:\\\/\\\/www.lpi.org\\\/vi\\\/ket-noi-voi-chung-toi\\\/#breadcrumb\",\"itemListElement\":[{\"@type\":\"ListItem\",\"position\":1,\"name\":\"Home\",\"item\":\"https:\\\/\\\/www.lpi.org\\\/vi\\\/\"},{\"@type\":\"ListItem\",\"position\":2,\"name\":\"K\u1ebft n\u1ed1i V\u1edbi Ch\u00fang t\u00f4i\"}]},{\"@type\":\"WebSite\",\"@id\":\"https:\\\/\\\/www.lpi.org\\\/vi\\\/#website\",\"url\":\"https:\\\/\\\/www.lpi.org\\\/vi\\\/\",\"name\":\"Linux Professional Institute (LPI)\",\"description\":\"\",\"publisher\":{\"@id\":\"https:\\\/\\\/www.lpi.org\\\/vi\\\/#organization\"},\"potentialAction\":[{\"@type\":\"SearchAction\",\"target\":{\"@type\":\"EntryPoint\",\"urlTemplate\":\"https:\\\/\\\/www.lpi.org\\\/vi\\\/?s={search_term_string}\"},\"query-input\":{\"@type\":\"PropertyValueSpecification\",\"valueRequired\":true,\"valueName\":\"search_term_string\"}}],\"inLanguage\":\"vi-VN\"},{\"@type\":\"Organization\",\"@id\":\"https:\\\/\\\/www.lpi.org\\\/vi\\\/#organization\",\"name\":\"Linux Professional Institute (LPI)\",\"url\":\"https:\\\/\\\/www.lpi.org\\\/vi\\\/\",\"logo\":{\"@type\":\"ImageObject\",\"inLanguage\":\"vi-VN\",\"@id\":\"https:\\\/\\\/www.lpi.org\\\/vi\\\/#\\\/schema\\\/logo\\\/image\\\/\",\"url\":\"https:\\\/\\\/www.lpi.org\\\/wp-content\\\/uploads\\\/2023\\\/04\\\/logo.png\",\"contentUrl\":\"https:\\\/\\\/www.lpi.org\\\/wp-content\\\/uploads\\\/2023\\\/04\\\/logo.png\",\"width\":496,\"height\":175,\"caption\":\"Linux Professional Institute (LPI)\"},\"image\":{\"@id\":\"https:\\\/\\\/www.lpi.org\\\/vi\\\/#\\\/schema\\\/logo\\\/image\\\/\"},\"sameAs\":[\"https:\\\/\\\/www.facebook.com\\\/LPIConnect\",\"https:\\\/\\\/x.com\\\/lpiconnect\",\"https:\\\/\\\/www.linkedin.com\\\/company\\\/35136\",\"https:\\\/\\\/www.instagram.com\\\/lpi_org\\\/\",\"https:\\\/\\\/fosstodon.org\\\/@LPI\"]}]}<\/script>\n<!-- \/ Yoast SEO Premium plugin. -->","yoast_head_json":{"title":"K\u1ebft n\u1ed1i V\u1edbi Ch\u00fang t\u00f4i - Linux Professional Institute (LPI)","description":"Lu\u00f4n k\u1ebft n\u1ed1i v\u1edbi LPI v\u00e0 nh\u1eadn th\u00f4ng tin tin t\u1ee9c, th\u1ee7 thu\u1eadt, c\u00e1c c\u1eadp nh\u1eadt ch\u1ee9ng ch\u1ec9, s\u1ef1 ki\u1ec7n m\u1edbi nh\u1ea5t, c\u0169ng nh\u01b0 c\u00e1c \u01b0u \u0111\u00e3i v\u00e0 kh\u1ea3o s\u00e1t c\u1ed9ng \u0111\u1ed3ng \u0111\u1eb7c bi\u1ec7t.","robots":{"index":"index","follow":"follow","max-snippet":"max-snippet:-1","max-image-preview":"max-image-preview:large","max-video-preview":"max-video-preview:-1"},"canonical":"https:\/\/www.lpi.org\/vi\/ket-noi-voi-chung-toi\/","og_locale":"vi_VN","og_type":"article","og_title":"K\u1ebft n\u1ed1i V\u1edbi Ch\u00fang t\u00f4i","og_description":"Lu\u00f4n k\u1ebft n\u1ed1i v\u1edbi LPI v\u00e0 nh\u1eadn th\u00f4ng tin tin t\u1ee9c, th\u1ee7 thu\u1eadt, c\u00e1c c\u1eadp nh\u1eadt ch\u1ee9ng ch\u1ec9, s\u1ef1 ki\u1ec7n m\u1edbi nh\u1ea5t, c\u0169ng nh\u01b0 c\u00e1c \u01b0u \u0111\u00e3i v\u00e0 kh\u1ea3o s\u00e1t c\u1ed9ng \u0111\u1ed3ng \u0111\u1eb7c bi\u1ec7t.","og_url":"https:\/\/www.lpi.org\/vi\/ket-noi-voi-chung-toi\/","og_site_name":"Linux Professional Institute (LPI)","article_publisher":"https:\/\/www.facebook.com\/LPIConnect","article_modified_time":"2023-11-12T06:57:10+00:00","twitter_card":"summary_large_image","twitter_site":"@lpiconnect","schema":{"@context":"https:\/\/schema.org","@graph":[{"@type":"WebPage","@id":"https:\/\/www.lpi.org\/vi\/ket-noi-voi-chung-toi\/","url":"https:\/\/www.lpi.org\/vi\/ket-noi-voi-chung-toi\/","name":"K\u1ebft n\u1ed1i V\u1edbi Ch\u00fang t\u00f4i - Linux Professional Institute (LPI)","isPartOf":{"@id":"https:\/\/www.lpi.org\/vi\/#website"},"datePublished":"2023-04-06T13:41:05+00:00","dateModified":"2023-11-12T06:57:10+00:00","description":"Lu\u00f4n k\u1ebft n\u1ed1i v\u1edbi LPI v\u00e0 nh\u1eadn th\u00f4ng tin tin t\u1ee9c, th\u1ee7 thu\u1eadt, c\u00e1c c\u1eadp nh\u1eadt ch\u1ee9ng ch\u1ec9, s\u1ef1 ki\u1ec7n m\u1edbi nh\u1ea5t, c\u0169ng nh\u01b0 c\u00e1c \u01b0u \u0111\u00e3i v\u00e0 kh\u1ea3o s\u00e1t c\u1ed9ng \u0111\u1ed3ng \u0111\u1eb7c bi\u1ec7t.","breadcrumb":{"@id":"https:\/\/www.lpi.org\/vi\/ket-noi-voi-chung-toi\/#breadcrumb"},"inLanguage":"vi-VN","potentialAction":[{"@type":"ReadAction","target":["https:\/\/www.lpi.org\/vi\/ket-noi-voi-chung-toi\/"]}]},{"@type":"BreadcrumbList","@id":"https:\/\/www.lpi.org\/vi\/ket-noi-voi-chung-toi\/#breadcrumb","itemListElement":[{"@type":"ListItem","position":1,"name":"Home","item":"https:\/\/www.lpi.org\/vi\/"},{"@type":"ListItem","position":2,"name":"K\u1ebft n\u1ed1i V\u1edbi Ch\u00fang t\u00f4i"}]},{"@type":"WebSite","@id":"https:\/\/www.lpi.org\/vi\/#website","url":"https:\/\/www.lpi.org\/vi\/","name":"Linux Professional Institute (LPI)","description":"","publisher":{"@id":"https:\/\/www.lpi.org\/vi\/#organization"},"potentialAction":[{"@type":"SearchAction","target":{"@type":"EntryPoint","urlTemplate":"https:\/\/www.lpi.org\/vi\/?s={search_term_string}"},"query-input":{"@type":"PropertyValueSpecification","valueRequired":true,"valueName":"search_term_string"}}],"inLanguage":"vi-VN"},{"@type":"Organization","@id":"https:\/\/www.lpi.org\/vi\/#organization","name":"Linux Professional Institute (LPI)","url":"https:\/\/www.lpi.org\/vi\/","logo":{"@type":"ImageObject","inLanguage":"vi-VN","@id":"https:\/\/www.lpi.org\/vi\/#\/schema\/logo\/image\/","url":"https:\/\/www.lpi.org\/wp-content\/uploads\/2023\/04\/logo.png","contentUrl":"https:\/\/www.lpi.org\/wp-content\/uploads\/2023\/04\/logo.png","width":496,"height":175,"caption":"Linux Professional Institute (LPI)"},"image":{"@id":"https:\/\/www.lpi.org\/vi\/#\/schema\/logo\/image\/"},"sameAs":["https:\/\/www.facebook.com\/LPIConnect","https:\/\/x.com\/lpiconnect","https:\/\/www.linkedin.com\/company\/35136","https:\/\/www.instagram.com\/lpi_org\/","https:\/\/fosstodon.org\/@LPI"]}]}},"_links":{"self":[{"href":"https:\/\/www.lpi.org\/vi\/wp-json\/wp\/v2\/pages\/16998","targetHints":{"allow":["GET"]}}],"collection":[{"href":"https:\/\/www.lpi.org\/vi\/wp-json\/wp\/v2\/pages"}],"about":[{"href":"https:\/\/www.lpi.org\/vi\/wp-json\/wp\/v2\/types\/page"}],"author":[{"embeddable":true,"href":"https:\/\/www.lpi.org\/vi\/wp-json\/wp\/v2\/users\/1"}],"replies":[{"embeddable":true,"href":"https:\/\/www.lpi.org\/vi\/wp-json\/wp\/v2\/comments?post=16998"}],"version-history":[{"count":2,"href":"https:\/\/www.lpi.org\/vi\/wp-json\/wp\/v2\/pages\/16998\/revisions"}],"predecessor-version":[{"id":19651,"href":"https:\/\/www.lpi.org\/vi\/wp-json\/wp\/v2\/pages\/16998\/revisions\/19651"}],"wp:attachment":[{"href":"https:\/\/www.lpi.org\/vi\/wp-json\/wp\/v2\/media?parent=16998"}],"curies":[{"name":"wp","href":"https:\/\/api.w.org\/{rel}","templated":true}]}}