{"id":17001,"date":"2023-04-24T06:08:37","date_gmt":"2023-04-24T10:08:37","guid":{"rendered":"https:\/\/www.lpi.org\/thanh-vien\/thoa-thuan-thanh-vien\/"},"modified":"2023-10-06T02:46:26","modified_gmt":"2023-10-06T06:46:26","slug":"thoa-thuan-thanh-vien","status":"publish","type":"page","link":"https:\/\/www.lpi.org\/vi\/thanh-vien\/thoa-thuan-thanh-vien\/","title":{"rendered":"Th\u1ecfa thu\u1eadn th\u00e0nh vi\u00ean"},"content":{"rendered":"<p>Th\u1ecfa thu\u1eadn th\u00e0nh vi\u00ean Linux Professional Institute (&#8220;B\u1ea3n th\u1ecfa thu\u1eadn&#8221;)<\/p>\n<p>Phi\u00ean b\u1ea3n 1.0<\/p>\n<p>\u0110\u00e2y l\u00e0 c\u00e1c \u0111i\u1ec1u kho\u1ea3n v\u00e0 \u0111i\u1ec1u ki\u1ec7n qu\u1ea3n l\u00fd t\u01b0 c\u00e1ch th\u00e0nh vi\u00ean c\u1ee7a b\u1ea1n trong Linux Professional Institute (&#8220;LPI&#8221;). D\u1ef1a tr\u00ean \u0111\u01a1n \u0111\u0103ng k\u00ed c\u1ee7a b\u1ea1n v\u00e0 s\u1ef1 ch\u1ea5p thu\u1eadn c\u1ee7a LPI, trong su\u1ed1t qu\u00e1 tr\u00ecnh l\u00e0 th\u00e0nh vi\u00ean, b\u1ea1n \u0111\u1ed3ng \u00fd r\u1eb1ng:<\/p>\n<ol>\n<li>B\u1ea1n s\u1ebd tu\u00e2n th\u1ee7 t\u1ea5t c\u1ea3 c\u00e1c <u><a href=\"https:\/\/www.lpi.org\/policies\/\">ch\u00ednh s\u00e1ch<\/a>,<a href=\"https:\/\/www.lpi.org\/bylaws\/\"> quy \u0111\u1ecbnh<\/a>, <a href=\"https:\/\/www.lpi.org\/conduct\/\">quy t\u1eafc \u1ee9ng x\u1eed <\/a><\/u>v\u00e0 c\u00e1c th\u1ee7 t\u1ee5c c\u1ee7a LPI hi\u1ec7n c\u00f3 v\u00e0 c\u00f3 th\u1ec3 \u0111\u01b0\u1ee3c \u0111i\u1ec1u ch\u1ec9nh theo th\u1eddi gian<\/li>\n<li>B\u1ea1n ch\u1ea5p nh\u1eadn r\u1eb1ng H\u1ed9i \u0111\u1ed3ng qu\u1ea3n tr\u1ecb c\u1ee7a LPI ho\u1eb7c c\u01a1 quan \u0111\u1ea1i di\u1ec7n c\u1ee7a h\u1ecd c\u00f3 to\u00e0n quy\u1ec1n quy\u1ebft \u0111\u1ecbnh trong vi\u1ec7c x\u00e1c \u0111\u1ecbnh xem t\u01b0 c\u00e1ch th\u00e0nh vi\u00ean c\u1ee7a b\u1ea1n c\u00f3 \u0111\u1ee7 ti\u00eau chu\u1ea9n so v\u1edbi c\u00e1c <a href=\"https:\/\/www.lpi.org\/bylaws\/\">quy \u0111\u1ecbnh<\/a>, <a href=\"https:\/\/www.lpi.org\/policies\/\">ch\u00ednh s\u00e1ch<\/a>, <a href=\"https:\/\/www.lpi.org\/conduct\/\">quy t\u1eafc \u1ee9ng x\u1eed<\/a>, v\u00e0 c\u00e1c th\u1ee7 t\u1ee5c c\u1ee7a LPI hay kh\u00f4ng.<\/li>\n<li>T\u01b0 c\u00e1ch th\u00e0nh vi\u00ean thu\u1ed9c v\u1ec1 c\u00e1 nh\u00e2n b\u1ea1n v\u00e0 kh\u00f4ng \u0111\u01b0\u1ee3c b\u00e0n giao, b\u00e1n hay chuy\u1ec3n nh\u01b0\u1ee3ng. Th\u1eddi h\u1ea1n v\u1edbi t\u01b0 c\u00e1ch th\u00e0nh vi\u00ean l\u00e0 m\u1ed9t ho\u1eb7c ba n\u0103m, d\u1ef1a v\u00e0o ng\u00e0y b\u1ea1n \u0111\u01b0\u1ee3c ch\u1ea5p nh\u1eadn l\u00e0m th\u00e0nh vi\u00ean v\u00e0 thanh to\u00e1n \u0111\u1ea7y \u0111\u1ee7 chi ph\u00ed.<\/li>\n<li>\u0110\u1ec3 duy tr\u00ec tr\u1ea1ng th\u00e1i l\u00e0 m\u1ed9t th\u00e0nh vi\u00ean LPI v\u00e0 ch\u1ee7 s\u1edf h\u1eefu ch\u1ee9ng ch\u1ec9 \u0111ang ho\u1ea1t \u0111\u1ed9ng, b\u1ea1n ph\u1ea3i:\n<ol>\n<li>\u0111\u1ea1t \u0111\u01b0\u1ee3c ch\u1ee9ng ch\u1ec9 LPI \u0111\u1ee7 \u0111i\u1ec1u ki\u1ec7n trong kho\u1ea3ng th\u1eddi gian gia h\u1ea1n c\u1ee7a ch\u01b0\u01a1ng tr\u00ecnh; ho\u1eb7c<\/li>\n<li>\u0111\u1ea1t \u0111\u01b0\u1ee3c \u0111\u1ee7 s\u1ed1 l\u01b0\u1ee3ng \u0110\u01a1n v\u1ecb ph\u00e1t tri\u1ec3n ngh\u1ec1 nghi\u1ec7p (&#8220;PDUs&#8221;) m\u1ed7i chu k\u00ec ba (3) n\u0103m theo <a href=\"https:\/\/www.lpi.org\/member\/pdu-procedures-and-policies\/\">ch\u00ednh s\u00e1ch LPI PDU<\/a><u>,<\/u> \u0111\u00f4i khi c\u00f3 th\u1ec3 \u0111i\u1ec1u ch\u1ec9nh theo th\u1eddi gian. Theo quy\u1ebft \u0111\u1ecbnh ri\u00eang c\u1ee7a m\u00ecnh, LPI s\u1ebd x\u00e1c \u0111\u1ecbnh t\u00ednh ch\u1ea5t c\u1ee7a c\u00e1c ho\u1ea1t \u0111\u1ed9ng \u0111\u1ee7 \u0111i\u1ec1u ki\u1ec7n cho PDUs v\u00e0 s\u1ed1 l\u01b0\u1ee3ng c\u1ee7a PDUs c\u1ea7n thi\u1ebft \u0111\u1ec3 duy tr\u00ec tr\u1ea1ng th\u00e1i l\u00e0 th\u00e0nh vi\u00ean LPI \u0111ang ho\u1ea1t \u0111\u1ed9ng.<\/li>\n<\/ol>\n<\/li>\n<li>N\u1ebfu duy tr\u00ec tr\u1ea1ng th\u00e1i th\u00e0nh vi\u00ean c\u1ee7a b\u1ea1n th\u00f4ng qua PDUs, b\u1ea1n s\u1ebd g\u1eedi c\u00e1c th\u00e0nh t\u00edch \u0111\u1ee7 \u0111i\u1ec1u ki\u1ec7n cho PDUs c\u0169ng nh\u01b0 b\u1ea5t k\u00ec b\u1eb1ng ch\u1ee9ng ph\u00f9 h\u1ee3p \u0111\u01b0\u1ee3c x\u00e1c \u0111\u1ecbnh theo<a href=\"https:\/\/www.lpi.org\/member\/pdu-procedures-and-policies\/\"> ch\u00ednh s\u00e1ch LPI PDU<\/a>. B\u1ea1n cam k\u1ebft r\u1eb1ng b\u1ea3n g\u1eedi PDU c\u1ee7a b\u1ea1n m\u00f4 t\u1ea3 m\u1ed9t c\u00e1ch ch\u00ednh x\u00e1c v\u00e0 trung th\u1ef1c nh\u1eefng ho\u1ea1t \u0111\u1ed9ng do ch\u00ednh b\u1ea1n th\u1ef1c hi\u1ec7n. N\u1ebfu \u0111\u01b0\u1ee3c y\u00eau c\u1ea7u b\u1edfi LPI, b\u1ea1n s\u1ebd \u0111\u01b0a ra c\u00e1c b\u1eb1ng ch\u1ee9ng th\u00edch h\u1ee3p v\u1ec1 c\u00e1c ho\u1ea1t \u0111\u1ed9ng thu th\u1eadp PDU. T\u1ea5t c\u1ea3 c\u00e1c b\u1ea3n n\u1ed9p PDU c\u00f3 th\u1ec3 ch\u1ecbu s\u1ef1 ki\u1ec3m tra c\u1ee7a LPI b\u1eb1ng c\u00e1ch y\u00eau c\u1ea7u b\u1ea1n cung c\u1ea5p m\u1ed9t s\u1ed1 b\u1eb1ng ch\u1ee9ng b\u1ed5 sung.<\/li>\n<li>B\u1ea1n c\u00f3 th\u1ec3 n\u1ed9p c\u00e1c ho\u1ea1t \u0111\u1ed9ng kh\u00f4ng \u0111\u01b0\u1ee3c li\u1ec7t k\u00ea trong ch\u00ednh s\u00e1ch PDU \u0111\u1ec3 xem x\u00e9t. Vi\u1ec7c ch\u1ea5p thu\u1eadn v\u00e0 ph\u00e2n b\u1ed5 c\u1ee7a PDUs cho c\u00e1c ho\u1ea1t \u0111\u1ed9ng \u0111\u00f3 s\u1ebd \u0111\u01b0\u1ee3c x\u1eed l\u00fd t\u00f9y v\u00e0o m\u1ed7i tr\u01b0\u1eddng h\u1ee3p theo quy\u1ebft \u0111\u1ecbnh c\u1ee7a LPI.<\/li>\n<li>B\u1ea1n xem l\u1ea1i <a href=\"https:\/\/www.lpi.org\/conduct\/\">C\u00e1c Quy t\u1eafc \u0110\u1ea1o \u0111\u1ee9c v\u00e0 \u1ee8ng x\u1eed Ngh\u1ec1 nghi\u1ec7p c\u1ee7a LPI<\/a> (&#8220;Quy t\u1eafc LPI&#8221;) v\u00e0 \u0111\u1ed3ng \u00fd tu\u00e2n theo c\u00e1c quy \u0111\u1ecbnh trong \u0111\u00f3, c\u0169ng c\u00f3 th\u1ec3 \u0111i\u1ec1u ch\u1ec9nh theo th\u1eddi gian. B\u1ea1n \u0111\u1ed3ng \u00fd r\u1eb1ng H\u1ed9i \u0111\u1ed3ng Qu\u1ea3n tr\u1ecb c\u1ee7a LPI v\u1edbi to\u00e0n quy\u1ec1n quy\u1ebft \u0111\u1ecbnh c\u1ee7a m\u00ecnh, c\u00f3 th\u1ec3 nh\u1eadn ra v\u00e0 x\u00e1c \u0111\u1ecbnh c\u00e1c vi ph\u1ea1m quy t\u1eafc c\u1ee7a LPI v\u00e0 ch\u1ec9 \u0111\u1ecbnh c\u00e1c bi\u1ec7n ph\u00e1p k\u1ec9 lu\u1eadt cho c\u00e1c h\u00e0nh vi vi ph\u1ea1m c\u1ee7a b\u1ea1n, v\u00e0 k\u1ec3 c\u1ea3 vi\u1ec7c ch\u1ea5m d\u1ee9t t\u01b0 c\u00e1ch th\u00e0nh vi\u00ean.<\/li>\n<li>B\u1ea1n s\u1ebd tr\u1ea3 m\u1ed9t kho\u1ea3n ph\u00ed th\u00e0nh vi\u00ean t\u01b0\u01a1ng \u1ee9ng v\u1edbi t\u1ec9 l\u1ec7 v\u00e0 ng\u00e0y gia h\u1ea1n do LPI thi\u1ebft l\u1eadp. B\u1ea1n s\u1ebd \u0111\u01b0\u1ee3c th\u00f4ng b\u00e1o b\u1eb1ng v\u0103n b\u1ea3n v\u1ec1 t\u1ea5t c\u1ea3 c\u00e1c kho\u1ea3n ph\u00ed ph\u1ea3i tr\u1ea3 t\u1ed1i thi\u1ec3u m\u1ed9t th\u00e1ng tr\u01b0\u1edbc ng\u00e0y gia h\u1ea1n c\u1ee7a b\u1ea1n. N\u1ebfu b\u1ea1n kh\u00f4ng thanh to\u00e1n trong v\u00f2ng 3 th\u00e1ng k\u1ec3 t\u1eeb ng\u00e0y gia h\u1ea1n m\u1edbi, LPI c\u00f3 th\u1ec3 ch\u1ea5m d\u1ee9t t\u01b0 c\u00e1ch th\u00e0nh vi\u00ean c\u1ee7a b\u1ea1n.<\/li>\n<li>Trong su\u1ed1t giai \u0111o\u1ea1n l\u00e0 th\u00e0nh vi\u00ean b\u1ea1n \u0111\u01b0\u1ee3c c\u1ea5p m\u1ed9t gi\u1ea5y ph\u00e9p c\u00f3 th\u1eddi h\u1ea1n, m\u00e0 kh\u00f4ng b\u1ea3o h\u00e0nh, \u0111\u1ec3 s\u1eed d\u1ee5ng t\u00ean, huy hi\u1ec7u, logo v\u00e0 th\u01b0\u01a1ng hi\u1ec7u LPI \u0111\u00e3 \u0111\u0103ng k\u00ed d\u00e0nh ri\u00eang cho h\u1ed9i vi\u00ean c\u00f9ng c\u00e1c ch\u1ee9ng ch\u1ec9 (&#8220;Nh\u00e3n hi\u1ec7u LPI&#8221;) nh\u1eb1m m\u1ee5c \u0111\u00edch x\u00e1c \u0111\u1ecbnh t\u01b0 c\u00e1ch th\u00e0nh vi\u00ean c\u1ee7a b\u1ea1n trong LPI. B\u1ea1n th\u1eeba nh\u1eadn r\u1eb1ng LPI l\u00e0 ch\u1ee7 s\u1edf h\u1eefu duy nh\u1ea5t c\u1ee7a t\u1ea5t c\u1ea3 t\u00e0i s\u1ea3n tr\u00ed tu\u1ec7 li\u00ean quan \u0111\u1ebfn Nh\u00e3n hi\u1ec7u LPI. B\u1ea1n kh\u00f4ng th\u1ec3 s\u1eeda \u0111\u1ed5i Nh\u00e3n hi\u1ec7u LPI hay s\u1eed d\u1ee5ng ch\u00fang cho b\u1ea5t k\u00ec m\u1ee5c \u0111\u00edch kh\u00e1c ngo\u00e0i vi\u1ec7c x\u00e1c \u0111\u1ecbnh t\u01b0 c\u00e1ch th\u00e0nh vi\u00ean. N\u1ebfu b\u1ea1n l\u1ea1m d\u1ee5ng Nh\u00e3n hi\u1ec7u LPI, \u0111i\u1ec1u n\u00e0y s\u1ebd \u0111\u01b0\u1ee3c xem nh\u01b0 vi ph\u1ea1m Quy t\u1eafc c\u1ee7a LPI v\u00e0 c\u00f3 th\u1ec3 d\u1eabn \u0111\u1ebfn vi\u1ec7c ch\u1ea5m d\u1ee9t t\u01b0 c\u00e1ch th\u00e0nh vi\u00ean c\u1ee7a b\u1ea1n. Sau khi ch\u1ea5m d\u1ee9t, h\u1ee7y b\u1ecf ho\u1eb7c \u0111\u00ecnh ch\u1ec9 quy\u1ec1n t\u01b0 c\u00e1ch th\u00e0nh vi\u00ean, b\u1ea1n ph\u1ea3i ngay l\u1eadp t\u1ee9c ng\u01b0ng s\u1eed d\u1ee5ng nh\u00e3n hi\u1ec7u LPI. B\u1ea1n kh\u00f4ng th\u1ec3 s\u1eed d\u1ee5ng nh\u00e3n hi\u1ec7u LPI d\u01b0\u1edbi b\u1ea5t k\u00ec h\u00ecnh th\u1ee9c \u0111\u1ec3 \u0111\u1ea1i di\u1ec7n cho s\u1ef1 ch\u1ee9ng th\u1ef1c c\u1ee7a ch\u00fang t\u00f4i hay ph\u00ea duy\u1ec7t b\u1ea5t k\u00ec s\u1ea3n ph\u1ea9m ho\u1eb7c d\u1ecbch v\u1ee5 b\u1ea1n \u0111\u1ec1 xu\u1ea5t. B\u1ea1n ch\u1ea5p nh\u1eadn r\u1eb1ng LPI c\u00f3 to\u00e0n quy\u1ec1n ch\u1ea5m d\u1ee9t, h\u1ee7y b\u1ecf, \u0111\u00ecnh ch\u1ec9 ho\u1eb7c r\u00fat l\u1ea1i gi\u1ea5y ph\u00e9p \u0111\u00e3 c\u1ea5p cho b\u1ea1n b\u1ea5t k\u00ec l\u00fac n\u00e0o.<\/li>\n<li>Trang web LPI v\u00e0 ph\u1ea7n m\u1ec1m li\u00ean quan (&#8220;C\u1ed5ng th\u00f4ng tin&#8221;) \u0111\u01b0\u1ee3c cung c\u1ea5p \u0111\u1ec3 gi\u00fap b\u1ea1n ki\u1ec3m tra tr\u1ea1ng th\u00e1i t\u01b0 c\u00e1ch th\u00e0nh vi\u00ean, qu\u1ea3n l\u00fd PDUs c\u1ee7a b\u1ea1n v\u00e0 c\u00e1c ch\u1ee9c n\u0103ng kh\u00e1c c\u00f3 th\u1ec3 \u0111\u01b0\u1ee3c ph\u00e1t tri\u1ec3n. Nh\u1eefng d\u1ecbch v\u1ee5 n\u00e0y \u0111\u01b0\u1ee3c cung c\u1ea5p m\u00e0 kh\u00f4ng c\u00f3 b\u1ea3o h\u00e0nh d\u01b0\u1edbi b\u1ea5t k\u00ec h\u00ecnh th\u1ee9c n\u00e0o. Ngo\u1ea1i tr\u1eeb nh\u1eefng th\u00f4ng tin c\u00e1 nh\u00e2n c\u1ee7a b\u1ea1n ho\u1eb7c c\u00f3 ghi ch\u00fa r\u00f5 r\u00e0ng kh\u00e1c, C\u1ed5ng th\u00f4ng tin v\u00e0 c\u00e1c d\u1eef li\u1ec7u c\u1ee7a n\u00f3 \u0111\u01b0\u1ee3c b\u1ea3o m\u1eadt b\u1edfi b\u1ea3n quy\u1ec1n v\u00e0 kh\u00f4ng \u0111\u01b0\u1ee3c sao ch\u00e9p m\u00e0 kh\u00f4ng c\u00f3 s\u1ef1 cho ph\u00e9p tr\u01b0\u1edbc b\u1eb1ng v\u0103n b\u1ea3n t\u1eeb LPI.<\/li>\n<li>B\u1ea1n s\u1ebd kh\u00f4ng t\u1ef1 m\u00ecnh th\u1ef1c hi\u1ec7n c\u00e1c ho\u1ea1t \u0111\u1ed9ng hay s\u1eed d\u1ee5ng c\u00e1c thi\u1ebft b\u1ecb ho\u1eb7c ph\u1ea7n c\u1ee9ng l\u00e0m gi\u00e1n \u0111o\u1ea1n ho\u1eb7c h\u01b0 h\u1ecfng b\u1ea5t k\u00ec b\u1ed9 ph\u1eadn n\u00e0o c\u1ee7a trang web LPI bao g\u1ed3m c\u1ea3 C\u1ed5ng th\u00f4ng tin. B\u1ea1n c\u00f3 tr\u00e1ch nhi\u1ec7m duy tr\u00ec b\u1ea3o m\u1eadt m\u1eadt kh\u1ea9u v\u00e0 s\u1ebd kh\u00f4ng chia s\u1ebb t\u00e0i kho\u1ea3n c\u1ee7a b\u1ea1n tr\u00ean C\u1ed5ng th\u00f4ng tin v\u1edbi b\u00ean th\u1ee9 ba. T\u1ea5t c\u1ea3 c\u00e1c d\u1eef li\u1ec7u l\u01b0u tr\u1eef tr\u00ean C\u1ed5ng th\u00f4ng tin \u0111\u1ec1u tu\u00e2n theo<a href=\"https:\/\/www.lpi.org\/policies\/#Privacy_Statement\"> Ch\u00ednh s\u00e1ch B\u1ea3o m\u1eadt LPI<\/a><\/li>\n<li>Trong m\u1ecdi tr\u01b0\u1eddng h\u1ee3p, ban gi\u00e1m \u0111\u1ed1c, c\u00e1n b\u1ed9, nh\u00e2n vi\u00ean, nh\u00e0 th\u1ea7u hay \u0111\u1ed1i t\u00e1c c\u1ee7a LPI s\u1ebd kh\u00f4ng ch\u1ecbu tr\u00e1ch nhi\u1ec7m v\u1edbi b\u1ea1n ho\u1eb7c b\u1ea5t k\u00ec b\u00ean th\u1ee9 ba n\u00e0o \u0111\u1ed1i v\u1edbi nh\u1eefng thi\u1ec7t h\u1ea1i hay t\u1ed5n th\u1ea5t li\u00ean quan \u0111\u1ebfn Th\u1ecfa thu\u1eadn n\u00e0y hay v\u1edbi t\u01b0 c\u00e1ch th\u00e0nh vi\u00ean c\u1ee7a b\u1ea1n trong LPI, b\u1ea5t k\u1ec3 nguy\u00ean nh\u00e2n n\u00e0o g\u00e2y t\u1ed5n th\u1ea5t v\u00e0 thi\u1ec7t h\u1ea1i, k\u1ec3 c\u1ea3 l\u00e0 do s\u1ef1 s\u01a1 su\u1ea5t c\u1ee7a ch\u00ednh LPI v\u00e0 th\u1eadm ch\u00ed l\u00e0 LPI \u0111\u00e3 \u0111\u01b0\u1ee3c th\u00f4ng b\u00e1o v\u1ec1 c\u00e1c kh\u1ea3 n\u0103ng t\u1ed5n th\u1ea5t g\u00e2y ra. B\u1ea1n s\u1ebd b\u1ed3i th\u01b0\u1eddng, b\u1ea3o v\u1ec7 v\u00e0 tr\u00e1nh g\u00e2y thi\u1ec7t h\u1ea1i LPI c\u0169ng nh\u01b0 ban gi\u00e1m \u0111\u1ed1c, c\u00e1n b\u1ed9, nh\u00e2n vi\u00ean, nh\u00e0 th\u1ea7u hay \u0111\u1ed1i t\u00e1c c\u1ee7a LPI tr\u01b0\u1edbc m\u1ecdi khi\u1ebfu n\u1ea1i hay h\u00e0nh \u0111\u1ed9ng ph\u00e1p l\u00fd x\u1ea3y ra t\u1eeb t\u01b0 c\u00e1ch th\u00e0nh vi\u00ean c\u1ee7a b\u1ea1n, b\u1ea5t k\u1ec3 l\u00e0 nguy\u00ean nh\u00e2n n\u00e0o.<\/li>\n<li>B\u1ea5t k\u00ec th\u00f4ng b\u00e1o n\u00e0o m\u00e0 LPI \u0111\u01b0a ra li\u00ean quan \u0111\u1ebfn t\u01b0 c\u00e1ch th\u00e0nh vi\u00ean, bao g\u1ed3m c\u1ea3 c\u00e1c th\u00f4ng b\u00e1o nh\u01b0 c\u00e1c cu\u1ed9c h\u1ecdp v\u00e0 b\u1ea7u c\u1eed th\u00e0nh vi\u00ean, s\u1ebd \u0111\u01b0\u1ee3c g\u1eedi b\u1eb1ng email \u0111\u1ebfn \u0111\u1ecba ch\u1ec9 \u0111\u00e3 c\u00f3 trong h\u1ed3 s\u01a1 c\u1ee7a b\u1ea1n tr\u00ean C\u1ed5ng th\u00f4ng tin. Th\u00f4ng b\u00e1o s\u1ebd \u0111\u01b0\u1ee3c g\u1eedi \u0111\u1ebfn sau 24 gi\u1edd sau khi tin nh\u1eafn \u0111\u01b0\u1ee3c g\u1eedi \u0111i tr\u1eeb khi n\u1ed9i dung \u0111ang g\u1eedi \u0111\u01b0\u1ee3c th\u00f4ng b\u00e1o r\u1eb1ng \u0111\u1ecba ch\u1ec9 email kh\u00f4ng kh\u1ea3 d\u1ee5ng. B\u1ea1n c\u00f3 tr\u00e1ch nhi\u1ec7m duy tr\u00ec th\u1eddi h\u1ea1n v\u00e0 quy\u1ec1n truy c\u1eadp \u0111\u1ecba ch\u1ec9 trong h\u1ed3 s\u01a1 th\u00e0nh vi\u00ean c\u1ee7a b\u1ea1n.<\/li>\n<li>Th\u1ecfa thu\u1eadn n\u00e0y s\u1ebd \u0111\u01b0\u1ee3c gi\u1ea3i th\u00edch v\u00e0 thi h\u00e0nh theo lu\u1eadt Ontario, Canada. N\u1ebfu b\u1ea5t k\u00ec n\u1ed9i dung n\u00e0o c\u1ee7a th\u1ecfa thu\u1eadn n\u00e0y b\u1ecb coi l\u00e0 kh\u00f4ng h\u1ee3p l\u1ec7 hay b\u1ea5t h\u1ee3p ph\u00e1p th\u00ec ph\u1ea7n c\u00f2n l\u1ea1i c\u1ee7a th\u1ecfa thu\u1eadn ti\u1ebfp t\u1ee5c \u0111\u01b0\u1ee3c \u00e1p d\u1ee5ng.<\/li>\n<\/ol>\n<p style=\"text-align: center\"><a id=\"Go to membership overview\" class=\"button2\" href=\"https:\/\/www.lpi.org\/membership\" target=\"_blank\" rel=\"noopener\">\u0110i \u0111\u1ebfn trang t\u1ed5ng quan t\u01b0 c\u00e1ch th\u00e0nh vi\u00ean\u00a0<\/a><\/p>\n<p style=\"text-align: center\"><a id=\"Read membership agreement\" class=\"button2\" href=\"https:\/\/www.lpi.org\/member\/program\" target=\"_blank\" rel=\"noopener\">Ki\u1ec3m tra xem b\u1ea1n c\u00f3 \u0111\u1ee7 t\u01b0 c\u00e1ch kh\u00f4ng<\/a><\/p>\n<p style=\"text-align: center\"><a id=\"Join membership\" class=\"button2\" href=\"https:\/\/www.lpi.org\/member\/join\" target=\"_blank\" rel=\"noopener\">Tham gia th\u00e0nh vi\u00ean<\/a><\/p>\n<p style=\"text-align: center\">\n","protected":false},"excerpt":{"rendered":"<p>Th\u1ecfa thu\u1eadn th\u00e0nh vi\u00ean Linux Professional Institute (&#8220;B\u1ea3n th\u1ecfa thu\u1eadn&#8221;) Phi\u00ean b\u1ea3n 1.0 \u0110\u00e2y l\u00e0 c\u00e1c \u0111i\u1ec1u kho\u1ea3n v\u00e0 \u0111i\u1ec1u ki\u1ec7n qu\u1ea3n l\u00fd t\u01b0 c\u00e1ch th\u00e0nh vi\u00ean c\u1ee7a b\u1ea1n trong Linux Professional Institute (&#8220;LPI&#8221;). D\u1ef1a tr\u00ean \u0111\u01a1n \u0111\u0103ng k\u00ed c\u1ee7a &#8230; <a href=\"https:\/\/www.lpi.org\/vi\/thanh-vien\/thoa-thuan-thanh-vien\/\" class=\"button-link\">Read more<\/a><\/p>\n","protected":false},"author":1,"featured_media":0,"parent":16898,"menu_order":0,"comment_status":"closed","ping_status":"closed","template":"","meta":{"_acf_changed":false,"footnotes":""},"class_list":["post-17001","page","type-page","status-publish","hentry"],"acf":[],"yoast_head":"<!-- This site is optimized with the Yoast SEO Premium plugin v27.2 (Yoast SEO v27.4) - https:\/\/yoast.com\/product\/yoast-seo-premium-wordpress\/ -->\n<title>Th\u1ecfa thu\u1eadn th\u00e0nh vi\u00ean - Linux Professional Institute (LPI)<\/title>\n<meta name=\"description\" content=\"\u0110\u00e2y l\u00e0 c\u00e1c \u0111i\u1ec1u kho\u1ea3n v\u00e0 \u0111i\u1ec1u ki\u1ec7n qu\u1ea3n l\u00fd t\u01b0 c\u00e1ch th\u00e0nh vi\u00ean c\u1ee7a b\u1ea1n trong Linux Professional Institute (&quot;LPI&quot;).\" \/>\n<meta name=\"robots\" content=\"index, follow, max-snippet:-1, max-image-preview:large, max-video-preview:-1\" \/>\n<link rel=\"canonical\" href=\"https:\/\/www.lpi.org\/vi\/thanh-vien\/thoa-thuan-thanh-vien\/\" \/>\n<meta property=\"og:locale\" content=\"vi_VN\" \/>\n<meta property=\"og:type\" content=\"article\" \/>\n<meta property=\"og:title\" content=\"Th\u1ecfa thu\u1eadn th\u00e0nh vi\u00ean\" \/>\n<meta property=\"og:description\" content=\"\u0110\u00e2y l\u00e0 c\u00e1c \u0111i\u1ec1u kho\u1ea3n v\u00e0 \u0111i\u1ec1u ki\u1ec7n qu\u1ea3n l\u00fd t\u01b0 c\u00e1ch th\u00e0nh vi\u00ean c\u1ee7a b\u1ea1n trong Linux Professional Institute (&quot;LPI&quot;).\" \/>\n<meta property=\"og:url\" content=\"https:\/\/www.lpi.org\/vi\/thanh-vien\/thoa-thuan-thanh-vien\/\" \/>\n<meta property=\"og:site_name\" content=\"Linux Professional Institute (LPI)\" \/>\n<meta property=\"article:publisher\" content=\"https:\/\/www.facebook.com\/LPIConnect\" \/>\n<meta property=\"article:modified_time\" content=\"2023-10-06T06:46:26+00:00\" \/>\n<meta name=\"twitter:card\" content=\"summary_large_image\" \/>\n<meta name=\"twitter:site\" content=\"@lpiconnect\" \/>\n<meta name=\"twitter:label1\" content=\"Est. reading time\" \/>\n\t<meta name=\"twitter:data1\" content=\"11 minutes\" \/>\n<script type=\"application\/ld+json\" class=\"yoast-schema-graph\">{\"@context\":\"https:\\\/\\\/schema.org\",\"@graph\":[{\"@type\":\"WebPage\",\"@id\":\"https:\\\/\\\/www.lpi.org\\\/vi\\\/thanh-vien\\\/thoa-thuan-thanh-vien\\\/\",\"url\":\"https:\\\/\\\/www.lpi.org\\\/vi\\\/thanh-vien\\\/thoa-thuan-thanh-vien\\\/\",\"name\":\"Th\u1ecfa thu\u1eadn th\u00e0nh vi\u00ean - Linux Professional Institute (LPI)\",\"isPartOf\":{\"@id\":\"https:\\\/\\\/www.lpi.org\\\/vi\\\/#website\"},\"datePublished\":\"2023-04-24T10:08:37+00:00\",\"dateModified\":\"2023-10-06T06:46:26+00:00\",\"description\":\"\u0110\u00e2y l\u00e0 c\u00e1c \u0111i\u1ec1u kho\u1ea3n v\u00e0 \u0111i\u1ec1u ki\u1ec7n qu\u1ea3n l\u00fd t\u01b0 c\u00e1ch th\u00e0nh vi\u00ean c\u1ee7a b\u1ea1n trong Linux Professional Institute (\\\"LPI\\\").\",\"breadcrumb\":{\"@id\":\"https:\\\/\\\/www.lpi.org\\\/vi\\\/thanh-vien\\\/thoa-thuan-thanh-vien\\\/#breadcrumb\"},\"inLanguage\":\"vi-VN\",\"potentialAction\":[{\"@type\":\"ReadAction\",\"target\":[\"https:\\\/\\\/www.lpi.org\\\/vi\\\/thanh-vien\\\/thoa-thuan-thanh-vien\\\/\"]}]},{\"@type\":\"BreadcrumbList\",\"@id\":\"https:\\\/\\\/www.lpi.org\\\/vi\\\/thanh-vien\\\/thoa-thuan-thanh-vien\\\/#breadcrumb\",\"itemListElement\":[{\"@type\":\"ListItem\",\"position\":1,\"name\":\"Home\",\"item\":\"https:\\\/\\\/www.lpi.org\\\/vi\\\/\"},{\"@type\":\"ListItem\",\"position\":2,\"name\":\"Th\u00e0nh vi\u00ean\",\"item\":\"https:\\\/\\\/www.lpi.org\\\/vi\\\/thanh-vien\\\/\"},{\"@type\":\"ListItem\",\"position\":3,\"name\":\"Th\u1ecfa thu\u1eadn th\u00e0nh vi\u00ean\"}]},{\"@type\":\"WebSite\",\"@id\":\"https:\\\/\\\/www.lpi.org\\\/vi\\\/#website\",\"url\":\"https:\\\/\\\/www.lpi.org\\\/vi\\\/\",\"name\":\"Linux Professional Institute (LPI)\",\"description\":\"\",\"publisher\":{\"@id\":\"https:\\\/\\\/www.lpi.org\\\/vi\\\/#organization\"},\"potentialAction\":[{\"@type\":\"SearchAction\",\"target\":{\"@type\":\"EntryPoint\",\"urlTemplate\":\"https:\\\/\\\/www.lpi.org\\\/vi\\\/?s={search_term_string}\"},\"query-input\":{\"@type\":\"PropertyValueSpecification\",\"valueRequired\":true,\"valueName\":\"search_term_string\"}}],\"inLanguage\":\"vi-VN\"},{\"@type\":\"Organization\",\"@id\":\"https:\\\/\\\/www.lpi.org\\\/vi\\\/#organization\",\"name\":\"Linux Professional Institute (LPI)\",\"url\":\"https:\\\/\\\/www.lpi.org\\\/vi\\\/\",\"logo\":{\"@type\":\"ImageObject\",\"inLanguage\":\"vi-VN\",\"@id\":\"https:\\\/\\\/www.lpi.org\\\/vi\\\/#\\\/schema\\\/logo\\\/image\\\/\",\"url\":\"https:\\\/\\\/www.lpi.org\\\/wp-content\\\/uploads\\\/2023\\\/04\\\/logo.png\",\"contentUrl\":\"https:\\\/\\\/www.lpi.org\\\/wp-content\\\/uploads\\\/2023\\\/04\\\/logo.png\",\"width\":496,\"height\":175,\"caption\":\"Linux Professional Institute (LPI)\"},\"image\":{\"@id\":\"https:\\\/\\\/www.lpi.org\\\/vi\\\/#\\\/schema\\\/logo\\\/image\\\/\"},\"sameAs\":[\"https:\\\/\\\/www.facebook.com\\\/LPIConnect\",\"https:\\\/\\\/x.com\\\/lpiconnect\",\"https:\\\/\\\/www.linkedin.com\\\/company\\\/35136\",\"https:\\\/\\\/www.instagram.com\\\/lpi_org\\\/\",\"https:\\\/\\\/fosstodon.org\\\/@LPI\"]}]}<\/script>\n<!-- \/ Yoast SEO Premium plugin. -->","yoast_head_json":{"title":"Th\u1ecfa thu\u1eadn th\u00e0nh vi\u00ean - Linux Professional Institute (LPI)","description":"\u0110\u00e2y l\u00e0 c\u00e1c \u0111i\u1ec1u kho\u1ea3n v\u00e0 \u0111i\u1ec1u ki\u1ec7n qu\u1ea3n l\u00fd t\u01b0 c\u00e1ch th\u00e0nh vi\u00ean c\u1ee7a b\u1ea1n trong Linux Professional Institute (\"LPI\").","robots":{"index":"index","follow":"follow","max-snippet":"max-snippet:-1","max-image-preview":"max-image-preview:large","max-video-preview":"max-video-preview:-1"},"canonical":"https:\/\/www.lpi.org\/vi\/thanh-vien\/thoa-thuan-thanh-vien\/","og_locale":"vi_VN","og_type":"article","og_title":"Th\u1ecfa thu\u1eadn th\u00e0nh vi\u00ean","og_description":"\u0110\u00e2y l\u00e0 c\u00e1c \u0111i\u1ec1u kho\u1ea3n v\u00e0 \u0111i\u1ec1u ki\u1ec7n qu\u1ea3n l\u00fd t\u01b0 c\u00e1ch th\u00e0nh vi\u00ean c\u1ee7a b\u1ea1n trong Linux Professional Institute (\"LPI\").","og_url":"https:\/\/www.lpi.org\/vi\/thanh-vien\/thoa-thuan-thanh-vien\/","og_site_name":"Linux Professional Institute (LPI)","article_publisher":"https:\/\/www.facebook.com\/LPIConnect","article_modified_time":"2023-10-06T06:46:26+00:00","twitter_card":"summary_large_image","twitter_site":"@lpiconnect","twitter_misc":{"Est. reading time":"11 minutes"},"schema":{"@context":"https:\/\/schema.org","@graph":[{"@type":"WebPage","@id":"https:\/\/www.lpi.org\/vi\/thanh-vien\/thoa-thuan-thanh-vien\/","url":"https:\/\/www.lpi.org\/vi\/thanh-vien\/thoa-thuan-thanh-vien\/","name":"Th\u1ecfa thu\u1eadn th\u00e0nh vi\u00ean - Linux Professional Institute (LPI)","isPartOf":{"@id":"https:\/\/www.lpi.org\/vi\/#website"},"datePublished":"2023-04-24T10:08:37+00:00","dateModified":"2023-10-06T06:46:26+00:00","description":"\u0110\u00e2y l\u00e0 c\u00e1c \u0111i\u1ec1u kho\u1ea3n v\u00e0 \u0111i\u1ec1u ki\u1ec7n qu\u1ea3n l\u00fd t\u01b0 c\u00e1ch th\u00e0nh vi\u00ean c\u1ee7a b\u1ea1n trong Linux Professional Institute (\"LPI\").","breadcrumb":{"@id":"https:\/\/www.lpi.org\/vi\/thanh-vien\/thoa-thuan-thanh-vien\/#breadcrumb"},"inLanguage":"vi-VN","potentialAction":[{"@type":"ReadAction","target":["https:\/\/www.lpi.org\/vi\/thanh-vien\/thoa-thuan-thanh-vien\/"]}]},{"@type":"BreadcrumbList","@id":"https:\/\/www.lpi.org\/vi\/thanh-vien\/thoa-thuan-thanh-vien\/#breadcrumb","itemListElement":[{"@type":"ListItem","position":1,"name":"Home","item":"https:\/\/www.lpi.org\/vi\/"},{"@type":"ListItem","position":2,"name":"Th\u00e0nh vi\u00ean","item":"https:\/\/www.lpi.org\/vi\/thanh-vien\/"},{"@type":"ListItem","position":3,"name":"Th\u1ecfa thu\u1eadn th\u00e0nh vi\u00ean"}]},{"@type":"WebSite","@id":"https:\/\/www.lpi.org\/vi\/#website","url":"https:\/\/www.lpi.org\/vi\/","name":"Linux Professional Institute (LPI)","description":"","publisher":{"@id":"https:\/\/www.lpi.org\/vi\/#organization"},"potentialAction":[{"@type":"SearchAction","target":{"@type":"EntryPoint","urlTemplate":"https:\/\/www.lpi.org\/vi\/?s={search_term_string}"},"query-input":{"@type":"PropertyValueSpecification","valueRequired":true,"valueName":"search_term_string"}}],"inLanguage":"vi-VN"},{"@type":"Organization","@id":"https:\/\/www.lpi.org\/vi\/#organization","name":"Linux Professional Institute (LPI)","url":"https:\/\/www.lpi.org\/vi\/","logo":{"@type":"ImageObject","inLanguage":"vi-VN","@id":"https:\/\/www.lpi.org\/vi\/#\/schema\/logo\/image\/","url":"https:\/\/www.lpi.org\/wp-content\/uploads\/2023\/04\/logo.png","contentUrl":"https:\/\/www.lpi.org\/wp-content\/uploads\/2023\/04\/logo.png","width":496,"height":175,"caption":"Linux Professional Institute (LPI)"},"image":{"@id":"https:\/\/www.lpi.org\/vi\/#\/schema\/logo\/image\/"},"sameAs":["https:\/\/www.facebook.com\/LPIConnect","https:\/\/x.com\/lpiconnect","https:\/\/www.linkedin.com\/company\/35136","https:\/\/www.instagram.com\/lpi_org\/","https:\/\/fosstodon.org\/@LPI"]}]}},"_links":{"self":[{"href":"https:\/\/www.lpi.org\/vi\/wp-json\/wp\/v2\/pages\/17001","targetHints":{"allow":["GET"]}}],"collection":[{"href":"https:\/\/www.lpi.org\/vi\/wp-json\/wp\/v2\/pages"}],"about":[{"href":"https:\/\/www.lpi.org\/vi\/wp-json\/wp\/v2\/types\/page"}],"author":[{"embeddable":true,"href":"https:\/\/www.lpi.org\/vi\/wp-json\/wp\/v2\/users\/1"}],"replies":[{"embeddable":true,"href":"https:\/\/www.lpi.org\/vi\/wp-json\/wp\/v2\/comments?post=17001"}],"version-history":[{"count":24,"href":"https:\/\/www.lpi.org\/vi\/wp-json\/wp\/v2\/pages\/17001\/revisions"}],"predecessor-version":[{"id":18650,"href":"https:\/\/www.lpi.org\/vi\/wp-json\/wp\/v2\/pages\/17001\/revisions\/18650"}],"up":[{"embeddable":true,"href":"https:\/\/www.lpi.org\/vi\/wp-json\/wp\/v2\/pages\/16898"}],"wp:attachment":[{"href":"https:\/\/www.lpi.org\/vi\/wp-json\/wp\/v2\/media?parent=17001"}],"curies":[{"name":"wp","href":"https:\/\/api.w.org\/{rel}","templated":true}]}}