{"id":17149,"date":"2023-04-24T06:05:57","date_gmt":"2023-04-24T10:05:57","guid":{"rendered":"https:\/\/www.lpi.org\/thanh-vien\/dieu-kien-tham-gia-chuong-trinh-thanh-vien\/"},"modified":"2025-08-28T11:39:53","modified_gmt":"2025-08-28T15:39:53","slug":"dieu-kien-tham-gia-chuong-trinh-thanh-vien","status":"publish","type":"page","link":"https:\/\/www.lpi.org\/vi\/thanh-vien\/dieu-kien-tham-gia-chuong-trinh-thanh-vien\/","title":{"rendered":"\u0110i\u1ec1u ki\u1ec7n Tham gia Ch\u01b0\u01a1ng tr\u00ecnh Th\u00e0nh vi\u00ean"},"content":{"rendered":"<h2>Ti\u00eau ch\u00ed X\u00e9t duy\u1ec7t Th\u00e0nh vi\u00ean<\/h2>\n<p>Phi\u00ean b\u1ea3n 3: 18\/07\/2019<\/p>\n<p>&nbsp;<\/p>\n<h2>Gi\u1edbi thi\u1ec7u<\/h2>\n<p>\u0110\u1ec3 \u0111\u00e1p \u1ee9ng nh\u01b0 m\u1ed9t t\u1ed5 ch\u1ee9c h\u01b0\u1edbng \u0111\u1ebfn c\u1ed9ng \u0111\u1ed3ng c\u00f3 tr\u00e1ch nhi\u1ec7m v\u1edbi c\u00e1c h\u1ecdc vi\u00ean m\u00e3 ngu\u1ed3n m\u1edf, nh\u1eefng ng\u01b0\u1eddi \u0111\u00e3 \u1ee7y th\u00e1c cho Linux Professional Institute (\u201cLPI\u201d) \u0111\u1ec3 x\u00e1c minh c\u00e1c k\u0129 n\u0103ng v\u00e0 h\u1ed7 tr\u1ee3 ngh\u1ec1 nghi\u1ec7p c\u1ee7a h\u1ecd, c\u00e1c quy \u0111\u1ecbnh c\u1ee7a LPI (ph\u1ea7n 2) y\u00eau c\u1ea7u v\u00e0 x\u00e1c \u0111\u1ecbnh r\u00f5 th\u00e0nh vi\u00ean l\u00e0 ai, c\u00f9ng v\u1edbi nh\u1eefng l\u1ee3i \u00edch kh\u00e1c, \u0111\u01b0\u1ee3c quy\u1ec1n b\u1ea7u c\u1eed to\u00e0n b\u1ed9 <a href=\"https:\/\/www.lpi.org\/vi\/ve-lpi\/gap-go-ban-giam-doc-cua-chung-toi\/\"><span style=\"text-decoration: underline; color: #0000ff;\">H\u1ed9i \u0111\u1ed3ng Qu\u1ea3n tr\u1ecb.<\/span><\/a><\/p>\n<h2>C\u00e1c lo\u1ea1i Th\u00e0nh vi\u00ean<\/h2>\n<p>Hi\u1ec7n t\u1ea1i, ch\u1ec9 c\u00f3 m\u1ed9t lo\u1ea1i th\u00e0nh vi\u00ean, l\u00e0 lo\u1ea1i d\u00e0nh cho c\u00e1 nh\u00e2n. Kh\u00f4ng c\u00f3 t\u01b0 c\u00e1ch th\u00e0nh vi\u00ean l\u00e0 c\u00f4ng ty, sinh vi\u00ean ho\u1eb7c th\u00e0nh vi\u00ean li\u00ean k\u1ebft. [ 2.1(a)] M\u1eb7c d\u00f9 LPI d\u1ef1 \u0111\u1ecbnh t\u1ea1o ra c\u00e1c ch\u01b0\u01a1ng tr\u00ecnh d\u00e0nh cho sinh vi\u00ean v\u00e0 nh\u1eefng ng\u01b0\u1eddi \u1ee7ng h\u1ed9 c\u1ee7a LPI kh\u00f4ng \u0111\u00e1p \u1ee9ng \u0111i\u1ec1u ki\u1ec7n d\u01b0\u1edbi \u0111\u00e2y, nh\u01b0ng nh\u1eefng ng\u01b0\u1eddi n\u00e0y kh\u00f4ng \u0111\u1ee7 \u0111i\u1ec1u ki\u1ec7n \u0111\u1ec3 b\u1ea7u c\u1eed <a href=\"https:\/\/www.lpi.org\/vi\/ve-lpi\/gap-go-ban-giam-doc-cua-chung-toi\/\">H\u1ed9i \u0111\u1ed3ng Qu\u1ea3n tr\u1ecb<\/a> hay nh\u1eefng l\u1ee3i \u00edch kh\u00e1c d\u00e0nh ri\u00eang cho Th\u00e0nh vi\u00ean.<\/p>\n<h2>Ti\u00eau ch\u00ed X\u00e9t duy\u1ec7t Th\u00e0nh vi\u00ean<\/h2>\n<p>\u0110\u00e2y l\u00e0 t\u1ed5ng quan nh\u1eefng y\u00eau c\u1ea7u \u0111\u1ed1i v\u1edbi t\u01b0 c\u00e1ch th\u00e0nh vi\u00ean. C\u00e1c m\u1ee5c trong ngo\u1eb7c vu\u00f4ng \u0111\u1ec1 c\u1eadp \u0111\u1ebfn c\u00e1c ph\u1ea7n <a href=\"https:\/\/www.lpi.org\/bylaws\/\">quy \u0111\u1ecbnh<\/a>.<\/p>\n<h3>1: Ph\u1ea3i Cung c\u1ea5p Th\u00f4ng tin Li\u00ean h\u1ec7 Ch\u00ednh x\u00e1c<\/h3>\n<p>Ch\u00fang t\u00f4i c\u00f3 th\u1ec3 li\u00ean h\u1ec7 v\u1edbi b\u1ea1n v\u1ec1 vi\u1ec7c th\u00f4ng b\u00e1o c\u00e1c cu\u1ed9c h\u1ecdp, b\u1ea7u c\u1eed hay c\u00e1c th\u00f4ng b\u00e1o c\u1ea7n thi\u1ebft kh\u00e1c, nh\u01b0 l\u00e0 m\u1ed9t ph\u1ea7n s\u1ef1 n\u1ed7 l\u1ef1c c\u1ee7a ch\u00fang t\u00f4i \u0111\u1ec3 th\u1ec3 hi\u1ec7n t\u00ednh minh b\u1ea1ch v\u00e0 tr\u00e1ch nhi\u1ec7m \u0111\u1ed1i v\u1edbi c\u00e1c th\u00e0nh vi\u00ean trong t\u1ed5 ch\u1ee9c [3.4, 3.5]. Ch\u00fang t\u00f4i s\u1ebd kh\u00f4ng g\u1eedi qu\u1ea3ng c\u00e1o hay c\u00e1c t\u00e0i li\u1ec7u c\u1ee7a \u0111\u1ed1i t\u00e1c \u0111\u1ebfn th\u00e0nh vi\u00ean m\u00e0 kh\u00f4ng c\u00f3 s\u1ef1 \u0111\u1ed3ng \u00fd c\u1ee7a h\u1ecd. T\u1ea5t c\u1ea3 th\u00f4ng tin li\u00ean l\u1ea1c s\u1ebd \u0111\u01b0\u1ee3c tu\u00e2n th\u1ee7 theo<span style=\"text-decoration: underline;\"><span style=\"color: #0000ff; text-decoration: underline;\"> Ch\u00ednh s\u00e1ch Quy\u1ec1n ri\u00eang t\u01b0<\/span><\/span> v\u00e0 <span style=\"text-decoration: underline; color: #0000ff;\">B\u1ed9 lu\u1eadt ch\u1ed1ng th\u01b0 r\u00e1c c\u1ee7a Canada<\/span><\/p>\n<h3>2:\u00a0Ph\u1ea3i \u0111\u01b0\u1ee3c Ch\u1ee9ng nh\u1eadn b\u1edfi Linux Professional Institute<\/h3>\n<p>LPI \u0111\u01b0\u1ee3c qu\u1ea3n l\u00fd b\u1edfi c\u00e1c chuy\u00ean gia c\u00f3 ch\u1ee9ng nh\u1eadn. N\u1ebfu b\u1ea1n t\u1eebng \u0111\u1ea1t \u0111\u01b0\u1ee3c ch\u1ee9ng ch\u1ec9 trong l\u0129nh v\u1ef1c c\u1ee7a <a href=\"https:\/\/www.lpi.org\/our-certifications\/summary-of-certifications#certificate-section-488\" target=\"_blank\" rel=\"noopener\">Linux Professional<\/a> (c\u00f2n g\u1ecdi l\u00e0 LPIC) hay l\u1ed9 tr\u00ecnh <a href=\"https:\/\/www.lpi.org\/our-certifications\/summary-of-certifications#certificate-section-494\" target=\"_blank\" rel=\"noopener\">C\u00f4ng ngh\u1ec7 m\u1edf <\/a>(Open Technology ) (ch\u1eb3ng h\u1ea1n nh\u01b0 l\u00e0 <a href=\"https:\/\/www.lpi.org\/vi\/our-certifications\/ki-su-cong-cu-devops-linux-professional-institute\/\">K\u0129 s\u01b0 C\u00f4ng c\u1ee5 DevOps<\/a> (DevOps Tools Engineer) hay <a href=\"https:\/\/www.lpi.org\/vi\/our-certifications\/linux-professional-institute-bsd-specialist\/\">Chuy\u00ean gia BSD <\/a>(BSD Specialist) ), b\u1ea1n s\u1ebd \u0111\u1ee7 \u0111i\u1ec1u ki\u1ec7n.<\/p>\n<p>C\u00e1c ch\u01b0\u01a1ng tr\u00ecnh ch\u1ee9ng ch\u1ec9 gi\u00e1o d\u1ee5c, ch\u1eb3ng h\u1ea1n nh\u01b0 &#8220;<a href=\"https:\/\/www.lpi.org\/vi\/our-certifications\/linux-professional-institute-linux-essentials\/\">C\u00e1c Y\u1ebfu t\u00f4 c\u01a1 b\u1ea3n c\u1ee7a Linux&#8221;<\/a> (Linux Essentials), th\u00ec kh\u00f4ng \u0111\u1ee7 \u0111i\u1ec1u ki\u1ec7n tr\u1edf th\u00e0nh th\u00e0nh vi\u00ean.<\/p>\n<h4><strong>D\u00e0nh cho ch\u1ee7 s\u1edf h\u1eefu c\u1ee7a c\u00e1c ch\u1ee9ng ch\u1ec9 Linux Professional Institute c\u00f3 hi\u1ec7u l\u1ef1c<\/strong><\/h4>\n<p>T\u01b0 c\u00e1ch th\u00e0nh vi\u00ean \u0111\u01b0\u1ee3c gi\u1edbi h\u1ea1n cho c\u00e1c c\u00e1 nh\u00e2n c\u00f3 ch\u1ee9ng ch\u1ec9 c\u1ea5p chuy\u00ean nghi\u1ec7p LPI c\u00f3 hi\u1ec7u l\u1ef1c. M\u1eb7c d\u00f9, ch\u00fang t\u00f4i c\u00f3 m\u1ed9t l\u1ef1a ch\u1ecdn d\u00e0nh cho ch\u1ee7 s\u1edf h\u1eefu ch\u1ee9ng ch\u1ec9 kh\u00f4ng c\u00f3 hi\u1ec7u l\u1ef1c (xem b\u00ean d\u01b0\u1edbi), nh\u01b0ng n\u1ebfu ch\u1ee9ng ch\u1ec9 c\u1ee7a b\u1ea1n hi\u1ec7n t\u1ea1i c\u00f3 hi\u1ec7u l\u1ef1c, b\u1ea1n c\u00f3 \u0111\u1ee7 \u0111i\u1ec1u ki\u1ec7n tr\u1edf th\u00e0nh th\u00e0nh vi\u00ean khi \u0111\u00e1p \u1ee9ng c\u00e1c ti\u00eau ch\u00ed c\u00f2n l\u1ea1i.<\/p>\n<h4><strong>D\u00e0nh cho ch\u1ee7 s\u1edf h\u1eefu ch\u1ee9ng ch\u1ec9 <\/strong><strong>Linux Professional Institute kh\u00f4ng c\u00f3 hi\u1ec7u l\u1ef1c<\/strong><\/h4>\n<p>Nh\u1eefng ch\u1ee7 s\u1edf h\u1eefu c\u00e1c ch\u1ee9ng ch\u1ec9 kh\u00f4ng c\u00f3 hi\u1ec7u l\u1ef1c \u0111\u01b0\u1ee3c m\u1eddi \u0111\u1ebfn \u0111\u0103ng k\u00ed b\u1ea5t k\u00ec l\u00fac n\u00e0o. Tuy nhi\u00ean, nh\u1eefng th\u00e0nh vi\u00ean c\u00f3 \u0111\u1ee7 \u0111i\u1ec1u ki\u1ec7n s\u1ebd \u0111\u01b0\u1ee3c gi\u1eef l\u1ea1i t\u1edbi khi \u2153 c\u1ee7a <a href=\"https:\/\/www.lpi.org\/vi\/thanh-vien\/don-vi-phat-trien-chuyen-nghiep-quy-trinh-va-chinh-sach\/\">\u0110\u01a1n v\u1ecb ph\u00e1t tri\u1ec3n ngh\u1ec1 nghi\u1ec7p (PDUs)<\/a> c\u1ea7n thi\u1ebft cho m\u1ed9t chu k\u00ec 3 n\u0103m \u0111\u01b0\u1ee3c y\u00eau c\u1ea7u v\u00e0 ch\u1ea5p nh\u1eadn (t\u1ee9c l\u00e0 20 PDUs). Kh\u00f4ng ho\u1ea1t \u0111\u1ed9ng n\u00e0o \u0111\u01b0\u1ee3c y\u00eau c\u1ea7u c\u00f3 th\u1ec3 k\u00e9o d\u00e0i qu\u00e1 12 th\u00e1ng. Sau khi g\u1eedi th\u00e0nh c\u00f4ng y\u00eau c\u1ea7u PDU v\u00e0 \u0111\u00e1p \u1ee9ng \u0111\u1ee7 c\u00e1c ti\u00eau ch\u00ed c\u00f2n l\u1ea1i, th\u00e0nh vi\u00ean c\u00f3 \u0111\u1ea7y \u0111\u1ee7 t\u01b0 c\u00e1ch s\u1ebd \u0111\u01b0\u1ee3c c\u00f4ng nh\u1eadn v\u00e0 c\u00e1c ch\u1ee9ng nh\u1eadn PDUs \u0111\u01b0\u1ee3c y\u00eau c\u1ea7u s\u1ebd \u0111\u01b0\u1ee3c ph\u1ee5c h\u1ed3i tr\u1ea1ng th\u00e1i c\u00f3 hi\u1ec7u l\u1ef1c.<\/p>\n<h3>3: Ph\u1ea3i Ch\u1ea5p nh\u1eadn Quy t\u1eafc \u1ee8ng x\u1eed c\u1ee7a ch\u00fang t\u00f4i<\/h3>\n<p>Trong m\u00f4i tr\u01b0\u1eddng ph\u00e1t tri\u1ec3n kinh doanh ng\u00e0y nay, c\u00e1c k\u0129 n\u0103ng c\u00f4ng ngh\u1ec7 th\u00f4i l\u00e0 ch\u01b0a \u0111\u1ee7. Ch\u00ednh v\u00ec v\u1eady, LPI y\u00eau c\u1ea7u c\u00e1c th\u00e0nh vi\u00ean tu\u00e2n th\u1ee7 <a href=\"https:\/\/www.lpi.org\/vi\/quy-tac-dao-duc-va-ung-xu-nghe-nghiep-cua-cong-dong\/\">c\u00e1c quy t\u1eafc \u0111\u1ea1o \u0111\u1ee9c v\u00e0 \u1ee9ng x\u1eed chuy\u00ean nghi\u1ec7p<\/a>. B\u1eaft ngu\u1ed3n t\u1eeb c\u00e1c quy t\u1eafc t\u01b0\u01a1ng \u0111\u1ed3ng \u0111\u00e3 ph\u00e1t tri\u1ec3n trong c\u00e1c hi\u1ec7p h\u1ed9i ngh\u1ec1 nghi\u1ec7p v\u00e0 d\u1ef1 \u00e1n m\u00e3 ngu\u1ed3n m\u1edf, quy t\u1eafc \u1ee9ng x\u1eed n\u00e0y gi\u1ea3i quy\u1ebft c\u00e1c v\u1ea5n \u0111\u1ec1 \u0111\u1ea1o \u0111\u1ee9c li\u00ean quan \u0111\u1ebfn:<\/p>\n<ul>\n<li>B\u1ea3o v\u1ec7 l\u1ee3i \u00edch c\u1ed9ng \u0111\u1ed3ng<\/li>\n<li>Th\u1ec3 hi\u1ec7n t\u00ednh ch\u00ednh tr\u1ef1c c\u00e1 nh\u00e2n<\/li>\n<li>Duy tr\u00ec t\u00ednh b\u1ea3o m\u1eadt v\u00e0 quy\u1ec1n ri\u00eang t\u01b0<\/li>\n<li>Lu\u00f4n t\u00f4n tr\u1ecdng \u0111\u1ed3ng nghi\u1ec7p v\u00e0 c\u1ed9ng t\u00e1c vi\u00ean<\/li>\n<\/ul>\n<h3>4: Ph\u1ea3i Ch\u1ea5p nh\u1eadn B\u1ea3n Th\u1ecfa thu\u1eadn Th\u00e0nh vi\u00ean<\/h3>\n<p>Vui l\u00f2ng \u0111\u1ecdc <a href=\"https:\/\/www.lpi.org\/vi\/thanh-vien\/thoa-thuan-thanh-vien\/\">Th\u1ecfa thu\u1eadn Th\u00e0nh vi\u00ean <\/a>tr\u01b0\u1edbc khi quy\u1ebft \u0111\u1ecbnh tham gia. L\u00e0 m\u1ed9t ph\u1ea7n c\u1ee7a qu\u00e1 tr\u00ecnh tham gia v\u1edbi t\u01b0 c\u00e1ch th\u00e0nh vi\u00ean, vi\u1ec7c ch\u1ea5p nh\u1eadn th\u1ecfa thu\u1eadn th\u00e0nh vi\u00ean l\u00e0 m\u1ed9t b\u01b0\u1edbc quan tr\u1ecdng.<\/p>\n<h3>5: Ph\u1ea3i \u0111\u1ed3ng \u00fd Thanh to\u00e1n C\u00e1c kho\u1ea3n ph\u00ed Th\u00e0nh vi\u00ean<\/h3>\n<p>Bi\u1ec3u ph\u00ed h\u1ed9i vi\u00ean do <a href=\"https:\/\/www.lpi.org\/vi\/ve-lpi\/gap-go-ban-giam-doc-cua-chung-toi\/\">H\u1ed9i \u0111\u1ed3ng Qu\u1ea3n tr\u1ecb <\/a>quy \u0111\u1ecbnh. S\u1ed1 ti\u1ec1n ph\u1ea3i tr\u1ea3 cho c\u00e1c kho\u1ea3n ph\u00ed \u0111\u01b0\u1ee3c d\u1ef1 tr\u00f9 sao cho kh\u00f4ng v\u01b0\u1ee3t qu\u00e1 chi ph\u00ed ch\u1ee9ng nh\u1eadn LPIC-1 ho\u1eb7c LPIC-2 th\u00f4ng qua vi\u1ec7c th\u1ef1c hi\u1ec7n l\u1ea1i c\u00e1c b\u00e0i ki\u1ec3m tra \u0111\u01a1n gi\u1ea3n c\u1ee9 5 n\u0103m m\u1ed9t l\u1ea7n. \u0110i\u1ec1u n\u00e0y cho ph\u00e9p LPI cung c\u1ea5p t\u01b0 c\u00e1ch th\u00e0nh vi\u00ean m\u1ed9t c\u00e1ch d\u1ec5 d\u00e0ng v\u00e0 \u00edt t\u1ed1n k\u00e9m h\u01a1n \u0111\u1ec3 duy tr\u00ec tr\u1ea1ng th\u00e1i ch\u1ee9ng ch\u1ec9 c\u00f3 hi\u1ec7u l\u1ef1c.<\/p>\n<p>Ngo\u00e0i ra, ch\u00fang t\u00f4i th\u1eeba nh\u1eadn s\u1ef1 c\u1ea7n thi\u1ebft ph\u1ea3i \u0111i\u1ec1u ch\u1ec9nh bi\u1ec3u ph\u00ed th\u00e0nh vi\u00ean theo c\u00e1c qu\u1ed1c gia kh\u00e1c nhau \u0111\u1ec3 h\u1ed7 tr\u1ee3 kh\u1ea3 n\u0103ng chi tr\u1ea3 t\u00f9y thu\u1ed9c v\u00e0o t\u1eebng \u0111\u1ecba ph\u01b0\u01a1ng \u0111\u1ed1i v\u1edbi c\u00e1c ch\u01b0\u01a1ng tr\u00ecnh c\u1ee7a ch\u00fang t\u00f4i v\u00e0 t\u01b0 c\u00e1ch th\u00e0nh vi\u00ean. T\u01b0\u01a1ng t\u1ef1 nh\u01b0 vi\u1ec7c \u0111\u1ecbnh gi\u00e1 c\u00e1c k\u1ef3 thi l\u1ea5y ch\u1ee9ng ch\u1ec9, ph\u00ed th\u00e0nh vi\u00ean \u0111\u01b0\u1ee3c t\u00ednh d\u1ef1a tr\u00ean thang chia m\u1ee9c \u0111\u1ed9 s\u1eed d\u1ee5ng <a href=\"https:\/\/hdr.undp.org\/data-center\/human-development-index#\/indicies\/HDI\">Ch\u1ec9 s\u1ed1 Ph\u00e1t tri\u1ec3n Con ng\u01b0\u1eddi<\/a> do Ch\u01b0\u01a1ng tr\u00ecnh Ph\u00e1t tri\u1ec3n Li\u00ean H\u1ee3p Qu\u1ed1c c\u00f4ng b\u1ed1. Th\u00f4ng tin th\u00eam v\u1ec1 UN HDI c\u00f3 th\u1ec3 t\u00ecm hi\u1ec3u \u1edf \u0111\u00e2y:<\/p>\n<p style=\"text-align: left;\"><a href=\"http:\/\/hdr.undp.org\/en\/content\/human-development-index-hdi\">http:\/\/hdr.undp.org\/en\/content\/human-development-index-hdi<\/a><\/p>\n<p>B\u1eb1ng vi\u1ec7c k\u1ebft h\u1ee3p hai y\u1ebfu t\u1ed1 n\u00e0y, ph\u00ed th\u00e0nh vi\u00ean \u0111\u01b0\u1ee3c t\u00ednh nh\u01b0 sau:<\/p>\n<p><strong>1 n\u0103m<\/strong><\/p>\n<ul>\n<li>75\/65\/45 USD<\/li>\n<li>65 euros\/55 euros (HDI r\u1ea5t cao\/HDI cao)<\/li>\n<li>7500 yen<\/li>\n<\/ul>\n<p><strong>3 n\u0103m<\/strong><\/p>\n<ul>\n<li>180\/156\/108 USD<\/li>\n<li>155 euros\/130 euros<\/li>\n<li>18000 yen<\/li>\n<\/ul>\n<p>C\u00e1c kho\u1ea3n ph\u00ed kh\u00f4ng bao g\u1ed3m VAT v\u00e0 c\u00e1c kho\u1ea3n ph\u00ed c\u00f2n n\u1ee3 sau ba th\u00e1ng s\u1ebd khi\u1ebfn t\u01b0 c\u00e1ch th\u00e0nh vi\u00ean b\u1ecb ch\u1ea5m d\u1ee9t [2.5(a)(i)] v\u00e0 c\u00e1 nh\u00e2n s\u1ebd c\u1ea7n ph\u1ea3i \u0111\u0103ng k\u00fd l\u1ea1i.<\/p>\n<div style=\"text-align: center;\"><a id=\"Go to membership overview\" class=\"button2\" href=\"https:\/\/www.lpi.org\/vi\/thanh-vien\/\" target=\"_self\" rel=\"noopener\">\u0110i \u0111\u1ebfn t\u1ed5ng quan t\u01b0 c\u00e1ch th\u00e0nh vi\u00ean<\/a><\/div>\n<div style=\"text-align: center;\"><\/div>\n<div style=\"text-align: center;\"><a id=\"Read membership agreement\" class=\"button2\" href=\"https:\/\/www.lpi.org\/vi\/thanh-vien\/thoa-thuan-thanh-vien\/\" target=\"_self\" rel=\"noopener\">\u0110\u1ecdc th\u1ecfa thu\u1eadn th\u00e0nh vi\u00ean<\/a><\/div>\n<div style=\"text-align: center;\"><\/div>\n<div style=\"text-align: center;\"><a id=\"Join membership\" class=\"button2\" href=\"https:\/\/www.lpi.org\/member\/join\/\" target=\"_self\" rel=\"noopener\">Tham gia th\u00e0nh vi\u00ean<\/a><\/div>\n","protected":false},"excerpt":{"rendered":"<p>Ti\u00eau ch\u00ed X\u00e9t duy\u1ec7t Th\u00e0nh vi\u00ean Phi\u00ean b\u1ea3n 3: 18\/07\/2019 &nbsp; Gi\u1edbi thi\u1ec7u \u0110\u1ec3 \u0111\u00e1p \u1ee9ng nh\u01b0 m\u1ed9t t\u1ed5 ch\u1ee9c h\u01b0\u1edbng \u0111\u1ebfn c\u1ed9ng \u0111\u1ed3ng c\u00f3 tr\u00e1ch nhi\u1ec7m v\u1edbi c\u00e1c h\u1ecdc vi\u00ean m\u00e3 ngu\u1ed3n m\u1edf, nh\u1eefng ng\u01b0\u1eddi \u0111\u00e3 \u1ee7y th\u00e1c cho &#8230; <a href=\"https:\/\/www.lpi.org\/vi\/thanh-vien\/dieu-kien-tham-gia-chuong-trinh-thanh-vien\/\" class=\"button-link\">Read more<\/a><\/p>\n","protected":false},"author":1,"featured_media":0,"parent":16898,"menu_order":0,"comment_status":"closed","ping_status":"closed","template":"","meta":{"_acf_changed":false,"footnotes":""},"class_list":["post-17149","page","type-page","status-publish","hentry"],"acf":[],"yoast_head":"<!-- This site is optimized with the Yoast SEO Premium plugin v27.2 (Yoast SEO v27.4) - https:\/\/yoast.com\/product\/yoast-seo-premium-wordpress\/ -->\n<title>\u0110i\u1ec1u ki\u1ec7n Tham gia Ch\u01b0\u01a1ng tr\u00ecnh Th\u00e0nh vi\u00ean - Linux Professional Institute (LPI)<\/title>\n<meta name=\"description\" content=\"LPI \u0111\u01b0a ra nhi\u1ec1u l\u1ee3i \u00edch \u0111\u1ed1i v\u1edbi t\u01b0 c\u00e1ch th\u00e0nh vi\u00ean. T\u00ecm hi\u1ec3u th\u00eam v\u1ec1 \u0111i\u1ec1u ki\u1ec7n tham gia ch\u01b0\u01a1ng tr\u00ecnh th\u00e0nh vi\u00ean t\u1ea1i \u0111\u00e2y.\" \/>\n<meta name=\"robots\" content=\"index, follow, max-snippet:-1, max-image-preview:large, max-video-preview:-1\" \/>\n<link rel=\"canonical\" href=\"https:\/\/www.lpi.org\/vi\/thanh-vien\/dieu-kien-tham-gia-chuong-trinh-thanh-vien\/\" \/>\n<meta property=\"og:locale\" content=\"vi_VN\" \/>\n<meta property=\"og:type\" content=\"article\" \/>\n<meta property=\"og:title\" content=\"\u0110i\u1ec1u ki\u1ec7n Tham gia Ch\u01b0\u01a1ng tr\u00ecnh Th\u00e0nh vi\u00ean\" \/>\n<meta property=\"og:description\" content=\"LPI \u0111\u01b0a ra nhi\u1ec1u l\u1ee3i \u00edch \u0111\u1ed1i v\u1edbi t\u01b0 c\u00e1ch th\u00e0nh vi\u00ean. T\u00ecm hi\u1ec3u th\u00eam v\u1ec1 \u0111i\u1ec1u ki\u1ec7n tham gia ch\u01b0\u01a1ng tr\u00ecnh th\u00e0nh vi\u00ean t\u1ea1i \u0111\u00e2y.\" \/>\n<meta property=\"og:url\" content=\"https:\/\/www.lpi.org\/vi\/thanh-vien\/dieu-kien-tham-gia-chuong-trinh-thanh-vien\/\" \/>\n<meta property=\"og:site_name\" content=\"Linux Professional Institute (LPI)\" \/>\n<meta property=\"article:publisher\" content=\"https:\/\/www.facebook.com\/LPIConnect\" \/>\n<meta property=\"article:modified_time\" content=\"2025-08-28T15:39:53+00:00\" \/>\n<meta name=\"twitter:card\" content=\"summary_large_image\" \/>\n<meta name=\"twitter:site\" content=\"@lpiconnect\" \/>\n<meta name=\"twitter:label1\" content=\"Est. reading time\" \/>\n\t<meta name=\"twitter:data1\" content=\"6 minutes\" \/>\n<script type=\"application\/ld+json\" class=\"yoast-schema-graph\">{\"@context\":\"https:\\\/\\\/schema.org\",\"@graph\":[{\"@type\":\"WebPage\",\"@id\":\"https:\\\/\\\/www.lpi.org\\\/vi\\\/thanh-vien\\\/dieu-kien-tham-gia-chuong-trinh-thanh-vien\\\/\",\"url\":\"https:\\\/\\\/www.lpi.org\\\/vi\\\/thanh-vien\\\/dieu-kien-tham-gia-chuong-trinh-thanh-vien\\\/\",\"name\":\"\u0110i\u1ec1u ki\u1ec7n Tham gia Ch\u01b0\u01a1ng tr\u00ecnh Th\u00e0nh vi\u00ean - Linux Professional Institute (LPI)\",\"isPartOf\":{\"@id\":\"https:\\\/\\\/www.lpi.org\\\/vi\\\/#website\"},\"datePublished\":\"2023-04-24T10:05:57+00:00\",\"dateModified\":\"2025-08-28T15:39:53+00:00\",\"description\":\"LPI \u0111\u01b0a ra nhi\u1ec1u l\u1ee3i \u00edch \u0111\u1ed1i v\u1edbi t\u01b0 c\u00e1ch th\u00e0nh vi\u00ean. T\u00ecm hi\u1ec3u th\u00eam v\u1ec1 \u0111i\u1ec1u ki\u1ec7n tham gia ch\u01b0\u01a1ng tr\u00ecnh th\u00e0nh vi\u00ean t\u1ea1i \u0111\u00e2y.\",\"breadcrumb\":{\"@id\":\"https:\\\/\\\/www.lpi.org\\\/vi\\\/thanh-vien\\\/dieu-kien-tham-gia-chuong-trinh-thanh-vien\\\/#breadcrumb\"},\"inLanguage\":\"vi-VN\",\"potentialAction\":[{\"@type\":\"ReadAction\",\"target\":[\"https:\\\/\\\/www.lpi.org\\\/vi\\\/thanh-vien\\\/dieu-kien-tham-gia-chuong-trinh-thanh-vien\\\/\"]}]},{\"@type\":\"BreadcrumbList\",\"@id\":\"https:\\\/\\\/www.lpi.org\\\/vi\\\/thanh-vien\\\/dieu-kien-tham-gia-chuong-trinh-thanh-vien\\\/#breadcrumb\",\"itemListElement\":[{\"@type\":\"ListItem\",\"position\":1,\"name\":\"Home\",\"item\":\"https:\\\/\\\/www.lpi.org\\\/vi\\\/\"},{\"@type\":\"ListItem\",\"position\":2,\"name\":\"Th\u00e0nh vi\u00ean\",\"item\":\"https:\\\/\\\/www.lpi.org\\\/vi\\\/thanh-vien\\\/\"},{\"@type\":\"ListItem\",\"position\":3,\"name\":\"\u0110i\u1ec1u ki\u1ec7n Tham gia Ch\u01b0\u01a1ng tr\u00ecnh Th\u00e0nh vi\u00ean\"}]},{\"@type\":\"WebSite\",\"@id\":\"https:\\\/\\\/www.lpi.org\\\/vi\\\/#website\",\"url\":\"https:\\\/\\\/www.lpi.org\\\/vi\\\/\",\"name\":\"Linux Professional Institute (LPI)\",\"description\":\"\",\"publisher\":{\"@id\":\"https:\\\/\\\/www.lpi.org\\\/vi\\\/#organization\"},\"potentialAction\":[{\"@type\":\"SearchAction\",\"target\":{\"@type\":\"EntryPoint\",\"urlTemplate\":\"https:\\\/\\\/www.lpi.org\\\/vi\\\/?s={search_term_string}\"},\"query-input\":{\"@type\":\"PropertyValueSpecification\",\"valueRequired\":true,\"valueName\":\"search_term_string\"}}],\"inLanguage\":\"vi-VN\"},{\"@type\":\"Organization\",\"@id\":\"https:\\\/\\\/www.lpi.org\\\/vi\\\/#organization\",\"name\":\"Linux Professional Institute (LPI)\",\"url\":\"https:\\\/\\\/www.lpi.org\\\/vi\\\/\",\"logo\":{\"@type\":\"ImageObject\",\"inLanguage\":\"vi-VN\",\"@id\":\"https:\\\/\\\/www.lpi.org\\\/vi\\\/#\\\/schema\\\/logo\\\/image\\\/\",\"url\":\"https:\\\/\\\/www.lpi.org\\\/wp-content\\\/uploads\\\/2023\\\/04\\\/logo.png\",\"contentUrl\":\"https:\\\/\\\/www.lpi.org\\\/wp-content\\\/uploads\\\/2023\\\/04\\\/logo.png\",\"width\":496,\"height\":175,\"caption\":\"Linux Professional Institute (LPI)\"},\"image\":{\"@id\":\"https:\\\/\\\/www.lpi.org\\\/vi\\\/#\\\/schema\\\/logo\\\/image\\\/\"},\"sameAs\":[\"https:\\\/\\\/www.facebook.com\\\/LPIConnect\",\"https:\\\/\\\/x.com\\\/lpiconnect\",\"https:\\\/\\\/www.linkedin.com\\\/company\\\/35136\",\"https:\\\/\\\/www.instagram.com\\\/lpi_org\\\/\",\"https:\\\/\\\/fosstodon.org\\\/@LPI\"]}]}<\/script>\n<!-- \/ Yoast SEO Premium plugin. -->","yoast_head_json":{"title":"\u0110i\u1ec1u ki\u1ec7n Tham gia Ch\u01b0\u01a1ng tr\u00ecnh Th\u00e0nh vi\u00ean - Linux Professional Institute (LPI)","description":"LPI \u0111\u01b0a ra nhi\u1ec1u l\u1ee3i \u00edch \u0111\u1ed1i v\u1edbi t\u01b0 c\u00e1ch th\u00e0nh vi\u00ean. T\u00ecm hi\u1ec3u th\u00eam v\u1ec1 \u0111i\u1ec1u ki\u1ec7n tham gia ch\u01b0\u01a1ng tr\u00ecnh th\u00e0nh vi\u00ean t\u1ea1i \u0111\u00e2y.","robots":{"index":"index","follow":"follow","max-snippet":"max-snippet:-1","max-image-preview":"max-image-preview:large","max-video-preview":"max-video-preview:-1"},"canonical":"https:\/\/www.lpi.org\/vi\/thanh-vien\/dieu-kien-tham-gia-chuong-trinh-thanh-vien\/","og_locale":"vi_VN","og_type":"article","og_title":"\u0110i\u1ec1u ki\u1ec7n Tham gia Ch\u01b0\u01a1ng tr\u00ecnh Th\u00e0nh vi\u00ean","og_description":"LPI \u0111\u01b0a ra nhi\u1ec1u l\u1ee3i \u00edch \u0111\u1ed1i v\u1edbi t\u01b0 c\u00e1ch th\u00e0nh vi\u00ean. T\u00ecm hi\u1ec3u th\u00eam v\u1ec1 \u0111i\u1ec1u ki\u1ec7n tham gia ch\u01b0\u01a1ng tr\u00ecnh th\u00e0nh vi\u00ean t\u1ea1i \u0111\u00e2y.","og_url":"https:\/\/www.lpi.org\/vi\/thanh-vien\/dieu-kien-tham-gia-chuong-trinh-thanh-vien\/","og_site_name":"Linux Professional Institute (LPI)","article_publisher":"https:\/\/www.facebook.com\/LPIConnect","article_modified_time":"2025-08-28T15:39:53+00:00","twitter_card":"summary_large_image","twitter_site":"@lpiconnect","twitter_misc":{"Est. reading time":"6 minutes"},"schema":{"@context":"https:\/\/schema.org","@graph":[{"@type":"WebPage","@id":"https:\/\/www.lpi.org\/vi\/thanh-vien\/dieu-kien-tham-gia-chuong-trinh-thanh-vien\/","url":"https:\/\/www.lpi.org\/vi\/thanh-vien\/dieu-kien-tham-gia-chuong-trinh-thanh-vien\/","name":"\u0110i\u1ec1u ki\u1ec7n Tham gia Ch\u01b0\u01a1ng tr\u00ecnh Th\u00e0nh vi\u00ean - Linux Professional Institute (LPI)","isPartOf":{"@id":"https:\/\/www.lpi.org\/vi\/#website"},"datePublished":"2023-04-24T10:05:57+00:00","dateModified":"2025-08-28T15:39:53+00:00","description":"LPI \u0111\u01b0a ra nhi\u1ec1u l\u1ee3i \u00edch \u0111\u1ed1i v\u1edbi t\u01b0 c\u00e1ch th\u00e0nh vi\u00ean. T\u00ecm hi\u1ec3u th\u00eam v\u1ec1 \u0111i\u1ec1u ki\u1ec7n tham gia ch\u01b0\u01a1ng tr\u00ecnh th\u00e0nh vi\u00ean t\u1ea1i \u0111\u00e2y.","breadcrumb":{"@id":"https:\/\/www.lpi.org\/vi\/thanh-vien\/dieu-kien-tham-gia-chuong-trinh-thanh-vien\/#breadcrumb"},"inLanguage":"vi-VN","potentialAction":[{"@type":"ReadAction","target":["https:\/\/www.lpi.org\/vi\/thanh-vien\/dieu-kien-tham-gia-chuong-trinh-thanh-vien\/"]}]},{"@type":"BreadcrumbList","@id":"https:\/\/www.lpi.org\/vi\/thanh-vien\/dieu-kien-tham-gia-chuong-trinh-thanh-vien\/#breadcrumb","itemListElement":[{"@type":"ListItem","position":1,"name":"Home","item":"https:\/\/www.lpi.org\/vi\/"},{"@type":"ListItem","position":2,"name":"Th\u00e0nh vi\u00ean","item":"https:\/\/www.lpi.org\/vi\/thanh-vien\/"},{"@type":"ListItem","position":3,"name":"\u0110i\u1ec1u ki\u1ec7n Tham gia Ch\u01b0\u01a1ng tr\u00ecnh Th\u00e0nh vi\u00ean"}]},{"@type":"WebSite","@id":"https:\/\/www.lpi.org\/vi\/#website","url":"https:\/\/www.lpi.org\/vi\/","name":"Linux Professional Institute (LPI)","description":"","publisher":{"@id":"https:\/\/www.lpi.org\/vi\/#organization"},"potentialAction":[{"@type":"SearchAction","target":{"@type":"EntryPoint","urlTemplate":"https:\/\/www.lpi.org\/vi\/?s={search_term_string}"},"query-input":{"@type":"PropertyValueSpecification","valueRequired":true,"valueName":"search_term_string"}}],"inLanguage":"vi-VN"},{"@type":"Organization","@id":"https:\/\/www.lpi.org\/vi\/#organization","name":"Linux Professional Institute (LPI)","url":"https:\/\/www.lpi.org\/vi\/","logo":{"@type":"ImageObject","inLanguage":"vi-VN","@id":"https:\/\/www.lpi.org\/vi\/#\/schema\/logo\/image\/","url":"https:\/\/www.lpi.org\/wp-content\/uploads\/2023\/04\/logo.png","contentUrl":"https:\/\/www.lpi.org\/wp-content\/uploads\/2023\/04\/logo.png","width":496,"height":175,"caption":"Linux Professional Institute (LPI)"},"image":{"@id":"https:\/\/www.lpi.org\/vi\/#\/schema\/logo\/image\/"},"sameAs":["https:\/\/www.facebook.com\/LPIConnect","https:\/\/x.com\/lpiconnect","https:\/\/www.linkedin.com\/company\/35136","https:\/\/www.instagram.com\/lpi_org\/","https:\/\/fosstodon.org\/@LPI"]}]}},"_links":{"self":[{"href":"https:\/\/www.lpi.org\/vi\/wp-json\/wp\/v2\/pages\/17149","targetHints":{"allow":["GET"]}}],"collection":[{"href":"https:\/\/www.lpi.org\/vi\/wp-json\/wp\/v2\/pages"}],"about":[{"href":"https:\/\/www.lpi.org\/vi\/wp-json\/wp\/v2\/types\/page"}],"author":[{"embeddable":true,"href":"https:\/\/www.lpi.org\/vi\/wp-json\/wp\/v2\/users\/1"}],"replies":[{"embeddable":true,"href":"https:\/\/www.lpi.org\/vi\/wp-json\/wp\/v2\/comments?post=17149"}],"version-history":[{"count":47,"href":"https:\/\/www.lpi.org\/vi\/wp-json\/wp\/v2\/pages\/17149\/revisions"}],"predecessor-version":[{"id":30911,"href":"https:\/\/www.lpi.org\/vi\/wp-json\/wp\/v2\/pages\/17149\/revisions\/30911"}],"up":[{"embeddable":true,"href":"https:\/\/www.lpi.org\/vi\/wp-json\/wp\/v2\/pages\/16898"}],"wp:attachment":[{"href":"https:\/\/www.lpi.org\/vi\/wp-json\/wp\/v2\/media?parent=17149"}],"curies":[{"name":"wp","href":"https:\/\/api.w.org\/{rel}","templated":true}]}}