{"id":17166,"date":"2023-04-06T06:31:49","date_gmt":"2023-04-06T10:31:49","guid":{"rendered":"https:\/\/www.lpi.org\/bai-kiem-tra-truc-tuyen-linux-professional-institute\/"},"modified":"2023-10-06T23:21:15","modified_gmt":"2023-10-07T03:21:15","slug":"bai-kiem-tra-truc-tuyen-linux-professional-institute","status":"publish","type":"page","link":"https:\/\/www.lpi.org\/vi\/bai-kiem-tra-truc-tuyen-linux-professional-institute\/","title":{"rendered":"B\u00e0i ki\u1ec3m tra tr\u1ef1c tuy\u1ebfn Linux Professional Institute"},"content":{"rendered":"<p><img fetchpriority=\"high\" decoding=\"async\" class=\"img-fluid alignright wp-image-7626\" src=\"https:\/\/www.lpi.org\/wp-content\/uploads\/2023\/05\/article-onVUE-Remote-Proctoring02-300x207.jpg\" alt=\"Linux Professional Institute (LPI) online testing\" width=\"500\" height=\"345\" srcset=\"https:\/\/www.lpi.org\/wp-content\/uploads\/2023\/05\/article-onVUE-Remote-Proctoring02-300x207.jpg 300w, https:\/\/www.lpi.org\/wp-content\/uploads\/2023\/05\/article-onVUE-Remote-Proctoring02-1024x707.jpg 1024w, https:\/\/www.lpi.org\/wp-content\/uploads\/2023\/05\/article-onVUE-Remote-Proctoring02-768x530.jpg 768w, https:\/\/www.lpi.org\/wp-content\/uploads\/2023\/05\/article-onVUE-Remote-Proctoring02.jpg 1440w\" sizes=\"(max-width: 500px) 100vw, 500px\" \/>Linux Professional Institute (LPI) \u0111\u01b0a ra c\u00e1c k\u00ec thi Linux Essentials, LPIC-1 (101 v\u00e0 102), LPIC-2 (201 v\u00e0 202) th\u00f4ng qua<a href=\"https:\/\/home.pearsonvue.com\/lpi\" target=\"_blank\" rel=\"noopener\" data-cke-saved-href=\"https:\/\/home.pearsonvue.com\/lpi\"> H\u1ec7 th\u1ed1ng ki\u1ec3m tra <\/a><a href=\"https:\/\/home.pearsonvue.com\/lpi\" target=\"_blank\" rel=\"noopener\" data-cke-saved-href=\"https:\/\/home.pearsonvue.com\/lpi\">Pearson VUE OnVUE<\/a>. C\u00e1c ng\u00f4n ng\u1eef \u0111\u01b0\u1ee3c b\u1ed5 sung s\u1ebd \u0111\u01b0\u1ee3c cung c\u1ea5p s\u1edbm nh\u1ea5t c\u00f3 th\u1ec3.<\/p>\n<h2>D\u1ecbch v\u1ee5 d\u00e0nh cho b\u1ea1n<\/h2>\n<p>C\u00e1c k\u00ec thi LPI theo truy\u1ec1n th\u1ed1ng \u0111\u01b0\u1ee3c t\u1ed5 ch\u1ee9c t\u1ea1i ch\u1ed7 v\u00e0 do \u0111\u00f3 ph\u1ee5 thu\u1ed9c v\u00e0o c\u00e1c y\u1ebfu t\u1ed1 b\u00ean ngo\u00e0i v\u00e0 kh\u1ea3 n\u0103ng di chuy\u1ec3n c\u1ee7a c\u00e1c th\u00ed sinh. V\u1edbi vi\u1ec7c gi\u00e1m s\u00e1t tr\u1ef1c tuy\u1ebfn, c\u00e1c th\u00ed sinh c\u00f3 th\u1ec3 l\u00e0m b\u00e0i ki\u1ec3m tra c\u1ee7a h\u1ecd t\u1ea1i nh\u00e0 hay \u1edf v\u0103n ph\u00f2ng \u0111\u1ec3 \u0111\u01b0\u1ee3c c\u1ea5p ch\u1ee9ng nh\u1eadn. \u0110i\u1ec1u n\u00e0y gi\u00fap h\u1ecd ti\u1ebft ki\u1ec7m th\u1eddi gian, chi ph\u00ed \u0111i l\u1ea1i v\u00e0 gi\u1ea3m \u0111\u00e1ng k\u1ec3 c\u00e1c r\u1ee7i ro v\u1ec1 s\u1ee9c kh\u1ecfe.<\/p>\n<h2>M\u1ecdi th\u1ee9 \u0111\u1ec1u \u0111\u01b0\u1ee3c b\u1ea3o m\u1eadt<\/h2>\n<p>H\u1ec7 th\u1ed1ng gi\u00e1m s\u00e1t tr\u1ef1c tuy\u1ebfn r\u1ea5t gi\u1ed1ng v\u1edbi nh\u1eefng g\u00ec \u0111\u01b0\u1ee3c th\u1ef1c hi\u1ec7n \u1edf <a href=\"http:\/\/www.vue.com\/lpi\/locate\" target=\"_blank\" rel=\"noopener\" data-cke-saved-href=\"http:\/\/www.vue.com\/lpi\/locate\">Trung t\u00e2m kh\u1ea3o th\u00ed <\/a><a href=\"http:\/\/www.vue.com\/lpi\/locate\" target=\"_blank\" rel=\"noopener\" data-cke-saved-href=\"http:\/\/www.vue.com\/lpi\/locate\">Pearson VUE<\/a>. B\u1ea1n s\u1ebd th\u1ef1c hi\u1ec7n b\u00e0i thi v\u1edbi s\u1ef1 theo d\u00f5i tr\u00ean webcam th\u00f4ng qua s\u1ef1 x\u00e1c minh c\u1ee7a ng\u01b0\u1eddi gi\u00e1m s\u00e1t Pearson VUE.<\/p>\n<h2>T\u00f4i c\u00f3 th\u1ec3 tham gia tr\u1ef1c tuy\u1ebfn c\u00e1c k\u00ec thi LPI n\u00e0o?<\/h2>\n<p><a href=\"https:\/\/www.lpi.org\/our-certifications\/linux-essentials-overview\" data-cke-saved-href=\"https:\/\/www.lpi.org\/our-certifications\/linux-essentials-overview\">Linux Professional Institute Linux Essentials<\/a><br \/>\n<a href=\"https:\/\/www.lpi.org\/our-certifications\/web-development-essentials-overview\" data-cke-saved-href=\"https:\/\/www.lpi.org\/our-certifications\/web-development-essentials-overview\">Linux Professional Institute Web Development Essentials<\/a><br \/>\n<a href=\"https:\/\/www.lpi.org\/lpic-1-linux-certified-administrator\" data-cke-saved-href=\"https:\/\/www.lpi.org\/lpic-1-linux-certified-administrator\">Linux Professional Institute LPIC-1<\/a><br \/>\n<a href=\"https:\/\/www.lpi.org\/lpic-2-linux-certified-engineer\" data-cke-saved-href=\"https:\/\/www.lpi.org\/lpic-2-linux-certified-engineer\">Linux Professional Institute LPIC-2<\/a><\/p>\n<h2>Nh\u1eefng ng\u00f4n ng\u1eef c\u00f3 s\u1eb5n trong c\u00e1c k\u00ec thi tr\u1ef1c tuy\u1ebfn?<\/h2>\n<p>Linux Professional Institute Linux Essentials: Ti\u1ebfng Anh, Ti\u1ebfng Nh\u1eadt, Ti\u1ebfng B\u1ed3 \u0110\u00e0o Nha (Brazil), Ti\u1ebfng \u0110\u1ee9c, Ti\u1ebfng H\u00e0 Lan<br \/>\nLinux Professional Institute LPIC-1: Ti\u1ebfng Anh, Ti\u1ebfng Nh\u1eadt, Ti\u1ebfng B\u1ed3 \u0110\u00e0o Nha (Brazil), Ti\u1ebfng T\u00e2y Ban Nha<br \/>\nLinux Professional Institute LPIC-2: Ti\u1ebfng Anh<\/p>\n<h2>Nh\u1eefng \u0111i\u1ec1u th\u00ed sinh n\u00ean bi\u1ebft<\/h2>\n<p>N\u1ec1n t\u1ea3ng gi\u00e1m s\u00e1t tr\u1ef1c tuy\u1ebfn OnVUE ch\u1ec9 c\u00f3 s\u1eb5n v\u1edbi ng\u00f4n ng\u1eef Ti\u1ebfng Anh. C\u00e1c th\u00ed sinh c\u1ea7n c\u00f3 m\u1ed9t \u0111\u1ecba \u0111i\u1ec3m y\u00ean t\u0129nh, ri\u00eang t\u01b0, m\u00e1y t\u00ednh tin c\u1eady c\u00f3 camera v\u00e0 k\u1ebft n\u1ed1i m\u1ea1ng \u1ed5n \u0111\u1ecbnh. Hi\u1ec7n t\u1ea1i, ch\u1ec9 h\u1ed7 tr\u1ee3 cho h\u1ec7 \u0111i\u1ec1u h\u00e0nh Windows v\u00e0 MacOS. V\u1edbi t\u01b0 c\u00e1ch l\u00e0 m\u1ed9t t\u1ed5 ch\u1ee9c c\u1ee7a ch\u1ee9ng ch\u1ec9 Linux, ch\u00fang t\u00f4i bi\u1ebft nhi\u1ec1u \u1ee9ng vi\u00ean th\u00edch th\u1ef1c hi\u1ec7n b\u00e0i ki\u1ec3m tra tr\u00ean h\u1ec7 th\u1ed1ng m\u00e0 h\u1ecd \u0111ang h\u1ecdc v\u00e0 l\u00e0m vi\u1ec7c h\u01a1n. \u0110\u00f3 l\u00e0 l\u00fd do t\u1ea1i sao ch\u00fang t\u00f4i \u0111ang th\u1ea3o lu\u1eadn v\u1edbi Pearson VUE \u0111\u1ec3 cung c\u1ea5p c\u00e1c k\u00ec thi c\u00f3 s\u1eb5n tr\u00ean m\u00e1y t\u00ednh Linux.<\/p>\n<p>B\u1ea1n c\u00f3 th\u1ec3 t\u00ecm th\u1ea5y danh s\u00e1ch \u0111\u1ea7y \u0111\u1ee7 v\u1ec1 c\u00e1c y\u00eau c\u1ea7u, ch\u00ednh s\u00e1ch, th\u1ee7 t\u1ee5c c\u1ee7a h\u1ec7 th\u1ed1ng t\u1ea1i <a href=\"https:\/\/home.pearsonvue.com\/lpi\/onvue\" target=\"_blank\" rel=\"noopener\" data-cke-saved-href=\"https:\/\/home.pearsonvue.com\/lpi\/onvue\">https:\/\/home.pearsonvue.com\/lpi\/onvue<\/a>. L\u1ec7 ph\u00ed v\u00e0 th\u1eddi l\u01b0\u1ee3ng k\u00ec thi LPI v\u1eabn gi\u1eef nguy\u00ean tr\u00ean n\u1ec1n t\u1ea3ng OnVUE c\u0169ng nh\u01b0 t\u1ea1i c\u00e1c trung t\u00e2m kh\u1ea3o th\u00ed.<\/p>\n<p>Ch\u00fang t\u00f4i \u0111ang li\u00ean t\u1ee5c theo d\u00f5i nhu c\u1ea7u trong c\u1ed9ng \u0111\u1ed3ng v\u00e0 \u0111ang \u0111i\u1ec1u ch\u1ec9nh c\u00e1c ph\u1ea3n h\u1ed3i c\u0169ng nh\u01b0 bi\u1ec7n ph\u00e1p c\u1ee7a m\u00ecnh \u0111\u1ec3 \u0111\u00e1p \u1ee9ng nhu c\u1ea7u c\u1ee7a nhi\u1ec1u \u1ee9ng vi\u00ean ti\u1ec1m n\u0103ng nh\u1ea5t c\u00f3 th\u1ec3. N\u1ebfu c\u00f3 th\u00eam c\u00e2u h\u1ecfi hay c\u1ea7n s\u1ef1 h\u1ed7 tr\u1ee3 c\u0169ng nh\u01b0 c\u00e1c \u0111i\u1ec1u ki\u1ec7n \u0111\u1eb7c bi\u1ec7t, vui l\u00f2ng v\u00e0o trang <a href=\"https:\/\/www.lpi.org\/about-lpi\/frequently-asked-questions\" data-cke-saved-href=\"https:\/\/www.lpi.org\/about-lpi\/frequently-asked-questions\">C\u00e2u h\u1ecfi th\u01b0\u1eddng g\u1eb7p<\/a> ho\u1eb7c li\u00ean h\u1ec7 v\u1edbi LPI qua <a href=\"mailto:info@lpi.org?subject=I%20have%20a%20question%20about%20online%20exams\" data-cke-saved-href=\"mailto:info@lpi.org?subject=I%20have%20a%20question%20about%20online%20exams\">info@lpi.org<\/a>.<\/p>\n<p><a class=\"button2\" href=\"\/coronavirus\" data-cke-saved-href=\"\/coronavirus\">Ph\u1ea3n h\u1ed3i c\u1ee7a ch\u00fang t\u00f4i v\u1ec1 COVID-19 (Coronavirus)<\/a><\/p>\n<p><a class=\"button2\" href=\"\/blog\/2020\/03\/17\/learn-and-volunteer-your-extra-time-home\" data-cke-saved-href=\"\/blog\/2020\/03\/17\/learn-and-volunteer-your-extra-time-home\">T\u1ef1 h\u1ecdc t\u1ea1i nh\u00e0<\/a><\/p>\n","protected":false},"excerpt":{"rendered":"<p>Linux Professional Institute (LPI) \u0111\u01b0a ra c\u00e1c k\u00ec thi Linux Essentials, LPIC-1 (101 v\u00e0 102), LPIC-2 (201 v\u00e0 202) th\u00f4ng qua H\u1ec7 th\u1ed1ng ki\u1ec3m tra Pearson VUE OnVUE. C\u00e1c ng\u00f4n ng\u1eef \u0111\u01b0\u1ee3c b\u1ed5 sung s\u1ebd \u0111\u01b0\u1ee3c cung c\u1ea5p s\u1edbm nh\u1ea5t &#8230; <a href=\"https:\/\/www.lpi.org\/vi\/bai-kiem-tra-truc-tuyen-linux-professional-institute\/\" class=\"button-link\">Read more<\/a><\/p>\n","protected":false},"author":1,"featured_media":17167,"parent":0,"menu_order":0,"comment_status":"closed","ping_status":"closed","template":"","meta":{"_acf_changed":false,"footnotes":""},"class_list":["post-17166","page","type-page","status-publish","has-post-thumbnail","hentry"],"acf":[],"yoast_head":"<!-- This site is optimized with the Yoast SEO Premium plugin v27.2 (Yoast SEO v27.4) - https:\/\/yoast.com\/product\/yoast-seo-premium-wordpress\/ -->\n<title>Ki\u1ec3m tra tr\u1ef1c tuy\u1ebfn - Linux Professional Institute (LPI)<\/title>\n<meta name=\"description\" content=\"Linux Professional Institute (LPI) cung c\u1ea5p c\u00e1c b\u00e0i ki\u1ec3m tra Linux Essentials, LPIC-1 v\u00e0 LPIC-2 th\u00f4ng qua h\u1ec7 th\u1ed1ng ki\u1ec3m tra Pearson VUE OnVUE. T\u00ecm hi\u1ec3u th\u00eam!\" \/>\n<meta name=\"robots\" content=\"index, follow, max-snippet:-1, max-image-preview:large, max-video-preview:-1\" \/>\n<link rel=\"canonical\" href=\"https:\/\/www.lpi.org\/vi\/bai-kiem-tra-truc-tuyen-linux-professional-institute\/\" \/>\n<meta property=\"og:locale\" content=\"vi_VN\" \/>\n<meta property=\"og:type\" content=\"article\" \/>\n<meta property=\"og:title\" content=\"B\u00e0i ki\u1ec3m tra tr\u1ef1c tuy\u1ebfn Linux Professional Institute\" \/>\n<meta property=\"og:description\" content=\"Linux Professional Institute (LPI) cung c\u1ea5p c\u00e1c b\u00e0i ki\u1ec3m tra Linux Essentials, LPIC-1 v\u00e0 LPIC-2 th\u00f4ng qua h\u1ec7 th\u1ed1ng ki\u1ec3m tra Pearson VUE OnVUE. T\u00ecm hi\u1ec3u th\u00eam!\" \/>\n<meta property=\"og:url\" content=\"https:\/\/www.lpi.org\/vi\/bai-kiem-tra-truc-tuyen-linux-professional-institute\/\" \/>\n<meta property=\"og:site_name\" content=\"Linux Professional Institute (LPI)\" \/>\n<meta property=\"article:publisher\" content=\"https:\/\/www.facebook.com\/LPIConnect\" \/>\n<meta property=\"article:modified_time\" content=\"2023-10-07T03:21:15+00:00\" \/>\n<meta property=\"og:image\" content=\"https:\/\/www.lpi.org\/wp-content\/uploads\/2023\/05\/article-onVUE-Remote-Proctoring02.jpg\" \/>\n\t<meta property=\"og:image:width\" content=\"1440\" \/>\n\t<meta property=\"og:image:height\" content=\"994\" \/>\n\t<meta property=\"og:image:type\" content=\"image\/jpeg\" \/>\n<meta name=\"twitter:card\" content=\"summary_large_image\" \/>\n<meta name=\"twitter:site\" content=\"@lpiconnect\" \/>\n<meta name=\"twitter:label1\" content=\"Est. reading time\" \/>\n\t<meta name=\"twitter:data1\" content=\"4 minutes\" \/>\n<script type=\"application\/ld+json\" class=\"yoast-schema-graph\">{\"@context\":\"https:\\\/\\\/schema.org\",\"@graph\":[{\"@type\":\"WebPage\",\"@id\":\"https:\\\/\\\/www.lpi.org\\\/vi\\\/bai-kiem-tra-truc-tuyen-linux-professional-institute\\\/\",\"url\":\"https:\\\/\\\/www.lpi.org\\\/vi\\\/bai-kiem-tra-truc-tuyen-linux-professional-institute\\\/\",\"name\":\"Ki\u1ec3m tra tr\u1ef1c tuy\u1ebfn - Linux Professional Institute (LPI)\",\"isPartOf\":{\"@id\":\"https:\\\/\\\/www.lpi.org\\\/vi\\\/#website\"},\"primaryImageOfPage\":{\"@id\":\"https:\\\/\\\/www.lpi.org\\\/vi\\\/bai-kiem-tra-truc-tuyen-linux-professional-institute\\\/#primaryimage\"},\"image\":{\"@id\":\"https:\\\/\\\/www.lpi.org\\\/vi\\\/bai-kiem-tra-truc-tuyen-linux-professional-institute\\\/#primaryimage\"},\"thumbnailUrl\":\"https:\\\/\\\/www.lpi.org\\\/wp-content\\\/uploads\\\/2023\\\/05\\\/article-onVUE-Remote-Proctoring02.jpg\",\"datePublished\":\"2023-04-06T10:31:49+00:00\",\"dateModified\":\"2023-10-07T03:21:15+00:00\",\"description\":\"Linux Professional Institute (LPI) cung c\u1ea5p c\u00e1c b\u00e0i ki\u1ec3m tra Linux Essentials, LPIC-1 v\u00e0 LPIC-2 th\u00f4ng qua h\u1ec7 th\u1ed1ng ki\u1ec3m tra Pearson VUE OnVUE. T\u00ecm hi\u1ec3u th\u00eam!\",\"breadcrumb\":{\"@id\":\"https:\\\/\\\/www.lpi.org\\\/vi\\\/bai-kiem-tra-truc-tuyen-linux-professional-institute\\\/#breadcrumb\"},\"inLanguage\":\"vi-VN\",\"potentialAction\":[{\"@type\":\"ReadAction\",\"target\":[\"https:\\\/\\\/www.lpi.org\\\/vi\\\/bai-kiem-tra-truc-tuyen-linux-professional-institute\\\/\"]}]},{\"@type\":\"ImageObject\",\"inLanguage\":\"vi-VN\",\"@id\":\"https:\\\/\\\/www.lpi.org\\\/vi\\\/bai-kiem-tra-truc-tuyen-linux-professional-institute\\\/#primaryimage\",\"url\":\"https:\\\/\\\/www.lpi.org\\\/wp-content\\\/uploads\\\/2023\\\/05\\\/article-onVUE-Remote-Proctoring02.jpg\",\"contentUrl\":\"https:\\\/\\\/www.lpi.org\\\/wp-content\\\/uploads\\\/2023\\\/05\\\/article-onVUE-Remote-Proctoring02.jpg\",\"width\":1440,\"height\":994},{\"@type\":\"BreadcrumbList\",\"@id\":\"https:\\\/\\\/www.lpi.org\\\/vi\\\/bai-kiem-tra-truc-tuyen-linux-professional-institute\\\/#breadcrumb\",\"itemListElement\":[{\"@type\":\"ListItem\",\"position\":1,\"name\":\"Home\",\"item\":\"https:\\\/\\\/www.lpi.org\\\/vi\\\/\"},{\"@type\":\"ListItem\",\"position\":2,\"name\":\"B\u00e0i ki\u1ec3m tra tr\u1ef1c tuy\u1ebfn Linux Professional Institute\"}]},{\"@type\":\"WebSite\",\"@id\":\"https:\\\/\\\/www.lpi.org\\\/vi\\\/#website\",\"url\":\"https:\\\/\\\/www.lpi.org\\\/vi\\\/\",\"name\":\"Linux Professional Institute (LPI)\",\"description\":\"\",\"publisher\":{\"@id\":\"https:\\\/\\\/www.lpi.org\\\/vi\\\/#organization\"},\"potentialAction\":[{\"@type\":\"SearchAction\",\"target\":{\"@type\":\"EntryPoint\",\"urlTemplate\":\"https:\\\/\\\/www.lpi.org\\\/vi\\\/?s={search_term_string}\"},\"query-input\":{\"@type\":\"PropertyValueSpecification\",\"valueRequired\":true,\"valueName\":\"search_term_string\"}}],\"inLanguage\":\"vi-VN\"},{\"@type\":\"Organization\",\"@id\":\"https:\\\/\\\/www.lpi.org\\\/vi\\\/#organization\",\"name\":\"Linux Professional Institute (LPI)\",\"url\":\"https:\\\/\\\/www.lpi.org\\\/vi\\\/\",\"logo\":{\"@type\":\"ImageObject\",\"inLanguage\":\"vi-VN\",\"@id\":\"https:\\\/\\\/www.lpi.org\\\/vi\\\/#\\\/schema\\\/logo\\\/image\\\/\",\"url\":\"https:\\\/\\\/www.lpi.org\\\/wp-content\\\/uploads\\\/2023\\\/04\\\/logo.png\",\"contentUrl\":\"https:\\\/\\\/www.lpi.org\\\/wp-content\\\/uploads\\\/2023\\\/04\\\/logo.png\",\"width\":496,\"height\":175,\"caption\":\"Linux Professional Institute (LPI)\"},\"image\":{\"@id\":\"https:\\\/\\\/www.lpi.org\\\/vi\\\/#\\\/schema\\\/logo\\\/image\\\/\"},\"sameAs\":[\"https:\\\/\\\/www.facebook.com\\\/LPIConnect\",\"https:\\\/\\\/x.com\\\/lpiconnect\",\"https:\\\/\\\/www.linkedin.com\\\/company\\\/35136\",\"https:\\\/\\\/www.instagram.com\\\/lpi_org\\\/\",\"https:\\\/\\\/fosstodon.org\\\/@LPI\"]}]}<\/script>\n<!-- \/ Yoast SEO Premium plugin. -->","yoast_head_json":{"title":"Ki\u1ec3m tra tr\u1ef1c tuy\u1ebfn - Linux Professional Institute (LPI)","description":"Linux Professional Institute (LPI) cung c\u1ea5p c\u00e1c b\u00e0i ki\u1ec3m tra Linux Essentials, LPIC-1 v\u00e0 LPIC-2 th\u00f4ng qua h\u1ec7 th\u1ed1ng ki\u1ec3m tra Pearson VUE OnVUE. T\u00ecm hi\u1ec3u th\u00eam!","robots":{"index":"index","follow":"follow","max-snippet":"max-snippet:-1","max-image-preview":"max-image-preview:large","max-video-preview":"max-video-preview:-1"},"canonical":"https:\/\/www.lpi.org\/vi\/bai-kiem-tra-truc-tuyen-linux-professional-institute\/","og_locale":"vi_VN","og_type":"article","og_title":"B\u00e0i ki\u1ec3m tra tr\u1ef1c tuy\u1ebfn Linux Professional Institute","og_description":"Linux Professional Institute (LPI) cung c\u1ea5p c\u00e1c b\u00e0i ki\u1ec3m tra Linux Essentials, LPIC-1 v\u00e0 LPIC-2 th\u00f4ng qua h\u1ec7 th\u1ed1ng ki\u1ec3m tra Pearson VUE OnVUE. T\u00ecm hi\u1ec3u th\u00eam!","og_url":"https:\/\/www.lpi.org\/vi\/bai-kiem-tra-truc-tuyen-linux-professional-institute\/","og_site_name":"Linux Professional Institute (LPI)","article_publisher":"https:\/\/www.facebook.com\/LPIConnect","article_modified_time":"2023-10-07T03:21:15+00:00","og_image":[{"width":1440,"height":994,"url":"https:\/\/www.lpi.org\/wp-content\/uploads\/2023\/05\/article-onVUE-Remote-Proctoring02.jpg","type":"image\/jpeg"}],"twitter_card":"summary_large_image","twitter_site":"@lpiconnect","twitter_misc":{"Est. reading time":"4 minutes"},"schema":{"@context":"https:\/\/schema.org","@graph":[{"@type":"WebPage","@id":"https:\/\/www.lpi.org\/vi\/bai-kiem-tra-truc-tuyen-linux-professional-institute\/","url":"https:\/\/www.lpi.org\/vi\/bai-kiem-tra-truc-tuyen-linux-professional-institute\/","name":"Ki\u1ec3m tra tr\u1ef1c tuy\u1ebfn - Linux Professional Institute (LPI)","isPartOf":{"@id":"https:\/\/www.lpi.org\/vi\/#website"},"primaryImageOfPage":{"@id":"https:\/\/www.lpi.org\/vi\/bai-kiem-tra-truc-tuyen-linux-professional-institute\/#primaryimage"},"image":{"@id":"https:\/\/www.lpi.org\/vi\/bai-kiem-tra-truc-tuyen-linux-professional-institute\/#primaryimage"},"thumbnailUrl":"https:\/\/www.lpi.org\/wp-content\/uploads\/2023\/05\/article-onVUE-Remote-Proctoring02.jpg","datePublished":"2023-04-06T10:31:49+00:00","dateModified":"2023-10-07T03:21:15+00:00","description":"Linux Professional Institute (LPI) cung c\u1ea5p c\u00e1c b\u00e0i ki\u1ec3m tra Linux Essentials, LPIC-1 v\u00e0 LPIC-2 th\u00f4ng qua h\u1ec7 th\u1ed1ng ki\u1ec3m tra Pearson VUE OnVUE. T\u00ecm hi\u1ec3u th\u00eam!","breadcrumb":{"@id":"https:\/\/www.lpi.org\/vi\/bai-kiem-tra-truc-tuyen-linux-professional-institute\/#breadcrumb"},"inLanguage":"vi-VN","potentialAction":[{"@type":"ReadAction","target":["https:\/\/www.lpi.org\/vi\/bai-kiem-tra-truc-tuyen-linux-professional-institute\/"]}]},{"@type":"ImageObject","inLanguage":"vi-VN","@id":"https:\/\/www.lpi.org\/vi\/bai-kiem-tra-truc-tuyen-linux-professional-institute\/#primaryimage","url":"https:\/\/www.lpi.org\/wp-content\/uploads\/2023\/05\/article-onVUE-Remote-Proctoring02.jpg","contentUrl":"https:\/\/www.lpi.org\/wp-content\/uploads\/2023\/05\/article-onVUE-Remote-Proctoring02.jpg","width":1440,"height":994},{"@type":"BreadcrumbList","@id":"https:\/\/www.lpi.org\/vi\/bai-kiem-tra-truc-tuyen-linux-professional-institute\/#breadcrumb","itemListElement":[{"@type":"ListItem","position":1,"name":"Home","item":"https:\/\/www.lpi.org\/vi\/"},{"@type":"ListItem","position":2,"name":"B\u00e0i ki\u1ec3m tra tr\u1ef1c tuy\u1ebfn Linux Professional Institute"}]},{"@type":"WebSite","@id":"https:\/\/www.lpi.org\/vi\/#website","url":"https:\/\/www.lpi.org\/vi\/","name":"Linux Professional Institute (LPI)","description":"","publisher":{"@id":"https:\/\/www.lpi.org\/vi\/#organization"},"potentialAction":[{"@type":"SearchAction","target":{"@type":"EntryPoint","urlTemplate":"https:\/\/www.lpi.org\/vi\/?s={search_term_string}"},"query-input":{"@type":"PropertyValueSpecification","valueRequired":true,"valueName":"search_term_string"}}],"inLanguage":"vi-VN"},{"@type":"Organization","@id":"https:\/\/www.lpi.org\/vi\/#organization","name":"Linux Professional Institute (LPI)","url":"https:\/\/www.lpi.org\/vi\/","logo":{"@type":"ImageObject","inLanguage":"vi-VN","@id":"https:\/\/www.lpi.org\/vi\/#\/schema\/logo\/image\/","url":"https:\/\/www.lpi.org\/wp-content\/uploads\/2023\/04\/logo.png","contentUrl":"https:\/\/www.lpi.org\/wp-content\/uploads\/2023\/04\/logo.png","width":496,"height":175,"caption":"Linux Professional Institute (LPI)"},"image":{"@id":"https:\/\/www.lpi.org\/vi\/#\/schema\/logo\/image\/"},"sameAs":["https:\/\/www.facebook.com\/LPIConnect","https:\/\/x.com\/lpiconnect","https:\/\/www.linkedin.com\/company\/35136","https:\/\/www.instagram.com\/lpi_org\/","https:\/\/fosstodon.org\/@LPI"]}]}},"_links":{"self":[{"href":"https:\/\/www.lpi.org\/vi\/wp-json\/wp\/v2\/pages\/17166","targetHints":{"allow":["GET"]}}],"collection":[{"href":"https:\/\/www.lpi.org\/vi\/wp-json\/wp\/v2\/pages"}],"about":[{"href":"https:\/\/www.lpi.org\/vi\/wp-json\/wp\/v2\/types\/page"}],"author":[{"embeddable":true,"href":"https:\/\/www.lpi.org\/vi\/wp-json\/wp\/v2\/users\/1"}],"replies":[{"embeddable":true,"href":"https:\/\/www.lpi.org\/vi\/wp-json\/wp\/v2\/comments?post=17166"}],"version-history":[{"count":10,"href":"https:\/\/www.lpi.org\/vi\/wp-json\/wp\/v2\/pages\/17166\/revisions"}],"predecessor-version":[{"id":18709,"href":"https:\/\/www.lpi.org\/vi\/wp-json\/wp\/v2\/pages\/17166\/revisions\/18709"}],"wp:featuredmedia":[{"embeddable":true,"href":"https:\/\/www.lpi.org\/vi\/wp-json\/wp\/v2\/media\/17167"}],"wp:attachment":[{"href":"https:\/\/www.lpi.org\/vi\/wp-json\/wp\/v2\/media?parent=17166"}],"curies":[{"name":"wp","href":"https:\/\/api.w.org\/{rel}","templated":true}]}}