{"id":17170,"date":"2023-06-19T04:18:08","date_gmt":"2023-06-19T08:18:08","guid":{"rendered":"https:\/\/www.lpi.org\/tro-thanh-mot-chuyen-gia-devops-duoc-chung-nhan\/"},"modified":"2025-10-23T13:49:10","modified_gmt":"2025-10-23T17:49:10","slug":"tro-thanh-mot-chuyen-gia-devops-duoc-chung-nhan","status":"publish","type":"page","link":"https:\/\/www.lpi.org\/vi\/tro-thanh-mot-chuyen-gia-devops-duoc-chung-nhan\/","title":{"rendered":"Tr\u1edf th\u00e0nh m\u1ed9t Chuy\u00ean gia DevOps \u0111\u01b0\u1ee3c ch\u1ee9ng nh\u1eadn"},"content":{"rendered":"","protected":false},"excerpt":{"rendered":"","protected":false},"author":1,"featured_media":0,"parent":0,"menu_order":0,"comment_status":"closed","ping_status":"closed","template":"template-sections.php","meta":{"_acf_changed":false,"footnotes":""},"class_list":["post-17170","page","type-page","status-publish","hentry"],"acf":[],"yoast_head":"<!-- This site is optimized with the Yoast SEO Premium plugin v27.2 (Yoast SEO v27.5) - https:\/\/yoast.com\/product\/yoast-seo-premium-wordpress\/ -->\n<title>Tr\u1edf th\u00e0nh m\u1ed9t Chuy\u00ean gia DevOps \u0111\u01b0\u1ee3c ch\u1ee9ng nh\u1eadn - Linux Professional Institute (LPI)<\/title>\n<meta name=\"description\" content=\"Tr\u1edf th\u00e0nh m\u1ed9t K\u1ef9 s\u01b0 c\u00f4ng c\u1ee5 DevOps Linux Professional Institute v\u00e0 th\u00fac \u0111\u1ea9y con \u0111\u01b0\u1eddng s\u1ef1 nghi\u1ec7p c\u1ee7a b\u1ea1n v\u1edbi c\u00e1c k\u0129 n\u0103ng DevOps \u0111\u01b0\u1ee3c ch\u1ee9ng nh\u1eadn. B\u1eaft \u0111\u1ea7u ngay n\u00e0o!\" \/>\n<meta name=\"robots\" content=\"index, follow, max-snippet:-1, max-image-preview:large, max-video-preview:-1\" \/>\n<link rel=\"canonical\" href=\"https:\/\/www.lpi.org\/vi\/tro-thanh-mot-chuyen-gia-devops-duoc-chung-nhan\/\" \/>\n<meta property=\"og:locale\" content=\"vi_VN\" \/>\n<meta property=\"og:type\" content=\"article\" \/>\n<meta property=\"og:title\" content=\"Tr\u1edf th\u00e0nh m\u1ed9t Chuy\u00ean gia DevOps \u0111\u01b0\u1ee3c ch\u1ee9ng nh\u1eadn\" \/>\n<meta property=\"og:description\" content=\"Tr\u1edf th\u00e0nh m\u1ed9t K\u1ef9 s\u01b0 c\u00f4ng c\u1ee5 DevOps Linux Professional Institute v\u00e0 th\u00fac \u0111\u1ea9y con \u0111\u01b0\u1eddng s\u1ef1 nghi\u1ec7p c\u1ee7a b\u1ea1n v\u1edbi c\u00e1c k\u0129 n\u0103ng DevOps \u0111\u01b0\u1ee3c ch\u1ee9ng nh\u1eadn. B\u1eaft \u0111\u1ea7u ngay n\u00e0o!\" \/>\n<meta property=\"og:url\" content=\"https:\/\/www.lpi.org\/vi\/tro-thanh-mot-chuyen-gia-devops-duoc-chung-nhan\/\" \/>\n<meta property=\"og:site_name\" content=\"Linux Professional Institute (LPI)\" \/>\n<meta property=\"article:publisher\" content=\"https:\/\/www.facebook.com\/LPIConnect\" \/>\n<meta property=\"article:modified_time\" content=\"2025-10-23T17:49:10+00:00\" \/>\n<meta name=\"twitter:card\" content=\"summary_large_image\" \/>\n<meta name=\"twitter:site\" content=\"@lpiconnect\" \/>\n<meta name=\"twitter:label1\" content=\"Est. reading time\" \/>\n\t<meta name=\"twitter:data1\" content=\"4 minutes\" \/>\n<script type=\"application\/ld+json\" class=\"yoast-schema-graph\">{\"@context\":\"https:\\\/\\\/schema.org\",\"@graph\":[{\"@type\":\"WebPage\",\"@id\":\"https:\\\/\\\/www.lpi.org\\\/vi\\\/tro-thanh-mot-chuyen-gia-devops-duoc-chung-nhan\\\/\",\"url\":\"https:\\\/\\\/www.lpi.org\\\/vi\\\/tro-thanh-mot-chuyen-gia-devops-duoc-chung-nhan\\\/\",\"name\":\"Tr\u1edf th\u00e0nh m\u1ed9t Chuy\u00ean gia DevOps \u0111\u01b0\u1ee3c ch\u1ee9ng nh\u1eadn - Linux Professional Institute (LPI)\",\"isPartOf\":{\"@id\":\"https:\\\/\\\/www.lpi.org\\\/vi\\\/#website\"},\"datePublished\":\"2023-06-19T08:18:08+00:00\",\"dateModified\":\"2025-10-23T17:49:10+00:00\",\"description\":\"Tr\u1edf th\u00e0nh m\u1ed9t K\u1ef9 s\u01b0 c\u00f4ng c\u1ee5 DevOps Linux Professional Institute v\u00e0 th\u00fac \u0111\u1ea9y con \u0111\u01b0\u1eddng s\u1ef1 nghi\u1ec7p c\u1ee7a b\u1ea1n v\u1edbi c\u00e1c k\u0129 n\u0103ng DevOps \u0111\u01b0\u1ee3c ch\u1ee9ng nh\u1eadn. B\u1eaft \u0111\u1ea7u ngay n\u00e0o!\",\"breadcrumb\":{\"@id\":\"https:\\\/\\\/www.lpi.org\\\/vi\\\/tro-thanh-mot-chuyen-gia-devops-duoc-chung-nhan\\\/#breadcrumb\"},\"inLanguage\":\"vi-VN\",\"potentialAction\":[{\"@type\":\"ReadAction\",\"target\":[\"https:\\\/\\\/www.lpi.org\\\/vi\\\/tro-thanh-mot-chuyen-gia-devops-duoc-chung-nhan\\\/\"]}]},{\"@type\":\"BreadcrumbList\",\"@id\":\"https:\\\/\\\/www.lpi.org\\\/vi\\\/tro-thanh-mot-chuyen-gia-devops-duoc-chung-nhan\\\/#breadcrumb\",\"itemListElement\":[{\"@type\":\"ListItem\",\"position\":1,\"name\":\"Home\",\"item\":\"https:\\\/\\\/www.lpi.org\\\/vi\\\/\"},{\"@type\":\"ListItem\",\"position\":2,\"name\":\"Tr\u1edf th\u00e0nh m\u1ed9t Chuy\u00ean gia DevOps \u0111\u01b0\u1ee3c ch\u1ee9ng nh\u1eadn\"}]},{\"@type\":\"WebSite\",\"@id\":\"https:\\\/\\\/www.lpi.org\\\/vi\\\/#website\",\"url\":\"https:\\\/\\\/www.lpi.org\\\/vi\\\/\",\"name\":\"Linux Professional Institute (LPI)\",\"description\":\"\",\"publisher\":{\"@id\":\"https:\\\/\\\/www.lpi.org\\\/vi\\\/#organization\"},\"potentialAction\":[{\"@type\":\"SearchAction\",\"target\":{\"@type\":\"EntryPoint\",\"urlTemplate\":\"https:\\\/\\\/www.lpi.org\\\/vi\\\/?s={search_term_string}\"},\"query-input\":{\"@type\":\"PropertyValueSpecification\",\"valueRequired\":true,\"valueName\":\"search_term_string\"}}],\"inLanguage\":\"vi-VN\"},{\"@type\":\"Organization\",\"@id\":\"https:\\\/\\\/www.lpi.org\\\/vi\\\/#organization\",\"name\":\"Linux Professional Institute (LPI)\",\"url\":\"https:\\\/\\\/www.lpi.org\\\/vi\\\/\",\"logo\":{\"@type\":\"ImageObject\",\"inLanguage\":\"vi-VN\",\"@id\":\"https:\\\/\\\/www.lpi.org\\\/vi\\\/#\\\/schema\\\/logo\\\/image\\\/\",\"url\":\"https:\\\/\\\/www.lpi.org\\\/wp-content\\\/uploads\\\/2023\\\/04\\\/logo.png\",\"contentUrl\":\"https:\\\/\\\/www.lpi.org\\\/wp-content\\\/uploads\\\/2023\\\/04\\\/logo.png\",\"width\":496,\"height\":175,\"caption\":\"Linux Professional Institute (LPI)\"},\"image\":{\"@id\":\"https:\\\/\\\/www.lpi.org\\\/vi\\\/#\\\/schema\\\/logo\\\/image\\\/\"},\"sameAs\":[\"https:\\\/\\\/www.facebook.com\\\/LPIConnect\",\"https:\\\/\\\/x.com\\\/lpiconnect\",\"https:\\\/\\\/www.linkedin.com\\\/company\\\/35136\",\"https:\\\/\\\/www.instagram.com\\\/lpi_org\\\/\",\"https:\\\/\\\/fosstodon.org\\\/@LPI\"]}]}<\/script>\n<!-- \/ Yoast SEO Premium plugin. -->","yoast_head_json":{"title":"Tr\u1edf th\u00e0nh m\u1ed9t Chuy\u00ean gia DevOps \u0111\u01b0\u1ee3c ch\u1ee9ng nh\u1eadn - Linux Professional Institute (LPI)","description":"Tr\u1edf th\u00e0nh m\u1ed9t K\u1ef9 s\u01b0 c\u00f4ng c\u1ee5 DevOps Linux Professional Institute v\u00e0 th\u00fac \u0111\u1ea9y con \u0111\u01b0\u1eddng s\u1ef1 nghi\u1ec7p c\u1ee7a b\u1ea1n v\u1edbi c\u00e1c k\u0129 n\u0103ng DevOps \u0111\u01b0\u1ee3c ch\u1ee9ng nh\u1eadn. B\u1eaft \u0111\u1ea7u ngay n\u00e0o!","robots":{"index":"index","follow":"follow","max-snippet":"max-snippet:-1","max-image-preview":"max-image-preview:large","max-video-preview":"max-video-preview:-1"},"canonical":"https:\/\/www.lpi.org\/vi\/tro-thanh-mot-chuyen-gia-devops-duoc-chung-nhan\/","og_locale":"vi_VN","og_type":"article","og_title":"Tr\u1edf th\u00e0nh m\u1ed9t Chuy\u00ean gia DevOps \u0111\u01b0\u1ee3c ch\u1ee9ng nh\u1eadn","og_description":"Tr\u1edf th\u00e0nh m\u1ed9t K\u1ef9 s\u01b0 c\u00f4ng c\u1ee5 DevOps Linux Professional Institute v\u00e0 th\u00fac \u0111\u1ea9y con \u0111\u01b0\u1eddng s\u1ef1 nghi\u1ec7p c\u1ee7a b\u1ea1n v\u1edbi c\u00e1c k\u0129 n\u0103ng DevOps \u0111\u01b0\u1ee3c ch\u1ee9ng nh\u1eadn. B\u1eaft \u0111\u1ea7u ngay n\u00e0o!","og_url":"https:\/\/www.lpi.org\/vi\/tro-thanh-mot-chuyen-gia-devops-duoc-chung-nhan\/","og_site_name":"Linux Professional Institute (LPI)","article_publisher":"https:\/\/www.facebook.com\/LPIConnect","article_modified_time":"2025-10-23T17:49:10+00:00","twitter_card":"summary_large_image","twitter_site":"@lpiconnect","twitter_misc":{"Est. reading time":"4 minutes"},"schema":{"@context":"https:\/\/schema.org","@graph":[{"@type":"WebPage","@id":"https:\/\/www.lpi.org\/vi\/tro-thanh-mot-chuyen-gia-devops-duoc-chung-nhan\/","url":"https:\/\/www.lpi.org\/vi\/tro-thanh-mot-chuyen-gia-devops-duoc-chung-nhan\/","name":"Tr\u1edf th\u00e0nh m\u1ed9t Chuy\u00ean gia DevOps \u0111\u01b0\u1ee3c ch\u1ee9ng nh\u1eadn - Linux Professional Institute (LPI)","isPartOf":{"@id":"https:\/\/www.lpi.org\/vi\/#website"},"datePublished":"2023-06-19T08:18:08+00:00","dateModified":"2025-10-23T17:49:10+00:00","description":"Tr\u1edf th\u00e0nh m\u1ed9t K\u1ef9 s\u01b0 c\u00f4ng c\u1ee5 DevOps Linux Professional Institute v\u00e0 th\u00fac \u0111\u1ea9y con \u0111\u01b0\u1eddng s\u1ef1 nghi\u1ec7p c\u1ee7a b\u1ea1n v\u1edbi c\u00e1c k\u0129 n\u0103ng DevOps \u0111\u01b0\u1ee3c ch\u1ee9ng nh\u1eadn. B\u1eaft \u0111\u1ea7u ngay n\u00e0o!","breadcrumb":{"@id":"https:\/\/www.lpi.org\/vi\/tro-thanh-mot-chuyen-gia-devops-duoc-chung-nhan\/#breadcrumb"},"inLanguage":"vi-VN","potentialAction":[{"@type":"ReadAction","target":["https:\/\/www.lpi.org\/vi\/tro-thanh-mot-chuyen-gia-devops-duoc-chung-nhan\/"]}]},{"@type":"BreadcrumbList","@id":"https:\/\/www.lpi.org\/vi\/tro-thanh-mot-chuyen-gia-devops-duoc-chung-nhan\/#breadcrumb","itemListElement":[{"@type":"ListItem","position":1,"name":"Home","item":"https:\/\/www.lpi.org\/vi\/"},{"@type":"ListItem","position":2,"name":"Tr\u1edf th\u00e0nh m\u1ed9t Chuy\u00ean gia DevOps \u0111\u01b0\u1ee3c ch\u1ee9ng nh\u1eadn"}]},{"@type":"WebSite","@id":"https:\/\/www.lpi.org\/vi\/#website","url":"https:\/\/www.lpi.org\/vi\/","name":"Linux Professional Institute (LPI)","description":"","publisher":{"@id":"https:\/\/www.lpi.org\/vi\/#organization"},"potentialAction":[{"@type":"SearchAction","target":{"@type":"EntryPoint","urlTemplate":"https:\/\/www.lpi.org\/vi\/?s={search_term_string}"},"query-input":{"@type":"PropertyValueSpecification","valueRequired":true,"valueName":"search_term_string"}}],"inLanguage":"vi-VN"},{"@type":"Organization","@id":"https:\/\/www.lpi.org\/vi\/#organization","name":"Linux Professional Institute (LPI)","url":"https:\/\/www.lpi.org\/vi\/","logo":{"@type":"ImageObject","inLanguage":"vi-VN","@id":"https:\/\/www.lpi.org\/vi\/#\/schema\/logo\/image\/","url":"https:\/\/www.lpi.org\/wp-content\/uploads\/2023\/04\/logo.png","contentUrl":"https:\/\/www.lpi.org\/wp-content\/uploads\/2023\/04\/logo.png","width":496,"height":175,"caption":"Linux Professional Institute (LPI)"},"image":{"@id":"https:\/\/www.lpi.org\/vi\/#\/schema\/logo\/image\/"},"sameAs":["https:\/\/www.facebook.com\/LPIConnect","https:\/\/x.com\/lpiconnect","https:\/\/www.linkedin.com\/company\/35136","https:\/\/www.instagram.com\/lpi_org\/","https:\/\/fosstodon.org\/@LPI"]}]}},"_links":{"self":[{"href":"https:\/\/www.lpi.org\/vi\/wp-json\/wp\/v2\/pages\/17170","targetHints":{"allow":["GET"]}}],"collection":[{"href":"https:\/\/www.lpi.org\/vi\/wp-json\/wp\/v2\/pages"}],"about":[{"href":"https:\/\/www.lpi.org\/vi\/wp-json\/wp\/v2\/types\/page"}],"author":[{"embeddable":true,"href":"https:\/\/www.lpi.org\/vi\/wp-json\/wp\/v2\/users\/1"}],"replies":[{"embeddable":true,"href":"https:\/\/www.lpi.org\/vi\/wp-json\/wp\/v2\/comments?post=17170"}],"version-history":[{"count":3,"href":"https:\/\/www.lpi.org\/vi\/wp-json\/wp\/v2\/pages\/17170\/revisions"}],"predecessor-version":[{"id":32283,"href":"https:\/\/www.lpi.org\/vi\/wp-json\/wp\/v2\/pages\/17170\/revisions\/32283"}],"wp:attachment":[{"href":"https:\/\/www.lpi.org\/vi\/wp-json\/wp\/v2\/media?parent=17170"}],"curies":[{"name":"wp","href":"https:\/\/api.w.org\/{rel}","templated":true}]}}