{"id":17254,"date":"2023-04-06T06:33:46","date_gmt":"2023-04-06T10:33:46","guid":{"rendered":"https:\/\/www.lpi.org\/giang-vien-duoc-phe-chuan\/"},"modified":"2024-04-11T10:47:14","modified_gmt":"2024-04-11T14:47:14","slug":"giang-vien-duoc-phe-chuan","status":"publish","type":"page","link":"https:\/\/www.lpi.org\/vi\/chuong-trinh-cong-dong\/giang-vien-duoc-phe-chuan\/","title":{"rendered":"Nh\u00e0 \u0111\u00e0o t\u1ea1o \u0111\u01b0\u1ee3c ph\u00ea chu\u1ea9n"},"content":{"rendered":"","protected":false},"excerpt":{"rendered":"","protected":false},"author":1,"featured_media":0,"parent":17504,"menu_order":0,"comment_status":"closed","ping_status":"closed","template":"template-sections.php","meta":{"_acf_changed":false,"footnotes":""},"class_list":["post-17254","page","type-page","status-publish","hentry"],"acf":[],"yoast_head":"<!-- This site is optimized with the Yoast SEO Premium plugin v27.2 (Yoast SEO v27.4) - https:\/\/yoast.com\/product\/yoast-seo-premium-wordpress\/ -->\n<title>Tr\u1edf th\u00e0nh Nh\u00e0 \u0111\u00e0o t\u1ea1o \u0111\u01b0\u1ee3c ph\u00ea chu\u1ea9n - Linux Professional Institute (LPI)<\/title>\n<meta name=\"description\" content=\"Tr\u1edf th\u00e0nh Nh\u00e0 \u0111\u00e0o t\u1ea1o \u0111\u01b0\u1ee3c ph\u00ea chu\u1ea9n c\u1ee7a Linux Professional Institute (LPI), cho th\u1ea5y b\u1ea1n t\u1eadn t\u00e2m v\u1edbi s\u1ef1 nghi\u1ec7p gi\u00e1o d\u1ee5c c\u00f4ng ngh\u1ec7 v\u00e0 m\u00e3 ngu\u1ed3n m\u1edf ch\u1ea5t l\u01b0\u1ee3ng cao.\" \/>\n<meta name=\"robots\" content=\"index, follow, max-snippet:-1, max-image-preview:large, max-video-preview:-1\" \/>\n<link rel=\"canonical\" href=\"https:\/\/www.lpi.org\/vi\/chuong-trinh-cong-dong\/giang-vien-duoc-phe-chuan\/\" \/>\n<meta property=\"og:locale\" content=\"vi_VN\" \/>\n<meta property=\"og:type\" content=\"article\" \/>\n<meta property=\"og:title\" content=\"Nh\u00e0 \u0111\u00e0o t\u1ea1o \u0111\u01b0\u1ee3c ph\u00ea chu\u1ea9n\" \/>\n<meta property=\"og:description\" content=\"Tr\u1edf th\u00e0nh Nh\u00e0 \u0111\u00e0o t\u1ea1o \u0111\u01b0\u1ee3c ph\u00ea chu\u1ea9n c\u1ee7a Linux Professional Institute (LPI), cho th\u1ea5y b\u1ea1n t\u1eadn t\u00e2m v\u1edbi s\u1ef1 nghi\u1ec7p gi\u00e1o d\u1ee5c c\u00f4ng ngh\u1ec7 v\u00e0 m\u00e3 ngu\u1ed3n m\u1edf ch\u1ea5t l\u01b0\u1ee3ng cao.\" \/>\n<meta property=\"og:url\" content=\"https:\/\/www.lpi.org\/vi\/chuong-trinh-cong-dong\/giang-vien-duoc-phe-chuan\/\" \/>\n<meta property=\"og:site_name\" content=\"Linux Professional Institute (LPI)\" \/>\n<meta property=\"article:publisher\" content=\"https:\/\/www.facebook.com\/LPIConnect\" \/>\n<meta property=\"article:modified_time\" content=\"2024-04-11T14:47:14+00:00\" \/>\n<meta name=\"twitter:card\" content=\"summary_large_image\" \/>\n<meta name=\"twitter:site\" content=\"@lpiconnect\" \/>\n<meta name=\"twitter:label1\" content=\"Est. reading time\" \/>\n\t<meta name=\"twitter:data1\" content=\"4 minutes\" \/>\n<script type=\"application\/ld+json\" class=\"yoast-schema-graph\">{\"@context\":\"https:\\\/\\\/schema.org\",\"@graph\":[{\"@type\":\"WebPage\",\"@id\":\"https:\\\/\\\/www.lpi.org\\\/vi\\\/chuong-trinh-cong-dong\\\/giang-vien-duoc-phe-chuan\\\/\",\"url\":\"https:\\\/\\\/www.lpi.org\\\/vi\\\/chuong-trinh-cong-dong\\\/giang-vien-duoc-phe-chuan\\\/\",\"name\":\"Tr\u1edf th\u00e0nh Nh\u00e0 \u0111\u00e0o t\u1ea1o \u0111\u01b0\u1ee3c ph\u00ea chu\u1ea9n - Linux Professional Institute (LPI)\",\"isPartOf\":{\"@id\":\"https:\\\/\\\/www.lpi.org\\\/vi\\\/#website\"},\"datePublished\":\"2023-04-06T10:33:46+00:00\",\"dateModified\":\"2024-04-11T14:47:14+00:00\",\"description\":\"Tr\u1edf th\u00e0nh Nh\u00e0 \u0111\u00e0o t\u1ea1o \u0111\u01b0\u1ee3c ph\u00ea chu\u1ea9n c\u1ee7a Linux Professional Institute (LPI), cho th\u1ea5y b\u1ea1n t\u1eadn t\u00e2m v\u1edbi s\u1ef1 nghi\u1ec7p gi\u00e1o d\u1ee5c c\u00f4ng ngh\u1ec7 v\u00e0 m\u00e3 ngu\u1ed3n m\u1edf ch\u1ea5t l\u01b0\u1ee3ng cao.\",\"breadcrumb\":{\"@id\":\"https:\\\/\\\/www.lpi.org\\\/vi\\\/chuong-trinh-cong-dong\\\/giang-vien-duoc-phe-chuan\\\/#breadcrumb\"},\"inLanguage\":\"vi-VN\",\"potentialAction\":[{\"@type\":\"ReadAction\",\"target\":[\"https:\\\/\\\/www.lpi.org\\\/vi\\\/chuong-trinh-cong-dong\\\/giang-vien-duoc-phe-chuan\\\/\"]}]},{\"@type\":\"BreadcrumbList\",\"@id\":\"https:\\\/\\\/www.lpi.org\\\/vi\\\/chuong-trinh-cong-dong\\\/giang-vien-duoc-phe-chuan\\\/#breadcrumb\",\"itemListElement\":[{\"@type\":\"ListItem\",\"position\":1,\"name\":\"Home\",\"item\":\"https:\\\/\\\/www.lpi.org\\\/vi\\\/\"},{\"@type\":\"ListItem\",\"position\":2,\"name\":\"Ch\u01b0\u01a1ng tr\u00ecnh C\u1ed9ng \u0111\u1ed3ng\",\"item\":\"https:\\\/\\\/www.lpi.org\\\/vi\\\/chuong-trinh-cong-dong\\\/\"},{\"@type\":\"ListItem\",\"position\":3,\"name\":\"Nh\u00e0 \u0111\u00e0o t\u1ea1o \u0111\u01b0\u1ee3c ph\u00ea chu\u1ea9n\"}]},{\"@type\":\"WebSite\",\"@id\":\"https:\\\/\\\/www.lpi.org\\\/vi\\\/#website\",\"url\":\"https:\\\/\\\/www.lpi.org\\\/vi\\\/\",\"name\":\"Linux Professional Institute (LPI)\",\"description\":\"\",\"publisher\":{\"@id\":\"https:\\\/\\\/www.lpi.org\\\/vi\\\/#organization\"},\"potentialAction\":[{\"@type\":\"SearchAction\",\"target\":{\"@type\":\"EntryPoint\",\"urlTemplate\":\"https:\\\/\\\/www.lpi.org\\\/vi\\\/?s={search_term_string}\"},\"query-input\":{\"@type\":\"PropertyValueSpecification\",\"valueRequired\":true,\"valueName\":\"search_term_string\"}}],\"inLanguage\":\"vi-VN\"},{\"@type\":\"Organization\",\"@id\":\"https:\\\/\\\/www.lpi.org\\\/vi\\\/#organization\",\"name\":\"Linux Professional Institute (LPI)\",\"url\":\"https:\\\/\\\/www.lpi.org\\\/vi\\\/\",\"logo\":{\"@type\":\"ImageObject\",\"inLanguage\":\"vi-VN\",\"@id\":\"https:\\\/\\\/www.lpi.org\\\/vi\\\/#\\\/schema\\\/logo\\\/image\\\/\",\"url\":\"https:\\\/\\\/www.lpi.org\\\/wp-content\\\/uploads\\\/2023\\\/04\\\/logo.png\",\"contentUrl\":\"https:\\\/\\\/www.lpi.org\\\/wp-content\\\/uploads\\\/2023\\\/04\\\/logo.png\",\"width\":496,\"height\":175,\"caption\":\"Linux Professional Institute (LPI)\"},\"image\":{\"@id\":\"https:\\\/\\\/www.lpi.org\\\/vi\\\/#\\\/schema\\\/logo\\\/image\\\/\"},\"sameAs\":[\"https:\\\/\\\/www.facebook.com\\\/LPIConnect\",\"https:\\\/\\\/x.com\\\/lpiconnect\",\"https:\\\/\\\/www.linkedin.com\\\/company\\\/35136\",\"https:\\\/\\\/www.instagram.com\\\/lpi_org\\\/\",\"https:\\\/\\\/fosstodon.org\\\/@LPI\"]}]}<\/script>\n<!-- \/ Yoast SEO Premium plugin. -->","yoast_head_json":{"title":"Tr\u1edf th\u00e0nh Nh\u00e0 \u0111\u00e0o t\u1ea1o \u0111\u01b0\u1ee3c ph\u00ea chu\u1ea9n - Linux Professional Institute (LPI)","description":"Tr\u1edf th\u00e0nh Nh\u00e0 \u0111\u00e0o t\u1ea1o \u0111\u01b0\u1ee3c ph\u00ea chu\u1ea9n c\u1ee7a Linux Professional Institute (LPI), cho th\u1ea5y b\u1ea1n t\u1eadn t\u00e2m v\u1edbi s\u1ef1 nghi\u1ec7p gi\u00e1o d\u1ee5c c\u00f4ng ngh\u1ec7 v\u00e0 m\u00e3 ngu\u1ed3n m\u1edf ch\u1ea5t l\u01b0\u1ee3ng cao.","robots":{"index":"index","follow":"follow","max-snippet":"max-snippet:-1","max-image-preview":"max-image-preview:large","max-video-preview":"max-video-preview:-1"},"canonical":"https:\/\/www.lpi.org\/vi\/chuong-trinh-cong-dong\/giang-vien-duoc-phe-chuan\/","og_locale":"vi_VN","og_type":"article","og_title":"Nh\u00e0 \u0111\u00e0o t\u1ea1o \u0111\u01b0\u1ee3c ph\u00ea chu\u1ea9n","og_description":"Tr\u1edf th\u00e0nh Nh\u00e0 \u0111\u00e0o t\u1ea1o \u0111\u01b0\u1ee3c ph\u00ea chu\u1ea9n c\u1ee7a Linux Professional Institute (LPI), cho th\u1ea5y b\u1ea1n t\u1eadn t\u00e2m v\u1edbi s\u1ef1 nghi\u1ec7p gi\u00e1o d\u1ee5c c\u00f4ng ngh\u1ec7 v\u00e0 m\u00e3 ngu\u1ed3n m\u1edf ch\u1ea5t l\u01b0\u1ee3ng cao.","og_url":"https:\/\/www.lpi.org\/vi\/chuong-trinh-cong-dong\/giang-vien-duoc-phe-chuan\/","og_site_name":"Linux Professional Institute (LPI)","article_publisher":"https:\/\/www.facebook.com\/LPIConnect","article_modified_time":"2024-04-11T14:47:14+00:00","twitter_card":"summary_large_image","twitter_site":"@lpiconnect","twitter_misc":{"Est. reading time":"4 minutes"},"schema":{"@context":"https:\/\/schema.org","@graph":[{"@type":"WebPage","@id":"https:\/\/www.lpi.org\/vi\/chuong-trinh-cong-dong\/giang-vien-duoc-phe-chuan\/","url":"https:\/\/www.lpi.org\/vi\/chuong-trinh-cong-dong\/giang-vien-duoc-phe-chuan\/","name":"Tr\u1edf th\u00e0nh Nh\u00e0 \u0111\u00e0o t\u1ea1o \u0111\u01b0\u1ee3c ph\u00ea chu\u1ea9n - Linux Professional Institute (LPI)","isPartOf":{"@id":"https:\/\/www.lpi.org\/vi\/#website"},"datePublished":"2023-04-06T10:33:46+00:00","dateModified":"2024-04-11T14:47:14+00:00","description":"Tr\u1edf th\u00e0nh Nh\u00e0 \u0111\u00e0o t\u1ea1o \u0111\u01b0\u1ee3c ph\u00ea chu\u1ea9n c\u1ee7a Linux Professional Institute (LPI), cho th\u1ea5y b\u1ea1n t\u1eadn t\u00e2m v\u1edbi s\u1ef1 nghi\u1ec7p gi\u00e1o d\u1ee5c c\u00f4ng ngh\u1ec7 v\u00e0 m\u00e3 ngu\u1ed3n m\u1edf ch\u1ea5t l\u01b0\u1ee3ng cao.","breadcrumb":{"@id":"https:\/\/www.lpi.org\/vi\/chuong-trinh-cong-dong\/giang-vien-duoc-phe-chuan\/#breadcrumb"},"inLanguage":"vi-VN","potentialAction":[{"@type":"ReadAction","target":["https:\/\/www.lpi.org\/vi\/chuong-trinh-cong-dong\/giang-vien-duoc-phe-chuan\/"]}]},{"@type":"BreadcrumbList","@id":"https:\/\/www.lpi.org\/vi\/chuong-trinh-cong-dong\/giang-vien-duoc-phe-chuan\/#breadcrumb","itemListElement":[{"@type":"ListItem","position":1,"name":"Home","item":"https:\/\/www.lpi.org\/vi\/"},{"@type":"ListItem","position":2,"name":"Ch\u01b0\u01a1ng tr\u00ecnh C\u1ed9ng \u0111\u1ed3ng","item":"https:\/\/www.lpi.org\/vi\/chuong-trinh-cong-dong\/"},{"@type":"ListItem","position":3,"name":"Nh\u00e0 \u0111\u00e0o t\u1ea1o \u0111\u01b0\u1ee3c ph\u00ea chu\u1ea9n"}]},{"@type":"WebSite","@id":"https:\/\/www.lpi.org\/vi\/#website","url":"https:\/\/www.lpi.org\/vi\/","name":"Linux Professional Institute (LPI)","description":"","publisher":{"@id":"https:\/\/www.lpi.org\/vi\/#organization"},"potentialAction":[{"@type":"SearchAction","target":{"@type":"EntryPoint","urlTemplate":"https:\/\/www.lpi.org\/vi\/?s={search_term_string}"},"query-input":{"@type":"PropertyValueSpecification","valueRequired":true,"valueName":"search_term_string"}}],"inLanguage":"vi-VN"},{"@type":"Organization","@id":"https:\/\/www.lpi.org\/vi\/#organization","name":"Linux Professional Institute (LPI)","url":"https:\/\/www.lpi.org\/vi\/","logo":{"@type":"ImageObject","inLanguage":"vi-VN","@id":"https:\/\/www.lpi.org\/vi\/#\/schema\/logo\/image\/","url":"https:\/\/www.lpi.org\/wp-content\/uploads\/2023\/04\/logo.png","contentUrl":"https:\/\/www.lpi.org\/wp-content\/uploads\/2023\/04\/logo.png","width":496,"height":175,"caption":"Linux Professional Institute (LPI)"},"image":{"@id":"https:\/\/www.lpi.org\/vi\/#\/schema\/logo\/image\/"},"sameAs":["https:\/\/www.facebook.com\/LPIConnect","https:\/\/x.com\/lpiconnect","https:\/\/www.linkedin.com\/company\/35136","https:\/\/www.instagram.com\/lpi_org\/","https:\/\/fosstodon.org\/@LPI"]}]}},"_links":{"self":[{"href":"https:\/\/www.lpi.org\/vi\/wp-json\/wp\/v2\/pages\/17254","targetHints":{"allow":["GET"]}}],"collection":[{"href":"https:\/\/www.lpi.org\/vi\/wp-json\/wp\/v2\/pages"}],"about":[{"href":"https:\/\/www.lpi.org\/vi\/wp-json\/wp\/v2\/types\/page"}],"author":[{"embeddable":true,"href":"https:\/\/www.lpi.org\/vi\/wp-json\/wp\/v2\/users\/1"}],"replies":[{"embeddable":true,"href":"https:\/\/www.lpi.org\/vi\/wp-json\/wp\/v2\/comments?post=17254"}],"version-history":[{"count":3,"href":"https:\/\/www.lpi.org\/vi\/wp-json\/wp\/v2\/pages\/17254\/revisions"}],"predecessor-version":[{"id":21782,"href":"https:\/\/www.lpi.org\/vi\/wp-json\/wp\/v2\/pages\/17254\/revisions\/21782"}],"up":[{"embeddable":true,"href":"https:\/\/www.lpi.org\/vi\/wp-json\/wp\/v2\/pages\/17504"}],"wp:attachment":[{"href":"https:\/\/www.lpi.org\/vi\/wp-json\/wp\/v2\/media?parent=17254"}],"curies":[{"name":"wp","href":"https:\/\/api.w.org\/{rel}","templated":true}]}}