{"id":17312,"date":"2023-04-06T09:35:46","date_gmt":"2023-04-06T13:35:46","guid":{"rendered":"https:\/\/www.lpi.org\/uy-ban-phat-trien-chung-chi\/"},"modified":"2023-10-05T04:48:10","modified_gmt":"2023-10-05T08:48:10","slug":"uy-ban-phat-trien-chung-chi","status":"publish","type":"page","link":"https:\/\/www.lpi.org\/vi\/uy-ban-linux-professional-institute-lpi\/uy-ban-phat-trien-chung-chi\/","title":{"rendered":"U\u1ef7 ban Ph\u00e1t tri\u1ec3n Ch\u1ee9ng ch\u1ec9"},"content":{"rendered":"","protected":false},"excerpt":{"rendered":"<p>M\u1ed9t nh\u00f3m m\u1edf g\u1ed3m c\u00e1c c\u00e1 nh\u00e2n y\u00eau th\u00edch vi\u1ec7c ph\u00e1t tri\u1ec3n v\u00e0 s\u00e1ng t\u1ea1o ra c\u00e1c ch\u1ee7 \u0111\u1ec1 ch\u1ee9ng ch\u1ec9.<\/p>\n","protected":false},"author":1,"featured_media":17313,"parent":17319,"menu_order":0,"comment_status":"closed","ping_status":"closed","template":"template-sections.php","meta":{"_acf_changed":false,"footnotes":""},"class_list":["post-17312","page","type-page","status-publish","has-post-thumbnail","hentry"],"acf":[],"yoast_head":"<!-- This site is optimized with the Yoast SEO Premium plugin v27.2 (Yoast SEO v27.3) - https:\/\/yoast.com\/product\/yoast-seo-premium-wordpress\/ -->\n<title>U\u1ef7 ban Ph\u00e1t tri\u1ec3n Ch\u1ee9ng ch\u1ec9 - Linux Professional Institute (LPI)<\/title>\n<meta name=\"description\" content=\"U\u1ef7 ban Ph\u00e1t tri\u1ec3n Ch\u1ee9ng ch\u1ec9 l\u00e0 m\u1ed9t nh\u00f3m m\u1edf g\u1ed3m c\u00e1c c\u00e1 nh\u00e2n y\u00eau th\u00edch vi\u1ec7c ph\u00e1t tri\u1ec3n v\u00e0 s\u00e1ng t\u1ea1o ra c\u00e1c ch\u1ee7 \u0111\u1ec1 ch\u1ee9ng ch\u1ec9.\" \/>\n<meta name=\"robots\" content=\"index, follow, max-snippet:-1, max-image-preview:large, max-video-preview:-1\" \/>\n<link rel=\"canonical\" href=\"https:\/\/www.lpi.org\/vi\/uy-ban-linux-professional-institute-lpi\/uy-ban-phat-trien-chung-chi\/\" \/>\n<meta property=\"og:locale\" content=\"vi_VN\" \/>\n<meta property=\"og:type\" content=\"article\" \/>\n<meta property=\"og:title\" content=\"U\u1ef7 ban Ph\u00e1t tri\u1ec3n Ch\u1ee9ng ch\u1ec9\" \/>\n<meta property=\"og:description\" content=\"U\u1ef7 ban Ph\u00e1t tri\u1ec3n Ch\u1ee9ng ch\u1ec9 l\u00e0 m\u1ed9t nh\u00f3m m\u1edf g\u1ed3m c\u00e1c c\u00e1 nh\u00e2n y\u00eau th\u00edch vi\u1ec7c ph\u00e1t tri\u1ec3n v\u00e0 s\u00e1ng t\u1ea1o ra c\u00e1c ch\u1ee7 \u0111\u1ec1 ch\u1ee9ng ch\u1ec9.\" \/>\n<meta property=\"og:url\" content=\"https:\/\/www.lpi.org\/vi\/uy-ban-linux-professional-institute-lpi\/uy-ban-phat-trien-chung-chi\/\" \/>\n<meta property=\"og:site_name\" content=\"Linux Professional Institute (LPI)\" \/>\n<meta property=\"article:publisher\" content=\"https:\/\/www.facebook.com\/LPIConnect\" \/>\n<meta property=\"article:modified_time\" content=\"2023-10-05T08:48:10+00:00\" \/>\n<meta property=\"og:image\" content=\"https:\/\/www.lpi.org\/wp-content\/uploads\/2023\/04\/committee-page-icon-04_1.png\" \/>\n\t<meta property=\"og:image:width\" content=\"155\" \/>\n\t<meta property=\"og:image:height\" content=\"155\" \/>\n\t<meta property=\"og:image:type\" content=\"image\/png\" \/>\n<meta name=\"twitter:card\" content=\"summary_large_image\" \/>\n<meta name=\"twitter:site\" content=\"@lpiconnect\" \/>\n<script type=\"application\/ld+json\" class=\"yoast-schema-graph\">{\"@context\":\"https:\\\/\\\/schema.org\",\"@graph\":[{\"@type\":\"WebPage\",\"@id\":\"https:\\\/\\\/www.lpi.org\\\/vi\\\/uy-ban-linux-professional-institute-lpi\\\/uy-ban-phat-trien-chung-chi\\\/\",\"url\":\"https:\\\/\\\/www.lpi.org\\\/vi\\\/uy-ban-linux-professional-institute-lpi\\\/uy-ban-phat-trien-chung-chi\\\/\",\"name\":\"U\u1ef7 ban Ph\u00e1t tri\u1ec3n Ch\u1ee9ng ch\u1ec9 - Linux Professional Institute (LPI)\",\"isPartOf\":{\"@id\":\"https:\\\/\\\/www.lpi.org\\\/vi\\\/#website\"},\"primaryImageOfPage\":{\"@id\":\"https:\\\/\\\/www.lpi.org\\\/vi\\\/uy-ban-linux-professional-institute-lpi\\\/uy-ban-phat-trien-chung-chi\\\/#primaryimage\"},\"image\":{\"@id\":\"https:\\\/\\\/www.lpi.org\\\/vi\\\/uy-ban-linux-professional-institute-lpi\\\/uy-ban-phat-trien-chung-chi\\\/#primaryimage\"},\"thumbnailUrl\":\"https:\\\/\\\/www.lpi.org\\\/wp-content\\\/uploads\\\/2023\\\/04\\\/committee-page-icon-04_1.png\",\"datePublished\":\"2023-04-06T13:35:46+00:00\",\"dateModified\":\"2023-10-05T08:48:10+00:00\",\"description\":\"U\u1ef7 ban Ph\u00e1t tri\u1ec3n Ch\u1ee9ng ch\u1ec9 l\u00e0 m\u1ed9t nh\u00f3m m\u1edf g\u1ed3m c\u00e1c c\u00e1 nh\u00e2n y\u00eau th\u00edch vi\u1ec7c ph\u00e1t tri\u1ec3n v\u00e0 s\u00e1ng t\u1ea1o ra c\u00e1c ch\u1ee7 \u0111\u1ec1 ch\u1ee9ng ch\u1ec9.\",\"breadcrumb\":{\"@id\":\"https:\\\/\\\/www.lpi.org\\\/vi\\\/uy-ban-linux-professional-institute-lpi\\\/uy-ban-phat-trien-chung-chi\\\/#breadcrumb\"},\"inLanguage\":\"vi-VN\",\"potentialAction\":[{\"@type\":\"ReadAction\",\"target\":[\"https:\\\/\\\/www.lpi.org\\\/vi\\\/uy-ban-linux-professional-institute-lpi\\\/uy-ban-phat-trien-chung-chi\\\/\"]}]},{\"@type\":\"ImageObject\",\"inLanguage\":\"vi-VN\",\"@id\":\"https:\\\/\\\/www.lpi.org\\\/vi\\\/uy-ban-linux-professional-institute-lpi\\\/uy-ban-phat-trien-chung-chi\\\/#primaryimage\",\"url\":\"https:\\\/\\\/www.lpi.org\\\/wp-content\\\/uploads\\\/2023\\\/04\\\/committee-page-icon-04_1.png\",\"contentUrl\":\"https:\\\/\\\/www.lpi.org\\\/wp-content\\\/uploads\\\/2023\\\/04\\\/committee-page-icon-04_1.png\",\"width\":155,\"height\":155},{\"@type\":\"BreadcrumbList\",\"@id\":\"https:\\\/\\\/www.lpi.org\\\/vi\\\/uy-ban-linux-professional-institute-lpi\\\/uy-ban-phat-trien-chung-chi\\\/#breadcrumb\",\"itemListElement\":[{\"@type\":\"ListItem\",\"position\":1,\"name\":\"Home\",\"item\":\"https:\\\/\\\/www.lpi.org\\\/vi\\\/\"},{\"@type\":\"ListItem\",\"position\":2,\"name\":\"U\u1ef7 ban Linux Professional Institute (LPI)\",\"item\":\"https:\\\/\\\/www.lpi.org\\\/vi\\\/uy-ban-linux-professional-institute-lpi\\\/\"},{\"@type\":\"ListItem\",\"position\":3,\"name\":\"U\u1ef7 ban Ph\u00e1t tri\u1ec3n Ch\u1ee9ng ch\u1ec9\"}]},{\"@type\":\"WebSite\",\"@id\":\"https:\\\/\\\/www.lpi.org\\\/vi\\\/#website\",\"url\":\"https:\\\/\\\/www.lpi.org\\\/vi\\\/\",\"name\":\"Linux Professional Institute (LPI)\",\"description\":\"\",\"publisher\":{\"@id\":\"https:\\\/\\\/www.lpi.org\\\/vi\\\/#organization\"},\"potentialAction\":[{\"@type\":\"SearchAction\",\"target\":{\"@type\":\"EntryPoint\",\"urlTemplate\":\"https:\\\/\\\/www.lpi.org\\\/vi\\\/?s={search_term_string}\"},\"query-input\":{\"@type\":\"PropertyValueSpecification\",\"valueRequired\":true,\"valueName\":\"search_term_string\"}}],\"inLanguage\":\"vi-VN\"},{\"@type\":\"Organization\",\"@id\":\"https:\\\/\\\/www.lpi.org\\\/vi\\\/#organization\",\"name\":\"Linux Professional Institute (LPI)\",\"url\":\"https:\\\/\\\/www.lpi.org\\\/vi\\\/\",\"logo\":{\"@type\":\"ImageObject\",\"inLanguage\":\"vi-VN\",\"@id\":\"https:\\\/\\\/www.lpi.org\\\/vi\\\/#\\\/schema\\\/logo\\\/image\\\/\",\"url\":\"https:\\\/\\\/www.lpi.org\\\/wp-content\\\/uploads\\\/2023\\\/04\\\/logo.png\",\"contentUrl\":\"https:\\\/\\\/www.lpi.org\\\/wp-content\\\/uploads\\\/2023\\\/04\\\/logo.png\",\"width\":496,\"height\":175,\"caption\":\"Linux Professional Institute (LPI)\"},\"image\":{\"@id\":\"https:\\\/\\\/www.lpi.org\\\/vi\\\/#\\\/schema\\\/logo\\\/image\\\/\"},\"sameAs\":[\"https:\\\/\\\/www.facebook.com\\\/LPIConnect\",\"https:\\\/\\\/x.com\\\/lpiconnect\",\"https:\\\/\\\/www.linkedin.com\\\/company\\\/35136\",\"https:\\\/\\\/www.instagram.com\\\/lpi_org\\\/\",\"https:\\\/\\\/fosstodon.org\\\/@LPI\"]}]}<\/script>\n<!-- \/ Yoast SEO Premium plugin. -->","yoast_head_json":{"title":"U\u1ef7 ban Ph\u00e1t tri\u1ec3n Ch\u1ee9ng ch\u1ec9 - Linux Professional Institute (LPI)","description":"U\u1ef7 ban Ph\u00e1t tri\u1ec3n Ch\u1ee9ng ch\u1ec9 l\u00e0 m\u1ed9t nh\u00f3m m\u1edf g\u1ed3m c\u00e1c c\u00e1 nh\u00e2n y\u00eau th\u00edch vi\u1ec7c ph\u00e1t tri\u1ec3n v\u00e0 s\u00e1ng t\u1ea1o ra c\u00e1c ch\u1ee7 \u0111\u1ec1 ch\u1ee9ng ch\u1ec9.","robots":{"index":"index","follow":"follow","max-snippet":"max-snippet:-1","max-image-preview":"max-image-preview:large","max-video-preview":"max-video-preview:-1"},"canonical":"https:\/\/www.lpi.org\/vi\/uy-ban-linux-professional-institute-lpi\/uy-ban-phat-trien-chung-chi\/","og_locale":"vi_VN","og_type":"article","og_title":"U\u1ef7 ban Ph\u00e1t tri\u1ec3n Ch\u1ee9ng ch\u1ec9","og_description":"U\u1ef7 ban Ph\u00e1t tri\u1ec3n Ch\u1ee9ng ch\u1ec9 l\u00e0 m\u1ed9t nh\u00f3m m\u1edf g\u1ed3m c\u00e1c c\u00e1 nh\u00e2n y\u00eau th\u00edch vi\u1ec7c ph\u00e1t tri\u1ec3n v\u00e0 s\u00e1ng t\u1ea1o ra c\u00e1c ch\u1ee7 \u0111\u1ec1 ch\u1ee9ng ch\u1ec9.","og_url":"https:\/\/www.lpi.org\/vi\/uy-ban-linux-professional-institute-lpi\/uy-ban-phat-trien-chung-chi\/","og_site_name":"Linux Professional Institute (LPI)","article_publisher":"https:\/\/www.facebook.com\/LPIConnect","article_modified_time":"2023-10-05T08:48:10+00:00","og_image":[{"width":155,"height":155,"url":"https:\/\/www.lpi.org\/wp-content\/uploads\/2023\/04\/committee-page-icon-04_1.png","type":"image\/png"}],"twitter_card":"summary_large_image","twitter_site":"@lpiconnect","schema":{"@context":"https:\/\/schema.org","@graph":[{"@type":"WebPage","@id":"https:\/\/www.lpi.org\/vi\/uy-ban-linux-professional-institute-lpi\/uy-ban-phat-trien-chung-chi\/","url":"https:\/\/www.lpi.org\/vi\/uy-ban-linux-professional-institute-lpi\/uy-ban-phat-trien-chung-chi\/","name":"U\u1ef7 ban Ph\u00e1t tri\u1ec3n Ch\u1ee9ng ch\u1ec9 - Linux Professional Institute (LPI)","isPartOf":{"@id":"https:\/\/www.lpi.org\/vi\/#website"},"primaryImageOfPage":{"@id":"https:\/\/www.lpi.org\/vi\/uy-ban-linux-professional-institute-lpi\/uy-ban-phat-trien-chung-chi\/#primaryimage"},"image":{"@id":"https:\/\/www.lpi.org\/vi\/uy-ban-linux-professional-institute-lpi\/uy-ban-phat-trien-chung-chi\/#primaryimage"},"thumbnailUrl":"https:\/\/www.lpi.org\/wp-content\/uploads\/2023\/04\/committee-page-icon-04_1.png","datePublished":"2023-04-06T13:35:46+00:00","dateModified":"2023-10-05T08:48:10+00:00","description":"U\u1ef7 ban Ph\u00e1t tri\u1ec3n Ch\u1ee9ng ch\u1ec9 l\u00e0 m\u1ed9t nh\u00f3m m\u1edf g\u1ed3m c\u00e1c c\u00e1 nh\u00e2n y\u00eau th\u00edch vi\u1ec7c ph\u00e1t tri\u1ec3n v\u00e0 s\u00e1ng t\u1ea1o ra c\u00e1c ch\u1ee7 \u0111\u1ec1 ch\u1ee9ng ch\u1ec9.","breadcrumb":{"@id":"https:\/\/www.lpi.org\/vi\/uy-ban-linux-professional-institute-lpi\/uy-ban-phat-trien-chung-chi\/#breadcrumb"},"inLanguage":"vi-VN","potentialAction":[{"@type":"ReadAction","target":["https:\/\/www.lpi.org\/vi\/uy-ban-linux-professional-institute-lpi\/uy-ban-phat-trien-chung-chi\/"]}]},{"@type":"ImageObject","inLanguage":"vi-VN","@id":"https:\/\/www.lpi.org\/vi\/uy-ban-linux-professional-institute-lpi\/uy-ban-phat-trien-chung-chi\/#primaryimage","url":"https:\/\/www.lpi.org\/wp-content\/uploads\/2023\/04\/committee-page-icon-04_1.png","contentUrl":"https:\/\/www.lpi.org\/wp-content\/uploads\/2023\/04\/committee-page-icon-04_1.png","width":155,"height":155},{"@type":"BreadcrumbList","@id":"https:\/\/www.lpi.org\/vi\/uy-ban-linux-professional-institute-lpi\/uy-ban-phat-trien-chung-chi\/#breadcrumb","itemListElement":[{"@type":"ListItem","position":1,"name":"Home","item":"https:\/\/www.lpi.org\/vi\/"},{"@type":"ListItem","position":2,"name":"U\u1ef7 ban Linux Professional Institute (LPI)","item":"https:\/\/www.lpi.org\/vi\/uy-ban-linux-professional-institute-lpi\/"},{"@type":"ListItem","position":3,"name":"U\u1ef7 ban Ph\u00e1t tri\u1ec3n Ch\u1ee9ng ch\u1ec9"}]},{"@type":"WebSite","@id":"https:\/\/www.lpi.org\/vi\/#website","url":"https:\/\/www.lpi.org\/vi\/","name":"Linux Professional Institute (LPI)","description":"","publisher":{"@id":"https:\/\/www.lpi.org\/vi\/#organization"},"potentialAction":[{"@type":"SearchAction","target":{"@type":"EntryPoint","urlTemplate":"https:\/\/www.lpi.org\/vi\/?s={search_term_string}"},"query-input":{"@type":"PropertyValueSpecification","valueRequired":true,"valueName":"search_term_string"}}],"inLanguage":"vi-VN"},{"@type":"Organization","@id":"https:\/\/www.lpi.org\/vi\/#organization","name":"Linux Professional Institute (LPI)","url":"https:\/\/www.lpi.org\/vi\/","logo":{"@type":"ImageObject","inLanguage":"vi-VN","@id":"https:\/\/www.lpi.org\/vi\/#\/schema\/logo\/image\/","url":"https:\/\/www.lpi.org\/wp-content\/uploads\/2023\/04\/logo.png","contentUrl":"https:\/\/www.lpi.org\/wp-content\/uploads\/2023\/04\/logo.png","width":496,"height":175,"caption":"Linux Professional Institute (LPI)"},"image":{"@id":"https:\/\/www.lpi.org\/vi\/#\/schema\/logo\/image\/"},"sameAs":["https:\/\/www.facebook.com\/LPIConnect","https:\/\/x.com\/lpiconnect","https:\/\/www.linkedin.com\/company\/35136","https:\/\/www.instagram.com\/lpi_org\/","https:\/\/fosstodon.org\/@LPI"]}]}},"_links":{"self":[{"href":"https:\/\/www.lpi.org\/vi\/wp-json\/wp\/v2\/pages\/17312","targetHints":{"allow":["GET"]}}],"collection":[{"href":"https:\/\/www.lpi.org\/vi\/wp-json\/wp\/v2\/pages"}],"about":[{"href":"https:\/\/www.lpi.org\/vi\/wp-json\/wp\/v2\/types\/page"}],"author":[{"embeddable":true,"href":"https:\/\/www.lpi.org\/vi\/wp-json\/wp\/v2\/users\/1"}],"replies":[{"embeddable":true,"href":"https:\/\/www.lpi.org\/vi\/wp-json\/wp\/v2\/comments?post=17312"}],"version-history":[{"count":2,"href":"https:\/\/www.lpi.org\/vi\/wp-json\/wp\/v2\/pages\/17312\/revisions"}],"predecessor-version":[{"id":18601,"href":"https:\/\/www.lpi.org\/vi\/wp-json\/wp\/v2\/pages\/17312\/revisions\/18601"}],"up":[{"embeddable":true,"href":"https:\/\/www.lpi.org\/vi\/wp-json\/wp\/v2\/pages\/17319"}],"wp:featuredmedia":[{"embeddable":true,"href":"https:\/\/www.lpi.org\/vi\/wp-json\/wp\/v2\/media\/17313"}],"wp:attachment":[{"href":"https:\/\/www.lpi.org\/vi\/wp-json\/wp\/v2\/media?parent=17312"}],"curies":[{"name":"wp","href":"https:\/\/api.w.org\/{rel}","templated":true}]}}