{"id":17316,"date":"2023-06-19T03:52:17","date_gmt":"2023-06-19T07:52:17","guid":{"rendered":"https:\/\/www.lpi.org\/chao-mung-ban-den-voi-cong-dong-lpi\/"},"modified":"2023-11-10T22:55:07","modified_gmt":"2023-11-11T03:55:07","slug":"chao-mung-ban-den-voi-cong-dong-lpi","status":"publish","type":"page","link":"https:\/\/www.lpi.org\/vi\/chao-mung-ban-den-voi-cong-dong-lpi\/","title":{"rendered":"Ch\u00e0o m\u1eebng b\u1ea1n \u0111\u1ebfn v\u1edbi C\u1ed9ng \u0111\u1ed3ng LPI"},"content":{"rendered":"","protected":false},"excerpt":{"rendered":"","protected":false},"author":1,"featured_media":0,"parent":0,"menu_order":0,"comment_status":"closed","ping_status":"closed","template":"template-sections.php","meta":{"_acf_changed":false,"footnotes":""},"class_list":["post-17316","page","type-page","status-publish","hentry"],"acf":[],"yoast_head":"<!-- This site is optimized with the Yoast SEO Premium plugin v27.2 (Yoast SEO v27.3) - https:\/\/yoast.com\/product\/yoast-seo-premium-wordpress\/ -->\n<title>Ch\u00e0o m\u1eebng b\u1ea1n \u0111\u1ebfn v\u1edbi C\u1ed9ng \u0111\u1ed3ng LPI - Linux Professional Institute (LPI)<\/title>\n<meta name=\"description\" content=\"N\u1ebfu b\u1ea1n v\u1eeba m\u1edbi l\u00e0m quen v\u1edbi m\u00e3 ngu\u1ed3n m\u1edf ho\u1eb7c \u0111\u00e3 ti\u1ebfp c\u1eadn g\u1ea7n \u0111\u00e2y, LPI vui m\u1eebng ch\u00e0o \u0111\u00f3n b\u1ea1n \u0111\u1ebfn v\u1edbi c\u1ed9ng \u0111\u1ed3ng c\u1ee7a ch\u00fang t\u00f4i.\" \/>\n<meta name=\"robots\" content=\"index, follow, max-snippet:-1, max-image-preview:large, max-video-preview:-1\" \/>\n<link rel=\"canonical\" href=\"https:\/\/www.lpi.org\/vi\/chao-mung-ban-den-voi-cong-dong-lpi\/\" \/>\n<meta property=\"og:locale\" content=\"vi_VN\" \/>\n<meta property=\"og:type\" content=\"article\" \/>\n<meta property=\"og:title\" content=\"Ch\u00e0o m\u1eebng b\u1ea1n \u0111\u1ebfn v\u1edbi C\u1ed9ng \u0111\u1ed3ng LPI\" \/>\n<meta property=\"og:description\" content=\"N\u1ebfu b\u1ea1n v\u1eeba m\u1edbi l\u00e0m quen v\u1edbi m\u00e3 ngu\u1ed3n m\u1edf ho\u1eb7c \u0111\u00e3 ti\u1ebfp c\u1eadn g\u1ea7n \u0111\u00e2y, LPI vui m\u1eebng ch\u00e0o \u0111\u00f3n b\u1ea1n \u0111\u1ebfn v\u1edbi c\u1ed9ng \u0111\u1ed3ng c\u1ee7a ch\u00fang t\u00f4i.\" \/>\n<meta property=\"og:url\" content=\"https:\/\/www.lpi.org\/vi\/chao-mung-ban-den-voi-cong-dong-lpi\/\" \/>\n<meta property=\"og:site_name\" content=\"Linux Professional Institute (LPI)\" \/>\n<meta property=\"article:publisher\" content=\"https:\/\/www.facebook.com\/LPIConnect\" \/>\n<meta property=\"article:modified_time\" content=\"2023-11-11T03:55:07+00:00\" \/>\n<meta name=\"twitter:card\" content=\"summary_large_image\" \/>\n<meta name=\"twitter:site\" content=\"@lpiconnect\" \/>\n<script type=\"application\/ld+json\" class=\"yoast-schema-graph\">{\"@context\":\"https:\\\/\\\/schema.org\",\"@graph\":[{\"@type\":\"WebPage\",\"@id\":\"https:\\\/\\\/www.lpi.org\\\/vi\\\/chao-mung-ban-den-voi-cong-dong-lpi\\\/\",\"url\":\"https:\\\/\\\/www.lpi.org\\\/vi\\\/chao-mung-ban-den-voi-cong-dong-lpi\\\/\",\"name\":\"Ch\u00e0o m\u1eebng b\u1ea1n \u0111\u1ebfn v\u1edbi C\u1ed9ng \u0111\u1ed3ng LPI - Linux Professional Institute (LPI)\",\"isPartOf\":{\"@id\":\"https:\\\/\\\/www.lpi.org\\\/vi\\\/#website\"},\"datePublished\":\"2023-06-19T07:52:17+00:00\",\"dateModified\":\"2023-11-11T03:55:07+00:00\",\"description\":\"N\u1ebfu b\u1ea1n v\u1eeba m\u1edbi l\u00e0m quen v\u1edbi m\u00e3 ngu\u1ed3n m\u1edf ho\u1eb7c \u0111\u00e3 ti\u1ebfp c\u1eadn g\u1ea7n \u0111\u00e2y, LPI vui m\u1eebng ch\u00e0o \u0111\u00f3n b\u1ea1n \u0111\u1ebfn v\u1edbi c\u1ed9ng \u0111\u1ed3ng c\u1ee7a ch\u00fang t\u00f4i.\",\"breadcrumb\":{\"@id\":\"https:\\\/\\\/www.lpi.org\\\/vi\\\/chao-mung-ban-den-voi-cong-dong-lpi\\\/#breadcrumb\"},\"inLanguage\":\"vi-VN\",\"potentialAction\":[{\"@type\":\"ReadAction\",\"target\":[\"https:\\\/\\\/www.lpi.org\\\/vi\\\/chao-mung-ban-den-voi-cong-dong-lpi\\\/\"]}]},{\"@type\":\"BreadcrumbList\",\"@id\":\"https:\\\/\\\/www.lpi.org\\\/vi\\\/chao-mung-ban-den-voi-cong-dong-lpi\\\/#breadcrumb\",\"itemListElement\":[{\"@type\":\"ListItem\",\"position\":1,\"name\":\"Home\",\"item\":\"https:\\\/\\\/www.lpi.org\\\/vi\\\/\"},{\"@type\":\"ListItem\",\"position\":2,\"name\":\"Ch\u00e0o m\u1eebng b\u1ea1n \u0111\u1ebfn v\u1edbi C\u1ed9ng \u0111\u1ed3ng LPI\"}]},{\"@type\":\"WebSite\",\"@id\":\"https:\\\/\\\/www.lpi.org\\\/vi\\\/#website\",\"url\":\"https:\\\/\\\/www.lpi.org\\\/vi\\\/\",\"name\":\"Linux Professional Institute (LPI)\",\"description\":\"\",\"publisher\":{\"@id\":\"https:\\\/\\\/www.lpi.org\\\/vi\\\/#organization\"},\"potentialAction\":[{\"@type\":\"SearchAction\",\"target\":{\"@type\":\"EntryPoint\",\"urlTemplate\":\"https:\\\/\\\/www.lpi.org\\\/vi\\\/?s={search_term_string}\"},\"query-input\":{\"@type\":\"PropertyValueSpecification\",\"valueRequired\":true,\"valueName\":\"search_term_string\"}}],\"inLanguage\":\"vi-VN\"},{\"@type\":\"Organization\",\"@id\":\"https:\\\/\\\/www.lpi.org\\\/vi\\\/#organization\",\"name\":\"Linux Professional Institute (LPI)\",\"url\":\"https:\\\/\\\/www.lpi.org\\\/vi\\\/\",\"logo\":{\"@type\":\"ImageObject\",\"inLanguage\":\"vi-VN\",\"@id\":\"https:\\\/\\\/www.lpi.org\\\/vi\\\/#\\\/schema\\\/logo\\\/image\\\/\",\"url\":\"https:\\\/\\\/www.lpi.org\\\/wp-content\\\/uploads\\\/2023\\\/04\\\/logo.png\",\"contentUrl\":\"https:\\\/\\\/www.lpi.org\\\/wp-content\\\/uploads\\\/2023\\\/04\\\/logo.png\",\"width\":496,\"height\":175,\"caption\":\"Linux Professional Institute (LPI)\"},\"image\":{\"@id\":\"https:\\\/\\\/www.lpi.org\\\/vi\\\/#\\\/schema\\\/logo\\\/image\\\/\"},\"sameAs\":[\"https:\\\/\\\/www.facebook.com\\\/LPIConnect\",\"https:\\\/\\\/x.com\\\/lpiconnect\",\"https:\\\/\\\/www.linkedin.com\\\/company\\\/35136\",\"https:\\\/\\\/www.instagram.com\\\/lpi_org\\\/\",\"https:\\\/\\\/fosstodon.org\\\/@LPI\"]}]}<\/script>\n<!-- \/ Yoast SEO Premium plugin. -->","yoast_head_json":{"title":"Ch\u00e0o m\u1eebng b\u1ea1n \u0111\u1ebfn v\u1edbi C\u1ed9ng \u0111\u1ed3ng LPI - Linux Professional Institute (LPI)","description":"N\u1ebfu b\u1ea1n v\u1eeba m\u1edbi l\u00e0m quen v\u1edbi m\u00e3 ngu\u1ed3n m\u1edf ho\u1eb7c \u0111\u00e3 ti\u1ebfp c\u1eadn g\u1ea7n \u0111\u00e2y, LPI vui m\u1eebng ch\u00e0o \u0111\u00f3n b\u1ea1n \u0111\u1ebfn v\u1edbi c\u1ed9ng \u0111\u1ed3ng c\u1ee7a ch\u00fang t\u00f4i.","robots":{"index":"index","follow":"follow","max-snippet":"max-snippet:-1","max-image-preview":"max-image-preview:large","max-video-preview":"max-video-preview:-1"},"canonical":"https:\/\/www.lpi.org\/vi\/chao-mung-ban-den-voi-cong-dong-lpi\/","og_locale":"vi_VN","og_type":"article","og_title":"Ch\u00e0o m\u1eebng b\u1ea1n \u0111\u1ebfn v\u1edbi C\u1ed9ng \u0111\u1ed3ng LPI","og_description":"N\u1ebfu b\u1ea1n v\u1eeba m\u1edbi l\u00e0m quen v\u1edbi m\u00e3 ngu\u1ed3n m\u1edf ho\u1eb7c \u0111\u00e3 ti\u1ebfp c\u1eadn g\u1ea7n \u0111\u00e2y, LPI vui m\u1eebng ch\u00e0o \u0111\u00f3n b\u1ea1n \u0111\u1ebfn v\u1edbi c\u1ed9ng \u0111\u1ed3ng c\u1ee7a ch\u00fang t\u00f4i.","og_url":"https:\/\/www.lpi.org\/vi\/chao-mung-ban-den-voi-cong-dong-lpi\/","og_site_name":"Linux Professional Institute (LPI)","article_publisher":"https:\/\/www.facebook.com\/LPIConnect","article_modified_time":"2023-11-11T03:55:07+00:00","twitter_card":"summary_large_image","twitter_site":"@lpiconnect","schema":{"@context":"https:\/\/schema.org","@graph":[{"@type":"WebPage","@id":"https:\/\/www.lpi.org\/vi\/chao-mung-ban-den-voi-cong-dong-lpi\/","url":"https:\/\/www.lpi.org\/vi\/chao-mung-ban-den-voi-cong-dong-lpi\/","name":"Ch\u00e0o m\u1eebng b\u1ea1n \u0111\u1ebfn v\u1edbi C\u1ed9ng \u0111\u1ed3ng LPI - Linux Professional Institute (LPI)","isPartOf":{"@id":"https:\/\/www.lpi.org\/vi\/#website"},"datePublished":"2023-06-19T07:52:17+00:00","dateModified":"2023-11-11T03:55:07+00:00","description":"N\u1ebfu b\u1ea1n v\u1eeba m\u1edbi l\u00e0m quen v\u1edbi m\u00e3 ngu\u1ed3n m\u1edf ho\u1eb7c \u0111\u00e3 ti\u1ebfp c\u1eadn g\u1ea7n \u0111\u00e2y, LPI vui m\u1eebng ch\u00e0o \u0111\u00f3n b\u1ea1n \u0111\u1ebfn v\u1edbi c\u1ed9ng \u0111\u1ed3ng c\u1ee7a ch\u00fang t\u00f4i.","breadcrumb":{"@id":"https:\/\/www.lpi.org\/vi\/chao-mung-ban-den-voi-cong-dong-lpi\/#breadcrumb"},"inLanguage":"vi-VN","potentialAction":[{"@type":"ReadAction","target":["https:\/\/www.lpi.org\/vi\/chao-mung-ban-den-voi-cong-dong-lpi\/"]}]},{"@type":"BreadcrumbList","@id":"https:\/\/www.lpi.org\/vi\/chao-mung-ban-den-voi-cong-dong-lpi\/#breadcrumb","itemListElement":[{"@type":"ListItem","position":1,"name":"Home","item":"https:\/\/www.lpi.org\/vi\/"},{"@type":"ListItem","position":2,"name":"Ch\u00e0o m\u1eebng b\u1ea1n \u0111\u1ebfn v\u1edbi C\u1ed9ng \u0111\u1ed3ng LPI"}]},{"@type":"WebSite","@id":"https:\/\/www.lpi.org\/vi\/#website","url":"https:\/\/www.lpi.org\/vi\/","name":"Linux Professional Institute (LPI)","description":"","publisher":{"@id":"https:\/\/www.lpi.org\/vi\/#organization"},"potentialAction":[{"@type":"SearchAction","target":{"@type":"EntryPoint","urlTemplate":"https:\/\/www.lpi.org\/vi\/?s={search_term_string}"},"query-input":{"@type":"PropertyValueSpecification","valueRequired":true,"valueName":"search_term_string"}}],"inLanguage":"vi-VN"},{"@type":"Organization","@id":"https:\/\/www.lpi.org\/vi\/#organization","name":"Linux Professional Institute (LPI)","url":"https:\/\/www.lpi.org\/vi\/","logo":{"@type":"ImageObject","inLanguage":"vi-VN","@id":"https:\/\/www.lpi.org\/vi\/#\/schema\/logo\/image\/","url":"https:\/\/www.lpi.org\/wp-content\/uploads\/2023\/04\/logo.png","contentUrl":"https:\/\/www.lpi.org\/wp-content\/uploads\/2023\/04\/logo.png","width":496,"height":175,"caption":"Linux Professional Institute (LPI)"},"image":{"@id":"https:\/\/www.lpi.org\/vi\/#\/schema\/logo\/image\/"},"sameAs":["https:\/\/www.facebook.com\/LPIConnect","https:\/\/x.com\/lpiconnect","https:\/\/www.linkedin.com\/company\/35136","https:\/\/www.instagram.com\/lpi_org\/","https:\/\/fosstodon.org\/@LPI"]}]}},"_links":{"self":[{"href":"https:\/\/www.lpi.org\/vi\/wp-json\/wp\/v2\/pages\/17316","targetHints":{"allow":["GET"]}}],"collection":[{"href":"https:\/\/www.lpi.org\/vi\/wp-json\/wp\/v2\/pages"}],"about":[{"href":"https:\/\/www.lpi.org\/vi\/wp-json\/wp\/v2\/types\/page"}],"author":[{"embeddable":true,"href":"https:\/\/www.lpi.org\/vi\/wp-json\/wp\/v2\/users\/1"}],"replies":[{"embeddable":true,"href":"https:\/\/www.lpi.org\/vi\/wp-json\/wp\/v2\/comments?post=17316"}],"version-history":[{"count":1,"href":"https:\/\/www.lpi.org\/vi\/wp-json\/wp\/v2\/pages\/17316\/revisions"}],"predecessor-version":[{"id":17318,"href":"https:\/\/www.lpi.org\/vi\/wp-json\/wp\/v2\/pages\/17316\/revisions\/17318"}],"wp:attachment":[{"href":"https:\/\/www.lpi.org\/vi\/wp-json\/wp\/v2\/media?parent=17316"}],"curies":[{"name":"wp","href":"https:\/\/api.w.org\/{rel}","templated":true}]}}