{"id":17319,"date":"2023-04-06T09:34:00","date_gmt":"2023-04-06T13:34:00","guid":{"rendered":"https:\/\/www.lpi.org\/uy-ban-linux-professional-institute-lpi\/"},"modified":"2023-10-20T22:53:28","modified_gmt":"2023-10-21T02:53:28","slug":"uy-ban-linux-professional-institute-lpi","status":"publish","type":"page","link":"https:\/\/www.lpi.org\/vi\/uy-ban-linux-professional-institute-lpi\/","title":{"rendered":"U\u1ef7 ban Linux Professional Institute (LPI)"},"content":{"rendered":"","protected":false},"excerpt":{"rendered":"","protected":false},"author":1,"featured_media":0,"parent":0,"menu_order":0,"comment_status":"closed","ping_status":"closed","template":"template-sections.php","meta":{"_acf_changed":false,"footnotes":""},"class_list":["post-17319","page","type-page","status-publish","hentry"],"acf":[],"yoast_head":"<!-- This site is optimized with the Yoast SEO Premium plugin v27.2 (Yoast SEO v27.4) - https:\/\/yoast.com\/product\/yoast-seo-premium-wordpress\/ -->\n<title>Committees - Linux Professional Institute (LPI)<\/title>\n<meta name=\"description\" content=\"Tham gia ngay. Gia nh\u1eadp u\u1ef7 ban c\u1ee7a ch\u00fang t\u00f4i. U\u1ef7 ban t\u1ea1o c\u01a1 h\u1ed9i cung c\u1ea5p c\u00e1c ph\u1ea3n h\u1ed3i v\u00e0 h\u01b0\u1edbng d\u1eabn c\u0169ng nh\u01b0 g\u1eb7p g\u1ee1 nh\u1eefng con ng\u01b0\u1eddi c\u00f3 c\u00f9ng ch\u00ed h\u01b0\u1edbng\" \/>\n<meta name=\"robots\" content=\"index, follow, max-snippet:-1, max-image-preview:large, max-video-preview:-1\" \/>\n<link rel=\"canonical\" href=\"https:\/\/www.lpi.org\/vi\/uy-ban-linux-professional-institute-lpi\/\" \/>\n<meta property=\"og:locale\" content=\"vi_VN\" \/>\n<meta property=\"og:type\" content=\"article\" \/>\n<meta property=\"og:title\" content=\"U\u1ef7 ban Linux Professional Institute (LPI)\" \/>\n<meta property=\"og:description\" content=\"Tham gia ngay. Gia nh\u1eadp u\u1ef7 ban c\u1ee7a ch\u00fang t\u00f4i. U\u1ef7 ban t\u1ea1o c\u01a1 h\u1ed9i cung c\u1ea5p c\u00e1c ph\u1ea3n h\u1ed3i v\u00e0 h\u01b0\u1edbng d\u1eabn c\u0169ng nh\u01b0 g\u1eb7p g\u1ee1 nh\u1eefng con ng\u01b0\u1eddi c\u00f3 c\u00f9ng ch\u00ed h\u01b0\u1edbng\" \/>\n<meta property=\"og:url\" content=\"https:\/\/www.lpi.org\/vi\/uy-ban-linux-professional-institute-lpi\/\" \/>\n<meta property=\"og:site_name\" content=\"Linux Professional Institute (LPI)\" \/>\n<meta property=\"article:publisher\" content=\"https:\/\/www.facebook.com\/LPIConnect\" \/>\n<meta property=\"article:modified_time\" content=\"2023-10-21T02:53:28+00:00\" \/>\n<meta name=\"twitter:card\" content=\"summary_large_image\" \/>\n<meta name=\"twitter:site\" content=\"@lpiconnect\" \/>\n<script type=\"application\/ld+json\" class=\"yoast-schema-graph\">{\"@context\":\"https:\\\/\\\/schema.org\",\"@graph\":[{\"@type\":\"WebPage\",\"@id\":\"https:\\\/\\\/www.lpi.org\\\/vi\\\/uy-ban-linux-professional-institute-lpi\\\/\",\"url\":\"https:\\\/\\\/www.lpi.org\\\/vi\\\/uy-ban-linux-professional-institute-lpi\\\/\",\"name\":\"Committees - Linux Professional Institute (LPI)\",\"isPartOf\":{\"@id\":\"https:\\\/\\\/www.lpi.org\\\/vi\\\/#website\"},\"datePublished\":\"2023-04-06T13:34:00+00:00\",\"dateModified\":\"2023-10-21T02:53:28+00:00\",\"description\":\"Tham gia ngay. Gia nh\u1eadp u\u1ef7 ban c\u1ee7a ch\u00fang t\u00f4i. U\u1ef7 ban t\u1ea1o c\u01a1 h\u1ed9i cung c\u1ea5p c\u00e1c ph\u1ea3n h\u1ed3i v\u00e0 h\u01b0\u1edbng d\u1eabn c\u0169ng nh\u01b0 g\u1eb7p g\u1ee1 nh\u1eefng con ng\u01b0\u1eddi c\u00f3 c\u00f9ng ch\u00ed h\u01b0\u1edbng\",\"breadcrumb\":{\"@id\":\"https:\\\/\\\/www.lpi.org\\\/vi\\\/uy-ban-linux-professional-institute-lpi\\\/#breadcrumb\"},\"inLanguage\":\"vi-VN\",\"potentialAction\":[{\"@type\":\"ReadAction\",\"target\":[\"https:\\\/\\\/www.lpi.org\\\/vi\\\/uy-ban-linux-professional-institute-lpi\\\/\"]}]},{\"@type\":\"BreadcrumbList\",\"@id\":\"https:\\\/\\\/www.lpi.org\\\/vi\\\/uy-ban-linux-professional-institute-lpi\\\/#breadcrumb\",\"itemListElement\":[{\"@type\":\"ListItem\",\"position\":1,\"name\":\"Home\",\"item\":\"https:\\\/\\\/www.lpi.org\\\/vi\\\/\"},{\"@type\":\"ListItem\",\"position\":2,\"name\":\"U\u1ef7 ban Linux Professional Institute (LPI)\"}]},{\"@type\":\"WebSite\",\"@id\":\"https:\\\/\\\/www.lpi.org\\\/vi\\\/#website\",\"url\":\"https:\\\/\\\/www.lpi.org\\\/vi\\\/\",\"name\":\"Linux Professional Institute (LPI)\",\"description\":\"\",\"publisher\":{\"@id\":\"https:\\\/\\\/www.lpi.org\\\/vi\\\/#organization\"},\"potentialAction\":[{\"@type\":\"SearchAction\",\"target\":{\"@type\":\"EntryPoint\",\"urlTemplate\":\"https:\\\/\\\/www.lpi.org\\\/vi\\\/?s={search_term_string}\"},\"query-input\":{\"@type\":\"PropertyValueSpecification\",\"valueRequired\":true,\"valueName\":\"search_term_string\"}}],\"inLanguage\":\"vi-VN\"},{\"@type\":\"Organization\",\"@id\":\"https:\\\/\\\/www.lpi.org\\\/vi\\\/#organization\",\"name\":\"Linux Professional Institute (LPI)\",\"url\":\"https:\\\/\\\/www.lpi.org\\\/vi\\\/\",\"logo\":{\"@type\":\"ImageObject\",\"inLanguage\":\"vi-VN\",\"@id\":\"https:\\\/\\\/www.lpi.org\\\/vi\\\/#\\\/schema\\\/logo\\\/image\\\/\",\"url\":\"https:\\\/\\\/www.lpi.org\\\/wp-content\\\/uploads\\\/2023\\\/04\\\/logo.png\",\"contentUrl\":\"https:\\\/\\\/www.lpi.org\\\/wp-content\\\/uploads\\\/2023\\\/04\\\/logo.png\",\"width\":496,\"height\":175,\"caption\":\"Linux Professional Institute (LPI)\"},\"image\":{\"@id\":\"https:\\\/\\\/www.lpi.org\\\/vi\\\/#\\\/schema\\\/logo\\\/image\\\/\"},\"sameAs\":[\"https:\\\/\\\/www.facebook.com\\\/LPIConnect\",\"https:\\\/\\\/x.com\\\/lpiconnect\",\"https:\\\/\\\/www.linkedin.com\\\/company\\\/35136\",\"https:\\\/\\\/www.instagram.com\\\/lpi_org\\\/\",\"https:\\\/\\\/fosstodon.org\\\/@LPI\"]}]}<\/script>\n<!-- \/ Yoast SEO Premium plugin. -->","yoast_head_json":{"title":"Committees - Linux Professional Institute (LPI)","description":"Tham gia ngay. Gia nh\u1eadp u\u1ef7 ban c\u1ee7a ch\u00fang t\u00f4i. U\u1ef7 ban t\u1ea1o c\u01a1 h\u1ed9i cung c\u1ea5p c\u00e1c ph\u1ea3n h\u1ed3i v\u00e0 h\u01b0\u1edbng d\u1eabn c\u0169ng nh\u01b0 g\u1eb7p g\u1ee1 nh\u1eefng con ng\u01b0\u1eddi c\u00f3 c\u00f9ng ch\u00ed h\u01b0\u1edbng","robots":{"index":"index","follow":"follow","max-snippet":"max-snippet:-1","max-image-preview":"max-image-preview:large","max-video-preview":"max-video-preview:-1"},"canonical":"https:\/\/www.lpi.org\/vi\/uy-ban-linux-professional-institute-lpi\/","og_locale":"vi_VN","og_type":"article","og_title":"U\u1ef7 ban Linux Professional Institute (LPI)","og_description":"Tham gia ngay. Gia nh\u1eadp u\u1ef7 ban c\u1ee7a ch\u00fang t\u00f4i. U\u1ef7 ban t\u1ea1o c\u01a1 h\u1ed9i cung c\u1ea5p c\u00e1c ph\u1ea3n h\u1ed3i v\u00e0 h\u01b0\u1edbng d\u1eabn c\u0169ng nh\u01b0 g\u1eb7p g\u1ee1 nh\u1eefng con ng\u01b0\u1eddi c\u00f3 c\u00f9ng ch\u00ed h\u01b0\u1edbng","og_url":"https:\/\/www.lpi.org\/vi\/uy-ban-linux-professional-institute-lpi\/","og_site_name":"Linux Professional Institute (LPI)","article_publisher":"https:\/\/www.facebook.com\/LPIConnect","article_modified_time":"2023-10-21T02:53:28+00:00","twitter_card":"summary_large_image","twitter_site":"@lpiconnect","schema":{"@context":"https:\/\/schema.org","@graph":[{"@type":"WebPage","@id":"https:\/\/www.lpi.org\/vi\/uy-ban-linux-professional-institute-lpi\/","url":"https:\/\/www.lpi.org\/vi\/uy-ban-linux-professional-institute-lpi\/","name":"Committees - Linux Professional Institute (LPI)","isPartOf":{"@id":"https:\/\/www.lpi.org\/vi\/#website"},"datePublished":"2023-04-06T13:34:00+00:00","dateModified":"2023-10-21T02:53:28+00:00","description":"Tham gia ngay. Gia nh\u1eadp u\u1ef7 ban c\u1ee7a ch\u00fang t\u00f4i. U\u1ef7 ban t\u1ea1o c\u01a1 h\u1ed9i cung c\u1ea5p c\u00e1c ph\u1ea3n h\u1ed3i v\u00e0 h\u01b0\u1edbng d\u1eabn c\u0169ng nh\u01b0 g\u1eb7p g\u1ee1 nh\u1eefng con ng\u01b0\u1eddi c\u00f3 c\u00f9ng ch\u00ed h\u01b0\u1edbng","breadcrumb":{"@id":"https:\/\/www.lpi.org\/vi\/uy-ban-linux-professional-institute-lpi\/#breadcrumb"},"inLanguage":"vi-VN","potentialAction":[{"@type":"ReadAction","target":["https:\/\/www.lpi.org\/vi\/uy-ban-linux-professional-institute-lpi\/"]}]},{"@type":"BreadcrumbList","@id":"https:\/\/www.lpi.org\/vi\/uy-ban-linux-professional-institute-lpi\/#breadcrumb","itemListElement":[{"@type":"ListItem","position":1,"name":"Home","item":"https:\/\/www.lpi.org\/vi\/"},{"@type":"ListItem","position":2,"name":"U\u1ef7 ban Linux Professional Institute (LPI)"}]},{"@type":"WebSite","@id":"https:\/\/www.lpi.org\/vi\/#website","url":"https:\/\/www.lpi.org\/vi\/","name":"Linux Professional Institute (LPI)","description":"","publisher":{"@id":"https:\/\/www.lpi.org\/vi\/#organization"},"potentialAction":[{"@type":"SearchAction","target":{"@type":"EntryPoint","urlTemplate":"https:\/\/www.lpi.org\/vi\/?s={search_term_string}"},"query-input":{"@type":"PropertyValueSpecification","valueRequired":true,"valueName":"search_term_string"}}],"inLanguage":"vi-VN"},{"@type":"Organization","@id":"https:\/\/www.lpi.org\/vi\/#organization","name":"Linux Professional Institute (LPI)","url":"https:\/\/www.lpi.org\/vi\/","logo":{"@type":"ImageObject","inLanguage":"vi-VN","@id":"https:\/\/www.lpi.org\/vi\/#\/schema\/logo\/image\/","url":"https:\/\/www.lpi.org\/wp-content\/uploads\/2023\/04\/logo.png","contentUrl":"https:\/\/www.lpi.org\/wp-content\/uploads\/2023\/04\/logo.png","width":496,"height":175,"caption":"Linux Professional Institute (LPI)"},"image":{"@id":"https:\/\/www.lpi.org\/vi\/#\/schema\/logo\/image\/"},"sameAs":["https:\/\/www.facebook.com\/LPIConnect","https:\/\/x.com\/lpiconnect","https:\/\/www.linkedin.com\/company\/35136","https:\/\/www.instagram.com\/lpi_org\/","https:\/\/fosstodon.org\/@LPI"]}]}},"_links":{"self":[{"href":"https:\/\/www.lpi.org\/vi\/wp-json\/wp\/v2\/pages\/17319","targetHints":{"allow":["GET"]}}],"collection":[{"href":"https:\/\/www.lpi.org\/vi\/wp-json\/wp\/v2\/pages"}],"about":[{"href":"https:\/\/www.lpi.org\/vi\/wp-json\/wp\/v2\/types\/page"}],"author":[{"embeddable":true,"href":"https:\/\/www.lpi.org\/vi\/wp-json\/wp\/v2\/users\/1"}],"replies":[{"embeddable":true,"href":"https:\/\/www.lpi.org\/vi\/wp-json\/wp\/v2\/comments?post=17319"}],"version-history":[{"count":1,"href":"https:\/\/www.lpi.org\/vi\/wp-json\/wp\/v2\/pages\/17319\/revisions"}],"predecessor-version":[{"id":17321,"href":"https:\/\/www.lpi.org\/vi\/wp-json\/wp\/v2\/pages\/17319\/revisions\/17321"}],"wp:attachment":[{"href":"https:\/\/www.lpi.org\/vi\/wp-json\/wp\/v2\/media?parent=17319"}],"curies":[{"name":"wp","href":"https:\/\/api.w.org\/{rel}","templated":true}]}}