{"id":17504,"date":"2023-04-06T09:40:24","date_gmt":"2023-04-06T13:40:24","guid":{"rendered":"https:\/\/www.lpi.org\/chuong-trinh-cong-dong\/"},"modified":"2023-10-21T00:17:48","modified_gmt":"2023-10-21T04:17:48","slug":"chuong-trinh-cong-dong","status":"publish","type":"page","link":"https:\/\/www.lpi.org\/vi\/chuong-trinh-cong-dong\/","title":{"rendered":"Ch\u01b0\u01a1ng tr\u00ecnh C\u1ed9ng \u0111\u1ed3ng"},"content":{"rendered":"","protected":false},"excerpt":{"rendered":"","protected":false},"author":1,"featured_media":0,"parent":0,"menu_order":0,"comment_status":"closed","ping_status":"closed","template":"template-sections.php","meta":{"_acf_changed":false,"footnotes":""},"class_list":["post-17504","page","type-page","status-publish","hentry"],"acf":[],"yoast_head":"<!-- This site is optimized with the Yoast SEO Premium plugin v27.2 (Yoast SEO v27.4) - https:\/\/yoast.com\/product\/yoast-seo-premium-wordpress\/ -->\n<title>Ch\u01b0\u01a1ng tr\u00ecnh C\u1ed9ng \u0111\u1ed3ng - Linux Professional Institute (LPI)<\/title>\n<meta name=\"description\" content=\"\u1ede Linux Professional Institute (LPI), ch\u00fang t\u00f4i t\u00ecm ki\u1ebfm nh\u1eefng c\u00e1 nh\u00e2n h\u1ed7 tr\u1ee3 c\u00e1c d\u1ef1 \u00e1n m\u00e3 ngu\u1ed3n m\u1edf. H\u00e3y th\u1ec3 hi\u1ec7n t\u00e0i n\u0103ng c\u1ee7a b\u1ea3n th\u00e2n khi \u0111ang th\u1ef1c hi\u1ec7n s\u1ee9 m\u1ec7nh to l\u1edbn h\u01a1n.\" \/>\n<meta name=\"robots\" content=\"index, follow, max-snippet:-1, max-image-preview:large, max-video-preview:-1\" \/>\n<link rel=\"canonical\" href=\"https:\/\/www.lpi.org\/vi\/chuong-trinh-cong-dong\/\" \/>\n<meta property=\"og:locale\" content=\"vi_VN\" \/>\n<meta property=\"og:type\" content=\"article\" \/>\n<meta property=\"og:title\" content=\"Ch\u01b0\u01a1ng tr\u00ecnh C\u1ed9ng \u0111\u1ed3ng\" \/>\n<meta property=\"og:description\" content=\"\u1ede Linux Professional Institute (LPI), ch\u00fang t\u00f4i t\u00ecm ki\u1ebfm nh\u1eefng c\u00e1 nh\u00e2n h\u1ed7 tr\u1ee3 c\u00e1c d\u1ef1 \u00e1n m\u00e3 ngu\u1ed3n m\u1edf. H\u00e3y th\u1ec3 hi\u1ec7n t\u00e0i n\u0103ng c\u1ee7a b\u1ea3n th\u00e2n khi \u0111ang th\u1ef1c hi\u1ec7n s\u1ee9 m\u1ec7nh to l\u1edbn h\u01a1n.\" \/>\n<meta property=\"og:url\" content=\"https:\/\/www.lpi.org\/vi\/chuong-trinh-cong-dong\/\" \/>\n<meta property=\"og:site_name\" content=\"Linux Professional Institute (LPI)\" \/>\n<meta property=\"article:publisher\" content=\"https:\/\/www.facebook.com\/LPIConnect\" \/>\n<meta property=\"article:modified_time\" content=\"2023-10-21T04:17:48+00:00\" \/>\n<meta name=\"twitter:card\" content=\"summary_large_image\" \/>\n<meta name=\"twitter:site\" content=\"@lpiconnect\" \/>\n<script type=\"application\/ld+json\" class=\"yoast-schema-graph\">{\"@context\":\"https:\\\/\\\/schema.org\",\"@graph\":[{\"@type\":\"WebPage\",\"@id\":\"https:\\\/\\\/www.lpi.org\\\/vi\\\/chuong-trinh-cong-dong\\\/\",\"url\":\"https:\\\/\\\/www.lpi.org\\\/vi\\\/chuong-trinh-cong-dong\\\/\",\"name\":\"Ch\u01b0\u01a1ng tr\u00ecnh C\u1ed9ng \u0111\u1ed3ng - Linux Professional Institute (LPI)\",\"isPartOf\":{\"@id\":\"https:\\\/\\\/www.lpi.org\\\/vi\\\/#website\"},\"datePublished\":\"2023-04-06T13:40:24+00:00\",\"dateModified\":\"2023-10-21T04:17:48+00:00\",\"description\":\"\u1ede Linux Professional Institute (LPI), ch\u00fang t\u00f4i t\u00ecm ki\u1ebfm nh\u1eefng c\u00e1 nh\u00e2n h\u1ed7 tr\u1ee3 c\u00e1c d\u1ef1 \u00e1n m\u00e3 ngu\u1ed3n m\u1edf. H\u00e3y th\u1ec3 hi\u1ec7n t\u00e0i n\u0103ng c\u1ee7a b\u1ea3n th\u00e2n khi \u0111ang th\u1ef1c hi\u1ec7n s\u1ee9 m\u1ec7nh to l\u1edbn h\u01a1n.\",\"breadcrumb\":{\"@id\":\"https:\\\/\\\/www.lpi.org\\\/vi\\\/chuong-trinh-cong-dong\\\/#breadcrumb\"},\"inLanguage\":\"vi-VN\",\"potentialAction\":[{\"@type\":\"ReadAction\",\"target\":[\"https:\\\/\\\/www.lpi.org\\\/vi\\\/chuong-trinh-cong-dong\\\/\"]}]},{\"@type\":\"BreadcrumbList\",\"@id\":\"https:\\\/\\\/www.lpi.org\\\/vi\\\/chuong-trinh-cong-dong\\\/#breadcrumb\",\"itemListElement\":[{\"@type\":\"ListItem\",\"position\":1,\"name\":\"Home\",\"item\":\"https:\\\/\\\/www.lpi.org\\\/vi\\\/\"},{\"@type\":\"ListItem\",\"position\":2,\"name\":\"Ch\u01b0\u01a1ng tr\u00ecnh C\u1ed9ng \u0111\u1ed3ng\"}]},{\"@type\":\"WebSite\",\"@id\":\"https:\\\/\\\/www.lpi.org\\\/vi\\\/#website\",\"url\":\"https:\\\/\\\/www.lpi.org\\\/vi\\\/\",\"name\":\"Linux Professional Institute (LPI)\",\"description\":\"\",\"publisher\":{\"@id\":\"https:\\\/\\\/www.lpi.org\\\/vi\\\/#organization\"},\"potentialAction\":[{\"@type\":\"SearchAction\",\"target\":{\"@type\":\"EntryPoint\",\"urlTemplate\":\"https:\\\/\\\/www.lpi.org\\\/vi\\\/?s={search_term_string}\"},\"query-input\":{\"@type\":\"PropertyValueSpecification\",\"valueRequired\":true,\"valueName\":\"search_term_string\"}}],\"inLanguage\":\"vi-VN\"},{\"@type\":\"Organization\",\"@id\":\"https:\\\/\\\/www.lpi.org\\\/vi\\\/#organization\",\"name\":\"Linux Professional Institute (LPI)\",\"url\":\"https:\\\/\\\/www.lpi.org\\\/vi\\\/\",\"logo\":{\"@type\":\"ImageObject\",\"inLanguage\":\"vi-VN\",\"@id\":\"https:\\\/\\\/www.lpi.org\\\/vi\\\/#\\\/schema\\\/logo\\\/image\\\/\",\"url\":\"https:\\\/\\\/www.lpi.org\\\/wp-content\\\/uploads\\\/2023\\\/04\\\/logo.png\",\"contentUrl\":\"https:\\\/\\\/www.lpi.org\\\/wp-content\\\/uploads\\\/2023\\\/04\\\/logo.png\",\"width\":496,\"height\":175,\"caption\":\"Linux Professional Institute (LPI)\"},\"image\":{\"@id\":\"https:\\\/\\\/www.lpi.org\\\/vi\\\/#\\\/schema\\\/logo\\\/image\\\/\"},\"sameAs\":[\"https:\\\/\\\/www.facebook.com\\\/LPIConnect\",\"https:\\\/\\\/x.com\\\/lpiconnect\",\"https:\\\/\\\/www.linkedin.com\\\/company\\\/35136\",\"https:\\\/\\\/www.instagram.com\\\/lpi_org\\\/\",\"https:\\\/\\\/fosstodon.org\\\/@LPI\"]}]}<\/script>\n<!-- \/ Yoast SEO Premium plugin. -->","yoast_head_json":{"title":"Ch\u01b0\u01a1ng tr\u00ecnh C\u1ed9ng \u0111\u1ed3ng - Linux Professional Institute (LPI)","description":"\u1ede Linux Professional Institute (LPI), ch\u00fang t\u00f4i t\u00ecm ki\u1ebfm nh\u1eefng c\u00e1 nh\u00e2n h\u1ed7 tr\u1ee3 c\u00e1c d\u1ef1 \u00e1n m\u00e3 ngu\u1ed3n m\u1edf. H\u00e3y th\u1ec3 hi\u1ec7n t\u00e0i n\u0103ng c\u1ee7a b\u1ea3n th\u00e2n khi \u0111ang th\u1ef1c hi\u1ec7n s\u1ee9 m\u1ec7nh to l\u1edbn h\u01a1n.","robots":{"index":"index","follow":"follow","max-snippet":"max-snippet:-1","max-image-preview":"max-image-preview:large","max-video-preview":"max-video-preview:-1"},"canonical":"https:\/\/www.lpi.org\/vi\/chuong-trinh-cong-dong\/","og_locale":"vi_VN","og_type":"article","og_title":"Ch\u01b0\u01a1ng tr\u00ecnh C\u1ed9ng \u0111\u1ed3ng","og_description":"\u1ede Linux Professional Institute (LPI), ch\u00fang t\u00f4i t\u00ecm ki\u1ebfm nh\u1eefng c\u00e1 nh\u00e2n h\u1ed7 tr\u1ee3 c\u00e1c d\u1ef1 \u00e1n m\u00e3 ngu\u1ed3n m\u1edf. H\u00e3y th\u1ec3 hi\u1ec7n t\u00e0i n\u0103ng c\u1ee7a b\u1ea3n th\u00e2n khi \u0111ang th\u1ef1c hi\u1ec7n s\u1ee9 m\u1ec7nh to l\u1edbn h\u01a1n.","og_url":"https:\/\/www.lpi.org\/vi\/chuong-trinh-cong-dong\/","og_site_name":"Linux Professional Institute (LPI)","article_publisher":"https:\/\/www.facebook.com\/LPIConnect","article_modified_time":"2023-10-21T04:17:48+00:00","twitter_card":"summary_large_image","twitter_site":"@lpiconnect","schema":{"@context":"https:\/\/schema.org","@graph":[{"@type":"WebPage","@id":"https:\/\/www.lpi.org\/vi\/chuong-trinh-cong-dong\/","url":"https:\/\/www.lpi.org\/vi\/chuong-trinh-cong-dong\/","name":"Ch\u01b0\u01a1ng tr\u00ecnh C\u1ed9ng \u0111\u1ed3ng - Linux Professional Institute (LPI)","isPartOf":{"@id":"https:\/\/www.lpi.org\/vi\/#website"},"datePublished":"2023-04-06T13:40:24+00:00","dateModified":"2023-10-21T04:17:48+00:00","description":"\u1ede Linux Professional Institute (LPI), ch\u00fang t\u00f4i t\u00ecm ki\u1ebfm nh\u1eefng c\u00e1 nh\u00e2n h\u1ed7 tr\u1ee3 c\u00e1c d\u1ef1 \u00e1n m\u00e3 ngu\u1ed3n m\u1edf. H\u00e3y th\u1ec3 hi\u1ec7n t\u00e0i n\u0103ng c\u1ee7a b\u1ea3n th\u00e2n khi \u0111ang th\u1ef1c hi\u1ec7n s\u1ee9 m\u1ec7nh to l\u1edbn h\u01a1n.","breadcrumb":{"@id":"https:\/\/www.lpi.org\/vi\/chuong-trinh-cong-dong\/#breadcrumb"},"inLanguage":"vi-VN","potentialAction":[{"@type":"ReadAction","target":["https:\/\/www.lpi.org\/vi\/chuong-trinh-cong-dong\/"]}]},{"@type":"BreadcrumbList","@id":"https:\/\/www.lpi.org\/vi\/chuong-trinh-cong-dong\/#breadcrumb","itemListElement":[{"@type":"ListItem","position":1,"name":"Home","item":"https:\/\/www.lpi.org\/vi\/"},{"@type":"ListItem","position":2,"name":"Ch\u01b0\u01a1ng tr\u00ecnh C\u1ed9ng \u0111\u1ed3ng"}]},{"@type":"WebSite","@id":"https:\/\/www.lpi.org\/vi\/#website","url":"https:\/\/www.lpi.org\/vi\/","name":"Linux Professional Institute (LPI)","description":"","publisher":{"@id":"https:\/\/www.lpi.org\/vi\/#organization"},"potentialAction":[{"@type":"SearchAction","target":{"@type":"EntryPoint","urlTemplate":"https:\/\/www.lpi.org\/vi\/?s={search_term_string}"},"query-input":{"@type":"PropertyValueSpecification","valueRequired":true,"valueName":"search_term_string"}}],"inLanguage":"vi-VN"},{"@type":"Organization","@id":"https:\/\/www.lpi.org\/vi\/#organization","name":"Linux Professional Institute (LPI)","url":"https:\/\/www.lpi.org\/vi\/","logo":{"@type":"ImageObject","inLanguage":"vi-VN","@id":"https:\/\/www.lpi.org\/vi\/#\/schema\/logo\/image\/","url":"https:\/\/www.lpi.org\/wp-content\/uploads\/2023\/04\/logo.png","contentUrl":"https:\/\/www.lpi.org\/wp-content\/uploads\/2023\/04\/logo.png","width":496,"height":175,"caption":"Linux Professional Institute (LPI)"},"image":{"@id":"https:\/\/www.lpi.org\/vi\/#\/schema\/logo\/image\/"},"sameAs":["https:\/\/www.facebook.com\/LPIConnect","https:\/\/x.com\/lpiconnect","https:\/\/www.linkedin.com\/company\/35136","https:\/\/www.instagram.com\/lpi_org\/","https:\/\/fosstodon.org\/@LPI"]}]}},"_links":{"self":[{"href":"https:\/\/www.lpi.org\/vi\/wp-json\/wp\/v2\/pages\/17504","targetHints":{"allow":["GET"]}}],"collection":[{"href":"https:\/\/www.lpi.org\/vi\/wp-json\/wp\/v2\/pages"}],"about":[{"href":"https:\/\/www.lpi.org\/vi\/wp-json\/wp\/v2\/types\/page"}],"author":[{"embeddable":true,"href":"https:\/\/www.lpi.org\/vi\/wp-json\/wp\/v2\/users\/1"}],"replies":[{"embeddable":true,"href":"https:\/\/www.lpi.org\/vi\/wp-json\/wp\/v2\/comments?post=17504"}],"version-history":[{"count":1,"href":"https:\/\/www.lpi.org\/vi\/wp-json\/wp\/v2\/pages\/17504\/revisions"}],"predecessor-version":[{"id":17511,"href":"https:\/\/www.lpi.org\/vi\/wp-json\/wp\/v2\/pages\/17504\/revisions\/17511"}],"wp:attachment":[{"href":"https:\/\/www.lpi.org\/vi\/wp-json\/wp\/v2\/media?parent=17504"}],"curies":[{"name":"wp","href":"https:\/\/api.w.org\/{rel}","templated":true}]}}