{"id":17512,"date":"2023-06-19T09:37:24","date_gmt":"2023-06-19T13:37:24","guid":{"rendered":"https:\/\/www.lpi.org\/cac-muc-tieu-bai-thi-lpic-3-306\/"},"modified":"2024-07-24T05:09:48","modified_gmt":"2024-07-24T09:09:48","slug":"cac-muc-tieu-bai-thi-lpic-3-306","status":"publish","type":"page","link":"https:\/\/www.lpi.org\/vi\/cac-muc-tieu-bai-thi-lpic-3-306\/","title":{"rendered":"C\u00e1c M\u1ee5c Ti\u00eau B\u00e0i Thi LPIC-3 306"},"content":{"rendered":"","protected":false},"excerpt":{"rendered":"","protected":false},"author":1,"featured_media":0,"parent":0,"menu_order":0,"comment_status":"closed","ping_status":"closed","template":"template-sections.php","meta":{"_acf_changed":false,"footnotes":""},"class_list":["post-17512","page","type-page","status-publish","hentry"],"acf":[],"yoast_head":"<!-- This site is optimized with the Yoast SEO Premium plugin v27.2 (Yoast SEO v27.3) - https:\/\/yoast.com\/product\/yoast-seo-premium-wordpress\/ -->\n<title>C\u00e1c M\u1ee5c Ti\u00eau B\u00e0i Thi LPIC-3 306 - Linux Professional Institute (LPI)<\/title>\n<meta name=\"description\" content=\"T\u00ecm hi\u1ec3u th\u00eam v\u1ec1 C\u00e1c M\u1ee5c Ti\u00eau B\u00e0i Thi Linux Professional Institute (LPI) LPIC-3 T\u00ednh Kh\u1ea3 D\u1ee5ng Cao v\u00e0 V\u00f9ng L\u01b0u Tr\u1eef Cluster.\" \/>\n<meta name=\"robots\" content=\"index, follow, max-snippet:-1, max-image-preview:large, max-video-preview:-1\" \/>\n<link rel=\"canonical\" href=\"https:\/\/www.lpi.org\/vi\/cac-muc-tieu-bai-thi-lpic-3-306\/\" \/>\n<meta property=\"og:locale\" content=\"vi_VN\" \/>\n<meta property=\"og:type\" content=\"article\" \/>\n<meta property=\"og:title\" content=\"C\u00e1c M\u1ee5c Ti\u00eau B\u00e0i Thi LPIC-3 306\" \/>\n<meta property=\"og:description\" content=\"T\u00ecm hi\u1ec3u th\u00eam v\u1ec1 C\u00e1c M\u1ee5c Ti\u00eau B\u00e0i Thi Linux Professional Institute (LPI) LPIC-3 T\u00ednh Kh\u1ea3 D\u1ee5ng Cao v\u00e0 V\u00f9ng L\u01b0u Tr\u1eef Cluster.\" \/>\n<meta property=\"og:url\" content=\"https:\/\/www.lpi.org\/vi\/cac-muc-tieu-bai-thi-lpic-3-306\/\" \/>\n<meta property=\"og:site_name\" content=\"Linux Professional Institute (LPI)\" \/>\n<meta property=\"article:publisher\" content=\"https:\/\/www.facebook.com\/LPIConnect\" \/>\n<meta property=\"article:modified_time\" content=\"2024-07-24T09:09:48+00:00\" \/>\n<meta name=\"twitter:card\" content=\"summary_large_image\" \/>\n<meta name=\"twitter:site\" content=\"@lpiconnect\" \/>\n<meta name=\"twitter:label1\" content=\"Est. reading time\" \/>\n\t<meta name=\"twitter:data1\" content=\"1 minute\" \/>\n<script type=\"application\/ld+json\" class=\"yoast-schema-graph\">{\"@context\":\"https:\\\/\\\/schema.org\",\"@graph\":[{\"@type\":\"WebPage\",\"@id\":\"https:\\\/\\\/www.lpi.org\\\/vi\\\/cac-muc-tieu-bai-thi-lpic-3-306\\\/\",\"url\":\"https:\\\/\\\/www.lpi.org\\\/vi\\\/cac-muc-tieu-bai-thi-lpic-3-306\\\/\",\"name\":\"C\u00e1c M\u1ee5c Ti\u00eau B\u00e0i Thi LPIC-3 306 - Linux Professional Institute (LPI)\",\"isPartOf\":{\"@id\":\"https:\\\/\\\/www.lpi.org\\\/vi\\\/#website\"},\"datePublished\":\"2023-06-19T13:37:24+00:00\",\"dateModified\":\"2024-07-24T09:09:48+00:00\",\"description\":\"T\u00ecm hi\u1ec3u th\u00eam v\u1ec1 C\u00e1c M\u1ee5c Ti\u00eau B\u00e0i Thi Linux Professional Institute (LPI) LPIC-3 T\u00ednh Kh\u1ea3 D\u1ee5ng Cao v\u00e0 V\u00f9ng L\u01b0u Tr\u1eef Cluster.\",\"breadcrumb\":{\"@id\":\"https:\\\/\\\/www.lpi.org\\\/vi\\\/cac-muc-tieu-bai-thi-lpic-3-306\\\/#breadcrumb\"},\"inLanguage\":\"vi-VN\",\"potentialAction\":[{\"@type\":\"ReadAction\",\"target\":[\"https:\\\/\\\/www.lpi.org\\\/vi\\\/cac-muc-tieu-bai-thi-lpic-3-306\\\/\"]}]},{\"@type\":\"BreadcrumbList\",\"@id\":\"https:\\\/\\\/www.lpi.org\\\/vi\\\/cac-muc-tieu-bai-thi-lpic-3-306\\\/#breadcrumb\",\"itemListElement\":[{\"@type\":\"ListItem\",\"position\":1,\"name\":\"Home\",\"item\":\"https:\\\/\\\/www.lpi.org\\\/vi\\\/\"},{\"@type\":\"ListItem\",\"position\":2,\"name\":\"C\u00e1c M\u1ee5c Ti\u00eau B\u00e0i Thi LPIC-3 306\"}]},{\"@type\":\"WebSite\",\"@id\":\"https:\\\/\\\/www.lpi.org\\\/vi\\\/#website\",\"url\":\"https:\\\/\\\/www.lpi.org\\\/vi\\\/\",\"name\":\"Linux Professional Institute (LPI)\",\"description\":\"\",\"publisher\":{\"@id\":\"https:\\\/\\\/www.lpi.org\\\/vi\\\/#organization\"},\"potentialAction\":[{\"@type\":\"SearchAction\",\"target\":{\"@type\":\"EntryPoint\",\"urlTemplate\":\"https:\\\/\\\/www.lpi.org\\\/vi\\\/?s={search_term_string}\"},\"query-input\":{\"@type\":\"PropertyValueSpecification\",\"valueRequired\":true,\"valueName\":\"search_term_string\"}}],\"inLanguage\":\"vi-VN\"},{\"@type\":\"Organization\",\"@id\":\"https:\\\/\\\/www.lpi.org\\\/vi\\\/#organization\",\"name\":\"Linux Professional Institute (LPI)\",\"url\":\"https:\\\/\\\/www.lpi.org\\\/vi\\\/\",\"logo\":{\"@type\":\"ImageObject\",\"inLanguage\":\"vi-VN\",\"@id\":\"https:\\\/\\\/www.lpi.org\\\/vi\\\/#\\\/schema\\\/logo\\\/image\\\/\",\"url\":\"https:\\\/\\\/www.lpi.org\\\/wp-content\\\/uploads\\\/2023\\\/04\\\/logo.png\",\"contentUrl\":\"https:\\\/\\\/www.lpi.org\\\/wp-content\\\/uploads\\\/2023\\\/04\\\/logo.png\",\"width\":496,\"height\":175,\"caption\":\"Linux Professional Institute (LPI)\"},\"image\":{\"@id\":\"https:\\\/\\\/www.lpi.org\\\/vi\\\/#\\\/schema\\\/logo\\\/image\\\/\"},\"sameAs\":[\"https:\\\/\\\/www.facebook.com\\\/LPIConnect\",\"https:\\\/\\\/x.com\\\/lpiconnect\",\"https:\\\/\\\/www.linkedin.com\\\/company\\\/35136\",\"https:\\\/\\\/www.instagram.com\\\/lpi_org\\\/\",\"https:\\\/\\\/fosstodon.org\\\/@LPI\"]}]}<\/script>\n<!-- \/ Yoast SEO Premium plugin. -->","yoast_head_json":{"title":"C\u00e1c M\u1ee5c Ti\u00eau B\u00e0i Thi LPIC-3 306 - Linux Professional Institute (LPI)","description":"T\u00ecm hi\u1ec3u th\u00eam v\u1ec1 C\u00e1c M\u1ee5c Ti\u00eau B\u00e0i Thi Linux Professional Institute (LPI) LPIC-3 T\u00ednh Kh\u1ea3 D\u1ee5ng Cao v\u00e0 V\u00f9ng L\u01b0u Tr\u1eef Cluster.","robots":{"index":"index","follow":"follow","max-snippet":"max-snippet:-1","max-image-preview":"max-image-preview:large","max-video-preview":"max-video-preview:-1"},"canonical":"https:\/\/www.lpi.org\/vi\/cac-muc-tieu-bai-thi-lpic-3-306\/","og_locale":"vi_VN","og_type":"article","og_title":"C\u00e1c M\u1ee5c Ti\u00eau B\u00e0i Thi LPIC-3 306","og_description":"T\u00ecm hi\u1ec3u th\u00eam v\u1ec1 C\u00e1c M\u1ee5c Ti\u00eau B\u00e0i Thi Linux Professional Institute (LPI) LPIC-3 T\u00ednh Kh\u1ea3 D\u1ee5ng Cao v\u00e0 V\u00f9ng L\u01b0u Tr\u1eef Cluster.","og_url":"https:\/\/www.lpi.org\/vi\/cac-muc-tieu-bai-thi-lpic-3-306\/","og_site_name":"Linux Professional Institute (LPI)","article_publisher":"https:\/\/www.facebook.com\/LPIConnect","article_modified_time":"2024-07-24T09:09:48+00:00","twitter_card":"summary_large_image","twitter_site":"@lpiconnect","twitter_misc":{"Est. reading time":"1 minute"},"schema":{"@context":"https:\/\/schema.org","@graph":[{"@type":"WebPage","@id":"https:\/\/www.lpi.org\/vi\/cac-muc-tieu-bai-thi-lpic-3-306\/","url":"https:\/\/www.lpi.org\/vi\/cac-muc-tieu-bai-thi-lpic-3-306\/","name":"C\u00e1c M\u1ee5c Ti\u00eau B\u00e0i Thi LPIC-3 306 - Linux Professional Institute (LPI)","isPartOf":{"@id":"https:\/\/www.lpi.org\/vi\/#website"},"datePublished":"2023-06-19T13:37:24+00:00","dateModified":"2024-07-24T09:09:48+00:00","description":"T\u00ecm hi\u1ec3u th\u00eam v\u1ec1 C\u00e1c M\u1ee5c Ti\u00eau B\u00e0i Thi Linux Professional Institute (LPI) LPIC-3 T\u00ednh Kh\u1ea3 D\u1ee5ng Cao v\u00e0 V\u00f9ng L\u01b0u Tr\u1eef Cluster.","breadcrumb":{"@id":"https:\/\/www.lpi.org\/vi\/cac-muc-tieu-bai-thi-lpic-3-306\/#breadcrumb"},"inLanguage":"vi-VN","potentialAction":[{"@type":"ReadAction","target":["https:\/\/www.lpi.org\/vi\/cac-muc-tieu-bai-thi-lpic-3-306\/"]}]},{"@type":"BreadcrumbList","@id":"https:\/\/www.lpi.org\/vi\/cac-muc-tieu-bai-thi-lpic-3-306\/#breadcrumb","itemListElement":[{"@type":"ListItem","position":1,"name":"Home","item":"https:\/\/www.lpi.org\/vi\/"},{"@type":"ListItem","position":2,"name":"C\u00e1c M\u1ee5c Ti\u00eau B\u00e0i Thi LPIC-3 306"}]},{"@type":"WebSite","@id":"https:\/\/www.lpi.org\/vi\/#website","url":"https:\/\/www.lpi.org\/vi\/","name":"Linux Professional Institute (LPI)","description":"","publisher":{"@id":"https:\/\/www.lpi.org\/vi\/#organization"},"potentialAction":[{"@type":"SearchAction","target":{"@type":"EntryPoint","urlTemplate":"https:\/\/www.lpi.org\/vi\/?s={search_term_string}"},"query-input":{"@type":"PropertyValueSpecification","valueRequired":true,"valueName":"search_term_string"}}],"inLanguage":"vi-VN"},{"@type":"Organization","@id":"https:\/\/www.lpi.org\/vi\/#organization","name":"Linux Professional Institute (LPI)","url":"https:\/\/www.lpi.org\/vi\/","logo":{"@type":"ImageObject","inLanguage":"vi-VN","@id":"https:\/\/www.lpi.org\/vi\/#\/schema\/logo\/image\/","url":"https:\/\/www.lpi.org\/wp-content\/uploads\/2023\/04\/logo.png","contentUrl":"https:\/\/www.lpi.org\/wp-content\/uploads\/2023\/04\/logo.png","width":496,"height":175,"caption":"Linux Professional Institute (LPI)"},"image":{"@id":"https:\/\/www.lpi.org\/vi\/#\/schema\/logo\/image\/"},"sameAs":["https:\/\/www.facebook.com\/LPIConnect","https:\/\/x.com\/lpiconnect","https:\/\/www.linkedin.com\/company\/35136","https:\/\/www.instagram.com\/lpi_org\/","https:\/\/fosstodon.org\/@LPI"]}]}},"_links":{"self":[{"href":"https:\/\/www.lpi.org\/vi\/wp-json\/wp\/v2\/pages\/17512","targetHints":{"allow":["GET"]}}],"collection":[{"href":"https:\/\/www.lpi.org\/vi\/wp-json\/wp\/v2\/pages"}],"about":[{"href":"https:\/\/www.lpi.org\/vi\/wp-json\/wp\/v2\/types\/page"}],"author":[{"embeddable":true,"href":"https:\/\/www.lpi.org\/vi\/wp-json\/wp\/v2\/users\/1"}],"replies":[{"embeddable":true,"href":"https:\/\/www.lpi.org\/vi\/wp-json\/wp\/v2\/comments?post=17512"}],"version-history":[{"count":2,"href":"https:\/\/www.lpi.org\/vi\/wp-json\/wp\/v2\/pages\/17512\/revisions"}],"predecessor-version":[{"id":24312,"href":"https:\/\/www.lpi.org\/vi\/wp-json\/wp\/v2\/pages\/17512\/revisions\/24312"}],"wp:attachment":[{"href":"https:\/\/www.lpi.org\/vi\/wp-json\/wp\/v2\/media?parent=17512"}],"curies":[{"name":"wp","href":"https:\/\/api.w.org\/{rel}","templated":true}]}}