{"id":17522,"date":"2023-06-21T05:28:27","date_gmt":"2023-06-21T09:28:27","guid":{"rendered":"https:\/\/www.lpi.org\/dinh-vi-mot-doi-tac-dao-tao-lpi-duoc-phe-duyet\/"},"modified":"2023-11-23T02:57:32","modified_gmt":"2023-11-23T07:57:32","slug":"dinh-vi-mot-doi-tac-dao-tao-lpi-duoc-phe-duyet","status":"publish","type":"page","link":"https:\/\/www.lpi.org\/vi\/dinh-vi-mot-doi-tac-dao-tao-lpi-duoc-phe-duyet\/","title":{"rendered":"\u0110\u1ecbnh v\u1ecb m\u1ed9t \u0110\u1ed1i t\u00e1c \u0110\u00e0o t\u1ea1o \u0111\u01b0\u1ee3c LPI Ph\u00ea duy\u1ec7t"},"content":{"rendered":"","protected":false},"excerpt":{"rendered":"","protected":false},"author":1,"featured_media":0,"parent":0,"menu_order":0,"comment_status":"closed","ping_status":"closed","template":"template-sections.php","meta":{"_acf_changed":false,"footnotes":""},"class_list":["post-17522","page","type-page","status-publish","hentry"],"acf":[],"yoast_head":"<!-- This site is optimized with the Yoast SEO Premium plugin v27.2 (Yoast SEO v27.3) - https:\/\/yoast.com\/product\/yoast-seo-premium-wordpress\/ -->\n<title>\u0110\u1ecbnh v\u1ecb m\u1ed9t \u0110\u1ed1i t\u00e1c \u0110\u00e0o t\u1ea1o \u0111\u01b0\u1ee3c LPI Ph\u00ea duy\u1ec7t - Linux Professional Institute (LPI)<\/title>\n<meta name=\"robots\" content=\"index, follow, max-snippet:-1, max-image-preview:large, max-video-preview:-1\" \/>\n<link rel=\"canonical\" href=\"https:\/\/www.lpi.org\/vi\/dinh-vi-mot-doi-tac-dao-tao-lpi-duoc-phe-duyet\/\" \/>\n<meta property=\"og:locale\" content=\"vi_VN\" \/>\n<meta property=\"og:type\" content=\"article\" \/>\n<meta property=\"og:title\" content=\"\u0110\u1ecbnh v\u1ecb m\u1ed9t \u0110\u1ed1i t\u00e1c \u0110\u00e0o t\u1ea1o \u0111\u01b0\u1ee3c LPI Ph\u00ea duy\u1ec7t\" \/>\n<meta property=\"og:url\" content=\"https:\/\/www.lpi.org\/vi\/dinh-vi-mot-doi-tac-dao-tao-lpi-duoc-phe-duyet\/\" \/>\n<meta property=\"og:site_name\" content=\"Linux Professional Institute (LPI)\" \/>\n<meta property=\"article:publisher\" content=\"https:\/\/www.facebook.com\/LPIConnect\" \/>\n<meta property=\"article:modified_time\" content=\"2023-11-23T07:57:32+00:00\" \/>\n<meta name=\"twitter:card\" content=\"summary_large_image\" \/>\n<meta name=\"twitter:site\" content=\"@lpiconnect\" \/>\n<script type=\"application\/ld+json\" class=\"yoast-schema-graph\">{\"@context\":\"https:\\\/\\\/schema.org\",\"@graph\":[{\"@type\":\"WebPage\",\"@id\":\"https:\\\/\\\/www.lpi.org\\\/vi\\\/dinh-vi-mot-doi-tac-dao-tao-lpi-duoc-phe-duyet\\\/\",\"url\":\"https:\\\/\\\/www.lpi.org\\\/vi\\\/dinh-vi-mot-doi-tac-dao-tao-lpi-duoc-phe-duyet\\\/\",\"name\":\"\u0110\u1ecbnh v\u1ecb m\u1ed9t \u0110\u1ed1i t\u00e1c \u0110\u00e0o t\u1ea1o \u0111\u01b0\u1ee3c LPI Ph\u00ea duy\u1ec7t - Linux Professional Institute (LPI)\",\"isPartOf\":{\"@id\":\"https:\\\/\\\/www.lpi.org\\\/vi\\\/#website\"},\"datePublished\":\"2023-06-21T09:28:27+00:00\",\"dateModified\":\"2023-11-23T07:57:32+00:00\",\"breadcrumb\":{\"@id\":\"https:\\\/\\\/www.lpi.org\\\/vi\\\/dinh-vi-mot-doi-tac-dao-tao-lpi-duoc-phe-duyet\\\/#breadcrumb\"},\"inLanguage\":\"vi-VN\",\"potentialAction\":[{\"@type\":\"ReadAction\",\"target\":[\"https:\\\/\\\/www.lpi.org\\\/vi\\\/dinh-vi-mot-doi-tac-dao-tao-lpi-duoc-phe-duyet\\\/\"]}]},{\"@type\":\"BreadcrumbList\",\"@id\":\"https:\\\/\\\/www.lpi.org\\\/vi\\\/dinh-vi-mot-doi-tac-dao-tao-lpi-duoc-phe-duyet\\\/#breadcrumb\",\"itemListElement\":[{\"@type\":\"ListItem\",\"position\":1,\"name\":\"Home\",\"item\":\"https:\\\/\\\/www.lpi.org\\\/vi\\\/\"},{\"@type\":\"ListItem\",\"position\":2,\"name\":\"\u0110\u1ecbnh v\u1ecb m\u1ed9t \u0110\u1ed1i t\u00e1c \u0110\u00e0o t\u1ea1o \u0111\u01b0\u1ee3c LPI Ph\u00ea duy\u1ec7t\"}]},{\"@type\":\"WebSite\",\"@id\":\"https:\\\/\\\/www.lpi.org\\\/vi\\\/#website\",\"url\":\"https:\\\/\\\/www.lpi.org\\\/vi\\\/\",\"name\":\"Linux Professional Institute (LPI)\",\"description\":\"\",\"publisher\":{\"@id\":\"https:\\\/\\\/www.lpi.org\\\/vi\\\/#organization\"},\"potentialAction\":[{\"@type\":\"SearchAction\",\"target\":{\"@type\":\"EntryPoint\",\"urlTemplate\":\"https:\\\/\\\/www.lpi.org\\\/vi\\\/?s={search_term_string}\"},\"query-input\":{\"@type\":\"PropertyValueSpecification\",\"valueRequired\":true,\"valueName\":\"search_term_string\"}}],\"inLanguage\":\"vi-VN\"},{\"@type\":\"Organization\",\"@id\":\"https:\\\/\\\/www.lpi.org\\\/vi\\\/#organization\",\"name\":\"Linux Professional Institute (LPI)\",\"url\":\"https:\\\/\\\/www.lpi.org\\\/vi\\\/\",\"logo\":{\"@type\":\"ImageObject\",\"inLanguage\":\"vi-VN\",\"@id\":\"https:\\\/\\\/www.lpi.org\\\/vi\\\/#\\\/schema\\\/logo\\\/image\\\/\",\"url\":\"https:\\\/\\\/www.lpi.org\\\/wp-content\\\/uploads\\\/2023\\\/04\\\/logo.png\",\"contentUrl\":\"https:\\\/\\\/www.lpi.org\\\/wp-content\\\/uploads\\\/2023\\\/04\\\/logo.png\",\"width\":496,\"height\":175,\"caption\":\"Linux Professional Institute (LPI)\"},\"image\":{\"@id\":\"https:\\\/\\\/www.lpi.org\\\/vi\\\/#\\\/schema\\\/logo\\\/image\\\/\"},\"sameAs\":[\"https:\\\/\\\/www.facebook.com\\\/LPIConnect\",\"https:\\\/\\\/x.com\\\/lpiconnect\",\"https:\\\/\\\/www.linkedin.com\\\/company\\\/35136\",\"https:\\\/\\\/www.instagram.com\\\/lpi_org\\\/\",\"https:\\\/\\\/fosstodon.org\\\/@LPI\"]}]}<\/script>\n<!-- \/ Yoast SEO Premium plugin. -->","yoast_head_json":{"title":"\u0110\u1ecbnh v\u1ecb m\u1ed9t \u0110\u1ed1i t\u00e1c \u0110\u00e0o t\u1ea1o \u0111\u01b0\u1ee3c LPI Ph\u00ea duy\u1ec7t - Linux Professional Institute (LPI)","robots":{"index":"index","follow":"follow","max-snippet":"max-snippet:-1","max-image-preview":"max-image-preview:large","max-video-preview":"max-video-preview:-1"},"canonical":"https:\/\/www.lpi.org\/vi\/dinh-vi-mot-doi-tac-dao-tao-lpi-duoc-phe-duyet\/","og_locale":"vi_VN","og_type":"article","og_title":"\u0110\u1ecbnh v\u1ecb m\u1ed9t \u0110\u1ed1i t\u00e1c \u0110\u00e0o t\u1ea1o \u0111\u01b0\u1ee3c LPI Ph\u00ea duy\u1ec7t","og_url":"https:\/\/www.lpi.org\/vi\/dinh-vi-mot-doi-tac-dao-tao-lpi-duoc-phe-duyet\/","og_site_name":"Linux Professional Institute (LPI)","article_publisher":"https:\/\/www.facebook.com\/LPIConnect","article_modified_time":"2023-11-23T07:57:32+00:00","twitter_card":"summary_large_image","twitter_site":"@lpiconnect","schema":{"@context":"https:\/\/schema.org","@graph":[{"@type":"WebPage","@id":"https:\/\/www.lpi.org\/vi\/dinh-vi-mot-doi-tac-dao-tao-lpi-duoc-phe-duyet\/","url":"https:\/\/www.lpi.org\/vi\/dinh-vi-mot-doi-tac-dao-tao-lpi-duoc-phe-duyet\/","name":"\u0110\u1ecbnh v\u1ecb m\u1ed9t \u0110\u1ed1i t\u00e1c \u0110\u00e0o t\u1ea1o \u0111\u01b0\u1ee3c LPI Ph\u00ea duy\u1ec7t - Linux Professional Institute (LPI)","isPartOf":{"@id":"https:\/\/www.lpi.org\/vi\/#website"},"datePublished":"2023-06-21T09:28:27+00:00","dateModified":"2023-11-23T07:57:32+00:00","breadcrumb":{"@id":"https:\/\/www.lpi.org\/vi\/dinh-vi-mot-doi-tac-dao-tao-lpi-duoc-phe-duyet\/#breadcrumb"},"inLanguage":"vi-VN","potentialAction":[{"@type":"ReadAction","target":["https:\/\/www.lpi.org\/vi\/dinh-vi-mot-doi-tac-dao-tao-lpi-duoc-phe-duyet\/"]}]},{"@type":"BreadcrumbList","@id":"https:\/\/www.lpi.org\/vi\/dinh-vi-mot-doi-tac-dao-tao-lpi-duoc-phe-duyet\/#breadcrumb","itemListElement":[{"@type":"ListItem","position":1,"name":"Home","item":"https:\/\/www.lpi.org\/vi\/"},{"@type":"ListItem","position":2,"name":"\u0110\u1ecbnh v\u1ecb m\u1ed9t \u0110\u1ed1i t\u00e1c \u0110\u00e0o t\u1ea1o \u0111\u01b0\u1ee3c LPI Ph\u00ea duy\u1ec7t"}]},{"@type":"WebSite","@id":"https:\/\/www.lpi.org\/vi\/#website","url":"https:\/\/www.lpi.org\/vi\/","name":"Linux Professional Institute (LPI)","description":"","publisher":{"@id":"https:\/\/www.lpi.org\/vi\/#organization"},"potentialAction":[{"@type":"SearchAction","target":{"@type":"EntryPoint","urlTemplate":"https:\/\/www.lpi.org\/vi\/?s={search_term_string}"},"query-input":{"@type":"PropertyValueSpecification","valueRequired":true,"valueName":"search_term_string"}}],"inLanguage":"vi-VN"},{"@type":"Organization","@id":"https:\/\/www.lpi.org\/vi\/#organization","name":"Linux Professional Institute (LPI)","url":"https:\/\/www.lpi.org\/vi\/","logo":{"@type":"ImageObject","inLanguage":"vi-VN","@id":"https:\/\/www.lpi.org\/vi\/#\/schema\/logo\/image\/","url":"https:\/\/www.lpi.org\/wp-content\/uploads\/2023\/04\/logo.png","contentUrl":"https:\/\/www.lpi.org\/wp-content\/uploads\/2023\/04\/logo.png","width":496,"height":175,"caption":"Linux Professional Institute (LPI)"},"image":{"@id":"https:\/\/www.lpi.org\/vi\/#\/schema\/logo\/image\/"},"sameAs":["https:\/\/www.facebook.com\/LPIConnect","https:\/\/x.com\/lpiconnect","https:\/\/www.linkedin.com\/company\/35136","https:\/\/www.instagram.com\/lpi_org\/","https:\/\/fosstodon.org\/@LPI"]}]}},"_links":{"self":[{"href":"https:\/\/www.lpi.org\/vi\/wp-json\/wp\/v2\/pages\/17522","targetHints":{"allow":["GET"]}}],"collection":[{"href":"https:\/\/www.lpi.org\/vi\/wp-json\/wp\/v2\/pages"}],"about":[{"href":"https:\/\/www.lpi.org\/vi\/wp-json\/wp\/v2\/types\/page"}],"author":[{"embeddable":true,"href":"https:\/\/www.lpi.org\/vi\/wp-json\/wp\/v2\/users\/1"}],"replies":[{"embeddable":true,"href":"https:\/\/www.lpi.org\/vi\/wp-json\/wp\/v2\/comments?post=17522"}],"version-history":[{"count":6,"href":"https:\/\/www.lpi.org\/vi\/wp-json\/wp\/v2\/pages\/17522\/revisions"}],"predecessor-version":[{"id":19523,"href":"https:\/\/www.lpi.org\/vi\/wp-json\/wp\/v2\/pages\/17522\/revisions\/19523"}],"wp:attachment":[{"href":"https:\/\/www.lpi.org\/vi\/wp-json\/wp\/v2\/media?parent=17522"}],"curies":[{"name":"wp","href":"https:\/\/api.w.org\/{rel}","templated":true}]}}