{"id":17524,"date":"2023-04-06T09:38:16","date_gmt":"2023-04-06T13:38:16","guid":{"rendered":"https:\/\/www.lpi.org\/dieu-gi-thuc-day-chung-toi\/"},"modified":"2023-09-15T23:45:51","modified_gmt":"2023-09-16T03:45:51","slug":"dieu-gi-thuc-day-chung-toi","status":"publish","type":"page","link":"https:\/\/www.lpi.org\/vi\/dieu-gi-thuc-day-chung-toi\/","title":{"rendered":"\u0110i\u1ec1u g\u00ec th\u00fac \u0111\u1ea9y ch\u00fang t\u00f4i"},"content":{"rendered":"","protected":false},"excerpt":{"rendered":"","protected":false},"author":1,"featured_media":0,"parent":0,"menu_order":0,"comment_status":"closed","ping_status":"closed","template":"template-sections.php","meta":{"_acf_changed":false,"footnotes":""},"class_list":["post-17524","page","type-page","status-publish","hentry"],"acf":[],"yoast_head":"<!-- This site is optimized with the Yoast SEO Premium plugin v27.2 (Yoast SEO v27.3) - https:\/\/yoast.com\/product\/yoast-seo-premium-wordpress\/ -->\n<title>\u0110i\u1ec1u g\u00ec th\u00fac \u0111\u1ea9y ch\u00fang t\u00f4i - Linux Professional Institute (LPI)<\/title>\n<meta name=\"description\" content=\"S\u1ee9 m\u1ec7nh c\u1ee7a ch\u00fang t\u00f4i l\u00e0 th\u00fac \u0111\u1ea9y vi\u1ec7c s\u1eed d\u1ee5ng m\u00e3 ngu\u1ed3n m\u1edf th\u00f4ng qua nh\u1eefng n\u1ed7 l\u1ef1c h\u1ed7 tr\u1ee3 con ng\u01b0\u1eddi l\u00e0m vi\u1ec7c v\u1edbi n\u00f3. T\u00ecm hi\u1ec3u xem \u0111i\u1ec1u g\u00ec \u0111\u00e3 th\u00fac \u0111\u1ea9y ch\u00fang t\u00f4i.\" \/>\n<meta name=\"robots\" content=\"index, follow, max-snippet:-1, max-image-preview:large, max-video-preview:-1\" \/>\n<link rel=\"canonical\" href=\"https:\/\/www.lpi.org\/vi\/dieu-gi-thuc-day-chung-toi\/\" \/>\n<meta property=\"og:locale\" content=\"vi_VN\" \/>\n<meta property=\"og:type\" content=\"article\" \/>\n<meta property=\"og:title\" content=\"\u0110i\u1ec1u g\u00ec th\u00fac \u0111\u1ea9y ch\u00fang t\u00f4i\" \/>\n<meta property=\"og:description\" content=\"S\u1ee9 m\u1ec7nh c\u1ee7a ch\u00fang t\u00f4i l\u00e0 th\u00fac \u0111\u1ea9y vi\u1ec7c s\u1eed d\u1ee5ng m\u00e3 ngu\u1ed3n m\u1edf th\u00f4ng qua nh\u1eefng n\u1ed7 l\u1ef1c h\u1ed7 tr\u1ee3 con ng\u01b0\u1eddi l\u00e0m vi\u1ec7c v\u1edbi n\u00f3. T\u00ecm hi\u1ec3u xem \u0111i\u1ec1u g\u00ec \u0111\u00e3 th\u00fac \u0111\u1ea9y ch\u00fang t\u00f4i.\" \/>\n<meta property=\"og:url\" content=\"https:\/\/www.lpi.org\/vi\/dieu-gi-thuc-day-chung-toi\/\" \/>\n<meta property=\"og:site_name\" content=\"Linux Professional Institute (LPI)\" \/>\n<meta property=\"article:publisher\" content=\"https:\/\/www.facebook.com\/LPIConnect\" \/>\n<meta property=\"article:modified_time\" content=\"2023-09-16T03:45:51+00:00\" \/>\n<meta name=\"twitter:card\" content=\"summary_large_image\" \/>\n<meta name=\"twitter:site\" content=\"@lpiconnect\" \/>\n<script type=\"application\/ld+json\" class=\"yoast-schema-graph\">{\"@context\":\"https:\\\/\\\/schema.org\",\"@graph\":[{\"@type\":\"WebPage\",\"@id\":\"https:\\\/\\\/www.lpi.org\\\/vi\\\/dieu-gi-thuc-day-chung-toi\\\/\",\"url\":\"https:\\\/\\\/www.lpi.org\\\/vi\\\/dieu-gi-thuc-day-chung-toi\\\/\",\"name\":\"\u0110i\u1ec1u g\u00ec th\u00fac \u0111\u1ea9y ch\u00fang t\u00f4i - Linux Professional Institute (LPI)\",\"isPartOf\":{\"@id\":\"https:\\\/\\\/www.lpi.org\\\/vi\\\/#website\"},\"datePublished\":\"2023-04-06T13:38:16+00:00\",\"dateModified\":\"2023-09-16T03:45:51+00:00\",\"description\":\"S\u1ee9 m\u1ec7nh c\u1ee7a ch\u00fang t\u00f4i l\u00e0 th\u00fac \u0111\u1ea9y vi\u1ec7c s\u1eed d\u1ee5ng m\u00e3 ngu\u1ed3n m\u1edf th\u00f4ng qua nh\u1eefng n\u1ed7 l\u1ef1c h\u1ed7 tr\u1ee3 con ng\u01b0\u1eddi l\u00e0m vi\u1ec7c v\u1edbi n\u00f3. T\u00ecm hi\u1ec3u xem \u0111i\u1ec1u g\u00ec \u0111\u00e3 th\u00fac \u0111\u1ea9y ch\u00fang t\u00f4i.\",\"breadcrumb\":{\"@id\":\"https:\\\/\\\/www.lpi.org\\\/vi\\\/dieu-gi-thuc-day-chung-toi\\\/#breadcrumb\"},\"inLanguage\":\"vi-VN\",\"potentialAction\":[{\"@type\":\"ReadAction\",\"target\":[\"https:\\\/\\\/www.lpi.org\\\/vi\\\/dieu-gi-thuc-day-chung-toi\\\/\"]}]},{\"@type\":\"BreadcrumbList\",\"@id\":\"https:\\\/\\\/www.lpi.org\\\/vi\\\/dieu-gi-thuc-day-chung-toi\\\/#breadcrumb\",\"itemListElement\":[{\"@type\":\"ListItem\",\"position\":1,\"name\":\"Home\",\"item\":\"https:\\\/\\\/www.lpi.org\\\/vi\\\/\"},{\"@type\":\"ListItem\",\"position\":2,\"name\":\"\u0110i\u1ec1u g\u00ec th\u00fac \u0111\u1ea9y ch\u00fang t\u00f4i\"}]},{\"@type\":\"WebSite\",\"@id\":\"https:\\\/\\\/www.lpi.org\\\/vi\\\/#website\",\"url\":\"https:\\\/\\\/www.lpi.org\\\/vi\\\/\",\"name\":\"Linux Professional Institute (LPI)\",\"description\":\"\",\"publisher\":{\"@id\":\"https:\\\/\\\/www.lpi.org\\\/vi\\\/#organization\"},\"potentialAction\":[{\"@type\":\"SearchAction\",\"target\":{\"@type\":\"EntryPoint\",\"urlTemplate\":\"https:\\\/\\\/www.lpi.org\\\/vi\\\/?s={search_term_string}\"},\"query-input\":{\"@type\":\"PropertyValueSpecification\",\"valueRequired\":true,\"valueName\":\"search_term_string\"}}],\"inLanguage\":\"vi-VN\"},{\"@type\":\"Organization\",\"@id\":\"https:\\\/\\\/www.lpi.org\\\/vi\\\/#organization\",\"name\":\"Linux Professional Institute (LPI)\",\"url\":\"https:\\\/\\\/www.lpi.org\\\/vi\\\/\",\"logo\":{\"@type\":\"ImageObject\",\"inLanguage\":\"vi-VN\",\"@id\":\"https:\\\/\\\/www.lpi.org\\\/vi\\\/#\\\/schema\\\/logo\\\/image\\\/\",\"url\":\"https:\\\/\\\/www.lpi.org\\\/wp-content\\\/uploads\\\/2023\\\/04\\\/logo.png\",\"contentUrl\":\"https:\\\/\\\/www.lpi.org\\\/wp-content\\\/uploads\\\/2023\\\/04\\\/logo.png\",\"width\":496,\"height\":175,\"caption\":\"Linux Professional Institute (LPI)\"},\"image\":{\"@id\":\"https:\\\/\\\/www.lpi.org\\\/vi\\\/#\\\/schema\\\/logo\\\/image\\\/\"},\"sameAs\":[\"https:\\\/\\\/www.facebook.com\\\/LPIConnect\",\"https:\\\/\\\/x.com\\\/lpiconnect\",\"https:\\\/\\\/www.linkedin.com\\\/company\\\/35136\",\"https:\\\/\\\/www.instagram.com\\\/lpi_org\\\/\",\"https:\\\/\\\/fosstodon.org\\\/@LPI\"]}]}<\/script>\n<!-- \/ Yoast SEO Premium plugin. -->","yoast_head_json":{"title":"\u0110i\u1ec1u g\u00ec th\u00fac \u0111\u1ea9y ch\u00fang t\u00f4i - Linux Professional Institute (LPI)","description":"S\u1ee9 m\u1ec7nh c\u1ee7a ch\u00fang t\u00f4i l\u00e0 th\u00fac \u0111\u1ea9y vi\u1ec7c s\u1eed d\u1ee5ng m\u00e3 ngu\u1ed3n m\u1edf th\u00f4ng qua nh\u1eefng n\u1ed7 l\u1ef1c h\u1ed7 tr\u1ee3 con ng\u01b0\u1eddi l\u00e0m vi\u1ec7c v\u1edbi n\u00f3. T\u00ecm hi\u1ec3u xem \u0111i\u1ec1u g\u00ec \u0111\u00e3 th\u00fac \u0111\u1ea9y ch\u00fang t\u00f4i.","robots":{"index":"index","follow":"follow","max-snippet":"max-snippet:-1","max-image-preview":"max-image-preview:large","max-video-preview":"max-video-preview:-1"},"canonical":"https:\/\/www.lpi.org\/vi\/dieu-gi-thuc-day-chung-toi\/","og_locale":"vi_VN","og_type":"article","og_title":"\u0110i\u1ec1u g\u00ec th\u00fac \u0111\u1ea9y ch\u00fang t\u00f4i","og_description":"S\u1ee9 m\u1ec7nh c\u1ee7a ch\u00fang t\u00f4i l\u00e0 th\u00fac \u0111\u1ea9y vi\u1ec7c s\u1eed d\u1ee5ng m\u00e3 ngu\u1ed3n m\u1edf th\u00f4ng qua nh\u1eefng n\u1ed7 l\u1ef1c h\u1ed7 tr\u1ee3 con ng\u01b0\u1eddi l\u00e0m vi\u1ec7c v\u1edbi n\u00f3. T\u00ecm hi\u1ec3u xem \u0111i\u1ec1u g\u00ec \u0111\u00e3 th\u00fac \u0111\u1ea9y ch\u00fang t\u00f4i.","og_url":"https:\/\/www.lpi.org\/vi\/dieu-gi-thuc-day-chung-toi\/","og_site_name":"Linux Professional Institute (LPI)","article_publisher":"https:\/\/www.facebook.com\/LPIConnect","article_modified_time":"2023-09-16T03:45:51+00:00","twitter_card":"summary_large_image","twitter_site":"@lpiconnect","schema":{"@context":"https:\/\/schema.org","@graph":[{"@type":"WebPage","@id":"https:\/\/www.lpi.org\/vi\/dieu-gi-thuc-day-chung-toi\/","url":"https:\/\/www.lpi.org\/vi\/dieu-gi-thuc-day-chung-toi\/","name":"\u0110i\u1ec1u g\u00ec th\u00fac \u0111\u1ea9y ch\u00fang t\u00f4i - Linux Professional Institute (LPI)","isPartOf":{"@id":"https:\/\/www.lpi.org\/vi\/#website"},"datePublished":"2023-04-06T13:38:16+00:00","dateModified":"2023-09-16T03:45:51+00:00","description":"S\u1ee9 m\u1ec7nh c\u1ee7a ch\u00fang t\u00f4i l\u00e0 th\u00fac \u0111\u1ea9y vi\u1ec7c s\u1eed d\u1ee5ng m\u00e3 ngu\u1ed3n m\u1edf th\u00f4ng qua nh\u1eefng n\u1ed7 l\u1ef1c h\u1ed7 tr\u1ee3 con ng\u01b0\u1eddi l\u00e0m vi\u1ec7c v\u1edbi n\u00f3. T\u00ecm hi\u1ec3u xem \u0111i\u1ec1u g\u00ec \u0111\u00e3 th\u00fac \u0111\u1ea9y ch\u00fang t\u00f4i.","breadcrumb":{"@id":"https:\/\/www.lpi.org\/vi\/dieu-gi-thuc-day-chung-toi\/#breadcrumb"},"inLanguage":"vi-VN","potentialAction":[{"@type":"ReadAction","target":["https:\/\/www.lpi.org\/vi\/dieu-gi-thuc-day-chung-toi\/"]}]},{"@type":"BreadcrumbList","@id":"https:\/\/www.lpi.org\/vi\/dieu-gi-thuc-day-chung-toi\/#breadcrumb","itemListElement":[{"@type":"ListItem","position":1,"name":"Home","item":"https:\/\/www.lpi.org\/vi\/"},{"@type":"ListItem","position":2,"name":"\u0110i\u1ec1u g\u00ec th\u00fac \u0111\u1ea9y ch\u00fang t\u00f4i"}]},{"@type":"WebSite","@id":"https:\/\/www.lpi.org\/vi\/#website","url":"https:\/\/www.lpi.org\/vi\/","name":"Linux Professional Institute (LPI)","description":"","publisher":{"@id":"https:\/\/www.lpi.org\/vi\/#organization"},"potentialAction":[{"@type":"SearchAction","target":{"@type":"EntryPoint","urlTemplate":"https:\/\/www.lpi.org\/vi\/?s={search_term_string}"},"query-input":{"@type":"PropertyValueSpecification","valueRequired":true,"valueName":"search_term_string"}}],"inLanguage":"vi-VN"},{"@type":"Organization","@id":"https:\/\/www.lpi.org\/vi\/#organization","name":"Linux Professional Institute (LPI)","url":"https:\/\/www.lpi.org\/vi\/","logo":{"@type":"ImageObject","inLanguage":"vi-VN","@id":"https:\/\/www.lpi.org\/vi\/#\/schema\/logo\/image\/","url":"https:\/\/www.lpi.org\/wp-content\/uploads\/2023\/04\/logo.png","contentUrl":"https:\/\/www.lpi.org\/wp-content\/uploads\/2023\/04\/logo.png","width":496,"height":175,"caption":"Linux Professional Institute (LPI)"},"image":{"@id":"https:\/\/www.lpi.org\/vi\/#\/schema\/logo\/image\/"},"sameAs":["https:\/\/www.facebook.com\/LPIConnect","https:\/\/x.com\/lpiconnect","https:\/\/www.linkedin.com\/company\/35136","https:\/\/www.instagram.com\/lpi_org\/","https:\/\/fosstodon.org\/@LPI"]}]}},"_links":{"self":[{"href":"https:\/\/www.lpi.org\/vi\/wp-json\/wp\/v2\/pages\/17524","targetHints":{"allow":["GET"]}}],"collection":[{"href":"https:\/\/www.lpi.org\/vi\/wp-json\/wp\/v2\/pages"}],"about":[{"href":"https:\/\/www.lpi.org\/vi\/wp-json\/wp\/v2\/types\/page"}],"author":[{"embeddable":true,"href":"https:\/\/www.lpi.org\/vi\/wp-json\/wp\/v2\/users\/1"}],"replies":[{"embeddable":true,"href":"https:\/\/www.lpi.org\/vi\/wp-json\/wp\/v2\/comments?post=17524"}],"version-history":[{"count":1,"href":"https:\/\/www.lpi.org\/vi\/wp-json\/wp\/v2\/pages\/17524\/revisions"}],"predecessor-version":[{"id":17533,"href":"https:\/\/www.lpi.org\/vi\/wp-json\/wp\/v2\/pages\/17524\/revisions\/17533"}],"wp:attachment":[{"href":"https:\/\/www.lpi.org\/vi\/wp-json\/wp\/v2\/media?parent=17524"}],"curies":[{"name":"wp","href":"https:\/\/api.w.org\/{rel}","templated":true}]}}