{"id":17592,"date":"2023-05-10T08:53:54","date_gmt":"2023-05-10T12:53:54","guid":{"rendered":"https:\/\/www.lpi.org\/cau-chuyen-thanh-cong\/"},"modified":"2023-11-07T09:34:20","modified_gmt":"2023-11-07T14:34:20","slug":"cau-chuyen-thanh-cong","status":"publish","type":"page","link":"https:\/\/www.lpi.org\/vi\/cau-chuyen-thanh-cong\/","title":{"rendered":"C\u00e2u chuy\u1ec7n Th\u00e0nh c\u00f4ng"},"content":{"rendered":"<p><br data-mce-bogus=\"1\"><\/p>\n","protected":false},"excerpt":{"rendered":"","protected":false},"author":1,"featured_media":0,"parent":0,"menu_order":0,"comment_status":"closed","ping_status":"closed","template":"template-sections.php","meta":{"_acf_changed":false,"footnotes":""},"class_list":["post-17592","page","type-page","status-publish","hentry"],"acf":[],"yoast_head":"<!-- This site is optimized with the Yoast SEO Premium plugin v27.2 (Yoast SEO v27.4) - https:\/\/yoast.com\/product\/yoast-seo-premium-wordpress\/ -->\n<title>C\u00e2u chuy\u1ec7n Th\u00e0nh c\u00f4ng - Linux Professional Institute (LPI)<\/title>\n<meta name=\"description\" content=\"\u0110\u1ecdc c\u00e2u chuy\u1ec7n c\u1ee7a m\u1ecdi ng\u01b0\u1eddi t\u1eeb kh\u1eafp n\u01a1i tr\u00ean th\u1ebf gi\u1edbi v\u1ec1 nh\u1eefng th\u00e0nh c\u00f4ng c\u1ee7a b\u1ea3n th\u00e2n h\u1ecd nh\u1edd v\u00e0o ch\u1ee9ng ch\u1ec9 Linux Professional Institute v\u00e0 trong l\u0129nh v\u1ef1c m\u00e3 ngu\u1ed3n m\u1edf.\" \/>\n<meta name=\"robots\" content=\"index, follow, max-snippet:-1, max-image-preview:large, max-video-preview:-1\" \/>\n<link rel=\"canonical\" href=\"https:\/\/www.lpi.org\/vi\/cau-chuyen-thanh-cong\/\" \/>\n<meta property=\"og:locale\" content=\"vi_VN\" \/>\n<meta property=\"og:type\" content=\"article\" \/>\n<meta property=\"og:title\" content=\"C\u00e2u chuy\u1ec7n Th\u00e0nh c\u00f4ng\" \/>\n<meta property=\"og:description\" content=\"\u0110\u1ecdc c\u00e2u chuy\u1ec7n c\u1ee7a m\u1ecdi ng\u01b0\u1eddi t\u1eeb kh\u1eafp n\u01a1i tr\u00ean th\u1ebf gi\u1edbi v\u1ec1 nh\u1eefng th\u00e0nh c\u00f4ng c\u1ee7a b\u1ea3n th\u00e2n h\u1ecd nh\u1edd v\u00e0o ch\u1ee9ng ch\u1ec9 Linux Professional Institute v\u00e0 trong l\u0129nh v\u1ef1c m\u00e3 ngu\u1ed3n m\u1edf.\" \/>\n<meta property=\"og:url\" content=\"https:\/\/www.lpi.org\/vi\/cau-chuyen-thanh-cong\/\" \/>\n<meta property=\"og:site_name\" content=\"Linux Professional Institute (LPI)\" \/>\n<meta property=\"article:publisher\" content=\"https:\/\/www.facebook.com\/LPIConnect\" \/>\n<meta property=\"article:modified_time\" content=\"2023-11-07T14:34:20+00:00\" \/>\n<meta name=\"twitter:card\" content=\"summary_large_image\" \/>\n<meta name=\"twitter:site\" content=\"@lpiconnect\" \/>\n<script type=\"application\/ld+json\" class=\"yoast-schema-graph\">{\"@context\":\"https:\\\/\\\/schema.org\",\"@graph\":[{\"@type\":\"WebPage\",\"@id\":\"https:\\\/\\\/www.lpi.org\\\/vi\\\/cau-chuyen-thanh-cong\\\/\",\"url\":\"https:\\\/\\\/www.lpi.org\\\/vi\\\/cau-chuyen-thanh-cong\\\/\",\"name\":\"C\u00e2u chuy\u1ec7n Th\u00e0nh c\u00f4ng - Linux Professional Institute (LPI)\",\"isPartOf\":{\"@id\":\"https:\\\/\\\/www.lpi.org\\\/vi\\\/#website\"},\"datePublished\":\"2023-05-10T12:53:54+00:00\",\"dateModified\":\"2023-11-07T14:34:20+00:00\",\"description\":\"\u0110\u1ecdc c\u00e2u chuy\u1ec7n c\u1ee7a m\u1ecdi ng\u01b0\u1eddi t\u1eeb kh\u1eafp n\u01a1i tr\u00ean th\u1ebf gi\u1edbi v\u1ec1 nh\u1eefng th\u00e0nh c\u00f4ng c\u1ee7a b\u1ea3n th\u00e2n h\u1ecd nh\u1edd v\u00e0o ch\u1ee9ng ch\u1ec9 Linux Professional Institute v\u00e0 trong l\u0129nh v\u1ef1c m\u00e3 ngu\u1ed3n m\u1edf.\",\"breadcrumb\":{\"@id\":\"https:\\\/\\\/www.lpi.org\\\/vi\\\/cau-chuyen-thanh-cong\\\/#breadcrumb\"},\"inLanguage\":\"vi-VN\",\"potentialAction\":[{\"@type\":\"ReadAction\",\"target\":[\"https:\\\/\\\/www.lpi.org\\\/vi\\\/cau-chuyen-thanh-cong\\\/\"]}]},{\"@type\":\"BreadcrumbList\",\"@id\":\"https:\\\/\\\/www.lpi.org\\\/vi\\\/cau-chuyen-thanh-cong\\\/#breadcrumb\",\"itemListElement\":[{\"@type\":\"ListItem\",\"position\":1,\"name\":\"Home\",\"item\":\"https:\\\/\\\/www.lpi.org\\\/vi\\\/\"},{\"@type\":\"ListItem\",\"position\":2,\"name\":\"C\u00e2u chuy\u1ec7n Th\u00e0nh c\u00f4ng\"}]},{\"@type\":\"WebSite\",\"@id\":\"https:\\\/\\\/www.lpi.org\\\/vi\\\/#website\",\"url\":\"https:\\\/\\\/www.lpi.org\\\/vi\\\/\",\"name\":\"Linux Professional Institute (LPI)\",\"description\":\"\",\"publisher\":{\"@id\":\"https:\\\/\\\/www.lpi.org\\\/vi\\\/#organization\"},\"potentialAction\":[{\"@type\":\"SearchAction\",\"target\":{\"@type\":\"EntryPoint\",\"urlTemplate\":\"https:\\\/\\\/www.lpi.org\\\/vi\\\/?s={search_term_string}\"},\"query-input\":{\"@type\":\"PropertyValueSpecification\",\"valueRequired\":true,\"valueName\":\"search_term_string\"}}],\"inLanguage\":\"vi-VN\"},{\"@type\":\"Organization\",\"@id\":\"https:\\\/\\\/www.lpi.org\\\/vi\\\/#organization\",\"name\":\"Linux Professional Institute (LPI)\",\"url\":\"https:\\\/\\\/www.lpi.org\\\/vi\\\/\",\"logo\":{\"@type\":\"ImageObject\",\"inLanguage\":\"vi-VN\",\"@id\":\"https:\\\/\\\/www.lpi.org\\\/vi\\\/#\\\/schema\\\/logo\\\/image\\\/\",\"url\":\"https:\\\/\\\/www.lpi.org\\\/wp-content\\\/uploads\\\/2023\\\/04\\\/logo.png\",\"contentUrl\":\"https:\\\/\\\/www.lpi.org\\\/wp-content\\\/uploads\\\/2023\\\/04\\\/logo.png\",\"width\":496,\"height\":175,\"caption\":\"Linux Professional Institute (LPI)\"},\"image\":{\"@id\":\"https:\\\/\\\/www.lpi.org\\\/vi\\\/#\\\/schema\\\/logo\\\/image\\\/\"},\"sameAs\":[\"https:\\\/\\\/www.facebook.com\\\/LPIConnect\",\"https:\\\/\\\/x.com\\\/lpiconnect\",\"https:\\\/\\\/www.linkedin.com\\\/company\\\/35136\",\"https:\\\/\\\/www.instagram.com\\\/lpi_org\\\/\",\"https:\\\/\\\/fosstodon.org\\\/@LPI\"]}]}<\/script>\n<!-- \/ Yoast SEO Premium plugin. -->","yoast_head_json":{"title":"C\u00e2u chuy\u1ec7n Th\u00e0nh c\u00f4ng - Linux Professional Institute (LPI)","description":"\u0110\u1ecdc c\u00e2u chuy\u1ec7n c\u1ee7a m\u1ecdi ng\u01b0\u1eddi t\u1eeb kh\u1eafp n\u01a1i tr\u00ean th\u1ebf gi\u1edbi v\u1ec1 nh\u1eefng th\u00e0nh c\u00f4ng c\u1ee7a b\u1ea3n th\u00e2n h\u1ecd nh\u1edd v\u00e0o ch\u1ee9ng ch\u1ec9 Linux Professional Institute v\u00e0 trong l\u0129nh v\u1ef1c m\u00e3 ngu\u1ed3n m\u1edf.","robots":{"index":"index","follow":"follow","max-snippet":"max-snippet:-1","max-image-preview":"max-image-preview:large","max-video-preview":"max-video-preview:-1"},"canonical":"https:\/\/www.lpi.org\/vi\/cau-chuyen-thanh-cong\/","og_locale":"vi_VN","og_type":"article","og_title":"C\u00e2u chuy\u1ec7n Th\u00e0nh c\u00f4ng","og_description":"\u0110\u1ecdc c\u00e2u chuy\u1ec7n c\u1ee7a m\u1ecdi ng\u01b0\u1eddi t\u1eeb kh\u1eafp n\u01a1i tr\u00ean th\u1ebf gi\u1edbi v\u1ec1 nh\u1eefng th\u00e0nh c\u00f4ng c\u1ee7a b\u1ea3n th\u00e2n h\u1ecd nh\u1edd v\u00e0o ch\u1ee9ng ch\u1ec9 Linux Professional Institute v\u00e0 trong l\u0129nh v\u1ef1c m\u00e3 ngu\u1ed3n m\u1edf.","og_url":"https:\/\/www.lpi.org\/vi\/cau-chuyen-thanh-cong\/","og_site_name":"Linux Professional Institute (LPI)","article_publisher":"https:\/\/www.facebook.com\/LPIConnect","article_modified_time":"2023-11-07T14:34:20+00:00","twitter_card":"summary_large_image","twitter_site":"@lpiconnect","schema":{"@context":"https:\/\/schema.org","@graph":[{"@type":"WebPage","@id":"https:\/\/www.lpi.org\/vi\/cau-chuyen-thanh-cong\/","url":"https:\/\/www.lpi.org\/vi\/cau-chuyen-thanh-cong\/","name":"C\u00e2u chuy\u1ec7n Th\u00e0nh c\u00f4ng - Linux Professional Institute (LPI)","isPartOf":{"@id":"https:\/\/www.lpi.org\/vi\/#website"},"datePublished":"2023-05-10T12:53:54+00:00","dateModified":"2023-11-07T14:34:20+00:00","description":"\u0110\u1ecdc c\u00e2u chuy\u1ec7n c\u1ee7a m\u1ecdi ng\u01b0\u1eddi t\u1eeb kh\u1eafp n\u01a1i tr\u00ean th\u1ebf gi\u1edbi v\u1ec1 nh\u1eefng th\u00e0nh c\u00f4ng c\u1ee7a b\u1ea3n th\u00e2n h\u1ecd nh\u1edd v\u00e0o ch\u1ee9ng ch\u1ec9 Linux Professional Institute v\u00e0 trong l\u0129nh v\u1ef1c m\u00e3 ngu\u1ed3n m\u1edf.","breadcrumb":{"@id":"https:\/\/www.lpi.org\/vi\/cau-chuyen-thanh-cong\/#breadcrumb"},"inLanguage":"vi-VN","potentialAction":[{"@type":"ReadAction","target":["https:\/\/www.lpi.org\/vi\/cau-chuyen-thanh-cong\/"]}]},{"@type":"BreadcrumbList","@id":"https:\/\/www.lpi.org\/vi\/cau-chuyen-thanh-cong\/#breadcrumb","itemListElement":[{"@type":"ListItem","position":1,"name":"Home","item":"https:\/\/www.lpi.org\/vi\/"},{"@type":"ListItem","position":2,"name":"C\u00e2u chuy\u1ec7n Th\u00e0nh c\u00f4ng"}]},{"@type":"WebSite","@id":"https:\/\/www.lpi.org\/vi\/#website","url":"https:\/\/www.lpi.org\/vi\/","name":"Linux Professional Institute (LPI)","description":"","publisher":{"@id":"https:\/\/www.lpi.org\/vi\/#organization"},"potentialAction":[{"@type":"SearchAction","target":{"@type":"EntryPoint","urlTemplate":"https:\/\/www.lpi.org\/vi\/?s={search_term_string}"},"query-input":{"@type":"PropertyValueSpecification","valueRequired":true,"valueName":"search_term_string"}}],"inLanguage":"vi-VN"},{"@type":"Organization","@id":"https:\/\/www.lpi.org\/vi\/#organization","name":"Linux Professional Institute (LPI)","url":"https:\/\/www.lpi.org\/vi\/","logo":{"@type":"ImageObject","inLanguage":"vi-VN","@id":"https:\/\/www.lpi.org\/vi\/#\/schema\/logo\/image\/","url":"https:\/\/www.lpi.org\/wp-content\/uploads\/2023\/04\/logo.png","contentUrl":"https:\/\/www.lpi.org\/wp-content\/uploads\/2023\/04\/logo.png","width":496,"height":175,"caption":"Linux Professional Institute (LPI)"},"image":{"@id":"https:\/\/www.lpi.org\/vi\/#\/schema\/logo\/image\/"},"sameAs":["https:\/\/www.facebook.com\/LPIConnect","https:\/\/x.com\/lpiconnect","https:\/\/www.linkedin.com\/company\/35136","https:\/\/www.instagram.com\/lpi_org\/","https:\/\/fosstodon.org\/@LPI"]}]}},"_links":{"self":[{"href":"https:\/\/www.lpi.org\/vi\/wp-json\/wp\/v2\/pages\/17592","targetHints":{"allow":["GET"]}}],"collection":[{"href":"https:\/\/www.lpi.org\/vi\/wp-json\/wp\/v2\/pages"}],"about":[{"href":"https:\/\/www.lpi.org\/vi\/wp-json\/wp\/v2\/types\/page"}],"author":[{"embeddable":true,"href":"https:\/\/www.lpi.org\/vi\/wp-json\/wp\/v2\/users\/1"}],"replies":[{"embeddable":true,"href":"https:\/\/www.lpi.org\/vi\/wp-json\/wp\/v2\/comments?post=17592"}],"version-history":[{"count":2,"href":"https:\/\/www.lpi.org\/vi\/wp-json\/wp\/v2\/pages\/17592\/revisions"}],"predecessor-version":[{"id":19558,"href":"https:\/\/www.lpi.org\/vi\/wp-json\/wp\/v2\/pages\/17592\/revisions\/19558"}],"wp:attachment":[{"href":"https:\/\/www.lpi.org\/vi\/wp-json\/wp\/v2\/media?parent=17592"}],"curies":[{"name":"wp","href":"https:\/\/api.w.org\/{rel}","templated":true}]}}