{"id":17619,"date":"2023-04-21T07:02:39","date_gmt":"2023-04-21T11:02:39","guid":{"rendered":"https:\/\/www.lpi.org\/chuong-trinh-cong-dong\/nhan-vien-gian-hang\/"},"modified":"2023-09-16T00:38:44","modified_gmt":"2023-09-16T04:38:44","slug":"nhan-vien-gian-hang","status":"publish","type":"page","link":"https:\/\/www.lpi.org\/vi\/chuong-trinh-cong-dong\/nhan-vien-gian-hang\/","title":{"rendered":"Nh\u00e2n vi\u00ean gian h\u00e0ng"},"content":{"rendered":"","protected":false},"excerpt":{"rendered":"","protected":false},"author":1,"featured_media":0,"parent":17504,"menu_order":0,"comment_status":"closed","ping_status":"closed","template":"template-sections.php","meta":{"_acf_changed":false,"footnotes":""},"class_list":["post-17619","page","type-page","status-publish","hentry"],"acf":[],"yoast_head":"<!-- This site is optimized with the Yoast SEO Premium plugin v27.2 (Yoast SEO v27.4) - https:\/\/yoast.com\/product\/yoast-seo-premium-wordpress\/ -->\n<title>Nh\u00e2n vi\u00ean gian h\u00e0ng - Linux Professional Institute (LPI)<\/title>\n<meta name=\"description\" content=\"Nh\u00e2n vi\u00ean gian h\u00e0ng l\u00e0 nh\u1eefng \u0111\u1ea1i di\u1ec7n t\u00ecnh nguy\u1ec7n c\u1ee7a Linux Professional Institute xung phong h\u1ed7 tr\u1ee3 t\u1ea1i c\u00e1c s\u1ef1 ki\u1ec7n Linux v\u00e0 M\u00e3 ngu\u1ed3n m\u1edf. H\u00e3y tham gia c\u00f9ng ch\u00fang t\u00f4i!\" \/>\n<meta name=\"robots\" content=\"index, follow, max-snippet:-1, max-image-preview:large, max-video-preview:-1\" \/>\n<link rel=\"canonical\" href=\"https:\/\/www.lpi.org\/vi\/chuong-trinh-cong-dong\/nhan-vien-gian-hang\/\" \/>\n<meta property=\"og:locale\" content=\"vi_VN\" \/>\n<meta property=\"og:type\" content=\"article\" \/>\n<meta property=\"og:title\" content=\"Nh\u00e2n vi\u00ean gian h\u00e0ng\" \/>\n<meta property=\"og:description\" content=\"Nh\u00e2n vi\u00ean gian h\u00e0ng l\u00e0 nh\u1eefng \u0111\u1ea1i di\u1ec7n t\u00ecnh nguy\u1ec7n c\u1ee7a Linux Professional Institute xung phong h\u1ed7 tr\u1ee3 t\u1ea1i c\u00e1c s\u1ef1 ki\u1ec7n Linux v\u00e0 M\u00e3 ngu\u1ed3n m\u1edf. H\u00e3y tham gia c\u00f9ng ch\u00fang t\u00f4i!\" \/>\n<meta property=\"og:url\" content=\"https:\/\/www.lpi.org\/vi\/chuong-trinh-cong-dong\/nhan-vien-gian-hang\/\" \/>\n<meta property=\"og:site_name\" content=\"Linux Professional Institute (LPI)\" \/>\n<meta property=\"article:publisher\" content=\"https:\/\/www.facebook.com\/LPIConnect\" \/>\n<meta property=\"article:modified_time\" content=\"2023-09-16T04:38:44+00:00\" \/>\n<meta name=\"twitter:card\" content=\"summary_large_image\" \/>\n<meta name=\"twitter:site\" content=\"@lpiconnect\" \/>\n<script type=\"application\/ld+json\" class=\"yoast-schema-graph\">{\"@context\":\"https:\\\/\\\/schema.org\",\"@graph\":[{\"@type\":\"WebPage\",\"@id\":\"https:\\\/\\\/www.lpi.org\\\/vi\\\/chuong-trinh-cong-dong\\\/nhan-vien-gian-hang\\\/\",\"url\":\"https:\\\/\\\/www.lpi.org\\\/vi\\\/chuong-trinh-cong-dong\\\/nhan-vien-gian-hang\\\/\",\"name\":\"Nh\u00e2n vi\u00ean gian h\u00e0ng - Linux Professional Institute (LPI)\",\"isPartOf\":{\"@id\":\"https:\\\/\\\/www.lpi.org\\\/vi\\\/#website\"},\"datePublished\":\"2023-04-21T11:02:39+00:00\",\"dateModified\":\"2023-09-16T04:38:44+00:00\",\"description\":\"Nh\u00e2n vi\u00ean gian h\u00e0ng l\u00e0 nh\u1eefng \u0111\u1ea1i di\u1ec7n t\u00ecnh nguy\u1ec7n c\u1ee7a Linux Professional Institute xung phong h\u1ed7 tr\u1ee3 t\u1ea1i c\u00e1c s\u1ef1 ki\u1ec7n Linux v\u00e0 M\u00e3 ngu\u1ed3n m\u1edf. H\u00e3y tham gia c\u00f9ng ch\u00fang t\u00f4i!\",\"breadcrumb\":{\"@id\":\"https:\\\/\\\/www.lpi.org\\\/vi\\\/chuong-trinh-cong-dong\\\/nhan-vien-gian-hang\\\/#breadcrumb\"},\"inLanguage\":\"vi-VN\",\"potentialAction\":[{\"@type\":\"ReadAction\",\"target\":[\"https:\\\/\\\/www.lpi.org\\\/vi\\\/chuong-trinh-cong-dong\\\/nhan-vien-gian-hang\\\/\"]}]},{\"@type\":\"BreadcrumbList\",\"@id\":\"https:\\\/\\\/www.lpi.org\\\/vi\\\/chuong-trinh-cong-dong\\\/nhan-vien-gian-hang\\\/#breadcrumb\",\"itemListElement\":[{\"@type\":\"ListItem\",\"position\":1,\"name\":\"Home\",\"item\":\"https:\\\/\\\/www.lpi.org\\\/vi\\\/\"},{\"@type\":\"ListItem\",\"position\":2,\"name\":\"Ch\u01b0\u01a1ng tr\u00ecnh C\u1ed9ng \u0111\u1ed3ng\",\"item\":\"https:\\\/\\\/www.lpi.org\\\/vi\\\/chuong-trinh-cong-dong\\\/\"},{\"@type\":\"ListItem\",\"position\":3,\"name\":\"Nh\u00e2n vi\u00ean gian h\u00e0ng\"}]},{\"@type\":\"WebSite\",\"@id\":\"https:\\\/\\\/www.lpi.org\\\/vi\\\/#website\",\"url\":\"https:\\\/\\\/www.lpi.org\\\/vi\\\/\",\"name\":\"Linux Professional Institute (LPI)\",\"description\":\"\",\"publisher\":{\"@id\":\"https:\\\/\\\/www.lpi.org\\\/vi\\\/#organization\"},\"potentialAction\":[{\"@type\":\"SearchAction\",\"target\":{\"@type\":\"EntryPoint\",\"urlTemplate\":\"https:\\\/\\\/www.lpi.org\\\/vi\\\/?s={search_term_string}\"},\"query-input\":{\"@type\":\"PropertyValueSpecification\",\"valueRequired\":true,\"valueName\":\"search_term_string\"}}],\"inLanguage\":\"vi-VN\"},{\"@type\":\"Organization\",\"@id\":\"https:\\\/\\\/www.lpi.org\\\/vi\\\/#organization\",\"name\":\"Linux Professional Institute (LPI)\",\"url\":\"https:\\\/\\\/www.lpi.org\\\/vi\\\/\",\"logo\":{\"@type\":\"ImageObject\",\"inLanguage\":\"vi-VN\",\"@id\":\"https:\\\/\\\/www.lpi.org\\\/vi\\\/#\\\/schema\\\/logo\\\/image\\\/\",\"url\":\"https:\\\/\\\/www.lpi.org\\\/wp-content\\\/uploads\\\/2023\\\/04\\\/logo.png\",\"contentUrl\":\"https:\\\/\\\/www.lpi.org\\\/wp-content\\\/uploads\\\/2023\\\/04\\\/logo.png\",\"width\":496,\"height\":175,\"caption\":\"Linux Professional Institute (LPI)\"},\"image\":{\"@id\":\"https:\\\/\\\/www.lpi.org\\\/vi\\\/#\\\/schema\\\/logo\\\/image\\\/\"},\"sameAs\":[\"https:\\\/\\\/www.facebook.com\\\/LPIConnect\",\"https:\\\/\\\/x.com\\\/lpiconnect\",\"https:\\\/\\\/www.linkedin.com\\\/company\\\/35136\",\"https:\\\/\\\/www.instagram.com\\\/lpi_org\\\/\",\"https:\\\/\\\/fosstodon.org\\\/@LPI\"]}]}<\/script>\n<!-- \/ Yoast SEO Premium plugin. -->","yoast_head_json":{"title":"Nh\u00e2n vi\u00ean gian h\u00e0ng - Linux Professional Institute (LPI)","description":"Nh\u00e2n vi\u00ean gian h\u00e0ng l\u00e0 nh\u1eefng \u0111\u1ea1i di\u1ec7n t\u00ecnh nguy\u1ec7n c\u1ee7a Linux Professional Institute xung phong h\u1ed7 tr\u1ee3 t\u1ea1i c\u00e1c s\u1ef1 ki\u1ec7n Linux v\u00e0 M\u00e3 ngu\u1ed3n m\u1edf. H\u00e3y tham gia c\u00f9ng ch\u00fang t\u00f4i!","robots":{"index":"index","follow":"follow","max-snippet":"max-snippet:-1","max-image-preview":"max-image-preview:large","max-video-preview":"max-video-preview:-1"},"canonical":"https:\/\/www.lpi.org\/vi\/chuong-trinh-cong-dong\/nhan-vien-gian-hang\/","og_locale":"vi_VN","og_type":"article","og_title":"Nh\u00e2n vi\u00ean gian h\u00e0ng","og_description":"Nh\u00e2n vi\u00ean gian h\u00e0ng l\u00e0 nh\u1eefng \u0111\u1ea1i di\u1ec7n t\u00ecnh nguy\u1ec7n c\u1ee7a Linux Professional Institute xung phong h\u1ed7 tr\u1ee3 t\u1ea1i c\u00e1c s\u1ef1 ki\u1ec7n Linux v\u00e0 M\u00e3 ngu\u1ed3n m\u1edf. H\u00e3y tham gia c\u00f9ng ch\u00fang t\u00f4i!","og_url":"https:\/\/www.lpi.org\/vi\/chuong-trinh-cong-dong\/nhan-vien-gian-hang\/","og_site_name":"Linux Professional Institute (LPI)","article_publisher":"https:\/\/www.facebook.com\/LPIConnect","article_modified_time":"2023-09-16T04:38:44+00:00","twitter_card":"summary_large_image","twitter_site":"@lpiconnect","schema":{"@context":"https:\/\/schema.org","@graph":[{"@type":"WebPage","@id":"https:\/\/www.lpi.org\/vi\/chuong-trinh-cong-dong\/nhan-vien-gian-hang\/","url":"https:\/\/www.lpi.org\/vi\/chuong-trinh-cong-dong\/nhan-vien-gian-hang\/","name":"Nh\u00e2n vi\u00ean gian h\u00e0ng - Linux Professional Institute (LPI)","isPartOf":{"@id":"https:\/\/www.lpi.org\/vi\/#website"},"datePublished":"2023-04-21T11:02:39+00:00","dateModified":"2023-09-16T04:38:44+00:00","description":"Nh\u00e2n vi\u00ean gian h\u00e0ng l\u00e0 nh\u1eefng \u0111\u1ea1i di\u1ec7n t\u00ecnh nguy\u1ec7n c\u1ee7a Linux Professional Institute xung phong h\u1ed7 tr\u1ee3 t\u1ea1i c\u00e1c s\u1ef1 ki\u1ec7n Linux v\u00e0 M\u00e3 ngu\u1ed3n m\u1edf. H\u00e3y tham gia c\u00f9ng ch\u00fang t\u00f4i!","breadcrumb":{"@id":"https:\/\/www.lpi.org\/vi\/chuong-trinh-cong-dong\/nhan-vien-gian-hang\/#breadcrumb"},"inLanguage":"vi-VN","potentialAction":[{"@type":"ReadAction","target":["https:\/\/www.lpi.org\/vi\/chuong-trinh-cong-dong\/nhan-vien-gian-hang\/"]}]},{"@type":"BreadcrumbList","@id":"https:\/\/www.lpi.org\/vi\/chuong-trinh-cong-dong\/nhan-vien-gian-hang\/#breadcrumb","itemListElement":[{"@type":"ListItem","position":1,"name":"Home","item":"https:\/\/www.lpi.org\/vi\/"},{"@type":"ListItem","position":2,"name":"Ch\u01b0\u01a1ng tr\u00ecnh C\u1ed9ng \u0111\u1ed3ng","item":"https:\/\/www.lpi.org\/vi\/chuong-trinh-cong-dong\/"},{"@type":"ListItem","position":3,"name":"Nh\u00e2n vi\u00ean gian h\u00e0ng"}]},{"@type":"WebSite","@id":"https:\/\/www.lpi.org\/vi\/#website","url":"https:\/\/www.lpi.org\/vi\/","name":"Linux Professional Institute (LPI)","description":"","publisher":{"@id":"https:\/\/www.lpi.org\/vi\/#organization"},"potentialAction":[{"@type":"SearchAction","target":{"@type":"EntryPoint","urlTemplate":"https:\/\/www.lpi.org\/vi\/?s={search_term_string}"},"query-input":{"@type":"PropertyValueSpecification","valueRequired":true,"valueName":"search_term_string"}}],"inLanguage":"vi-VN"},{"@type":"Organization","@id":"https:\/\/www.lpi.org\/vi\/#organization","name":"Linux Professional Institute (LPI)","url":"https:\/\/www.lpi.org\/vi\/","logo":{"@type":"ImageObject","inLanguage":"vi-VN","@id":"https:\/\/www.lpi.org\/vi\/#\/schema\/logo\/image\/","url":"https:\/\/www.lpi.org\/wp-content\/uploads\/2023\/04\/logo.png","contentUrl":"https:\/\/www.lpi.org\/wp-content\/uploads\/2023\/04\/logo.png","width":496,"height":175,"caption":"Linux Professional Institute (LPI)"},"image":{"@id":"https:\/\/www.lpi.org\/vi\/#\/schema\/logo\/image\/"},"sameAs":["https:\/\/www.facebook.com\/LPIConnect","https:\/\/x.com\/lpiconnect","https:\/\/www.linkedin.com\/company\/35136","https:\/\/www.instagram.com\/lpi_org\/","https:\/\/fosstodon.org\/@LPI"]}]}},"_links":{"self":[{"href":"https:\/\/www.lpi.org\/vi\/wp-json\/wp\/v2\/pages\/17619","targetHints":{"allow":["GET"]}}],"collection":[{"href":"https:\/\/www.lpi.org\/vi\/wp-json\/wp\/v2\/pages"}],"about":[{"href":"https:\/\/www.lpi.org\/vi\/wp-json\/wp\/v2\/types\/page"}],"author":[{"embeddable":true,"href":"https:\/\/www.lpi.org\/vi\/wp-json\/wp\/v2\/users\/1"}],"replies":[{"embeddable":true,"href":"https:\/\/www.lpi.org\/vi\/wp-json\/wp\/v2\/comments?post=17619"}],"version-history":[{"count":1,"href":"https:\/\/www.lpi.org\/vi\/wp-json\/wp\/v2\/pages\/17619\/revisions"}],"predecessor-version":[{"id":17623,"href":"https:\/\/www.lpi.org\/vi\/wp-json\/wp\/v2\/pages\/17619\/revisions\/17623"}],"up":[{"embeddable":true,"href":"https:\/\/www.lpi.org\/vi\/wp-json\/wp\/v2\/pages\/17504"}],"wp:attachment":[{"href":"https:\/\/www.lpi.org\/vi\/wp-json\/wp\/v2\/media?parent=17619"}],"curies":[{"name":"wp","href":"https:\/\/api.w.org\/{rel}","templated":true}]}}