{"id":17632,"date":"2023-06-19T08:21:39","date_gmt":"2023-06-19T12:21:39","guid":{"rendered":"https:\/\/www.lpi.org\/chuong-trinh-viec-lam-cac-cau-hoi-thuong-gap\/"},"modified":"2023-11-17T20:47:59","modified_gmt":"2023-11-18T01:47:59","slug":"chuong-trinh-viec-lam-cac-cau-hoi-thuong-gap","status":"publish","type":"page","link":"https:\/\/www.lpi.org\/vi\/chuong-trinh-viec-lam-cac-cau-hoi-thuong-gap\/","title":{"rendered":"Ch\u01b0\u01a1ng tr\u00ecnh Vi\u1ec7c l\u00e0m &#8211; C\u00e1c C\u00e2u h\u1ecfi Th\u01b0\u1eddng g\u1eb7p"},"content":{"rendered":"","protected":false},"excerpt":{"rendered":"","protected":false},"author":1,"featured_media":0,"parent":0,"menu_order":0,"comment_status":"closed","ping_status":"closed","template":"template-sections.php","meta":{"_acf_changed":false,"footnotes":""},"class_list":["post-17632","page","type-page","status-publish","hentry"],"acf":[],"yoast_head":"<!-- This site is optimized with the Yoast SEO Premium plugin v27.2 (Yoast SEO v27.4) - https:\/\/yoast.com\/product\/yoast-seo-premium-wordpress\/ -->\n<title>Ch\u01b0\u01a1ng tr\u00ecnh Vi\u1ec7c l\u00e0m - C\u00e1c C\u00e2u h\u1ecfi Th\u01b0\u1eddng g\u1eb7p - Linux Professional Institute (LPI)<\/title>\n<meta name=\"description\" content=\"B\u1ea1n c\u00f3 th\u1ec3 t\u00ecm nh\u1eefng c\u00e2u h\u1ecfi th\u01b0\u1eddng g\u1eb7p v\u1ec1 Ch\u01b0\u01a1ng tr\u00ecnh Vi\u1ec7c l\u00e0m c\u1ee7a Linux Profesional Institute (LPI) t\u1ea1i \u0111\u00e2y.\" \/>\n<meta name=\"robots\" content=\"index, follow, max-snippet:-1, max-image-preview:large, max-video-preview:-1\" \/>\n<link rel=\"canonical\" href=\"https:\/\/www.lpi.org\/vi\/chuong-trinh-viec-lam-cac-cau-hoi-thuong-gap\/\" \/>\n<meta property=\"og:locale\" content=\"vi_VN\" \/>\n<meta property=\"og:type\" content=\"article\" \/>\n<meta property=\"og:title\" content=\"Ch\u01b0\u01a1ng tr\u00ecnh Vi\u1ec7c l\u00e0m - C\u00e1c C\u00e2u h\u1ecfi Th\u01b0\u1eddng g\u1eb7p\" \/>\n<meta property=\"og:description\" content=\"B\u1ea1n c\u00f3 th\u1ec3 t\u00ecm nh\u1eefng c\u00e2u h\u1ecfi th\u01b0\u1eddng g\u1eb7p v\u1ec1 Ch\u01b0\u01a1ng tr\u00ecnh Vi\u1ec7c l\u00e0m c\u1ee7a Linux Profesional Institute (LPI) t\u1ea1i \u0111\u00e2y.\" \/>\n<meta property=\"og:url\" content=\"https:\/\/www.lpi.org\/vi\/chuong-trinh-viec-lam-cac-cau-hoi-thuong-gap\/\" \/>\n<meta property=\"og:site_name\" content=\"Linux Professional Institute (LPI)\" \/>\n<meta property=\"article:publisher\" content=\"https:\/\/www.facebook.com\/LPIConnect\" \/>\n<meta property=\"article:modified_time\" content=\"2023-11-18T01:47:59+00:00\" \/>\n<meta name=\"twitter:card\" content=\"summary_large_image\" \/>\n<meta name=\"twitter:site\" content=\"@lpiconnect\" \/>\n<script type=\"application\/ld+json\" class=\"yoast-schema-graph\">{\"@context\":\"https:\\\/\\\/schema.org\",\"@graph\":[{\"@type\":\"WebPage\",\"@id\":\"https:\\\/\\\/www.lpi.org\\\/vi\\\/chuong-trinh-viec-lam-cac-cau-hoi-thuong-gap\\\/\",\"url\":\"https:\\\/\\\/www.lpi.org\\\/vi\\\/chuong-trinh-viec-lam-cac-cau-hoi-thuong-gap\\\/\",\"name\":\"Ch\u01b0\u01a1ng tr\u00ecnh Vi\u1ec7c l\u00e0m - C\u00e1c C\u00e2u h\u1ecfi Th\u01b0\u1eddng g\u1eb7p - Linux Professional Institute (LPI)\",\"isPartOf\":{\"@id\":\"https:\\\/\\\/www.lpi.org\\\/vi\\\/#website\"},\"datePublished\":\"2023-06-19T12:21:39+00:00\",\"dateModified\":\"2023-11-18T01:47:59+00:00\",\"description\":\"B\u1ea1n c\u00f3 th\u1ec3 t\u00ecm nh\u1eefng c\u00e2u h\u1ecfi th\u01b0\u1eddng g\u1eb7p v\u1ec1 Ch\u01b0\u01a1ng tr\u00ecnh Vi\u1ec7c l\u00e0m c\u1ee7a Linux Profesional Institute (LPI) t\u1ea1i \u0111\u00e2y.\",\"breadcrumb\":{\"@id\":\"https:\\\/\\\/www.lpi.org\\\/vi\\\/chuong-trinh-viec-lam-cac-cau-hoi-thuong-gap\\\/#breadcrumb\"},\"inLanguage\":\"vi-VN\",\"potentialAction\":[{\"@type\":\"ReadAction\",\"target\":[\"https:\\\/\\\/www.lpi.org\\\/vi\\\/chuong-trinh-viec-lam-cac-cau-hoi-thuong-gap\\\/\"]}]},{\"@type\":\"BreadcrumbList\",\"@id\":\"https:\\\/\\\/www.lpi.org\\\/vi\\\/chuong-trinh-viec-lam-cac-cau-hoi-thuong-gap\\\/#breadcrumb\",\"itemListElement\":[{\"@type\":\"ListItem\",\"position\":1,\"name\":\"Home\",\"item\":\"https:\\\/\\\/www.lpi.org\\\/vi\\\/\"},{\"@type\":\"ListItem\",\"position\":2,\"name\":\"Ch\u01b0\u01a1ng tr\u00ecnh Vi\u1ec7c l\u00e0m &#8211; C\u00e1c C\u00e2u h\u1ecfi Th\u01b0\u1eddng g\u1eb7p\"}]},{\"@type\":\"WebSite\",\"@id\":\"https:\\\/\\\/www.lpi.org\\\/vi\\\/#website\",\"url\":\"https:\\\/\\\/www.lpi.org\\\/vi\\\/\",\"name\":\"Linux Professional Institute (LPI)\",\"description\":\"\",\"publisher\":{\"@id\":\"https:\\\/\\\/www.lpi.org\\\/vi\\\/#organization\"},\"potentialAction\":[{\"@type\":\"SearchAction\",\"target\":{\"@type\":\"EntryPoint\",\"urlTemplate\":\"https:\\\/\\\/www.lpi.org\\\/vi\\\/?s={search_term_string}\"},\"query-input\":{\"@type\":\"PropertyValueSpecification\",\"valueRequired\":true,\"valueName\":\"search_term_string\"}}],\"inLanguage\":\"vi-VN\"},{\"@type\":\"Organization\",\"@id\":\"https:\\\/\\\/www.lpi.org\\\/vi\\\/#organization\",\"name\":\"Linux Professional Institute (LPI)\",\"url\":\"https:\\\/\\\/www.lpi.org\\\/vi\\\/\",\"logo\":{\"@type\":\"ImageObject\",\"inLanguage\":\"vi-VN\",\"@id\":\"https:\\\/\\\/www.lpi.org\\\/vi\\\/#\\\/schema\\\/logo\\\/image\\\/\",\"url\":\"https:\\\/\\\/www.lpi.org\\\/wp-content\\\/uploads\\\/2023\\\/04\\\/logo.png\",\"contentUrl\":\"https:\\\/\\\/www.lpi.org\\\/wp-content\\\/uploads\\\/2023\\\/04\\\/logo.png\",\"width\":496,\"height\":175,\"caption\":\"Linux Professional Institute (LPI)\"},\"image\":{\"@id\":\"https:\\\/\\\/www.lpi.org\\\/vi\\\/#\\\/schema\\\/logo\\\/image\\\/\"},\"sameAs\":[\"https:\\\/\\\/www.facebook.com\\\/LPIConnect\",\"https:\\\/\\\/x.com\\\/lpiconnect\",\"https:\\\/\\\/www.linkedin.com\\\/company\\\/35136\",\"https:\\\/\\\/www.instagram.com\\\/lpi_org\\\/\",\"https:\\\/\\\/fosstodon.org\\\/@LPI\"]}]}<\/script>\n<!-- \/ Yoast SEO Premium plugin. -->","yoast_head_json":{"title":"Ch\u01b0\u01a1ng tr\u00ecnh Vi\u1ec7c l\u00e0m - C\u00e1c C\u00e2u h\u1ecfi Th\u01b0\u1eddng g\u1eb7p - Linux Professional Institute (LPI)","description":"B\u1ea1n c\u00f3 th\u1ec3 t\u00ecm nh\u1eefng c\u00e2u h\u1ecfi th\u01b0\u1eddng g\u1eb7p v\u1ec1 Ch\u01b0\u01a1ng tr\u00ecnh Vi\u1ec7c l\u00e0m c\u1ee7a Linux Profesional Institute (LPI) t\u1ea1i \u0111\u00e2y.","robots":{"index":"index","follow":"follow","max-snippet":"max-snippet:-1","max-image-preview":"max-image-preview:large","max-video-preview":"max-video-preview:-1"},"canonical":"https:\/\/www.lpi.org\/vi\/chuong-trinh-viec-lam-cac-cau-hoi-thuong-gap\/","og_locale":"vi_VN","og_type":"article","og_title":"Ch\u01b0\u01a1ng tr\u00ecnh Vi\u1ec7c l\u00e0m - C\u00e1c C\u00e2u h\u1ecfi Th\u01b0\u1eddng g\u1eb7p","og_description":"B\u1ea1n c\u00f3 th\u1ec3 t\u00ecm nh\u1eefng c\u00e2u h\u1ecfi th\u01b0\u1eddng g\u1eb7p v\u1ec1 Ch\u01b0\u01a1ng tr\u00ecnh Vi\u1ec7c l\u00e0m c\u1ee7a Linux Profesional Institute (LPI) t\u1ea1i \u0111\u00e2y.","og_url":"https:\/\/www.lpi.org\/vi\/chuong-trinh-viec-lam-cac-cau-hoi-thuong-gap\/","og_site_name":"Linux Professional Institute (LPI)","article_publisher":"https:\/\/www.facebook.com\/LPIConnect","article_modified_time":"2023-11-18T01:47:59+00:00","twitter_card":"summary_large_image","twitter_site":"@lpiconnect","schema":{"@context":"https:\/\/schema.org","@graph":[{"@type":"WebPage","@id":"https:\/\/www.lpi.org\/vi\/chuong-trinh-viec-lam-cac-cau-hoi-thuong-gap\/","url":"https:\/\/www.lpi.org\/vi\/chuong-trinh-viec-lam-cac-cau-hoi-thuong-gap\/","name":"Ch\u01b0\u01a1ng tr\u00ecnh Vi\u1ec7c l\u00e0m - C\u00e1c C\u00e2u h\u1ecfi Th\u01b0\u1eddng g\u1eb7p - Linux Professional Institute (LPI)","isPartOf":{"@id":"https:\/\/www.lpi.org\/vi\/#website"},"datePublished":"2023-06-19T12:21:39+00:00","dateModified":"2023-11-18T01:47:59+00:00","description":"B\u1ea1n c\u00f3 th\u1ec3 t\u00ecm nh\u1eefng c\u00e2u h\u1ecfi th\u01b0\u1eddng g\u1eb7p v\u1ec1 Ch\u01b0\u01a1ng tr\u00ecnh Vi\u1ec7c l\u00e0m c\u1ee7a Linux Profesional Institute (LPI) t\u1ea1i \u0111\u00e2y.","breadcrumb":{"@id":"https:\/\/www.lpi.org\/vi\/chuong-trinh-viec-lam-cac-cau-hoi-thuong-gap\/#breadcrumb"},"inLanguage":"vi-VN","potentialAction":[{"@type":"ReadAction","target":["https:\/\/www.lpi.org\/vi\/chuong-trinh-viec-lam-cac-cau-hoi-thuong-gap\/"]}]},{"@type":"BreadcrumbList","@id":"https:\/\/www.lpi.org\/vi\/chuong-trinh-viec-lam-cac-cau-hoi-thuong-gap\/#breadcrumb","itemListElement":[{"@type":"ListItem","position":1,"name":"Home","item":"https:\/\/www.lpi.org\/vi\/"},{"@type":"ListItem","position":2,"name":"Ch\u01b0\u01a1ng tr\u00ecnh Vi\u1ec7c l\u00e0m &#8211; C\u00e1c C\u00e2u h\u1ecfi Th\u01b0\u1eddng g\u1eb7p"}]},{"@type":"WebSite","@id":"https:\/\/www.lpi.org\/vi\/#website","url":"https:\/\/www.lpi.org\/vi\/","name":"Linux Professional Institute (LPI)","description":"","publisher":{"@id":"https:\/\/www.lpi.org\/vi\/#organization"},"potentialAction":[{"@type":"SearchAction","target":{"@type":"EntryPoint","urlTemplate":"https:\/\/www.lpi.org\/vi\/?s={search_term_string}"},"query-input":{"@type":"PropertyValueSpecification","valueRequired":true,"valueName":"search_term_string"}}],"inLanguage":"vi-VN"},{"@type":"Organization","@id":"https:\/\/www.lpi.org\/vi\/#organization","name":"Linux Professional Institute (LPI)","url":"https:\/\/www.lpi.org\/vi\/","logo":{"@type":"ImageObject","inLanguage":"vi-VN","@id":"https:\/\/www.lpi.org\/vi\/#\/schema\/logo\/image\/","url":"https:\/\/www.lpi.org\/wp-content\/uploads\/2023\/04\/logo.png","contentUrl":"https:\/\/www.lpi.org\/wp-content\/uploads\/2023\/04\/logo.png","width":496,"height":175,"caption":"Linux Professional Institute (LPI)"},"image":{"@id":"https:\/\/www.lpi.org\/vi\/#\/schema\/logo\/image\/"},"sameAs":["https:\/\/www.facebook.com\/LPIConnect","https:\/\/x.com\/lpiconnect","https:\/\/www.linkedin.com\/company\/35136","https:\/\/www.instagram.com\/lpi_org\/","https:\/\/fosstodon.org\/@LPI"]}]}},"_links":{"self":[{"href":"https:\/\/www.lpi.org\/vi\/wp-json\/wp\/v2\/pages\/17632","targetHints":{"allow":["GET"]}}],"collection":[{"href":"https:\/\/www.lpi.org\/vi\/wp-json\/wp\/v2\/pages"}],"about":[{"href":"https:\/\/www.lpi.org\/vi\/wp-json\/wp\/v2\/types\/page"}],"author":[{"embeddable":true,"href":"https:\/\/www.lpi.org\/vi\/wp-json\/wp\/v2\/users\/1"}],"replies":[{"embeddable":true,"href":"https:\/\/www.lpi.org\/vi\/wp-json\/wp\/v2\/comments?post=17632"}],"version-history":[{"count":2,"href":"https:\/\/www.lpi.org\/vi\/wp-json\/wp\/v2\/pages\/17632\/revisions"}],"predecessor-version":[{"id":19375,"href":"https:\/\/www.lpi.org\/vi\/wp-json\/wp\/v2\/pages\/17632\/revisions\/19375"}],"wp:attachment":[{"href":"https:\/\/www.lpi.org\/vi\/wp-json\/wp\/v2\/media?parent=17632"}],"curies":[{"name":"wp","href":"https:\/\/api.w.org\/{rel}","templated":true}]}}