{"id":17680,"date":"2023-04-21T07:05:21","date_gmt":"2023-04-21T11:05:21","guid":{"rendered":"https:\/\/www.lpi.org\/chuong-trinh-cong-dong\/bien-dich-cho-cong-dong-cua-ban\/"},"modified":"2023-09-16T00:17:32","modified_gmt":"2023-09-16T04:17:32","slug":"bien-dich-cho-cong-dong-cua-ban","status":"publish","type":"page","link":"https:\/\/www.lpi.org\/vi\/chuong-trinh-cong-dong\/bien-dich-cho-cong-dong-cua-ban\/","title":{"rendered":"Bi\u00ean d\u1ecbch cho C\u1ed9ng \u0111\u1ed3ng c\u1ee7a b\u1ea1n"},"content":{"rendered":"","protected":false},"excerpt":{"rendered":"","protected":false},"author":1,"featured_media":0,"parent":17504,"menu_order":0,"comment_status":"closed","ping_status":"closed","template":"template-sections.php","meta":{"_acf_changed":false,"footnotes":""},"class_list":["post-17680","page","type-page","status-publish","hentry"],"acf":[],"yoast_head":"<!-- This site is optimized with the Yoast SEO Premium plugin v27.2 (Yoast SEO v27.5) - https:\/\/yoast.com\/product\/yoast-seo-premium-wordpress\/ -->\n<title>Bi\u00ean d\u1ecbch cho C\u1ed9ng \u0111\u1ed3ng c\u1ee7a b\u1ea1n - Linux Professional Institute (LPI)<\/title>\n<meta name=\"description\" content=\"Ch\u00fang t\u00f4i \u0111ang t\u00ecm ki\u1ebfm c\u00e1c th\u00e0nh vi\u00ean c\u1ed9ng \u0111\u1ed3ng \u0111a ng\u00f4n ng\u1eef mong mu\u1ed1n bi\u00ean d\u1ecbch v\u00e0 \u0111\u00e1nh gi\u00e1 c\u00e1c t\u00e0i li\u1ec7u \u0111\u1ec3 gi\u00fap \u0111\u1ee1 m\u1ecdi ng\u01b0\u1eddi c\u00f3 th\u1ec3 h\u1ecdc t\u1eadp c\u0169ng nh\u01b0 hi\u1ec3u \u0111\u01b0\u1ee3c v\u1ec1 Linux v\u00e0 M\u00e3 ngu\u1ed3n m\u1edf.\" \/>\n<meta name=\"robots\" content=\"index, follow, max-snippet:-1, max-image-preview:large, max-video-preview:-1\" \/>\n<link rel=\"canonical\" href=\"https:\/\/www.lpi.org\/vi\/chuong-trinh-cong-dong\/bien-dich-cho-cong-dong-cua-ban\/\" \/>\n<meta property=\"og:locale\" content=\"vi_VN\" \/>\n<meta property=\"og:type\" content=\"article\" \/>\n<meta property=\"og:title\" content=\"Bi\u00ean d\u1ecbch cho C\u1ed9ng \u0111\u1ed3ng c\u1ee7a b\u1ea1n\" \/>\n<meta property=\"og:description\" content=\"Ch\u00fang t\u00f4i \u0111ang t\u00ecm ki\u1ebfm c\u00e1c th\u00e0nh vi\u00ean c\u1ed9ng \u0111\u1ed3ng \u0111a ng\u00f4n ng\u1eef mong mu\u1ed1n bi\u00ean d\u1ecbch v\u00e0 \u0111\u00e1nh gi\u00e1 c\u00e1c t\u00e0i li\u1ec7u \u0111\u1ec3 gi\u00fap \u0111\u1ee1 m\u1ecdi ng\u01b0\u1eddi c\u00f3 th\u1ec3 h\u1ecdc t\u1eadp c\u0169ng nh\u01b0 hi\u1ec3u \u0111\u01b0\u1ee3c v\u1ec1 Linux v\u00e0 M\u00e3 ngu\u1ed3n m\u1edf.\" \/>\n<meta property=\"og:url\" content=\"https:\/\/www.lpi.org\/vi\/chuong-trinh-cong-dong\/bien-dich-cho-cong-dong-cua-ban\/\" \/>\n<meta property=\"og:site_name\" content=\"Linux Professional Institute (LPI)\" \/>\n<meta property=\"article:publisher\" content=\"https:\/\/www.facebook.com\/LPIConnect\" \/>\n<meta property=\"article:modified_time\" content=\"2023-09-16T04:17:32+00:00\" \/>\n<meta name=\"twitter:card\" content=\"summary_large_image\" \/>\n<meta name=\"twitter:site\" content=\"@lpiconnect\" \/>\n<script type=\"application\/ld+json\" class=\"yoast-schema-graph\">{\"@context\":\"https:\\\/\\\/schema.org\",\"@graph\":[{\"@type\":\"WebPage\",\"@id\":\"https:\\\/\\\/www.lpi.org\\\/vi\\\/chuong-trinh-cong-dong\\\/bien-dich-cho-cong-dong-cua-ban\\\/\",\"url\":\"https:\\\/\\\/www.lpi.org\\\/vi\\\/chuong-trinh-cong-dong\\\/bien-dich-cho-cong-dong-cua-ban\\\/\",\"name\":\"Bi\u00ean d\u1ecbch cho C\u1ed9ng \u0111\u1ed3ng c\u1ee7a b\u1ea1n - Linux Professional Institute (LPI)\",\"isPartOf\":{\"@id\":\"https:\\\/\\\/www.lpi.org\\\/vi\\\/#website\"},\"datePublished\":\"2023-04-21T11:05:21+00:00\",\"dateModified\":\"2023-09-16T04:17:32+00:00\",\"description\":\"Ch\u00fang t\u00f4i \u0111ang t\u00ecm ki\u1ebfm c\u00e1c th\u00e0nh vi\u00ean c\u1ed9ng \u0111\u1ed3ng \u0111a ng\u00f4n ng\u1eef mong mu\u1ed1n bi\u00ean d\u1ecbch v\u00e0 \u0111\u00e1nh gi\u00e1 c\u00e1c t\u00e0i li\u1ec7u \u0111\u1ec3 gi\u00fap \u0111\u1ee1 m\u1ecdi ng\u01b0\u1eddi c\u00f3 th\u1ec3 h\u1ecdc t\u1eadp c\u0169ng nh\u01b0 hi\u1ec3u \u0111\u01b0\u1ee3c v\u1ec1 Linux v\u00e0 M\u00e3 ngu\u1ed3n m\u1edf.\",\"breadcrumb\":{\"@id\":\"https:\\\/\\\/www.lpi.org\\\/vi\\\/chuong-trinh-cong-dong\\\/bien-dich-cho-cong-dong-cua-ban\\\/#breadcrumb\"},\"inLanguage\":\"vi-VN\",\"potentialAction\":[{\"@type\":\"ReadAction\",\"target\":[\"https:\\\/\\\/www.lpi.org\\\/vi\\\/chuong-trinh-cong-dong\\\/bien-dich-cho-cong-dong-cua-ban\\\/\"]}]},{\"@type\":\"BreadcrumbList\",\"@id\":\"https:\\\/\\\/www.lpi.org\\\/vi\\\/chuong-trinh-cong-dong\\\/bien-dich-cho-cong-dong-cua-ban\\\/#breadcrumb\",\"itemListElement\":[{\"@type\":\"ListItem\",\"position\":1,\"name\":\"Home\",\"item\":\"https:\\\/\\\/www.lpi.org\\\/vi\\\/\"},{\"@type\":\"ListItem\",\"position\":2,\"name\":\"Ch\u01b0\u01a1ng tr\u00ecnh C\u1ed9ng \u0111\u1ed3ng\",\"item\":\"https:\\\/\\\/www.lpi.org\\\/vi\\\/chuong-trinh-cong-dong\\\/\"},{\"@type\":\"ListItem\",\"position\":3,\"name\":\"Bi\u00ean d\u1ecbch cho C\u1ed9ng \u0111\u1ed3ng c\u1ee7a b\u1ea1n\"}]},{\"@type\":\"WebSite\",\"@id\":\"https:\\\/\\\/www.lpi.org\\\/vi\\\/#website\",\"url\":\"https:\\\/\\\/www.lpi.org\\\/vi\\\/\",\"name\":\"Linux Professional Institute (LPI)\",\"description\":\"\",\"publisher\":{\"@id\":\"https:\\\/\\\/www.lpi.org\\\/vi\\\/#organization\"},\"potentialAction\":[{\"@type\":\"SearchAction\",\"target\":{\"@type\":\"EntryPoint\",\"urlTemplate\":\"https:\\\/\\\/www.lpi.org\\\/vi\\\/?s={search_term_string}\"},\"query-input\":{\"@type\":\"PropertyValueSpecification\",\"valueRequired\":true,\"valueName\":\"search_term_string\"}}],\"inLanguage\":\"vi-VN\"},{\"@type\":\"Organization\",\"@id\":\"https:\\\/\\\/www.lpi.org\\\/vi\\\/#organization\",\"name\":\"Linux Professional Institute (LPI)\",\"url\":\"https:\\\/\\\/www.lpi.org\\\/vi\\\/\",\"logo\":{\"@type\":\"ImageObject\",\"inLanguage\":\"vi-VN\",\"@id\":\"https:\\\/\\\/www.lpi.org\\\/vi\\\/#\\\/schema\\\/logo\\\/image\\\/\",\"url\":\"https:\\\/\\\/www.lpi.org\\\/wp-content\\\/uploads\\\/2023\\\/04\\\/logo.png\",\"contentUrl\":\"https:\\\/\\\/www.lpi.org\\\/wp-content\\\/uploads\\\/2023\\\/04\\\/logo.png\",\"width\":496,\"height\":175,\"caption\":\"Linux Professional Institute (LPI)\"},\"image\":{\"@id\":\"https:\\\/\\\/www.lpi.org\\\/vi\\\/#\\\/schema\\\/logo\\\/image\\\/\"},\"sameAs\":[\"https:\\\/\\\/www.facebook.com\\\/LPIConnect\",\"https:\\\/\\\/x.com\\\/lpiconnect\",\"https:\\\/\\\/www.linkedin.com\\\/company\\\/35136\",\"https:\\\/\\\/www.instagram.com\\\/lpi_org\\\/\",\"https:\\\/\\\/fosstodon.org\\\/@LPI\"]}]}<\/script>\n<!-- \/ Yoast SEO Premium plugin. -->","yoast_head_json":{"title":"Bi\u00ean d\u1ecbch cho C\u1ed9ng \u0111\u1ed3ng c\u1ee7a b\u1ea1n - Linux Professional Institute (LPI)","description":"Ch\u00fang t\u00f4i \u0111ang t\u00ecm ki\u1ebfm c\u00e1c th\u00e0nh vi\u00ean c\u1ed9ng \u0111\u1ed3ng \u0111a ng\u00f4n ng\u1eef mong mu\u1ed1n bi\u00ean d\u1ecbch v\u00e0 \u0111\u00e1nh gi\u00e1 c\u00e1c t\u00e0i li\u1ec7u \u0111\u1ec3 gi\u00fap \u0111\u1ee1 m\u1ecdi ng\u01b0\u1eddi c\u00f3 th\u1ec3 h\u1ecdc t\u1eadp c\u0169ng nh\u01b0 hi\u1ec3u \u0111\u01b0\u1ee3c v\u1ec1 Linux v\u00e0 M\u00e3 ngu\u1ed3n m\u1edf.","robots":{"index":"index","follow":"follow","max-snippet":"max-snippet:-1","max-image-preview":"max-image-preview:large","max-video-preview":"max-video-preview:-1"},"canonical":"https:\/\/www.lpi.org\/vi\/chuong-trinh-cong-dong\/bien-dich-cho-cong-dong-cua-ban\/","og_locale":"vi_VN","og_type":"article","og_title":"Bi\u00ean d\u1ecbch cho C\u1ed9ng \u0111\u1ed3ng c\u1ee7a b\u1ea1n","og_description":"Ch\u00fang t\u00f4i \u0111ang t\u00ecm ki\u1ebfm c\u00e1c th\u00e0nh vi\u00ean c\u1ed9ng \u0111\u1ed3ng \u0111a ng\u00f4n ng\u1eef mong mu\u1ed1n bi\u00ean d\u1ecbch v\u00e0 \u0111\u00e1nh gi\u00e1 c\u00e1c t\u00e0i li\u1ec7u \u0111\u1ec3 gi\u00fap \u0111\u1ee1 m\u1ecdi ng\u01b0\u1eddi c\u00f3 th\u1ec3 h\u1ecdc t\u1eadp c\u0169ng nh\u01b0 hi\u1ec3u \u0111\u01b0\u1ee3c v\u1ec1 Linux v\u00e0 M\u00e3 ngu\u1ed3n m\u1edf.","og_url":"https:\/\/www.lpi.org\/vi\/chuong-trinh-cong-dong\/bien-dich-cho-cong-dong-cua-ban\/","og_site_name":"Linux Professional Institute (LPI)","article_publisher":"https:\/\/www.facebook.com\/LPIConnect","article_modified_time":"2023-09-16T04:17:32+00:00","twitter_card":"summary_large_image","twitter_site":"@lpiconnect","schema":{"@context":"https:\/\/schema.org","@graph":[{"@type":"WebPage","@id":"https:\/\/www.lpi.org\/vi\/chuong-trinh-cong-dong\/bien-dich-cho-cong-dong-cua-ban\/","url":"https:\/\/www.lpi.org\/vi\/chuong-trinh-cong-dong\/bien-dich-cho-cong-dong-cua-ban\/","name":"Bi\u00ean d\u1ecbch cho C\u1ed9ng \u0111\u1ed3ng c\u1ee7a b\u1ea1n - Linux Professional Institute (LPI)","isPartOf":{"@id":"https:\/\/www.lpi.org\/vi\/#website"},"datePublished":"2023-04-21T11:05:21+00:00","dateModified":"2023-09-16T04:17:32+00:00","description":"Ch\u00fang t\u00f4i \u0111ang t\u00ecm ki\u1ebfm c\u00e1c th\u00e0nh vi\u00ean c\u1ed9ng \u0111\u1ed3ng \u0111a ng\u00f4n ng\u1eef mong mu\u1ed1n bi\u00ean d\u1ecbch v\u00e0 \u0111\u00e1nh gi\u00e1 c\u00e1c t\u00e0i li\u1ec7u \u0111\u1ec3 gi\u00fap \u0111\u1ee1 m\u1ecdi ng\u01b0\u1eddi c\u00f3 th\u1ec3 h\u1ecdc t\u1eadp c\u0169ng nh\u01b0 hi\u1ec3u \u0111\u01b0\u1ee3c v\u1ec1 Linux v\u00e0 M\u00e3 ngu\u1ed3n m\u1edf.","breadcrumb":{"@id":"https:\/\/www.lpi.org\/vi\/chuong-trinh-cong-dong\/bien-dich-cho-cong-dong-cua-ban\/#breadcrumb"},"inLanguage":"vi-VN","potentialAction":[{"@type":"ReadAction","target":["https:\/\/www.lpi.org\/vi\/chuong-trinh-cong-dong\/bien-dich-cho-cong-dong-cua-ban\/"]}]},{"@type":"BreadcrumbList","@id":"https:\/\/www.lpi.org\/vi\/chuong-trinh-cong-dong\/bien-dich-cho-cong-dong-cua-ban\/#breadcrumb","itemListElement":[{"@type":"ListItem","position":1,"name":"Home","item":"https:\/\/www.lpi.org\/vi\/"},{"@type":"ListItem","position":2,"name":"Ch\u01b0\u01a1ng tr\u00ecnh C\u1ed9ng \u0111\u1ed3ng","item":"https:\/\/www.lpi.org\/vi\/chuong-trinh-cong-dong\/"},{"@type":"ListItem","position":3,"name":"Bi\u00ean d\u1ecbch cho C\u1ed9ng \u0111\u1ed3ng c\u1ee7a b\u1ea1n"}]},{"@type":"WebSite","@id":"https:\/\/www.lpi.org\/vi\/#website","url":"https:\/\/www.lpi.org\/vi\/","name":"Linux Professional Institute (LPI)","description":"","publisher":{"@id":"https:\/\/www.lpi.org\/vi\/#organization"},"potentialAction":[{"@type":"SearchAction","target":{"@type":"EntryPoint","urlTemplate":"https:\/\/www.lpi.org\/vi\/?s={search_term_string}"},"query-input":{"@type":"PropertyValueSpecification","valueRequired":true,"valueName":"search_term_string"}}],"inLanguage":"vi-VN"},{"@type":"Organization","@id":"https:\/\/www.lpi.org\/vi\/#organization","name":"Linux Professional Institute (LPI)","url":"https:\/\/www.lpi.org\/vi\/","logo":{"@type":"ImageObject","inLanguage":"vi-VN","@id":"https:\/\/www.lpi.org\/vi\/#\/schema\/logo\/image\/","url":"https:\/\/www.lpi.org\/wp-content\/uploads\/2023\/04\/logo.png","contentUrl":"https:\/\/www.lpi.org\/wp-content\/uploads\/2023\/04\/logo.png","width":496,"height":175,"caption":"Linux Professional Institute (LPI)"},"image":{"@id":"https:\/\/www.lpi.org\/vi\/#\/schema\/logo\/image\/"},"sameAs":["https:\/\/www.facebook.com\/LPIConnect","https:\/\/x.com\/lpiconnect","https:\/\/www.linkedin.com\/company\/35136","https:\/\/www.instagram.com\/lpi_org\/","https:\/\/fosstodon.org\/@LPI"]}]}},"_links":{"self":[{"href":"https:\/\/www.lpi.org\/vi\/wp-json\/wp\/v2\/pages\/17680","targetHints":{"allow":["GET"]}}],"collection":[{"href":"https:\/\/www.lpi.org\/vi\/wp-json\/wp\/v2\/pages"}],"about":[{"href":"https:\/\/www.lpi.org\/vi\/wp-json\/wp\/v2\/types\/page"}],"author":[{"embeddable":true,"href":"https:\/\/www.lpi.org\/vi\/wp-json\/wp\/v2\/users\/1"}],"replies":[{"embeddable":true,"href":"https:\/\/www.lpi.org\/vi\/wp-json\/wp\/v2\/comments?post=17680"}],"version-history":[{"count":1,"href":"https:\/\/www.lpi.org\/vi\/wp-json\/wp\/v2\/pages\/17680\/revisions"}],"predecessor-version":[{"id":17685,"href":"https:\/\/www.lpi.org\/vi\/wp-json\/wp\/v2\/pages\/17680\/revisions\/17685"}],"up":[{"embeddable":true,"href":"https:\/\/www.lpi.org\/vi\/wp-json\/wp\/v2\/pages\/17504"}],"wp:attachment":[{"href":"https:\/\/www.lpi.org\/vi\/wp-json\/wp\/v2\/media?parent=17680"}],"curies":[{"name":"wp","href":"https:\/\/api.w.org\/{rel}","templated":true}]}}