{"id":17903,"date":"2023-04-24T07:23:37","date_gmt":"2023-04-24T11:23:37","guid":{"rendered":"https:\/\/www.lpi.org\/tro-thanh-mot-doi-tac\/tro-thanh-mot-doi-tac-kenh\/"},"modified":"2023-11-17T20:49:43","modified_gmt":"2023-11-18T01:49:43","slug":"tro-thanh-mot-doi-tac-kenh","status":"publish","type":"page","link":"https:\/\/www.lpi.org\/vi\/tro-thanh-mot-doi-tac-kenh\/","title":{"rendered":"Tr\u1edf th\u00e0nh m\u1ed9t \u0110\u1ed1i t\u00e1c K\u00eanh"},"content":{"rendered":"","protected":false},"excerpt":{"rendered":"","protected":false},"author":1,"featured_media":0,"parent":0,"menu_order":0,"comment_status":"closed","ping_status":"closed","template":"template-sections.php","meta":{"_acf_changed":false,"footnotes":""},"class_list":["post-17903","page","type-page","status-publish","hentry"],"acf":[],"yoast_head":"<!-- This site is optimized with the Yoast SEO Premium plugin v27.2 (Yoast SEO v27.3) - https:\/\/yoast.com\/product\/yoast-seo-premium-wordpress\/ -->\n<title>Tr\u1edf th\u00e0nh m\u1ed9t \u0110\u1ed1i t\u00e1c K\u00eanh - Linux Professional Institute (LPI)<\/title>\n<meta name=\"description\" content=\"Kh\u00e1m ph\u00e1 c\u00e1c l\u1ee3i \u00edch c\u1ee7a vi\u1ec7c tr\u1edf th\u00e0nh \u0110\u1ed1i t\u00e1c K\u00eanh Linux Professional Institute (LPI)! Nh\u1ea5n v\u00e0o \u0111\u00e2y \u0111\u1ec3 t\u00ecm hi\u1ec3u th\u00eam.\" \/>\n<meta name=\"robots\" content=\"index, follow, max-snippet:-1, max-image-preview:large, max-video-preview:-1\" \/>\n<link rel=\"canonical\" href=\"https:\/\/www.lpi.org\/vi\/tro-thanh-mot-doi-tac-kenh\/\" \/>\n<meta property=\"og:locale\" content=\"vi_VN\" \/>\n<meta property=\"og:type\" content=\"article\" \/>\n<meta property=\"og:title\" content=\"Tr\u1edf th\u00e0nh m\u1ed9t \u0110\u1ed1i t\u00e1c K\u00eanh\" \/>\n<meta property=\"og:description\" content=\"Kh\u00e1m ph\u00e1 c\u00e1c l\u1ee3i \u00edch c\u1ee7a vi\u1ec7c tr\u1edf th\u00e0nh \u0110\u1ed1i t\u00e1c K\u00eanh Linux Professional Institute (LPI)! Nh\u1ea5n v\u00e0o \u0111\u00e2y \u0111\u1ec3 t\u00ecm hi\u1ec3u th\u00eam.\" \/>\n<meta property=\"og:url\" content=\"https:\/\/www.lpi.org\/vi\/tro-thanh-mot-doi-tac-kenh\/\" \/>\n<meta property=\"og:site_name\" content=\"Linux Professional Institute (LPI)\" \/>\n<meta property=\"article:publisher\" content=\"https:\/\/www.facebook.com\/LPIConnect\" \/>\n<meta property=\"article:modified_time\" content=\"2023-11-18T01:49:43+00:00\" \/>\n<meta name=\"twitter:card\" content=\"summary_large_image\" \/>\n<meta name=\"twitter:site\" content=\"@lpiconnect\" \/>\n<script type=\"application\/ld+json\" class=\"yoast-schema-graph\">{\"@context\":\"https:\\\/\\\/schema.org\",\"@graph\":[{\"@type\":\"WebPage\",\"@id\":\"https:\\\/\\\/www.lpi.org\\\/vi\\\/tro-thanh-mot-doi-tac-kenh\\\/\",\"url\":\"https:\\\/\\\/www.lpi.org\\\/vi\\\/tro-thanh-mot-doi-tac-kenh\\\/\",\"name\":\"Tr\u1edf th\u00e0nh m\u1ed9t \u0110\u1ed1i t\u00e1c K\u00eanh - Linux Professional Institute (LPI)\",\"isPartOf\":{\"@id\":\"https:\\\/\\\/www.lpi.org\\\/vi\\\/#website\"},\"datePublished\":\"2023-04-24T11:23:37+00:00\",\"dateModified\":\"2023-11-18T01:49:43+00:00\",\"description\":\"Kh\u00e1m ph\u00e1 c\u00e1c l\u1ee3i \u00edch c\u1ee7a vi\u1ec7c tr\u1edf th\u00e0nh \u0110\u1ed1i t\u00e1c K\u00eanh Linux Professional Institute (LPI)! Nh\u1ea5n v\u00e0o \u0111\u00e2y \u0111\u1ec3 t\u00ecm hi\u1ec3u th\u00eam.\",\"breadcrumb\":{\"@id\":\"https:\\\/\\\/www.lpi.org\\\/vi\\\/tro-thanh-mot-doi-tac-kenh\\\/#breadcrumb\"},\"inLanguage\":\"vi-VN\",\"potentialAction\":[{\"@type\":\"ReadAction\",\"target\":[\"https:\\\/\\\/www.lpi.org\\\/vi\\\/tro-thanh-mot-doi-tac-kenh\\\/\"]}]},{\"@type\":\"BreadcrumbList\",\"@id\":\"https:\\\/\\\/www.lpi.org\\\/vi\\\/tro-thanh-mot-doi-tac-kenh\\\/#breadcrumb\",\"itemListElement\":[{\"@type\":\"ListItem\",\"position\":1,\"name\":\"Home\",\"item\":\"https:\\\/\\\/www.lpi.org\\\/vi\\\/\"},{\"@type\":\"ListItem\",\"position\":2,\"name\":\"Tr\u1edf th\u00e0nh m\u1ed9t \u0110\u1ed1i t\u00e1c K\u00eanh\"}]},{\"@type\":\"WebSite\",\"@id\":\"https:\\\/\\\/www.lpi.org\\\/vi\\\/#website\",\"url\":\"https:\\\/\\\/www.lpi.org\\\/vi\\\/\",\"name\":\"Linux Professional Institute (LPI)\",\"description\":\"\",\"publisher\":{\"@id\":\"https:\\\/\\\/www.lpi.org\\\/vi\\\/#organization\"},\"potentialAction\":[{\"@type\":\"SearchAction\",\"target\":{\"@type\":\"EntryPoint\",\"urlTemplate\":\"https:\\\/\\\/www.lpi.org\\\/vi\\\/?s={search_term_string}\"},\"query-input\":{\"@type\":\"PropertyValueSpecification\",\"valueRequired\":true,\"valueName\":\"search_term_string\"}}],\"inLanguage\":\"vi-VN\"},{\"@type\":\"Organization\",\"@id\":\"https:\\\/\\\/www.lpi.org\\\/vi\\\/#organization\",\"name\":\"Linux Professional Institute (LPI)\",\"url\":\"https:\\\/\\\/www.lpi.org\\\/vi\\\/\",\"logo\":{\"@type\":\"ImageObject\",\"inLanguage\":\"vi-VN\",\"@id\":\"https:\\\/\\\/www.lpi.org\\\/vi\\\/#\\\/schema\\\/logo\\\/image\\\/\",\"url\":\"https:\\\/\\\/www.lpi.org\\\/wp-content\\\/uploads\\\/2023\\\/04\\\/logo.png\",\"contentUrl\":\"https:\\\/\\\/www.lpi.org\\\/wp-content\\\/uploads\\\/2023\\\/04\\\/logo.png\",\"width\":496,\"height\":175,\"caption\":\"Linux Professional Institute (LPI)\"},\"image\":{\"@id\":\"https:\\\/\\\/www.lpi.org\\\/vi\\\/#\\\/schema\\\/logo\\\/image\\\/\"},\"sameAs\":[\"https:\\\/\\\/www.facebook.com\\\/LPIConnect\",\"https:\\\/\\\/x.com\\\/lpiconnect\",\"https:\\\/\\\/www.linkedin.com\\\/company\\\/35136\",\"https:\\\/\\\/www.instagram.com\\\/lpi_org\\\/\",\"https:\\\/\\\/fosstodon.org\\\/@LPI\"]}]}<\/script>\n<!-- \/ Yoast SEO Premium plugin. -->","yoast_head_json":{"title":"Tr\u1edf th\u00e0nh m\u1ed9t \u0110\u1ed1i t\u00e1c K\u00eanh - Linux Professional Institute (LPI)","description":"Kh\u00e1m ph\u00e1 c\u00e1c l\u1ee3i \u00edch c\u1ee7a vi\u1ec7c tr\u1edf th\u00e0nh \u0110\u1ed1i t\u00e1c K\u00eanh Linux Professional Institute (LPI)! Nh\u1ea5n v\u00e0o \u0111\u00e2y \u0111\u1ec3 t\u00ecm hi\u1ec3u th\u00eam.","robots":{"index":"index","follow":"follow","max-snippet":"max-snippet:-1","max-image-preview":"max-image-preview:large","max-video-preview":"max-video-preview:-1"},"canonical":"https:\/\/www.lpi.org\/vi\/tro-thanh-mot-doi-tac-kenh\/","og_locale":"vi_VN","og_type":"article","og_title":"Tr\u1edf th\u00e0nh m\u1ed9t \u0110\u1ed1i t\u00e1c K\u00eanh","og_description":"Kh\u00e1m ph\u00e1 c\u00e1c l\u1ee3i \u00edch c\u1ee7a vi\u1ec7c tr\u1edf th\u00e0nh \u0110\u1ed1i t\u00e1c K\u00eanh Linux Professional Institute (LPI)! Nh\u1ea5n v\u00e0o \u0111\u00e2y \u0111\u1ec3 t\u00ecm hi\u1ec3u th\u00eam.","og_url":"https:\/\/www.lpi.org\/vi\/tro-thanh-mot-doi-tac-kenh\/","og_site_name":"Linux Professional Institute (LPI)","article_publisher":"https:\/\/www.facebook.com\/LPIConnect","article_modified_time":"2023-11-18T01:49:43+00:00","twitter_card":"summary_large_image","twitter_site":"@lpiconnect","schema":{"@context":"https:\/\/schema.org","@graph":[{"@type":"WebPage","@id":"https:\/\/www.lpi.org\/vi\/tro-thanh-mot-doi-tac-kenh\/","url":"https:\/\/www.lpi.org\/vi\/tro-thanh-mot-doi-tac-kenh\/","name":"Tr\u1edf th\u00e0nh m\u1ed9t \u0110\u1ed1i t\u00e1c K\u00eanh - Linux Professional Institute (LPI)","isPartOf":{"@id":"https:\/\/www.lpi.org\/vi\/#website"},"datePublished":"2023-04-24T11:23:37+00:00","dateModified":"2023-11-18T01:49:43+00:00","description":"Kh\u00e1m ph\u00e1 c\u00e1c l\u1ee3i \u00edch c\u1ee7a vi\u1ec7c tr\u1edf th\u00e0nh \u0110\u1ed1i t\u00e1c K\u00eanh Linux Professional Institute (LPI)! Nh\u1ea5n v\u00e0o \u0111\u00e2y \u0111\u1ec3 t\u00ecm hi\u1ec3u th\u00eam.","breadcrumb":{"@id":"https:\/\/www.lpi.org\/vi\/tro-thanh-mot-doi-tac-kenh\/#breadcrumb"},"inLanguage":"vi-VN","potentialAction":[{"@type":"ReadAction","target":["https:\/\/www.lpi.org\/vi\/tro-thanh-mot-doi-tac-kenh\/"]}]},{"@type":"BreadcrumbList","@id":"https:\/\/www.lpi.org\/vi\/tro-thanh-mot-doi-tac-kenh\/#breadcrumb","itemListElement":[{"@type":"ListItem","position":1,"name":"Home","item":"https:\/\/www.lpi.org\/vi\/"},{"@type":"ListItem","position":2,"name":"Tr\u1edf th\u00e0nh m\u1ed9t \u0110\u1ed1i t\u00e1c K\u00eanh"}]},{"@type":"WebSite","@id":"https:\/\/www.lpi.org\/vi\/#website","url":"https:\/\/www.lpi.org\/vi\/","name":"Linux Professional Institute (LPI)","description":"","publisher":{"@id":"https:\/\/www.lpi.org\/vi\/#organization"},"potentialAction":[{"@type":"SearchAction","target":{"@type":"EntryPoint","urlTemplate":"https:\/\/www.lpi.org\/vi\/?s={search_term_string}"},"query-input":{"@type":"PropertyValueSpecification","valueRequired":true,"valueName":"search_term_string"}}],"inLanguage":"vi-VN"},{"@type":"Organization","@id":"https:\/\/www.lpi.org\/vi\/#organization","name":"Linux Professional Institute (LPI)","url":"https:\/\/www.lpi.org\/vi\/","logo":{"@type":"ImageObject","inLanguage":"vi-VN","@id":"https:\/\/www.lpi.org\/vi\/#\/schema\/logo\/image\/","url":"https:\/\/www.lpi.org\/wp-content\/uploads\/2023\/04\/logo.png","contentUrl":"https:\/\/www.lpi.org\/wp-content\/uploads\/2023\/04\/logo.png","width":496,"height":175,"caption":"Linux Professional Institute (LPI)"},"image":{"@id":"https:\/\/www.lpi.org\/vi\/#\/schema\/logo\/image\/"},"sameAs":["https:\/\/www.facebook.com\/LPIConnect","https:\/\/x.com\/lpiconnect","https:\/\/www.linkedin.com\/company\/35136","https:\/\/www.instagram.com\/lpi_org\/","https:\/\/fosstodon.org\/@LPI"]}]}},"_links":{"self":[{"href":"https:\/\/www.lpi.org\/vi\/wp-json\/wp\/v2\/pages\/17903","targetHints":{"allow":["GET"]}}],"collection":[{"href":"https:\/\/www.lpi.org\/vi\/wp-json\/wp\/v2\/pages"}],"about":[{"href":"https:\/\/www.lpi.org\/vi\/wp-json\/wp\/v2\/types\/page"}],"author":[{"embeddable":true,"href":"https:\/\/www.lpi.org\/vi\/wp-json\/wp\/v2\/users\/1"}],"replies":[{"embeddable":true,"href":"https:\/\/www.lpi.org\/vi\/wp-json\/wp\/v2\/comments?post=17903"}],"version-history":[{"count":1,"href":"https:\/\/www.lpi.org\/vi\/wp-json\/wp\/v2\/pages\/17903\/revisions"}],"predecessor-version":[{"id":17905,"href":"https:\/\/www.lpi.org\/vi\/wp-json\/wp\/v2\/pages\/17903\/revisions\/17905"}],"wp:attachment":[{"href":"https:\/\/www.lpi.org\/vi\/wp-json\/wp\/v2\/media?parent=17903"}],"curies":[{"name":"wp","href":"https:\/\/api.w.org\/{rel}","templated":true}]}}