{"id":17921,"date":"2023-04-06T09:24:01","date_gmt":"2023-04-06T13:24:01","guid":{"rendered":"https:\/\/www.lpi.org\/quy-tac-dao-duc-va-ung-xu-nghe-nghiep-cua-cong-dong\/"},"modified":"2023-09-19T08:48:42","modified_gmt":"2023-09-19T12:48:42","slug":"quy-tac-dao-duc-va-ung-xu-nghe-nghiep-cua-cong-dong","status":"publish","type":"page","link":"https:\/\/www.lpi.org\/vi\/quy-tac-dao-duc-va-ung-xu-nghe-nghiep-cua-cong-dong\/","title":{"rendered":"Quy t\u1eafc \u0110\u1ea1o \u0111\u1ee9c v\u00e0 \u1ee8ng x\u1eed ngh\u1ec1 nghi\u1ec7p c\u1ee7a c\u1ed9ng \u0111\u1ed3ng"},"content":{"rendered":"<p>Phi\u00ean b\u1ea3n 3, ng\u00e0y 10 th\u00e1ng 8 n\u0103m 2018<\/p>\n<h2 style=\"text-align: center\"><strong>L\u1eddi m\u1edf \u0111\u1ea7u<\/strong><\/h2>\n<p>Linux Professional Institute \u0111\u01b0\u1ee3c th\u00e0nh l\u1eadp v\u1edbi s\u1ee9 m\u1ec7nh th\u00fac \u0111\u1ea9y vi\u1ec7c s\u1eed d\u1ee5ng, ph\u00e1t tri\u1ec3n c\u0169ng nh\u01b0 gi\u1ea3ng d\u1ea1y chuy\u00ean nghi\u1ec7p ph\u1ea7n m\u1ec1m v\u00e0 c\u00f4ng ngh\u1ec7 m\u00e3 ngu\u1ed3n m\u1edf tr\u00ean to\u00e0n th\u1ebf gi\u1edbi.<\/p>\n<p>\u0110\u1ec3 \u0111\u1ea1t \u0111\u01b0\u1ee3c \u0111i\u1ec1u \u0111\u00f3, LPI \u0111\u00e3 t\u1ea1o ra m\u1ed9t c\u01a1 c\u1ea5u qu\u1ea3n tr\u1ecb, qua \u0111\u00f3 c\u00e1c chuy\u00ean gia c\u00f3 th\u1ec3 tr\u1edf th\u00e0nh Th\u00e0nh vi\u00ean c\u1ee7a LPI b\u1eb1ng c\u00e1ch ch\u1ee9ng minh \u0111\u01b0\u1ee3c n\u0103ng l\u1ef1c k\u1ef9 thu\u1eadt v\u00e0 tu\u00e2n th\u1ee7 theo quy t\u1eafc \u0111\u1ea1o \u0111\u1ee9c. T\u00e0i li\u1ec7u n\u00e0y ph\u1ee5c v\u1ee5 vi\u1ec7c x\u00e1c \u0111\u1ecbnh c\u00e1c quy t\u1eafc \u0111\u1ea1o \u0111\u1ee9c \u0111\u01b0\u1ee3c n\u00f3i \u0111\u1ebfn, v\u1edbi m\u1ee5c ti\u00eau duy tr\u00ec t\u00ednh to\u00e0n v\u1eb9n v\u00e0 s\u1ef1 tin c\u1eady th\u00f4ng qua vi\u1ec7c:<\/p>\n<ul>\n<li>B\u1ea3o v\u1ec7 l\u1ee3i \u00edch c\u00f4ng c\u1ed9ng<\/li>\n<li>Th\u1ec3 hi\u1ec7n l\u00f2ng ch\u00ednh tr\u1ef1c<\/li>\n<li>Duy tr\u00ec t\u00ednh b\u1ea3o m\u1eadt v\u00e0 ri\u00eang t\u01b0<\/li>\n<li>Th\u1ec3 hi\u1ec7n s\u1ef1 t\u00f4n tr\u1ecdng \u0111\u1ed1i v\u1edbi c\u00e1c \u0111\u1ed3ng nghi\u1ec7p v\u00e0 c\u1ed9ng t\u00e1c vi\u00ean<\/li>\n<\/ul>\n<p>C\u1ed9ng \u0111\u1ed3ng LPI l\u00e0 m\u1ed9t kh\u00f4ng gian m\u1edf, an to\u00e0n v\u00e0 to\u00e0n di\u1ec7n th\u00fac \u0111\u1ea9y vi\u1ec7c chia s\u1ebb v\u00e0 h\u1ee3p t\u00e1c b\u1ea5t k\u1ec3 tu\u1ed5i t\u00e1c, khi\u1ebfm khuy\u1ebft, d\u00e2n t\u1ed9c, b\u1ea3n d\u1ea1ng v\u00e0 bi\u1ec3u hi\u1ec7n gi\u1edbi t\u00ednh, m\u1ee9c \u0111\u1ed9 kinh nghi\u1ec7m, qu\u1ed1c t\u1ecbch, ngo\u1ea1i h\u00ecnh c\u00e1 nh\u00e2n, ch\u1ee7ng t\u1ed9c, t\u00f4n gi\u00e1o ho\u1eb7c xu h\u01b0\u1edbng t\u00ednh d\u1ee5c. M\u1eb7c d\u00f9 b\u1ea5t \u0111\u1ed3ng l\u00e0 \u0111i\u1ec1u r\u1ea5t b\u00ecnh th\u01b0\u1eddng, ch\u00fang t\u00f4i hy v\u1ecdng c\u00e1c Th\u00e0nh vi\u00ean c\u1ee7a m\u00ecnh s\u1ebd h\u00e0nh \u0111\u1ed9ng ph\u00f9 h\u1ee3p trong c\u00e1c \u1ee9ng x\u1eed kh\u00f4ng ch\u1ec9 v\u1edbi LPI m\u00e0 c\u00f2n v\u1edbi c\u00e1c m\u1ed1i quan h\u1ec7 kinh doanh, \u0111\u1ed3ng nghi\u1ec7p v\u00e0 c\u00f4ng ch\u00fang. Ch\u00fang t\u00f4i tr\u00f4ng \u0111\u1ee3i nh\u1eefng ng\u01b0\u1eddi tham gia b\u1ea5t k\u1ef3 nh\u00f3m ho\u1eb7c d\u1ef1 \u00e1n n\u00e0o s\u1ebd gi\u1ea3i quy\u1ebft nh\u1eefng b\u1ea5t \u0111\u1ed3ng mang t\u00ednh x\u00e2y d\u1ef1ng. Khi kh\u00f4ng th\u1ec3, c\u00e1c v\u1ea5n \u0111\u1ec1 n\u00ean \u0111\u01b0\u1ee3c x\u1eed l\u00fd leo thang trong c\u1ea5u tr\u00fac \u0111\u00e3 \u0111\u01b0\u1ee3c thi\u1ebft l\u1eadp tr\u01b0\u1edbc.<\/p>\n<p>H\u00e0nh vi \u0111\u00e1ng x\u1ea5u h\u1ed5 ho\u1eb7c \u0111\u00e1ng ng\u1edd, bao g\u1ed3m h\u00e0nh vi c\u00f3 th\u1ec3 g\u00e2y b\u1ea5t l\u1ee3i cho l\u1ee3i \u00edch c\u00f4ng c\u1ed9ng ho\u1eb7c thi\u1ebfu s\u1ef1 li\u00eam ch\u00ednh, s\u1ebd mang l\u1ea1i b\u1ea5t l\u1ee3i \u0111\u1ebfn Th\u00e0nh vi\u00ean, LPI v\u00e0 c\u00f4ng vi\u1ec7c c\u1ee7a nh\u1eefng ng\u01b0\u1eddi l\u00e0m trong m\u00e3 ngu\u1ed3n m\u1edf. N\u1ebfu nh\u1eefng h\u00e0nh vi nh\u01b0 th\u1ebf c\u00f3 kh\u1ea3 n\u0103ng l\u00e0m gi\u1ea3m ni\u1ec1m tin v\u00e0o c\u00e1c chuy\u00ean gia th\u00e0nh vi\u00ean, LPI s\u1ebd \u0111\u01b0\u1ee3c ph\u00e9p th\u1ef1c thi c\u00e1c h\u00e0nh \u0111\u1ed9ng k\u1ef7 lu\u1eadt.<\/p>\n<p>C\u00e1c th\u00e0nh vi\u00ean vi ph\u1ea1m c\u00e1c ph\u1ea7n c\u1ee7a quy t\u1eafc n\u00e0y v\u00ec l\u00ed do h\u1ecd tin r\u1eb1ng vi\u1ec7c tu\u00e2n th\u1ee7 r\u00f5 r\u00e0ng s\u1ebd g\u00e2y nguy hi\u1ec3m cho c\u1ed9ng \u0111\u1ed3ng (v\u00ed d\u1ee5: &#8220;t\u1ed1 gi\u00e1c&#8221;) s\u1ebd kh\u00f4ng nh\u1ea5t thi\u1ebft b\u1ecb coi l\u00e0 vi ph\u1ea1m k\u1ef7 lu\u1eadt. C\u00e1c th\u00e0nh vi\u00ean \u0111\u01b0\u1ee3c khuy\u1ebfn kh\u00edch tham v\u1ea5n ph\u00e1p l\u00fd trong c\u00e1c t\u00ecnh hu\u1ed1ng nh\u01b0 v\u1eady.<\/p>\n<p>Vi\u1ec7c x\u00e1c \u0111\u1ecbnh h\u00e0nh vi vi ph\u1ea1m quy t\u1eafc n\u00e0y v\u00e0 c\u00e1c bi\u1ec7n ph\u00e1p x\u1eed l\u00fd k\u1ef7 lu\u1eadt th\u00edch h\u1ee3p s\u1ebd \u0111\u01b0\u1ee3c th\u1ef1c hi\u1ec7n theo t\u1eebng tr\u01b0\u1eddng h\u1ee3p c\u1ee5 th\u1ec3.<\/p>\n<p>Quy t\u1eafc \u1ee8ng x\u1eed n\u00e0y \u00e1p d\u1ee5ng nh\u01b0 m\u1ed9t \u0111i\u1ec1u ki\u1ec7n \u0111\u1ec3 tr\u1edf th\u00e0nh th\u00e0nh vi\u00ean nh\u01b0ng ch\u00fang t\u00f4i hy v\u1ecdng m\u1ecdi ng\u01b0\u1eddi trong c\u1ed9ng \u0111\u1ed3ng s\u1ebd tu\u00e2n th\u1ee7 theo n\u00f3. \u0110\u1ec3 bi\u1ebft th\u00eam th\u00f4ng tin ho\u1eb7c b\u00e1o c\u00e1o vi ph\u1ea1m, h\u00e3y li\u00ean h\u1ec7 v\u1edbi ethics@lpi.org.<\/p>\n<h2 style=\"text-align: center\"><strong>B\u1ea3o v\u1ec7 l\u1ee3i \u00edch c\u00f4ng c\u1ed9ng<\/strong><\/h2>\n<p>C\u00e1c th\u00e0nh vi\u00ean ph\u1ea3i:<\/p>\n<ol>\n<li>th\u1ef1c hi\u1ec7n c\u00f4ng vi\u1ec7c c\u1ee7a h\u1ecd v\u1edbi s\u1ef1 quan t\u00e2m th\u00edch \u0111\u00e1ng \u0111\u1ebfn s\u1ee9c kh\u1ecfe c\u1ed9ng \u0111\u1ed3ng, an to\u00e0n c\u00f4ng c\u1ed9ng, nh\u00e2n quy\u1ec1n v\u00e0 m\u00f4i tr\u01b0\u1eddng;<\/li>\n<li>h\u1ed7 tr\u1ee3 t\u00ednh to\u00e0n v\u1eb9n v\u00e0 ni\u1ec1m tin c\u1ee7a c\u00f4ng ch\u00fang v\u00e0o LPI v\u00e0 ngh\u1ec1 nghi\u1ec7p th\u1ef1c h\u00e0nh m\u00e3 ngu\u1ed3n m\u1edf;<\/li>\n<li>s\u1eed d\u1ee5ng ho\u1eb7c \u0111\u1ec1 xu\u1ea5t ph\u1ea7n m\u1ec1m m\u00e3 ngu\u1ed3n m\u1edf v\u00e0 xu\u1ea5t b\u1ea3n truy c\u1eadp m\u1edf khi th\u00edch h\u1ee3p;<\/li>\n<li>c\u00f4ng khai \u0111\u1ea7y \u0111\u1ee7 cho c\u00e1c b\u00ean li\u00ean quan b\u1ea5t k\u1ef3 xung \u0111\u1ed9t l\u1ee3i \u00edch n\u00e0o t\u1ed3n t\u1ea1i ho\u1eb7c c\u00f3 th\u1ec3 \u0111\u01b0\u1ee3c xem l\u00e0 t\u1ed3n t\u1ea1i b\u1edfi m\u1ed9t quan s\u00e1t vi\u00ean \u0111\u1ed9c l\u1eadp.<\/li>\n<\/ol>\n<h2><\/h2>\n<h2 style=\"text-align: center\"><strong>Th\u1ec3 hi\u1ec7n l\u00f2ng ch\u00ednh tr\u1ef1c<\/strong><\/h2>\n<p>C\u00e1c th\u00e0nh vi\u00ean ph\u1ea3i:<\/p>\n<ol>\n<li>h\u00e0nh \u0111\u1ed9ng v\u1edbi thi\u1ec7n ch\u00ed v\u00e0 t\u00ednh trung th\u1ef1c trong c\u00e1c t\u01b0\u01a1ng t\u00e1c ngh\u1ec1 nghi\u1ec7p v\u00e0 c\u1ed9ng t\u00e1c;<\/li>\n<li>th\u00f4ng b\u00e1o cho ng\u01b0\u1eddi kh\u00e1c v\u1ec1 b\u1ea5t k\u1ef3 t\u00ecnh hu\u1ed1ng n\u00e0o c\u00f3 th\u1ec3 \u0111\u01b0\u1ee3c coi l\u00e0 l\u00e0m gi\u1ea3m kh\u1ea3 n\u0103ng ph\u00e1n \u0111o\u00e1n ngh\u1ec1 nghi\u1ec7p c\u1ee7a h\u1ecd;<\/li>\n<li>c\u00f3 \u0111\u1ee7 ki\u1ebfn th\u1ee9c k\u1ef9 thu\u1eadt, c\u0169ng nh\u01b0 nh\u1eadn th\u1ee9c v\u1ec1 c\u00e1c ti\u00eau chu\u1ea9n, quy \u0111\u1ecbnh v\u00e0 ph\u00e1p lu\u1eadt c\u00f3 li\u00ean quan, \u0111\u1ec3 th\u1ef1c hi\u1ec7n nhi\u1ec7m v\u1ee5 chuy\u00ean m\u00f4n c\u1ee7a h\u1ecd;<\/li>\n<li>t\u00f4n tr\u1ecdng quy\u1ec1n s\u00e1ng t\u1ea1o c\u1ee7a ng\u01b0\u1eddi kh\u00e1c v\u00e0 t\u00f4n tr\u1ecdng b\u1eb1ng s\u00e1ng ch\u1ebf, b\u1ea3n quy\u1ec1n v\u00e0 nh\u00e3n hi\u1ec7u.<\/li>\n<\/ol>\n<h2><\/h2>\n<h2 style=\"text-align: center\"><strong>Duy tr\u00ec t\u00ednh b\u1ea3o m\u1eadt v\u00e0 ri\u00eang t\u01b0<\/strong><\/h2>\n<p>C\u00e1c th\u00e0nh vi\u00ean ph\u1ea3i:<\/p>\n<ol>\n<li>duy tr\u00ec t\u00ednh b\u1ea3o m\u1eadt trong c\u00e1c m\u1ed1i quan h\u1ec7 ngh\u1ec1 nghi\u1ec7p, tr\u1eeb khi \u0111\u01b0\u1ee3c t\u1eeb b\u1ecf r\u00f5 r\u00e0ng;<\/li>\n<li>tr\u00e1nh bu\u00f4n chuy\u1ec7n v\u1ec1 c\u00e1c c\u00e1 nh\u00e2n ho\u1eb7c t\u1ed5 ch\u1ee9c m\u00e0 Th\u00e0nh vi\u00ean c\u00f3 m\u1ed1i quan h\u1ec7 ngh\u1ec1 nghi\u1ec7p, b\u1ea5t k\u1ec3 ngu\u1ed3n n\u00e0o;<\/li>\n<li>t\u00f4n tr\u1ecdng b\u00ed m\u1eadt th\u01b0\u01a1ng m\u1ea1i, quy\u1ec1n ri\u00eang t\u01b0 v\u00e0 c\u00e1c \u0111i\u1ec1u kho\u1ea3n c\u1ee7a gi\u1ea5y ph\u00e9p ho\u1eb7c c\u00e1c th\u1ecfa thu\u1eadn \u00e1p d\u1ee5ng kh\u00e1c; v\u00e0<\/li>\n<li>t\u1eeb ch\u1ed1i c\u00f4ng vi\u1ec7c cho c\u00e1c tr\u01b0\u1eddng h\u1ee3p n\u00e0o c\u00f3 th\u1ec3 y\u00eau c\u1ea7u ti\u1ebft l\u1ed9 ho\u1ea1t \u0111\u1ed9ng b\u00ed m\u1eadt \u0111\u01b0\u1ee3c th\u1ef1c hi\u1ec7n \u1edf n\u01a1i kh\u00e1c.<\/li>\n<\/ol>\n<h2><\/h2>\n<h2 style=\"text-align: center\"><strong>Th\u1ec3 hi\u1ec7n s\u1ef1 t\u00f4n tr\u1ecdng \u0111\u1ed1i v\u1edbi c\u00e1c \u0111\u1ed3ng nghi\u1ec7p v\u00e0 c\u1ed9ng t\u00e1c vi\u00ean<\/strong><\/h2>\n<p>C\u00e1c th\u00e0nh vi\u00ean ph\u1ea3i:<\/p>\n<ol>\n<li>tham gia c\u1ed9ng \u0111\u1ed3ng LPI v\u00e0 c\u00e1c m\u00f4i tr\u01b0\u1eddng l\u00e0m vi\u1ec7c c\u1ed9ng t\u00e1c kh\u00e1c m\u1ed9t c\u00e1ch c\u1edfi m\u1edf, an to\u00e0n v\u00e0 h\u00f2a nh\u1eadp th\u00f4ng qua c\u1eed ch\u1ec9 l\u1ecbch s\u1ef1 v\u00e0 t\u00f4n tr\u1ecdng l\u1eabn nhau;<\/li>\n<li>th\u1eadn tr\u1ecdng trong vi\u1ec7c l\u1ef1a ch\u1ecdn t\u1eeb ng\u1eef, t\u1eed t\u1ebf v\u1edbi ng\u01b0\u1eddi kh\u00e1c v\u00e0 kh\u00f4ng l\u0103ng m\u1ea1, t\u1ea5n c\u00f4ng, qu\u1ea5y r\u1ed1i, ph\u1ec9 b\u00e1ng ho\u1eb7c ph\u00e2n bi\u1ec7t \u0111\u1ed1i x\u1eed v\u1edbi ng\u01b0\u1eddi kh\u00e1c;<\/li>\n<li>s\u1eed d\u1ee5ng nh\u1eefng c\u00e1ch r\u00f5 r\u00e0ng v\u00e0 ch\u00ednh x\u00e1c \u0111\u1ec3 th\u1ec3 hi\u1ec7n \u00fd t\u01b0\u1edfng m\u00e0 m\u00ecnh \u0111ang c\u1ed1 g\u1eafng chia s\u1ebb, xem x\u00e9t c\u00e1c r\u00e0o c\u1ea3n ng\u00f4n ng\u1eef v\u00e0 v\u0103n h\u00f3a lu\u00f4n hi\u1ec7n di\u1ec7n trong ph\u1ea1m vi to\u00e0n c\u1ea7u c\u1ee7a LPI;<\/li>\n<li>T\u00edch c\u1ef1c t\u00ecm ki\u1ebfm \u0111\u1ec3 ch\u00e0o \u0111\u00f3n nh\u1eefng ng\u01b0\u1eddi m\u1edbi v\u00e0 c\u1ed1 v\u1ea5n, qu\u1ea3ng b\u00e1, khuy\u00ean b\u1ea3o c\u0169ng nh\u01b0 th\u00fac \u0111\u1ea9y nh\u1eefng ng\u01b0\u1eddi c\u00f3 ti\u1ec1m n\u0103ng t\u1ea1o \u1ea3nh h\u01b0\u1edfng trong c\u1ed9ng \u0111\u1ed3ng c\u1ee7a h\u1ecd v\u00e0 m\u1ed9t ph\u1ea7n c\u1ed9ng \u0111\u1ed3ng to\u00e0n c\u1ea7u c\u1ee7a ch\u00fang t\u00f4i.<\/li>\n<\/ol>\n","protected":false},"excerpt":{"rendered":"<p>Phi\u00ean b\u1ea3n 3, ng\u00e0y 10 th\u00e1ng 8 n\u0103m 2018 L\u1eddi m\u1edf \u0111\u1ea7u Linux Professional Institute \u0111\u01b0\u1ee3c th\u00e0nh l\u1eadp v\u1edbi s\u1ee9 m\u1ec7nh th\u00fac \u0111\u1ea9y vi\u1ec7c s\u1eed d\u1ee5ng, ph\u00e1t tri\u1ec3n c\u0169ng nh\u01b0 gi\u1ea3ng d\u1ea1y chuy\u00ean nghi\u1ec7p ph\u1ea7n m\u1ec1m v\u00e0 c\u00f4ng ngh\u1ec7 m\u00e3 &#8230; <a href=\"https:\/\/www.lpi.org\/vi\/quy-tac-dao-duc-va-ung-xu-nghe-nghiep-cua-cong-dong\/\" class=\"button-link\">Read more<\/a><\/p>\n","protected":false},"author":1,"featured_media":0,"parent":0,"menu_order":0,"comment_status":"closed","ping_status":"closed","template":"","meta":{"_acf_changed":false,"footnotes":""},"class_list":["post-17921","page","type-page","status-publish","hentry"],"acf":[],"yoast_head":"<!-- This site is optimized with the Yoast SEO Premium plugin v27.2 (Yoast SEO v27.4) - https:\/\/yoast.com\/product\/yoast-seo-premium-wordpress\/ -->\n<title>Quy t\u1eafc \u0110\u1ea1o \u0111\u1ee9c v\u00e0 \u1ee8ng x\u1eed ngh\u1ec1 nghi\u1ec7p c\u1ee7a c\u1ed9ng \u0111\u1ed3ng - Linux Professional Institute (LPI)<\/title>\n<meta name=\"description\" content=\"C\u00e1c th\u00e0nh vi\u00ean c\u1ee7a Linux Professional Institute (LPI) ph\u1ea3i ch\u1ee9ng minh \u0111\u01b0\u1ee3c n\u0103ng l\u1ef1c k\u1ef9 thu\u1eadt v\u00e0 v\u00e0 tu\u00e2n th\u1ee7 quy t\u1eafc \u1ee9ng x\u1eed. T\u00ecm hi\u1ec3u th\u00eam!\" \/>\n<meta name=\"robots\" content=\"index, follow, max-snippet:-1, max-image-preview:large, max-video-preview:-1\" \/>\n<link rel=\"canonical\" href=\"https:\/\/www.lpi.org\/vi\/quy-tac-dao-duc-va-ung-xu-nghe-nghiep-cua-cong-dong\/\" \/>\n<meta property=\"og:locale\" content=\"vi_VN\" \/>\n<meta property=\"og:type\" content=\"article\" \/>\n<meta property=\"og:title\" content=\"Quy t\u1eafc \u0110\u1ea1o \u0111\u1ee9c v\u00e0 \u1ee8ng x\u1eed ngh\u1ec1 nghi\u1ec7p c\u1ee7a c\u1ed9ng \u0111\u1ed3ng\" \/>\n<meta property=\"og:description\" content=\"C\u00e1c th\u00e0nh vi\u00ean c\u1ee7a Linux Professional Institute (LPI) ph\u1ea3i ch\u1ee9ng minh \u0111\u01b0\u1ee3c n\u0103ng l\u1ef1c k\u1ef9 thu\u1eadt v\u00e0 v\u00e0 tu\u00e2n th\u1ee7 quy t\u1eafc \u1ee9ng x\u1eed. T\u00ecm hi\u1ec3u th\u00eam!\" \/>\n<meta property=\"og:url\" content=\"https:\/\/www.lpi.org\/vi\/quy-tac-dao-duc-va-ung-xu-nghe-nghiep-cua-cong-dong\/\" \/>\n<meta property=\"og:site_name\" content=\"Linux Professional Institute (LPI)\" \/>\n<meta property=\"article:publisher\" content=\"https:\/\/www.facebook.com\/LPIConnect\" \/>\n<meta property=\"article:modified_time\" content=\"2023-09-19T12:48:42+00:00\" \/>\n<meta name=\"twitter:card\" content=\"summary_large_image\" \/>\n<meta name=\"twitter:site\" content=\"@lpiconnect\" \/>\n<meta name=\"twitter:label1\" content=\"Est. reading time\" \/>\n\t<meta name=\"twitter:data1\" content=\"8 minutes\" \/>\n<script type=\"application\/ld+json\" class=\"yoast-schema-graph\">{\"@context\":\"https:\\\/\\\/schema.org\",\"@graph\":[{\"@type\":\"WebPage\",\"@id\":\"https:\\\/\\\/www.lpi.org\\\/vi\\\/quy-tac-dao-duc-va-ung-xu-nghe-nghiep-cua-cong-dong\\\/\",\"url\":\"https:\\\/\\\/www.lpi.org\\\/vi\\\/quy-tac-dao-duc-va-ung-xu-nghe-nghiep-cua-cong-dong\\\/\",\"name\":\"Quy t\u1eafc \u0110\u1ea1o \u0111\u1ee9c v\u00e0 \u1ee8ng x\u1eed ngh\u1ec1 nghi\u1ec7p c\u1ee7a c\u1ed9ng \u0111\u1ed3ng - Linux Professional Institute (LPI)\",\"isPartOf\":{\"@id\":\"https:\\\/\\\/www.lpi.org\\\/vi\\\/#website\"},\"datePublished\":\"2023-04-06T13:24:01+00:00\",\"dateModified\":\"2023-09-19T12:48:42+00:00\",\"description\":\"C\u00e1c th\u00e0nh vi\u00ean c\u1ee7a Linux Professional Institute (LPI) ph\u1ea3i ch\u1ee9ng minh \u0111\u01b0\u1ee3c n\u0103ng l\u1ef1c k\u1ef9 thu\u1eadt v\u00e0 v\u00e0 tu\u00e2n th\u1ee7 quy t\u1eafc \u1ee9ng x\u1eed. T\u00ecm hi\u1ec3u th\u00eam!\",\"breadcrumb\":{\"@id\":\"https:\\\/\\\/www.lpi.org\\\/vi\\\/quy-tac-dao-duc-va-ung-xu-nghe-nghiep-cua-cong-dong\\\/#breadcrumb\"},\"inLanguage\":\"vi-VN\",\"potentialAction\":[{\"@type\":\"ReadAction\",\"target\":[\"https:\\\/\\\/www.lpi.org\\\/vi\\\/quy-tac-dao-duc-va-ung-xu-nghe-nghiep-cua-cong-dong\\\/\"]}]},{\"@type\":\"BreadcrumbList\",\"@id\":\"https:\\\/\\\/www.lpi.org\\\/vi\\\/quy-tac-dao-duc-va-ung-xu-nghe-nghiep-cua-cong-dong\\\/#breadcrumb\",\"itemListElement\":[{\"@type\":\"ListItem\",\"position\":1,\"name\":\"Home\",\"item\":\"https:\\\/\\\/www.lpi.org\\\/vi\\\/\"},{\"@type\":\"ListItem\",\"position\":2,\"name\":\"Quy t\u1eafc \u0110\u1ea1o \u0111\u1ee9c v\u00e0 \u1ee8ng x\u1eed ngh\u1ec1 nghi\u1ec7p c\u1ee7a c\u1ed9ng \u0111\u1ed3ng\"}]},{\"@type\":\"WebSite\",\"@id\":\"https:\\\/\\\/www.lpi.org\\\/vi\\\/#website\",\"url\":\"https:\\\/\\\/www.lpi.org\\\/vi\\\/\",\"name\":\"Linux Professional Institute (LPI)\",\"description\":\"\",\"publisher\":{\"@id\":\"https:\\\/\\\/www.lpi.org\\\/vi\\\/#organization\"},\"potentialAction\":[{\"@type\":\"SearchAction\",\"target\":{\"@type\":\"EntryPoint\",\"urlTemplate\":\"https:\\\/\\\/www.lpi.org\\\/vi\\\/?s={search_term_string}\"},\"query-input\":{\"@type\":\"PropertyValueSpecification\",\"valueRequired\":true,\"valueName\":\"search_term_string\"}}],\"inLanguage\":\"vi-VN\"},{\"@type\":\"Organization\",\"@id\":\"https:\\\/\\\/www.lpi.org\\\/vi\\\/#organization\",\"name\":\"Linux Professional Institute (LPI)\",\"url\":\"https:\\\/\\\/www.lpi.org\\\/vi\\\/\",\"logo\":{\"@type\":\"ImageObject\",\"inLanguage\":\"vi-VN\",\"@id\":\"https:\\\/\\\/www.lpi.org\\\/vi\\\/#\\\/schema\\\/logo\\\/image\\\/\",\"url\":\"https:\\\/\\\/www.lpi.org\\\/wp-content\\\/uploads\\\/2023\\\/04\\\/logo.png\",\"contentUrl\":\"https:\\\/\\\/www.lpi.org\\\/wp-content\\\/uploads\\\/2023\\\/04\\\/logo.png\",\"width\":496,\"height\":175,\"caption\":\"Linux Professional Institute (LPI)\"},\"image\":{\"@id\":\"https:\\\/\\\/www.lpi.org\\\/vi\\\/#\\\/schema\\\/logo\\\/image\\\/\"},\"sameAs\":[\"https:\\\/\\\/www.facebook.com\\\/LPIConnect\",\"https:\\\/\\\/x.com\\\/lpiconnect\",\"https:\\\/\\\/www.linkedin.com\\\/company\\\/35136\",\"https:\\\/\\\/www.instagram.com\\\/lpi_org\\\/\",\"https:\\\/\\\/fosstodon.org\\\/@LPI\"]}]}<\/script>\n<!-- \/ Yoast SEO Premium plugin. -->","yoast_head_json":{"title":"Quy t\u1eafc \u0110\u1ea1o \u0111\u1ee9c v\u00e0 \u1ee8ng x\u1eed ngh\u1ec1 nghi\u1ec7p c\u1ee7a c\u1ed9ng \u0111\u1ed3ng - Linux Professional Institute (LPI)","description":"C\u00e1c th\u00e0nh vi\u00ean c\u1ee7a Linux Professional Institute (LPI) ph\u1ea3i ch\u1ee9ng minh \u0111\u01b0\u1ee3c n\u0103ng l\u1ef1c k\u1ef9 thu\u1eadt v\u00e0 v\u00e0 tu\u00e2n th\u1ee7 quy t\u1eafc \u1ee9ng x\u1eed. T\u00ecm hi\u1ec3u th\u00eam!","robots":{"index":"index","follow":"follow","max-snippet":"max-snippet:-1","max-image-preview":"max-image-preview:large","max-video-preview":"max-video-preview:-1"},"canonical":"https:\/\/www.lpi.org\/vi\/quy-tac-dao-duc-va-ung-xu-nghe-nghiep-cua-cong-dong\/","og_locale":"vi_VN","og_type":"article","og_title":"Quy t\u1eafc \u0110\u1ea1o \u0111\u1ee9c v\u00e0 \u1ee8ng x\u1eed ngh\u1ec1 nghi\u1ec7p c\u1ee7a c\u1ed9ng \u0111\u1ed3ng","og_description":"C\u00e1c th\u00e0nh vi\u00ean c\u1ee7a Linux Professional Institute (LPI) ph\u1ea3i ch\u1ee9ng minh \u0111\u01b0\u1ee3c n\u0103ng l\u1ef1c k\u1ef9 thu\u1eadt v\u00e0 v\u00e0 tu\u00e2n th\u1ee7 quy t\u1eafc \u1ee9ng x\u1eed. T\u00ecm hi\u1ec3u th\u00eam!","og_url":"https:\/\/www.lpi.org\/vi\/quy-tac-dao-duc-va-ung-xu-nghe-nghiep-cua-cong-dong\/","og_site_name":"Linux Professional Institute (LPI)","article_publisher":"https:\/\/www.facebook.com\/LPIConnect","article_modified_time":"2023-09-19T12:48:42+00:00","twitter_card":"summary_large_image","twitter_site":"@lpiconnect","twitter_misc":{"Est. reading time":"8 minutes"},"schema":{"@context":"https:\/\/schema.org","@graph":[{"@type":"WebPage","@id":"https:\/\/www.lpi.org\/vi\/quy-tac-dao-duc-va-ung-xu-nghe-nghiep-cua-cong-dong\/","url":"https:\/\/www.lpi.org\/vi\/quy-tac-dao-duc-va-ung-xu-nghe-nghiep-cua-cong-dong\/","name":"Quy t\u1eafc \u0110\u1ea1o \u0111\u1ee9c v\u00e0 \u1ee8ng x\u1eed ngh\u1ec1 nghi\u1ec7p c\u1ee7a c\u1ed9ng \u0111\u1ed3ng - Linux Professional Institute (LPI)","isPartOf":{"@id":"https:\/\/www.lpi.org\/vi\/#website"},"datePublished":"2023-04-06T13:24:01+00:00","dateModified":"2023-09-19T12:48:42+00:00","description":"C\u00e1c th\u00e0nh vi\u00ean c\u1ee7a Linux Professional Institute (LPI) ph\u1ea3i ch\u1ee9ng minh \u0111\u01b0\u1ee3c n\u0103ng l\u1ef1c k\u1ef9 thu\u1eadt v\u00e0 v\u00e0 tu\u00e2n th\u1ee7 quy t\u1eafc \u1ee9ng x\u1eed. T\u00ecm hi\u1ec3u th\u00eam!","breadcrumb":{"@id":"https:\/\/www.lpi.org\/vi\/quy-tac-dao-duc-va-ung-xu-nghe-nghiep-cua-cong-dong\/#breadcrumb"},"inLanguage":"vi-VN","potentialAction":[{"@type":"ReadAction","target":["https:\/\/www.lpi.org\/vi\/quy-tac-dao-duc-va-ung-xu-nghe-nghiep-cua-cong-dong\/"]}]},{"@type":"BreadcrumbList","@id":"https:\/\/www.lpi.org\/vi\/quy-tac-dao-duc-va-ung-xu-nghe-nghiep-cua-cong-dong\/#breadcrumb","itemListElement":[{"@type":"ListItem","position":1,"name":"Home","item":"https:\/\/www.lpi.org\/vi\/"},{"@type":"ListItem","position":2,"name":"Quy t\u1eafc \u0110\u1ea1o \u0111\u1ee9c v\u00e0 \u1ee8ng x\u1eed ngh\u1ec1 nghi\u1ec7p c\u1ee7a c\u1ed9ng \u0111\u1ed3ng"}]},{"@type":"WebSite","@id":"https:\/\/www.lpi.org\/vi\/#website","url":"https:\/\/www.lpi.org\/vi\/","name":"Linux Professional Institute (LPI)","description":"","publisher":{"@id":"https:\/\/www.lpi.org\/vi\/#organization"},"potentialAction":[{"@type":"SearchAction","target":{"@type":"EntryPoint","urlTemplate":"https:\/\/www.lpi.org\/vi\/?s={search_term_string}"},"query-input":{"@type":"PropertyValueSpecification","valueRequired":true,"valueName":"search_term_string"}}],"inLanguage":"vi-VN"},{"@type":"Organization","@id":"https:\/\/www.lpi.org\/vi\/#organization","name":"Linux Professional Institute (LPI)","url":"https:\/\/www.lpi.org\/vi\/","logo":{"@type":"ImageObject","inLanguage":"vi-VN","@id":"https:\/\/www.lpi.org\/vi\/#\/schema\/logo\/image\/","url":"https:\/\/www.lpi.org\/wp-content\/uploads\/2023\/04\/logo.png","contentUrl":"https:\/\/www.lpi.org\/wp-content\/uploads\/2023\/04\/logo.png","width":496,"height":175,"caption":"Linux Professional Institute (LPI)"},"image":{"@id":"https:\/\/www.lpi.org\/vi\/#\/schema\/logo\/image\/"},"sameAs":["https:\/\/www.facebook.com\/LPIConnect","https:\/\/x.com\/lpiconnect","https:\/\/www.linkedin.com\/company\/35136","https:\/\/www.instagram.com\/lpi_org\/","https:\/\/fosstodon.org\/@LPI"]}]}},"_links":{"self":[{"href":"https:\/\/www.lpi.org\/vi\/wp-json\/wp\/v2\/pages\/17921","targetHints":{"allow":["GET"]}}],"collection":[{"href":"https:\/\/www.lpi.org\/vi\/wp-json\/wp\/v2\/pages"}],"about":[{"href":"https:\/\/www.lpi.org\/vi\/wp-json\/wp\/v2\/types\/page"}],"author":[{"embeddable":true,"href":"https:\/\/www.lpi.org\/vi\/wp-json\/wp\/v2\/users\/1"}],"replies":[{"embeddable":true,"href":"https:\/\/www.lpi.org\/vi\/wp-json\/wp\/v2\/comments?post=17921"}],"version-history":[{"count":28,"href":"https:\/\/www.lpi.org\/vi\/wp-json\/wp\/v2\/pages\/17921\/revisions"}],"predecessor-version":[{"id":18002,"href":"https:\/\/www.lpi.org\/vi\/wp-json\/wp\/v2\/pages\/17921\/revisions\/18002"}],"wp:attachment":[{"href":"https:\/\/www.lpi.org\/vi\/wp-json\/wp\/v2\/media?parent=17921"}],"curies":[{"name":"wp","href":"https:\/\/api.w.org\/{rel}","templated":true}]}}