{"id":17926,"date":"2023-06-19T04:06:59","date_gmt":"2023-06-19T08:06:59","guid":{"rendered":"https:\/\/www.lpi.org\/cac-cuoc-thi-cua-linux-professional-institute\/"},"modified":"2023-10-31T09:15:33","modified_gmt":"2023-10-31T13:15:33","slug":"cac-cuoc-thi-cua-linux-professional-institute","status":"publish","type":"page","link":"https:\/\/www.lpi.org\/vi\/cac-cuoc-thi-cua-linux-professional-institute\/","title":{"rendered":"C\u00e1c cu\u1ed9c thi c\u1ee7a Linux Professional Institute"},"content":{"rendered":"<p>T\u1ea1i \u0111\u00e2y, b\u1ea1n s\u1ebd t\u00ecm th\u1ea5y danh s\u00e1ch c\u00e1c cu\u1ed9c thi hi\u1ec7n t\u1ea1i v\u00e0 tr\u01b0\u1edbc \u0111\u00e2y c\u1ee7a Linux Professional Institute (LPI)<\/p>\n<h1>Ho\u1ea1t \u0111\u1ed9ng<\/h1>\n<ul>\n<li>Kh\u00f4ng c\u00f3 \u1edf th\u1eddi \u0111i\u1ec3m hi\u1ec7n t\u1ea1i<\/li>\n<\/ul>\n<h1>\u0110\u00e3 ho\u00e0n th\u00e0nh<\/h1>\n<ul>\n<li><a href=\"https:\/\/www.lpi.org\/contests\/lpi20\/\">Cu\u1ed9c thi sinh nh\u1eadt l\u1ea7n th\u1ee9 20 c\u1ee7a Linux Professional Institute n\u0103m 2020 <\/a><\/li>\n<li><a href=\"https:\/\/www.lpi.org\/contests\/2019-membership-survey-contest\/\" data-cke-saved-href=\"https:\/\/www.lpi.org\/contests\/2019-02-membership-survey-contest\">Cu\u1ed9c thi Kh\u1ea3o s\u00e1t Th\u00e0nh vi\u00ean n\u0103m 2019<\/a><\/li>\n<li><a href=\"https:\/\/www.lpi.org\/ShapeTheFuture\/\">Cu\u1ed9c thi \u0110\u1ecbnh h\u00ecnh T\u01b0\u01a1ng lai<\/a><\/li>\n<\/ul>\n<h1>Th\u1ec3 l\u1ec7<\/h1>\n<p><a href=\"https:\/\/www.lpi.org\/contests\/rules\" data-cke-saved-href=\"https:\/\/www.lpi.org\/contests\/rules\">\u0110\u00e2y l\u00e0 tr\u1ecdn b\u1ed9 Th\u1ec3 l\u1ec7 cu\u1ed9c thi<\/a> chi ph\u1ed1i t\u1ea5t c\u1ea3 c\u00e1c cu\u1ed9c thi t\u1ea1i LPI<\/p>\n","protected":false},"excerpt":{"rendered":"<p>T\u1ea1i \u0111\u00e2y, b\u1ea1n s\u1ebd t\u00ecm th\u1ea5y danh s\u00e1ch c\u00e1c cu\u1ed9c thi hi\u1ec7n t\u1ea1i v\u00e0 tr\u01b0\u1edbc \u0111\u00e2y c\u1ee7a Linux Professional Institute (LPI) Ho\u1ea1t \u0111\u1ed9ng Kh\u00f4ng c\u00f3 \u1edf th\u1eddi \u0111i\u1ec3m hi\u1ec7n t\u1ea1i \u0110\u00e3 ho\u00e0n th\u00e0nh Cu\u1ed9c thi sinh nh\u1eadt l\u1ea7n th\u1ee9 20 &#8230; <a href=\"https:\/\/www.lpi.org\/vi\/cac-cuoc-thi-cua-linux-professional-institute\/\" class=\"button-link\">Read more<\/a><\/p>\n","protected":false},"author":1,"featured_media":0,"parent":0,"menu_order":0,"comment_status":"closed","ping_status":"closed","template":"","meta":{"_acf_changed":false,"footnotes":""},"class_list":["post-17926","page","type-page","status-publish","hentry"],"acf":[],"yoast_head":"<!-- This site is optimized with the Yoast SEO Premium plugin v27.2 (Yoast SEO v27.3) - https:\/\/yoast.com\/product\/yoast-seo-premium-wordpress\/ -->\n<title>C\u00e1c cu\u1ed9c thi c\u1ee7a Linux Professional Institute - Linux Professional Institute (LPI)<\/title>\n<meta name=\"description\" content=\"T\u1ea1i \u0111\u00e2y, b\u1ea1n s\u1ebd t\u00ecm th\u1ea5y danh s\u00e1ch c\u00e1c cu\u1ed9c thi hi\u1ec7n t\u1ea1i v\u00e0 tr\u01b0\u1edbc \u0111\u00e2y c\u1ee7a Linux Professional Institute (LPI)\" \/>\n<meta name=\"robots\" content=\"index, follow, max-snippet:-1, max-image-preview:large, max-video-preview:-1\" \/>\n<link rel=\"canonical\" href=\"https:\/\/www.lpi.org\/vi\/cac-cuoc-thi-cua-linux-professional-institute\/\" \/>\n<meta property=\"og:locale\" content=\"vi_VN\" \/>\n<meta property=\"og:type\" content=\"article\" \/>\n<meta property=\"og:title\" content=\"C\u00e1c cu\u1ed9c thi c\u1ee7a Linux Professional Institute\" \/>\n<meta property=\"og:description\" content=\"T\u1ea1i \u0111\u00e2y, b\u1ea1n s\u1ebd t\u00ecm th\u1ea5y danh s\u00e1ch c\u00e1c cu\u1ed9c thi hi\u1ec7n t\u1ea1i v\u00e0 tr\u01b0\u1edbc \u0111\u00e2y c\u1ee7a Linux Professional Institute (LPI)\" \/>\n<meta property=\"og:url\" content=\"https:\/\/www.lpi.org\/vi\/cac-cuoc-thi-cua-linux-professional-institute\/\" \/>\n<meta property=\"og:site_name\" content=\"Linux Professional Institute (LPI)\" \/>\n<meta property=\"article:publisher\" content=\"https:\/\/www.facebook.com\/LPIConnect\" \/>\n<meta property=\"article:modified_time\" content=\"2023-10-31T13:15:33+00:00\" \/>\n<meta name=\"twitter:card\" content=\"summary_large_image\" \/>\n<meta name=\"twitter:site\" content=\"@lpiconnect\" \/>\n<meta name=\"twitter:label1\" content=\"Est. reading time\" \/>\n\t<meta name=\"twitter:data1\" content=\"1 minute\" \/>\n<script type=\"application\/ld+json\" class=\"yoast-schema-graph\">{\"@context\":\"https:\\\/\\\/schema.org\",\"@graph\":[{\"@type\":\"WebPage\",\"@id\":\"https:\\\/\\\/www.lpi.org\\\/vi\\\/cac-cuoc-thi-cua-linux-professional-institute\\\/\",\"url\":\"https:\\\/\\\/www.lpi.org\\\/vi\\\/cac-cuoc-thi-cua-linux-professional-institute\\\/\",\"name\":\"C\u00e1c cu\u1ed9c thi c\u1ee7a Linux Professional Institute - Linux Professional Institute (LPI)\",\"isPartOf\":{\"@id\":\"https:\\\/\\\/www.lpi.org\\\/vi\\\/#website\"},\"datePublished\":\"2023-06-19T08:06:59+00:00\",\"dateModified\":\"2023-10-31T13:15:33+00:00\",\"description\":\"T\u1ea1i \u0111\u00e2y, b\u1ea1n s\u1ebd t\u00ecm th\u1ea5y danh s\u00e1ch c\u00e1c cu\u1ed9c thi hi\u1ec7n t\u1ea1i v\u00e0 tr\u01b0\u1edbc \u0111\u00e2y c\u1ee7a Linux Professional Institute (LPI)\",\"breadcrumb\":{\"@id\":\"https:\\\/\\\/www.lpi.org\\\/vi\\\/cac-cuoc-thi-cua-linux-professional-institute\\\/#breadcrumb\"},\"inLanguage\":\"vi-VN\",\"potentialAction\":[{\"@type\":\"ReadAction\",\"target\":[\"https:\\\/\\\/www.lpi.org\\\/vi\\\/cac-cuoc-thi-cua-linux-professional-institute\\\/\"]}]},{\"@type\":\"BreadcrumbList\",\"@id\":\"https:\\\/\\\/www.lpi.org\\\/vi\\\/cac-cuoc-thi-cua-linux-professional-institute\\\/#breadcrumb\",\"itemListElement\":[{\"@type\":\"ListItem\",\"position\":1,\"name\":\"Home\",\"item\":\"https:\\\/\\\/www.lpi.org\\\/vi\\\/\"},{\"@type\":\"ListItem\",\"position\":2,\"name\":\"C\u00e1c cu\u1ed9c thi c\u1ee7a Linux Professional Institute\"}]},{\"@type\":\"WebSite\",\"@id\":\"https:\\\/\\\/www.lpi.org\\\/vi\\\/#website\",\"url\":\"https:\\\/\\\/www.lpi.org\\\/vi\\\/\",\"name\":\"Linux Professional Institute (LPI)\",\"description\":\"\",\"publisher\":{\"@id\":\"https:\\\/\\\/www.lpi.org\\\/vi\\\/#organization\"},\"potentialAction\":[{\"@type\":\"SearchAction\",\"target\":{\"@type\":\"EntryPoint\",\"urlTemplate\":\"https:\\\/\\\/www.lpi.org\\\/vi\\\/?s={search_term_string}\"},\"query-input\":{\"@type\":\"PropertyValueSpecification\",\"valueRequired\":true,\"valueName\":\"search_term_string\"}}],\"inLanguage\":\"vi-VN\"},{\"@type\":\"Organization\",\"@id\":\"https:\\\/\\\/www.lpi.org\\\/vi\\\/#organization\",\"name\":\"Linux Professional Institute (LPI)\",\"url\":\"https:\\\/\\\/www.lpi.org\\\/vi\\\/\",\"logo\":{\"@type\":\"ImageObject\",\"inLanguage\":\"vi-VN\",\"@id\":\"https:\\\/\\\/www.lpi.org\\\/vi\\\/#\\\/schema\\\/logo\\\/image\\\/\",\"url\":\"https:\\\/\\\/www.lpi.org\\\/wp-content\\\/uploads\\\/2023\\\/04\\\/logo.png\",\"contentUrl\":\"https:\\\/\\\/www.lpi.org\\\/wp-content\\\/uploads\\\/2023\\\/04\\\/logo.png\",\"width\":496,\"height\":175,\"caption\":\"Linux Professional Institute (LPI)\"},\"image\":{\"@id\":\"https:\\\/\\\/www.lpi.org\\\/vi\\\/#\\\/schema\\\/logo\\\/image\\\/\"},\"sameAs\":[\"https:\\\/\\\/www.facebook.com\\\/LPIConnect\",\"https:\\\/\\\/x.com\\\/lpiconnect\",\"https:\\\/\\\/www.linkedin.com\\\/company\\\/35136\",\"https:\\\/\\\/www.instagram.com\\\/lpi_org\\\/\",\"https:\\\/\\\/fosstodon.org\\\/@LPI\"]}]}<\/script>\n<!-- \/ Yoast SEO Premium plugin. -->","yoast_head_json":{"title":"C\u00e1c cu\u1ed9c thi c\u1ee7a Linux Professional Institute - Linux Professional Institute (LPI)","description":"T\u1ea1i \u0111\u00e2y, b\u1ea1n s\u1ebd t\u00ecm th\u1ea5y danh s\u00e1ch c\u00e1c cu\u1ed9c thi hi\u1ec7n t\u1ea1i v\u00e0 tr\u01b0\u1edbc \u0111\u00e2y c\u1ee7a Linux Professional Institute (LPI)","robots":{"index":"index","follow":"follow","max-snippet":"max-snippet:-1","max-image-preview":"max-image-preview:large","max-video-preview":"max-video-preview:-1"},"canonical":"https:\/\/www.lpi.org\/vi\/cac-cuoc-thi-cua-linux-professional-institute\/","og_locale":"vi_VN","og_type":"article","og_title":"C\u00e1c cu\u1ed9c thi c\u1ee7a Linux Professional Institute","og_description":"T\u1ea1i \u0111\u00e2y, b\u1ea1n s\u1ebd t\u00ecm th\u1ea5y danh s\u00e1ch c\u00e1c cu\u1ed9c thi hi\u1ec7n t\u1ea1i v\u00e0 tr\u01b0\u1edbc \u0111\u00e2y c\u1ee7a Linux Professional Institute (LPI)","og_url":"https:\/\/www.lpi.org\/vi\/cac-cuoc-thi-cua-linux-professional-institute\/","og_site_name":"Linux Professional Institute (LPI)","article_publisher":"https:\/\/www.facebook.com\/LPIConnect","article_modified_time":"2023-10-31T13:15:33+00:00","twitter_card":"summary_large_image","twitter_site":"@lpiconnect","twitter_misc":{"Est. reading time":"1 minute"},"schema":{"@context":"https:\/\/schema.org","@graph":[{"@type":"WebPage","@id":"https:\/\/www.lpi.org\/vi\/cac-cuoc-thi-cua-linux-professional-institute\/","url":"https:\/\/www.lpi.org\/vi\/cac-cuoc-thi-cua-linux-professional-institute\/","name":"C\u00e1c cu\u1ed9c thi c\u1ee7a Linux Professional Institute - Linux Professional Institute (LPI)","isPartOf":{"@id":"https:\/\/www.lpi.org\/vi\/#website"},"datePublished":"2023-06-19T08:06:59+00:00","dateModified":"2023-10-31T13:15:33+00:00","description":"T\u1ea1i \u0111\u00e2y, b\u1ea1n s\u1ebd t\u00ecm th\u1ea5y danh s\u00e1ch c\u00e1c cu\u1ed9c thi hi\u1ec7n t\u1ea1i v\u00e0 tr\u01b0\u1edbc \u0111\u00e2y c\u1ee7a Linux Professional Institute (LPI)","breadcrumb":{"@id":"https:\/\/www.lpi.org\/vi\/cac-cuoc-thi-cua-linux-professional-institute\/#breadcrumb"},"inLanguage":"vi-VN","potentialAction":[{"@type":"ReadAction","target":["https:\/\/www.lpi.org\/vi\/cac-cuoc-thi-cua-linux-professional-institute\/"]}]},{"@type":"BreadcrumbList","@id":"https:\/\/www.lpi.org\/vi\/cac-cuoc-thi-cua-linux-professional-institute\/#breadcrumb","itemListElement":[{"@type":"ListItem","position":1,"name":"Home","item":"https:\/\/www.lpi.org\/vi\/"},{"@type":"ListItem","position":2,"name":"C\u00e1c cu\u1ed9c thi c\u1ee7a Linux Professional Institute"}]},{"@type":"WebSite","@id":"https:\/\/www.lpi.org\/vi\/#website","url":"https:\/\/www.lpi.org\/vi\/","name":"Linux Professional Institute (LPI)","description":"","publisher":{"@id":"https:\/\/www.lpi.org\/vi\/#organization"},"potentialAction":[{"@type":"SearchAction","target":{"@type":"EntryPoint","urlTemplate":"https:\/\/www.lpi.org\/vi\/?s={search_term_string}"},"query-input":{"@type":"PropertyValueSpecification","valueRequired":true,"valueName":"search_term_string"}}],"inLanguage":"vi-VN"},{"@type":"Organization","@id":"https:\/\/www.lpi.org\/vi\/#organization","name":"Linux Professional Institute (LPI)","url":"https:\/\/www.lpi.org\/vi\/","logo":{"@type":"ImageObject","inLanguage":"vi-VN","@id":"https:\/\/www.lpi.org\/vi\/#\/schema\/logo\/image\/","url":"https:\/\/www.lpi.org\/wp-content\/uploads\/2023\/04\/logo.png","contentUrl":"https:\/\/www.lpi.org\/wp-content\/uploads\/2023\/04\/logo.png","width":496,"height":175,"caption":"Linux Professional Institute (LPI)"},"image":{"@id":"https:\/\/www.lpi.org\/vi\/#\/schema\/logo\/image\/"},"sameAs":["https:\/\/www.facebook.com\/LPIConnect","https:\/\/x.com\/lpiconnect","https:\/\/www.linkedin.com\/company\/35136","https:\/\/www.instagram.com\/lpi_org\/","https:\/\/fosstodon.org\/@LPI"]}]}},"_links":{"self":[{"href":"https:\/\/www.lpi.org\/vi\/wp-json\/wp\/v2\/pages\/17926","targetHints":{"allow":["GET"]}}],"collection":[{"href":"https:\/\/www.lpi.org\/vi\/wp-json\/wp\/v2\/pages"}],"about":[{"href":"https:\/\/www.lpi.org\/vi\/wp-json\/wp\/v2\/types\/page"}],"author":[{"embeddable":true,"href":"https:\/\/www.lpi.org\/vi\/wp-json\/wp\/v2\/users\/1"}],"replies":[{"embeddable":true,"href":"https:\/\/www.lpi.org\/vi\/wp-json\/wp\/v2\/comments?post=17926"}],"version-history":[{"count":2,"href":"https:\/\/www.lpi.org\/vi\/wp-json\/wp\/v2\/pages\/17926\/revisions"}],"predecessor-version":[{"id":17931,"href":"https:\/\/www.lpi.org\/vi\/wp-json\/wp\/v2\/pages\/17926\/revisions\/17931"}],"wp:attachment":[{"href":"https:\/\/www.lpi.org\/vi\/wp-json\/wp\/v2\/media?parent=17926"}],"curies":[{"name":"wp","href":"https:\/\/api.w.org\/{rel}","templated":true}]}}