{"id":17929,"date":"2023-04-21T09:10:22","date_gmt":"2023-04-21T13:10:22","guid":{"rendered":"https:\/\/www.lpi.org\/tai-nguyen-doi-tac\/"},"modified":"2023-11-21T06:41:21","modified_gmt":"2023-11-21T11:41:21","slug":"tai-nguyen-doi-tac","status":"publish","type":"page","link":"https:\/\/www.lpi.org\/vi\/tai-nguyen-doi-tac\/","title":{"rendered":"T\u00e0i nguy\u00ean \u0110\u1ed1i t\u00e1c"},"content":{"rendered":"<h2>Ch\u00e0o m\u1eebng \u0111\u1ebfn v\u1edbi Trang T\u00e0i nguy\u00ean \u0110\u1ed1i t\u00e1c c\u1ee7a Linux Professional Institute<\/h2>\n<p>\u0110\u00e2y l\u00e0 n\u01a1i \u0111\u1ec3 c\u00e1c \u0110\u1ed1i t\u00e1c LPI t\u00ecm c\u00e1c li\u00ean k\u1ebft \u0111\u1ebfn c\u00e1c t\u00e0i li\u1ec7u c\u1ea7n thi\u1ebft cho vi\u1ec7c x\u00e2y d\u1ef1ng th\u01b0\u01a1ng hi\u1ec7u, ti\u1ebfp th\u1ecb, chu\u1ea9n b\u1ecb k\u1ef3 thi, qu\u1ea3n l\u00fd s\u1ef1 ki\u1ec7n v\u00e0 qu\u1ea3n tr\u1ecb. N\u1ebfu kh\u00f4ng c\u00f3 nh\u1eefng th\u1ee9 m\u00e0 b\u1ea1n \u0111ang t\u00ecm ki\u1ebfm, vui l\u00f2ng cho ch\u00fang t\u00f4i bi\u1ebft t\u1ea1i <a href=\"mailto:marketing@lpi.org\">marketing@lpi.org<\/a>.<\/p>\n<p><strong>Linux Professional Institute<\/strong><\/p>\n<p>LPI l\u00e0m vi\u1ec7c v\u1edbi c\u00e1c t\u1ed5 ch\u1ee9c tr\u00ean kh\u1eafp th\u1ebf gi\u1edbi \u0111\u1ec3 \u0111\u1ea3m b\u1ea3o s\u1ef1 ph\u00e1t tri\u1ec3n v\u00e0 th\u00f4ng qua c\u1ee7a Linux, m\u00e3 ngu\u1ed3n m\u1edf v\u00e0 Ph\u1ea7n m\u1ec1m T\u1ef1 do. Vi\u1ec7c n\u00e0y g\u1ed3m chi\u1ebfn l\u01b0\u1ee3c h\u1ed7 tr\u1ee3 v\u00e0 h\u1ee3p t\u00e1c v\u1edbi c\u00e1c t\u1ed5 ch\u1ee9c hi\u1ec7n c\u00f3 \u0111ang c\u00f3 c\u00f9ng m\u1ed1i quan t\u00e2m.<\/p>\n<p>l\u00e0 v\u1ec1 l\u00fd t\u01b0\u1edfng c\u1ee7a c\u00e1c c\u01a1 h\u1ed9i ph\u00e1t tri\u1ec3n kinh t\u1ebf v\u00e0 s\u00e1ng t\u1ea1o cho t\u1ea5t c\u1ea3 m\u1ecdi ng\u01b0\u1eddi th\u00f4ng qua vi\u1ec7c x\u00e1c nh\u1eadn vi\u1ec7c \u00e1p d\u1ee5ng m\u00e3 ngu\u1ed3n m\u1edf, x\u00e1c minh c\u00e1c ki\u1ebfn th\u1ee9c v\u00e0 k\u1ef9 n\u0103ng. V\u00e0, ch\u00fang t\u00f4i r\u1ea5t vui \u0111\u01b0\u1ee3c cung c\u1ea5p cho b\u1ea1n m\u1ed9t s\u1ed1 t\u00e0i nguy\u00ean gi\u00fap b\u1ea1n th\u1ef1c hi\u1ec7n \u0111i\u1ec1u \u0111\u00f3.<\/p>\n<p><strong>Li\u00ean k\u1ebft<\/strong><\/p>\n<p><u><em>LOGOS<\/em><\/u><\/p>\n<ul>\n<li><a href=\"https:\/\/www.lpi.org\/logos\">C\u00e1c logo LPI<\/a><\/li>\n<\/ul>\n<p><em><u>T\u00c0I LI\u1ec6U TI\u1ebeP TH\u1eca<\/u><\/em><\/p>\n<ul>\n<li><a href=\"https:\/\/nc.lpi.org\/nextcloud\/index.php\/s\/Nkp85F8eAQPiXLM\">Th\u1ebb Gi\u00e1 \u0111\u1ee1<\/a><\/li>\n<li><a href=\"https:\/\/nc.lpi.org\/nextcloud\/index.php\/s\/2QZjNZGpgGqwnbA\" target=\"_blank\" rel=\"noopener\">Brochure Ch\u1ee9ng ch\u1ec9<\/a><\/li>\n<li><a href=\"https:\/\/www.lpi.org\/sites\/default\/files\/partner-downloads\/Blog%20Questionnaire%20for%20Partners.pdf\">B\u1ea3ng c\u00e2u h\u1ecfi Blog<\/a><\/li>\n<li><a href=\"https:\/\/www.lpi.org\/sites\/default\/files\/partner-downloads\/LPI%20Brand%20Guidelines.zip\">H\u01b0\u1edbng d\u1eabn s\u1eed d\u1ee5ng Th\u01b0\u01a1ng hi\u1ec7u LPI<\/a><\/li>\n<\/ul>\n<p><em><u>C\u00c1C K\u1ef2 THI<\/u><\/em><\/p>\n<ul>\n<li><a href=\"https:\/\/www.lpi.org\/sites\/default\/files\/partner-downloads\/Certification%20Path.zip\">L\u1ed9 tr\u00ecnh Ch\u1ee9ng ch\u1ec9<\/a><\/li>\n<li><a href=\"http:\/\/www.lpi.org\/otct-voucher\/\">Phi\u1ebfu thi cho Nh\u00e0 \u0111\u00e0o t\u1ea1o<\/a><\/li>\n<li><a href=\"https:\/\/www.lpi.org\/order-voucher\">Bi\u1ec3u m\u1eabu Mua Phi\u1ebfu thi<\/a><\/li>\n<li><a href=\"http:\/\/www.lpi.org\/sites\/default\/files\/partner-downloads\/Proctor_NDA_Agreement.pdf\">Bi\u1ec3u m\u1eabu NDA (Th\u1ecfa thu\u1eadn b\u1ea3o m\u1eadt th\u00f4ng tin) c\u1ee7a Gi\u00e1m th\u1ecb<\/a><\/li>\n<\/ul>\n<p><em><u>C\u00c1C M\u1eaaU<\/u><\/em><\/p>\n<ul>\n<li><a href=\"https:\/\/www.lpi.org\/sites\/default\/files\/partner-downloads\/LPI%20Branded%20Presentation%20Template.zip\">M\u1eabu Thuy\u1ebft tr\u00ecnh mang Nh\u00e3n hi\u1ec7u LPI<\/a><\/li>\n<li><a href=\"https:\/\/www.lpi.org\/sites\/default\/files\/partner-downloads\/Marketing%20Funds%20Request%20Form.zip\">Bi\u1ec3u m\u1eabu Y\u00eau c\u1ea7u T\u00e0i tr\u1ee3 Ti\u1ebfp th\u1ecb<\/a><\/li>\n<li><a href=\"https:\/\/goo.gl\/forms\/lHLnwvaeo2QgWP6M2\">\u0110\u00e1nh gi\u00e1 Sau S\u1ef1 ki\u1ec7n<\/a><\/li>\n<\/ul>\n<p><em><u>QU\u1ea2N TR\u1eca<\/u><\/em><\/p>\n<ul>\n<li><a href=\"https:\/\/www.lpi.org\/sites\/default\/files\/LPI_Social-Media-Guide.pdf\" target=\"_blank\" rel=\"noopener\">H\u01b0\u1edbng d\u1eabn s\u1eed d\u1ee5ng M\u1ea1ng X\u00e3 h\u1ed9i<\/a><\/li>\n<li><a href=\"https:\/\/www.lpi.org\/sites\/default\/files\/partner-downloads\/Photo%20consent%20form.zip\">Bi\u1ec3u m\u1eabu Th\u1ecfa thu\u1eadn H\u00ecnh \u1ea3nh<\/a><\/li>\n<\/ul>\n<p>Ch\u00fang t\u00f4i \u0111\u1ec1 ngh\u1ecb c\u00e1c logo c\u1ee7a Linux Professional Institute \u0111\u01b0\u1ee3c s\u1eed d\u1ee5ng nh\u01b0 sau:<br \/>\nLogo LPI v\u00e0 d\u00f2ng ch\u1eef \u201cLinux Professional Institute\u201d l\u00e0 th\u01b0\u01a1ng hi\u1ec7u c\u1ee7a C\u00f4ng ty Linux Professional Institute.<\/p>\n<ul>\n<li>\u0110\u1ec3 s\u1eed d\u1ee5ng b\u1ea5t k\u1ef3 logo LPI n\u00e0o li\u00ean quan \u0111\u1ebfn m\u1ee5c \u0111\u00edch th\u01b0\u01a1ng m\u1ea1i, vui l\u00f2ng li\u00ean h\u1ec7 v\u1edbi LPI Marketing \u0111\u1ec3 \u0111\u01b0\u1ee3c cho ph\u00e9p<\/li>\n<li>Vi\u1ec7c s\u1eed d\u1ee5ng logo ch\u1ee9ng ch\u1ec9 ho\u1eb7c ch\u1ee9ng nh\u1eadn LPI b\u1edfi ng\u01b0\u1eddi kh\u00f4ng c\u00f3 th\u1ea9m quy\u1ec1n, th\u00ec ch\u1ee9ng ch\u1ec9 s\u1ebd b\u1ecb c\u1ea5m s\u1eed d\u1ee5ng.<\/li>\n<li>Vui l\u00f2ng g\u1eedi t\u1ea5t c\u1ea3 c\u00e1c y\u00eau c\u1ea7u v\u1ec1 logo v\u00e0 t\u1ec7p \u0111\u1ebfn LPI Marketing <a href=\"mailto:marketing@lpi.org\">marketing@lpi.org<\/a><\/li>\n<\/ul>\n","protected":false},"excerpt":{"rendered":"<p>Ch\u00e0o m\u1eebng \u0111\u1ebfn v\u1edbi Trang T\u00e0i nguy\u00ean \u0110\u1ed1i t\u00e1c c\u1ee7a Linux Professional Institute \u0110\u00e2y l\u00e0 n\u01a1i \u0111\u1ec3 c\u00e1c \u0110\u1ed1i t\u00e1c LPI t\u00ecm c\u00e1c li\u00ean k\u1ebft \u0111\u1ebfn c\u00e1c t\u00e0i li\u1ec7u c\u1ea7n thi\u1ebft cho vi\u1ec7c x\u00e2y d\u1ef1ng th\u01b0\u01a1ng hi\u1ec7u, ti\u1ebfp th\u1ecb, chu\u1ea9n &#8230; <a href=\"https:\/\/www.lpi.org\/vi\/tai-nguyen-doi-tac\/\" class=\"button-link\">Read more<\/a><\/p>\n","protected":false},"author":1,"featured_media":0,"parent":0,"menu_order":0,"comment_status":"closed","ping_status":"closed","template":"","meta":{"_acf_changed":false,"footnotes":""},"class_list":["post-17929","page","type-page","status-publish","hentry"],"acf":[],"yoast_head":"<!-- This site is optimized with the Yoast SEO Premium plugin v27.2 (Yoast SEO v27.4) - https:\/\/yoast.com\/product\/yoast-seo-premium-wordpress\/ -->\n<title>T\u00e0i nguy\u00ean \u0110\u1ed1i t\u00e1c - Linux Professional Institute (LPI)<\/title>\n<meta name=\"robots\" content=\"index, follow, max-snippet:-1, max-image-preview:large, max-video-preview:-1\" \/>\n<link rel=\"canonical\" href=\"https:\/\/www.lpi.org\/vi\/tai-nguyen-doi-tac\/\" \/>\n<meta property=\"og:locale\" content=\"vi_VN\" \/>\n<meta property=\"og:type\" content=\"article\" \/>\n<meta property=\"og:title\" content=\"T\u00e0i nguy\u00ean \u0110\u1ed1i t\u00e1c\" \/>\n<meta property=\"og:description\" content=\"Ch\u00e0o m\u1eebng \u0111\u1ebfn v\u1edbi Trang T\u00e0i nguy\u00ean \u0110\u1ed1i t\u00e1c c\u1ee7a Linux Professional Institute \u0110\u00e2y l\u00e0 n\u01a1i \u0111\u1ec3 c\u00e1c \u0110\u1ed1i t\u00e1c LPI t\u00ecm c\u00e1c li\u00ean k\u1ebft \u0111\u1ebfn c\u00e1c t\u00e0i li\u1ec7u c\u1ea7n thi\u1ebft cho vi\u1ec7c x\u00e2y d\u1ef1ng th\u01b0\u01a1ng hi\u1ec7u, ti\u1ebfp th\u1ecb, chu\u1ea9n ... Read more\" \/>\n<meta property=\"og:url\" content=\"https:\/\/www.lpi.org\/vi\/tai-nguyen-doi-tac\/\" \/>\n<meta property=\"og:site_name\" content=\"Linux Professional Institute (LPI)\" \/>\n<meta property=\"article:publisher\" content=\"https:\/\/www.facebook.com\/LPIConnect\" \/>\n<meta property=\"article:modified_time\" content=\"2023-11-21T11:41:21+00:00\" \/>\n<meta name=\"twitter:card\" content=\"summary_large_image\" \/>\n<meta name=\"twitter:site\" content=\"@lpiconnect\" \/>\n<meta name=\"twitter:label1\" content=\"Est. reading time\" \/>\n\t<meta name=\"twitter:data1\" content=\"3 minutes\" \/>\n<script type=\"application\/ld+json\" class=\"yoast-schema-graph\">{\"@context\":\"https:\\\/\\\/schema.org\",\"@graph\":[{\"@type\":\"WebPage\",\"@id\":\"https:\\\/\\\/www.lpi.org\\\/vi\\\/tai-nguyen-doi-tac\\\/\",\"url\":\"https:\\\/\\\/www.lpi.org\\\/vi\\\/tai-nguyen-doi-tac\\\/\",\"name\":\"T\u00e0i nguy\u00ean \u0110\u1ed1i t\u00e1c - Linux Professional Institute (LPI)\",\"isPartOf\":{\"@id\":\"https:\\\/\\\/www.lpi.org\\\/vi\\\/#website\"},\"datePublished\":\"2023-04-21T13:10:22+00:00\",\"dateModified\":\"2023-11-21T11:41:21+00:00\",\"breadcrumb\":{\"@id\":\"https:\\\/\\\/www.lpi.org\\\/vi\\\/tai-nguyen-doi-tac\\\/#breadcrumb\"},\"inLanguage\":\"vi-VN\",\"potentialAction\":[{\"@type\":\"ReadAction\",\"target\":[\"https:\\\/\\\/www.lpi.org\\\/vi\\\/tai-nguyen-doi-tac\\\/\"]}]},{\"@type\":\"BreadcrumbList\",\"@id\":\"https:\\\/\\\/www.lpi.org\\\/vi\\\/tai-nguyen-doi-tac\\\/#breadcrumb\",\"itemListElement\":[{\"@type\":\"ListItem\",\"position\":1,\"name\":\"Home\",\"item\":\"https:\\\/\\\/www.lpi.org\\\/vi\\\/\"},{\"@type\":\"ListItem\",\"position\":2,\"name\":\"T\u00e0i nguy\u00ean \u0110\u1ed1i t\u00e1c\"}]},{\"@type\":\"WebSite\",\"@id\":\"https:\\\/\\\/www.lpi.org\\\/vi\\\/#website\",\"url\":\"https:\\\/\\\/www.lpi.org\\\/vi\\\/\",\"name\":\"Linux Professional Institute (LPI)\",\"description\":\"\",\"publisher\":{\"@id\":\"https:\\\/\\\/www.lpi.org\\\/vi\\\/#organization\"},\"potentialAction\":[{\"@type\":\"SearchAction\",\"target\":{\"@type\":\"EntryPoint\",\"urlTemplate\":\"https:\\\/\\\/www.lpi.org\\\/vi\\\/?s={search_term_string}\"},\"query-input\":{\"@type\":\"PropertyValueSpecification\",\"valueRequired\":true,\"valueName\":\"search_term_string\"}}],\"inLanguage\":\"vi-VN\"},{\"@type\":\"Organization\",\"@id\":\"https:\\\/\\\/www.lpi.org\\\/vi\\\/#organization\",\"name\":\"Linux Professional Institute (LPI)\",\"url\":\"https:\\\/\\\/www.lpi.org\\\/vi\\\/\",\"logo\":{\"@type\":\"ImageObject\",\"inLanguage\":\"vi-VN\",\"@id\":\"https:\\\/\\\/www.lpi.org\\\/vi\\\/#\\\/schema\\\/logo\\\/image\\\/\",\"url\":\"https:\\\/\\\/www.lpi.org\\\/wp-content\\\/uploads\\\/2023\\\/04\\\/logo.png\",\"contentUrl\":\"https:\\\/\\\/www.lpi.org\\\/wp-content\\\/uploads\\\/2023\\\/04\\\/logo.png\",\"width\":496,\"height\":175,\"caption\":\"Linux Professional Institute (LPI)\"},\"image\":{\"@id\":\"https:\\\/\\\/www.lpi.org\\\/vi\\\/#\\\/schema\\\/logo\\\/image\\\/\"},\"sameAs\":[\"https:\\\/\\\/www.facebook.com\\\/LPIConnect\",\"https:\\\/\\\/x.com\\\/lpiconnect\",\"https:\\\/\\\/www.linkedin.com\\\/company\\\/35136\",\"https:\\\/\\\/www.instagram.com\\\/lpi_org\\\/\",\"https:\\\/\\\/fosstodon.org\\\/@LPI\"]}]}<\/script>\n<!-- \/ Yoast SEO Premium plugin. -->","yoast_head_json":{"title":"T\u00e0i nguy\u00ean \u0110\u1ed1i t\u00e1c - Linux Professional Institute (LPI)","robots":{"index":"index","follow":"follow","max-snippet":"max-snippet:-1","max-image-preview":"max-image-preview:large","max-video-preview":"max-video-preview:-1"},"canonical":"https:\/\/www.lpi.org\/vi\/tai-nguyen-doi-tac\/","og_locale":"vi_VN","og_type":"article","og_title":"T\u00e0i nguy\u00ean \u0110\u1ed1i t\u00e1c","og_description":"Ch\u00e0o m\u1eebng \u0111\u1ebfn v\u1edbi Trang T\u00e0i nguy\u00ean \u0110\u1ed1i t\u00e1c c\u1ee7a Linux Professional Institute \u0110\u00e2y l\u00e0 n\u01a1i \u0111\u1ec3 c\u00e1c \u0110\u1ed1i t\u00e1c LPI t\u00ecm c\u00e1c li\u00ean k\u1ebft \u0111\u1ebfn c\u00e1c t\u00e0i li\u1ec7u c\u1ea7n thi\u1ebft cho vi\u1ec7c x\u00e2y d\u1ef1ng th\u01b0\u01a1ng hi\u1ec7u, ti\u1ebfp th\u1ecb, chu\u1ea9n ... Read more","og_url":"https:\/\/www.lpi.org\/vi\/tai-nguyen-doi-tac\/","og_site_name":"Linux Professional Institute (LPI)","article_publisher":"https:\/\/www.facebook.com\/LPIConnect","article_modified_time":"2023-11-21T11:41:21+00:00","twitter_card":"summary_large_image","twitter_site":"@lpiconnect","twitter_misc":{"Est. reading time":"3 minutes"},"schema":{"@context":"https:\/\/schema.org","@graph":[{"@type":"WebPage","@id":"https:\/\/www.lpi.org\/vi\/tai-nguyen-doi-tac\/","url":"https:\/\/www.lpi.org\/vi\/tai-nguyen-doi-tac\/","name":"T\u00e0i nguy\u00ean \u0110\u1ed1i t\u00e1c - Linux Professional Institute (LPI)","isPartOf":{"@id":"https:\/\/www.lpi.org\/vi\/#website"},"datePublished":"2023-04-21T13:10:22+00:00","dateModified":"2023-11-21T11:41:21+00:00","breadcrumb":{"@id":"https:\/\/www.lpi.org\/vi\/tai-nguyen-doi-tac\/#breadcrumb"},"inLanguage":"vi-VN","potentialAction":[{"@type":"ReadAction","target":["https:\/\/www.lpi.org\/vi\/tai-nguyen-doi-tac\/"]}]},{"@type":"BreadcrumbList","@id":"https:\/\/www.lpi.org\/vi\/tai-nguyen-doi-tac\/#breadcrumb","itemListElement":[{"@type":"ListItem","position":1,"name":"Home","item":"https:\/\/www.lpi.org\/vi\/"},{"@type":"ListItem","position":2,"name":"T\u00e0i nguy\u00ean \u0110\u1ed1i t\u00e1c"}]},{"@type":"WebSite","@id":"https:\/\/www.lpi.org\/vi\/#website","url":"https:\/\/www.lpi.org\/vi\/","name":"Linux Professional Institute (LPI)","description":"","publisher":{"@id":"https:\/\/www.lpi.org\/vi\/#organization"},"potentialAction":[{"@type":"SearchAction","target":{"@type":"EntryPoint","urlTemplate":"https:\/\/www.lpi.org\/vi\/?s={search_term_string}"},"query-input":{"@type":"PropertyValueSpecification","valueRequired":true,"valueName":"search_term_string"}}],"inLanguage":"vi-VN"},{"@type":"Organization","@id":"https:\/\/www.lpi.org\/vi\/#organization","name":"Linux Professional Institute (LPI)","url":"https:\/\/www.lpi.org\/vi\/","logo":{"@type":"ImageObject","inLanguage":"vi-VN","@id":"https:\/\/www.lpi.org\/vi\/#\/schema\/logo\/image\/","url":"https:\/\/www.lpi.org\/wp-content\/uploads\/2023\/04\/logo.png","contentUrl":"https:\/\/www.lpi.org\/wp-content\/uploads\/2023\/04\/logo.png","width":496,"height":175,"caption":"Linux Professional Institute (LPI)"},"image":{"@id":"https:\/\/www.lpi.org\/vi\/#\/schema\/logo\/image\/"},"sameAs":["https:\/\/www.facebook.com\/LPIConnect","https:\/\/x.com\/lpiconnect","https:\/\/www.linkedin.com\/company\/35136","https:\/\/www.instagram.com\/lpi_org\/","https:\/\/fosstodon.org\/@LPI"]}]}},"_links":{"self":[{"href":"https:\/\/www.lpi.org\/vi\/wp-json\/wp\/v2\/pages\/17929","targetHints":{"allow":["GET"]}}],"collection":[{"href":"https:\/\/www.lpi.org\/vi\/wp-json\/wp\/v2\/pages"}],"about":[{"href":"https:\/\/www.lpi.org\/vi\/wp-json\/wp\/v2\/types\/page"}],"author":[{"embeddable":true,"href":"https:\/\/www.lpi.org\/vi\/wp-json\/wp\/v2\/users\/1"}],"replies":[{"embeddable":true,"href":"https:\/\/www.lpi.org\/vi\/wp-json\/wp\/v2\/comments?post=17929"}],"version-history":[{"count":3,"href":"https:\/\/www.lpi.org\/vi\/wp-json\/wp\/v2\/pages\/17929\/revisions"}],"predecessor-version":[{"id":19751,"href":"https:\/\/www.lpi.org\/vi\/wp-json\/wp\/v2\/pages\/17929\/revisions\/19751"}],"wp:attachment":[{"href":"https:\/\/www.lpi.org\/vi\/wp-json\/wp\/v2\/media?parent=17929"}],"curies":[{"name":"wp","href":"https:\/\/api.w.org\/{rel}","templated":true}]}}