{"id":17933,"date":"2023-06-19T04:07:14","date_gmt":"2023-06-19T08:07:14","guid":{"rendered":"https:\/\/www.lpi.org\/cac-cuoc-thi-cua-linux-professional-institute\/cuoc-thi-khao-sat-thanh-vien-nam-2019\/"},"modified":"2023-10-21T00:31:05","modified_gmt":"2023-10-21T04:31:05","slug":"cuoc-thi-khao-sat-thanh-vien-nam-2019","status":"publish","type":"page","link":"https:\/\/www.lpi.org\/vi\/cac-cuoc-thi-cua-linux-professional-institute\/cuoc-thi-khao-sat-thanh-vien-nam-2019\/","title":{"rendered":"Cu\u1ed9c thi Kh\u1ea3o s\u00e1t Th\u00e0nh vi\u00ean n\u0103m 2019"},"content":{"rendered":"<p><img fetchpriority=\"high\" decoding=\"async\" class=\"alignright size-full wp-image-12416 img-fluid\" src=\"https:\/\/www.lpi.org\/wp-content\/uploads\/2023\/06\/robot-penguin.jpg\" alt=\"\" width=\"400\" height=\"400\" \/><\/p>\n<h2 class=\"h1\"><strong>Ch\u00fac m\u1eebng nh\u1eefng ng\u01b0\u1eddi chi\u1ebfn th\u1eafng cu\u1ed9c thi!<\/strong><\/h2>\n<p>C\u1ea3m \u01a1n s\u1ef1 tham gia c\u1ee7a h\u01a1n 7,500 ng\u01b0\u1eddi trong Cu\u1ed9c thi Kh\u1ea3o s\u00e1t Th\u00e0nh vi\u00ean. Ph\u1ea3n h\u1ed3i c\u1ee7a c\u00e1c b\u1ea1n \u0111\u00f3ng vai tr\u00f2 quan tr\u1ecdng trong s\u1ef1 ph\u00e1t tri\u1ec3n ch\u01b0\u01a1ng tr\u00ecnh th\u00e0nh vi\u00ean c\u1ee7a ch\u00fang t\u00f4i.<\/p>\n<p>Nh\u01b0 \u0111\u00e3 h\u1ee9a, ch\u00fang t\u00f4i \u0111\u00e3 ti\u1ebfn h\u00e0nh quay s\u1ed1 tr\u00fang th\u01b0\u1edfng ng\u1eabu nhi\u00ean t\u1eeb c\u00e1c b\u00e0i d\u1ef1 thi v\u00e0o th\u00e1ng Ba. D\u01b0\u1edbi \u0111\u00e2y l\u00e0 danh s\u00e1ch nh\u1eefng ng\u01b0\u1eddi th\u1eafng cu\u1ed9c \u0111\u1ed3ng \u00fd cho ch\u00fang t\u00f4i c\u00f4ng b\u1ed1 t\u00ean:<\/p>\n<ul>\n<li><strong>Lin Crampton<\/strong>, Los Alamitos, Hoa K\u1ef3<\/li>\n<li><strong>Joeri Jungschlager<\/strong>, Rotterdam, H\u00e0 Lan<\/li>\n<li><strong>Fernando Barcina Perez<\/strong>, Logrono, T\u00e2y Ban Nha<\/li>\n<li><strong>Om Maui Pokharel<\/strong>, Edmonton, Canada<\/li>\n<li><strong>Josh Siddoway<\/strong>, Saratoga Springs, Hoa K\u1ef3<\/li>\n<li><strong>Willy Weinmann<\/strong>, Oberstadion, \u0110\u1ee9c<\/li>\n<\/ul>\n<p>&nbsp;<\/p>\n<p>Nh\u1eefng c\u00e1i t\u00ean kh\u00e1c \u0111\u01b0\u1ee3c quay tr\u00fang l\u1ea7n l\u01b0\u1ee3t \u0111\u1ebfn t\u1eeb \u00dd, Mali, v\u00e0 Hoa K\u1ef3<\/p>\n<p>Ch\u00fang t\u00f4i hy v\u1ecdng nh\u1eefng ng\u01b0\u1eddi chi\u1ebfn th\u1eafng s\u1ebd y\u00eau th\u00edch nh\u1eefng con robot m\u1edbi c\u1ee7a m\u00ecnh!<\/p>\n<p>&nbsp;<\/p>\n<p><strong>Ch\u00fang t\u00f4i th\u00e2n m\u1eddi c\u1ed9ng \u0111\u1ed3ng ti\u1ebfp t\u1ee5c tham gia v\u00e0o cu\u1ed9c kh\u1ea3o s\u00e1t, tuy nhi\u00ean nh\u1eefng b\u00e0i d\u1ef1 thi m\u1edbi s\u1ebd kh\u00f4ng \u0111\u1ee7 \u0111i\u1ec1u ki\u1ec7n \u0111\u1ec3 tham gia cu\u1ed9c thi n\u00e0y.<\/strong><\/p>\n<p>&nbsp;<\/p>\n<p>Ch\u00fang t\u00f4i mu\u1ed1n bi\u1ebft nhi\u1ec1u h\u01a1n v\u1ec1 c\u1ed9ng \u0111\u1ed3ng, v\u00e0 c\u0169ng mong mu\u1ed1n c\u00e1c b\u1ea1n s\u1ebd bi\u1ebft nhi\u1ec1u h\u01a1n v\u1ec1 ch\u00fang t\u00f4i. V\u00ec v\u1eady ch\u00fang t\u00f4i \u0111\u00e3 t\u1ea1o ra cu\u1ed9c kh\u1ea3o s\u00e1t ng\u1eafn g\u1ed3m 9 c\u00e2u h\u1ecfi v\u1ec1 ch\u01b0\u01a1ng tr\u00ecnh Th\u00e0nh vi\u00ean s\u1eafp t\u1edbi:<\/p>\n<ul>\n<li>B\u1ea1n mong mu\u1ed1n c\u00e1c l\u1ee3i \u00edch th\u00e0nh vi\u00ean n\u00e0o nh\u1ea5t?<\/li>\n<li>B\u1ea1n mu\u1ed1n n\u00f3i g\u00ec v\u00e0 n\u00f3i nh\u01b0 th\u1ebf n\u00e0o v\u1edbi ch\u00fang t\u00f4i?<\/li>\n<li>T\u01b0 c\u00e1ch th\u00e0nh vi\u00ean c\u1ee7a LPI c\u00f3 th\u1ec3 l\u00e0m g\u00ec cho b\u1ea1n?<\/li>\n<\/ul>\n<p>\u0110\u1ec3 khuy\u1ebfn kh\u00edch vi\u1ec7c tham gia kh\u1ea3o s\u00e1t, ch\u00fang t\u00f4i \u0111\u00e3 t\u1ed5 ch\u1ee9c m\u1ed9t cu\u1ed9c thi v\u00e0 trao 10 g\u00f3i gi\u1ea3i th\u01b0\u1edfng, m\u1ed7i gi\u1ea3i ch\u1ee9a m\u1ed9t b\u1ed9 c\u00f4ng c\u1ee5 x\u00e2y d\u1ef1ng chim c\u00e1nh c\u1ee5t robot m\u00e3 ngu\u1ed3n m\u1edf. Nh\u1eefng con robot c\u00f3 th\u1ec3 l\u1eadp tr\u00ecnh \u0111\u01b0\u1ee3c (s\u1eed d\u1ee5ng Arduino Nano v\u00e0 m\u1ed9t \u1ee9ng d\u1ee5ng c\u00f3 s\u1eb5n), to\u00e0n b\u1ed9 l\u00e0 m\u00e3 ngu\u1ed3n m\u1edf (c\u1ea3 ph\u1ea7n c\u1ee9ng v\u00e0 ph\u1ea7n m\u1ec1m), ch\u1ea1y b\u1eb1ng pin. 10 ng\u01b0\u1eddi tham d\u1ef1 kh\u1ea3o s\u00e1t tr\u01b0\u1edbc ng\u00e0y 15\/03\/2019 s\u1ebd chi\u1ebfn th\u1eafng !<\/p>\n<p>&nbsp;<\/p>\n<h2 style=\"text-align: center\"><strong>Gi\u1ea3i th\u01b0\u1edfng<\/strong><\/h2>\n<p>&nbsp;<\/p>\n<p>LPI d\u00e0nh t\u1eb7ng 10 g\u00f3i gi\u1ea3i th\u01b0\u1edfng, m\u1ed7i gi\u1ea3i bao g\u1ed3m:<\/p>\n<ul>\n<li>B\u1ed9 robot chim c\u00e1nh c\u1ee5t Adeept<\/li>\n<li>B\u1ed9 2 pin 18650 v\u00e0 s\u1ea1c (n\u1ebfu \u0111\u01b0\u1ee3c cho ph\u00e9p theo quy \u0111\u1ecbnh c\u1ee7a c\u1ee5c b\u01b0u ch\u00ednh, xem b\u00ean d\u01b0\u1edbi)<\/li>\n<li>T\u00fai gi\u00e1 \u0111\u1ee1 d\u00e2y c\u00e1p<\/li>\n<li>Chim c\u00e1nh c\u1ee5t LPI v\u00e0 nh\u00e3n d\u00e1n<\/li>\n<\/ul>\n<p>(<em>L\u01b0u \u00fd v\u1ec1 pin:<\/em> M\u1ed9t v\u00e0i qu\u1ed1c gia kh\u00f4ng cho ph\u00e9p v\u1eadn chuy\u1ec3n pin Lithium qua d\u1ecbch v\u1ee5 b\u01b0u ch\u00ednh. Ng\u01b0\u1eddi chi\u1ebfn th\u1eafng s\u1ed1ng t\u1ea1i c\u00e1c qu\u1ed1c gia ch\u00fang t\u00f4i kh\u00f4ng th\u1ec3 g\u1eedi pin \u0111\u1ebfn s\u1ebd nh\u1eadn \u0111\u01b0\u1ee3c m\u1ed9t b\u1ed9 s\u1ea1c m\u00e0 kh\u00f4ng c\u00f3 pin k\u00e8m theo, v\u00e0 kh\u00f4ng c\u00f3 s\u1ef1 thay th\u1ebf n\u00e0o)<\/p>\n<p>&nbsp;<\/p>\n<h2 style=\"text-align: center\"><strong>L\u1ef1a ch\u1ecdn ng\u01b0\u1eddi chi\u1ebfn th\u1eafng<\/strong><\/h2>\n<p>Cu\u1ed9c thi s\u1ebd k\u1ebft th\u00fac v\u00e0o l\u00fac\u00a0<strong>23:59 UTC Ng\u00e0y 15\/03\/2019<\/strong>; sau \u0111\u00f3, 10 \u0111\u1ecba ch\u1ec9 email s\u1ebd \u0111\u01b0\u1ee3c quay s\u1ed1 ng\u1eabu nhi\u00ean t\u1eeb k\u1ebft qu\u1ea3 kh\u1ea3o s\u00e1t thu \u0111\u01b0\u1ee3c.<\/p>\n<p>Kh\u1ea3o s\u00e1t th\u00e0nh vi\u00ean s\u1ebd ti\u1ebfp t\u1ee5c ch\u1ea1y sau ng\u00e0y 15\/03\/2019, tuy nhi\u00ean c\u00e1c kh\u1ea3o s\u00e1t ho\u00e0n th\u00e0nh s\u1ebd kh\u00f4ng c\u00f2n \u0111\u1ee7 \u0111i\u1ec1u ki\u1ec7n \u0111\u1ec3 tham d\u1ef1 cu\u1ed9c thi n\u00e0y.<\/p>\n<p>&nbsp;<\/p>\n<h2 style=\"text-align: center\"><strong>C\u00e1c th\u1ec3 l\u1ec7 cu\u1ed9c thi kh\u00e1c<\/strong><\/h2>\n<p>C\u01b0 d\u00e2n c\u1ee7a c\u00e1c qu\u1ed1c gia, ti\u1ec3u bang v\u00e0 t\u1ec9nh th\u00e0nh xem nh\u1eefng cu\u1ed9c thi nh\u01b0 th\u1ebf n\u00e0y l\u00e0 ph\u1ea1m ph\u00e1p ho\u1eb7c y\u00eau c\u1ea7u \u0111\u0103ng k\u00fd \u0111\u1ecba ph\u01b0\u01a1ng s\u1ebd kh\u00f4ng \u0111\u1ee7 \u0111i\u1ec1u ki\u1ec7n chi\u1ebfn th\u1eafng.<\/p>\n<p>Tr\u1ecdn b\u1ed9 \u0111\u1ea7y \u0111\u1ee7 th\u1ec3 l\u1ec7 v\u00e0 quy \u0111\u1ecbnh qu\u1ea3n l\u00fd c\u00e1c cu\u1ed9c thi LPI c\u00f3 th\u1ec3 \u0111\u01b0\u1ee3c t\u00ecm th\u1ea5y t\u1ea1i <a href=\"https:\/\/www.lpi.org\/contests\/rules\">trang web Th\u1ec3 l\u1ec7 Cu\u1ed9c thi.<\/a><\/p>\n","protected":false},"excerpt":{"rendered":"<p>Ch\u00fac m\u1eebng nh\u1eefng ng\u01b0\u1eddi chi\u1ebfn th\u1eafng cu\u1ed9c thi! C\u1ea3m \u01a1n s\u1ef1 tham gia c\u1ee7a h\u01a1n 7,500 ng\u01b0\u1eddi trong Cu\u1ed9c thi Kh\u1ea3o s\u00e1t Th\u00e0nh vi\u00ean. Ph\u1ea3n h\u1ed3i c\u1ee7a c\u00e1c b\u1ea1n \u0111\u00f3ng vai tr\u00f2 quan tr\u1ecdng trong s\u1ef1 ph\u00e1t tri\u1ec3n ch\u01b0\u01a1ng tr\u00ecnh &#8230; <a href=\"https:\/\/www.lpi.org\/vi\/cac-cuoc-thi-cua-linux-professional-institute\/cuoc-thi-khao-sat-thanh-vien-nam-2019\/\" class=\"button-link\">Read more<\/a><\/p>\n","protected":false},"author":1,"featured_media":0,"parent":17926,"menu_order":0,"comment_status":"closed","ping_status":"closed","template":"","meta":{"_acf_changed":false,"footnotes":""},"class_list":["post-17933","page","type-page","status-publish","hentry"],"acf":[],"yoast_head":"<!-- This site is optimized with the Yoast SEO Premium plugin v27.2 (Yoast SEO v27.3) - https:\/\/yoast.com\/product\/yoast-seo-premium-wordpress\/ -->\n<title>Cu\u1ed9c thi Kh\u1ea3o s\u00e1t Th\u00e0nh vi\u00ean n\u0103m 2019 - Linux Professional Institute (LPI)<\/title>\n<meta name=\"description\" content=\"Xin ch\u00fac m\u1eebng nh\u1eefng ng\u01b0\u1eddi chi\u1ebfn th\u1eafng cu\u1ed9c thi Kh\u1ea3o s\u00e1t Th\u00e0nh vi\u00ean n\u0103m 2019!\" \/>\n<meta name=\"robots\" content=\"index, follow, max-snippet:-1, max-image-preview:large, max-video-preview:-1\" \/>\n<link rel=\"canonical\" href=\"https:\/\/www.lpi.org\/vi\/cac-cuoc-thi-cua-linux-professional-institute\/cuoc-thi-khao-sat-thanh-vien-nam-2019\/\" \/>\n<meta property=\"og:locale\" content=\"vi_VN\" \/>\n<meta property=\"og:type\" content=\"article\" \/>\n<meta property=\"og:title\" content=\"Cu\u1ed9c thi Kh\u1ea3o s\u00e1t Th\u00e0nh vi\u00ean n\u0103m 2019\" \/>\n<meta property=\"og:description\" content=\"Xin ch\u00fac m\u1eebng nh\u1eefng ng\u01b0\u1eddi chi\u1ebfn th\u1eafng cu\u1ed9c thi Kh\u1ea3o s\u00e1t Th\u00e0nh vi\u00ean n\u0103m 2019!\" \/>\n<meta property=\"og:url\" content=\"https:\/\/www.lpi.org\/vi\/cac-cuoc-thi-cua-linux-professional-institute\/cuoc-thi-khao-sat-thanh-vien-nam-2019\/\" \/>\n<meta property=\"og:site_name\" content=\"Linux Professional Institute (LPI)\" \/>\n<meta property=\"article:publisher\" content=\"https:\/\/www.facebook.com\/LPIConnect\" \/>\n<meta property=\"article:modified_time\" content=\"2023-10-21T04:31:05+00:00\" \/>\n<meta property=\"og:image\" content=\"https:\/\/www.lpi.org\/wp-content\/uploads\/2023\/06\/robot-penguin.jpg\" \/>\n<meta name=\"twitter:card\" content=\"summary_large_image\" \/>\n<meta name=\"twitter:site\" content=\"@lpiconnect\" \/>\n<meta name=\"twitter:label1\" content=\"Est. reading time\" \/>\n\t<meta name=\"twitter:data1\" content=\"4 minutes\" \/>\n<script type=\"application\/ld+json\" class=\"yoast-schema-graph\">{\"@context\":\"https:\\\/\\\/schema.org\",\"@graph\":[{\"@type\":\"WebPage\",\"@id\":\"https:\\\/\\\/www.lpi.org\\\/vi\\\/cac-cuoc-thi-cua-linux-professional-institute\\\/cuoc-thi-khao-sat-thanh-vien-nam-2019\\\/\",\"url\":\"https:\\\/\\\/www.lpi.org\\\/vi\\\/cac-cuoc-thi-cua-linux-professional-institute\\\/cuoc-thi-khao-sat-thanh-vien-nam-2019\\\/\",\"name\":\"Cu\u1ed9c thi Kh\u1ea3o s\u00e1t Th\u00e0nh vi\u00ean n\u0103m 2019 - Linux Professional Institute (LPI)\",\"isPartOf\":{\"@id\":\"https:\\\/\\\/www.lpi.org\\\/vi\\\/#website\"},\"primaryImageOfPage\":{\"@id\":\"https:\\\/\\\/www.lpi.org\\\/vi\\\/cac-cuoc-thi-cua-linux-professional-institute\\\/cuoc-thi-khao-sat-thanh-vien-nam-2019\\\/#primaryimage\"},\"image\":{\"@id\":\"https:\\\/\\\/www.lpi.org\\\/vi\\\/cac-cuoc-thi-cua-linux-professional-institute\\\/cuoc-thi-khao-sat-thanh-vien-nam-2019\\\/#primaryimage\"},\"thumbnailUrl\":\"https:\\\/\\\/www.lpi.org\\\/wp-content\\\/uploads\\\/2023\\\/06\\\/robot-penguin.jpg\",\"datePublished\":\"2023-06-19T08:07:14+00:00\",\"dateModified\":\"2023-10-21T04:31:05+00:00\",\"description\":\"Xin ch\u00fac m\u1eebng nh\u1eefng ng\u01b0\u1eddi chi\u1ebfn th\u1eafng cu\u1ed9c thi Kh\u1ea3o s\u00e1t Th\u00e0nh vi\u00ean n\u0103m 2019!\",\"breadcrumb\":{\"@id\":\"https:\\\/\\\/www.lpi.org\\\/vi\\\/cac-cuoc-thi-cua-linux-professional-institute\\\/cuoc-thi-khao-sat-thanh-vien-nam-2019\\\/#breadcrumb\"},\"inLanguage\":\"vi-VN\",\"potentialAction\":[{\"@type\":\"ReadAction\",\"target\":[\"https:\\\/\\\/www.lpi.org\\\/vi\\\/cac-cuoc-thi-cua-linux-professional-institute\\\/cuoc-thi-khao-sat-thanh-vien-nam-2019\\\/\"]}]},{\"@type\":\"ImageObject\",\"inLanguage\":\"vi-VN\",\"@id\":\"https:\\\/\\\/www.lpi.org\\\/vi\\\/cac-cuoc-thi-cua-linux-professional-institute\\\/cuoc-thi-khao-sat-thanh-vien-nam-2019\\\/#primaryimage\",\"url\":\"https:\\\/\\\/www.lpi.org\\\/wp-content\\\/uploads\\\/2023\\\/06\\\/robot-penguin.jpg\",\"contentUrl\":\"https:\\\/\\\/www.lpi.org\\\/wp-content\\\/uploads\\\/2023\\\/06\\\/robot-penguin.jpg\"},{\"@type\":\"BreadcrumbList\",\"@id\":\"https:\\\/\\\/www.lpi.org\\\/vi\\\/cac-cuoc-thi-cua-linux-professional-institute\\\/cuoc-thi-khao-sat-thanh-vien-nam-2019\\\/#breadcrumb\",\"itemListElement\":[{\"@type\":\"ListItem\",\"position\":1,\"name\":\"Home\",\"item\":\"https:\\\/\\\/www.lpi.org\\\/vi\\\/\"},{\"@type\":\"ListItem\",\"position\":2,\"name\":\"C\u00e1c cu\u1ed9c thi c\u1ee7a Linux Professional Institute\",\"item\":\"https:\\\/\\\/www.lpi.org\\\/vi\\\/cac-cuoc-thi-cua-linux-professional-institute\\\/\"},{\"@type\":\"ListItem\",\"position\":3,\"name\":\"Cu\u1ed9c thi Kh\u1ea3o s\u00e1t Th\u00e0nh vi\u00ean n\u0103m 2019\"}]},{\"@type\":\"WebSite\",\"@id\":\"https:\\\/\\\/www.lpi.org\\\/vi\\\/#website\",\"url\":\"https:\\\/\\\/www.lpi.org\\\/vi\\\/\",\"name\":\"Linux Professional Institute (LPI)\",\"description\":\"\",\"publisher\":{\"@id\":\"https:\\\/\\\/www.lpi.org\\\/vi\\\/#organization\"},\"potentialAction\":[{\"@type\":\"SearchAction\",\"target\":{\"@type\":\"EntryPoint\",\"urlTemplate\":\"https:\\\/\\\/www.lpi.org\\\/vi\\\/?s={search_term_string}\"},\"query-input\":{\"@type\":\"PropertyValueSpecification\",\"valueRequired\":true,\"valueName\":\"search_term_string\"}}],\"inLanguage\":\"vi-VN\"},{\"@type\":\"Organization\",\"@id\":\"https:\\\/\\\/www.lpi.org\\\/vi\\\/#organization\",\"name\":\"Linux Professional Institute (LPI)\",\"url\":\"https:\\\/\\\/www.lpi.org\\\/vi\\\/\",\"logo\":{\"@type\":\"ImageObject\",\"inLanguage\":\"vi-VN\",\"@id\":\"https:\\\/\\\/www.lpi.org\\\/vi\\\/#\\\/schema\\\/logo\\\/image\\\/\",\"url\":\"https:\\\/\\\/www.lpi.org\\\/wp-content\\\/uploads\\\/2023\\\/04\\\/logo.png\",\"contentUrl\":\"https:\\\/\\\/www.lpi.org\\\/wp-content\\\/uploads\\\/2023\\\/04\\\/logo.png\",\"width\":496,\"height\":175,\"caption\":\"Linux Professional Institute (LPI)\"},\"image\":{\"@id\":\"https:\\\/\\\/www.lpi.org\\\/vi\\\/#\\\/schema\\\/logo\\\/image\\\/\"},\"sameAs\":[\"https:\\\/\\\/www.facebook.com\\\/LPIConnect\",\"https:\\\/\\\/x.com\\\/lpiconnect\",\"https:\\\/\\\/www.linkedin.com\\\/company\\\/35136\",\"https:\\\/\\\/www.instagram.com\\\/lpi_org\\\/\",\"https:\\\/\\\/fosstodon.org\\\/@LPI\"]}]}<\/script>\n<!-- \/ Yoast SEO Premium plugin. -->","yoast_head_json":{"title":"Cu\u1ed9c thi Kh\u1ea3o s\u00e1t Th\u00e0nh vi\u00ean n\u0103m 2019 - Linux Professional Institute (LPI)","description":"Xin ch\u00fac m\u1eebng nh\u1eefng ng\u01b0\u1eddi chi\u1ebfn th\u1eafng cu\u1ed9c thi Kh\u1ea3o s\u00e1t Th\u00e0nh vi\u00ean n\u0103m 2019!","robots":{"index":"index","follow":"follow","max-snippet":"max-snippet:-1","max-image-preview":"max-image-preview:large","max-video-preview":"max-video-preview:-1"},"canonical":"https:\/\/www.lpi.org\/vi\/cac-cuoc-thi-cua-linux-professional-institute\/cuoc-thi-khao-sat-thanh-vien-nam-2019\/","og_locale":"vi_VN","og_type":"article","og_title":"Cu\u1ed9c thi Kh\u1ea3o s\u00e1t Th\u00e0nh vi\u00ean n\u0103m 2019","og_description":"Xin ch\u00fac m\u1eebng nh\u1eefng ng\u01b0\u1eddi chi\u1ebfn th\u1eafng cu\u1ed9c thi Kh\u1ea3o s\u00e1t Th\u00e0nh vi\u00ean n\u0103m 2019!","og_url":"https:\/\/www.lpi.org\/vi\/cac-cuoc-thi-cua-linux-professional-institute\/cuoc-thi-khao-sat-thanh-vien-nam-2019\/","og_site_name":"Linux Professional Institute (LPI)","article_publisher":"https:\/\/www.facebook.com\/LPIConnect","article_modified_time":"2023-10-21T04:31:05+00:00","og_image":[{"url":"https:\/\/www.lpi.org\/wp-content\/uploads\/2023\/06\/robot-penguin.jpg","type":"","width":"","height":""}],"twitter_card":"summary_large_image","twitter_site":"@lpiconnect","twitter_misc":{"Est. reading time":"4 minutes"},"schema":{"@context":"https:\/\/schema.org","@graph":[{"@type":"WebPage","@id":"https:\/\/www.lpi.org\/vi\/cac-cuoc-thi-cua-linux-professional-institute\/cuoc-thi-khao-sat-thanh-vien-nam-2019\/","url":"https:\/\/www.lpi.org\/vi\/cac-cuoc-thi-cua-linux-professional-institute\/cuoc-thi-khao-sat-thanh-vien-nam-2019\/","name":"Cu\u1ed9c thi Kh\u1ea3o s\u00e1t Th\u00e0nh vi\u00ean n\u0103m 2019 - Linux Professional Institute (LPI)","isPartOf":{"@id":"https:\/\/www.lpi.org\/vi\/#website"},"primaryImageOfPage":{"@id":"https:\/\/www.lpi.org\/vi\/cac-cuoc-thi-cua-linux-professional-institute\/cuoc-thi-khao-sat-thanh-vien-nam-2019\/#primaryimage"},"image":{"@id":"https:\/\/www.lpi.org\/vi\/cac-cuoc-thi-cua-linux-professional-institute\/cuoc-thi-khao-sat-thanh-vien-nam-2019\/#primaryimage"},"thumbnailUrl":"https:\/\/www.lpi.org\/wp-content\/uploads\/2023\/06\/robot-penguin.jpg","datePublished":"2023-06-19T08:07:14+00:00","dateModified":"2023-10-21T04:31:05+00:00","description":"Xin ch\u00fac m\u1eebng nh\u1eefng ng\u01b0\u1eddi chi\u1ebfn th\u1eafng cu\u1ed9c thi Kh\u1ea3o s\u00e1t Th\u00e0nh vi\u00ean n\u0103m 2019!","breadcrumb":{"@id":"https:\/\/www.lpi.org\/vi\/cac-cuoc-thi-cua-linux-professional-institute\/cuoc-thi-khao-sat-thanh-vien-nam-2019\/#breadcrumb"},"inLanguage":"vi-VN","potentialAction":[{"@type":"ReadAction","target":["https:\/\/www.lpi.org\/vi\/cac-cuoc-thi-cua-linux-professional-institute\/cuoc-thi-khao-sat-thanh-vien-nam-2019\/"]}]},{"@type":"ImageObject","inLanguage":"vi-VN","@id":"https:\/\/www.lpi.org\/vi\/cac-cuoc-thi-cua-linux-professional-institute\/cuoc-thi-khao-sat-thanh-vien-nam-2019\/#primaryimage","url":"https:\/\/www.lpi.org\/wp-content\/uploads\/2023\/06\/robot-penguin.jpg","contentUrl":"https:\/\/www.lpi.org\/wp-content\/uploads\/2023\/06\/robot-penguin.jpg"},{"@type":"BreadcrumbList","@id":"https:\/\/www.lpi.org\/vi\/cac-cuoc-thi-cua-linux-professional-institute\/cuoc-thi-khao-sat-thanh-vien-nam-2019\/#breadcrumb","itemListElement":[{"@type":"ListItem","position":1,"name":"Home","item":"https:\/\/www.lpi.org\/vi\/"},{"@type":"ListItem","position":2,"name":"C\u00e1c cu\u1ed9c thi c\u1ee7a Linux Professional Institute","item":"https:\/\/www.lpi.org\/vi\/cac-cuoc-thi-cua-linux-professional-institute\/"},{"@type":"ListItem","position":3,"name":"Cu\u1ed9c thi Kh\u1ea3o s\u00e1t Th\u00e0nh vi\u00ean n\u0103m 2019"}]},{"@type":"WebSite","@id":"https:\/\/www.lpi.org\/vi\/#website","url":"https:\/\/www.lpi.org\/vi\/","name":"Linux Professional Institute (LPI)","description":"","publisher":{"@id":"https:\/\/www.lpi.org\/vi\/#organization"},"potentialAction":[{"@type":"SearchAction","target":{"@type":"EntryPoint","urlTemplate":"https:\/\/www.lpi.org\/vi\/?s={search_term_string}"},"query-input":{"@type":"PropertyValueSpecification","valueRequired":true,"valueName":"search_term_string"}}],"inLanguage":"vi-VN"},{"@type":"Organization","@id":"https:\/\/www.lpi.org\/vi\/#organization","name":"Linux Professional Institute (LPI)","url":"https:\/\/www.lpi.org\/vi\/","logo":{"@type":"ImageObject","inLanguage":"vi-VN","@id":"https:\/\/www.lpi.org\/vi\/#\/schema\/logo\/image\/","url":"https:\/\/www.lpi.org\/wp-content\/uploads\/2023\/04\/logo.png","contentUrl":"https:\/\/www.lpi.org\/wp-content\/uploads\/2023\/04\/logo.png","width":496,"height":175,"caption":"Linux Professional Institute (LPI)"},"image":{"@id":"https:\/\/www.lpi.org\/vi\/#\/schema\/logo\/image\/"},"sameAs":["https:\/\/www.facebook.com\/LPIConnect","https:\/\/x.com\/lpiconnect","https:\/\/www.linkedin.com\/company\/35136","https:\/\/www.instagram.com\/lpi_org\/","https:\/\/fosstodon.org\/@LPI"]}]}},"_links":{"self":[{"href":"https:\/\/www.lpi.org\/vi\/wp-json\/wp\/v2\/pages\/17933","targetHints":{"allow":["GET"]}}],"collection":[{"href":"https:\/\/www.lpi.org\/vi\/wp-json\/wp\/v2\/pages"}],"about":[{"href":"https:\/\/www.lpi.org\/vi\/wp-json\/wp\/v2\/types\/page"}],"author":[{"embeddable":true,"href":"https:\/\/www.lpi.org\/vi\/wp-json\/wp\/v2\/users\/1"}],"replies":[{"embeddable":true,"href":"https:\/\/www.lpi.org\/vi\/wp-json\/wp\/v2\/comments?post=17933"}],"version-history":[{"count":6,"href":"https:\/\/www.lpi.org\/vi\/wp-json\/wp\/v2\/pages\/17933\/revisions"}],"predecessor-version":[{"id":17942,"href":"https:\/\/www.lpi.org\/vi\/wp-json\/wp\/v2\/pages\/17933\/revisions\/17942"}],"up":[{"embeddable":true,"href":"https:\/\/www.lpi.org\/vi\/wp-json\/wp\/v2\/pages\/17926"}],"wp:attachment":[{"href":"https:\/\/www.lpi.org\/vi\/wp-json\/wp\/v2\/media?parent=17933"}],"curies":[{"name":"wp","href":"https:\/\/api.w.org\/{rel}","templated":true}]}}