{"id":17977,"date":"2023-06-19T08:13:59","date_gmt":"2023-06-19T12:13:59","guid":{"rendered":"https:\/\/www.lpi.org\/nhiem-vu-va-vai-tro-cua-chu-tich-va-thanh-vien\/"},"modified":"2023-11-17T20:50:19","modified_gmt":"2023-11-18T01:50:19","slug":"nhiem-vu-va-vai-tro-cua-chu-tich-va-thanh-vien","status":"publish","type":"page","link":"https:\/\/www.lpi.org\/vi\/nhiem-vu-va-vai-tro-cua-chu-tich-va-thanh-vien\/","title":{"rendered":"Nhi\u1ec7m v\u1ee5 v\u00e0 Vai tr\u00f2 c\u1ee7a Ch\u1ee7 t\u1ecbch v\u00e0 Th\u00e0nh vi\u00ean"},"content":{"rendered":"","protected":false},"excerpt":{"rendered":"","protected":false},"author":1,"featured_media":0,"parent":0,"menu_order":0,"comment_status":"closed","ping_status":"closed","template":"template-sections.php","meta":{"_acf_changed":false,"footnotes":""},"class_list":["post-17977","page","type-page","status-publish","hentry"],"acf":[],"yoast_head":"<!-- This site is optimized with the Yoast SEO Premium plugin v27.2 (Yoast SEO v27.4) - https:\/\/yoast.com\/product\/yoast-seo-premium-wordpress\/ -->\n<title>Nhi\u1ec7m v\u1ee5 v\u00e0 Vai tr\u00f2 c\u1ee7a Ch\u1ee7 t\u1ecbch v\u00e0 Th\u00e0nh vi\u00ean - Linux Professional Institute (LPI)<\/title>\n<meta name=\"description\" content=\"Ch\u1ee7 t\u1ecbch \u0111\u00f3ng vai tr\u00f2 quan tr\u1ecdng trong b\u1ea5t k\u00ec \u1ee7y ban qu\u1ea3n l\u00fd t\u00ecnh nguy\u1ec7n n\u00e0o t\u1ea1i LPI. Vai tr\u00f2 c\u1ee7a ch\u1ee7 t\u1ecbch v\u00e0 c\u00e1c th\u00e0nh vi\u00ean \u0111\u01b0\u1ee3c x\u00e1c \u0111\u1ecbnh m\u1ed9t c\u00e1ch ch\u1eb7t ch\u1ebd.\" \/>\n<meta name=\"robots\" content=\"index, follow, max-snippet:-1, max-image-preview:large, max-video-preview:-1\" \/>\n<link rel=\"canonical\" href=\"https:\/\/www.lpi.org\/vi\/nhiem-vu-va-vai-tro-cua-chu-tich-va-thanh-vien\/\" \/>\n<meta property=\"og:locale\" content=\"vi_VN\" \/>\n<meta property=\"og:type\" content=\"article\" \/>\n<meta property=\"og:title\" content=\"Nhi\u1ec7m v\u1ee5 v\u00e0 Vai tr\u00f2 c\u1ee7a Ch\u1ee7 t\u1ecbch v\u00e0 Th\u00e0nh vi\u00ean\" \/>\n<meta property=\"og:description\" content=\"Ch\u1ee7 t\u1ecbch \u0111\u00f3ng vai tr\u00f2 quan tr\u1ecdng trong b\u1ea5t k\u00ec \u1ee7y ban qu\u1ea3n l\u00fd t\u00ecnh nguy\u1ec7n n\u00e0o t\u1ea1i LPI. Vai tr\u00f2 c\u1ee7a ch\u1ee7 t\u1ecbch v\u00e0 c\u00e1c th\u00e0nh vi\u00ean \u0111\u01b0\u1ee3c x\u00e1c \u0111\u1ecbnh m\u1ed9t c\u00e1ch ch\u1eb7t ch\u1ebd.\" \/>\n<meta property=\"og:url\" content=\"https:\/\/www.lpi.org\/vi\/nhiem-vu-va-vai-tro-cua-chu-tich-va-thanh-vien\/\" \/>\n<meta property=\"og:site_name\" content=\"Linux Professional Institute (LPI)\" \/>\n<meta property=\"article:publisher\" content=\"https:\/\/www.facebook.com\/LPIConnect\" \/>\n<meta property=\"article:modified_time\" content=\"2023-11-18T01:50:19+00:00\" \/>\n<meta name=\"twitter:card\" content=\"summary_large_image\" \/>\n<meta name=\"twitter:site\" content=\"@lpiconnect\" \/>\n<script type=\"application\/ld+json\" class=\"yoast-schema-graph\">{\"@context\":\"https:\\\/\\\/schema.org\",\"@graph\":[{\"@type\":\"WebPage\",\"@id\":\"https:\\\/\\\/www.lpi.org\\\/vi\\\/nhiem-vu-va-vai-tro-cua-chu-tich-va-thanh-vien\\\/\",\"url\":\"https:\\\/\\\/www.lpi.org\\\/vi\\\/nhiem-vu-va-vai-tro-cua-chu-tich-va-thanh-vien\\\/\",\"name\":\"Nhi\u1ec7m v\u1ee5 v\u00e0 Vai tr\u00f2 c\u1ee7a Ch\u1ee7 t\u1ecbch v\u00e0 Th\u00e0nh vi\u00ean - Linux Professional Institute (LPI)\",\"isPartOf\":{\"@id\":\"https:\\\/\\\/www.lpi.org\\\/vi\\\/#website\"},\"datePublished\":\"2023-06-19T12:13:59+00:00\",\"dateModified\":\"2023-11-18T01:50:19+00:00\",\"description\":\"Ch\u1ee7 t\u1ecbch \u0111\u00f3ng vai tr\u00f2 quan tr\u1ecdng trong b\u1ea5t k\u00ec \u1ee7y ban qu\u1ea3n l\u00fd t\u00ecnh nguy\u1ec7n n\u00e0o t\u1ea1i LPI. Vai tr\u00f2 c\u1ee7a ch\u1ee7 t\u1ecbch v\u00e0 c\u00e1c th\u00e0nh vi\u00ean \u0111\u01b0\u1ee3c x\u00e1c \u0111\u1ecbnh m\u1ed9t c\u00e1ch ch\u1eb7t ch\u1ebd.\",\"breadcrumb\":{\"@id\":\"https:\\\/\\\/www.lpi.org\\\/vi\\\/nhiem-vu-va-vai-tro-cua-chu-tich-va-thanh-vien\\\/#breadcrumb\"},\"inLanguage\":\"vi-VN\",\"potentialAction\":[{\"@type\":\"ReadAction\",\"target\":[\"https:\\\/\\\/www.lpi.org\\\/vi\\\/nhiem-vu-va-vai-tro-cua-chu-tich-va-thanh-vien\\\/\"]}]},{\"@type\":\"BreadcrumbList\",\"@id\":\"https:\\\/\\\/www.lpi.org\\\/vi\\\/nhiem-vu-va-vai-tro-cua-chu-tich-va-thanh-vien\\\/#breadcrumb\",\"itemListElement\":[{\"@type\":\"ListItem\",\"position\":1,\"name\":\"Home\",\"item\":\"https:\\\/\\\/www.lpi.org\\\/vi\\\/\"},{\"@type\":\"ListItem\",\"position\":2,\"name\":\"Nhi\u1ec7m v\u1ee5 v\u00e0 Vai tr\u00f2 c\u1ee7a Ch\u1ee7 t\u1ecbch v\u00e0 Th\u00e0nh vi\u00ean\"}]},{\"@type\":\"WebSite\",\"@id\":\"https:\\\/\\\/www.lpi.org\\\/vi\\\/#website\",\"url\":\"https:\\\/\\\/www.lpi.org\\\/vi\\\/\",\"name\":\"Linux Professional Institute (LPI)\",\"description\":\"\",\"publisher\":{\"@id\":\"https:\\\/\\\/www.lpi.org\\\/vi\\\/#organization\"},\"potentialAction\":[{\"@type\":\"SearchAction\",\"target\":{\"@type\":\"EntryPoint\",\"urlTemplate\":\"https:\\\/\\\/www.lpi.org\\\/vi\\\/?s={search_term_string}\"},\"query-input\":{\"@type\":\"PropertyValueSpecification\",\"valueRequired\":true,\"valueName\":\"search_term_string\"}}],\"inLanguage\":\"vi-VN\"},{\"@type\":\"Organization\",\"@id\":\"https:\\\/\\\/www.lpi.org\\\/vi\\\/#organization\",\"name\":\"Linux Professional Institute (LPI)\",\"url\":\"https:\\\/\\\/www.lpi.org\\\/vi\\\/\",\"logo\":{\"@type\":\"ImageObject\",\"inLanguage\":\"vi-VN\",\"@id\":\"https:\\\/\\\/www.lpi.org\\\/vi\\\/#\\\/schema\\\/logo\\\/image\\\/\",\"url\":\"https:\\\/\\\/www.lpi.org\\\/wp-content\\\/uploads\\\/2023\\\/04\\\/logo.png\",\"contentUrl\":\"https:\\\/\\\/www.lpi.org\\\/wp-content\\\/uploads\\\/2023\\\/04\\\/logo.png\",\"width\":496,\"height\":175,\"caption\":\"Linux Professional Institute (LPI)\"},\"image\":{\"@id\":\"https:\\\/\\\/www.lpi.org\\\/vi\\\/#\\\/schema\\\/logo\\\/image\\\/\"},\"sameAs\":[\"https:\\\/\\\/www.facebook.com\\\/LPIConnect\",\"https:\\\/\\\/x.com\\\/lpiconnect\",\"https:\\\/\\\/www.linkedin.com\\\/company\\\/35136\",\"https:\\\/\\\/www.instagram.com\\\/lpi_org\\\/\",\"https:\\\/\\\/fosstodon.org\\\/@LPI\"]}]}<\/script>\n<!-- \/ Yoast SEO Premium plugin. -->","yoast_head_json":{"title":"Nhi\u1ec7m v\u1ee5 v\u00e0 Vai tr\u00f2 c\u1ee7a Ch\u1ee7 t\u1ecbch v\u00e0 Th\u00e0nh vi\u00ean - Linux Professional Institute (LPI)","description":"Ch\u1ee7 t\u1ecbch \u0111\u00f3ng vai tr\u00f2 quan tr\u1ecdng trong b\u1ea5t k\u00ec \u1ee7y ban qu\u1ea3n l\u00fd t\u00ecnh nguy\u1ec7n n\u00e0o t\u1ea1i LPI. Vai tr\u00f2 c\u1ee7a ch\u1ee7 t\u1ecbch v\u00e0 c\u00e1c th\u00e0nh vi\u00ean \u0111\u01b0\u1ee3c x\u00e1c \u0111\u1ecbnh m\u1ed9t c\u00e1ch ch\u1eb7t ch\u1ebd.","robots":{"index":"index","follow":"follow","max-snippet":"max-snippet:-1","max-image-preview":"max-image-preview:large","max-video-preview":"max-video-preview:-1"},"canonical":"https:\/\/www.lpi.org\/vi\/nhiem-vu-va-vai-tro-cua-chu-tich-va-thanh-vien\/","og_locale":"vi_VN","og_type":"article","og_title":"Nhi\u1ec7m v\u1ee5 v\u00e0 Vai tr\u00f2 c\u1ee7a Ch\u1ee7 t\u1ecbch v\u00e0 Th\u00e0nh vi\u00ean","og_description":"Ch\u1ee7 t\u1ecbch \u0111\u00f3ng vai tr\u00f2 quan tr\u1ecdng trong b\u1ea5t k\u00ec \u1ee7y ban qu\u1ea3n l\u00fd t\u00ecnh nguy\u1ec7n n\u00e0o t\u1ea1i LPI. Vai tr\u00f2 c\u1ee7a ch\u1ee7 t\u1ecbch v\u00e0 c\u00e1c th\u00e0nh vi\u00ean \u0111\u01b0\u1ee3c x\u00e1c \u0111\u1ecbnh m\u1ed9t c\u00e1ch ch\u1eb7t ch\u1ebd.","og_url":"https:\/\/www.lpi.org\/vi\/nhiem-vu-va-vai-tro-cua-chu-tich-va-thanh-vien\/","og_site_name":"Linux Professional Institute (LPI)","article_publisher":"https:\/\/www.facebook.com\/LPIConnect","article_modified_time":"2023-11-18T01:50:19+00:00","twitter_card":"summary_large_image","twitter_site":"@lpiconnect","schema":{"@context":"https:\/\/schema.org","@graph":[{"@type":"WebPage","@id":"https:\/\/www.lpi.org\/vi\/nhiem-vu-va-vai-tro-cua-chu-tich-va-thanh-vien\/","url":"https:\/\/www.lpi.org\/vi\/nhiem-vu-va-vai-tro-cua-chu-tich-va-thanh-vien\/","name":"Nhi\u1ec7m v\u1ee5 v\u00e0 Vai tr\u00f2 c\u1ee7a Ch\u1ee7 t\u1ecbch v\u00e0 Th\u00e0nh vi\u00ean - Linux Professional Institute (LPI)","isPartOf":{"@id":"https:\/\/www.lpi.org\/vi\/#website"},"datePublished":"2023-06-19T12:13:59+00:00","dateModified":"2023-11-18T01:50:19+00:00","description":"Ch\u1ee7 t\u1ecbch \u0111\u00f3ng vai tr\u00f2 quan tr\u1ecdng trong b\u1ea5t k\u00ec \u1ee7y ban qu\u1ea3n l\u00fd t\u00ecnh nguy\u1ec7n n\u00e0o t\u1ea1i LPI. Vai tr\u00f2 c\u1ee7a ch\u1ee7 t\u1ecbch v\u00e0 c\u00e1c th\u00e0nh vi\u00ean \u0111\u01b0\u1ee3c x\u00e1c \u0111\u1ecbnh m\u1ed9t c\u00e1ch ch\u1eb7t ch\u1ebd.","breadcrumb":{"@id":"https:\/\/www.lpi.org\/vi\/nhiem-vu-va-vai-tro-cua-chu-tich-va-thanh-vien\/#breadcrumb"},"inLanguage":"vi-VN","potentialAction":[{"@type":"ReadAction","target":["https:\/\/www.lpi.org\/vi\/nhiem-vu-va-vai-tro-cua-chu-tich-va-thanh-vien\/"]}]},{"@type":"BreadcrumbList","@id":"https:\/\/www.lpi.org\/vi\/nhiem-vu-va-vai-tro-cua-chu-tich-va-thanh-vien\/#breadcrumb","itemListElement":[{"@type":"ListItem","position":1,"name":"Home","item":"https:\/\/www.lpi.org\/vi\/"},{"@type":"ListItem","position":2,"name":"Nhi\u1ec7m v\u1ee5 v\u00e0 Vai tr\u00f2 c\u1ee7a Ch\u1ee7 t\u1ecbch v\u00e0 Th\u00e0nh vi\u00ean"}]},{"@type":"WebSite","@id":"https:\/\/www.lpi.org\/vi\/#website","url":"https:\/\/www.lpi.org\/vi\/","name":"Linux Professional Institute (LPI)","description":"","publisher":{"@id":"https:\/\/www.lpi.org\/vi\/#organization"},"potentialAction":[{"@type":"SearchAction","target":{"@type":"EntryPoint","urlTemplate":"https:\/\/www.lpi.org\/vi\/?s={search_term_string}"},"query-input":{"@type":"PropertyValueSpecification","valueRequired":true,"valueName":"search_term_string"}}],"inLanguage":"vi-VN"},{"@type":"Organization","@id":"https:\/\/www.lpi.org\/vi\/#organization","name":"Linux Professional Institute (LPI)","url":"https:\/\/www.lpi.org\/vi\/","logo":{"@type":"ImageObject","inLanguage":"vi-VN","@id":"https:\/\/www.lpi.org\/vi\/#\/schema\/logo\/image\/","url":"https:\/\/www.lpi.org\/wp-content\/uploads\/2023\/04\/logo.png","contentUrl":"https:\/\/www.lpi.org\/wp-content\/uploads\/2023\/04\/logo.png","width":496,"height":175,"caption":"Linux Professional Institute (LPI)"},"image":{"@id":"https:\/\/www.lpi.org\/vi\/#\/schema\/logo\/image\/"},"sameAs":["https:\/\/www.facebook.com\/LPIConnect","https:\/\/x.com\/lpiconnect","https:\/\/www.linkedin.com\/company\/35136","https:\/\/www.instagram.com\/lpi_org\/","https:\/\/fosstodon.org\/@LPI"]}]}},"_links":{"self":[{"href":"https:\/\/www.lpi.org\/vi\/wp-json\/wp\/v2\/pages\/17977","targetHints":{"allow":["GET"]}}],"collection":[{"href":"https:\/\/www.lpi.org\/vi\/wp-json\/wp\/v2\/pages"}],"about":[{"href":"https:\/\/www.lpi.org\/vi\/wp-json\/wp\/v2\/types\/page"}],"author":[{"embeddable":true,"href":"https:\/\/www.lpi.org\/vi\/wp-json\/wp\/v2\/users\/1"}],"replies":[{"embeddable":true,"href":"https:\/\/www.lpi.org\/vi\/wp-json\/wp\/v2\/comments?post=17977"}],"version-history":[{"count":1,"href":"https:\/\/www.lpi.org\/vi\/wp-json\/wp\/v2\/pages\/17977\/revisions"}],"predecessor-version":[{"id":17978,"href":"https:\/\/www.lpi.org\/vi\/wp-json\/wp\/v2\/pages\/17977\/revisions\/17978"}],"wp:attachment":[{"href":"https:\/\/www.lpi.org\/vi\/wp-json\/wp\/v2\/media?parent=17977"}],"curies":[{"name":"wp","href":"https:\/\/api.w.org\/{rel}","templated":true}]}}