{"id":18011,"date":"2023-06-19T04:14:10","date_gmt":"2023-06-19T08:14:10","guid":{"rendered":"https:\/\/www.lpi.org\/cac-cuoc-thi-cua-linux-professional-institute\/cuoc-thi-sinh-nhat-linux-professional-institute-lan-thu-20\/"},"modified":"2023-09-20T05:02:20","modified_gmt":"2023-09-20T09:02:20","slug":"cuoc-thi-sinh-nhat-linux-professional-institute-lan-thu-20","status":"publish","type":"page","link":"https:\/\/www.lpi.org\/vi\/cac-cuoc-thi-cua-linux-professional-institute\/cuoc-thi-sinh-nhat-linux-professional-institute-lan-thu-20\/","title":{"rendered":"Cu\u1ed9c thi Sinh nh\u1eadt Linux Professional Institute l\u1ea7n th\u1ee9 20"},"content":{"rendered":"<h2><strong>Ch\u00fac m\u1eebng nh\u1eefng ng\u01b0\u1eddi chi\u1ebfn th\u1eafng Cu\u1ed9c thi Sinh nh\u1eadt LPI20!<\/strong><\/h2>\n<p>C\u1ea3m \u01a1n t\u1ea5t c\u1ea3 m\u1ecdi ng\u01b0\u1eddi \u0111\u00e3 tham gia cu\u1ed9c thi LPI20 c\u1ee7a ch\u00fang t\u00f4i. C\u00e1c b\u1ea1n \u0111\u00e3 gi\u00fap ch\u00fang t\u00f4i g\u1ecdi t\u00ean th\u00e0nh vi\u00ean m\u1edbi trong nh\u00f3m, m\u1ed9t <strong><a href=\"https:\/\/sanccob.co.za\/\" target=\"_blank\" rel=\"noopener\">ch\u00fa chim c\u00e1nh c\u1ee5t Nam Phi<\/a><\/strong> m\u00e0 ch\u00fang t\u00f4i \u0111\u00e3 nh\u1eadn nu\u00f4i v\u00e0o th\u1ee9 S\u00e1u ng\u00e0y 08\/11\/2019. C\u00e1c b\u1ea1n \u0111\u00e3 cho ch\u00fang t\u00f4i bi\u1ebft ch\u1ee9ng ch\u1ec9 LPI \u0111\u00e3 thay \u0111\u1ed5i cu\u1ed9c s\u1ed1ng nh\u01b0 th\u1ebf n\u00e0o c\u0169ng nh\u01b0 c\u00e1ch b\u1ea1n s\u1eed d\u1ee5ng Linux v\u00e0 m\u00e3 ngu\u1ed3n m\u1edf m\u1ed7i ng\u00e0y. C\u00e1c b\u1ea1n c\u0169ng gi\u00fap x\u00e1c \u0111\u1ecbnh c\u00e1c c\u01a1 s\u1edf giao d\u1ee5c \u0111ang t\u1ea1o ra s\u1ef1 kh\u00e1c bi\u1ec7t trong c\u1ed9ng \u0111\u1ed3ng.<\/p>\n<p>&nbsp;<\/p>\n<h2 style=\"text-align: center\"><strong>Gi\u1ea3i th\u01b0\u1edfng<\/strong><\/h2>\n<p><img decoding=\"async\" class=\"alignright size-full wp-image-12430 img-fluid\" src=\"https:\/\/www.lpi.org\/wp-content\/uploads\/2023\/06\/plush-tux-286_flat.jpg\" alt=\"\" width=\"160\" \/>Trong <strong>tu\u1ea7n \u0111\u1ea7u ti\u00ean<\/strong>, b\u1eaft \u0111\u1ea7u t\u1eeb ng\u00e0y 04\/10, ch\u00fang t\u00f4i \u0111\u00e3 ti\u1ebfn h\u00e0nh t\u00ecm ki\u1ebfm t\u00ean cho ch\u00fa chim c\u00e1nh c\u1ee5t Nam Phi m\u00e0 ch\u00fang t\u00f4i \u0111\u00e3 nh\u1eadn nu\u00f4i v\u00e0o th\u00e1ng 11. T\u00ean c\u1ee7a ch\u00fa chim c\u00e1nh c\u1ee5t l\u00e0 \u201cSudo\u201d v\u00e0 ng\u01b0\u1eddi \u0111\u1eb7t t\u00ean n\u00e0y l\u00e0 <strong>Farbod Emami<\/strong> \u0111\u1ebfn t\u1eeb Ontario, Canada. Anh \u1ea5y \u0111\u00e3 gi\u00e0nh \u0111\u01b0\u1ee3c m\u1ed9t con Tux LPI nh\u1ed3i b\u00f4ng kh\u1ed5ng l\u1ed3 (80cm).<\/p>\n<p>&nbsp;<\/p>\n<p><img decoding=\"async\" class=\"alignright size-full wp-image-12442 img-fluid\" src=\"https:\/\/www.lpi.org\/wp-content\/uploads\/2023\/06\/LESv3_Server_LPI20_400.jpg\" alt=\"\" width=\"160\" \/>Trong <strong>tu\u1ea7n th\u1ee9 hai<\/strong>, b\u1eaft \u0111\u1ea7u t\u1eeb ng\u00e0y 11\/10, ch\u00fang t\u00f4i y\u00eau c\u1ea7u b\u1ea1n n\u00f3i v\u1ec1 c\u00e1ch ch\u1ee9ng ch\u1ec9 LPI \u0111\u00e3 thay \u0111\u1ed5i cu\u1ed9c \u0111\u1eddi c\u1ee7a b\u1ea1n. Gi\u1ea3i th\u01b0\u1edfng l\u00e0 m\u1ed9t M\u00e1y ch\u1ee7 ti\u1ebft ki\u1ec7m n\u0103ng l\u01b0\u1ee3ng LES v3 Thomas-Krenn.AG, trang b\u1ecb \u1ed5 SSD Transcend SATA III 32 GB ML 2,5\u201d v\u00e0 \u0111\u01b0\u1ee3c t\u00e0i tr\u1ee3 b\u1edfi \u0111\u1ed1i t\u00e1c c\u1ee7a ch\u00fang t\u00f4i <strong><a href=\"https:\/\/www.thomas-krenn.com\/en\/index.html\" target=\"_blank\" rel=\"noopener\">Thomas-Krenn.AG<\/a><\/strong>. Ch\u1ee7 nh\u00e2n chi\u1ebfn th\u1eafng gi\u1ea3i th\u01b0\u1edfng l\u00e0\u00a0<strong>Anthony Hansen<\/strong>\u00a0\u0111\u1ebfn t\u1eeb Texas, Hoa K\u1ef3.<\/p>\n<p>&nbsp;<\/p>\n<p><img decoding=\"async\" class=\"alignright size-full wp-image-12453 img-fluid\" src=\"https:\/\/www.lpi.org\/wp-content\/uploads\/2023\/06\/LES_compact_4L_server_web-400.jpg\" alt=\"\" width=\"160\" \/>Trong <strong>tu\u1ea7n th\u1ee9 ba<\/strong>, b\u1eaft \u0111\u1ea7u t\u1eeb ng\u00e0y 18\/10, ch\u00fang t\u00f4i \u0111\u00e3 y\u00eau c\u1ea7u b\u1ea1n cho ch\u00fang t\u00f4i bi\u1ebft c\u00e1ch b\u1ea1n s\u1eed d\u1ee5ng Linux v\u00e0 M\u00e3 ngu\u1ed3n m\u1edf trong cu\u1ed9c s\u1ed1ng h\u00e0ng ng\u00e0y \u0111\u1ec3 c\u00f3 c\u01a1 h\u1ed9i gi\u00e0nh \u0111\u01b0\u1ee3c <strong><a href=\"https:\/\/www.thomas-krenn.com\/en\/products\/low-energy-systems\/les-compact-4l\/les-compact-4-l.html\">M\u00e1y ch\u1ee7 ti\u1ebft ki\u1ec7m n\u0103ng LES Compact 4L<\/a> <\/strong>Thomas-Krenn.AG , trang b\u1ecb RAM 4GB, \u1ed5 Enterprise-SSD 240 GB, 4 C\u1ed5ng LAN, \u0111\u01b0\u1ee3c t\u00e0i tr\u1ee3 b\u1edfi \u0111\u1ed1i t\u00e1c\u00a0<strong><a href=\"https:\/\/www.thomas-krenn.com\/\" target=\"_blank\" rel=\"noopener\">Thomas-Krenn.AG<\/a> <\/strong>c\u1ee7a ch\u00fang t\u00f4i. Ch\u1ee7 nh\u00e2n c\u1ee7a gi\u1ea3i th\u01b0\u1edfng n\u00e0y l\u00e0<strong>\u00a0D\u00e9rson Manhique<\/strong>\u00a0\u0111\u1ebfn t\u1eeb Maputo, Mozambique.<\/p>\n<p>&nbsp;<\/p>\n<p><img decoding=\"async\" class=\"alignright size-full wp-image-12463 img-fluid\" src=\"https:\/\/www.lpi.org\/wp-content\/uploads\/2023\/06\/tuxedo-infinitybook-pro-15-red_22_400.jpg\" alt=\"\" width=\"160\" \/>Trong <strong>tu\u1ea7n th\u1ee9 t\u01b0<\/strong>, b\u1eaft \u0111\u1ea7u t\u1eeb ng\u00e0y 25\/10, ch\u00fang t\u00f4i y\u00eau c\u1ea7u b\u1ea1n k\u1ec3 t\u00ean nh\u1eefng c\u01a1 s\u1edf gi\u00e1o d\u1ee5c y\u00eau th\u00edch g\u1eafn li\u1ec1n v\u1edbi m\u00e3 ngu\u1ed3n m\u1edf \u0111\u1ec3 c\u00f3 c\u01a1 h\u1ed9i chi\u1ebfn th\u1eafng laptop\u00a0<a href=\"https:\/\/www.tuxedocomputers.com\/en\/Linux-Hardware\/Linux-Notebooks\/15-16-inch\/TUXEDO-InfinityBook-Pro-15-v5-RED-Edition.tuxedo#\"><strong>TUXEDO InfinityBook Pro 15 v5 &#8211; B\u1ea3n m\u00e0u \u0110\u1ece<\/strong><\/a>, \u0111\u01b0\u1ee3c t\u00e0i tr\u1ee3 b\u1edfi \u0111\u1ed1i t\u00e1c\u00a0<strong><a href=\"https:\/\/www.tuxedocomputers.com\/\" target=\"_blank\" rel=\"noopener\">TUXEDO Computers<\/a><\/strong>. Ng\u01b0\u1eddi thi\u1ebfn th\u1eafng chi\u1ebfc laptop l\u00e0\u00a0<strong>Pyry Nordstr\u00f6m<\/strong> \u0111\u1ebfn t\u1eeb Turku, Ph\u1ea7n Lan.<\/p>\n<p>&nbsp;<\/p>\n<p>Ch\u00fang t\u00f4i s\u1ebd li\u00ean h\u1ec7 v\u1edbi nh\u1eefng ng\u01b0\u1eddi chi\u1ebfn th\u1eafng qua email \u0111\u00e3 cung c\u1ea5p trong b\u00e0i thi. \u0110\u1ec3 \u0111\u01b0\u1ee3c c\u00f4ng nh\u1eadn l\u00e0 ng\u01b0\u1eddi chi\u1ebfn th\u1eafng, nh\u1eefng ng\u01b0\u1eddi \u0111\u01b0\u1ee3c ch\u1ecdn ph\u1ea3i tr\u1ea3 l\u1eddi ch\u00ednh x\u00e1c c\u00e2u h\u1ecfi ki\u1ec3m tra k\u1ef9 n\u0103ng to\u00e1n h\u1ecdc c\u00f3 gi\u1edbi h\u1ea1n th\u1eddi gian th\u00f4ng qua email m\u00e0 kh\u00f4ng d\u1ef1a v\u00e0o b\u1ea5t k\u1ef3 s\u1ef1 tr\u1ee3 gi\u00fap n\u00e0o, b\u1ea5t k\u1ec3 l\u00e0 m\u00e1y m\u00f3c hay nh\u1eefng h\u00ecnh th\u1ee9c n\u00e0o kh\u00e1c.<\/p>\n<p>&nbsp;<\/p>\n<h2 style=\"text-align: center\"><strong>C\u1ea3m \u01a1n b\u1ea1n \u0111\u00e3 \u1ee7ng h\u1ed9 m\u1ed9t m\u1ee5c \u0111\u00edch t\u1ed1t \u0111\u1eb9p!<\/strong><\/h2>\n<p>V\u1edbi vi\u1ec7c tham gia c\u00e1c cu\u1ed9c thi LPI20, b\u1ea1n c\u00f9ng l\u00fac \u0111\u00e3 \u1ee7ng h\u1ed9 cho c\u00e1c m\u1ee5c \u0111\u00edch t\u1ed1t \u0111\u1eb9p. Trong tu\u1ea7n \u0111\u1ea7u ti\u00ean, b\u1ea1n \u0111\u00e3 gi\u00fap LPI \u0111\u1eb7t t\u00ean cho ch\u00fa chim c\u00e1nh c\u1ee5t Nam Phi t\u1eeb\u00a0<strong>Q<a href=\"https:\/\/sanccob.co.za\/\">u\u1ef9 b\u1ea3o t\u1ed3n c\u00e1c lo\u00e0i chim ven bi\u1ec3n Nam Phi<\/a><\/strong>, \u0111\u01b0\u1ee3c LPI nh\u1eadn nu\u00f4i v\u00e0o ng\u00e0y 08\/11\/2019. Trong tu\u1ea7n th\u1ee9 hai, b\u1ea1n \u0111\u00e3 gi\u00fap \u0111\u1ee1 d\u1ef1 \u00e1n\u00a0<strong><a href=\"http:\/\/one.laptop.org\/\" target=\"_blank\" rel=\"noopener\">One Laptop per Child (OPLC)<\/a><\/strong>, nh\u1eadn \u0111\u01b0\u1ee3c kho\u1ea3n quy\u00ean g\u00f3p t\u1eeb Linux Professional Institute \u0111\u1ec3 mua ba chi\u1ebfc laptop m\u1edbi. V\u00ec gi\u1ea3i th\u01b0\u1edfng d\u00e0nh cho b\u1ea1n l\u1edbn h\u01a1n trong tu\u1ea7n th\u1ee9 ba n\u00ean ch\u00fang t\u00f4i c\u0169ng s\u1ebd quy\u00ean g\u00f3p nhi\u1ec1u h\u01a1n cho d\u1ef1 \u00e1n <strong><a href=\"http:\/\/one.laptop.org\/\">OPLC<\/a><\/strong> khi mua n\u0103m m\u00e1y t\u00ednh x\u00e1ch tay m\u1edbi. Trong tu\u1ea7n th\u1ee9 t\u01b0, b\u1ea1n \u0111\u00e3 mang \u0111\u1ebfn m\u1ed9t t\u1ed5 ch\u1ee9c gi\u00e1o d\u1ee5c c\u00f3 nhi\u1ec1u \u0111\u00f3ng g\u00f3p cho ngu\u1ed3n m\u1edf, c\u01a1 h\u1ed9i gi\u00e0nh \u0111\u01b0\u1ee3c 20 Raspberry Pis + 20 b\u00e0i thi Linux Essentials mi\u1ec5n ph\u00ed!<\/p>\n<p>&nbsp;<\/p>\n<h2 style=\"text-align: center\"><strong>Th\u1ec3 l\u1ec7 cu\u1ed9c thi<\/strong><\/h2>\n<p>C\u01b0 d\u00e2n c\u1ee7a c\u00e1c qu\u1ed1c gia, ti\u1ec3u bang v\u00e0 t\u1ec9nh th\u00e0nh xem nh\u1eefng cu\u1ed9c thi nh\u01b0 th\u1ebf n\u00e0y l\u00e0 ph\u1ea1m ph\u00e1p ho\u1eb7c y\u00eau c\u1ea7u \u0111\u0103ng k\u00fd \u0111\u1ecba ph\u01b0\u01a1ng s\u1ebd kh\u00f4ng \u0111\u1ee7 \u0111i\u1ec1u ki\u1ec7n chi\u1ebfn th\u1eafng.<\/p>\n<p>Tr\u1ecdn b\u1ed9 \u0111\u1ea7y \u0111\u1ee7 th\u1ec3 l\u1ec7 v\u00e0 quy \u0111\u1ecbnh qu\u1ea3n l\u00fd c\u00e1c cu\u1ed9c thi LPI c\u00f3 th\u1ec3 \u0111\u01b0\u1ee3c t\u00ecm th\u1ea5y t\u1ea1i\u00a0<a href=\"https:\/\/www.lpi.org\/contests\/rules\">trang web Th\u1ec3 l\u1ec7 Cu\u1ed9c thi.<\/a><\/p>\n","protected":false},"excerpt":{"rendered":"<p>Ch\u00fac m\u1eebng nh\u1eefng ng\u01b0\u1eddi chi\u1ebfn th\u1eafng Cu\u1ed9c thi Sinh nh\u1eadt LPI20! C\u1ea3m \u01a1n t\u1ea5t c\u1ea3 m\u1ecdi ng\u01b0\u1eddi \u0111\u00e3 tham gia cu\u1ed9c thi LPI20 c\u1ee7a ch\u00fang t\u00f4i. C\u00e1c b\u1ea1n \u0111\u00e3 gi\u00fap ch\u00fang t\u00f4i g\u1ecdi t\u00ean th\u00e0nh vi\u00ean m\u1edbi trong nh\u00f3m, m\u1ed9t &#8230; <a href=\"https:\/\/www.lpi.org\/vi\/cac-cuoc-thi-cua-linux-professional-institute\/cuoc-thi-sinh-nhat-linux-professional-institute-lan-thu-20\/\" class=\"button-link\">Read more<\/a><\/p>\n","protected":false},"author":1,"featured_media":0,"parent":17926,"menu_order":0,"comment_status":"closed","ping_status":"closed","template":"","meta":{"_acf_changed":false,"footnotes":""},"class_list":["post-18011","page","type-page","status-publish","hentry"],"acf":[],"yoast_head":"<!-- This site is optimized with the Yoast SEO Premium plugin v27.2 (Yoast SEO v27.4) - https:\/\/yoast.com\/product\/yoast-seo-premium-wordpress\/ -->\n<title>Cu\u1ed9c thi Sinh nh\u1eadt Linux Professional Institute l\u1ea7n th\u1ee9 20 - Linux Professional Institute (LPI)<\/title>\n<meta name=\"description\" content=\"Ch\u00fac m\u1eebng nh\u1eefng ng\u01b0\u1eddi chi\u1ebfn th\u1eafng Cu\u1ed9c thi Sinh nh\u1eadt LPI20\" \/>\n<meta name=\"robots\" content=\"index, follow, max-snippet:-1, max-image-preview:large, max-video-preview:-1\" \/>\n<link rel=\"canonical\" href=\"https:\/\/www.lpi.org\/vi\/cac-cuoc-thi-cua-linux-professional-institute\/cuoc-thi-sinh-nhat-linux-professional-institute-lan-thu-20\/\" \/>\n<meta property=\"og:locale\" content=\"vi_VN\" \/>\n<meta property=\"og:type\" content=\"article\" \/>\n<meta property=\"og:title\" content=\"Cu\u1ed9c thi Sinh nh\u1eadt Linux Professional Institute l\u1ea7n th\u1ee9 20\" \/>\n<meta property=\"og:description\" content=\"Ch\u00fac m\u1eebng nh\u1eefng ng\u01b0\u1eddi chi\u1ebfn th\u1eafng Cu\u1ed9c thi Sinh nh\u1eadt LPI20\" \/>\n<meta property=\"og:url\" content=\"https:\/\/www.lpi.org\/vi\/cac-cuoc-thi-cua-linux-professional-institute\/cuoc-thi-sinh-nhat-linux-professional-institute-lan-thu-20\/\" \/>\n<meta property=\"og:site_name\" content=\"Linux Professional Institute (LPI)\" \/>\n<meta property=\"article:publisher\" content=\"https:\/\/www.facebook.com\/LPIConnect\" \/>\n<meta property=\"article:modified_time\" content=\"2023-09-20T09:02:20+00:00\" \/>\n<meta property=\"og:image\" content=\"https:\/\/www.lpi.org\/wp-content\/uploads\/2023\/06\/plush-tux-286_flat.jpg\" \/>\n<meta name=\"twitter:card\" content=\"summary_large_image\" \/>\n<meta name=\"twitter:site\" content=\"@lpiconnect\" \/>\n<meta name=\"twitter:label1\" content=\"Est. reading time\" \/>\n\t<meta name=\"twitter:data1\" content=\"5 minutes\" \/>\n<script type=\"application\/ld+json\" class=\"yoast-schema-graph\">{\"@context\":\"https:\\\/\\\/schema.org\",\"@graph\":[{\"@type\":\"WebPage\",\"@id\":\"https:\\\/\\\/www.lpi.org\\\/vi\\\/cac-cuoc-thi-cua-linux-professional-institute\\\/cuoc-thi-sinh-nhat-linux-professional-institute-lan-thu-20\\\/\",\"url\":\"https:\\\/\\\/www.lpi.org\\\/vi\\\/cac-cuoc-thi-cua-linux-professional-institute\\\/cuoc-thi-sinh-nhat-linux-professional-institute-lan-thu-20\\\/\",\"name\":\"Cu\u1ed9c thi Sinh nh\u1eadt Linux Professional Institute l\u1ea7n th\u1ee9 20 - Linux Professional Institute (LPI)\",\"isPartOf\":{\"@id\":\"https:\\\/\\\/www.lpi.org\\\/vi\\\/#website\"},\"primaryImageOfPage\":{\"@id\":\"https:\\\/\\\/www.lpi.org\\\/vi\\\/cac-cuoc-thi-cua-linux-professional-institute\\\/cuoc-thi-sinh-nhat-linux-professional-institute-lan-thu-20\\\/#primaryimage\"},\"image\":{\"@id\":\"https:\\\/\\\/www.lpi.org\\\/vi\\\/cac-cuoc-thi-cua-linux-professional-institute\\\/cuoc-thi-sinh-nhat-linux-professional-institute-lan-thu-20\\\/#primaryimage\"},\"thumbnailUrl\":\"https:\\\/\\\/www.lpi.org\\\/wp-content\\\/uploads\\\/2023\\\/06\\\/plush-tux-286_flat.jpg\",\"datePublished\":\"2023-06-19T08:14:10+00:00\",\"dateModified\":\"2023-09-20T09:02:20+00:00\",\"description\":\"Ch\u00fac m\u1eebng nh\u1eefng ng\u01b0\u1eddi chi\u1ebfn th\u1eafng Cu\u1ed9c thi Sinh nh\u1eadt LPI20\",\"breadcrumb\":{\"@id\":\"https:\\\/\\\/www.lpi.org\\\/vi\\\/cac-cuoc-thi-cua-linux-professional-institute\\\/cuoc-thi-sinh-nhat-linux-professional-institute-lan-thu-20\\\/#breadcrumb\"},\"inLanguage\":\"vi-VN\",\"potentialAction\":[{\"@type\":\"ReadAction\",\"target\":[\"https:\\\/\\\/www.lpi.org\\\/vi\\\/cac-cuoc-thi-cua-linux-professional-institute\\\/cuoc-thi-sinh-nhat-linux-professional-institute-lan-thu-20\\\/\"]}]},{\"@type\":\"ImageObject\",\"inLanguage\":\"vi-VN\",\"@id\":\"https:\\\/\\\/www.lpi.org\\\/vi\\\/cac-cuoc-thi-cua-linux-professional-institute\\\/cuoc-thi-sinh-nhat-linux-professional-institute-lan-thu-20\\\/#primaryimage\",\"url\":\"https:\\\/\\\/www.lpi.org\\\/wp-content\\\/uploads\\\/2023\\\/06\\\/plush-tux-286_flat.jpg\",\"contentUrl\":\"https:\\\/\\\/www.lpi.org\\\/wp-content\\\/uploads\\\/2023\\\/06\\\/plush-tux-286_flat.jpg\"},{\"@type\":\"BreadcrumbList\",\"@id\":\"https:\\\/\\\/www.lpi.org\\\/vi\\\/cac-cuoc-thi-cua-linux-professional-institute\\\/cuoc-thi-sinh-nhat-linux-professional-institute-lan-thu-20\\\/#breadcrumb\",\"itemListElement\":[{\"@type\":\"ListItem\",\"position\":1,\"name\":\"Home\",\"item\":\"https:\\\/\\\/www.lpi.org\\\/vi\\\/\"},{\"@type\":\"ListItem\",\"position\":2,\"name\":\"C\u00e1c cu\u1ed9c thi c\u1ee7a Linux Professional Institute\",\"item\":\"https:\\\/\\\/www.lpi.org\\\/vi\\\/cac-cuoc-thi-cua-linux-professional-institute\\\/\"},{\"@type\":\"ListItem\",\"position\":3,\"name\":\"Cu\u1ed9c thi Sinh nh\u1eadt Linux Professional Institute l\u1ea7n th\u1ee9 20\"}]},{\"@type\":\"WebSite\",\"@id\":\"https:\\\/\\\/www.lpi.org\\\/vi\\\/#website\",\"url\":\"https:\\\/\\\/www.lpi.org\\\/vi\\\/\",\"name\":\"Linux Professional Institute (LPI)\",\"description\":\"\",\"publisher\":{\"@id\":\"https:\\\/\\\/www.lpi.org\\\/vi\\\/#organization\"},\"potentialAction\":[{\"@type\":\"SearchAction\",\"target\":{\"@type\":\"EntryPoint\",\"urlTemplate\":\"https:\\\/\\\/www.lpi.org\\\/vi\\\/?s={search_term_string}\"},\"query-input\":{\"@type\":\"PropertyValueSpecification\",\"valueRequired\":true,\"valueName\":\"search_term_string\"}}],\"inLanguage\":\"vi-VN\"},{\"@type\":\"Organization\",\"@id\":\"https:\\\/\\\/www.lpi.org\\\/vi\\\/#organization\",\"name\":\"Linux Professional Institute (LPI)\",\"url\":\"https:\\\/\\\/www.lpi.org\\\/vi\\\/\",\"logo\":{\"@type\":\"ImageObject\",\"inLanguage\":\"vi-VN\",\"@id\":\"https:\\\/\\\/www.lpi.org\\\/vi\\\/#\\\/schema\\\/logo\\\/image\\\/\",\"url\":\"https:\\\/\\\/www.lpi.org\\\/wp-content\\\/uploads\\\/2023\\\/04\\\/logo.png\",\"contentUrl\":\"https:\\\/\\\/www.lpi.org\\\/wp-content\\\/uploads\\\/2023\\\/04\\\/logo.png\",\"width\":496,\"height\":175,\"caption\":\"Linux Professional Institute (LPI)\"},\"image\":{\"@id\":\"https:\\\/\\\/www.lpi.org\\\/vi\\\/#\\\/schema\\\/logo\\\/image\\\/\"},\"sameAs\":[\"https:\\\/\\\/www.facebook.com\\\/LPIConnect\",\"https:\\\/\\\/x.com\\\/lpiconnect\",\"https:\\\/\\\/www.linkedin.com\\\/company\\\/35136\",\"https:\\\/\\\/www.instagram.com\\\/lpi_org\\\/\",\"https:\\\/\\\/fosstodon.org\\\/@LPI\"]}]}<\/script>\n<!-- \/ Yoast SEO Premium plugin. -->","yoast_head_json":{"title":"Cu\u1ed9c thi Sinh nh\u1eadt Linux Professional Institute l\u1ea7n th\u1ee9 20 - Linux Professional Institute (LPI)","description":"Ch\u00fac m\u1eebng nh\u1eefng ng\u01b0\u1eddi chi\u1ebfn th\u1eafng Cu\u1ed9c thi Sinh nh\u1eadt LPI20","robots":{"index":"index","follow":"follow","max-snippet":"max-snippet:-1","max-image-preview":"max-image-preview:large","max-video-preview":"max-video-preview:-1"},"canonical":"https:\/\/www.lpi.org\/vi\/cac-cuoc-thi-cua-linux-professional-institute\/cuoc-thi-sinh-nhat-linux-professional-institute-lan-thu-20\/","og_locale":"vi_VN","og_type":"article","og_title":"Cu\u1ed9c thi Sinh nh\u1eadt Linux Professional Institute l\u1ea7n th\u1ee9 20","og_description":"Ch\u00fac m\u1eebng nh\u1eefng ng\u01b0\u1eddi chi\u1ebfn th\u1eafng Cu\u1ed9c thi Sinh nh\u1eadt LPI20","og_url":"https:\/\/www.lpi.org\/vi\/cac-cuoc-thi-cua-linux-professional-institute\/cuoc-thi-sinh-nhat-linux-professional-institute-lan-thu-20\/","og_site_name":"Linux Professional Institute (LPI)","article_publisher":"https:\/\/www.facebook.com\/LPIConnect","article_modified_time":"2023-09-20T09:02:20+00:00","og_image":[{"url":"https:\/\/www.lpi.org\/wp-content\/uploads\/2023\/06\/plush-tux-286_flat.jpg","type":"","width":"","height":""}],"twitter_card":"summary_large_image","twitter_site":"@lpiconnect","twitter_misc":{"Est. reading time":"5 minutes"},"schema":{"@context":"https:\/\/schema.org","@graph":[{"@type":"WebPage","@id":"https:\/\/www.lpi.org\/vi\/cac-cuoc-thi-cua-linux-professional-institute\/cuoc-thi-sinh-nhat-linux-professional-institute-lan-thu-20\/","url":"https:\/\/www.lpi.org\/vi\/cac-cuoc-thi-cua-linux-professional-institute\/cuoc-thi-sinh-nhat-linux-professional-institute-lan-thu-20\/","name":"Cu\u1ed9c thi Sinh nh\u1eadt Linux Professional Institute l\u1ea7n th\u1ee9 20 - Linux Professional Institute (LPI)","isPartOf":{"@id":"https:\/\/www.lpi.org\/vi\/#website"},"primaryImageOfPage":{"@id":"https:\/\/www.lpi.org\/vi\/cac-cuoc-thi-cua-linux-professional-institute\/cuoc-thi-sinh-nhat-linux-professional-institute-lan-thu-20\/#primaryimage"},"image":{"@id":"https:\/\/www.lpi.org\/vi\/cac-cuoc-thi-cua-linux-professional-institute\/cuoc-thi-sinh-nhat-linux-professional-institute-lan-thu-20\/#primaryimage"},"thumbnailUrl":"https:\/\/www.lpi.org\/wp-content\/uploads\/2023\/06\/plush-tux-286_flat.jpg","datePublished":"2023-06-19T08:14:10+00:00","dateModified":"2023-09-20T09:02:20+00:00","description":"Ch\u00fac m\u1eebng nh\u1eefng ng\u01b0\u1eddi chi\u1ebfn th\u1eafng Cu\u1ed9c thi Sinh nh\u1eadt LPI20","breadcrumb":{"@id":"https:\/\/www.lpi.org\/vi\/cac-cuoc-thi-cua-linux-professional-institute\/cuoc-thi-sinh-nhat-linux-professional-institute-lan-thu-20\/#breadcrumb"},"inLanguage":"vi-VN","potentialAction":[{"@type":"ReadAction","target":["https:\/\/www.lpi.org\/vi\/cac-cuoc-thi-cua-linux-professional-institute\/cuoc-thi-sinh-nhat-linux-professional-institute-lan-thu-20\/"]}]},{"@type":"ImageObject","inLanguage":"vi-VN","@id":"https:\/\/www.lpi.org\/vi\/cac-cuoc-thi-cua-linux-professional-institute\/cuoc-thi-sinh-nhat-linux-professional-institute-lan-thu-20\/#primaryimage","url":"https:\/\/www.lpi.org\/wp-content\/uploads\/2023\/06\/plush-tux-286_flat.jpg","contentUrl":"https:\/\/www.lpi.org\/wp-content\/uploads\/2023\/06\/plush-tux-286_flat.jpg"},{"@type":"BreadcrumbList","@id":"https:\/\/www.lpi.org\/vi\/cac-cuoc-thi-cua-linux-professional-institute\/cuoc-thi-sinh-nhat-linux-professional-institute-lan-thu-20\/#breadcrumb","itemListElement":[{"@type":"ListItem","position":1,"name":"Home","item":"https:\/\/www.lpi.org\/vi\/"},{"@type":"ListItem","position":2,"name":"C\u00e1c cu\u1ed9c thi c\u1ee7a Linux Professional Institute","item":"https:\/\/www.lpi.org\/vi\/cac-cuoc-thi-cua-linux-professional-institute\/"},{"@type":"ListItem","position":3,"name":"Cu\u1ed9c thi Sinh nh\u1eadt Linux Professional Institute l\u1ea7n th\u1ee9 20"}]},{"@type":"WebSite","@id":"https:\/\/www.lpi.org\/vi\/#website","url":"https:\/\/www.lpi.org\/vi\/","name":"Linux Professional Institute (LPI)","description":"","publisher":{"@id":"https:\/\/www.lpi.org\/vi\/#organization"},"potentialAction":[{"@type":"SearchAction","target":{"@type":"EntryPoint","urlTemplate":"https:\/\/www.lpi.org\/vi\/?s={search_term_string}"},"query-input":{"@type":"PropertyValueSpecification","valueRequired":true,"valueName":"search_term_string"}}],"inLanguage":"vi-VN"},{"@type":"Organization","@id":"https:\/\/www.lpi.org\/vi\/#organization","name":"Linux Professional Institute (LPI)","url":"https:\/\/www.lpi.org\/vi\/","logo":{"@type":"ImageObject","inLanguage":"vi-VN","@id":"https:\/\/www.lpi.org\/vi\/#\/schema\/logo\/image\/","url":"https:\/\/www.lpi.org\/wp-content\/uploads\/2023\/04\/logo.png","contentUrl":"https:\/\/www.lpi.org\/wp-content\/uploads\/2023\/04\/logo.png","width":496,"height":175,"caption":"Linux Professional Institute (LPI)"},"image":{"@id":"https:\/\/www.lpi.org\/vi\/#\/schema\/logo\/image\/"},"sameAs":["https:\/\/www.facebook.com\/LPIConnect","https:\/\/x.com\/lpiconnect","https:\/\/www.linkedin.com\/company\/35136","https:\/\/www.instagram.com\/lpi_org\/","https:\/\/fosstodon.org\/@LPI"]}]}},"_links":{"self":[{"href":"https:\/\/www.lpi.org\/vi\/wp-json\/wp\/v2\/pages\/18011","targetHints":{"allow":["GET"]}}],"collection":[{"href":"https:\/\/www.lpi.org\/vi\/wp-json\/wp\/v2\/pages"}],"about":[{"href":"https:\/\/www.lpi.org\/vi\/wp-json\/wp\/v2\/types\/page"}],"author":[{"embeddable":true,"href":"https:\/\/www.lpi.org\/vi\/wp-json\/wp\/v2\/users\/1"}],"replies":[{"embeddable":true,"href":"https:\/\/www.lpi.org\/vi\/wp-json\/wp\/v2\/comments?post=18011"}],"version-history":[{"count":7,"href":"https:\/\/www.lpi.org\/vi\/wp-json\/wp\/v2\/pages\/18011\/revisions"}],"predecessor-version":[{"id":18022,"href":"https:\/\/www.lpi.org\/vi\/wp-json\/wp\/v2\/pages\/18011\/revisions\/18022"}],"up":[{"embeddable":true,"href":"https:\/\/www.lpi.org\/vi\/wp-json\/wp\/v2\/pages\/17926"}],"wp:attachment":[{"href":"https:\/\/www.lpi.org\/vi\/wp-json\/wp\/v2\/media?parent=18011"}],"curies":[{"name":"wp","href":"https:\/\/api.w.org\/{rel}","templated":true}]}}