{"id":18026,"date":"2023-04-06T09:32:58","date_gmt":"2023-04-06T13:32:58","guid":{"rendered":"https:\/\/www.lpi.org\/bao-cao-bau-cu-hoi-dong-quan-tri-linux-professional-institute-lpi-nam-2022\/"},"modified":"2023-09-20T06:24:45","modified_gmt":"2023-09-20T10:24:45","slug":"bao-cao-bau-cu-hoi-dong-quan-tri-linux-professional-institute-lpi-nam-2022","status":"publish","type":"page","link":"https:\/\/www.lpi.org\/vi\/bao-cao-bau-cu-hoi-dong-quan-tri-linux-professional-institute-lpi-nam-2022\/","title":{"rendered":"B\u00e1o c\u00e1o B\u1ea7u c\u1eed H\u1ed9i \u0111\u1ed3ng qu\u1ea3n tr\u1ecb Linux Professional Institute (LPI) n\u0103m 2022"},"content":{"rendered":"<h2>Ch\u00e0o m\u1eebng \u0111\u1ebfn trang B\u00e1o c\u00e1o c\u1ee7a Linux Professional Institute<\/h2>\n<p>\u0110\u00e2y l\u00e0 n\u01a1i Linux Professional Institute (LPI) cung c\u1ea5p cho b\u1ea1n c\u00e1c b\u00e1o c\u00e1o v\u00e0 t\u00e0i li\u1ec7u quan tr\u1ecdng kh\u00e1c v\u1ec1 cu\u1ed9c B\u1ea7u c\u1eed H\u1ed9i \u0111\u1ed3ng qu\u1ea3n tr\u1ecb v\u00e0 cu\u1ed9c h\u1ecdp \u0110\u1ea1i h\u1ed9i \u0111\u1ed3ng th\u01b0\u1eddng ni\u00ean n\u0103m 2022 \u0111\u1ec3 t\u1ea3i xu\u1ed1ng. N\u1ebfu c\u00f3 n\u1ed9i dung n\u00e0o b\u1ea1n \u0111ang t\u00ecm ki\u1ebfm m\u00e0 kh\u00f4ng \u0111\u01b0\u1ee3c \u0111\u01b0a v\u00e0o, vui l\u00f2ng cho ch\u00fang t\u00f4i bi\u1ebft t\u1ea1i \u0111\u1ecba ch\u1ec9 <a href=\"mailto:marketing@lpi.org\" data-cke-saved-href=\"mailto:marketing@lpi.org\">marketing@lpi.org<\/a>.<\/p>\n<p><strong>T\u1ea3i xu\u1ed1ng<\/strong><\/p>\n<ul>\n<li><a href=\"https:\/\/www.lpi.org\/sites\/default\/files\/Linux-Professional-Institute-Financial-Audit.pdf\" target=\"_blank\" rel=\"noopener\" data-cke-saved-href=\"https:\/\/www.lpi.org\/sites\/default\/files\/Linux-Professional-Institute-Financial-Audit.pdf\">Ki\u1ec3m to\u00e1n T\u00e0i ch\u00ednh cho vi\u1ec7c Ph\u00ea duy\u1ec7t Th\u00e0nh vi\u00ean n\u0103m 2021<\/a><\/li>\n<li><a href=\"https:\/\/www.lpi.org\/sites\/default\/files\/220621_2021AGM_Minutes_DRAFT.pdf\" target=\"_blank\" rel=\"noopener\" data-cke-saved-href=\"https:\/\/www.lpi.org\/sites\/default\/files\/220621_2021AGM_Minutes_DRAFT.pdf\">Bi\u00ean b\u1ea3n \u0110\u1ea1i h\u1ed9i \u0111\u1ed3ng th\u01b0\u1eddng ni\u00ean n\u0103m 2021<\/a><\/li>\n<li><a href=\"https:\/\/www.lpi.org\/sites\/default\/files\/220625_AGM_Agenda_DRAFT.pdf\" target=\"_blank\" rel=\"noopener\" data-cke-saved-href=\"https:\/\/www.lpi.org\/sites\/default\/files\/220625_AGM_Agenda_DRAFT.pdf\">N\u1ed9i dung ch\u01b0\u01a1ng tr\u00ecnh \u0110\u1ea1i h\u1ed9i \u0111\u1ed3ng th\u01b0\u1eddng ni\u00ean v\u00e0\u00a0 Ngh\u1ecb quy\u1ebft n\u0103m 2022<\/a><\/li>\n<li><a href=\"https:\/\/www.lpi.org\/sites\/default\/files\/2022-Annual-Review.pdf\">\u0110\u00e1nh gi\u00e1 th\u01b0\u1eddng ni\u00ean n\u0103m 2022<\/a><\/li>\n<\/ul>\n","protected":false},"excerpt":{"rendered":"<p>Ch\u00e0o m\u1eebng \u0111\u1ebfn trang B\u00e1o c\u00e1o c\u1ee7a Linux Professional Institute \u0110\u00e2y l\u00e0 n\u01a1i Linux Professional Institute (LPI) cung c\u1ea5p cho b\u1ea1n c\u00e1c b\u00e1o c\u00e1o v\u00e0 t\u00e0i li\u1ec7u quan tr\u1ecdng kh\u00e1c v\u1ec1 cu\u1ed9c B\u1ea7u c\u1eed H\u1ed9i \u0111\u1ed3ng qu\u1ea3n tr\u1ecb v\u00e0 cu\u1ed9c &#8230; <a href=\"https:\/\/www.lpi.org\/vi\/bao-cao-bau-cu-hoi-dong-quan-tri-linux-professional-institute-lpi-nam-2022\/\" class=\"button-link\">Read more<\/a><\/p>\n","protected":false},"author":1,"featured_media":0,"parent":0,"menu_order":0,"comment_status":"closed","ping_status":"closed","template":"","meta":{"_acf_changed":false,"footnotes":""},"class_list":["post-18026","page","type-page","status-publish","hentry"],"acf":[],"yoast_head":"<!-- This site is optimized with the Yoast SEO Premium plugin v27.2 (Yoast SEO v27.3) - https:\/\/yoast.com\/product\/yoast-seo-premium-wordpress\/ -->\n<title>2022 Board Election Reports - Linux Professional Institute (LPI)<\/title>\n<meta name=\"description\" content=\"T\u1ea3i xu\u1ed1ng c\u00e1c b\u00e1o c\u00e1o v\u00e0 t\u00e0i li\u1ec7u quan tr\u1ecdng kh\u00e1c v\u1ec1 B\u1ea7u c\u1eed H\u1ed9i \u0111\u1ed3ng qu\u1ea3n tr\u1ecb v\u00e0 cu\u1ed9c h\u1ecdp \u0110\u1ea1i h\u1ed9i \u0111\u1ed3ng th\u01b0\u1eddng ni\u00ean n\u0103m 2022.\" \/>\n<meta name=\"robots\" content=\"index, follow, max-snippet:-1, max-image-preview:large, max-video-preview:-1\" \/>\n<link rel=\"canonical\" href=\"https:\/\/www.lpi.org\/vi\/bao-cao-bau-cu-hoi-dong-quan-tri-linux-professional-institute-lpi-nam-2022\/\" \/>\n<meta property=\"og:locale\" content=\"vi_VN\" \/>\n<meta property=\"og:type\" content=\"article\" \/>\n<meta property=\"og:title\" content=\"B\u00e1o c\u00e1o B\u1ea7u c\u1eed H\u1ed9i \u0111\u1ed3ng qu\u1ea3n tr\u1ecb Linux Professional Institute (LPI) n\u0103m 2022\" \/>\n<meta property=\"og:description\" content=\"T\u1ea3i xu\u1ed1ng c\u00e1c b\u00e1o c\u00e1o v\u00e0 t\u00e0i li\u1ec7u quan tr\u1ecdng kh\u00e1c v\u1ec1 B\u1ea7u c\u1eed H\u1ed9i \u0111\u1ed3ng qu\u1ea3n tr\u1ecb v\u00e0 cu\u1ed9c h\u1ecdp \u0110\u1ea1i h\u1ed9i \u0111\u1ed3ng th\u01b0\u1eddng ni\u00ean n\u0103m 2022.\" \/>\n<meta property=\"og:url\" content=\"https:\/\/www.lpi.org\/vi\/bao-cao-bau-cu-hoi-dong-quan-tri-linux-professional-institute-lpi-nam-2022\/\" \/>\n<meta property=\"og:site_name\" content=\"Linux Professional Institute (LPI)\" \/>\n<meta property=\"article:publisher\" content=\"https:\/\/www.facebook.com\/LPIConnect\" \/>\n<meta property=\"article:modified_time\" content=\"2023-09-20T10:24:45+00:00\" \/>\n<meta name=\"twitter:card\" content=\"summary_large_image\" \/>\n<meta name=\"twitter:site\" content=\"@lpiconnect\" \/>\n<meta name=\"twitter:label1\" content=\"Est. reading time\" \/>\n\t<meta name=\"twitter:data1\" content=\"1 minute\" \/>\n<script type=\"application\/ld+json\" class=\"yoast-schema-graph\">{\"@context\":\"https:\\\/\\\/schema.org\",\"@graph\":[{\"@type\":\"WebPage\",\"@id\":\"https:\\\/\\\/www.lpi.org\\\/vi\\\/bao-cao-bau-cu-hoi-dong-quan-tri-linux-professional-institute-lpi-nam-2022\\\/\",\"url\":\"https:\\\/\\\/www.lpi.org\\\/vi\\\/bao-cao-bau-cu-hoi-dong-quan-tri-linux-professional-institute-lpi-nam-2022\\\/\",\"name\":\"2022 Board Election Reports - Linux Professional Institute (LPI)\",\"isPartOf\":{\"@id\":\"https:\\\/\\\/www.lpi.org\\\/vi\\\/#website\"},\"datePublished\":\"2023-04-06T13:32:58+00:00\",\"dateModified\":\"2023-09-20T10:24:45+00:00\",\"description\":\"T\u1ea3i xu\u1ed1ng c\u00e1c b\u00e1o c\u00e1o v\u00e0 t\u00e0i li\u1ec7u quan tr\u1ecdng kh\u00e1c v\u1ec1 B\u1ea7u c\u1eed H\u1ed9i \u0111\u1ed3ng qu\u1ea3n tr\u1ecb v\u00e0 cu\u1ed9c h\u1ecdp \u0110\u1ea1i h\u1ed9i \u0111\u1ed3ng th\u01b0\u1eddng ni\u00ean n\u0103m 2022.\",\"breadcrumb\":{\"@id\":\"https:\\\/\\\/www.lpi.org\\\/vi\\\/bao-cao-bau-cu-hoi-dong-quan-tri-linux-professional-institute-lpi-nam-2022\\\/#breadcrumb\"},\"inLanguage\":\"vi-VN\",\"potentialAction\":[{\"@type\":\"ReadAction\",\"target\":[\"https:\\\/\\\/www.lpi.org\\\/vi\\\/bao-cao-bau-cu-hoi-dong-quan-tri-linux-professional-institute-lpi-nam-2022\\\/\"]}]},{\"@type\":\"BreadcrumbList\",\"@id\":\"https:\\\/\\\/www.lpi.org\\\/vi\\\/bao-cao-bau-cu-hoi-dong-quan-tri-linux-professional-institute-lpi-nam-2022\\\/#breadcrumb\",\"itemListElement\":[{\"@type\":\"ListItem\",\"position\":1,\"name\":\"Home\",\"item\":\"https:\\\/\\\/www.lpi.org\\\/vi\\\/\"},{\"@type\":\"ListItem\",\"position\":2,\"name\":\"B\u00e1o c\u00e1o B\u1ea7u c\u1eed H\u1ed9i \u0111\u1ed3ng qu\u1ea3n tr\u1ecb Linux Professional Institute (LPI) n\u0103m 2022\"}]},{\"@type\":\"WebSite\",\"@id\":\"https:\\\/\\\/www.lpi.org\\\/vi\\\/#website\",\"url\":\"https:\\\/\\\/www.lpi.org\\\/vi\\\/\",\"name\":\"Linux Professional Institute (LPI)\",\"description\":\"\",\"publisher\":{\"@id\":\"https:\\\/\\\/www.lpi.org\\\/vi\\\/#organization\"},\"potentialAction\":[{\"@type\":\"SearchAction\",\"target\":{\"@type\":\"EntryPoint\",\"urlTemplate\":\"https:\\\/\\\/www.lpi.org\\\/vi\\\/?s={search_term_string}\"},\"query-input\":{\"@type\":\"PropertyValueSpecification\",\"valueRequired\":true,\"valueName\":\"search_term_string\"}}],\"inLanguage\":\"vi-VN\"},{\"@type\":\"Organization\",\"@id\":\"https:\\\/\\\/www.lpi.org\\\/vi\\\/#organization\",\"name\":\"Linux Professional Institute (LPI)\",\"url\":\"https:\\\/\\\/www.lpi.org\\\/vi\\\/\",\"logo\":{\"@type\":\"ImageObject\",\"inLanguage\":\"vi-VN\",\"@id\":\"https:\\\/\\\/www.lpi.org\\\/vi\\\/#\\\/schema\\\/logo\\\/image\\\/\",\"url\":\"https:\\\/\\\/www.lpi.org\\\/wp-content\\\/uploads\\\/2023\\\/04\\\/logo.png\",\"contentUrl\":\"https:\\\/\\\/www.lpi.org\\\/wp-content\\\/uploads\\\/2023\\\/04\\\/logo.png\",\"width\":496,\"height\":175,\"caption\":\"Linux Professional Institute (LPI)\"},\"image\":{\"@id\":\"https:\\\/\\\/www.lpi.org\\\/vi\\\/#\\\/schema\\\/logo\\\/image\\\/\"},\"sameAs\":[\"https:\\\/\\\/www.facebook.com\\\/LPIConnect\",\"https:\\\/\\\/x.com\\\/lpiconnect\",\"https:\\\/\\\/www.linkedin.com\\\/company\\\/35136\",\"https:\\\/\\\/www.instagram.com\\\/lpi_org\\\/\",\"https:\\\/\\\/fosstodon.org\\\/@LPI\"]}]}<\/script>\n<!-- \/ Yoast SEO Premium plugin. -->","yoast_head_json":{"title":"2022 Board Election Reports - Linux Professional Institute (LPI)","description":"T\u1ea3i xu\u1ed1ng c\u00e1c b\u00e1o c\u00e1o v\u00e0 t\u00e0i li\u1ec7u quan tr\u1ecdng kh\u00e1c v\u1ec1 B\u1ea7u c\u1eed H\u1ed9i \u0111\u1ed3ng qu\u1ea3n tr\u1ecb v\u00e0 cu\u1ed9c h\u1ecdp \u0110\u1ea1i h\u1ed9i \u0111\u1ed3ng th\u01b0\u1eddng ni\u00ean n\u0103m 2022.","robots":{"index":"index","follow":"follow","max-snippet":"max-snippet:-1","max-image-preview":"max-image-preview:large","max-video-preview":"max-video-preview:-1"},"canonical":"https:\/\/www.lpi.org\/vi\/bao-cao-bau-cu-hoi-dong-quan-tri-linux-professional-institute-lpi-nam-2022\/","og_locale":"vi_VN","og_type":"article","og_title":"B\u00e1o c\u00e1o B\u1ea7u c\u1eed H\u1ed9i \u0111\u1ed3ng qu\u1ea3n tr\u1ecb Linux Professional Institute (LPI) n\u0103m 2022","og_description":"T\u1ea3i xu\u1ed1ng c\u00e1c b\u00e1o c\u00e1o v\u00e0 t\u00e0i li\u1ec7u quan tr\u1ecdng kh\u00e1c v\u1ec1 B\u1ea7u c\u1eed H\u1ed9i \u0111\u1ed3ng qu\u1ea3n tr\u1ecb v\u00e0 cu\u1ed9c h\u1ecdp \u0110\u1ea1i h\u1ed9i \u0111\u1ed3ng th\u01b0\u1eddng ni\u00ean n\u0103m 2022.","og_url":"https:\/\/www.lpi.org\/vi\/bao-cao-bau-cu-hoi-dong-quan-tri-linux-professional-institute-lpi-nam-2022\/","og_site_name":"Linux Professional Institute (LPI)","article_publisher":"https:\/\/www.facebook.com\/LPIConnect","article_modified_time":"2023-09-20T10:24:45+00:00","twitter_card":"summary_large_image","twitter_site":"@lpiconnect","twitter_misc":{"Est. reading time":"1 minute"},"schema":{"@context":"https:\/\/schema.org","@graph":[{"@type":"WebPage","@id":"https:\/\/www.lpi.org\/vi\/bao-cao-bau-cu-hoi-dong-quan-tri-linux-professional-institute-lpi-nam-2022\/","url":"https:\/\/www.lpi.org\/vi\/bao-cao-bau-cu-hoi-dong-quan-tri-linux-professional-institute-lpi-nam-2022\/","name":"2022 Board Election Reports - Linux Professional Institute (LPI)","isPartOf":{"@id":"https:\/\/www.lpi.org\/vi\/#website"},"datePublished":"2023-04-06T13:32:58+00:00","dateModified":"2023-09-20T10:24:45+00:00","description":"T\u1ea3i xu\u1ed1ng c\u00e1c b\u00e1o c\u00e1o v\u00e0 t\u00e0i li\u1ec7u quan tr\u1ecdng kh\u00e1c v\u1ec1 B\u1ea7u c\u1eed H\u1ed9i \u0111\u1ed3ng qu\u1ea3n tr\u1ecb v\u00e0 cu\u1ed9c h\u1ecdp \u0110\u1ea1i h\u1ed9i \u0111\u1ed3ng th\u01b0\u1eddng ni\u00ean n\u0103m 2022.","breadcrumb":{"@id":"https:\/\/www.lpi.org\/vi\/bao-cao-bau-cu-hoi-dong-quan-tri-linux-professional-institute-lpi-nam-2022\/#breadcrumb"},"inLanguage":"vi-VN","potentialAction":[{"@type":"ReadAction","target":["https:\/\/www.lpi.org\/vi\/bao-cao-bau-cu-hoi-dong-quan-tri-linux-professional-institute-lpi-nam-2022\/"]}]},{"@type":"BreadcrumbList","@id":"https:\/\/www.lpi.org\/vi\/bao-cao-bau-cu-hoi-dong-quan-tri-linux-professional-institute-lpi-nam-2022\/#breadcrumb","itemListElement":[{"@type":"ListItem","position":1,"name":"Home","item":"https:\/\/www.lpi.org\/vi\/"},{"@type":"ListItem","position":2,"name":"B\u00e1o c\u00e1o B\u1ea7u c\u1eed H\u1ed9i \u0111\u1ed3ng qu\u1ea3n tr\u1ecb Linux Professional Institute (LPI) n\u0103m 2022"}]},{"@type":"WebSite","@id":"https:\/\/www.lpi.org\/vi\/#website","url":"https:\/\/www.lpi.org\/vi\/","name":"Linux Professional Institute (LPI)","description":"","publisher":{"@id":"https:\/\/www.lpi.org\/vi\/#organization"},"potentialAction":[{"@type":"SearchAction","target":{"@type":"EntryPoint","urlTemplate":"https:\/\/www.lpi.org\/vi\/?s={search_term_string}"},"query-input":{"@type":"PropertyValueSpecification","valueRequired":true,"valueName":"search_term_string"}}],"inLanguage":"vi-VN"},{"@type":"Organization","@id":"https:\/\/www.lpi.org\/vi\/#organization","name":"Linux Professional Institute (LPI)","url":"https:\/\/www.lpi.org\/vi\/","logo":{"@type":"ImageObject","inLanguage":"vi-VN","@id":"https:\/\/www.lpi.org\/vi\/#\/schema\/logo\/image\/","url":"https:\/\/www.lpi.org\/wp-content\/uploads\/2023\/04\/logo.png","contentUrl":"https:\/\/www.lpi.org\/wp-content\/uploads\/2023\/04\/logo.png","width":496,"height":175,"caption":"Linux Professional Institute (LPI)"},"image":{"@id":"https:\/\/www.lpi.org\/vi\/#\/schema\/logo\/image\/"},"sameAs":["https:\/\/www.facebook.com\/LPIConnect","https:\/\/x.com\/lpiconnect","https:\/\/www.linkedin.com\/company\/35136","https:\/\/www.instagram.com\/lpi_org\/","https:\/\/fosstodon.org\/@LPI"]}]}},"_links":{"self":[{"href":"https:\/\/www.lpi.org\/vi\/wp-json\/wp\/v2\/pages\/18026","targetHints":{"allow":["GET"]}}],"collection":[{"href":"https:\/\/www.lpi.org\/vi\/wp-json\/wp\/v2\/pages"}],"about":[{"href":"https:\/\/www.lpi.org\/vi\/wp-json\/wp\/v2\/types\/page"}],"author":[{"embeddable":true,"href":"https:\/\/www.lpi.org\/vi\/wp-json\/wp\/v2\/users\/1"}],"replies":[{"embeddable":true,"href":"https:\/\/www.lpi.org\/vi\/wp-json\/wp\/v2\/comments?post=18026"}],"version-history":[{"count":2,"href":"https:\/\/www.lpi.org\/vi\/wp-json\/wp\/v2\/pages\/18026\/revisions"}],"predecessor-version":[{"id":18028,"href":"https:\/\/www.lpi.org\/vi\/wp-json\/wp\/v2\/pages\/18026\/revisions\/18028"}],"wp:attachment":[{"href":"https:\/\/www.lpi.org\/vi\/wp-json\/wp\/v2\/media?parent=18026"}],"curies":[{"name":"wp","href":"https:\/\/api.w.org\/{rel}","templated":true}]}}