{"id":18094,"date":"2023-04-06T06:35:58","date_gmt":"2023-04-06T10:35:58","guid":{"rendered":"https:\/\/www.lpi.org\/tai-sao-la-nhan-vien-co-chung-nhan\/"},"modified":"2023-11-17T20:50:48","modified_gmt":"2023-11-18T01:50:48","slug":"tai-sao-la-nhan-vien-co-chung-nhan","status":"publish","type":"page","link":"https:\/\/www.lpi.org\/vi\/tai-sao-la-nhan-vien-co-chung-nhan\/","title":{"rendered":"T\u1ea1i Sao N\u00ean Tuy\u1ec3n D\u1ee5ng Nh\u00e2n Vi\u00ean C\u00f3 Ch\u1ee9ng Ch\u1ec9"},"content":{"rendered":"","protected":false},"excerpt":{"rendered":"","protected":false},"author":1,"featured_media":0,"parent":0,"menu_order":0,"comment_status":"closed","ping_status":"closed","template":"template-sections.php","meta":{"_acf_changed":false,"footnotes":""},"class_list":["post-18094","page","type-page","status-publish","hentry"],"acf":[],"yoast_head":"<!-- This site is optimized with the Yoast SEO Premium plugin v27.2 (Yoast SEO v27.4) - https:\/\/yoast.com\/product\/yoast-seo-premium-wordpress\/ -->\n<title>T\u1ea1i Sao N\u00ean Tuy\u1ec3n D\u1ee5ng Nh\u00e2n Vi\u00ean C\u00f3 Ch\u1ee9ng Ch\u1ec9 - Linux Professional Institute (LPI)<\/title>\n<meta name=\"description\" content=\"Khi b\u1ea1n tuy\u1ec3n d\u1ee5ng c\u00e1c chuy\u00ean gia c\u00f3 ch\u1ee9ng nh\u1eadn c\u1ee7a Linux Professional Institute (LPI), b\u1ea1n t\u1eadn d\u1ee5ng \u0111\u01b0\u1ee3c b\u1ed9 k\u1ef9 n\u0103ng m\u00e3 ngu\u1ed3n m\u1edf v\u00e0 Linux t\u1ed1t nh\u1ea5t.\" \/>\n<meta name=\"robots\" content=\"index, follow, max-snippet:-1, max-image-preview:large, max-video-preview:-1\" \/>\n<link rel=\"canonical\" href=\"https:\/\/www.lpi.org\/vi\/tai-sao-la-nhan-vien-co-chung-nhan\/\" \/>\n<meta property=\"og:locale\" content=\"vi_VN\" \/>\n<meta property=\"og:type\" content=\"article\" \/>\n<meta property=\"og:title\" content=\"T\u1ea1i Sao N\u00ean Tuy\u1ec3n D\u1ee5ng Nh\u00e2n Vi\u00ean C\u00f3 Ch\u1ee9ng Ch\u1ec9\" \/>\n<meta property=\"og:description\" content=\"Khi b\u1ea1n tuy\u1ec3n d\u1ee5ng c\u00e1c chuy\u00ean gia c\u00f3 ch\u1ee9ng nh\u1eadn c\u1ee7a Linux Professional Institute (LPI), b\u1ea1n t\u1eadn d\u1ee5ng \u0111\u01b0\u1ee3c b\u1ed9 k\u1ef9 n\u0103ng m\u00e3 ngu\u1ed3n m\u1edf v\u00e0 Linux t\u1ed1t nh\u1ea5t.\" \/>\n<meta property=\"og:url\" content=\"https:\/\/www.lpi.org\/vi\/tai-sao-la-nhan-vien-co-chung-nhan\/\" \/>\n<meta property=\"og:site_name\" content=\"Linux Professional Institute (LPI)\" \/>\n<meta property=\"article:publisher\" content=\"https:\/\/www.facebook.com\/LPIConnect\" \/>\n<meta property=\"article:modified_time\" content=\"2023-11-18T01:50:48+00:00\" \/>\n<meta name=\"twitter:card\" content=\"summary_large_image\" \/>\n<meta name=\"twitter:site\" content=\"@lpiconnect\" \/>\n<script type=\"application\/ld+json\" class=\"yoast-schema-graph\">{\"@context\":\"https:\\\/\\\/schema.org\",\"@graph\":[{\"@type\":\"WebPage\",\"@id\":\"https:\\\/\\\/www.lpi.org\\\/vi\\\/tai-sao-la-nhan-vien-co-chung-nhan\\\/\",\"url\":\"https:\\\/\\\/www.lpi.org\\\/vi\\\/tai-sao-la-nhan-vien-co-chung-nhan\\\/\",\"name\":\"T\u1ea1i Sao N\u00ean Tuy\u1ec3n D\u1ee5ng Nh\u00e2n Vi\u00ean C\u00f3 Ch\u1ee9ng Ch\u1ec9 - Linux Professional Institute (LPI)\",\"isPartOf\":{\"@id\":\"https:\\\/\\\/www.lpi.org\\\/vi\\\/#website\"},\"datePublished\":\"2023-04-06T10:35:58+00:00\",\"dateModified\":\"2023-11-18T01:50:48+00:00\",\"description\":\"Khi b\u1ea1n tuy\u1ec3n d\u1ee5ng c\u00e1c chuy\u00ean gia c\u00f3 ch\u1ee9ng nh\u1eadn c\u1ee7a Linux Professional Institute (LPI), b\u1ea1n t\u1eadn d\u1ee5ng \u0111\u01b0\u1ee3c b\u1ed9 k\u1ef9 n\u0103ng m\u00e3 ngu\u1ed3n m\u1edf v\u00e0 Linux t\u1ed1t nh\u1ea5t.\",\"breadcrumb\":{\"@id\":\"https:\\\/\\\/www.lpi.org\\\/vi\\\/tai-sao-la-nhan-vien-co-chung-nhan\\\/#breadcrumb\"},\"inLanguage\":\"vi-VN\",\"potentialAction\":[{\"@type\":\"ReadAction\",\"target\":[\"https:\\\/\\\/www.lpi.org\\\/vi\\\/tai-sao-la-nhan-vien-co-chung-nhan\\\/\"]}]},{\"@type\":\"BreadcrumbList\",\"@id\":\"https:\\\/\\\/www.lpi.org\\\/vi\\\/tai-sao-la-nhan-vien-co-chung-nhan\\\/#breadcrumb\",\"itemListElement\":[{\"@type\":\"ListItem\",\"position\":1,\"name\":\"Home\",\"item\":\"https:\\\/\\\/www.lpi.org\\\/vi\\\/\"},{\"@type\":\"ListItem\",\"position\":2,\"name\":\"T\u1ea1i Sao N\u00ean Tuy\u1ec3n D\u1ee5ng Nh\u00e2n Vi\u00ean C\u00f3 Ch\u1ee9ng Ch\u1ec9\"}]},{\"@type\":\"WebSite\",\"@id\":\"https:\\\/\\\/www.lpi.org\\\/vi\\\/#website\",\"url\":\"https:\\\/\\\/www.lpi.org\\\/vi\\\/\",\"name\":\"Linux Professional Institute (LPI)\",\"description\":\"\",\"publisher\":{\"@id\":\"https:\\\/\\\/www.lpi.org\\\/vi\\\/#organization\"},\"potentialAction\":[{\"@type\":\"SearchAction\",\"target\":{\"@type\":\"EntryPoint\",\"urlTemplate\":\"https:\\\/\\\/www.lpi.org\\\/vi\\\/?s={search_term_string}\"},\"query-input\":{\"@type\":\"PropertyValueSpecification\",\"valueRequired\":true,\"valueName\":\"search_term_string\"}}],\"inLanguage\":\"vi-VN\"},{\"@type\":\"Organization\",\"@id\":\"https:\\\/\\\/www.lpi.org\\\/vi\\\/#organization\",\"name\":\"Linux Professional Institute (LPI)\",\"url\":\"https:\\\/\\\/www.lpi.org\\\/vi\\\/\",\"logo\":{\"@type\":\"ImageObject\",\"inLanguage\":\"vi-VN\",\"@id\":\"https:\\\/\\\/www.lpi.org\\\/vi\\\/#\\\/schema\\\/logo\\\/image\\\/\",\"url\":\"https:\\\/\\\/www.lpi.org\\\/wp-content\\\/uploads\\\/2023\\\/04\\\/logo.png\",\"contentUrl\":\"https:\\\/\\\/www.lpi.org\\\/wp-content\\\/uploads\\\/2023\\\/04\\\/logo.png\",\"width\":496,\"height\":175,\"caption\":\"Linux Professional Institute (LPI)\"},\"image\":{\"@id\":\"https:\\\/\\\/www.lpi.org\\\/vi\\\/#\\\/schema\\\/logo\\\/image\\\/\"},\"sameAs\":[\"https:\\\/\\\/www.facebook.com\\\/LPIConnect\",\"https:\\\/\\\/x.com\\\/lpiconnect\",\"https:\\\/\\\/www.linkedin.com\\\/company\\\/35136\",\"https:\\\/\\\/www.instagram.com\\\/lpi_org\\\/\",\"https:\\\/\\\/fosstodon.org\\\/@LPI\"]}]}<\/script>\n<!-- \/ Yoast SEO Premium plugin. -->","yoast_head_json":{"title":"T\u1ea1i Sao N\u00ean Tuy\u1ec3n D\u1ee5ng Nh\u00e2n Vi\u00ean C\u00f3 Ch\u1ee9ng Ch\u1ec9 - Linux Professional Institute (LPI)","description":"Khi b\u1ea1n tuy\u1ec3n d\u1ee5ng c\u00e1c chuy\u00ean gia c\u00f3 ch\u1ee9ng nh\u1eadn c\u1ee7a Linux Professional Institute (LPI), b\u1ea1n t\u1eadn d\u1ee5ng \u0111\u01b0\u1ee3c b\u1ed9 k\u1ef9 n\u0103ng m\u00e3 ngu\u1ed3n m\u1edf v\u00e0 Linux t\u1ed1t nh\u1ea5t.","robots":{"index":"index","follow":"follow","max-snippet":"max-snippet:-1","max-image-preview":"max-image-preview:large","max-video-preview":"max-video-preview:-1"},"canonical":"https:\/\/www.lpi.org\/vi\/tai-sao-la-nhan-vien-co-chung-nhan\/","og_locale":"vi_VN","og_type":"article","og_title":"T\u1ea1i Sao N\u00ean Tuy\u1ec3n D\u1ee5ng Nh\u00e2n Vi\u00ean C\u00f3 Ch\u1ee9ng Ch\u1ec9","og_description":"Khi b\u1ea1n tuy\u1ec3n d\u1ee5ng c\u00e1c chuy\u00ean gia c\u00f3 ch\u1ee9ng nh\u1eadn c\u1ee7a Linux Professional Institute (LPI), b\u1ea1n t\u1eadn d\u1ee5ng \u0111\u01b0\u1ee3c b\u1ed9 k\u1ef9 n\u0103ng m\u00e3 ngu\u1ed3n m\u1edf v\u00e0 Linux t\u1ed1t nh\u1ea5t.","og_url":"https:\/\/www.lpi.org\/vi\/tai-sao-la-nhan-vien-co-chung-nhan\/","og_site_name":"Linux Professional Institute (LPI)","article_publisher":"https:\/\/www.facebook.com\/LPIConnect","article_modified_time":"2023-11-18T01:50:48+00:00","twitter_card":"summary_large_image","twitter_site":"@lpiconnect","schema":{"@context":"https:\/\/schema.org","@graph":[{"@type":"WebPage","@id":"https:\/\/www.lpi.org\/vi\/tai-sao-la-nhan-vien-co-chung-nhan\/","url":"https:\/\/www.lpi.org\/vi\/tai-sao-la-nhan-vien-co-chung-nhan\/","name":"T\u1ea1i Sao N\u00ean Tuy\u1ec3n D\u1ee5ng Nh\u00e2n Vi\u00ean C\u00f3 Ch\u1ee9ng Ch\u1ec9 - Linux Professional Institute (LPI)","isPartOf":{"@id":"https:\/\/www.lpi.org\/vi\/#website"},"datePublished":"2023-04-06T10:35:58+00:00","dateModified":"2023-11-18T01:50:48+00:00","description":"Khi b\u1ea1n tuy\u1ec3n d\u1ee5ng c\u00e1c chuy\u00ean gia c\u00f3 ch\u1ee9ng nh\u1eadn c\u1ee7a Linux Professional Institute (LPI), b\u1ea1n t\u1eadn d\u1ee5ng \u0111\u01b0\u1ee3c b\u1ed9 k\u1ef9 n\u0103ng m\u00e3 ngu\u1ed3n m\u1edf v\u00e0 Linux t\u1ed1t nh\u1ea5t.","breadcrumb":{"@id":"https:\/\/www.lpi.org\/vi\/tai-sao-la-nhan-vien-co-chung-nhan\/#breadcrumb"},"inLanguage":"vi-VN","potentialAction":[{"@type":"ReadAction","target":["https:\/\/www.lpi.org\/vi\/tai-sao-la-nhan-vien-co-chung-nhan\/"]}]},{"@type":"BreadcrumbList","@id":"https:\/\/www.lpi.org\/vi\/tai-sao-la-nhan-vien-co-chung-nhan\/#breadcrumb","itemListElement":[{"@type":"ListItem","position":1,"name":"Home","item":"https:\/\/www.lpi.org\/vi\/"},{"@type":"ListItem","position":2,"name":"T\u1ea1i Sao N\u00ean Tuy\u1ec3n D\u1ee5ng Nh\u00e2n Vi\u00ean C\u00f3 Ch\u1ee9ng Ch\u1ec9"}]},{"@type":"WebSite","@id":"https:\/\/www.lpi.org\/vi\/#website","url":"https:\/\/www.lpi.org\/vi\/","name":"Linux Professional Institute (LPI)","description":"","publisher":{"@id":"https:\/\/www.lpi.org\/vi\/#organization"},"potentialAction":[{"@type":"SearchAction","target":{"@type":"EntryPoint","urlTemplate":"https:\/\/www.lpi.org\/vi\/?s={search_term_string}"},"query-input":{"@type":"PropertyValueSpecification","valueRequired":true,"valueName":"search_term_string"}}],"inLanguage":"vi-VN"},{"@type":"Organization","@id":"https:\/\/www.lpi.org\/vi\/#organization","name":"Linux Professional Institute (LPI)","url":"https:\/\/www.lpi.org\/vi\/","logo":{"@type":"ImageObject","inLanguage":"vi-VN","@id":"https:\/\/www.lpi.org\/vi\/#\/schema\/logo\/image\/","url":"https:\/\/www.lpi.org\/wp-content\/uploads\/2023\/04\/logo.png","contentUrl":"https:\/\/www.lpi.org\/wp-content\/uploads\/2023\/04\/logo.png","width":496,"height":175,"caption":"Linux Professional Institute (LPI)"},"image":{"@id":"https:\/\/www.lpi.org\/vi\/#\/schema\/logo\/image\/"},"sameAs":["https:\/\/www.facebook.com\/LPIConnect","https:\/\/x.com\/lpiconnect","https:\/\/www.linkedin.com\/company\/35136","https:\/\/www.instagram.com\/lpi_org\/","https:\/\/fosstodon.org\/@LPI"]}]}},"_links":{"self":[{"href":"https:\/\/www.lpi.org\/vi\/wp-json\/wp\/v2\/pages\/18094","targetHints":{"allow":["GET"]}}],"collection":[{"href":"https:\/\/www.lpi.org\/vi\/wp-json\/wp\/v2\/pages"}],"about":[{"href":"https:\/\/www.lpi.org\/vi\/wp-json\/wp\/v2\/types\/page"}],"author":[{"embeddable":true,"href":"https:\/\/www.lpi.org\/vi\/wp-json\/wp\/v2\/users\/1"}],"replies":[{"embeddable":true,"href":"https:\/\/www.lpi.org\/vi\/wp-json\/wp\/v2\/comments?post=18094"}],"version-history":[{"count":2,"href":"https:\/\/www.lpi.org\/vi\/wp-json\/wp\/v2\/pages\/18094\/revisions"}],"predecessor-version":[{"id":19356,"href":"https:\/\/www.lpi.org\/vi\/wp-json\/wp\/v2\/pages\/18094\/revisions\/19356"}],"wp:attachment":[{"href":"https:\/\/www.lpi.org\/vi\/wp-json\/wp\/v2\/media?parent=18094"}],"curies":[{"name":"wp","href":"https:\/\/api.w.org\/{rel}","templated":true}]}}