{"id":18107,"date":"2023-04-10T07:46:54","date_gmt":"2023-04-10T11:46:54","guid":{"rendered":"https:\/\/www.lpi.org\/phan-ung-cua-chung-toi-voi-covid-19-vi-rut-corona\/"},"modified":"2023-10-31T10:00:56","modified_gmt":"2023-10-31T14:00:56","slug":"phan-ung-cua-chung-toi-voi-covid-19-vi-rut-corona","status":"publish","type":"page","link":"https:\/\/www.lpi.org\/vi\/phan-ung-cua-chung-toi-voi-covid-19-vi-rut-corona\/","title":{"rendered":"Ph\u1ea3n \u1ee9ng c\u1ee7a ch\u00fang t\u00f4i v\u1edbi COVID-19 (Vi r\u00fat Corona)"},"content":{"rendered":"<p><strong>Thay \u0111\u1ed5i l\u1ea7n cu\u1ed1i ng\u00e0y 12 th\u00e1ng 08 n\u0103m 2022<\/strong><\/p>\n<p>\u0110\u1ec3 l\u00e0m ch\u1eadm s\u1ef1 l\u00e2y lan c\u1ee7a COVID-19 (vi-r\u00fat corona), nh\u1eefng ch\u00ednh s\u00e1ch \u0111\u01b0\u1ee3c ban h\u00e0nh tr\u00ean kh\u1eafp th\u1ebf gi\u1edbi c\u00f3 th\u1ec3 \u1ea3nh h\u01b0\u1edfng \u0111\u1ebfn vi\u1ec7c b\u1ea1n tham gia c\u00e1c k\u1ef3 thi do Linux Professional Institute (LPI) t\u1ed5 ch\u1ee9c ho\u1eb7c l\u00e0m m\u1edbi tr\u1ea1ng th\u00e1i ch\u1ee9ng ch\u1ec9. B\u1edfi v\u00ec s\u1ee9c kh\u1ecfe v\u00e0 an to\u00e0n c\u1ee7a b\u1ea1n l\u00e0 \u01b0u ti\u00ean h\u00e0ng \u0111\u1ea7u n\u00ean ch\u00fang t\u00f4i \u0111ang n\u1ed7 l\u1ef1c th\u1ef1c hi\u1ec7n m\u1ed9t s\u1ed1 thay \u0111\u1ed5i t\u1ea1m th\u1eddi trong ch\u00ednh s\u00e1ch c\u1ee7a m\u00ecnh nh\u1eb1m gi\u1ea3m t\u00e1c \u0111\u1ed9ng \u0111\u1ebfn c\u1ed9ng \u0111\u1ed3ng c\u1ee7a ch\u00fang ta.:<\/p>\n<ul>\n<li>B\u1ea5t k\u1ef3 ch\u1ee9ng ch\u1ec9 n\u00e0o c\u00f3 l\u1ecbch thay \u0111\u1ed5i th\u00e0nh tr\u1ea1ng th\u00e1i h\u1ebft hi\u1ec7u l\u1ef1c v\u00e0o n\u0103m 2021 s\u1ebd \u0111\u01b0\u1ee3c gia h\u1ea1n \u0111\u1ebfn ng\u00e0y 31\/12\/2021.<\/li>\n<li>Nhi\u1ec1u ph\u00f2ng thi LPI \u0111\u00e3 \u0111\u01b0\u1ee3c hu\u1ef7 b\u1ecf, trong m\u1ed9t v\u00e0i tr\u01b0\u1eddng h\u1ee3p s\u1ef1 ki\u1ec7n t\u1ed5 ch\u1ee9c c\u1ee7a h\u1ecd c\u0169ng b\u1ecb hu\u1ef7 b\u1ecf. Nh\u1eefng ng\u01b0\u1eddi \u0111\u00e3 \u0111\u0103ng k\u00fd k\u1ef3 thi s\u1ebd nh\u1eadn \u0111\u01b0\u1ee3c m\u1ed9t phi\u1ebfu thi thay th\u1ebf v\u00e0 khi c\u00f3 th\u1ec3, c\u00e1c ph\u00f2ng thi s\u1ebd \u0111\u01b0\u1ee3c x\u1ebfp l\u1ecbch l\u1ea1i.<\/li>\n<li>LPI cung c\u1ea5p k\u1ef3 thi Linux Essentials, LPIC-1 (101 v\u00e0 102), LPIC-2 (201 v\u00e0 202), c\u00f9ng v\u1edbi LPIC-3 (300, 303, 305, v\u00e0 306) th\u00f4ng qua <a href=\"https:\/\/home.pearsonvue.com\/lpi\" target=\"_blank\" rel=\"noopener\">H\u1ec7 th\u1ed1ng kh\u1ea3o th\u00ed Pearson VUE OnVUE<\/a>. Th\u00ed sinh c\u00f3 th\u1ec3\u00a0 b\u00e0i thi v\u00e0 \u0111\u1ea1t ch\u1ee9ng nh\u1eadn t\u1ea1i nh\u00e0. C\u00e1c ng\u00f4n ng\u1eef b\u1ed5 sung s\u1ebd \u0111\u01b0\u1ee3c cung c\u1ea5p s\u1edbm nh\u1ea5t c\u00f3 th\u1ec3. \u0110\u1ec3 bi\u1ebft th\u00eam th\u00f4ng tin vui l\u00f2ng truy c\u1eadp\u00a0<a href=\"https:\/\/www.lpi.org\/linux-professional-institute-online-testing\">trang kh\u1ea3o th\u00ed tr\u1ef1c tuy\u1ebfn<\/a>.<\/li>\n<\/ul>\n<p>\u0110\u1ed1i t\u00e1c cung c\u1ea5p k\u1ef3 thi c\u1ee7a ch\u00fang t\u00f4i, Pearson VUE, c\u0169ng duy tr\u00ec <a href=\"https:\/\/home.pearsonvue.com\/Standalone-pages\/Coronavirus-update.aspx\">m\u1ed9t trang web COVID-19 ch\u1ee9a th\u00f4ng tin c\u1ee5 th\u1ec3 cho t\u1eebng qu\u1ed1c gia<\/a> v\u1ec1 tr\u1ea1ng th\u00e1i c\u1ee7a c\u00e1c trung t\u00e2m kh\u1ea3o th\u00ed v\u00e0 b\u1ea1n c\u00f3 th\u1ec3 tham d\u1ef1 k\u1ef3 thi LPI \u1edf \u0111\u00f3. L\u01b0u \u00fd r\u1eb1ng t\u1ea1i m\u1ed9t v\u00e0i \u0111\u1ecba \u0111i\u1ec3m Pearson Professional Centers (PPCs) c\u00f3 th\u1ec3 s\u1ebd \u0111\u00f3ng c\u1eeda nh\u01b0ng c\u00e1c trung t\u00e2m kh\u1ea3o th\u00ed VUE v\u1eadn h\u00e0nh \u0111\u1ed9c l\u1eadp c\u00f3 th\u1ec3 s\u1ebd v\u1eabn c\u00f2n ho\u1ea1t \u0111\u1ed9ng. H\u00e3y th\u1ef1c hi\u1ec7n c\u00e1c bi\u1ec7n ph\u00e1p ph\u00f2ng ng\u1eeba th\u00edch h\u1ee3p n\u1ebfu tham gia k\u1ef3 thi v\u00e0o th\u1eddi \u0111i\u1ec3m n\u00e0y.<\/p>\n<p>N\u1ebfu COVID-19 \u1edf khu v\u1ef1c c\u1ee7a b\u1ea1n g\u00e2y ra kh\u00f3 kh\u0103n ch\u01b0a \u0111\u01b0\u1ee3c gi\u1ea3i quy\u1ebft nh\u01b0 b\u00ean tr\u00ean, h\u00e3y li\u00ean h\u1ec7 ch\u00fang t\u00f4i qua email <a href=\"mailto:info@lpi.org\">info@lpi.org<\/a>.<\/p>\n<p>Vui l\u00f2ng truy c\u1eadp \u0111\u1ecbnh k\u1ef3 v\u00e0o trang n\u00e0y \u0111\u1ec3 \u0111\u01b0\u1ee3c c\u1eadp nh\u1eadt v\u1ec1 nh\u1eefng thay \u0111\u1ed5i s\u1eafp t\u1edbi.<\/p>\n<p>Ch\u00fang t\u00f4i t\u1ea1i LPI hy v\u1ecdng r\u1eb1ng b\u1ea1n lu\u00f4n gi\u1eef an to\u00e0n v\u00e0 kh\u1ecfe m\u1ea1nh trong th\u1eddi \u0111i\u1ec3m kh\u00f3 kh\u0103n n\u00e0y. \u0110\u1ec3 \u0111\u01b0\u1ee3c th\u00f4ng tin v\u1ec1 nh\u1eefng g\u00ec b\u1ea1n c\u00f3 th\u1ec3 th\u1ef1c hi\u1ec7n nh\u1eb1m b\u1ea3o v\u1ec7 b\u1ea3n th\u00e2n v\u00e0 nh\u1eefng ng\u01b0\u1eddi xung quanh, h\u00e3y tham kh\u1ea3o \u00fd ki\u1ebfn \u200b\u200bc\u1ee7a ch\u00ednh quy\u1ec1n \u0111\u1ecba ph\u01b0\u01a1ng ho\u1eb7c trang web c\u1ee7a <a href=\"https:\/\/www.who.int\/emergencies\/diseases\/novel-coronavirus-2019\" target=\"_blank\" rel=\"noopener\">T\u1ed5 ch\u1ee9c Y t\u1ebf\u00a0 Th\u1ebf gi\u1edbi (WHO)<\/a>.<\/p>\n","protected":false},"excerpt":{"rendered":"<p>Thay \u0111\u1ed5i l\u1ea7n cu\u1ed1i ng\u00e0y 12 th\u00e1ng 08 n\u0103m 2022 \u0110\u1ec3 l\u00e0m ch\u1eadm s\u1ef1 l\u00e2y lan c\u1ee7a COVID-19 (vi-r\u00fat corona), nh\u1eefng ch\u00ednh s\u00e1ch \u0111\u01b0\u1ee3c ban h\u00e0nh tr\u00ean kh\u1eafp th\u1ebf gi\u1edbi c\u00f3 th\u1ec3 \u1ea3nh h\u01b0\u1edfng \u0111\u1ebfn vi\u1ec7c b\u1ea1n tham gia c\u00e1c &#8230; <a href=\"https:\/\/www.lpi.org\/vi\/phan-ung-cua-chung-toi-voi-covid-19-vi-rut-corona\/\" class=\"button-link\">Read more<\/a><\/p>\n","protected":false},"author":1,"featured_media":0,"parent":0,"menu_order":0,"comment_status":"closed","ping_status":"closed","template":"","meta":{"_acf_changed":false,"footnotes":""},"class_list":["post-18107","page","type-page","status-publish","hentry"],"acf":[],"yoast_head":"<!-- This site is optimized with the Yoast SEO Premium plugin v27.2 (Yoast SEO v27.4) - https:\/\/yoast.com\/product\/yoast-seo-premium-wordpress\/ -->\n<title>Ph\u1ea3n \u1ee9ng c\u1ee7a ch\u00fang t\u00f4i v\u1edbi COVID-19 (Vi r\u00fat Corona) - Linux Professional Institute (LPI)<\/title>\n<meta name=\"description\" content=\"B\u1edfi v\u00ec s\u1ee9c kh\u1ecfe v\u00e0 an to\u00e0n c\u1ee7a b\u1ea1n l\u00e0 \u01b0u ti\u00ean h\u00e0ng \u0111\u1ea7u n\u00ean ch\u00fang t\u00f4i \u0111\u00e3 n\u1ed7 l\u1ef1c th\u1ef1c hi\u1ec7n m\u1ed9t s\u1ed1 thay \u0111\u1ed5i t\u1ea1m th\u1eddi trong ch\u00ednh s\u00e1ch c\u1ee7a m\u00ecnh nh\u1eb1m gi\u1ea3m t\u00e1c \u0111\u1ed9ng \u0111\u1ebfn c\u1ed9ng \u0111\u1ed3ng c\u1ee7a ch\u00fang ta.\" \/>\n<meta name=\"robots\" content=\"index, follow, max-snippet:-1, max-image-preview:large, max-video-preview:-1\" \/>\n<link rel=\"canonical\" href=\"https:\/\/www.lpi.org\/vi\/phan-ung-cua-chung-toi-voi-covid-19-vi-rut-corona\/\" \/>\n<meta property=\"og:locale\" content=\"vi_VN\" \/>\n<meta property=\"og:type\" content=\"article\" \/>\n<meta property=\"og:title\" content=\"Ph\u1ea3n \u1ee9ng c\u1ee7a ch\u00fang t\u00f4i v\u1edbi COVID-19 (Vi r\u00fat Corona)\" \/>\n<meta property=\"og:description\" content=\"B\u1edfi v\u00ec s\u1ee9c kh\u1ecfe v\u00e0 an to\u00e0n c\u1ee7a b\u1ea1n l\u00e0 \u01b0u ti\u00ean h\u00e0ng \u0111\u1ea7u n\u00ean ch\u00fang t\u00f4i \u0111\u00e3 n\u1ed7 l\u1ef1c th\u1ef1c hi\u1ec7n m\u1ed9t s\u1ed1 thay \u0111\u1ed5i t\u1ea1m th\u1eddi trong ch\u00ednh s\u00e1ch c\u1ee7a m\u00ecnh nh\u1eb1m gi\u1ea3m t\u00e1c \u0111\u1ed9ng \u0111\u1ebfn c\u1ed9ng \u0111\u1ed3ng c\u1ee7a ch\u00fang ta.\" \/>\n<meta property=\"og:url\" content=\"https:\/\/www.lpi.org\/vi\/phan-ung-cua-chung-toi-voi-covid-19-vi-rut-corona\/\" \/>\n<meta property=\"og:site_name\" content=\"Linux Professional Institute (LPI)\" \/>\n<meta property=\"article:publisher\" content=\"https:\/\/www.facebook.com\/LPIConnect\" \/>\n<meta property=\"article:modified_time\" content=\"2023-10-31T14:00:56+00:00\" \/>\n<meta name=\"twitter:card\" content=\"summary_large_image\" \/>\n<meta name=\"twitter:site\" content=\"@lpiconnect\" \/>\n<meta name=\"twitter:label1\" content=\"Est. reading time\" \/>\n\t<meta name=\"twitter:data1\" content=\"3 minutes\" \/>\n<script type=\"application\/ld+json\" class=\"yoast-schema-graph\">{\"@context\":\"https:\\\/\\\/schema.org\",\"@graph\":[{\"@type\":\"WebPage\",\"@id\":\"https:\\\/\\\/www.lpi.org\\\/vi\\\/phan-ung-cua-chung-toi-voi-covid-19-vi-rut-corona\\\/\",\"url\":\"https:\\\/\\\/www.lpi.org\\\/vi\\\/phan-ung-cua-chung-toi-voi-covid-19-vi-rut-corona\\\/\",\"name\":\"Ph\u1ea3n \u1ee9ng c\u1ee7a ch\u00fang t\u00f4i v\u1edbi COVID-19 (Vi r\u00fat Corona) - Linux Professional Institute (LPI)\",\"isPartOf\":{\"@id\":\"https:\\\/\\\/www.lpi.org\\\/vi\\\/#website\"},\"datePublished\":\"2023-04-10T11:46:54+00:00\",\"dateModified\":\"2023-10-31T14:00:56+00:00\",\"description\":\"B\u1edfi v\u00ec s\u1ee9c kh\u1ecfe v\u00e0 an to\u00e0n c\u1ee7a b\u1ea1n l\u00e0 \u01b0u ti\u00ean h\u00e0ng \u0111\u1ea7u n\u00ean ch\u00fang t\u00f4i \u0111\u00e3 n\u1ed7 l\u1ef1c th\u1ef1c hi\u1ec7n m\u1ed9t s\u1ed1 thay \u0111\u1ed5i t\u1ea1m th\u1eddi trong ch\u00ednh s\u00e1ch c\u1ee7a m\u00ecnh nh\u1eb1m gi\u1ea3m t\u00e1c \u0111\u1ed9ng \u0111\u1ebfn c\u1ed9ng \u0111\u1ed3ng c\u1ee7a ch\u00fang ta.\",\"breadcrumb\":{\"@id\":\"https:\\\/\\\/www.lpi.org\\\/vi\\\/phan-ung-cua-chung-toi-voi-covid-19-vi-rut-corona\\\/#breadcrumb\"},\"inLanguage\":\"vi-VN\",\"potentialAction\":[{\"@type\":\"ReadAction\",\"target\":[\"https:\\\/\\\/www.lpi.org\\\/vi\\\/phan-ung-cua-chung-toi-voi-covid-19-vi-rut-corona\\\/\"]}]},{\"@type\":\"BreadcrumbList\",\"@id\":\"https:\\\/\\\/www.lpi.org\\\/vi\\\/phan-ung-cua-chung-toi-voi-covid-19-vi-rut-corona\\\/#breadcrumb\",\"itemListElement\":[{\"@type\":\"ListItem\",\"position\":1,\"name\":\"Home\",\"item\":\"https:\\\/\\\/www.lpi.org\\\/vi\\\/\"},{\"@type\":\"ListItem\",\"position\":2,\"name\":\"Ph\u1ea3n \u1ee9ng c\u1ee7a ch\u00fang t\u00f4i v\u1edbi COVID-19 (Vi r\u00fat Corona)\"}]},{\"@type\":\"WebSite\",\"@id\":\"https:\\\/\\\/www.lpi.org\\\/vi\\\/#website\",\"url\":\"https:\\\/\\\/www.lpi.org\\\/vi\\\/\",\"name\":\"Linux Professional Institute (LPI)\",\"description\":\"\",\"publisher\":{\"@id\":\"https:\\\/\\\/www.lpi.org\\\/vi\\\/#organization\"},\"potentialAction\":[{\"@type\":\"SearchAction\",\"target\":{\"@type\":\"EntryPoint\",\"urlTemplate\":\"https:\\\/\\\/www.lpi.org\\\/vi\\\/?s={search_term_string}\"},\"query-input\":{\"@type\":\"PropertyValueSpecification\",\"valueRequired\":true,\"valueName\":\"search_term_string\"}}],\"inLanguage\":\"vi-VN\"},{\"@type\":\"Organization\",\"@id\":\"https:\\\/\\\/www.lpi.org\\\/vi\\\/#organization\",\"name\":\"Linux Professional Institute (LPI)\",\"url\":\"https:\\\/\\\/www.lpi.org\\\/vi\\\/\",\"logo\":{\"@type\":\"ImageObject\",\"inLanguage\":\"vi-VN\",\"@id\":\"https:\\\/\\\/www.lpi.org\\\/vi\\\/#\\\/schema\\\/logo\\\/image\\\/\",\"url\":\"https:\\\/\\\/www.lpi.org\\\/wp-content\\\/uploads\\\/2023\\\/04\\\/logo.png\",\"contentUrl\":\"https:\\\/\\\/www.lpi.org\\\/wp-content\\\/uploads\\\/2023\\\/04\\\/logo.png\",\"width\":496,\"height\":175,\"caption\":\"Linux Professional Institute (LPI)\"},\"image\":{\"@id\":\"https:\\\/\\\/www.lpi.org\\\/vi\\\/#\\\/schema\\\/logo\\\/image\\\/\"},\"sameAs\":[\"https:\\\/\\\/www.facebook.com\\\/LPIConnect\",\"https:\\\/\\\/x.com\\\/lpiconnect\",\"https:\\\/\\\/www.linkedin.com\\\/company\\\/35136\",\"https:\\\/\\\/www.instagram.com\\\/lpi_org\\\/\",\"https:\\\/\\\/fosstodon.org\\\/@LPI\"]}]}<\/script>\n<!-- \/ Yoast SEO Premium plugin. -->","yoast_head_json":{"title":"Ph\u1ea3n \u1ee9ng c\u1ee7a ch\u00fang t\u00f4i v\u1edbi COVID-19 (Vi r\u00fat Corona) - Linux Professional Institute (LPI)","description":"B\u1edfi v\u00ec s\u1ee9c kh\u1ecfe v\u00e0 an to\u00e0n c\u1ee7a b\u1ea1n l\u00e0 \u01b0u ti\u00ean h\u00e0ng \u0111\u1ea7u n\u00ean ch\u00fang t\u00f4i \u0111\u00e3 n\u1ed7 l\u1ef1c th\u1ef1c hi\u1ec7n m\u1ed9t s\u1ed1 thay \u0111\u1ed5i t\u1ea1m th\u1eddi trong ch\u00ednh s\u00e1ch c\u1ee7a m\u00ecnh nh\u1eb1m gi\u1ea3m t\u00e1c \u0111\u1ed9ng \u0111\u1ebfn c\u1ed9ng \u0111\u1ed3ng c\u1ee7a ch\u00fang ta.","robots":{"index":"index","follow":"follow","max-snippet":"max-snippet:-1","max-image-preview":"max-image-preview:large","max-video-preview":"max-video-preview:-1"},"canonical":"https:\/\/www.lpi.org\/vi\/phan-ung-cua-chung-toi-voi-covid-19-vi-rut-corona\/","og_locale":"vi_VN","og_type":"article","og_title":"Ph\u1ea3n \u1ee9ng c\u1ee7a ch\u00fang t\u00f4i v\u1edbi COVID-19 (Vi r\u00fat Corona)","og_description":"B\u1edfi v\u00ec s\u1ee9c kh\u1ecfe v\u00e0 an to\u00e0n c\u1ee7a b\u1ea1n l\u00e0 \u01b0u ti\u00ean h\u00e0ng \u0111\u1ea7u n\u00ean ch\u00fang t\u00f4i \u0111\u00e3 n\u1ed7 l\u1ef1c th\u1ef1c hi\u1ec7n m\u1ed9t s\u1ed1 thay \u0111\u1ed5i t\u1ea1m th\u1eddi trong ch\u00ednh s\u00e1ch c\u1ee7a m\u00ecnh nh\u1eb1m gi\u1ea3m t\u00e1c \u0111\u1ed9ng \u0111\u1ebfn c\u1ed9ng \u0111\u1ed3ng c\u1ee7a ch\u00fang ta.","og_url":"https:\/\/www.lpi.org\/vi\/phan-ung-cua-chung-toi-voi-covid-19-vi-rut-corona\/","og_site_name":"Linux Professional Institute (LPI)","article_publisher":"https:\/\/www.facebook.com\/LPIConnect","article_modified_time":"2023-10-31T14:00:56+00:00","twitter_card":"summary_large_image","twitter_site":"@lpiconnect","twitter_misc":{"Est. reading time":"3 minutes"},"schema":{"@context":"https:\/\/schema.org","@graph":[{"@type":"WebPage","@id":"https:\/\/www.lpi.org\/vi\/phan-ung-cua-chung-toi-voi-covid-19-vi-rut-corona\/","url":"https:\/\/www.lpi.org\/vi\/phan-ung-cua-chung-toi-voi-covid-19-vi-rut-corona\/","name":"Ph\u1ea3n \u1ee9ng c\u1ee7a ch\u00fang t\u00f4i v\u1edbi COVID-19 (Vi r\u00fat Corona) - Linux Professional Institute (LPI)","isPartOf":{"@id":"https:\/\/www.lpi.org\/vi\/#website"},"datePublished":"2023-04-10T11:46:54+00:00","dateModified":"2023-10-31T14:00:56+00:00","description":"B\u1edfi v\u00ec s\u1ee9c kh\u1ecfe v\u00e0 an to\u00e0n c\u1ee7a b\u1ea1n l\u00e0 \u01b0u ti\u00ean h\u00e0ng \u0111\u1ea7u n\u00ean ch\u00fang t\u00f4i \u0111\u00e3 n\u1ed7 l\u1ef1c th\u1ef1c hi\u1ec7n m\u1ed9t s\u1ed1 thay \u0111\u1ed5i t\u1ea1m th\u1eddi trong ch\u00ednh s\u00e1ch c\u1ee7a m\u00ecnh nh\u1eb1m gi\u1ea3m t\u00e1c \u0111\u1ed9ng \u0111\u1ebfn c\u1ed9ng \u0111\u1ed3ng c\u1ee7a ch\u00fang ta.","breadcrumb":{"@id":"https:\/\/www.lpi.org\/vi\/phan-ung-cua-chung-toi-voi-covid-19-vi-rut-corona\/#breadcrumb"},"inLanguage":"vi-VN","potentialAction":[{"@type":"ReadAction","target":["https:\/\/www.lpi.org\/vi\/phan-ung-cua-chung-toi-voi-covid-19-vi-rut-corona\/"]}]},{"@type":"BreadcrumbList","@id":"https:\/\/www.lpi.org\/vi\/phan-ung-cua-chung-toi-voi-covid-19-vi-rut-corona\/#breadcrumb","itemListElement":[{"@type":"ListItem","position":1,"name":"Home","item":"https:\/\/www.lpi.org\/vi\/"},{"@type":"ListItem","position":2,"name":"Ph\u1ea3n \u1ee9ng c\u1ee7a ch\u00fang t\u00f4i v\u1edbi COVID-19 (Vi r\u00fat Corona)"}]},{"@type":"WebSite","@id":"https:\/\/www.lpi.org\/vi\/#website","url":"https:\/\/www.lpi.org\/vi\/","name":"Linux Professional Institute (LPI)","description":"","publisher":{"@id":"https:\/\/www.lpi.org\/vi\/#organization"},"potentialAction":[{"@type":"SearchAction","target":{"@type":"EntryPoint","urlTemplate":"https:\/\/www.lpi.org\/vi\/?s={search_term_string}"},"query-input":{"@type":"PropertyValueSpecification","valueRequired":true,"valueName":"search_term_string"}}],"inLanguage":"vi-VN"},{"@type":"Organization","@id":"https:\/\/www.lpi.org\/vi\/#organization","name":"Linux Professional Institute (LPI)","url":"https:\/\/www.lpi.org\/vi\/","logo":{"@type":"ImageObject","inLanguage":"vi-VN","@id":"https:\/\/www.lpi.org\/vi\/#\/schema\/logo\/image\/","url":"https:\/\/www.lpi.org\/wp-content\/uploads\/2023\/04\/logo.png","contentUrl":"https:\/\/www.lpi.org\/wp-content\/uploads\/2023\/04\/logo.png","width":496,"height":175,"caption":"Linux Professional Institute (LPI)"},"image":{"@id":"https:\/\/www.lpi.org\/vi\/#\/schema\/logo\/image\/"},"sameAs":["https:\/\/www.facebook.com\/LPIConnect","https:\/\/x.com\/lpiconnect","https:\/\/www.linkedin.com\/company\/35136","https:\/\/www.instagram.com\/lpi_org\/","https:\/\/fosstodon.org\/@LPI"]}]}},"_links":{"self":[{"href":"https:\/\/www.lpi.org\/vi\/wp-json\/wp\/v2\/pages\/18107","targetHints":{"allow":["GET"]}}],"collection":[{"href":"https:\/\/www.lpi.org\/vi\/wp-json\/wp\/v2\/pages"}],"about":[{"href":"https:\/\/www.lpi.org\/vi\/wp-json\/wp\/v2\/types\/page"}],"author":[{"embeddable":true,"href":"https:\/\/www.lpi.org\/vi\/wp-json\/wp\/v2\/users\/1"}],"replies":[{"embeddable":true,"href":"https:\/\/www.lpi.org\/vi\/wp-json\/wp\/v2\/comments?post=18107"}],"version-history":[{"count":6,"href":"https:\/\/www.lpi.org\/vi\/wp-json\/wp\/v2\/pages\/18107\/revisions"}],"predecessor-version":[{"id":19473,"href":"https:\/\/www.lpi.org\/vi\/wp-json\/wp\/v2\/pages\/18107\/revisions\/19473"}],"wp:attachment":[{"href":"https:\/\/www.lpi.org\/vi\/wp-json\/wp\/v2\/media?parent=18107"}],"curies":[{"name":"wp","href":"https:\/\/api.w.org\/{rel}","templated":true}]}}